{"id":14912,"date":"2026-04-26T08:47:15","date_gmt":"2026-04-26T08:47:15","guid":{"rendered":"https:\/\/gastora.eu\/?post_type=product&#038;p=14912"},"modified":"2026-04-28T16:57:26","modified_gmt":"2026-04-28T16:57:26","slug":"kit-de-distribution-de-dtergent-pour-lave-vaisselle","status":"publish","type":"product","link":"https:\/\/gastora.eu\/en\/product\/kit-de-distribution-de-dtergent-pour-lave-vaisselle\/","title":{"rendered":"Kit de distribution de d\u00e9tergent &#8211; pour lave-vaisselle"},"content":{"rendered":"<p>Ce kit de distribution de d\u00e9tergent offre aux cuisines commerciales une solution simple pour alimenter leurs lave-vaisselle en d\u00e9tergent liquide. Gr\u00e2ce \u00e0 son installation facile, votre lave-vaisselle sera pr\u00eat en un rien de temps.<\/p>\n<p>Ce kit s&#8217;adapte \u00e0 plusieurs lave-vaisselle Maxima et permet au personnel de cuisine d&#8217;acc\u00e9der facilement au d\u00e9tergent et de l&#8217;ajouter d&#8217;une simple pression sur un bouton. Notre conception innovante permettra \u00e0 votre cuisine de fonctionner sans heurts et d&#8217;optimiser vos op\u00e9rations de nettoyage.<\/p>\n<p>Gr\u00e2ce \u00e0 ce kit de distribution de d\u00e9tergent, vous pourrez gagner du temps, r\u00e9duire vos co\u00fbts et vous assurer que toute votre vaisselle est parfaitement nettoy\u00e9e \u00e0 chaque cycle.<\/p>","protected":false},"excerpt":{"rendered":"<p>Kit de distribution de d\u00e9tergent &#8211; pour lave-vaisselle<\/p>","protected":false},"featured_media":8559,"template":"","meta":{"_acf_changed":false},"product_brand":[],"product_cat":[477],"product_tag":[],"class_list":{"0":"post-14912","1":"product","2":"type-product","3":"status-publish","4":"has-post-thumbnail","6":"product_cat-lave-vaisselle-professionnels-2","8":"first","9":"instock","10":"sale","11":"taxable","12":"shipping-taxable","13":"purchasable","14":"product-type-simple"},"acf":[],"yoast_head":"<!-- This site is optimized with the Yoast SEO plugin v27.4 - https:\/\/yoast.com\/product\/yoast-seo-wordpress\/ -->\n<title>Kit de distribution de d\u00e9tergent - pour lave-vaisselle - Gastora<\/title>\n<meta name=\"description\" content=\"Achetez Kit de distribution de d\u00e9tergent - pour lave-vaisselle au meilleur prix, fiable et performant avec une livraison rapide\" \/>\n<meta name=\"robots\" content=\"index, follow, max-snippet:-1, max-image-preview:large, max-video-preview:-1\" \/>\n<link rel=\"canonical\" href=\"https:\/\/gastora.eu\/en\/product\/kit-de-distribution-de-dtergent-pour-lave-vaisselle\/\" \/>\n<meta property=\"og:locale\" content=\"en_US\" \/>\n<meta property=\"og:type\" content=\"article\" \/>\n<meta property=\"og:title\" content=\"Kit de distribution de d\u00e9tergent - pour lave-vaisselle - Gastora\" \/>\n<meta property=\"og:description\" content=\"Achetez Kit de distribution de d\u00e9tergent - pour lave-vaisselle au meilleur prix, fiable et performant avec une livraison rapide\" \/>\n<meta property=\"og:url\" content=\"https:\/\/gastora.eu\/en\/product\/kit-de-distribution-de-dtergent-pour-lave-vaisselle\/\" \/>\n<meta property=\"og:site_name\" content=\"Gastora\" \/>\n<meta property=\"article:modified_time\" content=\"2026-04-28T16:57:26+00:00\" \/>\n<meta name=\"twitter:card\" content=\"summary_large_image\" \/>\n<meta name=\"twitter:label1\" content=\"Est. reading time\" \/>\n\t<meta name=\"twitter:data1\" content=\"1 minute\" \/>\n<script type=\"application\/ld+json\" class=\"yoast-schema-graph\">{\"@context\":\"https:\\\/\\\/schema.org\",\"@graph\":[{\"@type\":\"WebPage\",\"@id\":\"https:\\\/\\\/gastora.eu\\\/product\\\/kit-de-distribution-de-dtergent-pour-lave-vaisselle\\\/\",\"url\":\"https:\\\/\\\/gastora.eu\\\/product\\\/kit-de-distribution-de-dtergent-pour-lave-vaisselle\\\/\",\"name\":\"Kit de distribution de d\u00e9tergent - pour lave-vaisselle - Gastora\",\"isPartOf\":{\"@id\":\"https:\\\/\\\/gastora.eu\\\/#website\"},\"primaryImageOfPage\":{\"@id\":\"https:\\\/\\\/gastora.eu\\\/product\\\/kit-de-distribution-de-dtergent-pour-lave-vaisselle\\\/#primaryimage\"},\"image\":{\"@id\":\"https:\\\/\\\/gastora.eu\\\/product\\\/kit-de-distribution-de-dtergent-pour-lave-vaisselle\\\/#primaryimage\"},\"thumbnailUrl\":\"https:\\\/\\\/gastora.eu\\\/wp-content\\\/uploads\\\/2026\\\/04\\\/MAX_20231025141816_8720783954308_image0001.jpg\",\"datePublished\":\"2026-04-26T08:47:15+00:00\",\"dateModified\":\"2026-04-28T16:57:26+00:00\",\"description\":\"Achetez Kit de distribution de d\u00e9tergent - pour lave-vaisselle au meilleur prix, fiable et performant avec une livraison rapide\",\"breadcrumb\":{\"@id\":\"https:\\\/\\\/gastora.eu\\\/product\\\/kit-de-distribution-de-dtergent-pour-lave-vaisselle\\\/#breadcrumb\"},\"inLanguage\":\"en-US\",\"potentialAction\":[{\"@type\":\"ReadAction\",\"target\":[\"https:\\\/\\\/gastora.eu\\\/product\\\/kit-de-distribution-de-dtergent-pour-lave-vaisselle\\\/\"]}]},{\"@type\":\"ImageObject\",\"inLanguage\":\"en-US\",\"@id\":\"https:\\\/\\\/gastora.eu\\\/product\\\/kit-de-distribution-de-dtergent-pour-lave-vaisselle\\\/#primaryimage\",\"url\":\"https:\\\/\\\/gastora.eu\\\/wp-content\\\/uploads\\\/2026\\\/04\\\/MAX_20231025141816_8720783954308_image0001.jpg\",\"contentUrl\":\"https:\\\/\\\/gastora.eu\\\/wp-content\\\/uploads\\\/2026\\\/04\\\/MAX_20231025141816_8720783954308_image0001.jpg\",\"width\":1200,\"height\":804},{\"@type\":\"BreadcrumbList\",\"@id\":\"https:\\\/\\\/gastora.eu\\\/product\\\/kit-de-distribution-de-dtergent-pour-lave-vaisselle\\\/#breadcrumb\",\"itemListElement\":[{\"@type\":\"ListItem\",\"position\":1,\"name\":\"Home\",\"item\":\"https:\\\/\\\/gastora.eu\\\/\"},{\"@type\":\"ListItem\",\"position\":2,\"name\":\"Shop\",\"item\":\"https:\\\/\\\/gastora.eu\\\/shop\\\/\"},{\"@type\":\"ListItem\",\"position\":3,\"name\":\"Kit de distribution de d\u00e9tergent &#8211; pour lave-vaisselle\"}]},{\"@type\":\"WebSite\",\"@id\":\"https:\\\/\\\/gastora.eu\\\/#website\",\"url\":\"https:\\\/\\\/gastora.eu\\\/\",\"name\":\"Gastora\",\"description\":\"\u00c9quipements professionnels CHR\",\"publisher\":{\"@id\":\"https:\\\/\\\/gastora.eu\\\/#organization\"},\"potentialAction\":[{\"@type\":\"SearchAction\",\"target\":{\"@type\":\"EntryPoint\",\"urlTemplate\":\"https:\\\/\\\/gastora.eu\\\/?s={search_term_string}\"},\"query-input\":{\"@type\":\"PropertyValueSpecification\",\"valueRequired\":true,\"valueName\":\"search_term_string\"}}],\"inLanguage\":\"en-US\"},{\"@type\":\"Organization\",\"@id\":\"https:\\\/\\\/gastora.eu\\\/#organization\",\"name\":\"Gastora\",\"url\":\"https:\\\/\\\/gastora.eu\\\/\",\"logo\":{\"@type\":\"ImageObject\",\"inLanguage\":\"en-US\",\"@id\":\"https:\\\/\\\/gastora.eu\\\/#\\\/schema\\\/logo\\\/image\\\/\",\"url\":\"https:\\\/\\\/gastora.eu\\\/wp-content\\\/uploads\\\/2025\\\/12\\\/ChatGPT-Image-2-janv.-2026-22_52_47-1.png\",\"contentUrl\":\"https:\\\/\\\/gastora.eu\\\/wp-content\\\/uploads\\\/2025\\\/12\\\/ChatGPT-Image-2-janv.-2026-22_52_47-1.png\",\"width\":1536,\"height\":320,\"caption\":\"Gastora\"},\"image\":{\"@id\":\"https:\\\/\\\/gastora.eu\\\/#\\\/schema\\\/logo\\\/image\\\/\"}}]}<\/script>\n<!-- \/ Yoast SEO plugin. -->","yoast_head_json":{"title":"Kit de distribution de d\u00e9tergent - pour lave-vaisselle - Gastora","description":"Achetez Kit de distribution de d\u00e9tergent - pour lave-vaisselle au meilleur prix, fiable et performant avec une livraison rapide","robots":{"index":"index","follow":"follow","max-snippet":"max-snippet:-1","max-image-preview":"max-image-preview:large","max-video-preview":"max-video-preview:-1"},"canonical":"https:\/\/gastora.eu\/en\/product\/kit-de-distribution-de-dtergent-pour-lave-vaisselle\/","og_locale":"en_US","og_type":"article","og_title":"Kit de distribution de d\u00e9tergent - pour lave-vaisselle - Gastora","og_description":"Achetez Kit de distribution de d\u00e9tergent - pour lave-vaisselle au meilleur prix, fiable et performant avec une livraison rapide","og_url":"https:\/\/gastora.eu\/en\/product\/kit-de-distribution-de-dtergent-pour-lave-vaisselle\/","og_site_name":"Gastora","article_modified_time":"2026-04-28T16:57:26+00:00","twitter_card":"summary_large_image","twitter_misc":{"Est. reading time":"1 minute"},"schema":{"@context":"https:\/\/schema.org","@graph":[{"@type":"WebPage","@id":"https:\/\/gastora.eu\/product\/kit-de-distribution-de-dtergent-pour-lave-vaisselle\/","url":"https:\/\/gastora.eu\/product\/kit-de-distribution-de-dtergent-pour-lave-vaisselle\/","name":"Kit de distribution de d\u00e9tergent - pour lave-vaisselle - Gastora","isPartOf":{"@id":"https:\/\/gastora.eu\/#website"},"primaryImageOfPage":{"@id":"https:\/\/gastora.eu\/product\/kit-de-distribution-de-dtergent-pour-lave-vaisselle\/#primaryimage"},"image":{"@id":"https:\/\/gastora.eu\/product\/kit-de-distribution-de-dtergent-pour-lave-vaisselle\/#primaryimage"},"thumbnailUrl":"https:\/\/gastora.eu\/wp-content\/uploads\/2026\/04\/MAX_20231025141816_8720783954308_image0001.jpg","datePublished":"2026-04-26T08:47:15+00:00","dateModified":"2026-04-28T16:57:26+00:00","description":"Achetez Kit de distribution de d\u00e9tergent - pour lave-vaisselle au meilleur prix, fiable et performant avec une livraison rapide","breadcrumb":{"@id":"https:\/\/gastora.eu\/product\/kit-de-distribution-de-dtergent-pour-lave-vaisselle\/#breadcrumb"},"inLanguage":"en-US","potentialAction":[{"@type":"ReadAction","target":["https:\/\/gastora.eu\/product\/kit-de-distribution-de-dtergent-pour-lave-vaisselle\/"]}]},{"@type":"ImageObject","inLanguage":"en-US","@id":"https:\/\/gastora.eu\/product\/kit-de-distribution-de-dtergent-pour-lave-vaisselle\/#primaryimage","url":"https:\/\/gastora.eu\/wp-content\/uploads\/2026\/04\/MAX_20231025141816_8720783954308_image0001.jpg","contentUrl":"https:\/\/gastora.eu\/wp-content\/uploads\/2026\/04\/MAX_20231025141816_8720783954308_image0001.jpg","width":1200,"height":804},{"@type":"BreadcrumbList","@id":"https:\/\/gastora.eu\/product\/kit-de-distribution-de-dtergent-pour-lave-vaisselle\/#breadcrumb","itemListElement":[{"@type":"ListItem","position":1,"name":"Home","item":"https:\/\/gastora.eu\/"},{"@type":"ListItem","position":2,"name":"Shop","item":"https:\/\/gastora.eu\/shop\/"},{"@type":"ListItem","position":3,"name":"Kit de distribution de d\u00e9tergent &#8211; pour lave-vaisselle"}]},{"@type":"WebSite","@id":"https:\/\/gastora.eu\/#website","url":"https:\/\/gastora.eu\/","name":"Gastora","description":"\u00c9quipements professionnels CHR","publisher":{"@id":"https:\/\/gastora.eu\/#organization"},"potentialAction":[{"@type":"SearchAction","target":{"@type":"EntryPoint","urlTemplate":"https:\/\/gastora.eu\/?s={search_term_string}"},"query-input":{"@type":"PropertyValueSpecification","valueRequired":true,"valueName":"search_term_string"}}],"inLanguage":"en-US"},{"@type":"Organization","@id":"https:\/\/gastora.eu\/#organization","name":"Gastora","url":"https:\/\/gastora.eu\/","logo":{"@type":"ImageObject","inLanguage":"en-US","@id":"https:\/\/gastora.eu\/#\/schema\/logo\/image\/","url":"https:\/\/gastora.eu\/wp-content\/uploads\/2025\/12\/ChatGPT-Image-2-janv.-2026-22_52_47-1.png","contentUrl":"https:\/\/gastora.eu\/wp-content\/uploads\/2025\/12\/ChatGPT-Image-2-janv.-2026-22_52_47-1.png","width":1536,"height":320,"caption":"Gastora"},"image":{"@id":"https:\/\/gastora.eu\/#\/schema\/logo\/image\/"}}]}},"jetpack_sharing_enabled":true,"_links":{"self":[{"href":"https:\/\/gastora.eu\/en\/wp-json\/wp\/v2\/product\/14912","targetHints":{"allow":["GET"]}}],"collection":[{"href":"https:\/\/gastora.eu\/en\/wp-json\/wp\/v2\/product"}],"about":[{"href":"https:\/\/gastora.eu\/en\/wp-json\/wp\/v2\/types\/product"}],"wp:featuredmedia":[{"embeddable":true,"href":"https:\/\/gastora.eu\/en\/wp-json\/wp\/v2\/media\/8559"}],"wp:attachment":[{"href":"https:\/\/gastora.eu\/en\/wp-json\/wp\/v2\/media?parent=14912"}],"wp:term":[{"taxonomy":"product_brand","embeddable":true,"href":"https:\/\/gastora.eu\/en\/wp-json\/wp\/v2\/product_brand?post=14912"},{"taxonomy":"product_cat","embeddable":true,"href":"https:\/\/gastora.eu\/en\/wp-json\/wp\/v2\/product_cat?post=14912"},{"taxonomy":"product_tag","embeddable":true,"href":"https:\/\/gastora.eu\/en\/wp-json\/wp\/v2\/product_tag?post=14912"}],"curies":[{"name":"wp","href":"https:\/\/api.w.org\/{rel}","templated":true}]}}