{"id":14911,"date":"2026-04-26T08:47:14","date_gmt":"2026-04-26T08:47:14","guid":{"rendered":"https:\/\/gastora.eu\/?post_type=product&#038;p=14911"},"modified":"2026-04-28T16:57:25","modified_gmt":"2026-04-28T16:57:25","slug":"table-rouleaux-droits-en-acier-inoxydable-pour-convoyeur-paniers-lave-vaisselle","status":"publish","type":"product","link":"https:\/\/gastora.eu\/en\/product\/table-rouleaux-droits-en-acier-inoxydable-pour-convoyeur-paniers-lave-vaisselle\/","title":{"rendered":"Table \u00e0 rouleaux droits en acier inoxydable &#8211; pour convoyeur \u00e0 paniers lave-vaisselle"},"content":{"rendered":"<p>Cette table \u00e0 rouleaux droits en acier inoxydable est le choix id\u00e9al pour aider les cuisines commerciales \u00e0 fonctionner facilement et efficacement. Elle permet \u00e9galement un nettoyage rapide et sans effort.<\/p>\n<p>Cette table \u00e0 rouleaux est fabriqu\u00e9e en acier inoxydable, connu pour sa durabilit\u00e9 et sa facilit\u00e9 de nettoyage. Le moteur int\u00e9gr\u00e9 fait bouger les rouleaux, ce qui permet \u00e0 la vaisselle propre de sortir du lave-vaisselle sans aucune complication.<\/p>\n<p>Les dimensions de cette table \u00e0 rouleaux sont 110 x 63 x 87,5 cm et elle est con\u00e7ue pour s&#8217;adapter \u00e0 un lave-vaisselle \u00e0 convoyeur \u00e0 cr\u00e9maill\u00e8re.<\/p>","protected":false},"excerpt":{"rendered":"<p>Table \u00e0 rouleaux droits en acier inoxydable &#8211; pour convoyeur \u00e0 chariot lave-vaisselle<\/p>","protected":false},"featured_media":8557,"template":"","meta":{"_acf_changed":false},"product_brand":[],"product_cat":[477],"product_tag":[],"class_list":{"0":"post-14911","1":"product","2":"type-product","3":"status-publish","4":"has-post-thumbnail","6":"product_cat-lave-vaisselle-professionnels-2","8":"first","9":"instock","10":"sale","11":"taxable","12":"shipping-taxable","13":"purchasable","14":"product-type-simple"},"acf":[],"yoast_head":"<!-- This site is optimized with the Yoast SEO plugin v27.4 - https:\/\/yoast.com\/product\/yoast-seo-wordpress\/ -->\n<title>Table \u00e0 rouleaux droits en acier inoxydable - pour convoyeur \u00e0 paniers lave-vaisselle - Gastora<\/title>\n<meta name=\"description\" content=\"Achetez Table \u00e0 rouleaux droits en acier inoxydable - pour convoyeur \u00e0 paniers lave-vaisselle au meilleur prix, fiable et performant avec une livraison rapide\" \/>\n<meta name=\"robots\" content=\"index, follow, max-snippet:-1, max-image-preview:large, max-video-preview:-1\" \/>\n<link rel=\"canonical\" href=\"https:\/\/gastora.eu\/en\/product\/table-rouleaux-droits-en-acier-inoxydable-pour-convoyeur-paniers-lave-vaisselle\/\" \/>\n<meta property=\"og:locale\" content=\"en_US\" \/>\n<meta property=\"og:type\" content=\"article\" \/>\n<meta property=\"og:title\" content=\"Table \u00e0 rouleaux droits en acier inoxydable - pour convoyeur \u00e0 paniers lave-vaisselle - Gastora\" \/>\n<meta property=\"og:description\" content=\"Achetez Table \u00e0 rouleaux droits en acier inoxydable - pour convoyeur \u00e0 paniers lave-vaisselle au meilleur prix, fiable et performant avec une livraison rapide\" \/>\n<meta property=\"og:url\" content=\"https:\/\/gastora.eu\/en\/product\/table-rouleaux-droits-en-acier-inoxydable-pour-convoyeur-paniers-lave-vaisselle\/\" \/>\n<meta property=\"og:site_name\" content=\"Gastora\" \/>\n<meta property=\"article:modified_time\" content=\"2026-04-28T16:57:25+00:00\" \/>\n<meta name=\"twitter:card\" content=\"summary_large_image\" \/>\n<script type=\"application\/ld+json\" class=\"yoast-schema-graph\">{\"@context\":\"https:\\\/\\\/schema.org\",\"@graph\":[{\"@type\":\"WebPage\",\"@id\":\"https:\\\/\\\/gastora.eu\\\/product\\\/table-rouleaux-droits-en-acier-inoxydable-pour-convoyeur-paniers-lave-vaisselle\\\/\",\"url\":\"https:\\\/\\\/gastora.eu\\\/product\\\/table-rouleaux-droits-en-acier-inoxydable-pour-convoyeur-paniers-lave-vaisselle\\\/\",\"name\":\"Table \u00e0 rouleaux droits en acier inoxydable - pour convoyeur \u00e0 paniers lave-vaisselle - Gastora\",\"isPartOf\":{\"@id\":\"https:\\\/\\\/gastora.eu\\\/#website\"},\"primaryImageOfPage\":{\"@id\":\"https:\\\/\\\/gastora.eu\\\/product\\\/table-rouleaux-droits-en-acier-inoxydable-pour-convoyeur-paniers-lave-vaisselle\\\/#primaryimage\"},\"image\":{\"@id\":\"https:\\\/\\\/gastora.eu\\\/product\\\/table-rouleaux-droits-en-acier-inoxydable-pour-convoyeur-paniers-lave-vaisselle\\\/#primaryimage\"},\"thumbnailUrl\":\"https:\\\/\\\/gastora.eu\\\/wp-content\\\/uploads\\\/2026\\\/04\\\/sp-1002-09240121.jpg\",\"datePublished\":\"2026-04-26T08:47:14+00:00\",\"dateModified\":\"2026-04-28T16:57:25+00:00\",\"description\":\"Achetez Table \u00e0 rouleaux droits en acier inoxydable - pour convoyeur \u00e0 paniers lave-vaisselle au meilleur prix, fiable et performant avec une livraison rapide\",\"breadcrumb\":{\"@id\":\"https:\\\/\\\/gastora.eu\\\/product\\\/table-rouleaux-droits-en-acier-inoxydable-pour-convoyeur-paniers-lave-vaisselle\\\/#breadcrumb\"},\"inLanguage\":\"en-US\",\"potentialAction\":[{\"@type\":\"ReadAction\",\"target\":[\"https:\\\/\\\/gastora.eu\\\/product\\\/table-rouleaux-droits-en-acier-inoxydable-pour-convoyeur-paniers-lave-vaisselle\\\/\"]}]},{\"@type\":\"ImageObject\",\"inLanguage\":\"en-US\",\"@id\":\"https:\\\/\\\/gastora.eu\\\/product\\\/table-rouleaux-droits-en-acier-inoxydable-pour-convoyeur-paniers-lave-vaisselle\\\/#primaryimage\",\"url\":\"https:\\\/\\\/gastora.eu\\\/wp-content\\\/uploads\\\/2026\\\/04\\\/sp-1002-09240121.jpg\",\"contentUrl\":\"https:\\\/\\\/gastora.eu\\\/wp-content\\\/uploads\\\/2026\\\/04\\\/sp-1002-09240121.jpg\",\"width\":1200,\"height\":1200},{\"@type\":\"BreadcrumbList\",\"@id\":\"https:\\\/\\\/gastora.eu\\\/product\\\/table-rouleaux-droits-en-acier-inoxydable-pour-convoyeur-paniers-lave-vaisselle\\\/#breadcrumb\",\"itemListElement\":[{\"@type\":\"ListItem\",\"position\":1,\"name\":\"Home\",\"item\":\"https:\\\/\\\/gastora.eu\\\/\"},{\"@type\":\"ListItem\",\"position\":2,\"name\":\"Shop\",\"item\":\"https:\\\/\\\/gastora.eu\\\/shop\\\/\"},{\"@type\":\"ListItem\",\"position\":3,\"name\":\"Table \u00e0 rouleaux droits en acier inoxydable &#8211; pour convoyeur \u00e0 paniers lave-vaisselle\"}]},{\"@type\":\"WebSite\",\"@id\":\"https:\\\/\\\/gastora.eu\\\/#website\",\"url\":\"https:\\\/\\\/gastora.eu\\\/\",\"name\":\"Gastora\",\"description\":\"\u00c9quipements professionnels CHR\",\"publisher\":{\"@id\":\"https:\\\/\\\/gastora.eu\\\/#organization\"},\"potentialAction\":[{\"@type\":\"SearchAction\",\"target\":{\"@type\":\"EntryPoint\",\"urlTemplate\":\"https:\\\/\\\/gastora.eu\\\/?s={search_term_string}\"},\"query-input\":{\"@type\":\"PropertyValueSpecification\",\"valueRequired\":true,\"valueName\":\"search_term_string\"}}],\"inLanguage\":\"en-US\"},{\"@type\":\"Organization\",\"@id\":\"https:\\\/\\\/gastora.eu\\\/#organization\",\"name\":\"Gastora\",\"url\":\"https:\\\/\\\/gastora.eu\\\/\",\"logo\":{\"@type\":\"ImageObject\",\"inLanguage\":\"en-US\",\"@id\":\"https:\\\/\\\/gastora.eu\\\/#\\\/schema\\\/logo\\\/image\\\/\",\"url\":\"https:\\\/\\\/gastora.eu\\\/wp-content\\\/uploads\\\/2025\\\/12\\\/ChatGPT-Image-2-janv.-2026-22_52_47-1.png\",\"contentUrl\":\"https:\\\/\\\/gastora.eu\\\/wp-content\\\/uploads\\\/2025\\\/12\\\/ChatGPT-Image-2-janv.-2026-22_52_47-1.png\",\"width\":1536,\"height\":320,\"caption\":\"Gastora\"},\"image\":{\"@id\":\"https:\\\/\\\/gastora.eu\\\/#\\\/schema\\\/logo\\\/image\\\/\"}}]}<\/script>\n<!-- \/ Yoast SEO plugin. -->","yoast_head_json":{"title":"Table \u00e0 rouleaux droits en acier inoxydable - pour convoyeur \u00e0 paniers lave-vaisselle - Gastora","description":"Achetez Table \u00e0 rouleaux droits en acier inoxydable - pour convoyeur \u00e0 paniers lave-vaisselle au meilleur prix, fiable et performant avec une livraison rapide","robots":{"index":"index","follow":"follow","max-snippet":"max-snippet:-1","max-image-preview":"max-image-preview:large","max-video-preview":"max-video-preview:-1"},"canonical":"https:\/\/gastora.eu\/en\/product\/table-rouleaux-droits-en-acier-inoxydable-pour-convoyeur-paniers-lave-vaisselle\/","og_locale":"en_US","og_type":"article","og_title":"Table \u00e0 rouleaux droits en acier inoxydable - pour convoyeur \u00e0 paniers lave-vaisselle - Gastora","og_description":"Achetez Table \u00e0 rouleaux droits en acier inoxydable - pour convoyeur \u00e0 paniers lave-vaisselle au meilleur prix, fiable et performant avec une livraison rapide","og_url":"https:\/\/gastora.eu\/en\/product\/table-rouleaux-droits-en-acier-inoxydable-pour-convoyeur-paniers-lave-vaisselle\/","og_site_name":"Gastora","article_modified_time":"2026-04-28T16:57:25+00:00","twitter_card":"summary_large_image","schema":{"@context":"https:\/\/schema.org","@graph":[{"@type":"WebPage","@id":"https:\/\/gastora.eu\/product\/table-rouleaux-droits-en-acier-inoxydable-pour-convoyeur-paniers-lave-vaisselle\/","url":"https:\/\/gastora.eu\/product\/table-rouleaux-droits-en-acier-inoxydable-pour-convoyeur-paniers-lave-vaisselle\/","name":"Table \u00e0 rouleaux droits en acier inoxydable - pour convoyeur \u00e0 paniers lave-vaisselle - Gastora","isPartOf":{"@id":"https:\/\/gastora.eu\/#website"},"primaryImageOfPage":{"@id":"https:\/\/gastora.eu\/product\/table-rouleaux-droits-en-acier-inoxydable-pour-convoyeur-paniers-lave-vaisselle\/#primaryimage"},"image":{"@id":"https:\/\/gastora.eu\/product\/table-rouleaux-droits-en-acier-inoxydable-pour-convoyeur-paniers-lave-vaisselle\/#primaryimage"},"thumbnailUrl":"https:\/\/gastora.eu\/wp-content\/uploads\/2026\/04\/sp-1002-09240121.jpg","datePublished":"2026-04-26T08:47:14+00:00","dateModified":"2026-04-28T16:57:25+00:00","description":"Achetez Table \u00e0 rouleaux droits en acier inoxydable - pour convoyeur \u00e0 paniers lave-vaisselle au meilleur prix, fiable et performant avec une livraison rapide","breadcrumb":{"@id":"https:\/\/gastora.eu\/product\/table-rouleaux-droits-en-acier-inoxydable-pour-convoyeur-paniers-lave-vaisselle\/#breadcrumb"},"inLanguage":"en-US","potentialAction":[{"@type":"ReadAction","target":["https:\/\/gastora.eu\/product\/table-rouleaux-droits-en-acier-inoxydable-pour-convoyeur-paniers-lave-vaisselle\/"]}]},{"@type":"ImageObject","inLanguage":"en-US","@id":"https:\/\/gastora.eu\/product\/table-rouleaux-droits-en-acier-inoxydable-pour-convoyeur-paniers-lave-vaisselle\/#primaryimage","url":"https:\/\/gastora.eu\/wp-content\/uploads\/2026\/04\/sp-1002-09240121.jpg","contentUrl":"https:\/\/gastora.eu\/wp-content\/uploads\/2026\/04\/sp-1002-09240121.jpg","width":1200,"height":1200},{"@type":"BreadcrumbList","@id":"https:\/\/gastora.eu\/product\/table-rouleaux-droits-en-acier-inoxydable-pour-convoyeur-paniers-lave-vaisselle\/#breadcrumb","itemListElement":[{"@type":"ListItem","position":1,"name":"Home","item":"https:\/\/gastora.eu\/"},{"@type":"ListItem","position":2,"name":"Shop","item":"https:\/\/gastora.eu\/shop\/"},{"@type":"ListItem","position":3,"name":"Table \u00e0 rouleaux droits en acier inoxydable &#8211; pour convoyeur \u00e0 paniers lave-vaisselle"}]},{"@type":"WebSite","@id":"https:\/\/gastora.eu\/#website","url":"https:\/\/gastora.eu\/","name":"Gastora","description":"\u00c9quipements professionnels CHR","publisher":{"@id":"https:\/\/gastora.eu\/#organization"},"potentialAction":[{"@type":"SearchAction","target":{"@type":"EntryPoint","urlTemplate":"https:\/\/gastora.eu\/?s={search_term_string}"},"query-input":{"@type":"PropertyValueSpecification","valueRequired":true,"valueName":"search_term_string"}}],"inLanguage":"en-US"},{"@type":"Organization","@id":"https:\/\/gastora.eu\/#organization","name":"Gastora","url":"https:\/\/gastora.eu\/","logo":{"@type":"ImageObject","inLanguage":"en-US","@id":"https:\/\/gastora.eu\/#\/schema\/logo\/image\/","url":"https:\/\/gastora.eu\/wp-content\/uploads\/2025\/12\/ChatGPT-Image-2-janv.-2026-22_52_47-1.png","contentUrl":"https:\/\/gastora.eu\/wp-content\/uploads\/2025\/12\/ChatGPT-Image-2-janv.-2026-22_52_47-1.png","width":1536,"height":320,"caption":"Gastora"},"image":{"@id":"https:\/\/gastora.eu\/#\/schema\/logo\/image\/"}}]}},"jetpack_sharing_enabled":true,"_links":{"self":[{"href":"https:\/\/gastora.eu\/en\/wp-json\/wp\/v2\/product\/14911","targetHints":{"allow":["GET"]}}],"collection":[{"href":"https:\/\/gastora.eu\/en\/wp-json\/wp\/v2\/product"}],"about":[{"href":"https:\/\/gastora.eu\/en\/wp-json\/wp\/v2\/types\/product"}],"wp:featuredmedia":[{"embeddable":true,"href":"https:\/\/gastora.eu\/en\/wp-json\/wp\/v2\/media\/8557"}],"wp:attachment":[{"href":"https:\/\/gastora.eu\/en\/wp-json\/wp\/v2\/media?parent=14911"}],"wp:term":[{"taxonomy":"product_brand","embeddable":true,"href":"https:\/\/gastora.eu\/en\/wp-json\/wp\/v2\/product_brand?post=14911"},{"taxonomy":"product_cat","embeddable":true,"href":"https:\/\/gastora.eu\/en\/wp-json\/wp\/v2\/product_cat?post=14911"},{"taxonomy":"product_tag","embeddable":true,"href":"https:\/\/gastora.eu\/en\/wp-json\/wp\/v2\/product_tag?post=14911"}],"curies":[{"name":"wp","href":"https:\/\/api.w.org\/{rel}","templated":true}]}}