{"id":14910,"date":"2026-04-26T08:47:13","date_gmt":"2026-04-26T08:47:13","guid":{"rendered":"https:\/\/gastora.eu\/?post_type=product&#038;p=14910"},"modified":"2026-04-28T16:57:25","modified_gmt":"2026-04-28T16:57:25","slug":"lave-vaisselle-capot-50x60cm-avec-pompes-de-rinage-et-de-savon-400v","status":"publish","type":"product","link":"https:\/\/gastora.eu\/en\/product\/lave-vaisselle-capot-50x60cm-avec-pompes-de-rinage-et-de-savon-400v\/","title":{"rendered":"Lave-vaisselle \u00e0 capot &#8211; 50x60cm &#8211; avec pompes de rin\u00e7age et de savon &#8211; 400V"},"content":{"rendered":"<p>Dans les grands \u00e9tablissements de restauration qui travaillent avec de grandes quantit\u00e9s de vaisselle sale, ce lave-vaisselle \u00e0 passage direct est un atout majeur. Le passage des paniers est rapide et la manipulation de la vaisselle est donc tr\u00e8s efficace. Cette machine professionnelle dispose de trois programmes de lavage : 60, 120 et 150 secondes chacun. La temp\u00e9rature de lavage est de 60\u00b0C et le cycle de rin\u00e7age de 80\u00b0C, ce qui permet un s\u00e9chage plus rapide. Il s&#8217;agit \u00e9galement d&#8217;un appareil tr\u00e8s silencieux, qui fonctionne \u00e0 moins de 65 dB. Ce lave-vaisselle ne consomme que 2,4 litres d&#8217;eau par cycle. Le panneau de commande est prot\u00e9g\u00e9 par la norme IPX4, de sorte que l&#8217;eau ne peut pas s&#8217;infiltrer derri\u00e8re les boutons faciles \u00e0 utiliser. Il comprend quatre boutons : un bouton marche\/arr\u00eat, un bouton pour d\u00e9marrer\/arr\u00eater le cycle de lavage, un bouton pour r\u00e9gler le programme de lavage et un bouton pour d\u00e9marrer la pompe de vidange. Ce lave-vaisselle est \u00e9galement \u00e9quip\u00e9 d&#8217;indicateurs de temp\u00e9rature et de rin\u00e7age.<\/p>\n<h3>Id\u00e9al pour les cha\u00eenes de lavage de vaisselle<\/h3>\n<p>L&#8217;un des avantages de ce lave-vaisselle professionnel est qu&#8217;il peut \u00eatre raccord\u00e9 \u00e0 une table de lavage en acier inoxydable pour le pr\u00e9rin\u00e7age, ce qui permet d&#8217;obtenir un flux de travail fluide, du pr\u00e9rin\u00e7age au s\u00e9chage. L&#8217;appareil et nos tables pour lave-vaisselle sont tous deux \u00e9quip\u00e9s de pieds r\u00e9glables afin de cr\u00e9er la hauteur de travail id\u00e9ale. Avec cette configuration, la vaisselle sale est nettoy\u00e9e rapidement et facilement. Pour commencer, placez toute la vaisselle dans le panier du lave-vaisselle et rincez-la avec une douche de pr\u00e9rin\u00e7age. Poussez ensuite le panier dans le lave-vaisselle. Lorsque le programme de lavage est termin\u00e9, faites glisser le panier sur une table d&#8217;\u00e9gouttage et laissez la vaisselle s\u00e9cher. Cette machine peut \u00e9galement \u00eatre install\u00e9e dans un coin. Les accessoires suivants sont inclus : un panier \u00e0 verres de 50 x 60 cm, un panier \u00e0 assiettes de 50 x 60 cm, un panier \u00e0 couverts, des guides pour la table de lavage et un tuyau d&#8217;alimentation et de vidange pour raccorder l&#8217;appareil au r\u00e9seau d&#8217;eau.<\/p>\n<h3>Un lave-vaisselle facile \u00e0 nettoyer<\/h3>\n<p>Le lave-vaisselle \u00e0 passage direct a \u00e9t\u00e9 enti\u00e8rement fabriqu\u00e9 en acier inoxydable, ce qui le rend tr\u00e8s rapide et facile \u00e0 nettoyer. Les surfaces lisses peuvent \u00eatre nettoy\u00e9es \u00e0 l&#8217;aide d&#8217;un chiffon humide. Les bras de lavage \u00e0 l&#8217;int\u00e9rieur sont fabriqu\u00e9s en ABS sp\u00e9cial et peuvent \u00eatre nettoy\u00e9s avec un chiffon et de l&#8217;eau. Le lave-vaisselle est \u00e9quip\u00e9 d&#8217;un dispositif de rin\u00e7age et de pompes \u00e0 savon. Il est important de noter que les pompes de rin\u00e7age et de savon ne peuvent recevoir que du d\u00e9tergent liquide. Il n&#8217;y a pas de pompe de vidange, car l&#8217;eau s&#8217;\u00e9coule naturellement.<\/p>\n<p><strong>Caract\u00e9ristiques<\/strong><\/p>\n<ul>\n<li>Machine silencieuse \u00e0 moins de<strong> <\/strong><span style=\"color: #000000;\">65dB<\/span><\/li>\n<li>Temp\u00e9rature de rin\u00e7age de 80\u00b0C pour un s\u00e9chage rapide<\/li>\n<li>Programmes de lavage complets en 60, 120 et 150 secondes<\/li>\n<li>Consommation d&#8217;eau par cycle de seulement 2,4 litres<\/li>\n<li>Comprend un produit de rin\u00e7age et des pompes \u00e0 savon<\/li>\n<\/ul>\n<p><strong>Caract\u00e9ristiques du produit<\/strong><\/p>\n<ul>\n<li>Poids net : 100 kg<\/li>\n<li>Capacit\u00e9 du r\u00e9servoir : 30L<\/li>\n<li>Capacit\u00e9 de la chaudi\u00e8re : 6L<\/li>\n<li>Dimensions ferm\u00e9es : L80 x P84 x H154cm<\/li>\n<li>Dimensions ouvertes : L80 x P84 x H200cm<\/li>\n<li>Hauteur de la porte : 46,5cm (hauteur max. verre\/assiette 45cm)<\/li>\n<li>Hauteur max. des tables du lave-vaisselle : 83-86cm<\/li>\n<li>El\u00e9ment du r\u00e9servoir : 3,0kW<\/li>\n<li>\u00c9l\u00e9ment chaudi\u00e8re : 8,0kW<\/li>\n<li>Pompe de lavage : 0,6kW<\/li>\n<li>400V \/ 50Hz \/ 3 Phase 9500W<\/li>\n<\/ul>\n<p><em>Inclus<\/em><\/p>\n<ul>\n<li>Tuyau d&#8217;alimentation<\/li>\n<li>Tuyau de vidange<\/li>\n<li>Un panier \u00e0 couverts<\/li>\n<li>Un panier \u00e0 assiettes (50 x 60cm)<\/li>\n<li>Un panier \u00e0 verre (50 x 60 cm)<\/li>\n<li>Guides pour la table de lavage<\/li>\n<\/ul>","protected":false},"excerpt":{"rendered":"<p>Ce puissant lave-vaisselle \u00e0 passage continu convient parfaitement \u00e0 l&#8217;utilisation quotidienne intensive dans les grands \u00e9tablissements de restauration. Avec une grande capacit\u00e9 de lavage, une pompe de rin\u00e7age et une pompe \u00e0 savon, vous pouvez nettoyer votre vaisselle sale en moins d&#8217;une minute. Il est livr\u00e9 avec des paniers de 50 x 60 cm pour la verrerie, les assiettes et les couverts.<\/p>","protected":false},"featured_media":8555,"template":"","meta":{"_acf_changed":false},"product_brand":[],"product_cat":[477],"product_tag":[],"class_list":{"0":"post-14910","1":"product","2":"type-product","3":"status-publish","4":"has-post-thumbnail","6":"product_cat-lave-vaisselle-professionnels-2","8":"first","9":"instock","10":"sale","11":"taxable","12":"shipping-taxable","13":"purchasable","14":"product-type-simple"},"acf":[],"yoast_head":"<!-- This site is optimized with the Yoast SEO plugin v27.5 - https:\/\/yoast.com\/product\/yoast-seo-wordpress\/ -->\n<title>Lave-vaisselle \u00e0 capot - 50x60cm - avec pompes de rin\u00e7age et de savon - 400V - Gastora<\/title>\n<meta name=\"description\" content=\"Achetez Lave-vaisselle \u00e0 capot - 50x60cm - avec pompes de rin\u00e7age et de savon - 400V au meilleur prix, fiable et performant avec une livraison rapide\" \/>\n<meta name=\"robots\" content=\"index, follow, max-snippet:-1, max-image-preview:large, max-video-preview:-1\" \/>\n<link rel=\"canonical\" href=\"https:\/\/gastora.eu\/en\/product\/lave-vaisselle-capot-50x60cm-avec-pompes-de-rinage-et-de-savon-400v\/\" \/>\n<meta property=\"og:locale\" content=\"en_US\" \/>\n<meta property=\"og:type\" content=\"article\" \/>\n<meta property=\"og:title\" content=\"Lave-vaisselle \u00e0 capot - 50x60cm - avec pompes de rin\u00e7age et de savon - 400V - Gastora\" \/>\n<meta property=\"og:description\" content=\"Achetez Lave-vaisselle \u00e0 capot - 50x60cm - avec pompes de rin\u00e7age et de savon - 400V au meilleur prix, fiable et performant avec une livraison rapide\" \/>\n<meta property=\"og:url\" content=\"https:\/\/gastora.eu\/en\/product\/lave-vaisselle-capot-50x60cm-avec-pompes-de-rinage-et-de-savon-400v\/\" \/>\n<meta property=\"og:site_name\" content=\"Gastora\" \/>\n<meta property=\"article:modified_time\" content=\"2026-04-28T16:57:25+00:00\" \/>\n<meta name=\"twitter:card\" content=\"summary_large_image\" \/>\n<meta name=\"twitter:label1\" content=\"Est. reading time\" \/>\n\t<meta name=\"twitter:data1\" content=\"3 minutes\" \/>\n<script type=\"application\/ld+json\" class=\"yoast-schema-graph\">{\"@context\":\"https:\\\/\\\/schema.org\",\"@graph\":[{\"@type\":\"WebPage\",\"@id\":\"https:\\\/\\\/gastora.eu\\\/product\\\/lave-vaisselle-capot-50x60cm-avec-pompes-de-rinage-et-de-savon-400v\\\/\",\"url\":\"https:\\\/\\\/gastora.eu\\\/product\\\/lave-vaisselle-capot-50x60cm-avec-pompes-de-rinage-et-de-savon-400v\\\/\",\"name\":\"Lave-vaisselle \u00e0 capot - 50x60cm - avec pompes de rin\u00e7age et de savon - 400V - Gastora\",\"isPartOf\":{\"@id\":\"https:\\\/\\\/gastora.eu\\\/#website\"},\"primaryImageOfPage\":{\"@id\":\"https:\\\/\\\/gastora.eu\\\/product\\\/lave-vaisselle-capot-50x60cm-avec-pompes-de-rinage-et-de-savon-400v\\\/#primaryimage\"},\"image\":{\"@id\":\"https:\\\/\\\/gastora.eu\\\/product\\\/lave-vaisselle-capot-50x60cm-avec-pompes-de-rinage-et-de-savon-400v\\\/#primaryimage\"},\"thumbnailUrl\":\"https:\\\/\\\/gastora.eu\\\/wp-content\\\/uploads\\\/2026\\\/04\\\/sp-1024_1.jpg\",\"datePublished\":\"2026-04-26T08:47:13+00:00\",\"dateModified\":\"2026-04-28T16:57:25+00:00\",\"description\":\"Achetez Lave-vaisselle \u00e0 capot - 50x60cm - avec pompes de rin\u00e7age et de savon - 400V au meilleur prix, fiable et performant avec une livraison rapide\",\"breadcrumb\":{\"@id\":\"https:\\\/\\\/gastora.eu\\\/product\\\/lave-vaisselle-capot-50x60cm-avec-pompes-de-rinage-et-de-savon-400v\\\/#breadcrumb\"},\"inLanguage\":\"en-US\",\"potentialAction\":[{\"@type\":\"ReadAction\",\"target\":[\"https:\\\/\\\/gastora.eu\\\/product\\\/lave-vaisselle-capot-50x60cm-avec-pompes-de-rinage-et-de-savon-400v\\\/\"]}]},{\"@type\":\"ImageObject\",\"inLanguage\":\"en-US\",\"@id\":\"https:\\\/\\\/gastora.eu\\\/product\\\/lave-vaisselle-capot-50x60cm-avec-pompes-de-rinage-et-de-savon-400v\\\/#primaryimage\",\"url\":\"https:\\\/\\\/gastora.eu\\\/wp-content\\\/uploads\\\/2026\\\/04\\\/sp-1024_1.jpg\",\"contentUrl\":\"https:\\\/\\\/gastora.eu\\\/wp-content\\\/uploads\\\/2026\\\/04\\\/sp-1024_1.jpg\",\"width\":1200,\"height\":1200},{\"@type\":\"BreadcrumbList\",\"@id\":\"https:\\\/\\\/gastora.eu\\\/product\\\/lave-vaisselle-capot-50x60cm-avec-pompes-de-rinage-et-de-savon-400v\\\/#breadcrumb\",\"itemListElement\":[{\"@type\":\"ListItem\",\"position\":1,\"name\":\"Home\",\"item\":\"https:\\\/\\\/gastora.eu\\\/\"},{\"@type\":\"ListItem\",\"position\":2,\"name\":\"Shop\",\"item\":\"https:\\\/\\\/gastora.eu\\\/shop\\\/\"},{\"@type\":\"ListItem\",\"position\":3,\"name\":\"Lave-vaisselle \u00e0 capot &#8211; 50x60cm &#8211; avec pompes de rin\u00e7age et de savon &#8211; 400V\"}]},{\"@type\":\"WebSite\",\"@id\":\"https:\\\/\\\/gastora.eu\\\/#website\",\"url\":\"https:\\\/\\\/gastora.eu\\\/\",\"name\":\"Gastora\",\"description\":\"\u00c9quipements professionnels CHR\",\"publisher\":{\"@id\":\"https:\\\/\\\/gastora.eu\\\/#organization\"},\"potentialAction\":[{\"@type\":\"SearchAction\",\"target\":{\"@type\":\"EntryPoint\",\"urlTemplate\":\"https:\\\/\\\/gastora.eu\\\/?s={search_term_string}\"},\"query-input\":{\"@type\":\"PropertyValueSpecification\",\"valueRequired\":true,\"valueName\":\"search_term_string\"}}],\"inLanguage\":\"en-US\"},{\"@type\":\"Organization\",\"@id\":\"https:\\\/\\\/gastora.eu\\\/#organization\",\"name\":\"Gastora\",\"url\":\"https:\\\/\\\/gastora.eu\\\/\",\"logo\":{\"@type\":\"ImageObject\",\"inLanguage\":\"en-US\",\"@id\":\"https:\\\/\\\/gastora.eu\\\/#\\\/schema\\\/logo\\\/image\\\/\",\"url\":\"https:\\\/\\\/gastora.eu\\\/wp-content\\\/uploads\\\/2025\\\/12\\\/ChatGPT-Image-2-janv.-2026-22_52_47-1.png\",\"contentUrl\":\"https:\\\/\\\/gastora.eu\\\/wp-content\\\/uploads\\\/2025\\\/12\\\/ChatGPT-Image-2-janv.-2026-22_52_47-1.png\",\"width\":1536,\"height\":320,\"caption\":\"Gastora\"},\"image\":{\"@id\":\"https:\\\/\\\/gastora.eu\\\/#\\\/schema\\\/logo\\\/image\\\/\"}}]}<\/script>\n<!-- \/ Yoast SEO plugin. -->","yoast_head_json":{"title":"Lave-vaisselle \u00e0 capot - 50x60cm - avec pompes de rin\u00e7age et de savon - 400V - Gastora","description":"Achetez Lave-vaisselle \u00e0 capot - 50x60cm - avec pompes de rin\u00e7age et de savon - 400V au meilleur prix, fiable et performant avec une livraison rapide","robots":{"index":"index","follow":"follow","max-snippet":"max-snippet:-1","max-image-preview":"max-image-preview:large","max-video-preview":"max-video-preview:-1"},"canonical":"https:\/\/gastora.eu\/en\/product\/lave-vaisselle-capot-50x60cm-avec-pompes-de-rinage-et-de-savon-400v\/","og_locale":"en_US","og_type":"article","og_title":"Lave-vaisselle \u00e0 capot - 50x60cm - avec pompes de rin\u00e7age et de savon - 400V - Gastora","og_description":"Achetez Lave-vaisselle \u00e0 capot - 50x60cm - avec pompes de rin\u00e7age et de savon - 400V au meilleur prix, fiable et performant avec une livraison rapide","og_url":"https:\/\/gastora.eu\/en\/product\/lave-vaisselle-capot-50x60cm-avec-pompes-de-rinage-et-de-savon-400v\/","og_site_name":"Gastora","article_modified_time":"2026-04-28T16:57:25+00:00","twitter_card":"summary_large_image","twitter_misc":{"Est. reading time":"3 minutes"},"schema":{"@context":"https:\/\/schema.org","@graph":[{"@type":"WebPage","@id":"https:\/\/gastora.eu\/product\/lave-vaisselle-capot-50x60cm-avec-pompes-de-rinage-et-de-savon-400v\/","url":"https:\/\/gastora.eu\/product\/lave-vaisselle-capot-50x60cm-avec-pompes-de-rinage-et-de-savon-400v\/","name":"Lave-vaisselle \u00e0 capot - 50x60cm - avec pompes de rin\u00e7age et de savon - 400V - Gastora","isPartOf":{"@id":"https:\/\/gastora.eu\/#website"},"primaryImageOfPage":{"@id":"https:\/\/gastora.eu\/product\/lave-vaisselle-capot-50x60cm-avec-pompes-de-rinage-et-de-savon-400v\/#primaryimage"},"image":{"@id":"https:\/\/gastora.eu\/product\/lave-vaisselle-capot-50x60cm-avec-pompes-de-rinage-et-de-savon-400v\/#primaryimage"},"thumbnailUrl":"https:\/\/gastora.eu\/wp-content\/uploads\/2026\/04\/sp-1024_1.jpg","datePublished":"2026-04-26T08:47:13+00:00","dateModified":"2026-04-28T16:57:25+00:00","description":"Achetez Lave-vaisselle \u00e0 capot - 50x60cm - avec pompes de rin\u00e7age et de savon - 400V au meilleur prix, fiable et performant avec une livraison rapide","breadcrumb":{"@id":"https:\/\/gastora.eu\/product\/lave-vaisselle-capot-50x60cm-avec-pompes-de-rinage-et-de-savon-400v\/#breadcrumb"},"inLanguage":"en-US","potentialAction":[{"@type":"ReadAction","target":["https:\/\/gastora.eu\/product\/lave-vaisselle-capot-50x60cm-avec-pompes-de-rinage-et-de-savon-400v\/"]}]},{"@type":"ImageObject","inLanguage":"en-US","@id":"https:\/\/gastora.eu\/product\/lave-vaisselle-capot-50x60cm-avec-pompes-de-rinage-et-de-savon-400v\/#primaryimage","url":"https:\/\/gastora.eu\/wp-content\/uploads\/2026\/04\/sp-1024_1.jpg","contentUrl":"https:\/\/gastora.eu\/wp-content\/uploads\/2026\/04\/sp-1024_1.jpg","width":1200,"height":1200},{"@type":"BreadcrumbList","@id":"https:\/\/gastora.eu\/product\/lave-vaisselle-capot-50x60cm-avec-pompes-de-rinage-et-de-savon-400v\/#breadcrumb","itemListElement":[{"@type":"ListItem","position":1,"name":"Home","item":"https:\/\/gastora.eu\/"},{"@type":"ListItem","position":2,"name":"Shop","item":"https:\/\/gastora.eu\/shop\/"},{"@type":"ListItem","position":3,"name":"Lave-vaisselle \u00e0 capot &#8211; 50x60cm &#8211; avec pompes de rin\u00e7age et de savon &#8211; 400V"}]},{"@type":"WebSite","@id":"https:\/\/gastora.eu\/#website","url":"https:\/\/gastora.eu\/","name":"Gastora","description":"\u00c9quipements professionnels CHR","publisher":{"@id":"https:\/\/gastora.eu\/#organization"},"potentialAction":[{"@type":"SearchAction","target":{"@type":"EntryPoint","urlTemplate":"https:\/\/gastora.eu\/?s={search_term_string}"},"query-input":{"@type":"PropertyValueSpecification","valueRequired":true,"valueName":"search_term_string"}}],"inLanguage":"en-US"},{"@type":"Organization","@id":"https:\/\/gastora.eu\/#organization","name":"Gastora","url":"https:\/\/gastora.eu\/","logo":{"@type":"ImageObject","inLanguage":"en-US","@id":"https:\/\/gastora.eu\/#\/schema\/logo\/image\/","url":"https:\/\/gastora.eu\/wp-content\/uploads\/2025\/12\/ChatGPT-Image-2-janv.-2026-22_52_47-1.png","contentUrl":"https:\/\/gastora.eu\/wp-content\/uploads\/2025\/12\/ChatGPT-Image-2-janv.-2026-22_52_47-1.png","width":1536,"height":320,"caption":"Gastora"},"image":{"@id":"https:\/\/gastora.eu\/#\/schema\/logo\/image\/"}}]}},"jetpack_sharing_enabled":true,"_links":{"self":[{"href":"https:\/\/gastora.eu\/en\/wp-json\/wp\/v2\/product\/14910","targetHints":{"allow":["GET"]}}],"collection":[{"href":"https:\/\/gastora.eu\/en\/wp-json\/wp\/v2\/product"}],"about":[{"href":"https:\/\/gastora.eu\/en\/wp-json\/wp\/v2\/types\/product"}],"wp:featuredmedia":[{"embeddable":true,"href":"https:\/\/gastora.eu\/en\/wp-json\/wp\/v2\/media\/8555"}],"wp:attachment":[{"href":"https:\/\/gastora.eu\/en\/wp-json\/wp\/v2\/media?parent=14910"}],"wp:term":[{"taxonomy":"product_brand","embeddable":true,"href":"https:\/\/gastora.eu\/en\/wp-json\/wp\/v2\/product_brand?post=14910"},{"taxonomy":"product_cat","embeddable":true,"href":"https:\/\/gastora.eu\/en\/wp-json\/wp\/v2\/product_cat?post=14910"},{"taxonomy":"product_tag","embeddable":true,"href":"https:\/\/gastora.eu\/en\/wp-json\/wp\/v2\/product_tag?post=14910"}],"curies":[{"name":"wp","href":"https:\/\/api.w.org\/{rel}","templated":true}]}}