{"id":14909,"date":"2026-04-26T08:47:09","date_gmt":"2026-04-26T08:47:09","guid":{"rendered":"https:\/\/gastora.eu\/?post_type=product&#038;p=14909"},"modified":"2026-04-28T16:57:25","modified_gmt":"2026-04-28T16:57:25","slug":"lave-vaisselle-sous-plan-50-x-60cm-400v","status":"publish","type":"product","link":"https:\/\/gastora.eu\/en\/product\/lave-vaisselle-sous-plan-50-x-60cm-400v\/","title":{"rendered":"Lave-vaisselle sous plan 50 x 60cm &#8211; 400V"},"content":{"rendered":"<p>Dans une cuisine professionnelle, o\u00f9 la vaisselle sale est une corv\u00e9e quotidienne, un lave-vaisselle rapide et efficace est indispensable. Gr\u00e2ce \u00e0 trois programmes de lavage complets de 60, 120 et 150 secondes, vous pouvez nettoyer toute la vaisselle rapidement et facilement. Une fois le nettoyage termin\u00e9, la vaisselle est rinc\u00e9e \u00e0 l&#8217;eau chaude afin que tout puisse s\u00e9cher rapidement, pr\u00eat pour la prochaine utilisation. Non seulement il est rapide, mais \u00e0 moins de<strong> <\/strong>65dB, c&#8217;est aussi un lave-vaisselle commercial tr\u00e8s silencieux.<\/p>\n<h3>\u00c9conomique et facile \u00e0 utiliser<\/h3>\n<p>Avec une consommation de 2,4 litres d&#8217;eau par cycle, ce lave-vaisselle est tr\u00e8s \u00e9conomique. Il est \u00e9galement s\u00fbr \u00e0 l&#8217;usage, gr\u00e2ce \u00e0 la protection thermique. Le panneau de commande est prot\u00e9g\u00e9 par la norme IPX4, de sorte que l&#8217;eau ne p\u00e9n\u00e8tre pas derri\u00e8re les boutons. Il est \u00e9galement facile \u00e0 utiliser : il y a un seul bouton Marche\/Arr\u00eat, un deuxi\u00e8me bouton pour d\u00e9marrer\/arr\u00eater le cycle de lavage, et un troisi\u00e8me bouton pour r\u00e9gler le programme de lavage souhait\u00e9. Trois voyants lumineux<strong> <\/strong>indiquent que le lave-vaisselle est pr\u00eat \u00e0 d\u00e9marrer et que le programme de rin\u00e7age est en cours. La vaisselle est lav\u00e9e \u00e0 60\u00b0C et rinc\u00e9e \u00e0 80\u00b0C, ce qui permet un s\u00e9chage rapide. Ce lave-vaisselle est livr\u00e9 avec un panier \u00e0 verre de 50 x 60 cm, un panier \u00e0 assiettes de 50 x 60 cm, un panier \u00e0 couverts et un tuyau d&#8217;alimentation et de vidange pour raccorder l&#8217;appareil \u00e0 l&#8217;alimentation en eau. Ce lave-vaisselle est livr\u00e9 sans pompe de rin\u00e7age, de savon et de vidange, mais des kits sp\u00e9ciaux peuvent \u00eatre command\u00e9s sur le site Internet.<\/p>\n<h3>Un nettoyage rapide<\/h3>\n<p>Ce puissant lave-vaisselle \u00e9tant enti\u00e8rement fabriqu\u00e9 en acier inoxydable, il est tr\u00e8s facile \u00e0 nettoyer. L&#8217;acier inoxydable lisse est facile \u00e0 nettoyer avec un chiffon chaud et un peu de d\u00e9tergent. Les bras de lavage sont fabriqu\u00e9s en ABS sp\u00e9cial, \u00e9galement facile \u00e0 nettoyer. Vous pouvez utiliser un d\u00e9tergent liquide ou un produit de rin\u00e7age dans ce lave-vaisselle commercial.<\/p>\n<p><strong>Caract\u00e9ristiques<\/strong><\/p>\n<ul>\n<li>Machine silencieuse avec seulement &lt;65db<\/li>\n<li>Ne comprend pas les pompes de vidange, de produit de rin\u00e7age et de savon<\/li>\n<li>Temp\u00e9rature de rin\u00e7age de 80\u00b0C<\/li>\n<li>Programmes de lavage complets en 60, 120 et 150 secondes<\/li>\n<li>Consommation d&#8217;eau par cycle de seulement 2,4L<\/li>\n<\/ul>\n<p><strong>Caract\u00e9ristiques du produit<\/strong><\/p>\n<ul>\n<li>Poids net : 56 kg<\/li>\n<li>Capacit\u00e9 du r\u00e9servoir : 23L<\/li>\n<li>Capacit\u00e9 de la chaudi\u00e8re : 7L<\/li>\n<li>Dimensions : L58 \u00d7 P70 x H85cm L58 \u00d7 P70 x H85cm<\/li>\n<li>Hauteur de la porte : 40,5cm (hauteur max. verre\/plaque 37,5cm)<\/li>\n<li>El\u00e9ment du r\u00e9servoir : 2,1kW<\/li>\n<li>El\u00e9ment de la chaudi\u00e8re : 4,9 kW<\/li>\n<li>Pompe de lavage : 0,6kW<\/li>\n<li>400V \/ 50Hz \/ 3 Phase 5600W<\/li>\n<\/ul>\n<p><strong>Ce produit est fourni sans prise.<\/strong><\/p>\n<p><em>Inclus<\/em><\/p>\n<ul>\n<li>Tuyau d&#8217;alimentation<\/li>\n<li>Tuyau de vidange<\/li>\n<li>Un panier \u00e0 assiettes (50 x 60cm)<\/li>\n<li>Un panier \u00e0 verres (50 x 60 cm)<\/li>\n<li>Un panier \u00e0 couverts<\/li>\n<\/ul>","protected":false},"excerpt":{"rendered":"<p>Ce lave-vaisselle puissant et durable garantit une vaisselle \u00e9tincelante en 2,5 minutes environ. Il convient parfaitement aux cuisines de taille moyenne qui ont besoin de remettre la vaisselle en service le plus rapidement possible. Avec trois programmes de lavage complets, vous pouvez laver rapidement et silencieusement toute la vaisselle en un rien de temps.<\/p>","protected":false},"featured_media":8553,"template":"","meta":{"_acf_changed":false},"product_brand":[],"product_cat":[477],"product_tag":[],"class_list":{"0":"post-14909","1":"product","2":"type-product","3":"status-publish","4":"has-post-thumbnail","6":"product_cat-lave-vaisselle-professionnels-2","8":"first","9":"instock","10":"sale","11":"taxable","12":"shipping-taxable","13":"purchasable","14":"product-type-simple"},"acf":[],"yoast_head":"<!-- This site is optimized with the Yoast SEO plugin v27.5 - https:\/\/yoast.com\/product\/yoast-seo-wordpress\/ -->\n<title>Lave-vaisselle sous plan 50 x 60cm - 400V - Gastora<\/title>\n<meta name=\"description\" content=\"Achetez Lave-vaisselle sous plan 50 x 60cm - 400V au meilleur prix, fiable et performant avec une livraison rapide\" \/>\n<meta name=\"robots\" content=\"index, follow, max-snippet:-1, max-image-preview:large, max-video-preview:-1\" \/>\n<link rel=\"canonical\" href=\"https:\/\/gastora.eu\/en\/product\/lave-vaisselle-sous-plan-50-x-60cm-400v\/\" \/>\n<meta property=\"og:locale\" content=\"en_US\" \/>\n<meta property=\"og:type\" content=\"article\" \/>\n<meta property=\"og:title\" content=\"Lave-vaisselle sous plan 50 x 60cm - 400V - Gastora\" \/>\n<meta property=\"og:description\" content=\"Achetez Lave-vaisselle sous plan 50 x 60cm - 400V au meilleur prix, fiable et performant avec une livraison rapide\" \/>\n<meta property=\"og:url\" content=\"https:\/\/gastora.eu\/en\/product\/lave-vaisselle-sous-plan-50-x-60cm-400v\/\" \/>\n<meta property=\"og:site_name\" content=\"Gastora\" \/>\n<meta property=\"article:modified_time\" content=\"2026-04-28T16:57:25+00:00\" \/>\n<meta name=\"twitter:card\" content=\"summary_large_image\" \/>\n<meta name=\"twitter:label1\" content=\"Est. reading time\" \/>\n\t<meta name=\"twitter:data1\" content=\"2 minutes\" \/>\n<script type=\"application\/ld+json\" class=\"yoast-schema-graph\">{\"@context\":\"https:\\\/\\\/schema.org\",\"@graph\":[{\"@type\":\"WebPage\",\"@id\":\"https:\\\/\\\/gastora.eu\\\/product\\\/lave-vaisselle-sous-plan-50-x-60cm-400v\\\/\",\"url\":\"https:\\\/\\\/gastora.eu\\\/product\\\/lave-vaisselle-sous-plan-50-x-60cm-400v\\\/\",\"name\":\"Lave-vaisselle sous plan 50 x 60cm - 400V - Gastora\",\"isPartOf\":{\"@id\":\"https:\\\/\\\/gastora.eu\\\/#website\"},\"primaryImageOfPage\":{\"@id\":\"https:\\\/\\\/gastora.eu\\\/product\\\/lave-vaisselle-sous-plan-50-x-60cm-400v\\\/#primaryimage\"},\"image\":{\"@id\":\"https:\\\/\\\/gastora.eu\\\/product\\\/lave-vaisselle-sous-plan-50-x-60cm-400v\\\/#primaryimage\"},\"thumbnailUrl\":\"https:\\\/\\\/gastora.eu\\\/wp-content\\\/uploads\\\/2026\\\/04\\\/sp-1000-09240130.jpg\",\"datePublished\":\"2026-04-26T08:47:09+00:00\",\"dateModified\":\"2026-04-28T16:57:25+00:00\",\"description\":\"Achetez Lave-vaisselle sous plan 50 x 60cm - 400V au meilleur prix, fiable et performant avec une livraison rapide\",\"breadcrumb\":{\"@id\":\"https:\\\/\\\/gastora.eu\\\/product\\\/lave-vaisselle-sous-plan-50-x-60cm-400v\\\/#breadcrumb\"},\"inLanguage\":\"en-US\",\"potentialAction\":[{\"@type\":\"ReadAction\",\"target\":[\"https:\\\/\\\/gastora.eu\\\/product\\\/lave-vaisselle-sous-plan-50-x-60cm-400v\\\/\"]}]},{\"@type\":\"ImageObject\",\"inLanguage\":\"en-US\",\"@id\":\"https:\\\/\\\/gastora.eu\\\/product\\\/lave-vaisselle-sous-plan-50-x-60cm-400v\\\/#primaryimage\",\"url\":\"https:\\\/\\\/gastora.eu\\\/wp-content\\\/uploads\\\/2026\\\/04\\\/sp-1000-09240130.jpg\",\"contentUrl\":\"https:\\\/\\\/gastora.eu\\\/wp-content\\\/uploads\\\/2026\\\/04\\\/sp-1000-09240130.jpg\",\"width\":1200,\"height\":1200},{\"@type\":\"BreadcrumbList\",\"@id\":\"https:\\\/\\\/gastora.eu\\\/product\\\/lave-vaisselle-sous-plan-50-x-60cm-400v\\\/#breadcrumb\",\"itemListElement\":[{\"@type\":\"ListItem\",\"position\":1,\"name\":\"Home\",\"item\":\"https:\\\/\\\/gastora.eu\\\/\"},{\"@type\":\"ListItem\",\"position\":2,\"name\":\"Shop\",\"item\":\"https:\\\/\\\/gastora.eu\\\/shop\\\/\"},{\"@type\":\"ListItem\",\"position\":3,\"name\":\"Lave-vaisselle sous plan 50 x 60cm &#8211; 400V\"}]},{\"@type\":\"WebSite\",\"@id\":\"https:\\\/\\\/gastora.eu\\\/#website\",\"url\":\"https:\\\/\\\/gastora.eu\\\/\",\"name\":\"Gastora\",\"description\":\"\u00c9quipements professionnels CHR\",\"publisher\":{\"@id\":\"https:\\\/\\\/gastora.eu\\\/#organization\"},\"potentialAction\":[{\"@type\":\"SearchAction\",\"target\":{\"@type\":\"EntryPoint\",\"urlTemplate\":\"https:\\\/\\\/gastora.eu\\\/?s={search_term_string}\"},\"query-input\":{\"@type\":\"PropertyValueSpecification\",\"valueRequired\":true,\"valueName\":\"search_term_string\"}}],\"inLanguage\":\"en-US\"},{\"@type\":\"Organization\",\"@id\":\"https:\\\/\\\/gastora.eu\\\/#organization\",\"name\":\"Gastora\",\"url\":\"https:\\\/\\\/gastora.eu\\\/\",\"logo\":{\"@type\":\"ImageObject\",\"inLanguage\":\"en-US\",\"@id\":\"https:\\\/\\\/gastora.eu\\\/#\\\/schema\\\/logo\\\/image\\\/\",\"url\":\"https:\\\/\\\/gastora.eu\\\/wp-content\\\/uploads\\\/2025\\\/12\\\/ChatGPT-Image-2-janv.-2026-22_52_47-1.png\",\"contentUrl\":\"https:\\\/\\\/gastora.eu\\\/wp-content\\\/uploads\\\/2025\\\/12\\\/ChatGPT-Image-2-janv.-2026-22_52_47-1.png\",\"width\":1536,\"height\":320,\"caption\":\"Gastora\"},\"image\":{\"@id\":\"https:\\\/\\\/gastora.eu\\\/#\\\/schema\\\/logo\\\/image\\\/\"}}]}<\/script>\n<!-- \/ Yoast SEO plugin. -->","yoast_head_json":{"title":"Lave-vaisselle sous plan 50 x 60cm - 400V - Gastora","description":"Achetez Lave-vaisselle sous plan 50 x 60cm - 400V au meilleur prix, fiable et performant avec une livraison rapide","robots":{"index":"index","follow":"follow","max-snippet":"max-snippet:-1","max-image-preview":"max-image-preview:large","max-video-preview":"max-video-preview:-1"},"canonical":"https:\/\/gastora.eu\/en\/product\/lave-vaisselle-sous-plan-50-x-60cm-400v\/","og_locale":"en_US","og_type":"article","og_title":"Lave-vaisselle sous plan 50 x 60cm - 400V - Gastora","og_description":"Achetez Lave-vaisselle sous plan 50 x 60cm - 400V au meilleur prix, fiable et performant avec une livraison rapide","og_url":"https:\/\/gastora.eu\/en\/product\/lave-vaisselle-sous-plan-50-x-60cm-400v\/","og_site_name":"Gastora","article_modified_time":"2026-04-28T16:57:25+00:00","twitter_card":"summary_large_image","twitter_misc":{"Est. reading time":"2 minutes"},"schema":{"@context":"https:\/\/schema.org","@graph":[{"@type":"WebPage","@id":"https:\/\/gastora.eu\/product\/lave-vaisselle-sous-plan-50-x-60cm-400v\/","url":"https:\/\/gastora.eu\/product\/lave-vaisselle-sous-plan-50-x-60cm-400v\/","name":"Lave-vaisselle sous plan 50 x 60cm - 400V - Gastora","isPartOf":{"@id":"https:\/\/gastora.eu\/#website"},"primaryImageOfPage":{"@id":"https:\/\/gastora.eu\/product\/lave-vaisselle-sous-plan-50-x-60cm-400v\/#primaryimage"},"image":{"@id":"https:\/\/gastora.eu\/product\/lave-vaisselle-sous-plan-50-x-60cm-400v\/#primaryimage"},"thumbnailUrl":"https:\/\/gastora.eu\/wp-content\/uploads\/2026\/04\/sp-1000-09240130.jpg","datePublished":"2026-04-26T08:47:09+00:00","dateModified":"2026-04-28T16:57:25+00:00","description":"Achetez Lave-vaisselle sous plan 50 x 60cm - 400V au meilleur prix, fiable et performant avec une livraison rapide","breadcrumb":{"@id":"https:\/\/gastora.eu\/product\/lave-vaisselle-sous-plan-50-x-60cm-400v\/#breadcrumb"},"inLanguage":"en-US","potentialAction":[{"@type":"ReadAction","target":["https:\/\/gastora.eu\/product\/lave-vaisselle-sous-plan-50-x-60cm-400v\/"]}]},{"@type":"ImageObject","inLanguage":"en-US","@id":"https:\/\/gastora.eu\/product\/lave-vaisselle-sous-plan-50-x-60cm-400v\/#primaryimage","url":"https:\/\/gastora.eu\/wp-content\/uploads\/2026\/04\/sp-1000-09240130.jpg","contentUrl":"https:\/\/gastora.eu\/wp-content\/uploads\/2026\/04\/sp-1000-09240130.jpg","width":1200,"height":1200},{"@type":"BreadcrumbList","@id":"https:\/\/gastora.eu\/product\/lave-vaisselle-sous-plan-50-x-60cm-400v\/#breadcrumb","itemListElement":[{"@type":"ListItem","position":1,"name":"Home","item":"https:\/\/gastora.eu\/"},{"@type":"ListItem","position":2,"name":"Shop","item":"https:\/\/gastora.eu\/shop\/"},{"@type":"ListItem","position":3,"name":"Lave-vaisselle sous plan 50 x 60cm &#8211; 400V"}]},{"@type":"WebSite","@id":"https:\/\/gastora.eu\/#website","url":"https:\/\/gastora.eu\/","name":"Gastora","description":"\u00c9quipements professionnels CHR","publisher":{"@id":"https:\/\/gastora.eu\/#organization"},"potentialAction":[{"@type":"SearchAction","target":{"@type":"EntryPoint","urlTemplate":"https:\/\/gastora.eu\/?s={search_term_string}"},"query-input":{"@type":"PropertyValueSpecification","valueRequired":true,"valueName":"search_term_string"}}],"inLanguage":"en-US"},{"@type":"Organization","@id":"https:\/\/gastora.eu\/#organization","name":"Gastora","url":"https:\/\/gastora.eu\/","logo":{"@type":"ImageObject","inLanguage":"en-US","@id":"https:\/\/gastora.eu\/#\/schema\/logo\/image\/","url":"https:\/\/gastora.eu\/wp-content\/uploads\/2025\/12\/ChatGPT-Image-2-janv.-2026-22_52_47-1.png","contentUrl":"https:\/\/gastora.eu\/wp-content\/uploads\/2025\/12\/ChatGPT-Image-2-janv.-2026-22_52_47-1.png","width":1536,"height":320,"caption":"Gastora"},"image":{"@id":"https:\/\/gastora.eu\/#\/schema\/logo\/image\/"}}]}},"jetpack_sharing_enabled":true,"_links":{"self":[{"href":"https:\/\/gastora.eu\/en\/wp-json\/wp\/v2\/product\/14909","targetHints":{"allow":["GET"]}}],"collection":[{"href":"https:\/\/gastora.eu\/en\/wp-json\/wp\/v2\/product"}],"about":[{"href":"https:\/\/gastora.eu\/en\/wp-json\/wp\/v2\/types\/product"}],"wp:featuredmedia":[{"embeddable":true,"href":"https:\/\/gastora.eu\/en\/wp-json\/wp\/v2\/media\/8553"}],"wp:attachment":[{"href":"https:\/\/gastora.eu\/en\/wp-json\/wp\/v2\/media?parent=14909"}],"wp:term":[{"taxonomy":"product_brand","embeddable":true,"href":"https:\/\/gastora.eu\/en\/wp-json\/wp\/v2\/product_brand?post=14909"},{"taxonomy":"product_cat","embeddable":true,"href":"https:\/\/gastora.eu\/en\/wp-json\/wp\/v2\/product_cat?post=14909"},{"taxonomy":"product_tag","embeddable":true,"href":"https:\/\/gastora.eu\/en\/wp-json\/wp\/v2\/product_tag?post=14909"}],"curies":[{"name":"wp","href":"https:\/\/api.w.org\/{rel}","templated":true}]}}