{"id":14908,"date":"2026-04-26T08:47:08","date_gmt":"2026-04-26T08:47:08","guid":{"rendered":"https:\/\/gastora.eu\/?post_type=product&#038;p=14908"},"modified":"2026-04-28T16:57:25","modified_gmt":"2026-04-28T16:57:25","slug":"convoyeur-paniers-lave-vaisselle-sortie-droite","status":"publish","type":"product","link":"https:\/\/gastora.eu\/en\/product\/convoyeur-paniers-lave-vaisselle-sortie-droite\/","title":{"rendered":"Convoyeur \u00e0 paniers lave-vaisselle &#8211; sortie droite"},"content":{"rendered":"<p>Ce lave-vaisselle \u00e0 tapis est id\u00e9al pour le nettoyage de grandes quantit\u00e9s de vaisselle, en particulier aux heures de grande affluence. Les casiers contenant la vaisselle sale glissent rapidement et facilement dans le convoyeur \u00e0 casiers pour un lavage complet qui les laisse propres et pr\u00eats \u00e0 \u00eatre r\u00e9utilis\u00e9s. Ce lave-vaisselle commercial peut nettoyer entre 60 et 120 casiers par heure. Il peut \u00eatre compl\u00e9t\u00e9 par une table \u00e0 roulettes en acier inoxydable situ\u00e9e sur le c\u00f4t\u00e9 droit du lave-vaisselle.<\/p>\n<h3>Con\u00e7u pour un usage commercial<\/h3>\n<p>La temp\u00e9rature de lavage de ce lave-vaisselle est de 60\u00b0C et le cycle de rin\u00e7age de 82\u00b0C, ce qui permet un s\u00e9chage plus rapide. C&#8217;est \u00e9galement une machine tr\u00e8s silencieuse, qui fonctionne \u00e0 moins de 65 dB. Ce lave-vaisselle consomme 160 litres d&#8217;eau par heure. Son panneau de commande est prot\u00e9g\u00e9 par la norme IPX4, de sorte que l&#8217;eau ne peut pas s&#8217;infiltrer derri\u00e8re les boutons faciles \u00e0 utiliser. Le lave-vaisselle \u00e0 tapis est livr\u00e9 sans pompe de rin\u00e7age et de savon. Les accessoires suivants sont inclus : un panier \u00e0 verres de 50 x 50 cm, un panier \u00e0 assiettes de 50 x 50 cm et un tuyau d&#8217;alimentation et de vidange pour raccorder l&#8217;appareil \u00e0 l&#8217;alimentation en eau. Aucune pompe de vidange n&#8217;est incluse car l&#8217;eau s&#8217;\u00e9coule naturellement.<\/p>\n<h3>Facile \u00e0 utiliser<\/h3>\n<p>Il est important de commencer par rincer la vaisselle sale \u00e0 l&#8217;aide d&#8217;un robinet afin d&#8217;\u00e9liminer les morceaux d&#8217;aliments. Ensuite, remplissez la grille avec la vaisselle et glissez-la \u00e0 travers les rideaux de protection. Mettez l&#8217;appareil en marche et la machine commencera \u00e0 charger de l&#8217;eau. Pendant cette phase, vous pouvez voir le voyant de remplissage clignoter sur l&#8217;\u00e9cran. Une fois que l&#8217;eau a atteint le niveau correct, le voyant de remplissage s&#8217;\u00e9teint et l&#8217;\u00e9cran affiche la temp\u00e9rature de la chaudi\u00e8re et de la cuve de lavage. La machine se met \u00e0 chauffer et les voyants s&#8217;allument lorsque la temp\u00e9rature programm\u00e9e est atteinte. Vous pouvez ensuite placer le panier \u00e0 l&#8217;entr\u00e9e de la machine. Le panier se fixera au syst\u00e8me de transport des paniers et une fois qu&#8217;il sera \u00e0 l&#8217;int\u00e9rieur du lave-vaisselle, le programme de lavage commencera. <\/p>\n<p><strong>Caract\u00e9ristiques<\/strong><\/p>\n<ul>\n<li>Machine silencieuse (moins de 65 dB)<\/li>\n<li>Temp\u00e9rature de rin\u00e7age de 82\u00b0C pour un s\u00e9chage rapide<\/li>\n<li>Deux programmes de lavage complets de 60 et 230 secondes<\/li>\n<li>Consommation d&#8217;eau par cycle : 2,66 et 1,33 L<\/li>\n<li>A l&#8217;exclusion du produit de rin\u00e7age et des pompes \u00e0 savon<\/li>\n<\/ul>\n<p><strong>Caract\u00e9ristiques du produit<\/strong><\/p>\n<ul>\n<li>Poids net : 175 kg<\/li>\n<li>Capacit\u00e9 du r\u00e9servoir : 70L<\/li>\n<li>Capacit\u00e9 de la chaudi\u00e8re : 17L<\/li>\n<li>Dimensions ferm\u00e9es : L116 x P78 x H158cm<\/li>\n<li>Hauteur de la porte : 45cm (hauteur max. du verre\/de la plaque : 44cm)<\/li>\n<li>El\u00e9ment du r\u00e9servoir : 10,5kW<\/li>\n<li>El\u00e9ment chaudi\u00e8re : 9,5kW<\/li>\n<li>Pompe de lavage : 0,60kW<\/li>\n<li>400V \/ 50Hz \/ 3 Phase 22.000W<\/li>\n<\/ul>\n<p><strong>Ce produit est fourni sans fil ni fiche.<\/strong><\/p>\n<p><em>Inclus<\/em><\/p>\n<ul>\n<li>Tuyau d&#8217;alimentation<\/li>\n<li>Tuyau de vidange<\/li>\n<li>Un panier \u00e0 assiettes (50 x 50cm)<\/li>\n<li>Un panier \u00e0 verre (50 x 50 cm)<\/li>\n<\/ul>","protected":false},"excerpt":{"rendered":"<p>Avec ce lave-vaisselle \u00e0 tapis roulant, vous pouvez laver une grande quantit\u00e9 de vaisselle tout au long de la journ\u00e9e. Vous pouvez ins\u00e9rer des paniers de vaisselle sale dans le lave-vaisselle et le panier est d\u00e9plac\u00e9 dans la machine par le tapis roulant. Ce lave-vaisselle est id\u00e9al pour les restaurants, les h\u00f4tels et les cantines, en particulier aux heures de grande affluence.<\/p>","protected":false},"featured_media":8551,"template":"","meta":{"_acf_changed":false},"product_brand":[],"product_cat":[477],"product_tag":[],"class_list":{"0":"post-14908","1":"product","2":"type-product","3":"status-publish","4":"has-post-thumbnail","6":"product_cat-lave-vaisselle-professionnels-2","8":"first","9":"instock","10":"sale","11":"taxable","12":"shipping-taxable","13":"purchasable","14":"product-type-simple"},"acf":[],"yoast_head":"<!-- This site is optimized with the Yoast SEO plugin v27.5 - https:\/\/yoast.com\/product\/yoast-seo-wordpress\/ -->\n<title>Convoyeur \u00e0 paniers lave-vaisselle - sortie droite - Gastora<\/title>\n<meta name=\"description\" content=\"Achetez Convoyeur \u00e0 paniers lave-vaisselle - sortie droite au meilleur prix, fiable et performant avec une livraison rapide\" \/>\n<meta name=\"robots\" content=\"index, follow, max-snippet:-1, max-image-preview:large, max-video-preview:-1\" \/>\n<link rel=\"canonical\" href=\"https:\/\/gastora.eu\/en\/product\/convoyeur-paniers-lave-vaisselle-sortie-droite\/\" \/>\n<meta property=\"og:locale\" content=\"en_US\" \/>\n<meta property=\"og:type\" content=\"article\" \/>\n<meta property=\"og:title\" content=\"Convoyeur \u00e0 paniers lave-vaisselle - sortie droite - Gastora\" \/>\n<meta property=\"og:description\" content=\"Achetez Convoyeur \u00e0 paniers lave-vaisselle - sortie droite au meilleur prix, fiable et performant avec une livraison rapide\" \/>\n<meta property=\"og:url\" content=\"https:\/\/gastora.eu\/en\/product\/convoyeur-paniers-lave-vaisselle-sortie-droite\/\" \/>\n<meta property=\"og:site_name\" content=\"Gastora\" \/>\n<meta property=\"article:modified_time\" content=\"2026-04-28T16:57:25+00:00\" \/>\n<meta name=\"twitter:card\" content=\"summary_large_image\" \/>\n<meta name=\"twitter:label1\" content=\"Est. reading time\" \/>\n\t<meta name=\"twitter:data1\" content=\"2 minutes\" \/>\n<script type=\"application\/ld+json\" class=\"yoast-schema-graph\">{\"@context\":\"https:\\\/\\\/schema.org\",\"@graph\":[{\"@type\":\"WebPage\",\"@id\":\"https:\\\/\\\/gastora.eu\\\/product\\\/convoyeur-paniers-lave-vaisselle-sortie-droite\\\/\",\"url\":\"https:\\\/\\\/gastora.eu\\\/product\\\/convoyeur-paniers-lave-vaisselle-sortie-droite\\\/\",\"name\":\"Convoyeur \u00e0 paniers lave-vaisselle - sortie droite - Gastora\",\"isPartOf\":{\"@id\":\"https:\\\/\\\/gastora.eu\\\/#website\"},\"primaryImageOfPage\":{\"@id\":\"https:\\\/\\\/gastora.eu\\\/product\\\/convoyeur-paniers-lave-vaisselle-sortie-droite\\\/#primaryimage\"},\"image\":{\"@id\":\"https:\\\/\\\/gastora.eu\\\/product\\\/convoyeur-paniers-lave-vaisselle-sortie-droite\\\/#primaryimage\"},\"thumbnailUrl\":\"https:\\\/\\\/gastora.eu\\\/wp-content\\\/uploads\\\/2026\\\/04\\\/sp-1001_09240120.jpg\",\"datePublished\":\"2026-04-26T08:47:08+00:00\",\"dateModified\":\"2026-04-28T16:57:25+00:00\",\"description\":\"Achetez Convoyeur \u00e0 paniers lave-vaisselle - sortie droite au meilleur prix, fiable et performant avec une livraison rapide\",\"breadcrumb\":{\"@id\":\"https:\\\/\\\/gastora.eu\\\/product\\\/convoyeur-paniers-lave-vaisselle-sortie-droite\\\/#breadcrumb\"},\"inLanguage\":\"en-US\",\"potentialAction\":[{\"@type\":\"ReadAction\",\"target\":[\"https:\\\/\\\/gastora.eu\\\/product\\\/convoyeur-paniers-lave-vaisselle-sortie-droite\\\/\"]}]},{\"@type\":\"ImageObject\",\"inLanguage\":\"en-US\",\"@id\":\"https:\\\/\\\/gastora.eu\\\/product\\\/convoyeur-paniers-lave-vaisselle-sortie-droite\\\/#primaryimage\",\"url\":\"https:\\\/\\\/gastora.eu\\\/wp-content\\\/uploads\\\/2026\\\/04\\\/sp-1001_09240120.jpg\",\"contentUrl\":\"https:\\\/\\\/gastora.eu\\\/wp-content\\\/uploads\\\/2026\\\/04\\\/sp-1001_09240120.jpg\",\"width\":1200,\"height\":1200},{\"@type\":\"BreadcrumbList\",\"@id\":\"https:\\\/\\\/gastora.eu\\\/product\\\/convoyeur-paniers-lave-vaisselle-sortie-droite\\\/#breadcrumb\",\"itemListElement\":[{\"@type\":\"ListItem\",\"position\":1,\"name\":\"Home\",\"item\":\"https:\\\/\\\/gastora.eu\\\/\"},{\"@type\":\"ListItem\",\"position\":2,\"name\":\"Shop\",\"item\":\"https:\\\/\\\/gastora.eu\\\/shop\\\/\"},{\"@type\":\"ListItem\",\"position\":3,\"name\":\"Convoyeur \u00e0 paniers lave-vaisselle &#8211; sortie droite\"}]},{\"@type\":\"WebSite\",\"@id\":\"https:\\\/\\\/gastora.eu\\\/#website\",\"url\":\"https:\\\/\\\/gastora.eu\\\/\",\"name\":\"Gastora\",\"description\":\"\u00c9quipements professionnels CHR\",\"publisher\":{\"@id\":\"https:\\\/\\\/gastora.eu\\\/#organization\"},\"potentialAction\":[{\"@type\":\"SearchAction\",\"target\":{\"@type\":\"EntryPoint\",\"urlTemplate\":\"https:\\\/\\\/gastora.eu\\\/?s={search_term_string}\"},\"query-input\":{\"@type\":\"PropertyValueSpecification\",\"valueRequired\":true,\"valueName\":\"search_term_string\"}}],\"inLanguage\":\"en-US\"},{\"@type\":\"Organization\",\"@id\":\"https:\\\/\\\/gastora.eu\\\/#organization\",\"name\":\"Gastora\",\"url\":\"https:\\\/\\\/gastora.eu\\\/\",\"logo\":{\"@type\":\"ImageObject\",\"inLanguage\":\"en-US\",\"@id\":\"https:\\\/\\\/gastora.eu\\\/#\\\/schema\\\/logo\\\/image\\\/\",\"url\":\"https:\\\/\\\/gastora.eu\\\/wp-content\\\/uploads\\\/2025\\\/12\\\/ChatGPT-Image-2-janv.-2026-22_52_47-1.png\",\"contentUrl\":\"https:\\\/\\\/gastora.eu\\\/wp-content\\\/uploads\\\/2025\\\/12\\\/ChatGPT-Image-2-janv.-2026-22_52_47-1.png\",\"width\":1536,\"height\":320,\"caption\":\"Gastora\"},\"image\":{\"@id\":\"https:\\\/\\\/gastora.eu\\\/#\\\/schema\\\/logo\\\/image\\\/\"}}]}<\/script>\n<!-- \/ Yoast SEO plugin. -->","yoast_head_json":{"title":"Convoyeur \u00e0 paniers lave-vaisselle - sortie droite - Gastora","description":"Achetez Convoyeur \u00e0 paniers lave-vaisselle - sortie droite au meilleur prix, fiable et performant avec une livraison rapide","robots":{"index":"index","follow":"follow","max-snippet":"max-snippet:-1","max-image-preview":"max-image-preview:large","max-video-preview":"max-video-preview:-1"},"canonical":"https:\/\/gastora.eu\/en\/product\/convoyeur-paniers-lave-vaisselle-sortie-droite\/","og_locale":"en_US","og_type":"article","og_title":"Convoyeur \u00e0 paniers lave-vaisselle - sortie droite - Gastora","og_description":"Achetez Convoyeur \u00e0 paniers lave-vaisselle - sortie droite au meilleur prix, fiable et performant avec une livraison rapide","og_url":"https:\/\/gastora.eu\/en\/product\/convoyeur-paniers-lave-vaisselle-sortie-droite\/","og_site_name":"Gastora","article_modified_time":"2026-04-28T16:57:25+00:00","twitter_card":"summary_large_image","twitter_misc":{"Est. reading time":"2 minutes"},"schema":{"@context":"https:\/\/schema.org","@graph":[{"@type":"WebPage","@id":"https:\/\/gastora.eu\/product\/convoyeur-paniers-lave-vaisselle-sortie-droite\/","url":"https:\/\/gastora.eu\/product\/convoyeur-paniers-lave-vaisselle-sortie-droite\/","name":"Convoyeur \u00e0 paniers lave-vaisselle - sortie droite - Gastora","isPartOf":{"@id":"https:\/\/gastora.eu\/#website"},"primaryImageOfPage":{"@id":"https:\/\/gastora.eu\/product\/convoyeur-paniers-lave-vaisselle-sortie-droite\/#primaryimage"},"image":{"@id":"https:\/\/gastora.eu\/product\/convoyeur-paniers-lave-vaisselle-sortie-droite\/#primaryimage"},"thumbnailUrl":"https:\/\/gastora.eu\/wp-content\/uploads\/2026\/04\/sp-1001_09240120.jpg","datePublished":"2026-04-26T08:47:08+00:00","dateModified":"2026-04-28T16:57:25+00:00","description":"Achetez Convoyeur \u00e0 paniers lave-vaisselle - sortie droite au meilleur prix, fiable et performant avec une livraison rapide","breadcrumb":{"@id":"https:\/\/gastora.eu\/product\/convoyeur-paniers-lave-vaisselle-sortie-droite\/#breadcrumb"},"inLanguage":"en-US","potentialAction":[{"@type":"ReadAction","target":["https:\/\/gastora.eu\/product\/convoyeur-paniers-lave-vaisselle-sortie-droite\/"]}]},{"@type":"ImageObject","inLanguage":"en-US","@id":"https:\/\/gastora.eu\/product\/convoyeur-paniers-lave-vaisselle-sortie-droite\/#primaryimage","url":"https:\/\/gastora.eu\/wp-content\/uploads\/2026\/04\/sp-1001_09240120.jpg","contentUrl":"https:\/\/gastora.eu\/wp-content\/uploads\/2026\/04\/sp-1001_09240120.jpg","width":1200,"height":1200},{"@type":"BreadcrumbList","@id":"https:\/\/gastora.eu\/product\/convoyeur-paniers-lave-vaisselle-sortie-droite\/#breadcrumb","itemListElement":[{"@type":"ListItem","position":1,"name":"Home","item":"https:\/\/gastora.eu\/"},{"@type":"ListItem","position":2,"name":"Shop","item":"https:\/\/gastora.eu\/shop\/"},{"@type":"ListItem","position":3,"name":"Convoyeur \u00e0 paniers lave-vaisselle &#8211; sortie droite"}]},{"@type":"WebSite","@id":"https:\/\/gastora.eu\/#website","url":"https:\/\/gastora.eu\/","name":"Gastora","description":"\u00c9quipements professionnels CHR","publisher":{"@id":"https:\/\/gastora.eu\/#organization"},"potentialAction":[{"@type":"SearchAction","target":{"@type":"EntryPoint","urlTemplate":"https:\/\/gastora.eu\/?s={search_term_string}"},"query-input":{"@type":"PropertyValueSpecification","valueRequired":true,"valueName":"search_term_string"}}],"inLanguage":"en-US"},{"@type":"Organization","@id":"https:\/\/gastora.eu\/#organization","name":"Gastora","url":"https:\/\/gastora.eu\/","logo":{"@type":"ImageObject","inLanguage":"en-US","@id":"https:\/\/gastora.eu\/#\/schema\/logo\/image\/","url":"https:\/\/gastora.eu\/wp-content\/uploads\/2025\/12\/ChatGPT-Image-2-janv.-2026-22_52_47-1.png","contentUrl":"https:\/\/gastora.eu\/wp-content\/uploads\/2025\/12\/ChatGPT-Image-2-janv.-2026-22_52_47-1.png","width":1536,"height":320,"caption":"Gastora"},"image":{"@id":"https:\/\/gastora.eu\/#\/schema\/logo\/image\/"}}]}},"jetpack_sharing_enabled":true,"_links":{"self":[{"href":"https:\/\/gastora.eu\/en\/wp-json\/wp\/v2\/product\/14908","targetHints":{"allow":["GET"]}}],"collection":[{"href":"https:\/\/gastora.eu\/en\/wp-json\/wp\/v2\/product"}],"about":[{"href":"https:\/\/gastora.eu\/en\/wp-json\/wp\/v2\/types\/product"}],"wp:featuredmedia":[{"embeddable":true,"href":"https:\/\/gastora.eu\/en\/wp-json\/wp\/v2\/media\/8551"}],"wp:attachment":[{"href":"https:\/\/gastora.eu\/en\/wp-json\/wp\/v2\/media?parent=14908"}],"wp:term":[{"taxonomy":"product_brand","embeddable":true,"href":"https:\/\/gastora.eu\/en\/wp-json\/wp\/v2\/product_brand?post=14908"},{"taxonomy":"product_cat","embeddable":true,"href":"https:\/\/gastora.eu\/en\/wp-json\/wp\/v2\/product_cat?post=14908"},{"taxonomy":"product_tag","embeddable":true,"href":"https:\/\/gastora.eu\/en\/wp-json\/wp\/v2\/product_tag?post=14908"}],"curies":[{"name":"wp","href":"https:\/\/api.w.org\/{rel}","templated":true}]}}