{"id":14906,"date":"2026-04-26T08:47:06","date_gmt":"2026-04-26T08:47:06","guid":{"rendered":"https:\/\/gastora.eu\/?post_type=product&#038;p=14906"},"modified":"2026-04-28T16:57:25","modified_gmt":"2026-04-28T16:57:25","slug":"machine-laver-les-casseroles-56-x-63-cm-400v","status":"publish","type":"product","link":"https:\/\/gastora.eu\/en\/product\/machine-laver-les-casseroles-56-x-63-cm-400v\/","title":{"rendered":"Machine \u00e0 laver les casseroles &#8211; 56 x 63 cm &#8211; 400V"},"content":{"rendered":"<p>Le lave-batterie convient aux boulangeries, aux boucheries et aux grandes entreprises de restauration, o\u00f9 de grandes casseroles et po\u00eales sont utilis\u00e9es quotidiennement. Gr\u00e2ce \u00e0 son grand volume, vous pouvez nettoyer m\u00eame les plus grandes casseroles. De nombreux articles de restauration de grande taille ne rentrent souvent pas dans un lave-vaisselle de taille standard, mais avec ce laveur de casseroles, vous pouvez tout nettoyer, des grandes casseroles aux r\u00e9cipients GN en passant par la vaisselle. Ce puissant appareil \u00e9limine m\u00eame les r\u00e9sidus alimentaires les plus tenaces gr\u00e2ce \u00e0 ses bras de lavage et ses jets d&#8217;eau sp\u00e9cialement con\u00e7us. Vous pouvez laver jusqu&#8217;\u00e0 30 paniers par heure dans cette machine, qui fonctionne \u00e0 un niveau sonore inf\u00e9rieur \u00e0 65 dB. Enfin, ce laveur de casseroles professionnel propose quatre programmes de lavage complets d&#8217;une dur\u00e9e de 120, 240, 360 et 720 secondes.<\/p>\n<h3>Panier c\u00e2bl\u00e9 en acier inoxydable inclus<\/h3>\n<p>La prise en main de cet appareil professionnel est tr\u00e8s simple. Gr\u00e2ce au panneau de commande, qui b\u00e9n\u00e9ficie d&#8217;une protection IPX4 afin que l&#8217;eau ne puisse pas s&#8217;infiltrer derri\u00e8re les boutons, il suffit d&#8217;allumer le lave-casseroles pour que l&#8217;eau se remplisse et se r\u00e9chauffe automatiquement. Le deuxi\u00e8me bouton permet de r\u00e9gler le programme de lavage. Les casseroles et les po\u00eales sont lav\u00e9es \u00e0 une temp\u00e9rature de 60\u00b0C, puis rinc\u00e9es \u00e0 l&#8217;eau chaude \u00e0 80\u00b0C, de sorte que la vaisselle s\u00e8che \u00e0 nouveau rapidement par \u00e9vaporation. La temp\u00e9rature de lavage et de rin\u00e7age est r\u00e9glable. Ce lave-casseroles est livr\u00e9 avec un panier c\u00e2bl\u00e9 en acier inoxydable de 56 x 63 cm, ainsi qu&#8217;un tuyau d&#8217;alimentation pour raccorder le lave-casseroles \u00e0 l&#8217;arriv\u00e9e d&#8217;eau et un tuyau de vidange.<\/p>\n<h3>Facile \u00e0 nettoyer<\/h3>\n<p>Gr\u00e2ce \u00e0 son bo\u00eetier en acier inoxydable, ce lave-vaisselle robuste est facile \u00e0 nettoyer. L&#8217;acier inoxydable est \u00e9galement tr\u00e8s r\u00e9sistant, de sorte que votre appareil ne risque pas d&#8217;\u00eatre endommag\u00e9 ou ray\u00e9. Les bras de lavage sont fabriqu\u00e9s en ABS sp\u00e9cial et se nettoient facilement avec un peu de savon et de l&#8217;eau chaude. Pour nettoyer l&#8217;int\u00e9rieur, utilisez un d\u00e9tartrant et un produit de nettoyage sp\u00e9cial. Le lave-pots est livr\u00e9 sans pompes de rin\u00e7age et de savon, mais des kits sp\u00e9ciaux peuvent \u00eatre command\u00e9s sur le site web. Il n&#8217;y a pas de pompe de vidange car l&#8217;eau s&#8217;\u00e9coule naturellement. Veillez simplement \u00e0 ce que le tuyau de vidange soit raccord\u00e9 plus bas que la sortie.<\/p>\n<p><strong>Caract\u00e9ristiques<\/strong><\/p>\n<ul>\n<li>Niveau sonore &lt;65db<\/li>\n<li>La consommation d&#8217;eau par cycle est de 4L<\/li>\n<li>Ne comprend pas les pompes de vidange, de produit de rin\u00e7age et de savon<\/li>\n<li>Quatre programmes de lavage complets : 120, 240, 360 et 720 secondes<\/li>\n<li>Capacit\u00e9 de lavage : 30 paniers par heure<\/li>\n<\/ul>\n<p><strong>Caract\u00e9ristiques du produit<\/strong><\/p>\n<ul>\n<li>Poids net : 130 kg<\/li>\n<li>Capacit\u00e9 de la cuve : 37L<\/li>\n<li>Capacit\u00e9 de la chaudi\u00e8re : 6L<\/li>\n<li>Dimensions ferm\u00e9 : L72 \u00d7 P80 x H170cm<\/li>\n<li>Dimensions ouvert : L72 \u00d7 P80 x H200cm<\/li>\n<li>Hauteur de la porte : 65cm (hauteur max. verre\/plaque 60cm)<\/li>\n<li>El\u00e9ment du r\u00e9servoir : 3,0kW<\/li>\n<li>\u00c9l\u00e9ment de la chaudi\u00e8re : 6,0kW<\/li>\n<li>Pompe de lavage : 1,5kW<\/li>\n<li>400V \/ 50Hz \/ 3 Phase 7500W<\/li>\n<\/ul>\n<p><em>Comprend<\/em><\/p>\n<ul>\n<li>Un tuyau d&#8217;alimentation<\/li>\n<li>Un tuyau de vidange<\/li>\n<li>Un panier (56 x 63cm)<\/li>\n<\/ul>","protected":false},"excerpt":{"rendered":"<p>Ce lave-batterie professionnel permet de nettoyer les grandes casseroles et po\u00eales qui ne peuvent pas \u00eatre lav\u00e9es dans un lave-vaisselle de taille standard. Il convient \u00e9galement aux grands bols, aux r\u00e9cipients GN, aux ustensiles de cuisine et aux outils de boulangerie ou de boucherie. Il est donc id\u00e9al pour une utilisation dans toute cuisine de restauration professionnelle.<\/p>","protected":false},"featured_media":8547,"template":"","meta":{"_acf_changed":false},"product_brand":[],"product_cat":[477],"product_tag":[],"class_list":{"0":"post-14906","1":"product","2":"type-product","3":"status-publish","4":"has-post-thumbnail","6":"product_cat-lave-vaisselle-professionnels-2","8":"first","9":"instock","10":"sale","11":"taxable","12":"shipping-taxable","13":"purchasable","14":"product-type-simple"},"acf":[],"yoast_head":"<!-- This site is optimized with the Yoast SEO plugin v27.4 - https:\/\/yoast.com\/product\/yoast-seo-wordpress\/ -->\n<title>Machine \u00e0 laver les casseroles - 56 x 63 cm - 400V - Gastora<\/title>\n<meta name=\"description\" content=\"Achetez Machine \u00e0 laver les casseroles - 56 x 63 cm - 400V au meilleur prix, fiable et performant avec une livraison rapide\" \/>\n<meta name=\"robots\" content=\"index, follow, max-snippet:-1, max-image-preview:large, max-video-preview:-1\" \/>\n<link rel=\"canonical\" href=\"https:\/\/gastora.eu\/en\/product\/machine-laver-les-casseroles-56-x-63-cm-400v\/\" \/>\n<meta property=\"og:locale\" content=\"en_US\" \/>\n<meta property=\"og:type\" content=\"article\" \/>\n<meta property=\"og:title\" content=\"Machine \u00e0 laver les casseroles - 56 x 63 cm - 400V - Gastora\" \/>\n<meta property=\"og:description\" content=\"Achetez Machine \u00e0 laver les casseroles - 56 x 63 cm - 400V au meilleur prix, fiable et performant avec une livraison rapide\" \/>\n<meta property=\"og:url\" content=\"https:\/\/gastora.eu\/en\/product\/machine-laver-les-casseroles-56-x-63-cm-400v\/\" \/>\n<meta property=\"og:site_name\" content=\"Gastora\" \/>\n<meta property=\"article:modified_time\" content=\"2026-04-28T16:57:25+00:00\" \/>\n<meta name=\"twitter:card\" content=\"summary_large_image\" \/>\n<meta name=\"twitter:label1\" content=\"Est. reading time\" \/>\n\t<meta name=\"twitter:data1\" content=\"3 minutes\" \/>\n<script type=\"application\/ld+json\" class=\"yoast-schema-graph\">{\"@context\":\"https:\\\/\\\/schema.org\",\"@graph\":[{\"@type\":\"WebPage\",\"@id\":\"https:\\\/\\\/gastora.eu\\\/product\\\/machine-laver-les-casseroles-56-x-63-cm-400v\\\/\",\"url\":\"https:\\\/\\\/gastora.eu\\\/product\\\/machine-laver-les-casseroles-56-x-63-cm-400v\\\/\",\"name\":\"Machine \u00e0 laver les casseroles - 56 x 63 cm - 400V - Gastora\",\"isPartOf\":{\"@id\":\"https:\\\/\\\/gastora.eu\\\/#website\"},\"primaryImageOfPage\":{\"@id\":\"https:\\\/\\\/gastora.eu\\\/product\\\/machine-laver-les-casseroles-56-x-63-cm-400v\\\/#primaryimage\"},\"image\":{\"@id\":\"https:\\\/\\\/gastora.eu\\\/product\\\/machine-laver-les-casseroles-56-x-63-cm-400v\\\/#primaryimage\"},\"thumbnailUrl\":\"https:\\\/\\\/gastora.eu\\\/wp-content\\\/uploads\\\/2026\\\/04\\\/sp-1010-09240110.jpg\",\"datePublished\":\"2026-04-26T08:47:06+00:00\",\"dateModified\":\"2026-04-28T16:57:25+00:00\",\"description\":\"Achetez Machine \u00e0 laver les casseroles - 56 x 63 cm - 400V au meilleur prix, fiable et performant avec une livraison rapide\",\"breadcrumb\":{\"@id\":\"https:\\\/\\\/gastora.eu\\\/product\\\/machine-laver-les-casseroles-56-x-63-cm-400v\\\/#breadcrumb\"},\"inLanguage\":\"en-US\",\"potentialAction\":[{\"@type\":\"ReadAction\",\"target\":[\"https:\\\/\\\/gastora.eu\\\/product\\\/machine-laver-les-casseroles-56-x-63-cm-400v\\\/\"]}]},{\"@type\":\"ImageObject\",\"inLanguage\":\"en-US\",\"@id\":\"https:\\\/\\\/gastora.eu\\\/product\\\/machine-laver-les-casseroles-56-x-63-cm-400v\\\/#primaryimage\",\"url\":\"https:\\\/\\\/gastora.eu\\\/wp-content\\\/uploads\\\/2026\\\/04\\\/sp-1010-09240110.jpg\",\"contentUrl\":\"https:\\\/\\\/gastora.eu\\\/wp-content\\\/uploads\\\/2026\\\/04\\\/sp-1010-09240110.jpg\",\"width\":1200,\"height\":1200},{\"@type\":\"BreadcrumbList\",\"@id\":\"https:\\\/\\\/gastora.eu\\\/product\\\/machine-laver-les-casseroles-56-x-63-cm-400v\\\/#breadcrumb\",\"itemListElement\":[{\"@type\":\"ListItem\",\"position\":1,\"name\":\"Home\",\"item\":\"https:\\\/\\\/gastora.eu\\\/\"},{\"@type\":\"ListItem\",\"position\":2,\"name\":\"Shop\",\"item\":\"https:\\\/\\\/gastora.eu\\\/shop\\\/\"},{\"@type\":\"ListItem\",\"position\":3,\"name\":\"Machine \u00e0 laver les casseroles &#8211; 56 x 63 cm &#8211; 400V\"}]},{\"@type\":\"WebSite\",\"@id\":\"https:\\\/\\\/gastora.eu\\\/#website\",\"url\":\"https:\\\/\\\/gastora.eu\\\/\",\"name\":\"Gastora\",\"description\":\"\u00c9quipements professionnels CHR\",\"publisher\":{\"@id\":\"https:\\\/\\\/gastora.eu\\\/#organization\"},\"potentialAction\":[{\"@type\":\"SearchAction\",\"target\":{\"@type\":\"EntryPoint\",\"urlTemplate\":\"https:\\\/\\\/gastora.eu\\\/?s={search_term_string}\"},\"query-input\":{\"@type\":\"PropertyValueSpecification\",\"valueRequired\":true,\"valueName\":\"search_term_string\"}}],\"inLanguage\":\"en-US\"},{\"@type\":\"Organization\",\"@id\":\"https:\\\/\\\/gastora.eu\\\/#organization\",\"name\":\"Gastora\",\"url\":\"https:\\\/\\\/gastora.eu\\\/\",\"logo\":{\"@type\":\"ImageObject\",\"inLanguage\":\"en-US\",\"@id\":\"https:\\\/\\\/gastora.eu\\\/#\\\/schema\\\/logo\\\/image\\\/\",\"url\":\"https:\\\/\\\/gastora.eu\\\/wp-content\\\/uploads\\\/2025\\\/12\\\/ChatGPT-Image-2-janv.-2026-22_52_47-1.png\",\"contentUrl\":\"https:\\\/\\\/gastora.eu\\\/wp-content\\\/uploads\\\/2025\\\/12\\\/ChatGPT-Image-2-janv.-2026-22_52_47-1.png\",\"width\":1536,\"height\":320,\"caption\":\"Gastora\"},\"image\":{\"@id\":\"https:\\\/\\\/gastora.eu\\\/#\\\/schema\\\/logo\\\/image\\\/\"}}]}<\/script>\n<!-- \/ Yoast SEO plugin. -->","yoast_head_json":{"title":"Machine \u00e0 laver les casseroles - 56 x 63 cm - 400V - Gastora","description":"Achetez Machine \u00e0 laver les casseroles - 56 x 63 cm - 400V au meilleur prix, fiable et performant avec une livraison rapide","robots":{"index":"index","follow":"follow","max-snippet":"max-snippet:-1","max-image-preview":"max-image-preview:large","max-video-preview":"max-video-preview:-1"},"canonical":"https:\/\/gastora.eu\/en\/product\/machine-laver-les-casseroles-56-x-63-cm-400v\/","og_locale":"en_US","og_type":"article","og_title":"Machine \u00e0 laver les casseroles - 56 x 63 cm - 400V - Gastora","og_description":"Achetez Machine \u00e0 laver les casseroles - 56 x 63 cm - 400V au meilleur prix, fiable et performant avec une livraison rapide","og_url":"https:\/\/gastora.eu\/en\/product\/machine-laver-les-casseroles-56-x-63-cm-400v\/","og_site_name":"Gastora","article_modified_time":"2026-04-28T16:57:25+00:00","twitter_card":"summary_large_image","twitter_misc":{"Est. reading time":"3 minutes"},"schema":{"@context":"https:\/\/schema.org","@graph":[{"@type":"WebPage","@id":"https:\/\/gastora.eu\/product\/machine-laver-les-casseroles-56-x-63-cm-400v\/","url":"https:\/\/gastora.eu\/product\/machine-laver-les-casseroles-56-x-63-cm-400v\/","name":"Machine \u00e0 laver les casseroles - 56 x 63 cm - 400V - Gastora","isPartOf":{"@id":"https:\/\/gastora.eu\/#website"},"primaryImageOfPage":{"@id":"https:\/\/gastora.eu\/product\/machine-laver-les-casseroles-56-x-63-cm-400v\/#primaryimage"},"image":{"@id":"https:\/\/gastora.eu\/product\/machine-laver-les-casseroles-56-x-63-cm-400v\/#primaryimage"},"thumbnailUrl":"https:\/\/gastora.eu\/wp-content\/uploads\/2026\/04\/sp-1010-09240110.jpg","datePublished":"2026-04-26T08:47:06+00:00","dateModified":"2026-04-28T16:57:25+00:00","description":"Achetez Machine \u00e0 laver les casseroles - 56 x 63 cm - 400V au meilleur prix, fiable et performant avec une livraison rapide","breadcrumb":{"@id":"https:\/\/gastora.eu\/product\/machine-laver-les-casseroles-56-x-63-cm-400v\/#breadcrumb"},"inLanguage":"en-US","potentialAction":[{"@type":"ReadAction","target":["https:\/\/gastora.eu\/product\/machine-laver-les-casseroles-56-x-63-cm-400v\/"]}]},{"@type":"ImageObject","inLanguage":"en-US","@id":"https:\/\/gastora.eu\/product\/machine-laver-les-casseroles-56-x-63-cm-400v\/#primaryimage","url":"https:\/\/gastora.eu\/wp-content\/uploads\/2026\/04\/sp-1010-09240110.jpg","contentUrl":"https:\/\/gastora.eu\/wp-content\/uploads\/2026\/04\/sp-1010-09240110.jpg","width":1200,"height":1200},{"@type":"BreadcrumbList","@id":"https:\/\/gastora.eu\/product\/machine-laver-les-casseroles-56-x-63-cm-400v\/#breadcrumb","itemListElement":[{"@type":"ListItem","position":1,"name":"Home","item":"https:\/\/gastora.eu\/"},{"@type":"ListItem","position":2,"name":"Shop","item":"https:\/\/gastora.eu\/shop\/"},{"@type":"ListItem","position":3,"name":"Machine \u00e0 laver les casseroles &#8211; 56 x 63 cm &#8211; 400V"}]},{"@type":"WebSite","@id":"https:\/\/gastora.eu\/#website","url":"https:\/\/gastora.eu\/","name":"Gastora","description":"\u00c9quipements professionnels CHR","publisher":{"@id":"https:\/\/gastora.eu\/#organization"},"potentialAction":[{"@type":"SearchAction","target":{"@type":"EntryPoint","urlTemplate":"https:\/\/gastora.eu\/?s={search_term_string}"},"query-input":{"@type":"PropertyValueSpecification","valueRequired":true,"valueName":"search_term_string"}}],"inLanguage":"en-US"},{"@type":"Organization","@id":"https:\/\/gastora.eu\/#organization","name":"Gastora","url":"https:\/\/gastora.eu\/","logo":{"@type":"ImageObject","inLanguage":"en-US","@id":"https:\/\/gastora.eu\/#\/schema\/logo\/image\/","url":"https:\/\/gastora.eu\/wp-content\/uploads\/2025\/12\/ChatGPT-Image-2-janv.-2026-22_52_47-1.png","contentUrl":"https:\/\/gastora.eu\/wp-content\/uploads\/2025\/12\/ChatGPT-Image-2-janv.-2026-22_52_47-1.png","width":1536,"height":320,"caption":"Gastora"},"image":{"@id":"https:\/\/gastora.eu\/#\/schema\/logo\/image\/"}}]}},"jetpack_sharing_enabled":true,"_links":{"self":[{"href":"https:\/\/gastora.eu\/en\/wp-json\/wp\/v2\/product\/14906","targetHints":{"allow":["GET"]}}],"collection":[{"href":"https:\/\/gastora.eu\/en\/wp-json\/wp\/v2\/product"}],"about":[{"href":"https:\/\/gastora.eu\/en\/wp-json\/wp\/v2\/types\/product"}],"wp:featuredmedia":[{"embeddable":true,"href":"https:\/\/gastora.eu\/en\/wp-json\/wp\/v2\/media\/8547"}],"wp:attachment":[{"href":"https:\/\/gastora.eu\/en\/wp-json\/wp\/v2\/media?parent=14906"}],"wp:term":[{"taxonomy":"product_brand","embeddable":true,"href":"https:\/\/gastora.eu\/en\/wp-json\/wp\/v2\/product_brand?post=14906"},{"taxonomy":"product_cat","embeddable":true,"href":"https:\/\/gastora.eu\/en\/wp-json\/wp\/v2\/product_cat?post=14906"},{"taxonomy":"product_tag","embeddable":true,"href":"https:\/\/gastora.eu\/en\/wp-json\/wp\/v2\/product_tag?post=14906"}],"curies":[{"name":"wp","href":"https:\/\/api.w.org\/{rel}","templated":true}]}}