{"id":14895,"date":"2026-04-26T08:46:53","date_gmt":"2026-04-26T08:46:53","guid":{"rendered":"https:\/\/gastora.eu\/?post_type=product&#038;p=14895"},"modified":"2026-04-28T16:57:24","modified_gmt":"2026-04-28T16:57:24","slug":"lave-vaisselle-sous-plan-50-x-50-cm-avec-pompe-de-rinage-230v","status":"publish","type":"product","link":"https:\/\/gastora.eu\/en\/product\/lave-vaisselle-sous-plan-50-x-50-cm-avec-pompe-de-rinage-230v\/","title":{"rendered":"Lave-vaisselle sous plan &#8211; 50 x 50 cm &#8211; avec pompe de rin\u00e7age &#8211; 230V"},"content":{"rendered":"<p>Dans la cuisine professionnelle, o\u00f9 la vaisselle sale est une corv\u00e9e quotidienne, un lave-vaisselle rapide et efficace est indispensable. Gr\u00e2ce \u00e0 deux programmes de lavage complets de 100 et 190 secondes, vous pouvez nettoyer toute la vaisselle rapidement et facilement. Une fois le nettoyage termin\u00e9, la vaisselle est rinc\u00e9e \u00e0 l&#8217;eau chaude afin que tout puisse s\u00e9cher rapidement, pr\u00eate pour la prochaine utilisation. Non seulement il est rapide, mais avec moins de 65dB, c&#8217;est aussi un lave-vaisselle tr\u00e8s silencieux.<\/p>\n<h3>\u00c9conomique et facile \u00e0 utiliser<\/h3>\n<p>Avec une consommation de 2,8 litres d&#8217;eau par cycle, c&#8217;est un lave-vaisselle tr\u00e8s \u00e9conomique. Il est \u00e9galement s\u00fbr \u00e0 utiliser, gr\u00e2ce \u00e0 la protection thermique. Le panneau de commande est prot\u00e9g\u00e9 par la norme IPX4 afin que l&#8217;eau ne p\u00e9n\u00e8tre pas derri\u00e8re les boutons. Il est \u00e9galement facile \u00e0 utiliser : il y a un seul bouton Marche\/Arr\u00eat, un deuxi\u00e8me bouton pour d\u00e9marrer\/arr\u00eater le cycle de lavage, et un troisi\u00e8me bouton pour r\u00e9gler le programme de lavage souhait\u00e9. Trois t\u00e9moins lumineux<strong> <\/strong>indiquent que le lave-vaisselle est pr\u00eat \u00e0 d\u00e9marrer et que le programme de rin\u00e7age est en cours. La vaisselle est lav\u00e9e \u00e0 60\u00b0C et rinc\u00e9e \u00e0 85\u00b0C, elle s\u00e8che donc rapidement. Ce lave-vaisselle est livr\u00e9 avec un panier \u00e0 verres de 50 x 50 cm, un panier \u00e0 assiettes de 50 x 50 cm, un panier \u00e0 couverts et un tuyau d&#8217;alimentation et de vidange pour raccorder l&#8217;appareil \u00e0 l&#8217;alimentation en eau. Ce lave-vaisselle est livr\u00e9 avec une pompe de rin\u00e7age, mais sans pompe \u00e0 savon ni pompe de vidange.<\/p>\n<h3>Rapide \u00e0 nettoyer<\/h3>\n<p>Comme ce puissant lave-vaisselle est enti\u00e8rement fabriqu\u00e9 en acier inoxydable, il est tr\u00e8s facile \u00e0 nettoyer. L&#8217;acier inoxydable lisse est facile \u00e0 essuyer avec un chiffon chaud et un peu de d\u00e9tergent. Les bras de lavage sont fabriqu\u00e9s en ABS sp\u00e9cial, \u00e9galement facile \u00e0 nettoyer. Vous pouvez utiliser diff\u00e9rents types de d\u00e9tergents, tels que la poudre \u00e0 laver, les tablettes, les sachets et les produits de rin\u00e7age.<\/p>\n<p><strong>Caract\u00e9ristiques<\/strong><\/p>\n<ul>\n<li>Machine silencieuse avec seulement &lt;65dB<\/li>\n<li>Comprend une pompe pour le produit de rin\u00e7age<\/li>\n<li>Temp\u00e9rature de rin\u00e7age de 85\u00b0C<\/li>\n<li>Programmes de lavage complets en 100 et 190 secondes<\/li>\n<li>La consommation d&#8217;eau par cycle n&#8217;est que de 2,8 litres<\/li>\n<\/ul>\n<p><strong>Caract\u00e9ristiques du produit<\/strong><\/p>\n<ul>\n<li>Poids net : 54 kg<\/li>\n<li>Capacit\u00e9 du r\u00e9servoir : 22L<\/li>\n<li>Capacit\u00e9 de la chaudi\u00e8re : 6L<\/li>\n<li>Dimensions : L58 \u00d7 P61 x H83cm<\/li>\n<li>Hauteur de la porte : 36,5cm (hauteur max. de la vitre\/plaque 32,5cm)<\/li>\n<li>El\u00e9ment du r\u00e9servoir : 2,0kW<\/li>\n<li>El\u00e9ment de la chaudi\u00e8re : 3,0kW<\/li>\n<li>Pompe de lavage : 0,5kW<\/li>\n<li>230V \/ 50Hz \/ 1 Phase 3560W<\/li>\n<\/ul>\n<p><em>Inclus<\/em><\/p>\n<ul>\n<li>Tuyau d&#8217;alimentation<\/li>\n<li>Tuyau de vidange<\/li>\n<li>Un panier \u00e0 assiettes (50 x 50cm)<\/li>\n<li>Un panier \u00e0 verres (50 x 50cm)<\/li>\n<li>Un panier \u00e0 couverts<\/li>\n<\/ul>","protected":false},"excerpt":{"rendered":"<p>Ce lave-vaisselle puissant et durable garantit une vaisselle \u00e9tincelante en trois minutes environ. Il est bien adapt\u00e9 aux cuisines de taille moyenne qui ont besoin de remettre la vaisselle en service le plus rapidement possible. Gr\u00e2ce \u00e0 ses deux programmes de lavage complets, vous pouvez laver rapidement et en silence toute la vaisselle en un rien de temps.<\/p>","protected":false},"featured_media":8525,"template":"","meta":{"_acf_changed":false},"product_brand":[],"product_cat":[477],"product_tag":[],"class_list":{"0":"post-14895","1":"product","2":"type-product","3":"status-publish","4":"has-post-thumbnail","6":"product_cat-lave-vaisselle-professionnels-2","8":"first","9":"instock","10":"sale","11":"taxable","12":"shipping-taxable","13":"purchasable","14":"product-type-simple"},"acf":[],"yoast_head":"<!-- This site is optimized with the Yoast SEO plugin v27.4 - https:\/\/yoast.com\/product\/yoast-seo-wordpress\/ -->\n<title>Lave-vaisselle sous plan - 50 x 50 cm - avec pompe de rin\u00e7age - 230V - Gastora<\/title>\n<meta name=\"description\" content=\"Achetez Lave-vaisselle sous plan - 50 x 50 cm - avec pompe de rin\u00e7age - 230V au meilleur prix, fiable et performant avec une livraison rapide\" \/>\n<meta name=\"robots\" content=\"index, follow, max-snippet:-1, max-image-preview:large, max-video-preview:-1\" \/>\n<link rel=\"canonical\" href=\"https:\/\/gastora.eu\/en\/product\/lave-vaisselle-sous-plan-50-x-50-cm-avec-pompe-de-rinage-230v\/\" \/>\n<meta property=\"og:locale\" content=\"en_US\" \/>\n<meta property=\"og:type\" content=\"article\" \/>\n<meta property=\"og:title\" content=\"Lave-vaisselle sous plan - 50 x 50 cm - avec pompe de rin\u00e7age - 230V - Gastora\" \/>\n<meta property=\"og:description\" content=\"Achetez Lave-vaisselle sous plan - 50 x 50 cm - avec pompe de rin\u00e7age - 230V au meilleur prix, fiable et performant avec une livraison rapide\" \/>\n<meta property=\"og:url\" content=\"https:\/\/gastora.eu\/en\/product\/lave-vaisselle-sous-plan-50-x-50-cm-avec-pompe-de-rinage-230v\/\" \/>\n<meta property=\"og:site_name\" content=\"Gastora\" \/>\n<meta property=\"article:modified_time\" content=\"2026-04-28T16:57:24+00:00\" \/>\n<meta name=\"twitter:card\" content=\"summary_large_image\" \/>\n<meta name=\"twitter:label1\" content=\"Est. reading time\" \/>\n\t<meta name=\"twitter:data1\" content=\"2 minutes\" \/>\n<script type=\"application\/ld+json\" class=\"yoast-schema-graph\">{\"@context\":\"https:\\\/\\\/schema.org\",\"@graph\":[{\"@type\":\"WebPage\",\"@id\":\"https:\\\/\\\/gastora.eu\\\/product\\\/lave-vaisselle-sous-plan-50-x-50-cm-avec-pompe-de-rinage-230v\\\/\",\"url\":\"https:\\\/\\\/gastora.eu\\\/product\\\/lave-vaisselle-sous-plan-50-x-50-cm-avec-pompe-de-rinage-230v\\\/\",\"name\":\"Lave-vaisselle sous plan - 50 x 50 cm - avec pompe de rin\u00e7age - 230V - Gastora\",\"isPartOf\":{\"@id\":\"https:\\\/\\\/gastora.eu\\\/#website\"},\"primaryImageOfPage\":{\"@id\":\"https:\\\/\\\/gastora.eu\\\/product\\\/lave-vaisselle-sous-plan-50-x-50-cm-avec-pompe-de-rinage-230v\\\/#primaryimage\"},\"image\":{\"@id\":\"https:\\\/\\\/gastora.eu\\\/product\\\/lave-vaisselle-sous-plan-50-x-50-cm-avec-pompe-de-rinage-230v\\\/#primaryimage\"},\"thumbnailUrl\":\"https:\\\/\\\/gastora.eu\\\/wp-content\\\/uploads\\\/2026\\\/04\\\/sp-074.jpg\",\"datePublished\":\"2026-04-26T08:46:53+00:00\",\"dateModified\":\"2026-04-28T16:57:24+00:00\",\"description\":\"Achetez Lave-vaisselle sous plan - 50 x 50 cm - avec pompe de rin\u00e7age - 230V au meilleur prix, fiable et performant avec une livraison rapide\",\"breadcrumb\":{\"@id\":\"https:\\\/\\\/gastora.eu\\\/product\\\/lave-vaisselle-sous-plan-50-x-50-cm-avec-pompe-de-rinage-230v\\\/#breadcrumb\"},\"inLanguage\":\"en-US\",\"potentialAction\":[{\"@type\":\"ReadAction\",\"target\":[\"https:\\\/\\\/gastora.eu\\\/product\\\/lave-vaisselle-sous-plan-50-x-50-cm-avec-pompe-de-rinage-230v\\\/\"]}]},{\"@type\":\"ImageObject\",\"inLanguage\":\"en-US\",\"@id\":\"https:\\\/\\\/gastora.eu\\\/product\\\/lave-vaisselle-sous-plan-50-x-50-cm-avec-pompe-de-rinage-230v\\\/#primaryimage\",\"url\":\"https:\\\/\\\/gastora.eu\\\/wp-content\\\/uploads\\\/2026\\\/04\\\/sp-074.jpg\",\"contentUrl\":\"https:\\\/\\\/gastora.eu\\\/wp-content\\\/uploads\\\/2026\\\/04\\\/sp-074.jpg\",\"width\":1200,\"height\":1200},{\"@type\":\"BreadcrumbList\",\"@id\":\"https:\\\/\\\/gastora.eu\\\/product\\\/lave-vaisselle-sous-plan-50-x-50-cm-avec-pompe-de-rinage-230v\\\/#breadcrumb\",\"itemListElement\":[{\"@type\":\"ListItem\",\"position\":1,\"name\":\"Home\",\"item\":\"https:\\\/\\\/gastora.eu\\\/\"},{\"@type\":\"ListItem\",\"position\":2,\"name\":\"Shop\",\"item\":\"https:\\\/\\\/gastora.eu\\\/shop\\\/\"},{\"@type\":\"ListItem\",\"position\":3,\"name\":\"Lave-vaisselle sous plan &#8211; 50 x 50 cm &#8211; avec pompe de rin\u00e7age &#8211; 230V\"}]},{\"@type\":\"WebSite\",\"@id\":\"https:\\\/\\\/gastora.eu\\\/#website\",\"url\":\"https:\\\/\\\/gastora.eu\\\/\",\"name\":\"Gastora\",\"description\":\"\u00c9quipements professionnels CHR\",\"publisher\":{\"@id\":\"https:\\\/\\\/gastora.eu\\\/#organization\"},\"potentialAction\":[{\"@type\":\"SearchAction\",\"target\":{\"@type\":\"EntryPoint\",\"urlTemplate\":\"https:\\\/\\\/gastora.eu\\\/?s={search_term_string}\"},\"query-input\":{\"@type\":\"PropertyValueSpecification\",\"valueRequired\":true,\"valueName\":\"search_term_string\"}}],\"inLanguage\":\"en-US\"},{\"@type\":\"Organization\",\"@id\":\"https:\\\/\\\/gastora.eu\\\/#organization\",\"name\":\"Gastora\",\"url\":\"https:\\\/\\\/gastora.eu\\\/\",\"logo\":{\"@type\":\"ImageObject\",\"inLanguage\":\"en-US\",\"@id\":\"https:\\\/\\\/gastora.eu\\\/#\\\/schema\\\/logo\\\/image\\\/\",\"url\":\"https:\\\/\\\/gastora.eu\\\/wp-content\\\/uploads\\\/2025\\\/12\\\/ChatGPT-Image-2-janv.-2026-22_52_47-1.png\",\"contentUrl\":\"https:\\\/\\\/gastora.eu\\\/wp-content\\\/uploads\\\/2025\\\/12\\\/ChatGPT-Image-2-janv.-2026-22_52_47-1.png\",\"width\":1536,\"height\":320,\"caption\":\"Gastora\"},\"image\":{\"@id\":\"https:\\\/\\\/gastora.eu\\\/#\\\/schema\\\/logo\\\/image\\\/\"}}]}<\/script>\n<!-- \/ Yoast SEO plugin. -->","yoast_head_json":{"title":"Lave-vaisselle sous plan - 50 x 50 cm - avec pompe de rin\u00e7age - 230V - Gastora","description":"Achetez Lave-vaisselle sous plan - 50 x 50 cm - avec pompe de rin\u00e7age - 230V au meilleur prix, fiable et performant avec une livraison rapide","robots":{"index":"index","follow":"follow","max-snippet":"max-snippet:-1","max-image-preview":"max-image-preview:large","max-video-preview":"max-video-preview:-1"},"canonical":"https:\/\/gastora.eu\/en\/product\/lave-vaisselle-sous-plan-50-x-50-cm-avec-pompe-de-rinage-230v\/","og_locale":"en_US","og_type":"article","og_title":"Lave-vaisselle sous plan - 50 x 50 cm - avec pompe de rin\u00e7age - 230V - Gastora","og_description":"Achetez Lave-vaisselle sous plan - 50 x 50 cm - avec pompe de rin\u00e7age - 230V au meilleur prix, fiable et performant avec une livraison rapide","og_url":"https:\/\/gastora.eu\/en\/product\/lave-vaisselle-sous-plan-50-x-50-cm-avec-pompe-de-rinage-230v\/","og_site_name":"Gastora","article_modified_time":"2026-04-28T16:57:24+00:00","twitter_card":"summary_large_image","twitter_misc":{"Est. reading time":"2 minutes"},"schema":{"@context":"https:\/\/schema.org","@graph":[{"@type":"WebPage","@id":"https:\/\/gastora.eu\/product\/lave-vaisselle-sous-plan-50-x-50-cm-avec-pompe-de-rinage-230v\/","url":"https:\/\/gastora.eu\/product\/lave-vaisselle-sous-plan-50-x-50-cm-avec-pompe-de-rinage-230v\/","name":"Lave-vaisselle sous plan - 50 x 50 cm - avec pompe de rin\u00e7age - 230V - Gastora","isPartOf":{"@id":"https:\/\/gastora.eu\/#website"},"primaryImageOfPage":{"@id":"https:\/\/gastora.eu\/product\/lave-vaisselle-sous-plan-50-x-50-cm-avec-pompe-de-rinage-230v\/#primaryimage"},"image":{"@id":"https:\/\/gastora.eu\/product\/lave-vaisselle-sous-plan-50-x-50-cm-avec-pompe-de-rinage-230v\/#primaryimage"},"thumbnailUrl":"https:\/\/gastora.eu\/wp-content\/uploads\/2026\/04\/sp-074.jpg","datePublished":"2026-04-26T08:46:53+00:00","dateModified":"2026-04-28T16:57:24+00:00","description":"Achetez Lave-vaisselle sous plan - 50 x 50 cm - avec pompe de rin\u00e7age - 230V au meilleur prix, fiable et performant avec une livraison rapide","breadcrumb":{"@id":"https:\/\/gastora.eu\/product\/lave-vaisselle-sous-plan-50-x-50-cm-avec-pompe-de-rinage-230v\/#breadcrumb"},"inLanguage":"en-US","potentialAction":[{"@type":"ReadAction","target":["https:\/\/gastora.eu\/product\/lave-vaisselle-sous-plan-50-x-50-cm-avec-pompe-de-rinage-230v\/"]}]},{"@type":"ImageObject","inLanguage":"en-US","@id":"https:\/\/gastora.eu\/product\/lave-vaisselle-sous-plan-50-x-50-cm-avec-pompe-de-rinage-230v\/#primaryimage","url":"https:\/\/gastora.eu\/wp-content\/uploads\/2026\/04\/sp-074.jpg","contentUrl":"https:\/\/gastora.eu\/wp-content\/uploads\/2026\/04\/sp-074.jpg","width":1200,"height":1200},{"@type":"BreadcrumbList","@id":"https:\/\/gastora.eu\/product\/lave-vaisselle-sous-plan-50-x-50-cm-avec-pompe-de-rinage-230v\/#breadcrumb","itemListElement":[{"@type":"ListItem","position":1,"name":"Home","item":"https:\/\/gastora.eu\/"},{"@type":"ListItem","position":2,"name":"Shop","item":"https:\/\/gastora.eu\/shop\/"},{"@type":"ListItem","position":3,"name":"Lave-vaisselle sous plan &#8211; 50 x 50 cm &#8211; avec pompe de rin\u00e7age &#8211; 230V"}]},{"@type":"WebSite","@id":"https:\/\/gastora.eu\/#website","url":"https:\/\/gastora.eu\/","name":"Gastora","description":"\u00c9quipements professionnels CHR","publisher":{"@id":"https:\/\/gastora.eu\/#organization"},"potentialAction":[{"@type":"SearchAction","target":{"@type":"EntryPoint","urlTemplate":"https:\/\/gastora.eu\/?s={search_term_string}"},"query-input":{"@type":"PropertyValueSpecification","valueRequired":true,"valueName":"search_term_string"}}],"inLanguage":"en-US"},{"@type":"Organization","@id":"https:\/\/gastora.eu\/#organization","name":"Gastora","url":"https:\/\/gastora.eu\/","logo":{"@type":"ImageObject","inLanguage":"en-US","@id":"https:\/\/gastora.eu\/#\/schema\/logo\/image\/","url":"https:\/\/gastora.eu\/wp-content\/uploads\/2025\/12\/ChatGPT-Image-2-janv.-2026-22_52_47-1.png","contentUrl":"https:\/\/gastora.eu\/wp-content\/uploads\/2025\/12\/ChatGPT-Image-2-janv.-2026-22_52_47-1.png","width":1536,"height":320,"caption":"Gastora"},"image":{"@id":"https:\/\/gastora.eu\/#\/schema\/logo\/image\/"}}]}},"jetpack_sharing_enabled":true,"_links":{"self":[{"href":"https:\/\/gastora.eu\/en\/wp-json\/wp\/v2\/product\/14895","targetHints":{"allow":["GET"]}}],"collection":[{"href":"https:\/\/gastora.eu\/en\/wp-json\/wp\/v2\/product"}],"about":[{"href":"https:\/\/gastora.eu\/en\/wp-json\/wp\/v2\/types\/product"}],"wp:featuredmedia":[{"embeddable":true,"href":"https:\/\/gastora.eu\/en\/wp-json\/wp\/v2\/media\/8525"}],"wp:attachment":[{"href":"https:\/\/gastora.eu\/en\/wp-json\/wp\/v2\/media?parent=14895"}],"wp:term":[{"taxonomy":"product_brand","embeddable":true,"href":"https:\/\/gastora.eu\/en\/wp-json\/wp\/v2\/product_brand?post=14895"},{"taxonomy":"product_cat","embeddable":true,"href":"https:\/\/gastora.eu\/en\/wp-json\/wp\/v2\/product_cat?post=14895"},{"taxonomy":"product_tag","embeddable":true,"href":"https:\/\/gastora.eu\/en\/wp-json\/wp\/v2\/product_tag?post=14895"}],"curies":[{"name":"wp","href":"https:\/\/api.w.org\/{rel}","templated":true}]}}