{"id":14881,"date":"2026-04-26T08:46:38","date_gmt":"2026-04-26T08:46:38","guid":{"rendered":"https:\/\/gastora.eu\/?post_type=product&#038;p=14881"},"modified":"2026-04-28T16:57:22","modified_gmt":"2026-04-28T16:57:22","slug":"coupe-frites-rendement-jusqu-1500-kg-h-diffrentes-tailles-de-frites-lectrique","status":"publish","type":"product","link":"https:\/\/gastora.eu\/en\/product\/coupe-frites-rendement-jusqu-1500-kg-h-diffrentes-tailles-de-frites-lectrique\/","title":{"rendered":"Coupe &#8211; frites &#8211; rendement jusqu&#8217;\u00e0 1.500 kg \/ h &#8211; diff\u00e9rentes tailles de frites &#8211; \u00e9lectrique"},"content":{"rendered":"<p>Ce coupe-frites automatique est indispensable lorsque des frites fra\u00eeches sont au menu. Il convient parfaitement aux restaurants, aux fast-foods, aux cantines et \u00e0 tous les endroits o\u00f9 les frites doivent \u00eatre produites en masse. La machine est de construction solide et durable. Avec son corps en acier inoxydable et le m\u00e9canisme de verrouillage du plateau d&#8217;alimentation, c&#8217;est une machine tr\u00e8s s\u00fbre.<\/p>\n<h3>Coupe rapidement la frite parfaite<\/h3>\n<p>Lorsque vous ouvrez le coupe-frites, vous trouvez les lames et le disque de pouss\u00e9e des pommes de terre. Fixez ici l&#8217;un des blocs de lames. Il est important d&#8217;utiliser des pommes de terre de la bonne taille dans la machine. La pomme de terre id\u00e9ale est longue, ce qui permet d&#8217;obtenir des frites plus longues. La longueur maximale que le coupe-frites peut g\u00e9rer est de 12 cm, et son diam\u00e8tre ne doit pas d\u00e9passer 8 cm. N&#8217;utilisez pas de petites pommes de terre, car vous n&#8217;obtiendrez pas de longues frites et elles risquent de se coincer dans la machine. Mettez les pommes de terre \u00e9pluch\u00e9es, fermez l&#8217;appareil et appuyez sur Start. La machine les coupera en belles frites, silencieusement et efficacement. La capacit\u00e9 de production se situe entre 1 000 et 1 500 kg par heure, en fonction de la taille, de la forme de la pomme de terre et du choix de la lame. Un bloc de lames (10 x 10 mm) est inclus, mais des blocs de lames suppl\u00e9mentaires peuvent \u00eatre achet\u00e9s sur notre site Internet.<\/p>\n<h3>Facile \u00e0 nettoyer<\/h3>\n<p>Le nettoyage de cet appareil professionnel est tr\u00e8s simple et rapide. Le tambour et le bloc de lames sont faciles \u00e0 retirer. Vous pouvez nettoyer la cuve tous les jours en faisant couler de l&#8217;eau \u00e0 l&#8217;int\u00e9rieur pour \u00e9vacuer les d\u00e9chets alimentaires. Apr\u00e8s le nettoyage avec une \u00e9ponge et un d\u00e9tergent doux, la machine doit \u00eatre rinc\u00e9e abondamment \u00e0 l&#8217;eau. Les lames sont en acier inoxydable tremp\u00e9 et s&#8217;enl\u00e8vent facilement ; elles peuvent donc \u00e9galement \u00eatre lav\u00e9es quotidiennement.<\/p>\n<p><strong>Caract\u00e9ristiques<\/strong><\/p>\n<ul>\n<li>Coupeur de pommes de terre professionnel<\/li>\n<li>Convient aux pommes de terre jusqu&#8217;\u00e0 12 x \u00d88cm<\/li>\n<li>Bo\u00eetier, disque de pouss\u00e9e et lames en acier inoxydable<\/li>\n<li>Construction simple et robuste<\/li>\n<li>Disque de pouss\u00e9e et bloc de lames facilement amovibles<\/li>\n<\/ul>\n<p><strong>Caract\u00e9ristiques du produit<\/strong><\/p>\n<ul>\n<li>Poids net : 50 kg<\/li>\n<li>Capacit\u00e9 d&#8217;entr\u00e9e : 13-15kg<\/li>\n<li>Capacit\u00e9 de coupe : 1000-1500kg par heure<\/li>\n<li>Dimensions : L40 x P66 x H81,3cm L40 x P66 x H81,3cm<\/li>\n<li>230V \/ 50Hz \/ 1 Phase 370W<\/li>\n<\/ul>\n<p><em>Inclus<\/em><\/p>\n<ul>\n<li>Bloc de lames : 10 x 10mm<\/li>\n<\/ul>\n<p><strong>Ne comprend pas de blocs de lames suppl\u00e9mentaires.<\/strong><\/p>","protected":false},"excerpt":{"rendered":"<p>Ce coupeur de pommes de terre professionnel a une capacit\u00e9 d&#8217;entr\u00e9e de 13 \u00e0 15 kg et un rendement de 1 500 kg par heure. Ce coupe-frites a quatre lames diff\u00e9rentes parmi lesquelles vous pouvez choisir. Il est id\u00e9al pour les restaurants et autres entreprises de restauration qui doivent produire beaucoup de frites.<\/p>","protected":false},"featured_media":8497,"template":"","meta":{"_acf_changed":false},"product_brand":[],"product_cat":[486],"product_tag":[],"class_list":{"0":"post-14881","1":"product","2":"type-product","3":"status-publish","4":"has-post-thumbnail","6":"product_cat-coupe-legumes-2","8":"first","9":"instock","10":"sale","11":"taxable","12":"shipping-taxable","13":"purchasable","14":"product-type-simple"},"acf":[],"yoast_head":"<!-- This site is optimized with the Yoast SEO plugin v27.5 - https:\/\/yoast.com\/product\/yoast-seo-wordpress\/ -->\n<title>Coupe - frites - rendement jusqu&#039;\u00e0 1.500 kg \/ h - diff\u00e9rentes tailles de frites - \u00e9lectrique - Gastora<\/title>\n<meta name=\"description\" content=\"Achetez Coupe - frites - rendement jusqu&#039;\u00e0 1.500 kg \/ h - diff\u00e9rentes tailles de frites - \u00e9lectrique au meilleur prix, fiable et performant avec une livraison rapide\" \/>\n<meta name=\"robots\" content=\"index, follow, max-snippet:-1, max-image-preview:large, max-video-preview:-1\" \/>\n<link rel=\"canonical\" href=\"https:\/\/gastora.eu\/en\/product\/coupe-frites-rendement-jusqu-1500-kg-h-diffrentes-tailles-de-frites-lectrique\/\" \/>\n<meta property=\"og:locale\" content=\"en_US\" \/>\n<meta property=\"og:type\" content=\"article\" \/>\n<meta property=\"og:title\" content=\"Coupe - frites - rendement jusqu&#039;\u00e0 1.500 kg \/ h - diff\u00e9rentes tailles de frites - \u00e9lectrique - Gastora\" \/>\n<meta property=\"og:description\" content=\"Achetez Coupe - frites - rendement jusqu&#039;\u00e0 1.500 kg \/ h - diff\u00e9rentes tailles de frites - \u00e9lectrique au meilleur prix, fiable et performant avec une livraison rapide\" \/>\n<meta property=\"og:url\" content=\"https:\/\/gastora.eu\/en\/product\/coupe-frites-rendement-jusqu-1500-kg-h-diffrentes-tailles-de-frites-lectrique\/\" \/>\n<meta property=\"og:site_name\" content=\"Gastora\" \/>\n<meta property=\"article:modified_time\" content=\"2026-04-28T16:57:22+00:00\" \/>\n<meta name=\"twitter:card\" content=\"summary_large_image\" \/>\n<meta name=\"twitter:label1\" content=\"Est. reading time\" \/>\n\t<meta name=\"twitter:data1\" content=\"2 minutes\" \/>\n<script type=\"application\/ld+json\" class=\"yoast-schema-graph\">{\"@context\":\"https:\\\/\\\/schema.org\",\"@graph\":[{\"@type\":\"WebPage\",\"@id\":\"https:\\\/\\\/gastora.eu\\\/product\\\/coupe-frites-rendement-jusqu-1500-kg-h-diffrentes-tailles-de-frites-lectrique\\\/\",\"url\":\"https:\\\/\\\/gastora.eu\\\/product\\\/coupe-frites-rendement-jusqu-1500-kg-h-diffrentes-tailles-de-frites-lectrique\\\/\",\"name\":\"Coupe - frites - rendement jusqu'\u00e0 1.500 kg \\\/ h - diff\u00e9rentes tailles de frites - \u00e9lectrique - Gastora\",\"isPartOf\":{\"@id\":\"https:\\\/\\\/gastora.eu\\\/#website\"},\"primaryImageOfPage\":{\"@id\":\"https:\\\/\\\/gastora.eu\\\/product\\\/coupe-frites-rendement-jusqu-1500-kg-h-diffrentes-tailles-de-frites-lectrique\\\/#primaryimage\"},\"image\":{\"@id\":\"https:\\\/\\\/gastora.eu\\\/product\\\/coupe-frites-rendement-jusqu-1500-kg-h-diffrentes-tailles-de-frites-lectrique\\\/#primaryimage\"},\"thumbnailUrl\":\"https:\\\/\\\/gastora.eu\\\/wp-content\\\/uploads\\\/2026\\\/04\\\/09399303_0318.jpg\",\"datePublished\":\"2026-04-26T08:46:38+00:00\",\"dateModified\":\"2026-04-28T16:57:22+00:00\",\"description\":\"Achetez Coupe - frites - rendement jusqu'\u00e0 1.500 kg \\\/ h - diff\u00e9rentes tailles de frites - \u00e9lectrique au meilleur prix, fiable et performant avec une livraison rapide\",\"breadcrumb\":{\"@id\":\"https:\\\/\\\/gastora.eu\\\/product\\\/coupe-frites-rendement-jusqu-1500-kg-h-diffrentes-tailles-de-frites-lectrique\\\/#breadcrumb\"},\"inLanguage\":\"en-US\",\"potentialAction\":[{\"@type\":\"ReadAction\",\"target\":[\"https:\\\/\\\/gastora.eu\\\/product\\\/coupe-frites-rendement-jusqu-1500-kg-h-diffrentes-tailles-de-frites-lectrique\\\/\"]}]},{\"@type\":\"ImageObject\",\"inLanguage\":\"en-US\",\"@id\":\"https:\\\/\\\/gastora.eu\\\/product\\\/coupe-frites-rendement-jusqu-1500-kg-h-diffrentes-tailles-de-frites-lectrique\\\/#primaryimage\",\"url\":\"https:\\\/\\\/gastora.eu\\\/wp-content\\\/uploads\\\/2026\\\/04\\\/09399303_0318.jpg\",\"contentUrl\":\"https:\\\/\\\/gastora.eu\\\/wp-content\\\/uploads\\\/2026\\\/04\\\/09399303_0318.jpg\",\"width\":1200,\"height\":1200},{\"@type\":\"BreadcrumbList\",\"@id\":\"https:\\\/\\\/gastora.eu\\\/product\\\/coupe-frites-rendement-jusqu-1500-kg-h-diffrentes-tailles-de-frites-lectrique\\\/#breadcrumb\",\"itemListElement\":[{\"@type\":\"ListItem\",\"position\":1,\"name\":\"Home\",\"item\":\"https:\\\/\\\/gastora.eu\\\/\"},{\"@type\":\"ListItem\",\"position\":2,\"name\":\"Shop\",\"item\":\"https:\\\/\\\/gastora.eu\\\/shop\\\/\"},{\"@type\":\"ListItem\",\"position\":3,\"name\":\"Coupe &#8211; frites &#8211; rendement jusqu&#8217;\u00e0 1.500 kg \\\/ h &#8211; diff\u00e9rentes tailles de frites &#8211; \u00e9lectrique\"}]},{\"@type\":\"WebSite\",\"@id\":\"https:\\\/\\\/gastora.eu\\\/#website\",\"url\":\"https:\\\/\\\/gastora.eu\\\/\",\"name\":\"Gastora\",\"description\":\"\u00c9quipements professionnels CHR\",\"publisher\":{\"@id\":\"https:\\\/\\\/gastora.eu\\\/#organization\"},\"potentialAction\":[{\"@type\":\"SearchAction\",\"target\":{\"@type\":\"EntryPoint\",\"urlTemplate\":\"https:\\\/\\\/gastora.eu\\\/?s={search_term_string}\"},\"query-input\":{\"@type\":\"PropertyValueSpecification\",\"valueRequired\":true,\"valueName\":\"search_term_string\"}}],\"inLanguage\":\"en-US\"},{\"@type\":\"Organization\",\"@id\":\"https:\\\/\\\/gastora.eu\\\/#organization\",\"name\":\"Gastora\",\"url\":\"https:\\\/\\\/gastora.eu\\\/\",\"logo\":{\"@type\":\"ImageObject\",\"inLanguage\":\"en-US\",\"@id\":\"https:\\\/\\\/gastora.eu\\\/#\\\/schema\\\/logo\\\/image\\\/\",\"url\":\"https:\\\/\\\/gastora.eu\\\/wp-content\\\/uploads\\\/2025\\\/12\\\/ChatGPT-Image-2-janv.-2026-22_52_47-1.png\",\"contentUrl\":\"https:\\\/\\\/gastora.eu\\\/wp-content\\\/uploads\\\/2025\\\/12\\\/ChatGPT-Image-2-janv.-2026-22_52_47-1.png\",\"width\":1536,\"height\":320,\"caption\":\"Gastora\"},\"image\":{\"@id\":\"https:\\\/\\\/gastora.eu\\\/#\\\/schema\\\/logo\\\/image\\\/\"}}]}<\/script>\n<!-- \/ Yoast SEO plugin. -->","yoast_head_json":{"title":"Coupe - frites - rendement jusqu'\u00e0 1.500 kg \/ h - diff\u00e9rentes tailles de frites - \u00e9lectrique - Gastora","description":"Achetez Coupe - frites - rendement jusqu'\u00e0 1.500 kg \/ h - diff\u00e9rentes tailles de frites - \u00e9lectrique au meilleur prix, fiable et performant avec une livraison rapide","robots":{"index":"index","follow":"follow","max-snippet":"max-snippet:-1","max-image-preview":"max-image-preview:large","max-video-preview":"max-video-preview:-1"},"canonical":"https:\/\/gastora.eu\/en\/product\/coupe-frites-rendement-jusqu-1500-kg-h-diffrentes-tailles-de-frites-lectrique\/","og_locale":"en_US","og_type":"article","og_title":"Coupe - frites - rendement jusqu'\u00e0 1.500 kg \/ h - diff\u00e9rentes tailles de frites - \u00e9lectrique - Gastora","og_description":"Achetez Coupe - frites - rendement jusqu'\u00e0 1.500 kg \/ h - diff\u00e9rentes tailles de frites - \u00e9lectrique au meilleur prix, fiable et performant avec une livraison rapide","og_url":"https:\/\/gastora.eu\/en\/product\/coupe-frites-rendement-jusqu-1500-kg-h-diffrentes-tailles-de-frites-lectrique\/","og_site_name":"Gastora","article_modified_time":"2026-04-28T16:57:22+00:00","twitter_card":"summary_large_image","twitter_misc":{"Est. reading time":"2 minutes"},"schema":{"@context":"https:\/\/schema.org","@graph":[{"@type":"WebPage","@id":"https:\/\/gastora.eu\/product\/coupe-frites-rendement-jusqu-1500-kg-h-diffrentes-tailles-de-frites-lectrique\/","url":"https:\/\/gastora.eu\/product\/coupe-frites-rendement-jusqu-1500-kg-h-diffrentes-tailles-de-frites-lectrique\/","name":"Coupe - frites - rendement jusqu'\u00e0 1.500 kg \/ h - diff\u00e9rentes tailles de frites - \u00e9lectrique - Gastora","isPartOf":{"@id":"https:\/\/gastora.eu\/#website"},"primaryImageOfPage":{"@id":"https:\/\/gastora.eu\/product\/coupe-frites-rendement-jusqu-1500-kg-h-diffrentes-tailles-de-frites-lectrique\/#primaryimage"},"image":{"@id":"https:\/\/gastora.eu\/product\/coupe-frites-rendement-jusqu-1500-kg-h-diffrentes-tailles-de-frites-lectrique\/#primaryimage"},"thumbnailUrl":"https:\/\/gastora.eu\/wp-content\/uploads\/2026\/04\/09399303_0318.jpg","datePublished":"2026-04-26T08:46:38+00:00","dateModified":"2026-04-28T16:57:22+00:00","description":"Achetez Coupe - frites - rendement jusqu'\u00e0 1.500 kg \/ h - diff\u00e9rentes tailles de frites - \u00e9lectrique au meilleur prix, fiable et performant avec une livraison rapide","breadcrumb":{"@id":"https:\/\/gastora.eu\/product\/coupe-frites-rendement-jusqu-1500-kg-h-diffrentes-tailles-de-frites-lectrique\/#breadcrumb"},"inLanguage":"en-US","potentialAction":[{"@type":"ReadAction","target":["https:\/\/gastora.eu\/product\/coupe-frites-rendement-jusqu-1500-kg-h-diffrentes-tailles-de-frites-lectrique\/"]}]},{"@type":"ImageObject","inLanguage":"en-US","@id":"https:\/\/gastora.eu\/product\/coupe-frites-rendement-jusqu-1500-kg-h-diffrentes-tailles-de-frites-lectrique\/#primaryimage","url":"https:\/\/gastora.eu\/wp-content\/uploads\/2026\/04\/09399303_0318.jpg","contentUrl":"https:\/\/gastora.eu\/wp-content\/uploads\/2026\/04\/09399303_0318.jpg","width":1200,"height":1200},{"@type":"BreadcrumbList","@id":"https:\/\/gastora.eu\/product\/coupe-frites-rendement-jusqu-1500-kg-h-diffrentes-tailles-de-frites-lectrique\/#breadcrumb","itemListElement":[{"@type":"ListItem","position":1,"name":"Home","item":"https:\/\/gastora.eu\/"},{"@type":"ListItem","position":2,"name":"Shop","item":"https:\/\/gastora.eu\/shop\/"},{"@type":"ListItem","position":3,"name":"Coupe &#8211; frites &#8211; rendement jusqu&#8217;\u00e0 1.500 kg \/ h &#8211; diff\u00e9rentes tailles de frites &#8211; \u00e9lectrique"}]},{"@type":"WebSite","@id":"https:\/\/gastora.eu\/#website","url":"https:\/\/gastora.eu\/","name":"Gastora","description":"\u00c9quipements professionnels CHR","publisher":{"@id":"https:\/\/gastora.eu\/#organization"},"potentialAction":[{"@type":"SearchAction","target":{"@type":"EntryPoint","urlTemplate":"https:\/\/gastora.eu\/?s={search_term_string}"},"query-input":{"@type":"PropertyValueSpecification","valueRequired":true,"valueName":"search_term_string"}}],"inLanguage":"en-US"},{"@type":"Organization","@id":"https:\/\/gastora.eu\/#organization","name":"Gastora","url":"https:\/\/gastora.eu\/","logo":{"@type":"ImageObject","inLanguage":"en-US","@id":"https:\/\/gastora.eu\/#\/schema\/logo\/image\/","url":"https:\/\/gastora.eu\/wp-content\/uploads\/2025\/12\/ChatGPT-Image-2-janv.-2026-22_52_47-1.png","contentUrl":"https:\/\/gastora.eu\/wp-content\/uploads\/2025\/12\/ChatGPT-Image-2-janv.-2026-22_52_47-1.png","width":1536,"height":320,"caption":"Gastora"},"image":{"@id":"https:\/\/gastora.eu\/#\/schema\/logo\/image\/"}}]}},"jetpack_sharing_enabled":true,"_links":{"self":[{"href":"https:\/\/gastora.eu\/en\/wp-json\/wp\/v2\/product\/14881","targetHints":{"allow":["GET"]}}],"collection":[{"href":"https:\/\/gastora.eu\/en\/wp-json\/wp\/v2\/product"}],"about":[{"href":"https:\/\/gastora.eu\/en\/wp-json\/wp\/v2\/types\/product"}],"wp:featuredmedia":[{"embeddable":true,"href":"https:\/\/gastora.eu\/en\/wp-json\/wp\/v2\/media\/8497"}],"wp:attachment":[{"href":"https:\/\/gastora.eu\/en\/wp-json\/wp\/v2\/media?parent=14881"}],"wp:term":[{"taxonomy":"product_brand","embeddable":true,"href":"https:\/\/gastora.eu\/en\/wp-json\/wp\/v2\/product_brand?post=14881"},{"taxonomy":"product_cat","embeddable":true,"href":"https:\/\/gastora.eu\/en\/wp-json\/wp\/v2\/product_cat?post=14881"},{"taxonomy":"product_tag","embeddable":true,"href":"https:\/\/gastora.eu\/en\/wp-json\/wp\/v2\/product_tag?post=14881"}],"curies":[{"name":"wp","href":"https:\/\/api.w.org\/{rel}","templated":true}]}}