{"id":14876,"date":"2026-04-26T08:46:31","date_gmt":"2026-04-26T08:46:31","guid":{"rendered":"https:\/\/gastora.eu\/?post_type=product&#038;p=14876"},"modified":"2026-04-28T16:57:22","modified_gmt":"2026-04-28T16:57:22","slug":"grille-charbon-de-bois-16-pouces41-cm-et-18-pouces46-cm","status":"publish","type":"product","link":"https:\/\/gastora.eu\/en\/product\/grille-charbon-de-bois-16-pouces41-cm-et-18-pouces46-cm\/","title":{"rendered":"Grille \u00e0 charbon de bois \u00d8 16 pouces\/41 cm et \u00d8 18 pouces\/46 cm"},"content":{"rendered":"<p>La grille \u00e0 charbon de bois en fonte se trouve au fond de la bo\u00eete \u00e0 feu en c\u00e9ramique du Kamado. Les braises reposent sur la grille \u00e0 charbon de bois. Les trous de la grille assurent une bonne circulation de l&#8217;air.<\/p>\n<p>Caract\u00e9ristiques du produit<\/p>\n<ul>\n<li>Dimensions de la grille : \u00d8 20 cm<\/li>\n<li>Convient aux barbecues Kamado 16 pouces\/41cm et 18 pouces\/46cm<\/li>\n<\/ul>","protected":false},"excerpt":{"rendered":"<p>Grille pour charbon de bois \u00d8 16 pouces\/41cm et \u00d8 18 pouces\/46cm<\/p>","protected":false},"featured_media":8487,"template":"","meta":{"_acf_changed":false},"product_brand":[],"product_cat":[470],"product_tag":[],"class_list":{"0":"post-14876","1":"product","2":"type-product","3":"status-publish","4":"has-post-thumbnail","6":"product_cat-grills-planchas-2","8":"first","9":"instock","10":"sale","11":"taxable","12":"shipping-taxable","13":"purchasable","14":"product-type-simple"},"acf":[],"yoast_head":"<!-- This site is optimized with the Yoast SEO plugin v27.5 - https:\/\/yoast.com\/product\/yoast-seo-wordpress\/ -->\n<title>Grille \u00e0 charbon de bois \u00d8 16 pouces\/41 cm et \u00d8 18 pouces\/46 cm - Gastora<\/title>\n<meta name=\"description\" content=\"Achetez Grille \u00e0 charbon de bois \u00d8 16 pouces\/41 cm et \u00d8 18 pouces\/46 cm au meilleur prix, fiable et performant avec une livraison rapide\" \/>\n<meta name=\"robots\" content=\"index, follow, max-snippet:-1, max-image-preview:large, max-video-preview:-1\" \/>\n<link rel=\"canonical\" href=\"https:\/\/gastora.eu\/en\/product\/grille-charbon-de-bois-16-pouces41-cm-et-18-pouces46-cm\/\" \/>\n<meta property=\"og:locale\" content=\"en_US\" \/>\n<meta property=\"og:type\" content=\"article\" \/>\n<meta property=\"og:title\" content=\"Grille \u00e0 charbon de bois \u00d8 16 pouces\/41 cm et \u00d8 18 pouces\/46 cm - Gastora\" \/>\n<meta property=\"og:description\" content=\"Achetez Grille \u00e0 charbon de bois \u00d8 16 pouces\/41 cm et \u00d8 18 pouces\/46 cm au meilleur prix, fiable et performant avec une livraison rapide\" \/>\n<meta property=\"og:url\" content=\"https:\/\/gastora.eu\/en\/product\/grille-charbon-de-bois-16-pouces41-cm-et-18-pouces46-cm\/\" \/>\n<meta property=\"og:site_name\" content=\"Gastora\" \/>\n<meta property=\"article:modified_time\" content=\"2026-04-28T16:57:22+00:00\" \/>\n<meta name=\"twitter:card\" content=\"summary_large_image\" \/>\n<script type=\"application\/ld+json\" class=\"yoast-schema-graph\">{\"@context\":\"https:\\\/\\\/schema.org\",\"@graph\":[{\"@type\":\"WebPage\",\"@id\":\"https:\\\/\\\/gastora.eu\\\/product\\\/grille-charbon-de-bois-16-pouces41-cm-et-18-pouces46-cm\\\/\",\"url\":\"https:\\\/\\\/gastora.eu\\\/product\\\/grille-charbon-de-bois-16-pouces41-cm-et-18-pouces46-cm\\\/\",\"name\":\"Grille \u00e0 charbon de bois \u00d8 16 pouces\\\/41 cm et \u00d8 18 pouces\\\/46 cm - Gastora\",\"isPartOf\":{\"@id\":\"https:\\\/\\\/gastora.eu\\\/#website\"},\"primaryImageOfPage\":{\"@id\":\"https:\\\/\\\/gastora.eu\\\/product\\\/grille-charbon-de-bois-16-pouces41-cm-et-18-pouces46-cm\\\/#primaryimage\"},\"image\":{\"@id\":\"https:\\\/\\\/gastora.eu\\\/product\\\/grille-charbon-de-bois-16-pouces41-cm-et-18-pouces46-cm\\\/#primaryimage\"},\"thumbnailUrl\":\"https:\\\/\\\/gastora.eu\\\/wp-content\\\/uploads\\\/2026\\\/04\\\/MAX_20240117171300_8720783946860_image0001.jpg\",\"datePublished\":\"2026-04-26T08:46:31+00:00\",\"dateModified\":\"2026-04-28T16:57:22+00:00\",\"description\":\"Achetez Grille \u00e0 charbon de bois \u00d8 16 pouces\\\/41 cm et \u00d8 18 pouces\\\/46 cm au meilleur prix, fiable et performant avec une livraison rapide\",\"breadcrumb\":{\"@id\":\"https:\\\/\\\/gastora.eu\\\/product\\\/grille-charbon-de-bois-16-pouces41-cm-et-18-pouces46-cm\\\/#breadcrumb\"},\"inLanguage\":\"en-US\",\"potentialAction\":[{\"@type\":\"ReadAction\",\"target\":[\"https:\\\/\\\/gastora.eu\\\/product\\\/grille-charbon-de-bois-16-pouces41-cm-et-18-pouces46-cm\\\/\"]}]},{\"@type\":\"ImageObject\",\"inLanguage\":\"en-US\",\"@id\":\"https:\\\/\\\/gastora.eu\\\/product\\\/grille-charbon-de-bois-16-pouces41-cm-et-18-pouces46-cm\\\/#primaryimage\",\"url\":\"https:\\\/\\\/gastora.eu\\\/wp-content\\\/uploads\\\/2026\\\/04\\\/MAX_20240117171300_8720783946860_image0001.jpg\",\"contentUrl\":\"https:\\\/\\\/gastora.eu\\\/wp-content\\\/uploads\\\/2026\\\/04\\\/MAX_20240117171300_8720783946860_image0001.jpg\",\"width\":1200,\"height\":800},{\"@type\":\"BreadcrumbList\",\"@id\":\"https:\\\/\\\/gastora.eu\\\/product\\\/grille-charbon-de-bois-16-pouces41-cm-et-18-pouces46-cm\\\/#breadcrumb\",\"itemListElement\":[{\"@type\":\"ListItem\",\"position\":1,\"name\":\"Home\",\"item\":\"https:\\\/\\\/gastora.eu\\\/\"},{\"@type\":\"ListItem\",\"position\":2,\"name\":\"Shop\",\"item\":\"https:\\\/\\\/gastora.eu\\\/shop\\\/\"},{\"@type\":\"ListItem\",\"position\":3,\"name\":\"Grille \u00e0 charbon de bois \u00d8 16 pouces\\\/41 cm et \u00d8 18 pouces\\\/46 cm\"}]},{\"@type\":\"WebSite\",\"@id\":\"https:\\\/\\\/gastora.eu\\\/#website\",\"url\":\"https:\\\/\\\/gastora.eu\\\/\",\"name\":\"Gastora\",\"description\":\"\u00c9quipements professionnels CHR\",\"publisher\":{\"@id\":\"https:\\\/\\\/gastora.eu\\\/#organization\"},\"potentialAction\":[{\"@type\":\"SearchAction\",\"target\":{\"@type\":\"EntryPoint\",\"urlTemplate\":\"https:\\\/\\\/gastora.eu\\\/?s={search_term_string}\"},\"query-input\":{\"@type\":\"PropertyValueSpecification\",\"valueRequired\":true,\"valueName\":\"search_term_string\"}}],\"inLanguage\":\"en-US\"},{\"@type\":\"Organization\",\"@id\":\"https:\\\/\\\/gastora.eu\\\/#organization\",\"name\":\"Gastora\",\"url\":\"https:\\\/\\\/gastora.eu\\\/\",\"logo\":{\"@type\":\"ImageObject\",\"inLanguage\":\"en-US\",\"@id\":\"https:\\\/\\\/gastora.eu\\\/#\\\/schema\\\/logo\\\/image\\\/\",\"url\":\"https:\\\/\\\/gastora.eu\\\/wp-content\\\/uploads\\\/2025\\\/12\\\/ChatGPT-Image-2-janv.-2026-22_52_47-1.png\",\"contentUrl\":\"https:\\\/\\\/gastora.eu\\\/wp-content\\\/uploads\\\/2025\\\/12\\\/ChatGPT-Image-2-janv.-2026-22_52_47-1.png\",\"width\":1536,\"height\":320,\"caption\":\"Gastora\"},\"image\":{\"@id\":\"https:\\\/\\\/gastora.eu\\\/#\\\/schema\\\/logo\\\/image\\\/\"}}]}<\/script>\n<!-- \/ Yoast SEO plugin. -->","yoast_head_json":{"title":"Grille \u00e0 charbon de bois \u00d8 16 pouces\/41 cm et \u00d8 18 pouces\/46 cm - Gastora","description":"Achetez Grille \u00e0 charbon de bois \u00d8 16 pouces\/41 cm et \u00d8 18 pouces\/46 cm au meilleur prix, fiable et performant avec une livraison rapide","robots":{"index":"index","follow":"follow","max-snippet":"max-snippet:-1","max-image-preview":"max-image-preview:large","max-video-preview":"max-video-preview:-1"},"canonical":"https:\/\/gastora.eu\/en\/product\/grille-charbon-de-bois-16-pouces41-cm-et-18-pouces46-cm\/","og_locale":"en_US","og_type":"article","og_title":"Grille \u00e0 charbon de bois \u00d8 16 pouces\/41 cm et \u00d8 18 pouces\/46 cm - Gastora","og_description":"Achetez Grille \u00e0 charbon de bois \u00d8 16 pouces\/41 cm et \u00d8 18 pouces\/46 cm au meilleur prix, fiable et performant avec une livraison rapide","og_url":"https:\/\/gastora.eu\/en\/product\/grille-charbon-de-bois-16-pouces41-cm-et-18-pouces46-cm\/","og_site_name":"Gastora","article_modified_time":"2026-04-28T16:57:22+00:00","twitter_card":"summary_large_image","schema":{"@context":"https:\/\/schema.org","@graph":[{"@type":"WebPage","@id":"https:\/\/gastora.eu\/product\/grille-charbon-de-bois-16-pouces41-cm-et-18-pouces46-cm\/","url":"https:\/\/gastora.eu\/product\/grille-charbon-de-bois-16-pouces41-cm-et-18-pouces46-cm\/","name":"Grille \u00e0 charbon de bois \u00d8 16 pouces\/41 cm et \u00d8 18 pouces\/46 cm - Gastora","isPartOf":{"@id":"https:\/\/gastora.eu\/#website"},"primaryImageOfPage":{"@id":"https:\/\/gastora.eu\/product\/grille-charbon-de-bois-16-pouces41-cm-et-18-pouces46-cm\/#primaryimage"},"image":{"@id":"https:\/\/gastora.eu\/product\/grille-charbon-de-bois-16-pouces41-cm-et-18-pouces46-cm\/#primaryimage"},"thumbnailUrl":"https:\/\/gastora.eu\/wp-content\/uploads\/2026\/04\/MAX_20240117171300_8720783946860_image0001.jpg","datePublished":"2026-04-26T08:46:31+00:00","dateModified":"2026-04-28T16:57:22+00:00","description":"Achetez Grille \u00e0 charbon de bois \u00d8 16 pouces\/41 cm et \u00d8 18 pouces\/46 cm au meilleur prix, fiable et performant avec une livraison rapide","breadcrumb":{"@id":"https:\/\/gastora.eu\/product\/grille-charbon-de-bois-16-pouces41-cm-et-18-pouces46-cm\/#breadcrumb"},"inLanguage":"en-US","potentialAction":[{"@type":"ReadAction","target":["https:\/\/gastora.eu\/product\/grille-charbon-de-bois-16-pouces41-cm-et-18-pouces46-cm\/"]}]},{"@type":"ImageObject","inLanguage":"en-US","@id":"https:\/\/gastora.eu\/product\/grille-charbon-de-bois-16-pouces41-cm-et-18-pouces46-cm\/#primaryimage","url":"https:\/\/gastora.eu\/wp-content\/uploads\/2026\/04\/MAX_20240117171300_8720783946860_image0001.jpg","contentUrl":"https:\/\/gastora.eu\/wp-content\/uploads\/2026\/04\/MAX_20240117171300_8720783946860_image0001.jpg","width":1200,"height":800},{"@type":"BreadcrumbList","@id":"https:\/\/gastora.eu\/product\/grille-charbon-de-bois-16-pouces41-cm-et-18-pouces46-cm\/#breadcrumb","itemListElement":[{"@type":"ListItem","position":1,"name":"Home","item":"https:\/\/gastora.eu\/"},{"@type":"ListItem","position":2,"name":"Shop","item":"https:\/\/gastora.eu\/shop\/"},{"@type":"ListItem","position":3,"name":"Grille \u00e0 charbon de bois \u00d8 16 pouces\/41 cm et \u00d8 18 pouces\/46 cm"}]},{"@type":"WebSite","@id":"https:\/\/gastora.eu\/#website","url":"https:\/\/gastora.eu\/","name":"Gastora","description":"\u00c9quipements professionnels CHR","publisher":{"@id":"https:\/\/gastora.eu\/#organization"},"potentialAction":[{"@type":"SearchAction","target":{"@type":"EntryPoint","urlTemplate":"https:\/\/gastora.eu\/?s={search_term_string}"},"query-input":{"@type":"PropertyValueSpecification","valueRequired":true,"valueName":"search_term_string"}}],"inLanguage":"en-US"},{"@type":"Organization","@id":"https:\/\/gastora.eu\/#organization","name":"Gastora","url":"https:\/\/gastora.eu\/","logo":{"@type":"ImageObject","inLanguage":"en-US","@id":"https:\/\/gastora.eu\/#\/schema\/logo\/image\/","url":"https:\/\/gastora.eu\/wp-content\/uploads\/2025\/12\/ChatGPT-Image-2-janv.-2026-22_52_47-1.png","contentUrl":"https:\/\/gastora.eu\/wp-content\/uploads\/2025\/12\/ChatGPT-Image-2-janv.-2026-22_52_47-1.png","width":1536,"height":320,"caption":"Gastora"},"image":{"@id":"https:\/\/gastora.eu\/#\/schema\/logo\/image\/"}}]}},"jetpack_sharing_enabled":true,"_links":{"self":[{"href":"https:\/\/gastora.eu\/en\/wp-json\/wp\/v2\/product\/14876","targetHints":{"allow":["GET"]}}],"collection":[{"href":"https:\/\/gastora.eu\/en\/wp-json\/wp\/v2\/product"}],"about":[{"href":"https:\/\/gastora.eu\/en\/wp-json\/wp\/v2\/types\/product"}],"wp:featuredmedia":[{"embeddable":true,"href":"https:\/\/gastora.eu\/en\/wp-json\/wp\/v2\/media\/8487"}],"wp:attachment":[{"href":"https:\/\/gastora.eu\/en\/wp-json\/wp\/v2\/media?parent=14876"}],"wp:term":[{"taxonomy":"product_brand","embeddable":true,"href":"https:\/\/gastora.eu\/en\/wp-json\/wp\/v2\/product_brand?post=14876"},{"taxonomy":"product_cat","embeddable":true,"href":"https:\/\/gastora.eu\/en\/wp-json\/wp\/v2\/product_cat?post=14876"},{"taxonomy":"product_tag","embeddable":true,"href":"https:\/\/gastora.eu\/en\/wp-json\/wp\/v2\/product_tag?post=14876"}],"curies":[{"name":"wp","href":"https:\/\/api.w.org\/{rel}","templated":true}]}}