{"id":14867,"date":"2026-04-26T08:46:18","date_gmt":"2026-04-26T08:46:18","guid":{"rendered":"https:\/\/gastora.eu\/?post_type=product&#038;p=14867"},"modified":"2026-04-28T16:57:20","modified_gmt":"2026-04-28T16:57:20","slug":"lave-vaisselle-capot-50-x-50-cm-avec-pompes-de-rinage-et-de-savon-affichage-numrique-400v","status":"publish","type":"product","link":"https:\/\/gastora.eu\/en\/product\/lave-vaisselle-capot-50-x-50-cm-avec-pompes-de-rinage-et-de-savon-affichage-numrique-400v\/","title":{"rendered":"Lave-vaisselle \u00e0 capot &#8211; 50 x 50 cm &#8211; avec pompes de rin\u00e7age et de savon &#8211; affichage num\u00e9rique &#8211; 400V"},"content":{"rendered":"<p>Ce lave-vaisselle \u00e0 passage est indispensable pour les \u00e9tablissements de restauration qui traitent de grandes quantit\u00e9s de vaisselle sale. Il permet le passage rapide des paniers, assurant ainsi une manipulation tr\u00e8s efficace de la vaisselle. Il est \u00e9quip\u00e9 d&#8217;un panneau de commande num\u00e9rique et de trois programmes de lavage de 55, 105 et 195 secondes. La temp\u00e9rature de lavage est de 55-60\u00b0C et le cycle de rin\u00e7age de 80-85\u00b0C, ce qui permet un s\u00e9chage rapide de la vaisselle. L&#8217;appareil fonctionne silencieusement, avec un niveau sonore inf\u00e9rieur \u00e0 75 dB. Ce lave-vaisselle est tr\u00e8s \u00e9conomique, puisqu&#8217;il ne consomme que 2,8 litres d&#8217;eau par cycle. Il offre des fonctions de s\u00e9curit\u00e9, telles que la protection thermique et la protection IPX5 du panneau de commande. Il est \u00e9galement facile \u00e0 utiliser gr\u00e2ce \u00e0 un seul bouton pour le remplissage et le chauffage de l&#8217;eau dans le r\u00e9servoir de la chaudi\u00e8re. Le pressostat num\u00e9rique du r\u00e9servoir de lavage permet de r\u00e9gler facilement le niveau d&#8217;eau, tandis que le capteur NTC contr\u00f4le le thermostat. Vous pouvez choisir de pr\u00e9chauffer l&#8217;eau ou de commencer par un lavage \u00e0 froid. Quatre voyants lumineux indiquent l&#8217;\u00e9tat de remplissage, de chauffage, de lavage et la dur\u00e9e des programmes. Ce lave-vaisselle \u00e9met un son lorsque le cycle est termin\u00e9.<\/p>\n<h3>Id\u00e9al pour les cha\u00eenes de lavage de vaisselle<\/h3>\n<p>Ce lave-vaisselle professionnel offre plusieurs avantages, notamment la possibilit\u00e9 de le raccorder \u00e0 une table de lavage en acier inoxydable pour le pr\u00e9rin\u00e7age. Cela permet de cr\u00e9er un flux de travail continu, du pr\u00e9rin\u00e7age au s\u00e9chage. L&#8217;appareil et nos tables pour lave-vaisselle sont tous deux \u00e9quip\u00e9s de pieds r\u00e9glables, ce qui vous permet d&#8217;obtenir la hauteur de travail id\u00e9ale. Gr\u00e2ce \u00e0 cette configuration, la vaisselle sale est nettoy\u00e9e rapidement et facilement. Pour commencer, il suffit de placer toute la vaisselle dans le panier du lave-vaisselle et de la rincer avec une douche de pr\u00e9lavage. Poussez ensuite le panier dans le lave-vaisselle. Une fois le programme de lavage termin\u00e9, faites glisser le panier sur une table d&#8217;\u00e9gouttage et laissez la vaisselle s\u00e9cher. Cette machine convient \u00e9galement aux installations d&#8217;angle. Nous avons inclus de nombreux accessoires, tels qu&#8217;un panier \u00e0 verres de 50 x 50 cm, un panier \u00e0 assiettes de 50 x 50 cm, un panier \u00e0 couverts et un tuyau d&#8217;alimentation et de vidange pour raccorder l&#8217;appareil \u00e0 l&#8217;arriv\u00e9e d&#8217;eau. Les quatre pieds r\u00e9glables permettent \u00e9galement de personnaliser la hauteur de l&#8217;appareil.<\/p>\n<h3>Lave-vaisselle facile \u00e0 nettoyer<\/h3>\n<p>Ce lave-vaisselle \u00e0 passage direct est enti\u00e8rement fabriqu\u00e9 en acier inoxydable, ce qui le rend tr\u00e8s facile et rapide \u00e0 nettoyer. Les surfaces lisses peuvent \u00eatre nettoy\u00e9es \u00e0 l&#8217;aide d&#8217;un chiffon humide. Les bras de lavage \u00e0 l&#8217;int\u00e9rieur sont fabriqu\u00e9s en ABS sp\u00e9cial et peuvent \u00eatre nettoy\u00e9s avec un chiffon et de l&#8217;eau. Le lave-vaisselle est \u00e9galement \u00e9quip\u00e9 d&#8217;un dispositif de rin\u00e7age et d&#8217;une pompe \u00e0 savon.<\/p>\n<p><strong>Caract\u00e9ristiques<\/strong><\/p>\n<ul>\n<li><span style=\"background-color: #f1c40f;\"><span style=\"background-color: #ffffff;\">Machine silencieuse \u00e0 moins de 75<\/span><span style=\"color: #000000;\"><span style=\"background-color: #ffffff;\">dB<\/span><\/span><\/span><\/li>\n<li>Temp\u00e9rature de rin\u00e7age de 85\u00b0C pour un s\u00e9chage rapide<\/li>\n<li>Programmes de lavage complets en 55, 105 et 195<strong> secondes <\/strong><\/li>\n<li>Consommation d&#8217;eau par cycle de seulement 2,8L<\/li>\n<li>Comprend un produit de rin\u00e7age et des pompes \u00e0 savon<\/li>\n<\/ul>\n<p><strong>Caract\u00e9ristiques du produit<\/strong><\/p>\n<ul>\n<li>Poids net : 99 kg<\/li>\n<li>Capacit\u00e9 du r\u00e9servoir : 23L<\/li>\n<li>Capacit\u00e9 de la chaudi\u00e8re : 7L<\/li>\n<li>Dimensions ferm\u00e9es : L70 x P79 x H150cm<\/li>\n<li>Dimensions ouvertes : L70 x P79 x H196cm<\/li>\n<li>Hauteur de la porte : 44,5cm (hauteur max. du verre\/de l&#8217;assiette 40cm)<\/li>\n<li>Hauteur maximale des tables du lave-vaisselle : 83-86cm<\/li>\n<li>El\u00e9ment r\u00e9servoir : 2,0kW<\/li>\n<li>\u00c9l\u00e9ment chaudi\u00e8re : 9,0kW<\/li>\n<li>Pompe de lavage : 0,66kW<\/li>\n<li>400V \/ 50Hz \/ 3 Phase 9660W<\/li>\n<\/ul>\n<p><em>Inclus<\/em><\/p>\n<ul>\n<li>Tuyau d&#8217;alimentation<\/li>\n<li>Tuyau de vidange<\/li>\n<li>Un panier \u00e0 couverts<\/li>\n<li>Un panier \u00e0 assiettes (50 x 50cm)<\/li>\n<li>Un panier \u00e0 verre (50 x 50 cm)<\/li>\n<\/ul>","protected":false},"excerpt":{"rendered":"<p>Ce puissant lave-vaisselle \u00e0 passage continu convient parfaitement \u00e0 l&#8217;utilisation quotidienne intensive dans les grands \u00e9tablissements de restauration. Avec une grande capacit\u00e9 de lavage, une pompe de rin\u00e7age et une pompe \u00e0 savon, vous pouvez nettoyer votre vaisselle sale en moins de quatre minutes. Il est livr\u00e9 avec des paniers pour la verrerie, les assiettes et les couverts.<\/p>","protected":false},"featured_media":8474,"template":"","meta":{"_acf_changed":false},"product_brand":[],"product_cat":[477],"product_tag":[],"class_list":{"0":"post-14867","1":"product","2":"type-product","3":"status-publish","4":"has-post-thumbnail","6":"product_cat-lave-vaisselle-professionnels-2","8":"first","9":"instock","10":"sale","11":"taxable","12":"shipping-taxable","13":"purchasable","14":"product-type-simple"},"acf":[],"yoast_head":"<!-- This site is optimized with the Yoast SEO plugin v27.4 - https:\/\/yoast.com\/product\/yoast-seo-wordpress\/ -->\n<title>Lave-vaisselle \u00e0 capot - 50 x 50 cm - avec pompes de rin\u00e7age et de savon - affichage num\u00e9rique - 400V - Gastora<\/title>\n<meta name=\"description\" content=\"Achetez Lave-vaisselle \u00e0 capot - 50 x 50 cm - avec pompes de rin\u00e7age et de savon - affichage num\u00e9rique - 400V au meilleur prix, fiable et performant avec une livraison rapide\" \/>\n<meta name=\"robots\" content=\"index, follow, max-snippet:-1, max-image-preview:large, max-video-preview:-1\" \/>\n<link rel=\"canonical\" href=\"https:\/\/gastora.eu\/en\/product\/lave-vaisselle-capot-50-x-50-cm-avec-pompes-de-rinage-et-de-savon-affichage-numrique-400v\/\" \/>\n<meta property=\"og:locale\" content=\"en_US\" \/>\n<meta property=\"og:type\" content=\"article\" \/>\n<meta property=\"og:title\" content=\"Lave-vaisselle \u00e0 capot - 50 x 50 cm - avec pompes de rin\u00e7age et de savon - affichage num\u00e9rique - 400V - Gastora\" \/>\n<meta property=\"og:description\" content=\"Achetez Lave-vaisselle \u00e0 capot - 50 x 50 cm - avec pompes de rin\u00e7age et de savon - affichage num\u00e9rique - 400V au meilleur prix, fiable et performant avec une livraison rapide\" \/>\n<meta property=\"og:url\" content=\"https:\/\/gastora.eu\/en\/product\/lave-vaisselle-capot-50-x-50-cm-avec-pompes-de-rinage-et-de-savon-affichage-numrique-400v\/\" \/>\n<meta property=\"og:site_name\" content=\"Gastora\" \/>\n<meta property=\"article:modified_time\" content=\"2026-04-28T16:57:20+00:00\" \/>\n<meta name=\"twitter:card\" content=\"summary_large_image\" \/>\n<meta name=\"twitter:label1\" content=\"Est. reading time\" \/>\n\t<meta name=\"twitter:data1\" content=\"3 minutes\" \/>\n<script type=\"application\/ld+json\" class=\"yoast-schema-graph\">{\"@context\":\"https:\\\/\\\/schema.org\",\"@graph\":[{\"@type\":\"WebPage\",\"@id\":\"https:\\\/\\\/gastora.eu\\\/product\\\/lave-vaisselle-capot-50-x-50-cm-avec-pompes-de-rinage-et-de-savon-affichage-numrique-400v\\\/\",\"url\":\"https:\\\/\\\/gastora.eu\\\/product\\\/lave-vaisselle-capot-50-x-50-cm-avec-pompes-de-rinage-et-de-savon-affichage-numrique-400v\\\/\",\"name\":\"Lave-vaisselle \u00e0 capot - 50 x 50 cm - avec pompes de rin\u00e7age et de savon - affichage num\u00e9rique - 400V - Gastora\",\"isPartOf\":{\"@id\":\"https:\\\/\\\/gastora.eu\\\/#website\"},\"primaryImageOfPage\":{\"@id\":\"https:\\\/\\\/gastora.eu\\\/product\\\/lave-vaisselle-capot-50-x-50-cm-avec-pompes-de-rinage-et-de-savon-affichage-numrique-400v\\\/#primaryimage\"},\"image\":{\"@id\":\"https:\\\/\\\/gastora.eu\\\/product\\\/lave-vaisselle-capot-50-x-50-cm-avec-pompes-de-rinage-et-de-savon-affichage-numrique-400v\\\/#primaryimage\"},\"thumbnailUrl\":\"https:\\\/\\\/gastora.eu\\\/wp-content\\\/uploads\\\/2026\\\/04\\\/sp-1009-09211008.jpg\",\"datePublished\":\"2026-04-26T08:46:18+00:00\",\"dateModified\":\"2026-04-28T16:57:20+00:00\",\"description\":\"Achetez Lave-vaisselle \u00e0 capot - 50 x 50 cm - avec pompes de rin\u00e7age et de savon - affichage num\u00e9rique - 400V au meilleur prix, fiable et performant avec une livraison rapide\",\"breadcrumb\":{\"@id\":\"https:\\\/\\\/gastora.eu\\\/product\\\/lave-vaisselle-capot-50-x-50-cm-avec-pompes-de-rinage-et-de-savon-affichage-numrique-400v\\\/#breadcrumb\"},\"inLanguage\":\"en-US\",\"potentialAction\":[{\"@type\":\"ReadAction\",\"target\":[\"https:\\\/\\\/gastora.eu\\\/product\\\/lave-vaisselle-capot-50-x-50-cm-avec-pompes-de-rinage-et-de-savon-affichage-numrique-400v\\\/\"]}]},{\"@type\":\"ImageObject\",\"inLanguage\":\"en-US\",\"@id\":\"https:\\\/\\\/gastora.eu\\\/product\\\/lave-vaisselle-capot-50-x-50-cm-avec-pompes-de-rinage-et-de-savon-affichage-numrique-400v\\\/#primaryimage\",\"url\":\"https:\\\/\\\/gastora.eu\\\/wp-content\\\/uploads\\\/2026\\\/04\\\/sp-1009-09211008.jpg\",\"contentUrl\":\"https:\\\/\\\/gastora.eu\\\/wp-content\\\/uploads\\\/2026\\\/04\\\/sp-1009-09211008.jpg\",\"width\":1200,\"height\":1200},{\"@type\":\"BreadcrumbList\",\"@id\":\"https:\\\/\\\/gastora.eu\\\/product\\\/lave-vaisselle-capot-50-x-50-cm-avec-pompes-de-rinage-et-de-savon-affichage-numrique-400v\\\/#breadcrumb\",\"itemListElement\":[{\"@type\":\"ListItem\",\"position\":1,\"name\":\"Home\",\"item\":\"https:\\\/\\\/gastora.eu\\\/\"},{\"@type\":\"ListItem\",\"position\":2,\"name\":\"Shop\",\"item\":\"https:\\\/\\\/gastora.eu\\\/shop\\\/\"},{\"@type\":\"ListItem\",\"position\":3,\"name\":\"Lave-vaisselle \u00e0 capot &#8211; 50 x 50 cm &#8211; avec pompes de rin\u00e7age et de savon &#8211; affichage num\u00e9rique &#8211; 400V\"}]},{\"@type\":\"WebSite\",\"@id\":\"https:\\\/\\\/gastora.eu\\\/#website\",\"url\":\"https:\\\/\\\/gastora.eu\\\/\",\"name\":\"Gastora\",\"description\":\"\u00c9quipements professionnels CHR\",\"publisher\":{\"@id\":\"https:\\\/\\\/gastora.eu\\\/#organization\"},\"potentialAction\":[{\"@type\":\"SearchAction\",\"target\":{\"@type\":\"EntryPoint\",\"urlTemplate\":\"https:\\\/\\\/gastora.eu\\\/?s={search_term_string}\"},\"query-input\":{\"@type\":\"PropertyValueSpecification\",\"valueRequired\":true,\"valueName\":\"search_term_string\"}}],\"inLanguage\":\"en-US\"},{\"@type\":\"Organization\",\"@id\":\"https:\\\/\\\/gastora.eu\\\/#organization\",\"name\":\"Gastora\",\"url\":\"https:\\\/\\\/gastora.eu\\\/\",\"logo\":{\"@type\":\"ImageObject\",\"inLanguage\":\"en-US\",\"@id\":\"https:\\\/\\\/gastora.eu\\\/#\\\/schema\\\/logo\\\/image\\\/\",\"url\":\"https:\\\/\\\/gastora.eu\\\/wp-content\\\/uploads\\\/2025\\\/12\\\/ChatGPT-Image-2-janv.-2026-22_52_47-1.png\",\"contentUrl\":\"https:\\\/\\\/gastora.eu\\\/wp-content\\\/uploads\\\/2025\\\/12\\\/ChatGPT-Image-2-janv.-2026-22_52_47-1.png\",\"width\":1536,\"height\":320,\"caption\":\"Gastora\"},\"image\":{\"@id\":\"https:\\\/\\\/gastora.eu\\\/#\\\/schema\\\/logo\\\/image\\\/\"}}]}<\/script>\n<!-- \/ Yoast SEO plugin. -->","yoast_head_json":{"title":"Lave-vaisselle \u00e0 capot - 50 x 50 cm - avec pompes de rin\u00e7age et de savon - affichage num\u00e9rique - 400V - Gastora","description":"Achetez Lave-vaisselle \u00e0 capot - 50 x 50 cm - avec pompes de rin\u00e7age et de savon - affichage num\u00e9rique - 400V au meilleur prix, fiable et performant avec une livraison rapide","robots":{"index":"index","follow":"follow","max-snippet":"max-snippet:-1","max-image-preview":"max-image-preview:large","max-video-preview":"max-video-preview:-1"},"canonical":"https:\/\/gastora.eu\/en\/product\/lave-vaisselle-capot-50-x-50-cm-avec-pompes-de-rinage-et-de-savon-affichage-numrique-400v\/","og_locale":"en_US","og_type":"article","og_title":"Lave-vaisselle \u00e0 capot - 50 x 50 cm - avec pompes de rin\u00e7age et de savon - affichage num\u00e9rique - 400V - Gastora","og_description":"Achetez Lave-vaisselle \u00e0 capot - 50 x 50 cm - avec pompes de rin\u00e7age et de savon - affichage num\u00e9rique - 400V au meilleur prix, fiable et performant avec une livraison rapide","og_url":"https:\/\/gastora.eu\/en\/product\/lave-vaisselle-capot-50-x-50-cm-avec-pompes-de-rinage-et-de-savon-affichage-numrique-400v\/","og_site_name":"Gastora","article_modified_time":"2026-04-28T16:57:20+00:00","twitter_card":"summary_large_image","twitter_misc":{"Est. reading time":"3 minutes"},"schema":{"@context":"https:\/\/schema.org","@graph":[{"@type":"WebPage","@id":"https:\/\/gastora.eu\/product\/lave-vaisselle-capot-50-x-50-cm-avec-pompes-de-rinage-et-de-savon-affichage-numrique-400v\/","url":"https:\/\/gastora.eu\/product\/lave-vaisselle-capot-50-x-50-cm-avec-pompes-de-rinage-et-de-savon-affichage-numrique-400v\/","name":"Lave-vaisselle \u00e0 capot - 50 x 50 cm - avec pompes de rin\u00e7age et de savon - affichage num\u00e9rique - 400V - Gastora","isPartOf":{"@id":"https:\/\/gastora.eu\/#website"},"primaryImageOfPage":{"@id":"https:\/\/gastora.eu\/product\/lave-vaisselle-capot-50-x-50-cm-avec-pompes-de-rinage-et-de-savon-affichage-numrique-400v\/#primaryimage"},"image":{"@id":"https:\/\/gastora.eu\/product\/lave-vaisselle-capot-50-x-50-cm-avec-pompes-de-rinage-et-de-savon-affichage-numrique-400v\/#primaryimage"},"thumbnailUrl":"https:\/\/gastora.eu\/wp-content\/uploads\/2026\/04\/sp-1009-09211008.jpg","datePublished":"2026-04-26T08:46:18+00:00","dateModified":"2026-04-28T16:57:20+00:00","description":"Achetez Lave-vaisselle \u00e0 capot - 50 x 50 cm - avec pompes de rin\u00e7age et de savon - affichage num\u00e9rique - 400V au meilleur prix, fiable et performant avec une livraison rapide","breadcrumb":{"@id":"https:\/\/gastora.eu\/product\/lave-vaisselle-capot-50-x-50-cm-avec-pompes-de-rinage-et-de-savon-affichage-numrique-400v\/#breadcrumb"},"inLanguage":"en-US","potentialAction":[{"@type":"ReadAction","target":["https:\/\/gastora.eu\/product\/lave-vaisselle-capot-50-x-50-cm-avec-pompes-de-rinage-et-de-savon-affichage-numrique-400v\/"]}]},{"@type":"ImageObject","inLanguage":"en-US","@id":"https:\/\/gastora.eu\/product\/lave-vaisselle-capot-50-x-50-cm-avec-pompes-de-rinage-et-de-savon-affichage-numrique-400v\/#primaryimage","url":"https:\/\/gastora.eu\/wp-content\/uploads\/2026\/04\/sp-1009-09211008.jpg","contentUrl":"https:\/\/gastora.eu\/wp-content\/uploads\/2026\/04\/sp-1009-09211008.jpg","width":1200,"height":1200},{"@type":"BreadcrumbList","@id":"https:\/\/gastora.eu\/product\/lave-vaisselle-capot-50-x-50-cm-avec-pompes-de-rinage-et-de-savon-affichage-numrique-400v\/#breadcrumb","itemListElement":[{"@type":"ListItem","position":1,"name":"Home","item":"https:\/\/gastora.eu\/"},{"@type":"ListItem","position":2,"name":"Shop","item":"https:\/\/gastora.eu\/shop\/"},{"@type":"ListItem","position":3,"name":"Lave-vaisselle \u00e0 capot &#8211; 50 x 50 cm &#8211; avec pompes de rin\u00e7age et de savon &#8211; affichage num\u00e9rique &#8211; 400V"}]},{"@type":"WebSite","@id":"https:\/\/gastora.eu\/#website","url":"https:\/\/gastora.eu\/","name":"Gastora","description":"\u00c9quipements professionnels CHR","publisher":{"@id":"https:\/\/gastora.eu\/#organization"},"potentialAction":[{"@type":"SearchAction","target":{"@type":"EntryPoint","urlTemplate":"https:\/\/gastora.eu\/?s={search_term_string}"},"query-input":{"@type":"PropertyValueSpecification","valueRequired":true,"valueName":"search_term_string"}}],"inLanguage":"en-US"},{"@type":"Organization","@id":"https:\/\/gastora.eu\/#organization","name":"Gastora","url":"https:\/\/gastora.eu\/","logo":{"@type":"ImageObject","inLanguage":"en-US","@id":"https:\/\/gastora.eu\/#\/schema\/logo\/image\/","url":"https:\/\/gastora.eu\/wp-content\/uploads\/2025\/12\/ChatGPT-Image-2-janv.-2026-22_52_47-1.png","contentUrl":"https:\/\/gastora.eu\/wp-content\/uploads\/2025\/12\/ChatGPT-Image-2-janv.-2026-22_52_47-1.png","width":1536,"height":320,"caption":"Gastora"},"image":{"@id":"https:\/\/gastora.eu\/#\/schema\/logo\/image\/"}}]}},"jetpack_sharing_enabled":true,"_links":{"self":[{"href":"https:\/\/gastora.eu\/en\/wp-json\/wp\/v2\/product\/14867","targetHints":{"allow":["GET"]}}],"collection":[{"href":"https:\/\/gastora.eu\/en\/wp-json\/wp\/v2\/product"}],"about":[{"href":"https:\/\/gastora.eu\/en\/wp-json\/wp\/v2\/types\/product"}],"wp:featuredmedia":[{"embeddable":true,"href":"https:\/\/gastora.eu\/en\/wp-json\/wp\/v2\/media\/8474"}],"wp:attachment":[{"href":"https:\/\/gastora.eu\/en\/wp-json\/wp\/v2\/media?parent=14867"}],"wp:term":[{"taxonomy":"product_brand","embeddable":true,"href":"https:\/\/gastora.eu\/en\/wp-json\/wp\/v2\/product_brand?post=14867"},{"taxonomy":"product_cat","embeddable":true,"href":"https:\/\/gastora.eu\/en\/wp-json\/wp\/v2\/product_cat?post=14867"},{"taxonomy":"product_tag","embeddable":true,"href":"https:\/\/gastora.eu\/en\/wp-json\/wp\/v2\/product_tag?post=14867"}],"curies":[{"name":"wp","href":"https:\/\/api.w.org\/{rel}","templated":true}]}}