{"id":14864,"date":"2026-04-26T08:46:15","date_gmt":"2026-04-26T08:46:15","guid":{"rendered":"https:\/\/gastora.eu\/?post_type=product&#038;p=14864"},"modified":"2026-04-26T08:46:15","modified_gmt":"2026-04-26T08:46:15","slug":"lave-vaisselle-sous-plan-50-x-50-cm-avec-pompe-de-rinage-affichage-numrique-400v","status":"publish","type":"product","link":"https:\/\/gastora.eu\/en\/product\/lave-vaisselle-sous-plan-50-x-50-cm-avec-pompe-de-rinage-affichage-numrique-400v\/","title":{"rendered":"Lave-vaisselle sous plan &#8211; 50 x 50 cm &#8211; avec pompe de rin\u00e7age &#8211; affichage num\u00e9rique &#8211; 400V"},"content":{"rendered":"<p>Dans les cuisines professionnelles, un lave-vaisselle rapide et efficace est indispensable pour assurer le nettoyage quotidien de la vaisselle. Notre lave-vaisselle propose trois programmes de lavage complets de 55, 105 et 195 secondes, ainsi qu&#8217;une fonction de pause et un affichage num\u00e9rique clair. Apr\u00e8s le processus de nettoyage, la vaisselle est rinc\u00e9e \u00e0 l&#8217;eau chaude pour un s\u00e9chage rapide, garantissant ainsi qu&#8217;elle est pr\u00eate pour la prochaine utilisation. Ce lave-vaisselle fonctionne \u00e0 moins de 70 dB, ce qui le rend tr\u00e8s silencieux.<\/p>\n<h3>\u00c9conomique et facile \u00e0 utiliser<\/h3>\n<p>Ce lave-vaisselle est tr\u00e8s \u00e9conomique, puisqu&#8217;il ne consomme que 2,8 litres d&#8217;eau par cycle. Il offre des fonctions de s\u00e9curit\u00e9, telles que la protection thermique et la protection IPX5 du panneau de commande. L&#8217;appareil est \u00e9galement facile \u00e0 utiliser gr\u00e2ce \u00e0 un seul bouton pour le remplissage et le chauffage de l&#8217;eau dans le r\u00e9servoir de la chaudi\u00e8re. Le pressostat num\u00e9rique de la cuve de lavage permet de r\u00e9gler facilement le niveau d&#8217;eau, tandis que le capteur NTC contr\u00f4le le thermostat. La vaisselle est lav\u00e9e \u00e0 55-60\u00b0C et rinc\u00e9e \u00e0 80-85\u00b0C, ce qui permet un s\u00e9chage plus rapide. Vous pouvez choisir de pr\u00e9chauffer l&#8217;eau ou de commencer par un lavage \u00e0 froid. Quatre voyants lumineux indiquent l&#8217;\u00e9tat de remplissage, de chauffage, de lavage et la dur\u00e9e du programme. Le lave-vaisselle \u00e9met un son lorsque le cycle est termin\u00e9. Il est livr\u00e9 avec un panier \u00e0 verre de 50 x 50 cm, un panier \u00e0 assiettes de 50 x 50 cm, un panier \u00e0 couverts et un tuyau d&#8217;alimentation et de vidange pour le raccordement \u00e0 l&#8217;alimentation en eau. Le lave-vaisselle comprend une pompe de rin\u00e7age, mais pas de pompe \u00e0 savon ni de pompe de vidange. Quatre pieds r\u00e9glables permettent d&#8217;adapter facilement la hauteur de l&#8217;appareil.<\/p>\n<h3>Nettoyage rapide<\/h3>\n<p>Ce puissant lave-vaisselle est facile \u00e0 nettoyer puisqu&#8217;il est enti\u00e8rement fabriqu\u00e9 en acier inoxydable. L&#8217;acier inoxydable lisse peut \u00eatre facilement nettoy\u00e9 avec un chiffon chaud et un peu de d\u00e9tergent. Les bras de lavage, fabriqu\u00e9s en ABS sp\u00e9cial, sont \u00e9galement faciles \u00e0 nettoyer. Il est important de noter que seul un produit de rin\u00e7age liquide peut \u00eatre utilis\u00e9 dans ce lave-vaisselle.<\/p>\n<p><strong>Caract\u00e9ristiques<\/strong><\/p>\n<ul>\n<li>Pompe de rin\u00e7age incluse<\/li>\n<li>Temp\u00e9rature de rin\u00e7age de 85\u00b0C<\/li>\n<li>Machine silencieuse avec seulement &lt;70dB<\/li>\n<li>Consommation d&#8217;eau par cycle de seulement 2,8L<\/li>\n<li>Trois programmes de lavage complets de 55, 105 et 195 secondes<\/li>\n<\/ul>\n<p><strong>Caract\u00e9ristiques du produit<\/strong><\/p>\n<ul>\n<li>Poids net : 65 kg<\/li>\n<li>Capacit\u00e9 du r\u00e9servoir : 27L<\/li>\n<li>Capacit\u00e9 de la chaudi\u00e8re : 6L<\/li>\n<li>Dimensions : L60 x P65 x H83cm L60 x P65 x H83cm<\/li>\n<li>Hauteur de la porte : 33,5cm (hauteur max. verre\/plaque 30cm)<\/li>\n<li>El\u00e9ment du r\u00e9servoir : 2,0kW<\/li>\n<li>El\u00e9ment de la chaudi\u00e8re : 5,0kW<\/li>\n<li>Pompe de lavage : 0,66kW<\/li>\n<li>400V \/ 50Hz \/ 3 Phase 5500W<\/li>\n<\/ul>\n<p><em>Inclus<\/em><\/p>\n<ul>\n<li>Tuyau d&#8217;alimentation<\/li>\n<li>Tuyau de vidange<\/li>\n<li>Un panier \u00e0 assiettes (50 x 50cm)<\/li>\n<li>Un panier \u00e0 verres (50 x 50 cm)<\/li>\n<li>Un panier \u00e0 couverts<\/li>\n<\/ul>","protected":false},"excerpt":{"rendered":"<p>Ce lave-vaisselle puissant et durable garantit une vaisselle \u00e9tincelante en moins de quatre minutes. Il convient aux cuisines de taille moyenne qui doivent remettre la vaisselle en service le plus rapidement possible. Dot\u00e9 d&#8217;un panneau de commande num\u00e9rique, de trois programmes de lavage complets et d&#8217;un fonctionnement tr\u00e8s silencieux, vous pouvez nettoyer toute votre vaisselle en un rien de temps.<\/p>","protected":false},"featured_media":8468,"template":"","meta":{"_acf_changed":false},"product_brand":[],"product_cat":[477],"product_tag":[],"class_list":{"0":"post-14864","1":"product","2":"type-product","3":"status-publish","4":"has-post-thumbnail","6":"product_cat-lave-vaisselle-professionnels-2","8":"first","9":"instock","10":"sale","11":"taxable","12":"shipping-taxable","13":"purchasable","14":"product-type-simple"},"acf":[],"yoast_head":"<!-- This site is optimized with the Yoast SEO plugin v27.4 - https:\/\/yoast.com\/product\/yoast-seo-wordpress\/ -->\n<title>Lave-vaisselle sous plan - 50 x 50 cm - avec pompe de rin\u00e7age - affichage num\u00e9rique - 400V - Gastora<\/title>\n<meta name=\"description\" content=\"Achetez Lave-vaisselle sous plan - 50 x 50 cm - avec pompe de rin\u00e7age - affichage num\u00e9rique - 400V au meilleur prix, fiable et performant avec une livraison rapide\" \/>\n<meta name=\"robots\" content=\"index, follow, max-snippet:-1, max-image-preview:large, max-video-preview:-1\" \/>\n<link rel=\"canonical\" href=\"https:\/\/gastora.eu\/en\/product\/lave-vaisselle-sous-plan-50-x-50-cm-avec-pompe-de-rinage-affichage-numrique-400v\/\" \/>\n<meta property=\"og:locale\" content=\"en_US\" \/>\n<meta property=\"og:type\" content=\"article\" \/>\n<meta property=\"og:title\" content=\"Lave-vaisselle sous plan - 50 x 50 cm - avec pompe de rin\u00e7age - affichage num\u00e9rique - 400V - Gastora\" \/>\n<meta property=\"og:description\" content=\"Achetez Lave-vaisselle sous plan - 50 x 50 cm - avec pompe de rin\u00e7age - affichage num\u00e9rique - 400V au meilleur prix, fiable et performant avec une livraison rapide\" \/>\n<meta property=\"og:url\" content=\"https:\/\/gastora.eu\/en\/product\/lave-vaisselle-sous-plan-50-x-50-cm-avec-pompe-de-rinage-affichage-numrique-400v\/\" \/>\n<meta property=\"og:site_name\" content=\"Gastora\" \/>\n<meta name=\"twitter:card\" content=\"summary_large_image\" \/>\n<meta name=\"twitter:label1\" content=\"Est. reading time\" \/>\n\t<meta name=\"twitter:data1\" content=\"2 minutes\" \/>\n<script type=\"application\/ld+json\" class=\"yoast-schema-graph\">{\"@context\":\"https:\\\/\\\/schema.org\",\"@graph\":[{\"@type\":\"WebPage\",\"@id\":\"https:\\\/\\\/gastora.eu\\\/product\\\/lave-vaisselle-sous-plan-50-x-50-cm-avec-pompe-de-rinage-affichage-numrique-400v\\\/\",\"url\":\"https:\\\/\\\/gastora.eu\\\/product\\\/lave-vaisselle-sous-plan-50-x-50-cm-avec-pompe-de-rinage-affichage-numrique-400v\\\/\",\"name\":\"Lave-vaisselle sous plan - 50 x 50 cm - avec pompe de rin\u00e7age - affichage num\u00e9rique - 400V - Gastora\",\"isPartOf\":{\"@id\":\"https:\\\/\\\/gastora.eu\\\/#website\"},\"primaryImageOfPage\":{\"@id\":\"https:\\\/\\\/gastora.eu\\\/product\\\/lave-vaisselle-sous-plan-50-x-50-cm-avec-pompe-de-rinage-affichage-numrique-400v\\\/#primaryimage\"},\"image\":{\"@id\":\"https:\\\/\\\/gastora.eu\\\/product\\\/lave-vaisselle-sous-plan-50-x-50-cm-avec-pompe-de-rinage-affichage-numrique-400v\\\/#primaryimage\"},\"thumbnailUrl\":\"https:\\\/\\\/gastora.eu\\\/wp-content\\\/uploads\\\/2026\\\/04\\\/sp-1001-09211005_1_.jpg\",\"datePublished\":\"2026-04-26T08:46:15+00:00\",\"description\":\"Achetez Lave-vaisselle sous plan - 50 x 50 cm - avec pompe de rin\u00e7age - affichage num\u00e9rique - 400V au meilleur prix, fiable et performant avec une livraison rapide\",\"breadcrumb\":{\"@id\":\"https:\\\/\\\/gastora.eu\\\/product\\\/lave-vaisselle-sous-plan-50-x-50-cm-avec-pompe-de-rinage-affichage-numrique-400v\\\/#breadcrumb\"},\"inLanguage\":\"en-US\",\"potentialAction\":[{\"@type\":\"ReadAction\",\"target\":[\"https:\\\/\\\/gastora.eu\\\/product\\\/lave-vaisselle-sous-plan-50-x-50-cm-avec-pompe-de-rinage-affichage-numrique-400v\\\/\"]}]},{\"@type\":\"ImageObject\",\"inLanguage\":\"en-US\",\"@id\":\"https:\\\/\\\/gastora.eu\\\/product\\\/lave-vaisselle-sous-plan-50-x-50-cm-avec-pompe-de-rinage-affichage-numrique-400v\\\/#primaryimage\",\"url\":\"https:\\\/\\\/gastora.eu\\\/wp-content\\\/uploads\\\/2026\\\/04\\\/sp-1001-09211005_1_.jpg\",\"contentUrl\":\"https:\\\/\\\/gastora.eu\\\/wp-content\\\/uploads\\\/2026\\\/04\\\/sp-1001-09211005_1_.jpg\",\"width\":1200,\"height\":1200},{\"@type\":\"BreadcrumbList\",\"@id\":\"https:\\\/\\\/gastora.eu\\\/product\\\/lave-vaisselle-sous-plan-50-x-50-cm-avec-pompe-de-rinage-affichage-numrique-400v\\\/#breadcrumb\",\"itemListElement\":[{\"@type\":\"ListItem\",\"position\":1,\"name\":\"Home\",\"item\":\"https:\\\/\\\/gastora.eu\\\/\"},{\"@type\":\"ListItem\",\"position\":2,\"name\":\"Shop\",\"item\":\"https:\\\/\\\/gastora.eu\\\/shop\\\/\"},{\"@type\":\"ListItem\",\"position\":3,\"name\":\"Lave-vaisselle sous plan &#8211; 50 x 50 cm &#8211; avec pompe de rin\u00e7age &#8211; affichage num\u00e9rique &#8211; 400V\"}]},{\"@type\":\"WebSite\",\"@id\":\"https:\\\/\\\/gastora.eu\\\/#website\",\"url\":\"https:\\\/\\\/gastora.eu\\\/\",\"name\":\"Gastora\",\"description\":\"\u00c9quipements professionnels CHR\",\"publisher\":{\"@id\":\"https:\\\/\\\/gastora.eu\\\/#organization\"},\"potentialAction\":[{\"@type\":\"SearchAction\",\"target\":{\"@type\":\"EntryPoint\",\"urlTemplate\":\"https:\\\/\\\/gastora.eu\\\/?s={search_term_string}\"},\"query-input\":{\"@type\":\"PropertyValueSpecification\",\"valueRequired\":true,\"valueName\":\"search_term_string\"}}],\"inLanguage\":\"en-US\"},{\"@type\":\"Organization\",\"@id\":\"https:\\\/\\\/gastora.eu\\\/#organization\",\"name\":\"Gastora\",\"url\":\"https:\\\/\\\/gastora.eu\\\/\",\"logo\":{\"@type\":\"ImageObject\",\"inLanguage\":\"en-US\",\"@id\":\"https:\\\/\\\/gastora.eu\\\/#\\\/schema\\\/logo\\\/image\\\/\",\"url\":\"https:\\\/\\\/gastora.eu\\\/wp-content\\\/uploads\\\/2025\\\/12\\\/ChatGPT-Image-2-janv.-2026-22_52_47-1.png\",\"contentUrl\":\"https:\\\/\\\/gastora.eu\\\/wp-content\\\/uploads\\\/2025\\\/12\\\/ChatGPT-Image-2-janv.-2026-22_52_47-1.png\",\"width\":1536,\"height\":320,\"caption\":\"Gastora\"},\"image\":{\"@id\":\"https:\\\/\\\/gastora.eu\\\/#\\\/schema\\\/logo\\\/image\\\/\"}}]}<\/script>\n<!-- \/ Yoast SEO plugin. -->","yoast_head_json":{"title":"Lave-vaisselle sous plan - 50 x 50 cm - avec pompe de rin\u00e7age - affichage num\u00e9rique - 400V - Gastora","description":"Achetez Lave-vaisselle sous plan - 50 x 50 cm - avec pompe de rin\u00e7age - affichage num\u00e9rique - 400V au meilleur prix, fiable et performant avec une livraison rapide","robots":{"index":"index","follow":"follow","max-snippet":"max-snippet:-1","max-image-preview":"max-image-preview:large","max-video-preview":"max-video-preview:-1"},"canonical":"https:\/\/gastora.eu\/en\/product\/lave-vaisselle-sous-plan-50-x-50-cm-avec-pompe-de-rinage-affichage-numrique-400v\/","og_locale":"en_US","og_type":"article","og_title":"Lave-vaisselle sous plan - 50 x 50 cm - avec pompe de rin\u00e7age - affichage num\u00e9rique - 400V - Gastora","og_description":"Achetez Lave-vaisselle sous plan - 50 x 50 cm - avec pompe de rin\u00e7age - affichage num\u00e9rique - 400V au meilleur prix, fiable et performant avec une livraison rapide","og_url":"https:\/\/gastora.eu\/en\/product\/lave-vaisselle-sous-plan-50-x-50-cm-avec-pompe-de-rinage-affichage-numrique-400v\/","og_site_name":"Gastora","twitter_card":"summary_large_image","twitter_misc":{"Est. reading time":"2 minutes"},"schema":{"@context":"https:\/\/schema.org","@graph":[{"@type":"WebPage","@id":"https:\/\/gastora.eu\/product\/lave-vaisselle-sous-plan-50-x-50-cm-avec-pompe-de-rinage-affichage-numrique-400v\/","url":"https:\/\/gastora.eu\/product\/lave-vaisselle-sous-plan-50-x-50-cm-avec-pompe-de-rinage-affichage-numrique-400v\/","name":"Lave-vaisselle sous plan - 50 x 50 cm - avec pompe de rin\u00e7age - affichage num\u00e9rique - 400V - Gastora","isPartOf":{"@id":"https:\/\/gastora.eu\/#website"},"primaryImageOfPage":{"@id":"https:\/\/gastora.eu\/product\/lave-vaisselle-sous-plan-50-x-50-cm-avec-pompe-de-rinage-affichage-numrique-400v\/#primaryimage"},"image":{"@id":"https:\/\/gastora.eu\/product\/lave-vaisselle-sous-plan-50-x-50-cm-avec-pompe-de-rinage-affichage-numrique-400v\/#primaryimage"},"thumbnailUrl":"https:\/\/gastora.eu\/wp-content\/uploads\/2026\/04\/sp-1001-09211005_1_.jpg","datePublished":"2026-04-26T08:46:15+00:00","description":"Achetez Lave-vaisselle sous plan - 50 x 50 cm - avec pompe de rin\u00e7age - affichage num\u00e9rique - 400V au meilleur prix, fiable et performant avec une livraison rapide","breadcrumb":{"@id":"https:\/\/gastora.eu\/product\/lave-vaisselle-sous-plan-50-x-50-cm-avec-pompe-de-rinage-affichage-numrique-400v\/#breadcrumb"},"inLanguage":"en-US","potentialAction":[{"@type":"ReadAction","target":["https:\/\/gastora.eu\/product\/lave-vaisselle-sous-plan-50-x-50-cm-avec-pompe-de-rinage-affichage-numrique-400v\/"]}]},{"@type":"ImageObject","inLanguage":"en-US","@id":"https:\/\/gastora.eu\/product\/lave-vaisselle-sous-plan-50-x-50-cm-avec-pompe-de-rinage-affichage-numrique-400v\/#primaryimage","url":"https:\/\/gastora.eu\/wp-content\/uploads\/2026\/04\/sp-1001-09211005_1_.jpg","contentUrl":"https:\/\/gastora.eu\/wp-content\/uploads\/2026\/04\/sp-1001-09211005_1_.jpg","width":1200,"height":1200},{"@type":"BreadcrumbList","@id":"https:\/\/gastora.eu\/product\/lave-vaisselle-sous-plan-50-x-50-cm-avec-pompe-de-rinage-affichage-numrique-400v\/#breadcrumb","itemListElement":[{"@type":"ListItem","position":1,"name":"Home","item":"https:\/\/gastora.eu\/"},{"@type":"ListItem","position":2,"name":"Shop","item":"https:\/\/gastora.eu\/shop\/"},{"@type":"ListItem","position":3,"name":"Lave-vaisselle sous plan &#8211; 50 x 50 cm &#8211; avec pompe de rin\u00e7age &#8211; affichage num\u00e9rique &#8211; 400V"}]},{"@type":"WebSite","@id":"https:\/\/gastora.eu\/#website","url":"https:\/\/gastora.eu\/","name":"Gastora","description":"\u00c9quipements professionnels CHR","publisher":{"@id":"https:\/\/gastora.eu\/#organization"},"potentialAction":[{"@type":"SearchAction","target":{"@type":"EntryPoint","urlTemplate":"https:\/\/gastora.eu\/?s={search_term_string}"},"query-input":{"@type":"PropertyValueSpecification","valueRequired":true,"valueName":"search_term_string"}}],"inLanguage":"en-US"},{"@type":"Organization","@id":"https:\/\/gastora.eu\/#organization","name":"Gastora","url":"https:\/\/gastora.eu\/","logo":{"@type":"ImageObject","inLanguage":"en-US","@id":"https:\/\/gastora.eu\/#\/schema\/logo\/image\/","url":"https:\/\/gastora.eu\/wp-content\/uploads\/2025\/12\/ChatGPT-Image-2-janv.-2026-22_52_47-1.png","contentUrl":"https:\/\/gastora.eu\/wp-content\/uploads\/2025\/12\/ChatGPT-Image-2-janv.-2026-22_52_47-1.png","width":1536,"height":320,"caption":"Gastora"},"image":{"@id":"https:\/\/gastora.eu\/#\/schema\/logo\/image\/"}}]}},"jetpack_sharing_enabled":true,"_links":{"self":[{"href":"https:\/\/gastora.eu\/en\/wp-json\/wp\/v2\/product\/14864","targetHints":{"allow":["GET"]}}],"collection":[{"href":"https:\/\/gastora.eu\/en\/wp-json\/wp\/v2\/product"}],"about":[{"href":"https:\/\/gastora.eu\/en\/wp-json\/wp\/v2\/types\/product"}],"wp:featuredmedia":[{"embeddable":true,"href":"https:\/\/gastora.eu\/en\/wp-json\/wp\/v2\/media\/8468"}],"wp:attachment":[{"href":"https:\/\/gastora.eu\/en\/wp-json\/wp\/v2\/media?parent=14864"}],"wp:term":[{"taxonomy":"product_brand","embeddable":true,"href":"https:\/\/gastora.eu\/en\/wp-json\/wp\/v2\/product_brand?post=14864"},{"taxonomy":"product_cat","embeddable":true,"href":"https:\/\/gastora.eu\/en\/wp-json\/wp\/v2\/product_cat?post=14864"},{"taxonomy":"product_tag","embeddable":true,"href":"https:\/\/gastora.eu\/en\/wp-json\/wp\/v2\/product_tag?post=14864"}],"curies":[{"name":"wp","href":"https:\/\/api.w.org\/{rel}","templated":true}]}}