{"id":14842,"date":"2026-04-26T08:45:48","date_gmt":"2026-04-26T08:45:48","guid":{"rendered":"https:\/\/gastora.eu\/?post_type=product&#038;p=14842"},"modified":"2026-04-28T16:57:18","modified_gmt":"2026-04-28T16:57:18","slug":"four-combin-sadapte-6-plateaux-11-gn-60-x-40-cm-analogique-400v","status":"publish","type":"product","link":"https:\/\/gastora.eu\/en\/product\/four-combin-sadapte-6-plateaux-11-gn-60-x-40-cm-analogique-400v\/","title":{"rendered":"Four combin\u00e9 &#8211; s&#8217;adapte \u00e0 6 plateaux (1\/1 GN \/ 60 x 40 cm) &#8211; analogique &#8211; 400V"},"content":{"rendered":"<p>Ce four mixte analogique vous permet de cuire \u00e0 la vapeur de la viande, du poisson ou des l\u00e9gumes et de conserver les vitamines, la saveur et la couleur plus longtemps qu&#8217;avec d&#8217;autres m\u00e9thodes de cuisson. La cuisson \u00e0 la vapeur emp\u00eache \u00e9galement les aliments de se dess\u00e9cher et leur donne une belle apparence dans les assiettes de vos convives. La combinaison de l&#8217;air chaud et de la vapeur fait de ce four \u00e0 vapeur mixte un appareil de cuisine polyvalent qui vous permet de remplacer de nombreux ustensiles de cuisine. Ce four mixte est id\u00e9al pour les plaques GN 1\/1 ou les plaques de cuisson de 60 x 40 cm. Il peut accueillir jusqu&#8217;\u00e0 six plateaux \u00e0 la fois.<\/p>\n<h3>Boutons de commande pratiques<\/h3>\n<p>Ce four vapeur mixte est \u00e9quip\u00e9 de puissants \u00e9l\u00e9ments chauffants en acier inoxydable qui assurent une distribution compl\u00e8te et efficace de la chaleur, de sorte que la viande et le poisson cuisent de mani\u00e8re homog\u00e8ne. La porte est tr\u00e8s facile \u00e0 r\u00e9gler et le joint de porte est en silicone alimentaire. Un \u00e9clairage int\u00e9rieur permet de voir facilement o\u00f9 en est la cuisson. Cet appareil est \u00e9quip\u00e9 d&#8217;une arriv\u00e9e d&#8217;eau avec une vanne pour la production de vapeur, ainsi que d&#8217;une sortie d&#8217;eau. Il s&#8217;agit d&#8217;un appareil enti\u00e8rement personnalisable, dot\u00e9 de commandes analogiques simples. Un bouton permet de contr\u00f4ler la minuterie, la plage de temp\u00e9rature et la quantit\u00e9 de vapeur utilis\u00e9e. Un voyant de temp\u00e9rature indique si le four mixte a atteint la temp\u00e9rature programm\u00e9e. Le dernier bouton permet de r\u00e9gler la quantit\u00e9 de vapeur.<\/p>\n<h3>Nettoyage facile<\/h3>\n<p>Avant de nettoyer un four \u00e0 vapeur mixte, il est important de s&#8217;assurer qu&#8217;il a compl\u00e8tement refroidi. Le bo\u00eetier, la porte et la chambre int\u00e9rieure sont en acier inoxydable et ont des angles arrondis. Le nettoyage est donc tr\u00e8s facile. Un chiffon doux, de l&#8217;eau chaude et un d\u00e9tergent doux permettent d&#8217;essuyer rapidement et soigneusement les surfaces lisses. Pour nettoyer la vitre de la porte, il suffit d&#8217;utiliser de l&#8217;eau chaude.<\/p>\n<p><strong>Caract\u00e9ristiques<\/strong><\/p>\n<ul>\n<li>Interrupteur de s\u00e9curit\u00e9 contre la surchauffe<\/li>\n<li>Large plage de temp\u00e9rature, de 50 \u00e0 270 \u00b0C<\/li>\n<li>R\u00e9glage de la vapeur de 0 \u00e0 100 %<\/li>\n<li>Distribution efficace de la chaleur gr\u00e2ce au syst\u00e8me de ventilation<\/li>\n<li>Commande analogique facile \u00e0 utiliser pour la vapeur, la temp\u00e9rature et la minuterie<\/li>\n<\/ul>\n<p><strong>Caract\u00e9ristiques du produit<\/strong><\/p>\n<ul>\n<li>Poids net : 79 kg<\/li>\n<li>Capacit\u00e9 : 6 plateaux GN 1\/1 ou 6 plateaux de boulangerie 60x40cm<\/li>\n<li>Distance entre les plateaux : 7 cm<\/li>\n<li>Dimensions : L82 x P87 x H72 L82 x P87 x H72cm<\/li>\n<li>400V \/ 50Hz \/ 3 Phase 7900W<\/li>\n<\/ul>\n<p><em>Inclus :<\/em><\/p>\n<ul>\n<li>Une grille de four<\/li>\n<\/ul>","protected":false},"excerpt":{"rendered":"<p>Ce four \u00e0 vapeur combin\u00e9 est parfait pour les cuisines professionnelles. Ce mod\u00e8le convient aux grandes productions alimentaires, gr\u00e2ce \u00e0 sa capacit\u00e9 de 6 plateaux GN 1\/1 ou 6 plateaux bakerynorm (60 x 40 cm). Vous pouvez r\u00e9gler la temp\u00e9rature, la minuterie et la vapeur \u00e0 l&#8217;aide de simples commandes analogiques.<\/p>","protected":false},"featured_media":8424,"template":"","meta":{"_acf_changed":false},"product_brand":[],"product_cat":[484],"product_tag":[],"class_list":{"0":"post-14842","1":"product","2":"type-product","3":"status-publish","4":"has-post-thumbnail","6":"product_cat-fours-convection-mixtes-pizza-2","8":"first","9":"instock","10":"sale","11":"taxable","12":"shipping-taxable","13":"purchasable","14":"product-type-simple"},"acf":[],"yoast_head":"<!-- This site is optimized with the Yoast SEO plugin v27.5 - https:\/\/yoast.com\/product\/yoast-seo-wordpress\/ -->\n<title>Four combin\u00e9 - s&#039;adapte \u00e0 6 plateaux (1\/1 GN \/ 60 x 40 cm) - analogique - 400V - Gastora<\/title>\n<meta name=\"description\" content=\"Achetez Four combin\u00e9 - s&#039;adapte \u00e0 6 plateaux (1\/1 GN \/ 60 x 40 cm) - analogique - 400V au meilleur prix, fiable et performant avec une livraison rapide\" \/>\n<meta name=\"robots\" content=\"index, follow, max-snippet:-1, max-image-preview:large, max-video-preview:-1\" \/>\n<link rel=\"canonical\" href=\"https:\/\/gastora.eu\/en\/product\/four-combin-sadapte-6-plateaux-11-gn-60-x-40-cm-analogique-400v\/\" \/>\n<meta property=\"og:locale\" content=\"en_US\" \/>\n<meta property=\"og:type\" content=\"article\" \/>\n<meta property=\"og:title\" content=\"Four combin\u00e9 - s&#039;adapte \u00e0 6 plateaux (1\/1 GN \/ 60 x 40 cm) - analogique - 400V - Gastora\" \/>\n<meta property=\"og:description\" content=\"Achetez Four combin\u00e9 - s&#039;adapte \u00e0 6 plateaux (1\/1 GN \/ 60 x 40 cm) - analogique - 400V au meilleur prix, fiable et performant avec une livraison rapide\" \/>\n<meta property=\"og:url\" content=\"https:\/\/gastora.eu\/en\/product\/four-combin-sadapte-6-plateaux-11-gn-60-x-40-cm-analogique-400v\/\" \/>\n<meta property=\"og:site_name\" content=\"Gastora\" \/>\n<meta property=\"article:modified_time\" content=\"2026-04-28T16:57:18+00:00\" \/>\n<meta name=\"twitter:card\" content=\"summary_large_image\" \/>\n<meta name=\"twitter:label1\" content=\"Est. reading time\" \/>\n\t<meta name=\"twitter:data1\" content=\"2 minutes\" \/>\n<script type=\"application\/ld+json\" class=\"yoast-schema-graph\">{\"@context\":\"https:\\\/\\\/schema.org\",\"@graph\":[{\"@type\":\"WebPage\",\"@id\":\"https:\\\/\\\/gastora.eu\\\/product\\\/four-combin-sadapte-6-plateaux-11-gn-60-x-40-cm-analogique-400v\\\/\",\"url\":\"https:\\\/\\\/gastora.eu\\\/product\\\/four-combin-sadapte-6-plateaux-11-gn-60-x-40-cm-analogique-400v\\\/\",\"name\":\"Four combin\u00e9 - s'adapte \u00e0 6 plateaux (1\\\/1 GN \\\/ 60 x 40 cm) - analogique - 400V - Gastora\",\"isPartOf\":{\"@id\":\"https:\\\/\\\/gastora.eu\\\/#website\"},\"primaryImageOfPage\":{\"@id\":\"https:\\\/\\\/gastora.eu\\\/product\\\/four-combin-sadapte-6-plateaux-11-gn-60-x-40-cm-analogique-400v\\\/#primaryimage\"},\"image\":{\"@id\":\"https:\\\/\\\/gastora.eu\\\/product\\\/four-combin-sadapte-6-plateaux-11-gn-60-x-40-cm-analogique-400v\\\/#primaryimage\"},\"thumbnailUrl\":\"https:\\\/\\\/gastora.eu\\\/wp-content\\\/uploads\\\/2026\\\/04\\\/sp-001-08500206_2_.jpg\",\"datePublished\":\"2026-04-26T08:45:48+00:00\",\"dateModified\":\"2026-04-28T16:57:18+00:00\",\"description\":\"Achetez Four combin\u00e9 - s'adapte \u00e0 6 plateaux (1\\\/1 GN \\\/ 60 x 40 cm) - analogique - 400V au meilleur prix, fiable et performant avec une livraison rapide\",\"breadcrumb\":{\"@id\":\"https:\\\/\\\/gastora.eu\\\/product\\\/four-combin-sadapte-6-plateaux-11-gn-60-x-40-cm-analogique-400v\\\/#breadcrumb\"},\"inLanguage\":\"en-US\",\"potentialAction\":[{\"@type\":\"ReadAction\",\"target\":[\"https:\\\/\\\/gastora.eu\\\/product\\\/four-combin-sadapte-6-plateaux-11-gn-60-x-40-cm-analogique-400v\\\/\"]}]},{\"@type\":\"ImageObject\",\"inLanguage\":\"en-US\",\"@id\":\"https:\\\/\\\/gastora.eu\\\/product\\\/four-combin-sadapte-6-plateaux-11-gn-60-x-40-cm-analogique-400v\\\/#primaryimage\",\"url\":\"https:\\\/\\\/gastora.eu\\\/wp-content\\\/uploads\\\/2026\\\/04\\\/sp-001-08500206_2_.jpg\",\"contentUrl\":\"https:\\\/\\\/gastora.eu\\\/wp-content\\\/uploads\\\/2026\\\/04\\\/sp-001-08500206_2_.jpg\",\"width\":1200,\"height\":1200},{\"@type\":\"BreadcrumbList\",\"@id\":\"https:\\\/\\\/gastora.eu\\\/product\\\/four-combin-sadapte-6-plateaux-11-gn-60-x-40-cm-analogique-400v\\\/#breadcrumb\",\"itemListElement\":[{\"@type\":\"ListItem\",\"position\":1,\"name\":\"Home\",\"item\":\"https:\\\/\\\/gastora.eu\\\/\"},{\"@type\":\"ListItem\",\"position\":2,\"name\":\"Shop\",\"item\":\"https:\\\/\\\/gastora.eu\\\/shop\\\/\"},{\"@type\":\"ListItem\",\"position\":3,\"name\":\"Four combin\u00e9 &#8211; s&#8217;adapte \u00e0 6 plateaux (1\\\/1 GN \\\/ 60 x 40 cm) &#8211; analogique &#8211; 400V\"}]},{\"@type\":\"WebSite\",\"@id\":\"https:\\\/\\\/gastora.eu\\\/#website\",\"url\":\"https:\\\/\\\/gastora.eu\\\/\",\"name\":\"Gastora\",\"description\":\"\u00c9quipements professionnels CHR\",\"publisher\":{\"@id\":\"https:\\\/\\\/gastora.eu\\\/#organization\"},\"potentialAction\":[{\"@type\":\"SearchAction\",\"target\":{\"@type\":\"EntryPoint\",\"urlTemplate\":\"https:\\\/\\\/gastora.eu\\\/?s={search_term_string}\"},\"query-input\":{\"@type\":\"PropertyValueSpecification\",\"valueRequired\":true,\"valueName\":\"search_term_string\"}}],\"inLanguage\":\"en-US\"},{\"@type\":\"Organization\",\"@id\":\"https:\\\/\\\/gastora.eu\\\/#organization\",\"name\":\"Gastora\",\"url\":\"https:\\\/\\\/gastora.eu\\\/\",\"logo\":{\"@type\":\"ImageObject\",\"inLanguage\":\"en-US\",\"@id\":\"https:\\\/\\\/gastora.eu\\\/#\\\/schema\\\/logo\\\/image\\\/\",\"url\":\"https:\\\/\\\/gastora.eu\\\/wp-content\\\/uploads\\\/2025\\\/12\\\/ChatGPT-Image-2-janv.-2026-22_52_47-1.png\",\"contentUrl\":\"https:\\\/\\\/gastora.eu\\\/wp-content\\\/uploads\\\/2025\\\/12\\\/ChatGPT-Image-2-janv.-2026-22_52_47-1.png\",\"width\":1536,\"height\":320,\"caption\":\"Gastora\"},\"image\":{\"@id\":\"https:\\\/\\\/gastora.eu\\\/#\\\/schema\\\/logo\\\/image\\\/\"}}]}<\/script>\n<!-- \/ Yoast SEO plugin. -->","yoast_head_json":{"title":"Four combin\u00e9 - s'adapte \u00e0 6 plateaux (1\/1 GN \/ 60 x 40 cm) - analogique - 400V - Gastora","description":"Achetez Four combin\u00e9 - s'adapte \u00e0 6 plateaux (1\/1 GN \/ 60 x 40 cm) - analogique - 400V au meilleur prix, fiable et performant avec une livraison rapide","robots":{"index":"index","follow":"follow","max-snippet":"max-snippet:-1","max-image-preview":"max-image-preview:large","max-video-preview":"max-video-preview:-1"},"canonical":"https:\/\/gastora.eu\/en\/product\/four-combin-sadapte-6-plateaux-11-gn-60-x-40-cm-analogique-400v\/","og_locale":"en_US","og_type":"article","og_title":"Four combin\u00e9 - s'adapte \u00e0 6 plateaux (1\/1 GN \/ 60 x 40 cm) - analogique - 400V - Gastora","og_description":"Achetez Four combin\u00e9 - s'adapte \u00e0 6 plateaux (1\/1 GN \/ 60 x 40 cm) - analogique - 400V au meilleur prix, fiable et performant avec une livraison rapide","og_url":"https:\/\/gastora.eu\/en\/product\/four-combin-sadapte-6-plateaux-11-gn-60-x-40-cm-analogique-400v\/","og_site_name":"Gastora","article_modified_time":"2026-04-28T16:57:18+00:00","twitter_card":"summary_large_image","twitter_misc":{"Est. reading time":"2 minutes"},"schema":{"@context":"https:\/\/schema.org","@graph":[{"@type":"WebPage","@id":"https:\/\/gastora.eu\/product\/four-combin-sadapte-6-plateaux-11-gn-60-x-40-cm-analogique-400v\/","url":"https:\/\/gastora.eu\/product\/four-combin-sadapte-6-plateaux-11-gn-60-x-40-cm-analogique-400v\/","name":"Four combin\u00e9 - s'adapte \u00e0 6 plateaux (1\/1 GN \/ 60 x 40 cm) - analogique - 400V - Gastora","isPartOf":{"@id":"https:\/\/gastora.eu\/#website"},"primaryImageOfPage":{"@id":"https:\/\/gastora.eu\/product\/four-combin-sadapte-6-plateaux-11-gn-60-x-40-cm-analogique-400v\/#primaryimage"},"image":{"@id":"https:\/\/gastora.eu\/product\/four-combin-sadapte-6-plateaux-11-gn-60-x-40-cm-analogique-400v\/#primaryimage"},"thumbnailUrl":"https:\/\/gastora.eu\/wp-content\/uploads\/2026\/04\/sp-001-08500206_2_.jpg","datePublished":"2026-04-26T08:45:48+00:00","dateModified":"2026-04-28T16:57:18+00:00","description":"Achetez Four combin\u00e9 - s'adapte \u00e0 6 plateaux (1\/1 GN \/ 60 x 40 cm) - analogique - 400V au meilleur prix, fiable et performant avec une livraison rapide","breadcrumb":{"@id":"https:\/\/gastora.eu\/product\/four-combin-sadapte-6-plateaux-11-gn-60-x-40-cm-analogique-400v\/#breadcrumb"},"inLanguage":"en-US","potentialAction":[{"@type":"ReadAction","target":["https:\/\/gastora.eu\/product\/four-combin-sadapte-6-plateaux-11-gn-60-x-40-cm-analogique-400v\/"]}]},{"@type":"ImageObject","inLanguage":"en-US","@id":"https:\/\/gastora.eu\/product\/four-combin-sadapte-6-plateaux-11-gn-60-x-40-cm-analogique-400v\/#primaryimage","url":"https:\/\/gastora.eu\/wp-content\/uploads\/2026\/04\/sp-001-08500206_2_.jpg","contentUrl":"https:\/\/gastora.eu\/wp-content\/uploads\/2026\/04\/sp-001-08500206_2_.jpg","width":1200,"height":1200},{"@type":"BreadcrumbList","@id":"https:\/\/gastora.eu\/product\/four-combin-sadapte-6-plateaux-11-gn-60-x-40-cm-analogique-400v\/#breadcrumb","itemListElement":[{"@type":"ListItem","position":1,"name":"Home","item":"https:\/\/gastora.eu\/"},{"@type":"ListItem","position":2,"name":"Shop","item":"https:\/\/gastora.eu\/shop\/"},{"@type":"ListItem","position":3,"name":"Four combin\u00e9 &#8211; s&#8217;adapte \u00e0 6 plateaux (1\/1 GN \/ 60 x 40 cm) &#8211; analogique &#8211; 400V"}]},{"@type":"WebSite","@id":"https:\/\/gastora.eu\/#website","url":"https:\/\/gastora.eu\/","name":"Gastora","description":"\u00c9quipements professionnels CHR","publisher":{"@id":"https:\/\/gastora.eu\/#organization"},"potentialAction":[{"@type":"SearchAction","target":{"@type":"EntryPoint","urlTemplate":"https:\/\/gastora.eu\/?s={search_term_string}"},"query-input":{"@type":"PropertyValueSpecification","valueRequired":true,"valueName":"search_term_string"}}],"inLanguage":"en-US"},{"@type":"Organization","@id":"https:\/\/gastora.eu\/#organization","name":"Gastora","url":"https:\/\/gastora.eu\/","logo":{"@type":"ImageObject","inLanguage":"en-US","@id":"https:\/\/gastora.eu\/#\/schema\/logo\/image\/","url":"https:\/\/gastora.eu\/wp-content\/uploads\/2025\/12\/ChatGPT-Image-2-janv.-2026-22_52_47-1.png","contentUrl":"https:\/\/gastora.eu\/wp-content\/uploads\/2025\/12\/ChatGPT-Image-2-janv.-2026-22_52_47-1.png","width":1536,"height":320,"caption":"Gastora"},"image":{"@id":"https:\/\/gastora.eu\/#\/schema\/logo\/image\/"}}]}},"jetpack_sharing_enabled":true,"_links":{"self":[{"href":"https:\/\/gastora.eu\/en\/wp-json\/wp\/v2\/product\/14842","targetHints":{"allow":["GET"]}}],"collection":[{"href":"https:\/\/gastora.eu\/en\/wp-json\/wp\/v2\/product"}],"about":[{"href":"https:\/\/gastora.eu\/en\/wp-json\/wp\/v2\/types\/product"}],"wp:featuredmedia":[{"embeddable":true,"href":"https:\/\/gastora.eu\/en\/wp-json\/wp\/v2\/media\/8424"}],"wp:attachment":[{"href":"https:\/\/gastora.eu\/en\/wp-json\/wp\/v2\/media?parent=14842"}],"wp:term":[{"taxonomy":"product_brand","embeddable":true,"href":"https:\/\/gastora.eu\/en\/wp-json\/wp\/v2\/product_brand?post=14842"},{"taxonomy":"product_cat","embeddable":true,"href":"https:\/\/gastora.eu\/en\/wp-json\/wp\/v2\/product_cat?post=14842"},{"taxonomy":"product_tag","embeddable":true,"href":"https:\/\/gastora.eu\/en\/wp-json\/wp\/v2\/product_tag?post=14842"}],"curies":[{"name":"wp","href":"https:\/\/api.w.org\/{rel}","templated":true}]}}