{"id":14840,"date":"2026-04-26T08:45:46","date_gmt":"2026-04-26T08:45:46","guid":{"rendered":"https:\/\/gastora.eu\/?post_type=product&#038;p=14840"},"modified":"2026-04-28T16:57:18","modified_gmt":"2026-04-28T16:57:18","slug":"four-combin-sadapte-4-plateaux-11-gn-60-x-40-cm-analogique-400v","status":"publish","type":"product","link":"https:\/\/gastora.eu\/en\/product\/four-combin-sadapte-4-plateaux-11-gn-60-x-40-cm-analogique-400v\/","title":{"rendered":"Four combin\u00e9 &#8211; s&#8217;adapte \u00e0 4 plateaux (1\/1 GN \/ 60 x 40 cm) &#8211; analogique &#8211; 400V"},"content":{"rendered":"<p>Un four \u00e0 vapeur mixte professionnel est un excellent investissement pour presque toutes les cuisines commerciales. Les entreprises alimentaires qui pr\u00e9parent r\u00e9guli\u00e8rement des lots d&#8217;aliments avec des r\u00e9sultats constants peuvent tirer profit d&#8217;un four \u00e0 vapeur mixte. Ce four \u00e0 vapeur mixte est tr\u00e8s polyvalent, gr\u00e2ce \u00e0 la combinaison de l&#8217;air chaud et de la vapeur. Il est \u00e9galement compact, ce qui permet de gagner de la place dans les cuisines de toutes tailles. Avec ce four professionnel, vous pouvez \u00e9galement cuire au four, bouillir, griller, mijoter, r\u00f4tir, gratiner et cuire sous vide. Ce four \u00e0 vapeur combin\u00e9 est id\u00e9al pour une utilisation avec des plaques GN 1\/1 ou des plaques \u00e0 p\u00e2tisserie de 60 x 40 cm. Il peut accueillir jusqu&#8217;\u00e0 quatre plateaux \u00e0 la fois.<\/p>\n<h3>Panneau de commande convivial<\/h3>\n<p>Ce four mixte \u00e0 vapeur est parfaitement adapt\u00e9 \u00e0 la cuisson constante. Les puissants \u00e9l\u00e9ments chauffants en acier inoxydable assurent une distribution compl\u00e8te et efficace de la chaleur. En outre, le four mixte est \u00e9quip\u00e9 d&#8217;un ventilateur \u00e0 fonction invers\u00e9e et d&#8217;un double vitrage athermique. La porte est tr\u00e8s facile \u00e0 r\u00e9gler et le joint de porte est en silicone alimentaire. Sur le panneau de commande facile \u00e0 lire, vous trouverez un bouton pour la vapeur, la temp\u00e9rature et la minuterie. L&#8217;appareil dispose d&#8217;une large plage de temp\u00e9ratures, ce qui vous permet de cuisiner presque tout ce que vous voulez. Il est \u00e9galement dot\u00e9 d&#8217;une minuterie qui vous permet de le laisser cuire pendant que vous vous occupez d&#8217;autres t\u00e2ches. Enfin, la touche vapeur vous permet de r\u00e9gler le pourcentage exact de vapeur que vous souhaitez.<\/p>\n<h3>Un nettoyage sans effort<\/h3>\n<p>Avant de nettoyer un four vapeur mixte, il est important de s&#8217;assurer qu&#8217;il a compl\u00e8tement refroidi. Le bo\u00eetier, la porte et la chambre int\u00e9rieure sont en acier inoxydable et ont des angles arrondis. Le nettoyage est donc tr\u00e8s facile. Un chiffon doux, de l&#8217;eau chaude et un d\u00e9tergent doux permettent d&#8217;essuyer rapidement et soigneusement les surfaces lisses. Pour nettoyer la vitre de la porte, il suffit d&#8217;utiliser de l&#8217;eau chaude.<\/p>\n<p><strong>Caract\u00e9ristiques<\/strong><\/p>\n<ul>\n<li>Interrupteur de s\u00e9curit\u00e9 contre la surchauffe<\/li>\n<li>Large plage de temp\u00e9rature, de 50 \u00e0 270 \u00b0C<\/li>\n<li>R\u00e9gulation de la vapeur r\u00e9glable de 0 \u00e0 100 % de vapeur<\/li>\n<li>Distribution efficace de la chaleur gr\u00e2ce au syst\u00e8me de ventilation<\/li>\n<li>Commande analogique facile \u00e0 utiliser pour la vapeur, la temp\u00e9rature et la minuterie<\/li>\n<\/ul>\n<p><strong>Caract\u00e9ristiques du produit<\/strong><\/p>\n<ul>\n<li>Poids net : 42 kg<\/li>\n<li>Capacit\u00e9 : 4 x 1\/1 GN, ou 4 x 60 x 40cm plateaux<\/li>\n<li>Distance entre les plateaux : 7 cm<\/li>\n<li>Dimensions de l&#8217;appareil : L73 x P77 x H60,5cm<\/li>\n<li>400V \/ 50Hz \/ 3 Phase 5800W<\/li>\n<\/ul>\n<p><strong>Ce produit est fourni sans fil ni fiche.<\/strong><\/p>\n<p><em>Inclus :<\/em><\/p>\n<ul>\n<li>Une grille de four<\/li>\n<\/ul>","protected":false},"excerpt":{"rendered":"<p>Ce four \u00e0 vapeur combin\u00e9 de haute qualit\u00e9 est un appareil indispensable dans les cuisines professionnelles. Ce mod\u00e8le est bien adapt\u00e9 \u00e0 la production d&#8217;aliments, gr\u00e2ce \u00e0 sa capacit\u00e9 de 4 plateaux GN 1\/1 ou de 4 plateaux bakerynorm (60 x 40 cm). Il est dot\u00e9 de boutons analogiques faciles \u00e0 utiliser pour r\u00e9gler la temp\u00e9rature, la vapeur et la minuterie.<\/p>","protected":false},"featured_media":8420,"template":"","meta":{"_acf_changed":false},"product_brand":[],"product_cat":[484],"product_tag":[],"class_list":{"0":"post-14840","1":"product","2":"type-product","3":"status-publish","4":"has-post-thumbnail","6":"product_cat-fours-convection-mixtes-pizza-2","8":"first","9":"instock","10":"sale","11":"taxable","12":"shipping-taxable","13":"purchasable","14":"product-type-simple"},"acf":[],"yoast_head":"<!-- This site is optimized with the Yoast SEO plugin v27.5 - https:\/\/yoast.com\/product\/yoast-seo-wordpress\/ -->\n<title>Four combin\u00e9 - s&#039;adapte \u00e0 4 plateaux (1\/1 GN \/ 60 x 40 cm) - analogique - 400V - Gastora<\/title>\n<meta name=\"description\" content=\"Achetez Four combin\u00e9 - s&#039;adapte \u00e0 4 plateaux (1\/1 GN \/ 60 x 40 cm) - analogique - 400V au meilleur prix, fiable et performant avec une livraison rapide\" \/>\n<meta name=\"robots\" content=\"index, follow, max-snippet:-1, max-image-preview:large, max-video-preview:-1\" \/>\n<link rel=\"canonical\" href=\"https:\/\/gastora.eu\/en\/product\/four-combin-sadapte-4-plateaux-11-gn-60-x-40-cm-analogique-400v\/\" \/>\n<meta property=\"og:locale\" content=\"en_US\" \/>\n<meta property=\"og:type\" content=\"article\" \/>\n<meta property=\"og:title\" content=\"Four combin\u00e9 - s&#039;adapte \u00e0 4 plateaux (1\/1 GN \/ 60 x 40 cm) - analogique - 400V - Gastora\" \/>\n<meta property=\"og:description\" content=\"Achetez Four combin\u00e9 - s&#039;adapte \u00e0 4 plateaux (1\/1 GN \/ 60 x 40 cm) - analogique - 400V au meilleur prix, fiable et performant avec une livraison rapide\" \/>\n<meta property=\"og:url\" content=\"https:\/\/gastora.eu\/en\/product\/four-combin-sadapte-4-plateaux-11-gn-60-x-40-cm-analogique-400v\/\" \/>\n<meta property=\"og:site_name\" content=\"Gastora\" \/>\n<meta property=\"article:modified_time\" content=\"2026-04-28T16:57:18+00:00\" \/>\n<meta name=\"twitter:card\" content=\"summary_large_image\" \/>\n<meta name=\"twitter:label1\" content=\"Est. reading time\" \/>\n\t<meta name=\"twitter:data1\" content=\"2 minutes\" \/>\n<script type=\"application\/ld+json\" class=\"yoast-schema-graph\">{\"@context\":\"https:\\\/\\\/schema.org\",\"@graph\":[{\"@type\":\"WebPage\",\"@id\":\"https:\\\/\\\/gastora.eu\\\/product\\\/four-combin-sadapte-4-plateaux-11-gn-60-x-40-cm-analogique-400v\\\/\",\"url\":\"https:\\\/\\\/gastora.eu\\\/product\\\/four-combin-sadapte-4-plateaux-11-gn-60-x-40-cm-analogique-400v\\\/\",\"name\":\"Four combin\u00e9 - s'adapte \u00e0 4 plateaux (1\\\/1 GN \\\/ 60 x 40 cm) - analogique - 400V - Gastora\",\"isPartOf\":{\"@id\":\"https:\\\/\\\/gastora.eu\\\/#website\"},\"primaryImageOfPage\":{\"@id\":\"https:\\\/\\\/gastora.eu\\\/product\\\/four-combin-sadapte-4-plateaux-11-gn-60-x-40-cm-analogique-400v\\\/#primaryimage\"},\"image\":{\"@id\":\"https:\\\/\\\/gastora.eu\\\/product\\\/four-combin-sadapte-4-plateaux-11-gn-60-x-40-cm-analogique-400v\\\/#primaryimage\"},\"thumbnailUrl\":\"https:\\\/\\\/gastora.eu\\\/wp-content\\\/uploads\\\/2026\\\/04\\\/sp-001-08500202_2_.jpg\",\"datePublished\":\"2026-04-26T08:45:46+00:00\",\"dateModified\":\"2026-04-28T16:57:18+00:00\",\"description\":\"Achetez Four combin\u00e9 - s'adapte \u00e0 4 plateaux (1\\\/1 GN \\\/ 60 x 40 cm) - analogique - 400V au meilleur prix, fiable et performant avec une livraison rapide\",\"breadcrumb\":{\"@id\":\"https:\\\/\\\/gastora.eu\\\/product\\\/four-combin-sadapte-4-plateaux-11-gn-60-x-40-cm-analogique-400v\\\/#breadcrumb\"},\"inLanguage\":\"en-US\",\"potentialAction\":[{\"@type\":\"ReadAction\",\"target\":[\"https:\\\/\\\/gastora.eu\\\/product\\\/four-combin-sadapte-4-plateaux-11-gn-60-x-40-cm-analogique-400v\\\/\"]}]},{\"@type\":\"ImageObject\",\"inLanguage\":\"en-US\",\"@id\":\"https:\\\/\\\/gastora.eu\\\/product\\\/four-combin-sadapte-4-plateaux-11-gn-60-x-40-cm-analogique-400v\\\/#primaryimage\",\"url\":\"https:\\\/\\\/gastora.eu\\\/wp-content\\\/uploads\\\/2026\\\/04\\\/sp-001-08500202_2_.jpg\",\"contentUrl\":\"https:\\\/\\\/gastora.eu\\\/wp-content\\\/uploads\\\/2026\\\/04\\\/sp-001-08500202_2_.jpg\",\"width\":1200,\"height\":1200},{\"@type\":\"BreadcrumbList\",\"@id\":\"https:\\\/\\\/gastora.eu\\\/product\\\/four-combin-sadapte-4-plateaux-11-gn-60-x-40-cm-analogique-400v\\\/#breadcrumb\",\"itemListElement\":[{\"@type\":\"ListItem\",\"position\":1,\"name\":\"Home\",\"item\":\"https:\\\/\\\/gastora.eu\\\/\"},{\"@type\":\"ListItem\",\"position\":2,\"name\":\"Shop\",\"item\":\"https:\\\/\\\/gastora.eu\\\/shop\\\/\"},{\"@type\":\"ListItem\",\"position\":3,\"name\":\"Four combin\u00e9 &#8211; s&#8217;adapte \u00e0 4 plateaux (1\\\/1 GN \\\/ 60 x 40 cm) &#8211; analogique &#8211; 400V\"}]},{\"@type\":\"WebSite\",\"@id\":\"https:\\\/\\\/gastora.eu\\\/#website\",\"url\":\"https:\\\/\\\/gastora.eu\\\/\",\"name\":\"Gastora\",\"description\":\"\u00c9quipements professionnels CHR\",\"publisher\":{\"@id\":\"https:\\\/\\\/gastora.eu\\\/#organization\"},\"potentialAction\":[{\"@type\":\"SearchAction\",\"target\":{\"@type\":\"EntryPoint\",\"urlTemplate\":\"https:\\\/\\\/gastora.eu\\\/?s={search_term_string}\"},\"query-input\":{\"@type\":\"PropertyValueSpecification\",\"valueRequired\":true,\"valueName\":\"search_term_string\"}}],\"inLanguage\":\"en-US\"},{\"@type\":\"Organization\",\"@id\":\"https:\\\/\\\/gastora.eu\\\/#organization\",\"name\":\"Gastora\",\"url\":\"https:\\\/\\\/gastora.eu\\\/\",\"logo\":{\"@type\":\"ImageObject\",\"inLanguage\":\"en-US\",\"@id\":\"https:\\\/\\\/gastora.eu\\\/#\\\/schema\\\/logo\\\/image\\\/\",\"url\":\"https:\\\/\\\/gastora.eu\\\/wp-content\\\/uploads\\\/2025\\\/12\\\/ChatGPT-Image-2-janv.-2026-22_52_47-1.png\",\"contentUrl\":\"https:\\\/\\\/gastora.eu\\\/wp-content\\\/uploads\\\/2025\\\/12\\\/ChatGPT-Image-2-janv.-2026-22_52_47-1.png\",\"width\":1536,\"height\":320,\"caption\":\"Gastora\"},\"image\":{\"@id\":\"https:\\\/\\\/gastora.eu\\\/#\\\/schema\\\/logo\\\/image\\\/\"}}]}<\/script>\n<!-- \/ Yoast SEO plugin. -->","yoast_head_json":{"title":"Four combin\u00e9 - s'adapte \u00e0 4 plateaux (1\/1 GN \/ 60 x 40 cm) - analogique - 400V - Gastora","description":"Achetez Four combin\u00e9 - s'adapte \u00e0 4 plateaux (1\/1 GN \/ 60 x 40 cm) - analogique - 400V au meilleur prix, fiable et performant avec une livraison rapide","robots":{"index":"index","follow":"follow","max-snippet":"max-snippet:-1","max-image-preview":"max-image-preview:large","max-video-preview":"max-video-preview:-1"},"canonical":"https:\/\/gastora.eu\/en\/product\/four-combin-sadapte-4-plateaux-11-gn-60-x-40-cm-analogique-400v\/","og_locale":"en_US","og_type":"article","og_title":"Four combin\u00e9 - s'adapte \u00e0 4 plateaux (1\/1 GN \/ 60 x 40 cm) - analogique - 400V - Gastora","og_description":"Achetez Four combin\u00e9 - s'adapte \u00e0 4 plateaux (1\/1 GN \/ 60 x 40 cm) - analogique - 400V au meilleur prix, fiable et performant avec une livraison rapide","og_url":"https:\/\/gastora.eu\/en\/product\/four-combin-sadapte-4-plateaux-11-gn-60-x-40-cm-analogique-400v\/","og_site_name":"Gastora","article_modified_time":"2026-04-28T16:57:18+00:00","twitter_card":"summary_large_image","twitter_misc":{"Est. reading time":"2 minutes"},"schema":{"@context":"https:\/\/schema.org","@graph":[{"@type":"WebPage","@id":"https:\/\/gastora.eu\/product\/four-combin-sadapte-4-plateaux-11-gn-60-x-40-cm-analogique-400v\/","url":"https:\/\/gastora.eu\/product\/four-combin-sadapte-4-plateaux-11-gn-60-x-40-cm-analogique-400v\/","name":"Four combin\u00e9 - s'adapte \u00e0 4 plateaux (1\/1 GN \/ 60 x 40 cm) - analogique - 400V - Gastora","isPartOf":{"@id":"https:\/\/gastora.eu\/#website"},"primaryImageOfPage":{"@id":"https:\/\/gastora.eu\/product\/four-combin-sadapte-4-plateaux-11-gn-60-x-40-cm-analogique-400v\/#primaryimage"},"image":{"@id":"https:\/\/gastora.eu\/product\/four-combin-sadapte-4-plateaux-11-gn-60-x-40-cm-analogique-400v\/#primaryimage"},"thumbnailUrl":"https:\/\/gastora.eu\/wp-content\/uploads\/2026\/04\/sp-001-08500202_2_.jpg","datePublished":"2026-04-26T08:45:46+00:00","dateModified":"2026-04-28T16:57:18+00:00","description":"Achetez Four combin\u00e9 - s'adapte \u00e0 4 plateaux (1\/1 GN \/ 60 x 40 cm) - analogique - 400V au meilleur prix, fiable et performant avec une livraison rapide","breadcrumb":{"@id":"https:\/\/gastora.eu\/product\/four-combin-sadapte-4-plateaux-11-gn-60-x-40-cm-analogique-400v\/#breadcrumb"},"inLanguage":"en-US","potentialAction":[{"@type":"ReadAction","target":["https:\/\/gastora.eu\/product\/four-combin-sadapte-4-plateaux-11-gn-60-x-40-cm-analogique-400v\/"]}]},{"@type":"ImageObject","inLanguage":"en-US","@id":"https:\/\/gastora.eu\/product\/four-combin-sadapte-4-plateaux-11-gn-60-x-40-cm-analogique-400v\/#primaryimage","url":"https:\/\/gastora.eu\/wp-content\/uploads\/2026\/04\/sp-001-08500202_2_.jpg","contentUrl":"https:\/\/gastora.eu\/wp-content\/uploads\/2026\/04\/sp-001-08500202_2_.jpg","width":1200,"height":1200},{"@type":"BreadcrumbList","@id":"https:\/\/gastora.eu\/product\/four-combin-sadapte-4-plateaux-11-gn-60-x-40-cm-analogique-400v\/#breadcrumb","itemListElement":[{"@type":"ListItem","position":1,"name":"Home","item":"https:\/\/gastora.eu\/"},{"@type":"ListItem","position":2,"name":"Shop","item":"https:\/\/gastora.eu\/shop\/"},{"@type":"ListItem","position":3,"name":"Four combin\u00e9 &#8211; s&#8217;adapte \u00e0 4 plateaux (1\/1 GN \/ 60 x 40 cm) &#8211; analogique &#8211; 400V"}]},{"@type":"WebSite","@id":"https:\/\/gastora.eu\/#website","url":"https:\/\/gastora.eu\/","name":"Gastora","description":"\u00c9quipements professionnels CHR","publisher":{"@id":"https:\/\/gastora.eu\/#organization"},"potentialAction":[{"@type":"SearchAction","target":{"@type":"EntryPoint","urlTemplate":"https:\/\/gastora.eu\/?s={search_term_string}"},"query-input":{"@type":"PropertyValueSpecification","valueRequired":true,"valueName":"search_term_string"}}],"inLanguage":"en-US"},{"@type":"Organization","@id":"https:\/\/gastora.eu\/#organization","name":"Gastora","url":"https:\/\/gastora.eu\/","logo":{"@type":"ImageObject","inLanguage":"en-US","@id":"https:\/\/gastora.eu\/#\/schema\/logo\/image\/","url":"https:\/\/gastora.eu\/wp-content\/uploads\/2025\/12\/ChatGPT-Image-2-janv.-2026-22_52_47-1.png","contentUrl":"https:\/\/gastora.eu\/wp-content\/uploads\/2025\/12\/ChatGPT-Image-2-janv.-2026-22_52_47-1.png","width":1536,"height":320,"caption":"Gastora"},"image":{"@id":"https:\/\/gastora.eu\/#\/schema\/logo\/image\/"}}]}},"jetpack_sharing_enabled":true,"_links":{"self":[{"href":"https:\/\/gastora.eu\/en\/wp-json\/wp\/v2\/product\/14840","targetHints":{"allow":["GET"]}}],"collection":[{"href":"https:\/\/gastora.eu\/en\/wp-json\/wp\/v2\/product"}],"about":[{"href":"https:\/\/gastora.eu\/en\/wp-json\/wp\/v2\/types\/product"}],"wp:featuredmedia":[{"embeddable":true,"href":"https:\/\/gastora.eu\/en\/wp-json\/wp\/v2\/media\/8420"}],"wp:attachment":[{"href":"https:\/\/gastora.eu\/en\/wp-json\/wp\/v2\/media?parent=14840"}],"wp:term":[{"taxonomy":"product_brand","embeddable":true,"href":"https:\/\/gastora.eu\/en\/wp-json\/wp\/v2\/product_brand?post=14840"},{"taxonomy":"product_cat","embeddable":true,"href":"https:\/\/gastora.eu\/en\/wp-json\/wp\/v2\/product_cat?post=14840"},{"taxonomy":"product_tag","embeddable":true,"href":"https:\/\/gastora.eu\/en\/wp-json\/wp\/v2\/product_tag?post=14840"}],"curies":[{"name":"wp","href":"https:\/\/api.w.org\/{rel}","templated":true}]}}