{"id":14834,"date":"2026-04-26T08:45:38","date_gmt":"2026-04-26T08:45:38","guid":{"rendered":"https:\/\/gastora.eu\/?post_type=product&#038;p=14834"},"modified":"2026-04-28T16:57:17","modified_gmt":"2026-04-28T16:57:17","slug":"trancheur-de-viande-30cm-lame-de-couteau-dentele","status":"publish","type":"product","link":"https:\/\/gastora.eu\/en\/product\/trancheur-de-viande-30cm-lame-de-couteau-dentele\/","title":{"rendered":"Trancheur de viande \u00d830cm &#8211; Lame de couteau dentel\u00e9e"},"content":{"rendered":"<p>Cette lame de couteau dentel\u00e9e d&#8217;un diam\u00e8tre de 300 mm est compatible avec le Maxima Meat Slicer 300 mm. Son bord dent\u00e9 permet de trancher en douceur et sans effort des produits cro\u00fbt\u00e9s ou fermes tels que le pain, le fromage ou la viande semi-congel\u00e9e. Con\u00e7u pour une utilisation intensive et \u00e0 long terme, il garantit des r\u00e9sultats de coupe constants. Facile \u00e0 installer, il constitue une pi\u00e8ce de rechange fiable dans toute cuisine professionnelle.<\/p>","protected":false},"excerpt":{"rendered":"<p>Trancheur de viande \u00d830cm &#8211; Lame de couteau dentel\u00e9e<\/p>","protected":false},"featured_media":8408,"template":"","meta":{"_acf_changed":false},"product_brand":[],"product_cat":[482],"product_tag":[],"class_list":{"0":"post-14834","1":"product","2":"type-product","3":"status-publish","4":"has-post-thumbnail","6":"product_cat-trancheuses-2","8":"first","9":"instock","10":"sale","11":"taxable","12":"shipping-taxable","13":"purchasable","14":"product-type-simple"},"acf":[],"yoast_head":"<!-- This site is optimized with the Yoast SEO plugin v27.5 - https:\/\/yoast.com\/product\/yoast-seo-wordpress\/ -->\n<title>Trancheur de viande \u00d830cm - Lame de couteau dentel\u00e9e - Gastora<\/title>\n<meta name=\"description\" content=\"Achetez Trancheur de viande \u00d830cm - Lame de couteau dentel\u00e9e au meilleur prix, fiable et performant avec une livraison rapide\" \/>\n<meta name=\"robots\" content=\"index, follow, max-snippet:-1, max-image-preview:large, max-video-preview:-1\" \/>\n<link rel=\"canonical\" href=\"https:\/\/gastora.eu\/en\/product\/trancheur-de-viande-30cm-lame-de-couteau-dentele\/\" \/>\n<meta property=\"og:locale\" content=\"en_US\" \/>\n<meta property=\"og:type\" content=\"article\" \/>\n<meta property=\"og:title\" content=\"Trancheur de viande \u00d830cm - Lame de couteau dentel\u00e9e - Gastora\" \/>\n<meta property=\"og:description\" content=\"Achetez Trancheur de viande \u00d830cm - Lame de couteau dentel\u00e9e au meilleur prix, fiable et performant avec une livraison rapide\" \/>\n<meta property=\"og:url\" content=\"https:\/\/gastora.eu\/en\/product\/trancheur-de-viande-30cm-lame-de-couteau-dentele\/\" \/>\n<meta property=\"og:site_name\" content=\"Gastora\" \/>\n<meta property=\"article:modified_time\" content=\"2026-04-28T16:57:17+00:00\" \/>\n<meta name=\"twitter:card\" content=\"summary_large_image\" \/>\n<script type=\"application\/ld+json\" class=\"yoast-schema-graph\">{\"@context\":\"https:\\\/\\\/schema.org\",\"@graph\":[{\"@type\":\"WebPage\",\"@id\":\"https:\\\/\\\/gastora.eu\\\/product\\\/trancheur-de-viande-30cm-lame-de-couteau-dentele\\\/\",\"url\":\"https:\\\/\\\/gastora.eu\\\/product\\\/trancheur-de-viande-30cm-lame-de-couteau-dentele\\\/\",\"name\":\"Trancheur de viande \u00d830cm - Lame de couteau dentel\u00e9e - Gastora\",\"isPartOf\":{\"@id\":\"https:\\\/\\\/gastora.eu\\\/#website\"},\"primaryImageOfPage\":{\"@id\":\"https:\\\/\\\/gastora.eu\\\/product\\\/trancheur-de-viande-30cm-lame-de-couteau-dentele\\\/#primaryimage\"},\"image\":{\"@id\":\"https:\\\/\\\/gastora.eu\\\/product\\\/trancheur-de-viande-30cm-lame-de-couteau-dentele\\\/#primaryimage\"},\"thumbnailUrl\":\"https:\\\/\\\/gastora.eu\\\/wp-content\\\/uploads\\\/2026\\\/04\\\/parts-61656f852a20d.jpg\",\"datePublished\":\"2026-04-26T08:45:38+00:00\",\"dateModified\":\"2026-04-28T16:57:17+00:00\",\"description\":\"Achetez Trancheur de viande \u00d830cm - Lame de couteau dentel\u00e9e au meilleur prix, fiable et performant avec une livraison rapide\",\"breadcrumb\":{\"@id\":\"https:\\\/\\\/gastora.eu\\\/product\\\/trancheur-de-viande-30cm-lame-de-couteau-dentele\\\/#breadcrumb\"},\"inLanguage\":\"en-US\",\"potentialAction\":[{\"@type\":\"ReadAction\",\"target\":[\"https:\\\/\\\/gastora.eu\\\/product\\\/trancheur-de-viande-30cm-lame-de-couteau-dentele\\\/\"]}]},{\"@type\":\"ImageObject\",\"inLanguage\":\"en-US\",\"@id\":\"https:\\\/\\\/gastora.eu\\\/product\\\/trancheur-de-viande-30cm-lame-de-couteau-dentele\\\/#primaryimage\",\"url\":\"https:\\\/\\\/gastora.eu\\\/wp-content\\\/uploads\\\/2026\\\/04\\\/parts-61656f852a20d.jpg\",\"contentUrl\":\"https:\\\/\\\/gastora.eu\\\/wp-content\\\/uploads\\\/2026\\\/04\\\/parts-61656f852a20d.jpg\",\"width\":533,\"height\":800},{\"@type\":\"BreadcrumbList\",\"@id\":\"https:\\\/\\\/gastora.eu\\\/product\\\/trancheur-de-viande-30cm-lame-de-couteau-dentele\\\/#breadcrumb\",\"itemListElement\":[{\"@type\":\"ListItem\",\"position\":1,\"name\":\"Home\",\"item\":\"https:\\\/\\\/gastora.eu\\\/\"},{\"@type\":\"ListItem\",\"position\":2,\"name\":\"Shop\",\"item\":\"https:\\\/\\\/gastora.eu\\\/shop\\\/\"},{\"@type\":\"ListItem\",\"position\":3,\"name\":\"Trancheur de viande \u00d830cm &#8211; Lame de couteau dentel\u00e9e\"}]},{\"@type\":\"WebSite\",\"@id\":\"https:\\\/\\\/gastora.eu\\\/#website\",\"url\":\"https:\\\/\\\/gastora.eu\\\/\",\"name\":\"Gastora\",\"description\":\"\u00c9quipements professionnels CHR\",\"publisher\":{\"@id\":\"https:\\\/\\\/gastora.eu\\\/#organization\"},\"potentialAction\":[{\"@type\":\"SearchAction\",\"target\":{\"@type\":\"EntryPoint\",\"urlTemplate\":\"https:\\\/\\\/gastora.eu\\\/?s={search_term_string}\"},\"query-input\":{\"@type\":\"PropertyValueSpecification\",\"valueRequired\":true,\"valueName\":\"search_term_string\"}}],\"inLanguage\":\"en-US\"},{\"@type\":\"Organization\",\"@id\":\"https:\\\/\\\/gastora.eu\\\/#organization\",\"name\":\"Gastora\",\"url\":\"https:\\\/\\\/gastora.eu\\\/\",\"logo\":{\"@type\":\"ImageObject\",\"inLanguage\":\"en-US\",\"@id\":\"https:\\\/\\\/gastora.eu\\\/#\\\/schema\\\/logo\\\/image\\\/\",\"url\":\"https:\\\/\\\/gastora.eu\\\/wp-content\\\/uploads\\\/2025\\\/12\\\/ChatGPT-Image-2-janv.-2026-22_52_47-1.png\",\"contentUrl\":\"https:\\\/\\\/gastora.eu\\\/wp-content\\\/uploads\\\/2025\\\/12\\\/ChatGPT-Image-2-janv.-2026-22_52_47-1.png\",\"width\":1536,\"height\":320,\"caption\":\"Gastora\"},\"image\":{\"@id\":\"https:\\\/\\\/gastora.eu\\\/#\\\/schema\\\/logo\\\/image\\\/\"}}]}<\/script>\n<!-- \/ Yoast SEO plugin. -->","yoast_head_json":{"title":"Trancheur de viande \u00d830cm - Lame de couteau dentel\u00e9e - Gastora","description":"Achetez Trancheur de viande \u00d830cm - Lame de couteau dentel\u00e9e au meilleur prix, fiable et performant avec une livraison rapide","robots":{"index":"index","follow":"follow","max-snippet":"max-snippet:-1","max-image-preview":"max-image-preview:large","max-video-preview":"max-video-preview:-1"},"canonical":"https:\/\/gastora.eu\/en\/product\/trancheur-de-viande-30cm-lame-de-couteau-dentele\/","og_locale":"en_US","og_type":"article","og_title":"Trancheur de viande \u00d830cm - Lame de couteau dentel\u00e9e - Gastora","og_description":"Achetez Trancheur de viande \u00d830cm - Lame de couteau dentel\u00e9e au meilleur prix, fiable et performant avec une livraison rapide","og_url":"https:\/\/gastora.eu\/en\/product\/trancheur-de-viande-30cm-lame-de-couteau-dentele\/","og_site_name":"Gastora","article_modified_time":"2026-04-28T16:57:17+00:00","twitter_card":"summary_large_image","schema":{"@context":"https:\/\/schema.org","@graph":[{"@type":"WebPage","@id":"https:\/\/gastora.eu\/product\/trancheur-de-viande-30cm-lame-de-couteau-dentele\/","url":"https:\/\/gastora.eu\/product\/trancheur-de-viande-30cm-lame-de-couteau-dentele\/","name":"Trancheur de viande \u00d830cm - Lame de couteau dentel\u00e9e - Gastora","isPartOf":{"@id":"https:\/\/gastora.eu\/#website"},"primaryImageOfPage":{"@id":"https:\/\/gastora.eu\/product\/trancheur-de-viande-30cm-lame-de-couteau-dentele\/#primaryimage"},"image":{"@id":"https:\/\/gastora.eu\/product\/trancheur-de-viande-30cm-lame-de-couteau-dentele\/#primaryimage"},"thumbnailUrl":"https:\/\/gastora.eu\/wp-content\/uploads\/2026\/04\/parts-61656f852a20d.jpg","datePublished":"2026-04-26T08:45:38+00:00","dateModified":"2026-04-28T16:57:17+00:00","description":"Achetez Trancheur de viande \u00d830cm - Lame de couteau dentel\u00e9e au meilleur prix, fiable et performant avec une livraison rapide","breadcrumb":{"@id":"https:\/\/gastora.eu\/product\/trancheur-de-viande-30cm-lame-de-couteau-dentele\/#breadcrumb"},"inLanguage":"en-US","potentialAction":[{"@type":"ReadAction","target":["https:\/\/gastora.eu\/product\/trancheur-de-viande-30cm-lame-de-couteau-dentele\/"]}]},{"@type":"ImageObject","inLanguage":"en-US","@id":"https:\/\/gastora.eu\/product\/trancheur-de-viande-30cm-lame-de-couteau-dentele\/#primaryimage","url":"https:\/\/gastora.eu\/wp-content\/uploads\/2026\/04\/parts-61656f852a20d.jpg","contentUrl":"https:\/\/gastora.eu\/wp-content\/uploads\/2026\/04\/parts-61656f852a20d.jpg","width":533,"height":800},{"@type":"BreadcrumbList","@id":"https:\/\/gastora.eu\/product\/trancheur-de-viande-30cm-lame-de-couteau-dentele\/#breadcrumb","itemListElement":[{"@type":"ListItem","position":1,"name":"Home","item":"https:\/\/gastora.eu\/"},{"@type":"ListItem","position":2,"name":"Shop","item":"https:\/\/gastora.eu\/shop\/"},{"@type":"ListItem","position":3,"name":"Trancheur de viande \u00d830cm &#8211; Lame de couteau dentel\u00e9e"}]},{"@type":"WebSite","@id":"https:\/\/gastora.eu\/#website","url":"https:\/\/gastora.eu\/","name":"Gastora","description":"\u00c9quipements professionnels CHR","publisher":{"@id":"https:\/\/gastora.eu\/#organization"},"potentialAction":[{"@type":"SearchAction","target":{"@type":"EntryPoint","urlTemplate":"https:\/\/gastora.eu\/?s={search_term_string}"},"query-input":{"@type":"PropertyValueSpecification","valueRequired":true,"valueName":"search_term_string"}}],"inLanguage":"en-US"},{"@type":"Organization","@id":"https:\/\/gastora.eu\/#organization","name":"Gastora","url":"https:\/\/gastora.eu\/","logo":{"@type":"ImageObject","inLanguage":"en-US","@id":"https:\/\/gastora.eu\/#\/schema\/logo\/image\/","url":"https:\/\/gastora.eu\/wp-content\/uploads\/2025\/12\/ChatGPT-Image-2-janv.-2026-22_52_47-1.png","contentUrl":"https:\/\/gastora.eu\/wp-content\/uploads\/2025\/12\/ChatGPT-Image-2-janv.-2026-22_52_47-1.png","width":1536,"height":320,"caption":"Gastora"},"image":{"@id":"https:\/\/gastora.eu\/#\/schema\/logo\/image\/"}}]}},"jetpack_sharing_enabled":true,"_links":{"self":[{"href":"https:\/\/gastora.eu\/en\/wp-json\/wp\/v2\/product\/14834","targetHints":{"allow":["GET"]}}],"collection":[{"href":"https:\/\/gastora.eu\/en\/wp-json\/wp\/v2\/product"}],"about":[{"href":"https:\/\/gastora.eu\/en\/wp-json\/wp\/v2\/types\/product"}],"wp:featuredmedia":[{"embeddable":true,"href":"https:\/\/gastora.eu\/en\/wp-json\/wp\/v2\/media\/8408"}],"wp:attachment":[{"href":"https:\/\/gastora.eu\/en\/wp-json\/wp\/v2\/media?parent=14834"}],"wp:term":[{"taxonomy":"product_brand","embeddable":true,"href":"https:\/\/gastora.eu\/en\/wp-json\/wp\/v2\/product_brand?post=14834"},{"taxonomy":"product_cat","embeddable":true,"href":"https:\/\/gastora.eu\/en\/wp-json\/wp\/v2\/product_cat?post=14834"},{"taxonomy":"product_tag","embeddable":true,"href":"https:\/\/gastora.eu\/en\/wp-json\/wp\/v2\/product_tag?post=14834"}],"curies":[{"name":"wp","href":"https:\/\/api.w.org\/{rel}","templated":true}]}}