{"id":14830,"date":"2026-04-26T08:45:34","date_gmt":"2026-04-26T08:45:34","guid":{"rendered":"https:\/\/gastora.eu\/?post_type=product&#038;p=14830"},"modified":"2026-04-28T16:57:17","modified_gmt":"2026-04-28T16:57:17","slug":"trancheur-de-viande-25cm-lame-de-couteau-en-tflon","status":"publish","type":"product","link":"https:\/\/gastora.eu\/en\/product\/trancheur-de-viande-25cm-lame-de-couteau-en-tflon\/","title":{"rendered":"Trancheur de viande \u00d825cm &#8211; Lame de couteau en t\u00e9flon"},"content":{"rendered":"<p>Cette lame de couteau rev\u00eatue de t\u00e9flon est con\u00e7ue pour la trancheuse \u00e0 viande Maxima avec un diam\u00e8tre de lame de 250 mm. La couche antiadh\u00e9sive permet de trancher en douceur la viande, le fromage et d&#8217;autres produits collants, sans que les r\u00e9sidus ne collent \u00e0 la lame. Elle garantit un traitement hygi\u00e9nique et des r\u00e9sultats propres. Id\u00e9al comme pi\u00e8ce de rechange en cas d&#8217;utilisation fr\u00e9quente. Facile \u00e0 installer et con\u00e7u pour des performances durables.<\/p>","protected":false},"excerpt":{"rendered":"<p>Trancheur de viande \u00d825cm &#8211; Lame de couteau en t\u00e9flon<\/p>","protected":false},"featured_media":8400,"template":"","meta":{"_acf_changed":false},"product_brand":[],"product_cat":[482],"product_tag":[],"class_list":{"0":"post-14830","1":"product","2":"type-product","3":"status-publish","4":"has-post-thumbnail","6":"product_cat-trancheuses-2","8":"first","9":"instock","10":"sale","11":"taxable","12":"shipping-taxable","13":"purchasable","14":"product-type-simple"},"acf":[],"yoast_head":"<!-- This site is optimized with the Yoast SEO plugin v27.5 - https:\/\/yoast.com\/product\/yoast-seo-wordpress\/ -->\n<title>Trancheur de viande \u00d825cm - Lame de couteau en t\u00e9flon - Gastora<\/title>\n<meta name=\"description\" content=\"Achetez Trancheur de viande \u00d825cm - Lame de couteau en t\u00e9flon au meilleur prix, fiable et performant avec une livraison rapide\" \/>\n<meta name=\"robots\" content=\"index, follow, max-snippet:-1, max-image-preview:large, max-video-preview:-1\" \/>\n<link rel=\"canonical\" href=\"https:\/\/gastora.eu\/en\/product\/trancheur-de-viande-25cm-lame-de-couteau-en-tflon\/\" \/>\n<meta property=\"og:locale\" content=\"en_US\" \/>\n<meta property=\"og:type\" content=\"article\" \/>\n<meta property=\"og:title\" content=\"Trancheur de viande \u00d825cm - Lame de couteau en t\u00e9flon - Gastora\" \/>\n<meta property=\"og:description\" content=\"Achetez Trancheur de viande \u00d825cm - Lame de couteau en t\u00e9flon au meilleur prix, fiable et performant avec une livraison rapide\" \/>\n<meta property=\"og:url\" content=\"https:\/\/gastora.eu\/en\/product\/trancheur-de-viande-25cm-lame-de-couteau-en-tflon\/\" \/>\n<meta property=\"og:site_name\" content=\"Gastora\" \/>\n<meta property=\"article:modified_time\" content=\"2026-04-28T16:57:17+00:00\" \/>\n<meta name=\"twitter:card\" content=\"summary_large_image\" \/>\n<script type=\"application\/ld+json\" class=\"yoast-schema-graph\">{\"@context\":\"https:\\\/\\\/schema.org\",\"@graph\":[{\"@type\":\"WebPage\",\"@id\":\"https:\\\/\\\/gastora.eu\\\/product\\\/trancheur-de-viande-25cm-lame-de-couteau-en-tflon\\\/\",\"url\":\"https:\\\/\\\/gastora.eu\\\/product\\\/trancheur-de-viande-25cm-lame-de-couteau-en-tflon\\\/\",\"name\":\"Trancheur de viande \u00d825cm - Lame de couteau en t\u00e9flon - Gastora\",\"isPartOf\":{\"@id\":\"https:\\\/\\\/gastora.eu\\\/#website\"},\"primaryImageOfPage\":{\"@id\":\"https:\\\/\\\/gastora.eu\\\/product\\\/trancheur-de-viande-25cm-lame-de-couteau-en-tflon\\\/#primaryimage\"},\"image\":{\"@id\":\"https:\\\/\\\/gastora.eu\\\/product\\\/trancheur-de-viande-25cm-lame-de-couteau-en-tflon\\\/#primaryimage\"},\"thumbnailUrl\":\"https:\\\/\\\/gastora.eu\\\/wp-content\\\/uploads\\\/2026\\\/04\\\/ms-250-teflon-knife-blade.jpg\",\"datePublished\":\"2026-04-26T08:45:34+00:00\",\"dateModified\":\"2026-04-28T16:57:17+00:00\",\"description\":\"Achetez Trancheur de viande \u00d825cm - Lame de couteau en t\u00e9flon au meilleur prix, fiable et performant avec une livraison rapide\",\"breadcrumb\":{\"@id\":\"https:\\\/\\\/gastora.eu\\\/product\\\/trancheur-de-viande-25cm-lame-de-couteau-en-tflon\\\/#breadcrumb\"},\"inLanguage\":\"en-US\",\"potentialAction\":[{\"@type\":\"ReadAction\",\"target\":[\"https:\\\/\\\/gastora.eu\\\/product\\\/trancheur-de-viande-25cm-lame-de-couteau-en-tflon\\\/\"]}]},{\"@type\":\"ImageObject\",\"inLanguage\":\"en-US\",\"@id\":\"https:\\\/\\\/gastora.eu\\\/product\\\/trancheur-de-viande-25cm-lame-de-couteau-en-tflon\\\/#primaryimage\",\"url\":\"https:\\\/\\\/gastora.eu\\\/wp-content\\\/uploads\\\/2026\\\/04\\\/ms-250-teflon-knife-blade.jpg\",\"contentUrl\":\"https:\\\/\\\/gastora.eu\\\/wp-content\\\/uploads\\\/2026\\\/04\\\/ms-250-teflon-knife-blade.jpg\",\"width\":533,\"height\":800},{\"@type\":\"BreadcrumbList\",\"@id\":\"https:\\\/\\\/gastora.eu\\\/product\\\/trancheur-de-viande-25cm-lame-de-couteau-en-tflon\\\/#breadcrumb\",\"itemListElement\":[{\"@type\":\"ListItem\",\"position\":1,\"name\":\"Home\",\"item\":\"https:\\\/\\\/gastora.eu\\\/\"},{\"@type\":\"ListItem\",\"position\":2,\"name\":\"Shop\",\"item\":\"https:\\\/\\\/gastora.eu\\\/shop\\\/\"},{\"@type\":\"ListItem\",\"position\":3,\"name\":\"Trancheur de viande \u00d825cm &#8211; Lame de couteau en t\u00e9flon\"}]},{\"@type\":\"WebSite\",\"@id\":\"https:\\\/\\\/gastora.eu\\\/#website\",\"url\":\"https:\\\/\\\/gastora.eu\\\/\",\"name\":\"Gastora\",\"description\":\"\u00c9quipements professionnels CHR\",\"publisher\":{\"@id\":\"https:\\\/\\\/gastora.eu\\\/#organization\"},\"potentialAction\":[{\"@type\":\"SearchAction\",\"target\":{\"@type\":\"EntryPoint\",\"urlTemplate\":\"https:\\\/\\\/gastora.eu\\\/?s={search_term_string}\"},\"query-input\":{\"@type\":\"PropertyValueSpecification\",\"valueRequired\":true,\"valueName\":\"search_term_string\"}}],\"inLanguage\":\"en-US\"},{\"@type\":\"Organization\",\"@id\":\"https:\\\/\\\/gastora.eu\\\/#organization\",\"name\":\"Gastora\",\"url\":\"https:\\\/\\\/gastora.eu\\\/\",\"logo\":{\"@type\":\"ImageObject\",\"inLanguage\":\"en-US\",\"@id\":\"https:\\\/\\\/gastora.eu\\\/#\\\/schema\\\/logo\\\/image\\\/\",\"url\":\"https:\\\/\\\/gastora.eu\\\/wp-content\\\/uploads\\\/2025\\\/12\\\/ChatGPT-Image-2-janv.-2026-22_52_47-1.png\",\"contentUrl\":\"https:\\\/\\\/gastora.eu\\\/wp-content\\\/uploads\\\/2025\\\/12\\\/ChatGPT-Image-2-janv.-2026-22_52_47-1.png\",\"width\":1536,\"height\":320,\"caption\":\"Gastora\"},\"image\":{\"@id\":\"https:\\\/\\\/gastora.eu\\\/#\\\/schema\\\/logo\\\/image\\\/\"}}]}<\/script>\n<!-- \/ Yoast SEO plugin. -->","yoast_head_json":{"title":"Trancheur de viande \u00d825cm - Lame de couteau en t\u00e9flon - Gastora","description":"Achetez Trancheur de viande \u00d825cm - Lame de couteau en t\u00e9flon au meilleur prix, fiable et performant avec une livraison rapide","robots":{"index":"index","follow":"follow","max-snippet":"max-snippet:-1","max-image-preview":"max-image-preview:large","max-video-preview":"max-video-preview:-1"},"canonical":"https:\/\/gastora.eu\/en\/product\/trancheur-de-viande-25cm-lame-de-couteau-en-tflon\/","og_locale":"en_US","og_type":"article","og_title":"Trancheur de viande \u00d825cm - Lame de couteau en t\u00e9flon - Gastora","og_description":"Achetez Trancheur de viande \u00d825cm - Lame de couteau en t\u00e9flon au meilleur prix, fiable et performant avec une livraison rapide","og_url":"https:\/\/gastora.eu\/en\/product\/trancheur-de-viande-25cm-lame-de-couteau-en-tflon\/","og_site_name":"Gastora","article_modified_time":"2026-04-28T16:57:17+00:00","twitter_card":"summary_large_image","schema":{"@context":"https:\/\/schema.org","@graph":[{"@type":"WebPage","@id":"https:\/\/gastora.eu\/product\/trancheur-de-viande-25cm-lame-de-couteau-en-tflon\/","url":"https:\/\/gastora.eu\/product\/trancheur-de-viande-25cm-lame-de-couteau-en-tflon\/","name":"Trancheur de viande \u00d825cm - Lame de couteau en t\u00e9flon - Gastora","isPartOf":{"@id":"https:\/\/gastora.eu\/#website"},"primaryImageOfPage":{"@id":"https:\/\/gastora.eu\/product\/trancheur-de-viande-25cm-lame-de-couteau-en-tflon\/#primaryimage"},"image":{"@id":"https:\/\/gastora.eu\/product\/trancheur-de-viande-25cm-lame-de-couteau-en-tflon\/#primaryimage"},"thumbnailUrl":"https:\/\/gastora.eu\/wp-content\/uploads\/2026\/04\/ms-250-teflon-knife-blade.jpg","datePublished":"2026-04-26T08:45:34+00:00","dateModified":"2026-04-28T16:57:17+00:00","description":"Achetez Trancheur de viande \u00d825cm - Lame de couteau en t\u00e9flon au meilleur prix, fiable et performant avec une livraison rapide","breadcrumb":{"@id":"https:\/\/gastora.eu\/product\/trancheur-de-viande-25cm-lame-de-couteau-en-tflon\/#breadcrumb"},"inLanguage":"en-US","potentialAction":[{"@type":"ReadAction","target":["https:\/\/gastora.eu\/product\/trancheur-de-viande-25cm-lame-de-couteau-en-tflon\/"]}]},{"@type":"ImageObject","inLanguage":"en-US","@id":"https:\/\/gastora.eu\/product\/trancheur-de-viande-25cm-lame-de-couteau-en-tflon\/#primaryimage","url":"https:\/\/gastora.eu\/wp-content\/uploads\/2026\/04\/ms-250-teflon-knife-blade.jpg","contentUrl":"https:\/\/gastora.eu\/wp-content\/uploads\/2026\/04\/ms-250-teflon-knife-blade.jpg","width":533,"height":800},{"@type":"BreadcrumbList","@id":"https:\/\/gastora.eu\/product\/trancheur-de-viande-25cm-lame-de-couteau-en-tflon\/#breadcrumb","itemListElement":[{"@type":"ListItem","position":1,"name":"Home","item":"https:\/\/gastora.eu\/"},{"@type":"ListItem","position":2,"name":"Shop","item":"https:\/\/gastora.eu\/shop\/"},{"@type":"ListItem","position":3,"name":"Trancheur de viande \u00d825cm &#8211; Lame de couteau en t\u00e9flon"}]},{"@type":"WebSite","@id":"https:\/\/gastora.eu\/#website","url":"https:\/\/gastora.eu\/","name":"Gastora","description":"\u00c9quipements professionnels CHR","publisher":{"@id":"https:\/\/gastora.eu\/#organization"},"potentialAction":[{"@type":"SearchAction","target":{"@type":"EntryPoint","urlTemplate":"https:\/\/gastora.eu\/?s={search_term_string}"},"query-input":{"@type":"PropertyValueSpecification","valueRequired":true,"valueName":"search_term_string"}}],"inLanguage":"en-US"},{"@type":"Organization","@id":"https:\/\/gastora.eu\/#organization","name":"Gastora","url":"https:\/\/gastora.eu\/","logo":{"@type":"ImageObject","inLanguage":"en-US","@id":"https:\/\/gastora.eu\/#\/schema\/logo\/image\/","url":"https:\/\/gastora.eu\/wp-content\/uploads\/2025\/12\/ChatGPT-Image-2-janv.-2026-22_52_47-1.png","contentUrl":"https:\/\/gastora.eu\/wp-content\/uploads\/2025\/12\/ChatGPT-Image-2-janv.-2026-22_52_47-1.png","width":1536,"height":320,"caption":"Gastora"},"image":{"@id":"https:\/\/gastora.eu\/#\/schema\/logo\/image\/"}}]}},"jetpack_sharing_enabled":true,"_links":{"self":[{"href":"https:\/\/gastora.eu\/en\/wp-json\/wp\/v2\/product\/14830","targetHints":{"allow":["GET"]}}],"collection":[{"href":"https:\/\/gastora.eu\/en\/wp-json\/wp\/v2\/product"}],"about":[{"href":"https:\/\/gastora.eu\/en\/wp-json\/wp\/v2\/types\/product"}],"wp:featuredmedia":[{"embeddable":true,"href":"https:\/\/gastora.eu\/en\/wp-json\/wp\/v2\/media\/8400"}],"wp:attachment":[{"href":"https:\/\/gastora.eu\/en\/wp-json\/wp\/v2\/media?parent=14830"}],"wp:term":[{"taxonomy":"product_brand","embeddable":true,"href":"https:\/\/gastora.eu\/en\/wp-json\/wp\/v2\/product_brand?post=14830"},{"taxonomy":"product_cat","embeddable":true,"href":"https:\/\/gastora.eu\/en\/wp-json\/wp\/v2\/product_cat?post=14830"},{"taxonomy":"product_tag","embeddable":true,"href":"https:\/\/gastora.eu\/en\/wp-json\/wp\/v2\/product_tag?post=14830"}],"curies":[{"name":"wp","href":"https:\/\/api.w.org\/{rel}","templated":true}]}}