{"id":14791,"date":"2026-04-26T08:44:46","date_gmt":"2026-04-26T08:44:46","guid":{"rendered":"https:\/\/gastora.eu\/?post_type=product&#038;p=14791"},"modified":"2026-04-28T16:57:12","modified_gmt":"2026-04-28T16:57:12","slug":"poussoir-saucisses-10-l-automatique-verticale-affichage-numrique","status":"publish","type":"product","link":"https:\/\/gastora.eu\/en\/product\/poussoir-saucisses-10-l-automatique-verticale-affichage-numrique\/","title":{"rendered":"Poussoir \u00e0 saucisses &#8211; 10 L &#8211; automatique &#8211; verticale &#8211; affichage num\u00e9rique"},"content":{"rendered":"<p>Remplissez vos saucisses rapidement et efficacement avec cette machine \u00e0 remplir les saucisses automatique qui offre une capacit\u00e9 de remplissage de 10L. Cette remplisseuse de saucisses professionnelle est enti\u00e8rement fabriqu\u00e9e en acier inoxydable et est livr\u00e9e avec quatre tubes de remplissage de 16, 22, 32 et 38 mm de diam\u00e8tre. Elle comprend \u00e9galement une p\u00e9dale pour faire fonctionner la remplisseuse de saucisses afin que vous ayez les mains libres pour remplir et retourner les saucisses. La plaque de pression de cet appareil est munie d&#8217;un joint en silicone, \u00e9tanche et amovible. Cette remplisseuse de saucisses professionnelle dispose de 10 vitesses de remplissage allant de 0 \u00e0 100, ce qui vous permet d&#8217;avoir toujours la bonne vitesse pour une distribution pr\u00e9cise.<\/p>\n<h3>Remplisseuse automatique de saucisses<\/h3>\n<p>Pour pr\u00e9parer les saucisses, choisissez d&#8217;abord la taille de tube de remplissage souhait\u00e9e. Placez le tube de remplissage sur la remplisseuse de saucisses. Inclinez ensuite le r\u00e9servoir et remplissez-le avec les ingr\u00e9dients de votre choix. Faites ensuite glisser le boyau ou le boyau artificiel sur le tube de remplissage. Choisissez la bonne vitesse et actionnez la p\u00e9dale pour commencer le remplissage. Avec deux mains, vous pouvez rapidement remplir et retourner les saucisses pour produire un grand nombre de saucisses en un rien de temps. Cette remplisseuse automatique de saucisses dispose d&#8217;un arr\u00eat d&#8217;urgence pour d\u00e9marrer ou arr\u00eater la remplisseuse. L&#8217;\u00e9cran num\u00e9rique indique la vitesse exacte, qui peut \u00eatre r\u00e9gl\u00e9e facilement \u00e0 l&#8217;aide des boutons tactiles.<\/p>\n<h3>Simple \u00e0 nettoyer<\/h3>\n<p>Pour une bonne hygi\u00e8ne, les \u00e9quipements de cuisine professionnels qui entrent en contact direct avec les aliments doivent \u00eatre nettoy\u00e9s correctement. Cette machine \u00e0 farcir les saucisses de qualit\u00e9 sup\u00e9rieure est fabriqu\u00e9e en acier inoxydable, ce qui la rend tr\u00e8s facile \u00e0 nettoyer et \u00e0 maintenir hygi\u00e9nique. Il suffit d&#8217;un chiffon humide avec un peu de d\u00e9tergent doux pour nettoyer les surfaces. La plaque de pression peut \u00eatre retir\u00e9e pour un nettoyage en profondeur. Veillez \u00e0 s\u00e9cher toutes les pi\u00e8ces avant de remonter l&#8217;appareil et de le r\u00e9utiliser.<\/p>\n<p><strong>Caract\u00e9ristiques<\/strong><\/p>\n<ul>\n<li>10 vitesses pour un dosage parfait<\/li>\n<li>Bo\u00eetier, plaque de base, arbre et plaque de pression en acier inoxydable<\/li>\n<li>Plaque de pressage avec joint en silicone, amovible et \u00e9tanche<\/li>\n<li>Le bol inclin\u00e9 est facile \u00e0 remplir et \u00e0 nettoyer<\/li>\n<li>Interrupteur d&#8217;urgence pour le d\u00e9marrage et l&#8217;arr\u00eat<\/li>\n<\/ul>\n<p><strong>Caract\u00e9ristiques du produit<\/strong><\/p>\n<ul>\n<li>Poids net : 26,5 kg<\/li>\n<li>Capacit\u00e9 de remplissage : 10L<\/li>\n<li>Dimensions de l&#8217;appareil : L37 x P32 x H63,5cm<\/li>\n<li>Dimensions du cylindre : \u00d821,5 x 27cm<\/li>\n<li>Diam\u00e8tre du cylindre de sortie : \u00d85cm<\/li>\n<li>Vitesse : 2-7mm\/s<\/li>\n<li>230V \/ 50Hz \/ 1Phase 260W<\/li>\n<\/ul>\n<p><em>Inclus<\/em><\/p>\n<ul>\n<li><em>Quatre tubes de diff\u00e9rentes tailles, y compris : \u00d816mm, \u00d822mm, \u00d832mm et \u00d838mm<\/em><\/li>\n<li><em>P\u00e9dale<\/em><\/li>\n<\/ul>\n<p><strong>Remarque : la puissance indiqu\u00e9e sur l&#8217;\u00e9tiquette de l&#8217;appareil est incorrecte. La puissance correcte est de 260 W.<\/strong><\/p>","protected":false},"excerpt":{"rendered":"<p>Cette machine \u00e0 farcir les saucisses automatique verticale a une capacit\u00e9 de remplissage de 10 litres pour r\u00e9aliser de d\u00e9licieuses saucisses. Elle dispose d&#8217;un affichage num\u00e9rique, de dix vitesses, d&#8217;une p\u00e9dale et de quatre tubes de remplissage. Le bo\u00eetier, la plaque de base, l&#8217;arbre et la plaque de pression sont en acier inoxydable, ce qui facilite le nettoyage. Parfait pour les boucheries et les restaurants.<\/p>","protected":false},"featured_media":8322,"template":"","meta":{"_acf_changed":false},"product_brand":[],"product_cat":[41],"product_tag":[],"class_list":{"0":"post-14791","1":"product","2":"type-product","3":"status-publish","4":"has-post-thumbnail","6":"product_cat-preparation","8":"first","9":"instock","10":"sale","11":"taxable","12":"shipping-taxable","13":"purchasable","14":"product-type-simple"},"acf":[],"yoast_head":"<!-- This site is optimized with the Yoast SEO plugin v27.6 - https:\/\/yoast.com\/product\/yoast-seo-wordpress\/ -->\n<title>Poussoir \u00e0 saucisses - 10 L - automatique - verticale - affichage num\u00e9rique - Gastora<\/title>\n<meta name=\"description\" content=\"Achetez Poussoir \u00e0 saucisses - 10 L - automatique - verticale - affichage num\u00e9rique au meilleur prix, fiable et performant avec une livraison rapide\" \/>\n<meta name=\"robots\" content=\"index, follow, max-snippet:-1, max-image-preview:large, max-video-preview:-1\" \/>\n<link rel=\"canonical\" href=\"https:\/\/gastora.eu\/en\/product\/poussoir-saucisses-10-l-automatique-verticale-affichage-numrique\/\" \/>\n<meta property=\"og:locale\" content=\"en_US\" \/>\n<meta property=\"og:type\" content=\"article\" \/>\n<meta property=\"og:title\" content=\"Poussoir \u00e0 saucisses - 10 L - automatique - verticale - affichage num\u00e9rique - Gastora\" \/>\n<meta property=\"og:description\" content=\"Achetez Poussoir \u00e0 saucisses - 10 L - automatique - verticale - affichage num\u00e9rique au meilleur prix, fiable et performant avec une livraison rapide\" \/>\n<meta property=\"og:url\" content=\"https:\/\/gastora.eu\/en\/product\/poussoir-saucisses-10-l-automatique-verticale-affichage-numrique\/\" \/>\n<meta property=\"og:site_name\" content=\"Gastora\" \/>\n<meta property=\"article:modified_time\" content=\"2026-04-28T16:57:12+00:00\" \/>\n<meta name=\"twitter:card\" content=\"summary_large_image\" \/>\n<meta name=\"twitter:label1\" content=\"Est. reading time\" \/>\n\t<meta name=\"twitter:data1\" content=\"2 minutes\" \/>\n<script type=\"application\/ld+json\" class=\"yoast-schema-graph\">{\"@context\":\"https:\\\/\\\/schema.org\",\"@graph\":[{\"@type\":\"WebPage\",\"@id\":\"https:\\\/\\\/gastora.eu\\\/product\\\/poussoir-saucisses-10-l-automatique-verticale-affichage-numrique\\\/\",\"url\":\"https:\\\/\\\/gastora.eu\\\/product\\\/poussoir-saucisses-10-l-automatique-verticale-affichage-numrique\\\/\",\"name\":\"Poussoir \u00e0 saucisses - 10 L - automatique - verticale - affichage num\u00e9rique - Gastora\",\"isPartOf\":{\"@id\":\"https:\\\/\\\/gastora.eu\\\/#website\"},\"primaryImageOfPage\":{\"@id\":\"https:\\\/\\\/gastora.eu\\\/product\\\/poussoir-saucisses-10-l-automatique-verticale-affichage-numrique\\\/#primaryimage\"},\"image\":{\"@id\":\"https:\\\/\\\/gastora.eu\\\/product\\\/poussoir-saucisses-10-l-automatique-verticale-affichage-numrique\\\/#primaryimage\"},\"thumbnailUrl\":\"https:\\\/\\\/gastora.eu\\\/wp-content\\\/uploads\\\/2026\\\/04\\\/sp-2009_2.jpg\",\"datePublished\":\"2026-04-26T08:44:46+00:00\",\"dateModified\":\"2026-04-28T16:57:12+00:00\",\"description\":\"Achetez Poussoir \u00e0 saucisses - 10 L - automatique - verticale - affichage num\u00e9rique au meilleur prix, fiable et performant avec une livraison rapide\",\"breadcrumb\":{\"@id\":\"https:\\\/\\\/gastora.eu\\\/product\\\/poussoir-saucisses-10-l-automatique-verticale-affichage-numrique\\\/#breadcrumb\"},\"inLanguage\":\"en-US\",\"potentialAction\":[{\"@type\":\"ReadAction\",\"target\":[\"https:\\\/\\\/gastora.eu\\\/product\\\/poussoir-saucisses-10-l-automatique-verticale-affichage-numrique\\\/\"]}]},{\"@type\":\"ImageObject\",\"inLanguage\":\"en-US\",\"@id\":\"https:\\\/\\\/gastora.eu\\\/product\\\/poussoir-saucisses-10-l-automatique-verticale-affichage-numrique\\\/#primaryimage\",\"url\":\"https:\\\/\\\/gastora.eu\\\/wp-content\\\/uploads\\\/2026\\\/04\\\/sp-2009_2.jpg\",\"contentUrl\":\"https:\\\/\\\/gastora.eu\\\/wp-content\\\/uploads\\\/2026\\\/04\\\/sp-2009_2.jpg\",\"width\":1200,\"height\":1200},{\"@type\":\"BreadcrumbList\",\"@id\":\"https:\\\/\\\/gastora.eu\\\/product\\\/poussoir-saucisses-10-l-automatique-verticale-affichage-numrique\\\/#breadcrumb\",\"itemListElement\":[{\"@type\":\"ListItem\",\"position\":1,\"name\":\"Home\",\"item\":\"https:\\\/\\\/gastora.eu\\\/\"},{\"@type\":\"ListItem\",\"position\":2,\"name\":\"Shop\",\"item\":\"https:\\\/\\\/gastora.eu\\\/shop\\\/\"},{\"@type\":\"ListItem\",\"position\":3,\"name\":\"Poussoir \u00e0 saucisses &#8211; 10 L &#8211; automatique &#8211; verticale &#8211; affichage num\u00e9rique\"}]},{\"@type\":\"WebSite\",\"@id\":\"https:\\\/\\\/gastora.eu\\\/#website\",\"url\":\"https:\\\/\\\/gastora.eu\\\/\",\"name\":\"Gastora\",\"description\":\"\u00c9quipements professionnels CHR\",\"publisher\":{\"@id\":\"https:\\\/\\\/gastora.eu\\\/#organization\"},\"potentialAction\":[{\"@type\":\"SearchAction\",\"target\":{\"@type\":\"EntryPoint\",\"urlTemplate\":\"https:\\\/\\\/gastora.eu\\\/?s={search_term_string}\"},\"query-input\":{\"@type\":\"PropertyValueSpecification\",\"valueRequired\":true,\"valueName\":\"search_term_string\"}}],\"inLanguage\":\"en-US\"},{\"@type\":\"Organization\",\"@id\":\"https:\\\/\\\/gastora.eu\\\/#organization\",\"name\":\"Gastora\",\"url\":\"https:\\\/\\\/gastora.eu\\\/\",\"logo\":{\"@type\":\"ImageObject\",\"inLanguage\":\"en-US\",\"@id\":\"https:\\\/\\\/gastora.eu\\\/#\\\/schema\\\/logo\\\/image\\\/\",\"url\":\"https:\\\/\\\/gastora.eu\\\/wp-content\\\/uploads\\\/2025\\\/12\\\/ChatGPT-Image-2-janv.-2026-22_52_47-1.png\",\"contentUrl\":\"https:\\\/\\\/gastora.eu\\\/wp-content\\\/uploads\\\/2025\\\/12\\\/ChatGPT-Image-2-janv.-2026-22_52_47-1.png\",\"width\":1536,\"height\":320,\"caption\":\"Gastora\"},\"image\":{\"@id\":\"https:\\\/\\\/gastora.eu\\\/#\\\/schema\\\/logo\\\/image\\\/\"}}]}<\/script>\n<!-- \/ Yoast SEO plugin. -->","yoast_head_json":{"title":"Poussoir \u00e0 saucisses - 10 L - automatique - verticale - affichage num\u00e9rique - Gastora","description":"Achetez Poussoir \u00e0 saucisses - 10 L - automatique - verticale - affichage num\u00e9rique au meilleur prix, fiable et performant avec une livraison rapide","robots":{"index":"index","follow":"follow","max-snippet":"max-snippet:-1","max-image-preview":"max-image-preview:large","max-video-preview":"max-video-preview:-1"},"canonical":"https:\/\/gastora.eu\/en\/product\/poussoir-saucisses-10-l-automatique-verticale-affichage-numrique\/","og_locale":"en_US","og_type":"article","og_title":"Poussoir \u00e0 saucisses - 10 L - automatique - verticale - affichage num\u00e9rique - Gastora","og_description":"Achetez Poussoir \u00e0 saucisses - 10 L - automatique - verticale - affichage num\u00e9rique au meilleur prix, fiable et performant avec une livraison rapide","og_url":"https:\/\/gastora.eu\/en\/product\/poussoir-saucisses-10-l-automatique-verticale-affichage-numrique\/","og_site_name":"Gastora","article_modified_time":"2026-04-28T16:57:12+00:00","twitter_card":"summary_large_image","twitter_misc":{"Est. reading time":"2 minutes"},"schema":{"@context":"https:\/\/schema.org","@graph":[{"@type":"WebPage","@id":"https:\/\/gastora.eu\/product\/poussoir-saucisses-10-l-automatique-verticale-affichage-numrique\/","url":"https:\/\/gastora.eu\/product\/poussoir-saucisses-10-l-automatique-verticale-affichage-numrique\/","name":"Poussoir \u00e0 saucisses - 10 L - automatique - verticale - affichage num\u00e9rique - Gastora","isPartOf":{"@id":"https:\/\/gastora.eu\/#website"},"primaryImageOfPage":{"@id":"https:\/\/gastora.eu\/product\/poussoir-saucisses-10-l-automatique-verticale-affichage-numrique\/#primaryimage"},"image":{"@id":"https:\/\/gastora.eu\/product\/poussoir-saucisses-10-l-automatique-verticale-affichage-numrique\/#primaryimage"},"thumbnailUrl":"https:\/\/gastora.eu\/wp-content\/uploads\/2026\/04\/sp-2009_2.jpg","datePublished":"2026-04-26T08:44:46+00:00","dateModified":"2026-04-28T16:57:12+00:00","description":"Achetez Poussoir \u00e0 saucisses - 10 L - automatique - verticale - affichage num\u00e9rique au meilleur prix, fiable et performant avec une livraison rapide","breadcrumb":{"@id":"https:\/\/gastora.eu\/product\/poussoir-saucisses-10-l-automatique-verticale-affichage-numrique\/#breadcrumb"},"inLanguage":"en-US","potentialAction":[{"@type":"ReadAction","target":["https:\/\/gastora.eu\/product\/poussoir-saucisses-10-l-automatique-verticale-affichage-numrique\/"]}]},{"@type":"ImageObject","inLanguage":"en-US","@id":"https:\/\/gastora.eu\/product\/poussoir-saucisses-10-l-automatique-verticale-affichage-numrique\/#primaryimage","url":"https:\/\/gastora.eu\/wp-content\/uploads\/2026\/04\/sp-2009_2.jpg","contentUrl":"https:\/\/gastora.eu\/wp-content\/uploads\/2026\/04\/sp-2009_2.jpg","width":1200,"height":1200},{"@type":"BreadcrumbList","@id":"https:\/\/gastora.eu\/product\/poussoir-saucisses-10-l-automatique-verticale-affichage-numrique\/#breadcrumb","itemListElement":[{"@type":"ListItem","position":1,"name":"Home","item":"https:\/\/gastora.eu\/"},{"@type":"ListItem","position":2,"name":"Shop","item":"https:\/\/gastora.eu\/shop\/"},{"@type":"ListItem","position":3,"name":"Poussoir \u00e0 saucisses &#8211; 10 L &#8211; automatique &#8211; verticale &#8211; affichage num\u00e9rique"}]},{"@type":"WebSite","@id":"https:\/\/gastora.eu\/#website","url":"https:\/\/gastora.eu\/","name":"Gastora","description":"\u00c9quipements professionnels CHR","publisher":{"@id":"https:\/\/gastora.eu\/#organization"},"potentialAction":[{"@type":"SearchAction","target":{"@type":"EntryPoint","urlTemplate":"https:\/\/gastora.eu\/?s={search_term_string}"},"query-input":{"@type":"PropertyValueSpecification","valueRequired":true,"valueName":"search_term_string"}}],"inLanguage":"en-US"},{"@type":"Organization","@id":"https:\/\/gastora.eu\/#organization","name":"Gastora","url":"https:\/\/gastora.eu\/","logo":{"@type":"ImageObject","inLanguage":"en-US","@id":"https:\/\/gastora.eu\/#\/schema\/logo\/image\/","url":"https:\/\/gastora.eu\/wp-content\/uploads\/2025\/12\/ChatGPT-Image-2-janv.-2026-22_52_47-1.png","contentUrl":"https:\/\/gastora.eu\/wp-content\/uploads\/2025\/12\/ChatGPT-Image-2-janv.-2026-22_52_47-1.png","width":1536,"height":320,"caption":"Gastora"},"image":{"@id":"https:\/\/gastora.eu\/#\/schema\/logo\/image\/"}}]}},"jetpack_sharing_enabled":true,"_links":{"self":[{"href":"https:\/\/gastora.eu\/en\/wp-json\/wp\/v2\/product\/14791","targetHints":{"allow":["GET"]}}],"collection":[{"href":"https:\/\/gastora.eu\/en\/wp-json\/wp\/v2\/product"}],"about":[{"href":"https:\/\/gastora.eu\/en\/wp-json\/wp\/v2\/types\/product"}],"wp:featuredmedia":[{"embeddable":true,"href":"https:\/\/gastora.eu\/en\/wp-json\/wp\/v2\/media\/8322"}],"wp:attachment":[{"href":"https:\/\/gastora.eu\/en\/wp-json\/wp\/v2\/media?parent=14791"}],"wp:term":[{"taxonomy":"product_brand","embeddable":true,"href":"https:\/\/gastora.eu\/en\/wp-json\/wp\/v2\/product_brand?post=14791"},{"taxonomy":"product_cat","embeddable":true,"href":"https:\/\/gastora.eu\/en\/wp-json\/wp\/v2\/product_cat?post=14791"},{"taxonomy":"product_tag","embeddable":true,"href":"https:\/\/gastora.eu\/en\/wp-json\/wp\/v2\/product_tag?post=14791"}],"curies":[{"name":"wp","href":"https:\/\/api.w.org\/{rel}","templated":true}]}}