{"id":14725,"date":"2026-04-26T08:43:26","date_gmt":"2026-04-26T08:43:26","guid":{"rendered":"https:\/\/gastora.eu\/?post_type=product&#038;p=14725"},"modified":"2026-04-28T16:57:05","modified_gmt":"2026-04-28T16:57:05","slug":"mixer-plantaire-7l-crochet-pte-en-acier-inoxydable","status":"publish","type":"product","link":"https:\/\/gastora.eu\/en\/product\/mixer-plantaire-7l-crochet-pte-en-acier-inoxydable\/","title":{"rendered":"Mixer plan\u00e9taire 7L &#8211; Crochet \u00e0 p\u00e2te en acier inoxydable"},"content":{"rendered":"<p>Le crochet \u00e0 p\u00e2te en acier inoxydable s&#8217;adapte \u00e0 tous les batteurs plan\u00e9taires Maxima de 7 litres. Qu&#8217;il s&#8217;agisse de p\u00e2te \u00e0 pain ou \u00e0 pizza, ce crochet la p\u00e9trit en douceur et en profondeur. Sa construction solide garantit des performances durables et des r\u00e9sultats constants, m\u00eame en cas d&#8217;utilisation intensive. Un accessoire pratique pour toute cuisine professionnelle.<\/p>","protected":false},"excerpt":{"rendered":"<p>Mixer plan\u00e9taire 7L &#8211; Crochet \u00e0 p\u00e2te en acier inoxydable<\/p>","protected":false},"featured_media":8190,"template":"","meta":{"_acf_changed":false},"product_brand":[],"product_cat":[480],"product_tag":[],"class_list":{"0":"post-14725","1":"product","2":"type-product","3":"status-publish","4":"has-post-thumbnail","6":"product_cat-batteurs-melangeurs-2","8":"first","9":"instock","10":"sale","11":"taxable","12":"shipping-taxable","13":"purchasable","14":"product-type-simple"},"acf":[],"yoast_head":"<!-- This site is optimized with the Yoast SEO plugin v27.5 - https:\/\/yoast.com\/product\/yoast-seo-wordpress\/ -->\n<title>Mixer plan\u00e9taire 7L - Crochet \u00e0 p\u00e2te en acier inoxydable - Gastora<\/title>\n<meta name=\"description\" content=\"Achetez Mixer plan\u00e9taire 7L - Crochet \u00e0 p\u00e2te en acier inoxydable au meilleur prix, fiable et performant avec une livraison rapide\" \/>\n<meta name=\"robots\" content=\"index, follow, max-snippet:-1, max-image-preview:large, max-video-preview:-1\" \/>\n<link rel=\"canonical\" href=\"https:\/\/gastora.eu\/en\/product\/mixer-plantaire-7l-crochet-pte-en-acier-inoxydable\/\" \/>\n<meta property=\"og:locale\" content=\"en_US\" \/>\n<meta property=\"og:type\" content=\"article\" \/>\n<meta property=\"og:title\" content=\"Mixer plan\u00e9taire 7L - Crochet \u00e0 p\u00e2te en acier inoxydable - Gastora\" \/>\n<meta property=\"og:description\" content=\"Achetez Mixer plan\u00e9taire 7L - Crochet \u00e0 p\u00e2te en acier inoxydable au meilleur prix, fiable et performant avec une livraison rapide\" \/>\n<meta property=\"og:url\" content=\"https:\/\/gastora.eu\/en\/product\/mixer-plantaire-7l-crochet-pte-en-acier-inoxydable\/\" \/>\n<meta property=\"og:site_name\" content=\"Gastora\" \/>\n<meta property=\"article:modified_time\" content=\"2026-04-28T16:57:05+00:00\" \/>\n<meta name=\"twitter:card\" content=\"summary_large_image\" \/>\n<script type=\"application\/ld+json\" class=\"yoast-schema-graph\">{\"@context\":\"https:\\\/\\\/schema.org\",\"@graph\":[{\"@type\":\"WebPage\",\"@id\":\"https:\\\/\\\/gastora.eu\\\/product\\\/mixer-plantaire-7l-crochet-pte-en-acier-inoxydable\\\/\",\"url\":\"https:\\\/\\\/gastora.eu\\\/product\\\/mixer-plantaire-7l-crochet-pte-en-acier-inoxydable\\\/\",\"name\":\"Mixer plan\u00e9taire 7L - Crochet \u00e0 p\u00e2te en acier inoxydable - Gastora\",\"isPartOf\":{\"@id\":\"https:\\\/\\\/gastora.eu\\\/#website\"},\"primaryImageOfPage\":{\"@id\":\"https:\\\/\\\/gastora.eu\\\/product\\\/mixer-plantaire-7l-crochet-pte-en-acier-inoxydable\\\/#primaryimage\"},\"image\":{\"@id\":\"https:\\\/\\\/gastora.eu\\\/product\\\/mixer-plantaire-7l-crochet-pte-en-acier-inoxydable\\\/#primaryimage\"},\"thumbnailUrl\":\"https:\\\/\\\/gastora.eu\\\/wp-content\\\/uploads\\\/2026\\\/04\\\/MAX_20231127155524_8720365346828_image0001.jpg\",\"datePublished\":\"2026-04-26T08:43:26+00:00\",\"dateModified\":\"2026-04-28T16:57:05+00:00\",\"description\":\"Achetez Mixer plan\u00e9taire 7L - Crochet \u00e0 p\u00e2te en acier inoxydable au meilleur prix, fiable et performant avec une livraison rapide\",\"breadcrumb\":{\"@id\":\"https:\\\/\\\/gastora.eu\\\/product\\\/mixer-plantaire-7l-crochet-pte-en-acier-inoxydable\\\/#breadcrumb\"},\"inLanguage\":\"en-US\",\"potentialAction\":[{\"@type\":\"ReadAction\",\"target\":[\"https:\\\/\\\/gastora.eu\\\/product\\\/mixer-plantaire-7l-crochet-pte-en-acier-inoxydable\\\/\"]}]},{\"@type\":\"ImageObject\",\"inLanguage\":\"en-US\",\"@id\":\"https:\\\/\\\/gastora.eu\\\/product\\\/mixer-plantaire-7l-crochet-pte-en-acier-inoxydable\\\/#primaryimage\",\"url\":\"https:\\\/\\\/gastora.eu\\\/wp-content\\\/uploads\\\/2026\\\/04\\\/MAX_20231127155524_8720365346828_image0001.jpg\",\"contentUrl\":\"https:\\\/\\\/gastora.eu\\\/wp-content\\\/uploads\\\/2026\\\/04\\\/MAX_20231127155524_8720365346828_image0001.jpg\",\"width\":1200,\"height\":800},{\"@type\":\"BreadcrumbList\",\"@id\":\"https:\\\/\\\/gastora.eu\\\/product\\\/mixer-plantaire-7l-crochet-pte-en-acier-inoxydable\\\/#breadcrumb\",\"itemListElement\":[{\"@type\":\"ListItem\",\"position\":1,\"name\":\"Home\",\"item\":\"https:\\\/\\\/gastora.eu\\\/\"},{\"@type\":\"ListItem\",\"position\":2,\"name\":\"Shop\",\"item\":\"https:\\\/\\\/gastora.eu\\\/shop\\\/\"},{\"@type\":\"ListItem\",\"position\":3,\"name\":\"Mixer plan\u00e9taire 7L &#8211; Crochet \u00e0 p\u00e2te en acier inoxydable\"}]},{\"@type\":\"WebSite\",\"@id\":\"https:\\\/\\\/gastora.eu\\\/#website\",\"url\":\"https:\\\/\\\/gastora.eu\\\/\",\"name\":\"Gastora\",\"description\":\"\u00c9quipements professionnels CHR\",\"publisher\":{\"@id\":\"https:\\\/\\\/gastora.eu\\\/#organization\"},\"potentialAction\":[{\"@type\":\"SearchAction\",\"target\":{\"@type\":\"EntryPoint\",\"urlTemplate\":\"https:\\\/\\\/gastora.eu\\\/?s={search_term_string}\"},\"query-input\":{\"@type\":\"PropertyValueSpecification\",\"valueRequired\":true,\"valueName\":\"search_term_string\"}}],\"inLanguage\":\"en-US\"},{\"@type\":\"Organization\",\"@id\":\"https:\\\/\\\/gastora.eu\\\/#organization\",\"name\":\"Gastora\",\"url\":\"https:\\\/\\\/gastora.eu\\\/\",\"logo\":{\"@type\":\"ImageObject\",\"inLanguage\":\"en-US\",\"@id\":\"https:\\\/\\\/gastora.eu\\\/#\\\/schema\\\/logo\\\/image\\\/\",\"url\":\"https:\\\/\\\/gastora.eu\\\/wp-content\\\/uploads\\\/2025\\\/12\\\/ChatGPT-Image-2-janv.-2026-22_52_47-1.png\",\"contentUrl\":\"https:\\\/\\\/gastora.eu\\\/wp-content\\\/uploads\\\/2025\\\/12\\\/ChatGPT-Image-2-janv.-2026-22_52_47-1.png\",\"width\":1536,\"height\":320,\"caption\":\"Gastora\"},\"image\":{\"@id\":\"https:\\\/\\\/gastora.eu\\\/#\\\/schema\\\/logo\\\/image\\\/\"}}]}<\/script>\n<!-- \/ Yoast SEO plugin. -->","yoast_head_json":{"title":"Mixer plan\u00e9taire 7L - Crochet \u00e0 p\u00e2te en acier inoxydable - Gastora","description":"Achetez Mixer plan\u00e9taire 7L - Crochet \u00e0 p\u00e2te en acier inoxydable au meilleur prix, fiable et performant avec une livraison rapide","robots":{"index":"index","follow":"follow","max-snippet":"max-snippet:-1","max-image-preview":"max-image-preview:large","max-video-preview":"max-video-preview:-1"},"canonical":"https:\/\/gastora.eu\/en\/product\/mixer-plantaire-7l-crochet-pte-en-acier-inoxydable\/","og_locale":"en_US","og_type":"article","og_title":"Mixer plan\u00e9taire 7L - Crochet \u00e0 p\u00e2te en acier inoxydable - Gastora","og_description":"Achetez Mixer plan\u00e9taire 7L - Crochet \u00e0 p\u00e2te en acier inoxydable au meilleur prix, fiable et performant avec une livraison rapide","og_url":"https:\/\/gastora.eu\/en\/product\/mixer-plantaire-7l-crochet-pte-en-acier-inoxydable\/","og_site_name":"Gastora","article_modified_time":"2026-04-28T16:57:05+00:00","twitter_card":"summary_large_image","schema":{"@context":"https:\/\/schema.org","@graph":[{"@type":"WebPage","@id":"https:\/\/gastora.eu\/product\/mixer-plantaire-7l-crochet-pte-en-acier-inoxydable\/","url":"https:\/\/gastora.eu\/product\/mixer-plantaire-7l-crochet-pte-en-acier-inoxydable\/","name":"Mixer plan\u00e9taire 7L - Crochet \u00e0 p\u00e2te en acier inoxydable - Gastora","isPartOf":{"@id":"https:\/\/gastora.eu\/#website"},"primaryImageOfPage":{"@id":"https:\/\/gastora.eu\/product\/mixer-plantaire-7l-crochet-pte-en-acier-inoxydable\/#primaryimage"},"image":{"@id":"https:\/\/gastora.eu\/product\/mixer-plantaire-7l-crochet-pte-en-acier-inoxydable\/#primaryimage"},"thumbnailUrl":"https:\/\/gastora.eu\/wp-content\/uploads\/2026\/04\/MAX_20231127155524_8720365346828_image0001.jpg","datePublished":"2026-04-26T08:43:26+00:00","dateModified":"2026-04-28T16:57:05+00:00","description":"Achetez Mixer plan\u00e9taire 7L - Crochet \u00e0 p\u00e2te en acier inoxydable au meilleur prix, fiable et performant avec une livraison rapide","breadcrumb":{"@id":"https:\/\/gastora.eu\/product\/mixer-plantaire-7l-crochet-pte-en-acier-inoxydable\/#breadcrumb"},"inLanguage":"en-US","potentialAction":[{"@type":"ReadAction","target":["https:\/\/gastora.eu\/product\/mixer-plantaire-7l-crochet-pte-en-acier-inoxydable\/"]}]},{"@type":"ImageObject","inLanguage":"en-US","@id":"https:\/\/gastora.eu\/product\/mixer-plantaire-7l-crochet-pte-en-acier-inoxydable\/#primaryimage","url":"https:\/\/gastora.eu\/wp-content\/uploads\/2026\/04\/MAX_20231127155524_8720365346828_image0001.jpg","contentUrl":"https:\/\/gastora.eu\/wp-content\/uploads\/2026\/04\/MAX_20231127155524_8720365346828_image0001.jpg","width":1200,"height":800},{"@type":"BreadcrumbList","@id":"https:\/\/gastora.eu\/product\/mixer-plantaire-7l-crochet-pte-en-acier-inoxydable\/#breadcrumb","itemListElement":[{"@type":"ListItem","position":1,"name":"Home","item":"https:\/\/gastora.eu\/"},{"@type":"ListItem","position":2,"name":"Shop","item":"https:\/\/gastora.eu\/shop\/"},{"@type":"ListItem","position":3,"name":"Mixer plan\u00e9taire 7L &#8211; Crochet \u00e0 p\u00e2te en acier inoxydable"}]},{"@type":"WebSite","@id":"https:\/\/gastora.eu\/#website","url":"https:\/\/gastora.eu\/","name":"Gastora","description":"\u00c9quipements professionnels CHR","publisher":{"@id":"https:\/\/gastora.eu\/#organization"},"potentialAction":[{"@type":"SearchAction","target":{"@type":"EntryPoint","urlTemplate":"https:\/\/gastora.eu\/?s={search_term_string}"},"query-input":{"@type":"PropertyValueSpecification","valueRequired":true,"valueName":"search_term_string"}}],"inLanguage":"en-US"},{"@type":"Organization","@id":"https:\/\/gastora.eu\/#organization","name":"Gastora","url":"https:\/\/gastora.eu\/","logo":{"@type":"ImageObject","inLanguage":"en-US","@id":"https:\/\/gastora.eu\/#\/schema\/logo\/image\/","url":"https:\/\/gastora.eu\/wp-content\/uploads\/2025\/12\/ChatGPT-Image-2-janv.-2026-22_52_47-1.png","contentUrl":"https:\/\/gastora.eu\/wp-content\/uploads\/2025\/12\/ChatGPT-Image-2-janv.-2026-22_52_47-1.png","width":1536,"height":320,"caption":"Gastora"},"image":{"@id":"https:\/\/gastora.eu\/#\/schema\/logo\/image\/"}}]}},"jetpack_sharing_enabled":true,"_links":{"self":[{"href":"https:\/\/gastora.eu\/en\/wp-json\/wp\/v2\/product\/14725","targetHints":{"allow":["GET"]}}],"collection":[{"href":"https:\/\/gastora.eu\/en\/wp-json\/wp\/v2\/product"}],"about":[{"href":"https:\/\/gastora.eu\/en\/wp-json\/wp\/v2\/types\/product"}],"wp:featuredmedia":[{"embeddable":true,"href":"https:\/\/gastora.eu\/en\/wp-json\/wp\/v2\/media\/8190"}],"wp:attachment":[{"href":"https:\/\/gastora.eu\/en\/wp-json\/wp\/v2\/media?parent=14725"}],"wp:term":[{"taxonomy":"product_brand","embeddable":true,"href":"https:\/\/gastora.eu\/en\/wp-json\/wp\/v2\/product_brand?post=14725"},{"taxonomy":"product_cat","embeddable":true,"href":"https:\/\/gastora.eu\/en\/wp-json\/wp\/v2\/product_cat?post=14725"},{"taxonomy":"product_tag","embeddable":true,"href":"https:\/\/gastora.eu\/en\/wp-json\/wp\/v2\/product_tag?post=14725"}],"curies":[{"name":"wp","href":"https:\/\/api.w.org\/{rel}","templated":true}]}}