{"id":14660,"date":"2026-04-26T08:42:06","date_gmt":"2026-04-26T08:42:06","guid":{"rendered":"https:\/\/gastora.eu\/?post_type=product&#038;p=14660"},"modified":"2026-04-28T16:56:58","modified_gmt":"2026-04-28T16:56:58","slug":"panier-assiettes-pour-lave-vaisselle-40-x-40-cm","status":"publish","type":"product","link":"https:\/\/gastora.eu\/en\/product\/panier-assiettes-pour-lave-vaisselle-40-x-40-cm\/","title":{"rendered":"Panier \u00e0 assiettes pour lave-vaisselle &#8211; 40 x 40 cm"},"content":{"rendered":"<p>Ce panier \u00e0 assiettes de 40 x 40cm pour lave-vaisselle vous permet de placer vos assiettes en position verticale pour maximiser l\u2019espace pour chaque cycle de lavage. Il emp\u00eache par ailleurs les assiettes de bouger, \u00e9vitant ainsi tout d\u00e9g\u00e2t ou casse potentielle. Avec ce panier pour lave-vaisselle, vous pouvez faire rentrer plus de vaisselle dans votre appareil en ayant l\u2019assurance qu\u2019elle en sortira propre et brillante \u00e0 chaque fois.<\/p>","protected":false},"excerpt":{"rendered":"<p>Porte-assiettes pour lave-vaisselle &#8211; 40 x 40cm<\/p>","protected":false},"featured_media":8060,"template":"","meta":{"_acf_changed":false},"product_brand":[],"product_cat":[477],"product_tag":[],"class_list":{"0":"post-14660","1":"product","2":"type-product","3":"status-publish","4":"has-post-thumbnail","6":"product_cat-lave-vaisselle-professionnels-2","8":"first","9":"instock","10":"sale","11":"taxable","12":"shipping-taxable","13":"purchasable","14":"product-type-simple"},"acf":[],"yoast_head":"<!-- This site is optimized with the Yoast SEO plugin v27.5 - https:\/\/yoast.com\/product\/yoast-seo-wordpress\/ -->\n<title>Panier \u00e0 assiettes pour lave-vaisselle - 40 x 40 cm - Gastora<\/title>\n<meta name=\"description\" content=\"Achetez Panier \u00e0 assiettes pour lave-vaisselle - 40 x 40 cm au meilleur prix, fiable et performant avec une livraison rapide\" \/>\n<meta name=\"robots\" content=\"index, follow, max-snippet:-1, max-image-preview:large, max-video-preview:-1\" \/>\n<link rel=\"canonical\" href=\"https:\/\/gastora.eu\/en\/product\/panier-assiettes-pour-lave-vaisselle-40-x-40-cm\/\" \/>\n<meta property=\"og:locale\" content=\"en_US\" \/>\n<meta property=\"og:type\" content=\"article\" \/>\n<meta property=\"og:title\" content=\"Panier \u00e0 assiettes pour lave-vaisselle - 40 x 40 cm - Gastora\" \/>\n<meta property=\"og:description\" content=\"Achetez Panier \u00e0 assiettes pour lave-vaisselle - 40 x 40 cm au meilleur prix, fiable et performant avec une livraison rapide\" \/>\n<meta property=\"og:url\" content=\"https:\/\/gastora.eu\/en\/product\/panier-assiettes-pour-lave-vaisselle-40-x-40-cm\/\" \/>\n<meta property=\"og:site_name\" content=\"Gastora\" \/>\n<meta property=\"article:modified_time\" content=\"2026-04-28T16:56:58+00:00\" \/>\n<meta name=\"twitter:card\" content=\"summary_large_image\" \/>\n<script type=\"application\/ld+json\" class=\"yoast-schema-graph\">{\"@context\":\"https:\\\/\\\/schema.org\",\"@graph\":[{\"@type\":\"WebPage\",\"@id\":\"https:\\\/\\\/gastora.eu\\\/product\\\/panier-assiettes-pour-lave-vaisselle-40-x-40-cm\\\/\",\"url\":\"https:\\\/\\\/gastora.eu\\\/product\\\/panier-assiettes-pour-lave-vaisselle-40-x-40-cm\\\/\",\"name\":\"Panier \u00e0 assiettes pour lave-vaisselle - 40 x 40 cm - Gastora\",\"isPartOf\":{\"@id\":\"https:\\\/\\\/gastora.eu\\\/#website\"},\"primaryImageOfPage\":{\"@id\":\"https:\\\/\\\/gastora.eu\\\/product\\\/panier-assiettes-pour-lave-vaisselle-40-x-40-cm\\\/#primaryimage\"},\"image\":{\"@id\":\"https:\\\/\\\/gastora.eu\\\/product\\\/panier-assiettes-pour-lave-vaisselle-40-x-40-cm\\\/#primaryimage\"},\"thumbnailUrl\":\"https:\\\/\\\/gastora.eu\\\/wp-content\\\/uploads\\\/2026\\\/04\\\/sp-041-61656eb42b5e9.jpg\",\"datePublished\":\"2026-04-26T08:42:06+00:00\",\"dateModified\":\"2026-04-28T16:56:58+00:00\",\"description\":\"Achetez Panier \u00e0 assiettes pour lave-vaisselle - 40 x 40 cm au meilleur prix, fiable et performant avec une livraison rapide\",\"breadcrumb\":{\"@id\":\"https:\\\/\\\/gastora.eu\\\/product\\\/panier-assiettes-pour-lave-vaisselle-40-x-40-cm\\\/#breadcrumb\"},\"inLanguage\":\"en-US\",\"potentialAction\":[{\"@type\":\"ReadAction\",\"target\":[\"https:\\\/\\\/gastora.eu\\\/product\\\/panier-assiettes-pour-lave-vaisselle-40-x-40-cm\\\/\"]}]},{\"@type\":\"ImageObject\",\"inLanguage\":\"en-US\",\"@id\":\"https:\\\/\\\/gastora.eu\\\/product\\\/panier-assiettes-pour-lave-vaisselle-40-x-40-cm\\\/#primaryimage\",\"url\":\"https:\\\/\\\/gastora.eu\\\/wp-content\\\/uploads\\\/2026\\\/04\\\/sp-041-61656eb42b5e9.jpg\",\"contentUrl\":\"https:\\\/\\\/gastora.eu\\\/wp-content\\\/uploads\\\/2026\\\/04\\\/sp-041-61656eb42b5e9.jpg\",\"width\":2048,\"height\":2048},{\"@type\":\"BreadcrumbList\",\"@id\":\"https:\\\/\\\/gastora.eu\\\/product\\\/panier-assiettes-pour-lave-vaisselle-40-x-40-cm\\\/#breadcrumb\",\"itemListElement\":[{\"@type\":\"ListItem\",\"position\":1,\"name\":\"Home\",\"item\":\"https:\\\/\\\/gastora.eu\\\/\"},{\"@type\":\"ListItem\",\"position\":2,\"name\":\"Shop\",\"item\":\"https:\\\/\\\/gastora.eu\\\/shop\\\/\"},{\"@type\":\"ListItem\",\"position\":3,\"name\":\"Panier \u00e0 assiettes pour lave-vaisselle &#8211; 40 x 40 cm\"}]},{\"@type\":\"WebSite\",\"@id\":\"https:\\\/\\\/gastora.eu\\\/#website\",\"url\":\"https:\\\/\\\/gastora.eu\\\/\",\"name\":\"Gastora\",\"description\":\"\u00c9quipements professionnels CHR\",\"publisher\":{\"@id\":\"https:\\\/\\\/gastora.eu\\\/#organization\"},\"potentialAction\":[{\"@type\":\"SearchAction\",\"target\":{\"@type\":\"EntryPoint\",\"urlTemplate\":\"https:\\\/\\\/gastora.eu\\\/?s={search_term_string}\"},\"query-input\":{\"@type\":\"PropertyValueSpecification\",\"valueRequired\":true,\"valueName\":\"search_term_string\"}}],\"inLanguage\":\"en-US\"},{\"@type\":\"Organization\",\"@id\":\"https:\\\/\\\/gastora.eu\\\/#organization\",\"name\":\"Gastora\",\"url\":\"https:\\\/\\\/gastora.eu\\\/\",\"logo\":{\"@type\":\"ImageObject\",\"inLanguage\":\"en-US\",\"@id\":\"https:\\\/\\\/gastora.eu\\\/#\\\/schema\\\/logo\\\/image\\\/\",\"url\":\"https:\\\/\\\/gastora.eu\\\/wp-content\\\/uploads\\\/2025\\\/12\\\/ChatGPT-Image-2-janv.-2026-22_52_47-1.png\",\"contentUrl\":\"https:\\\/\\\/gastora.eu\\\/wp-content\\\/uploads\\\/2025\\\/12\\\/ChatGPT-Image-2-janv.-2026-22_52_47-1.png\",\"width\":1536,\"height\":320,\"caption\":\"Gastora\"},\"image\":{\"@id\":\"https:\\\/\\\/gastora.eu\\\/#\\\/schema\\\/logo\\\/image\\\/\"}}]}<\/script>\n<!-- \/ Yoast SEO plugin. -->","yoast_head_json":{"title":"Panier \u00e0 assiettes pour lave-vaisselle - 40 x 40 cm - Gastora","description":"Achetez Panier \u00e0 assiettes pour lave-vaisselle - 40 x 40 cm au meilleur prix, fiable et performant avec une livraison rapide","robots":{"index":"index","follow":"follow","max-snippet":"max-snippet:-1","max-image-preview":"max-image-preview:large","max-video-preview":"max-video-preview:-1"},"canonical":"https:\/\/gastora.eu\/en\/product\/panier-assiettes-pour-lave-vaisselle-40-x-40-cm\/","og_locale":"en_US","og_type":"article","og_title":"Panier \u00e0 assiettes pour lave-vaisselle - 40 x 40 cm - Gastora","og_description":"Achetez Panier \u00e0 assiettes pour lave-vaisselle - 40 x 40 cm au meilleur prix, fiable et performant avec une livraison rapide","og_url":"https:\/\/gastora.eu\/en\/product\/panier-assiettes-pour-lave-vaisselle-40-x-40-cm\/","og_site_name":"Gastora","article_modified_time":"2026-04-28T16:56:58+00:00","twitter_card":"summary_large_image","schema":{"@context":"https:\/\/schema.org","@graph":[{"@type":"WebPage","@id":"https:\/\/gastora.eu\/product\/panier-assiettes-pour-lave-vaisselle-40-x-40-cm\/","url":"https:\/\/gastora.eu\/product\/panier-assiettes-pour-lave-vaisselle-40-x-40-cm\/","name":"Panier \u00e0 assiettes pour lave-vaisselle - 40 x 40 cm - Gastora","isPartOf":{"@id":"https:\/\/gastora.eu\/#website"},"primaryImageOfPage":{"@id":"https:\/\/gastora.eu\/product\/panier-assiettes-pour-lave-vaisselle-40-x-40-cm\/#primaryimage"},"image":{"@id":"https:\/\/gastora.eu\/product\/panier-assiettes-pour-lave-vaisselle-40-x-40-cm\/#primaryimage"},"thumbnailUrl":"https:\/\/gastora.eu\/wp-content\/uploads\/2026\/04\/sp-041-61656eb42b5e9.jpg","datePublished":"2026-04-26T08:42:06+00:00","dateModified":"2026-04-28T16:56:58+00:00","description":"Achetez Panier \u00e0 assiettes pour lave-vaisselle - 40 x 40 cm au meilleur prix, fiable et performant avec une livraison rapide","breadcrumb":{"@id":"https:\/\/gastora.eu\/product\/panier-assiettes-pour-lave-vaisselle-40-x-40-cm\/#breadcrumb"},"inLanguage":"en-US","potentialAction":[{"@type":"ReadAction","target":["https:\/\/gastora.eu\/product\/panier-assiettes-pour-lave-vaisselle-40-x-40-cm\/"]}]},{"@type":"ImageObject","inLanguage":"en-US","@id":"https:\/\/gastora.eu\/product\/panier-assiettes-pour-lave-vaisselle-40-x-40-cm\/#primaryimage","url":"https:\/\/gastora.eu\/wp-content\/uploads\/2026\/04\/sp-041-61656eb42b5e9.jpg","contentUrl":"https:\/\/gastora.eu\/wp-content\/uploads\/2026\/04\/sp-041-61656eb42b5e9.jpg","width":2048,"height":2048},{"@type":"BreadcrumbList","@id":"https:\/\/gastora.eu\/product\/panier-assiettes-pour-lave-vaisselle-40-x-40-cm\/#breadcrumb","itemListElement":[{"@type":"ListItem","position":1,"name":"Home","item":"https:\/\/gastora.eu\/"},{"@type":"ListItem","position":2,"name":"Shop","item":"https:\/\/gastora.eu\/shop\/"},{"@type":"ListItem","position":3,"name":"Panier \u00e0 assiettes pour lave-vaisselle &#8211; 40 x 40 cm"}]},{"@type":"WebSite","@id":"https:\/\/gastora.eu\/#website","url":"https:\/\/gastora.eu\/","name":"Gastora","description":"\u00c9quipements professionnels CHR","publisher":{"@id":"https:\/\/gastora.eu\/#organization"},"potentialAction":[{"@type":"SearchAction","target":{"@type":"EntryPoint","urlTemplate":"https:\/\/gastora.eu\/?s={search_term_string}"},"query-input":{"@type":"PropertyValueSpecification","valueRequired":true,"valueName":"search_term_string"}}],"inLanguage":"en-US"},{"@type":"Organization","@id":"https:\/\/gastora.eu\/#organization","name":"Gastora","url":"https:\/\/gastora.eu\/","logo":{"@type":"ImageObject","inLanguage":"en-US","@id":"https:\/\/gastora.eu\/#\/schema\/logo\/image\/","url":"https:\/\/gastora.eu\/wp-content\/uploads\/2025\/12\/ChatGPT-Image-2-janv.-2026-22_52_47-1.png","contentUrl":"https:\/\/gastora.eu\/wp-content\/uploads\/2025\/12\/ChatGPT-Image-2-janv.-2026-22_52_47-1.png","width":1536,"height":320,"caption":"Gastora"},"image":{"@id":"https:\/\/gastora.eu\/#\/schema\/logo\/image\/"}}]}},"jetpack_sharing_enabled":true,"_links":{"self":[{"href":"https:\/\/gastora.eu\/en\/wp-json\/wp\/v2\/product\/14660","targetHints":{"allow":["GET"]}}],"collection":[{"href":"https:\/\/gastora.eu\/en\/wp-json\/wp\/v2\/product"}],"about":[{"href":"https:\/\/gastora.eu\/en\/wp-json\/wp\/v2\/types\/product"}],"wp:featuredmedia":[{"embeddable":true,"href":"https:\/\/gastora.eu\/en\/wp-json\/wp\/v2\/media\/8060"}],"wp:attachment":[{"href":"https:\/\/gastora.eu\/en\/wp-json\/wp\/v2\/media?parent=14660"}],"wp:term":[{"taxonomy":"product_brand","embeddable":true,"href":"https:\/\/gastora.eu\/en\/wp-json\/wp\/v2\/product_brand?post=14660"},{"taxonomy":"product_cat","embeddable":true,"href":"https:\/\/gastora.eu\/en\/wp-json\/wp\/v2\/product_cat?post=14660"},{"taxonomy":"product_tag","embeddable":true,"href":"https:\/\/gastora.eu\/en\/wp-json\/wp\/v2\/product_tag?post=14660"}],"curies":[{"name":"wp","href":"https:\/\/api.w.org\/{rel}","templated":true}]}}