{"id":14657,"date":"2026-04-26T08:42:02","date_gmt":"2026-04-26T08:42:02","guid":{"rendered":"https:\/\/gastora.eu\/?post_type=product&#038;p=14657"},"modified":"2026-04-28T16:56:57","modified_gmt":"2026-04-28T16:56:57","slug":"feuilles-hamburger-130-mm-papier-blanc-500-pices","status":"publish","type":"product","link":"https:\/\/gastora.eu\/en\/product\/feuilles-hamburger-130-mm-papier-blanc-500-pices\/","title":{"rendered":"Feuilles \u00e0 hamburger 130 mm &#8211; Papier blanc &#8211; 500 pi\u00e8ces"},"content":{"rendered":"<p>Ces feuilles de papier blanc pour hamburgers (130 mm) sont parfaites pour s\u00e9parer, emballer et servir les galettes fra\u00eeches. Fabriqu\u00e9es en papier r\u00e9sistant aux graisses, elles ne collent pas et ne se dess\u00e8chent pas. Id\u00e9ales pour les boucheries, les snacks et les cuisines commerciales. Le paquet comprend 500 feuilles, adapt\u00e9es \u00e0 une utilisation quotidienne en grande quantit\u00e9. Un choix hygi\u00e9nique et pratique pour la pr\u00e9paration professionnelle des hamburgers.<\/p>","protected":false},"excerpt":{"rendered":"<p>Feuilles \u00e0 hamburger 130 mm &#8211; Papier blanc &#8211; 500 pi\u00e8ces<\/p>","protected":false},"featured_media":8054,"template":"","meta":{"_acf_changed":false},"product_brand":[],"product_cat":[41],"product_tag":[],"class_list":{"0":"post-14657","1":"product","2":"type-product","3":"status-publish","4":"has-post-thumbnail","6":"product_cat-preparation","8":"first","9":"instock","10":"sale","11":"taxable","12":"shipping-taxable","13":"purchasable","14":"product-type-simple"},"acf":[],"yoast_head":"<!-- This site is optimized with the Yoast SEO plugin v27.6 - https:\/\/yoast.com\/product\/yoast-seo-wordpress\/ -->\n<title>Feuilles \u00e0 hamburger 130 mm - Papier blanc - 500 pi\u00e8ces - Gastora<\/title>\n<meta name=\"description\" content=\"Achetez Feuilles \u00e0 hamburger 130 mm - Papier blanc - 500 pi\u00e8ces au meilleur prix, fiable et performant avec une livraison rapide\" \/>\n<meta name=\"robots\" content=\"index, follow, max-snippet:-1, max-image-preview:large, max-video-preview:-1\" \/>\n<link rel=\"canonical\" href=\"https:\/\/gastora.eu\/en\/product\/feuilles-hamburger-130-mm-papier-blanc-500-pices\/\" \/>\n<meta property=\"og:locale\" content=\"en_US\" \/>\n<meta property=\"og:type\" content=\"article\" \/>\n<meta property=\"og:title\" content=\"Feuilles \u00e0 hamburger 130 mm - Papier blanc - 500 pi\u00e8ces - Gastora\" \/>\n<meta property=\"og:description\" content=\"Achetez Feuilles \u00e0 hamburger 130 mm - Papier blanc - 500 pi\u00e8ces au meilleur prix, fiable et performant avec une livraison rapide\" \/>\n<meta property=\"og:url\" content=\"https:\/\/gastora.eu\/en\/product\/feuilles-hamburger-130-mm-papier-blanc-500-pices\/\" \/>\n<meta property=\"og:site_name\" content=\"Gastora\" \/>\n<meta property=\"article:modified_time\" content=\"2026-04-28T16:56:57+00:00\" \/>\n<meta name=\"twitter:card\" content=\"summary_large_image\" \/>\n<script type=\"application\/ld+json\" class=\"yoast-schema-graph\">{\"@context\":\"https:\\\/\\\/schema.org\",\"@graph\":[{\"@type\":\"WebPage\",\"@id\":\"https:\\\/\\\/gastora.eu\\\/product\\\/feuilles-hamburger-130-mm-papier-blanc-500-pices\\\/\",\"url\":\"https:\\\/\\\/gastora.eu\\\/product\\\/feuilles-hamburger-130-mm-papier-blanc-500-pices\\\/\",\"name\":\"Feuilles \u00e0 hamburger 130 mm - Papier blanc - 500 pi\u00e8ces - Gastora\",\"isPartOf\":{\"@id\":\"https:\\\/\\\/gastora.eu\\\/#website\"},\"primaryImageOfPage\":{\"@id\":\"https:\\\/\\\/gastora.eu\\\/product\\\/feuilles-hamburger-130-mm-papier-blanc-500-pices\\\/#primaryimage\"},\"image\":{\"@id\":\"https:\\\/\\\/gastora.eu\\\/product\\\/feuilles-hamburger-130-mm-papier-blanc-500-pices\\\/#primaryimage\"},\"thumbnailUrl\":\"https:\\\/\\\/gastora.eu\\\/wp-content\\\/uploads\\\/2026\\\/04\\\/MAX_20231101160355_8720365346019_image0001.jpg\",\"datePublished\":\"2026-04-26T08:42:02+00:00\",\"dateModified\":\"2026-04-28T16:56:57+00:00\",\"description\":\"Achetez Feuilles \u00e0 hamburger 130 mm - Papier blanc - 500 pi\u00e8ces au meilleur prix, fiable et performant avec une livraison rapide\",\"breadcrumb\":{\"@id\":\"https:\\\/\\\/gastora.eu\\\/product\\\/feuilles-hamburger-130-mm-papier-blanc-500-pices\\\/#breadcrumb\"},\"inLanguage\":\"en-US\",\"potentialAction\":[{\"@type\":\"ReadAction\",\"target\":[\"https:\\\/\\\/gastora.eu\\\/product\\\/feuilles-hamburger-130-mm-papier-blanc-500-pices\\\/\"]}]},{\"@type\":\"ImageObject\",\"inLanguage\":\"en-US\",\"@id\":\"https:\\\/\\\/gastora.eu\\\/product\\\/feuilles-hamburger-130-mm-papier-blanc-500-pices\\\/#primaryimage\",\"url\":\"https:\\\/\\\/gastora.eu\\\/wp-content\\\/uploads\\\/2026\\\/04\\\/MAX_20231101160355_8720365346019_image0001.jpg\",\"contentUrl\":\"https:\\\/\\\/gastora.eu\\\/wp-content\\\/uploads\\\/2026\\\/04\\\/MAX_20231101160355_8720365346019_image0001.jpg\",\"width\":1200,\"height\":800},{\"@type\":\"BreadcrumbList\",\"@id\":\"https:\\\/\\\/gastora.eu\\\/product\\\/feuilles-hamburger-130-mm-papier-blanc-500-pices\\\/#breadcrumb\",\"itemListElement\":[{\"@type\":\"ListItem\",\"position\":1,\"name\":\"Home\",\"item\":\"https:\\\/\\\/gastora.eu\\\/\"},{\"@type\":\"ListItem\",\"position\":2,\"name\":\"Shop\",\"item\":\"https:\\\/\\\/gastora.eu\\\/shop\\\/\"},{\"@type\":\"ListItem\",\"position\":3,\"name\":\"Feuilles \u00e0 hamburger 130 mm &#8211; Papier blanc &#8211; 500 pi\u00e8ces\"}]},{\"@type\":\"WebSite\",\"@id\":\"https:\\\/\\\/gastora.eu\\\/#website\",\"url\":\"https:\\\/\\\/gastora.eu\\\/\",\"name\":\"Gastora\",\"description\":\"\u00c9quipements professionnels CHR\",\"publisher\":{\"@id\":\"https:\\\/\\\/gastora.eu\\\/#organization\"},\"potentialAction\":[{\"@type\":\"SearchAction\",\"target\":{\"@type\":\"EntryPoint\",\"urlTemplate\":\"https:\\\/\\\/gastora.eu\\\/?s={search_term_string}\"},\"query-input\":{\"@type\":\"PropertyValueSpecification\",\"valueRequired\":true,\"valueName\":\"search_term_string\"}}],\"inLanguage\":\"en-US\"},{\"@type\":\"Organization\",\"@id\":\"https:\\\/\\\/gastora.eu\\\/#organization\",\"name\":\"Gastora\",\"url\":\"https:\\\/\\\/gastora.eu\\\/\",\"logo\":{\"@type\":\"ImageObject\",\"inLanguage\":\"en-US\",\"@id\":\"https:\\\/\\\/gastora.eu\\\/#\\\/schema\\\/logo\\\/image\\\/\",\"url\":\"https:\\\/\\\/gastora.eu\\\/wp-content\\\/uploads\\\/2025\\\/12\\\/ChatGPT-Image-2-janv.-2026-22_52_47-1.png\",\"contentUrl\":\"https:\\\/\\\/gastora.eu\\\/wp-content\\\/uploads\\\/2025\\\/12\\\/ChatGPT-Image-2-janv.-2026-22_52_47-1.png\",\"width\":1536,\"height\":320,\"caption\":\"Gastora\"},\"image\":{\"@id\":\"https:\\\/\\\/gastora.eu\\\/#\\\/schema\\\/logo\\\/image\\\/\"}}]}<\/script>\n<!-- \/ Yoast SEO plugin. -->","yoast_head_json":{"title":"Feuilles \u00e0 hamburger 130 mm - Papier blanc - 500 pi\u00e8ces - Gastora","description":"Achetez Feuilles \u00e0 hamburger 130 mm - Papier blanc - 500 pi\u00e8ces au meilleur prix, fiable et performant avec une livraison rapide","robots":{"index":"index","follow":"follow","max-snippet":"max-snippet:-1","max-image-preview":"max-image-preview:large","max-video-preview":"max-video-preview:-1"},"canonical":"https:\/\/gastora.eu\/en\/product\/feuilles-hamburger-130-mm-papier-blanc-500-pices\/","og_locale":"en_US","og_type":"article","og_title":"Feuilles \u00e0 hamburger 130 mm - Papier blanc - 500 pi\u00e8ces - Gastora","og_description":"Achetez Feuilles \u00e0 hamburger 130 mm - Papier blanc - 500 pi\u00e8ces au meilleur prix, fiable et performant avec une livraison rapide","og_url":"https:\/\/gastora.eu\/en\/product\/feuilles-hamburger-130-mm-papier-blanc-500-pices\/","og_site_name":"Gastora","article_modified_time":"2026-04-28T16:56:57+00:00","twitter_card":"summary_large_image","schema":{"@context":"https:\/\/schema.org","@graph":[{"@type":"WebPage","@id":"https:\/\/gastora.eu\/product\/feuilles-hamburger-130-mm-papier-blanc-500-pices\/","url":"https:\/\/gastora.eu\/product\/feuilles-hamburger-130-mm-papier-blanc-500-pices\/","name":"Feuilles \u00e0 hamburger 130 mm - Papier blanc - 500 pi\u00e8ces - Gastora","isPartOf":{"@id":"https:\/\/gastora.eu\/#website"},"primaryImageOfPage":{"@id":"https:\/\/gastora.eu\/product\/feuilles-hamburger-130-mm-papier-blanc-500-pices\/#primaryimage"},"image":{"@id":"https:\/\/gastora.eu\/product\/feuilles-hamburger-130-mm-papier-blanc-500-pices\/#primaryimage"},"thumbnailUrl":"https:\/\/gastora.eu\/wp-content\/uploads\/2026\/04\/MAX_20231101160355_8720365346019_image0001.jpg","datePublished":"2026-04-26T08:42:02+00:00","dateModified":"2026-04-28T16:56:57+00:00","description":"Achetez Feuilles \u00e0 hamburger 130 mm - Papier blanc - 500 pi\u00e8ces au meilleur prix, fiable et performant avec une livraison rapide","breadcrumb":{"@id":"https:\/\/gastora.eu\/product\/feuilles-hamburger-130-mm-papier-blanc-500-pices\/#breadcrumb"},"inLanguage":"en-US","potentialAction":[{"@type":"ReadAction","target":["https:\/\/gastora.eu\/product\/feuilles-hamburger-130-mm-papier-blanc-500-pices\/"]}]},{"@type":"ImageObject","inLanguage":"en-US","@id":"https:\/\/gastora.eu\/product\/feuilles-hamburger-130-mm-papier-blanc-500-pices\/#primaryimage","url":"https:\/\/gastora.eu\/wp-content\/uploads\/2026\/04\/MAX_20231101160355_8720365346019_image0001.jpg","contentUrl":"https:\/\/gastora.eu\/wp-content\/uploads\/2026\/04\/MAX_20231101160355_8720365346019_image0001.jpg","width":1200,"height":800},{"@type":"BreadcrumbList","@id":"https:\/\/gastora.eu\/product\/feuilles-hamburger-130-mm-papier-blanc-500-pices\/#breadcrumb","itemListElement":[{"@type":"ListItem","position":1,"name":"Home","item":"https:\/\/gastora.eu\/"},{"@type":"ListItem","position":2,"name":"Shop","item":"https:\/\/gastora.eu\/shop\/"},{"@type":"ListItem","position":3,"name":"Feuilles \u00e0 hamburger 130 mm &#8211; Papier blanc &#8211; 500 pi\u00e8ces"}]},{"@type":"WebSite","@id":"https:\/\/gastora.eu\/#website","url":"https:\/\/gastora.eu\/","name":"Gastora","description":"\u00c9quipements professionnels CHR","publisher":{"@id":"https:\/\/gastora.eu\/#organization"},"potentialAction":[{"@type":"SearchAction","target":{"@type":"EntryPoint","urlTemplate":"https:\/\/gastora.eu\/?s={search_term_string}"},"query-input":{"@type":"PropertyValueSpecification","valueRequired":true,"valueName":"search_term_string"}}],"inLanguage":"en-US"},{"@type":"Organization","@id":"https:\/\/gastora.eu\/#organization","name":"Gastora","url":"https:\/\/gastora.eu\/","logo":{"@type":"ImageObject","inLanguage":"en-US","@id":"https:\/\/gastora.eu\/#\/schema\/logo\/image\/","url":"https:\/\/gastora.eu\/wp-content\/uploads\/2025\/12\/ChatGPT-Image-2-janv.-2026-22_52_47-1.png","contentUrl":"https:\/\/gastora.eu\/wp-content\/uploads\/2025\/12\/ChatGPT-Image-2-janv.-2026-22_52_47-1.png","width":1536,"height":320,"caption":"Gastora"},"image":{"@id":"https:\/\/gastora.eu\/#\/schema\/logo\/image\/"}}]}},"jetpack_sharing_enabled":true,"_links":{"self":[{"href":"https:\/\/gastora.eu\/en\/wp-json\/wp\/v2\/product\/14657","targetHints":{"allow":["GET"]}}],"collection":[{"href":"https:\/\/gastora.eu\/en\/wp-json\/wp\/v2\/product"}],"about":[{"href":"https:\/\/gastora.eu\/en\/wp-json\/wp\/v2\/types\/product"}],"wp:featuredmedia":[{"embeddable":true,"href":"https:\/\/gastora.eu\/en\/wp-json\/wp\/v2\/media\/8054"}],"wp:attachment":[{"href":"https:\/\/gastora.eu\/en\/wp-json\/wp\/v2\/media?parent=14657"}],"wp:term":[{"taxonomy":"product_brand","embeddable":true,"href":"https:\/\/gastora.eu\/en\/wp-json\/wp\/v2\/product_brand?post=14657"},{"taxonomy":"product_cat","embeddable":true,"href":"https:\/\/gastora.eu\/en\/wp-json\/wp\/v2\/product_cat?post=14657"},{"taxonomy":"product_tag","embeddable":true,"href":"https:\/\/gastora.eu\/en\/wp-json\/wp\/v2\/product_tag?post=14657"}],"curies":[{"name":"wp","href":"https:\/\/api.w.org\/{rel}","templated":true}]}}