{"id":14654,"date":"2026-04-26T08:41:59","date_gmt":"2026-04-26T08:41:59","guid":{"rendered":"https:\/\/gastora.eu\/?post_type=product&#038;p=14654"},"modified":"2026-04-28T16:56:57","modified_gmt":"2026-04-28T16:56:57","slug":"trancheur-de-tomates-4mm-bloc-de-couteaux","status":"publish","type":"product","link":"https:\/\/gastora.eu\/en\/product\/trancheur-de-tomates-4mm-bloc-de-couteaux\/","title":{"rendered":"Trancheur de tomates &#8211; 4mm &#8211; Bloc de couteaux"},"content":{"rendered":"<p>Ce bloc de couteaux de 4 mm est con\u00e7u pour \u00eatre utilis\u00e9 avec le coupe-tomates Maxima. Ses lames en acier inoxydable permettent de r\u00e9aliser des tranches nettes et r\u00e9guli\u00e8res sans \u00e9craser les tomates. Id\u00e9al pour une pr\u00e9paration rapide et efficace dans les cuisines commerciales, les sandwicheries ou les cha\u00eenes de restauration. Fabriqu\u00e9 avec des mat\u00e9riaux de haute qualit\u00e9 pour une durabilit\u00e9 dans le cadre d&#8217;une utilisation professionnelle quotidienne. Un remplacement parfait ou un compl\u00e9ment pour des op\u00e9rations de tranchage encore plus fluides.<\/p>","protected":false},"excerpt":{"rendered":"<p>Trancheur de tomates &#8211; 4mm &#8211; Bloc de couteaux<\/p>","protected":false},"featured_media":8048,"template":"","meta":{"_acf_changed":false},"product_brand":[],"product_cat":[486],"product_tag":[],"class_list":{"0":"post-14654","1":"product","2":"type-product","3":"status-publish","4":"has-post-thumbnail","6":"product_cat-coupe-legumes-2","8":"first","9":"instock","10":"sale","11":"taxable","12":"shipping-taxable","13":"purchasable","14":"product-type-simple"},"acf":[],"yoast_head":"<!-- This site is optimized with the Yoast SEO plugin v27.6 - https:\/\/yoast.com\/product\/yoast-seo-wordpress\/ -->\n<title>Trancheur de tomates - 4mm - Bloc de couteaux - Gastora<\/title>\n<meta name=\"description\" content=\"Achetez Trancheur de tomates - 4mm - Bloc de couteaux au meilleur prix, fiable et performant avec une livraison rapide\" \/>\n<meta name=\"robots\" content=\"index, follow, max-snippet:-1, max-image-preview:large, max-video-preview:-1\" \/>\n<link rel=\"canonical\" href=\"https:\/\/gastora.eu\/en\/product\/trancheur-de-tomates-4mm-bloc-de-couteaux\/\" \/>\n<meta property=\"og:locale\" content=\"en_US\" \/>\n<meta property=\"og:type\" content=\"article\" \/>\n<meta property=\"og:title\" content=\"Trancheur de tomates - 4mm - Bloc de couteaux - Gastora\" \/>\n<meta property=\"og:description\" content=\"Achetez Trancheur de tomates - 4mm - Bloc de couteaux au meilleur prix, fiable et performant avec une livraison rapide\" \/>\n<meta property=\"og:url\" content=\"https:\/\/gastora.eu\/en\/product\/trancheur-de-tomates-4mm-bloc-de-couteaux\/\" \/>\n<meta property=\"og:site_name\" content=\"Gastora\" \/>\n<meta property=\"article:modified_time\" content=\"2026-04-28T16:56:57+00:00\" \/>\n<meta name=\"twitter:card\" content=\"summary_large_image\" \/>\n<script type=\"application\/ld+json\" class=\"yoast-schema-graph\">{\"@context\":\"https:\\\/\\\/schema.org\",\"@graph\":[{\"@type\":\"WebPage\",\"@id\":\"https:\\\/\\\/gastora.eu\\\/product\\\/trancheur-de-tomates-4mm-bloc-de-couteaux\\\/\",\"url\":\"https:\\\/\\\/gastora.eu\\\/product\\\/trancheur-de-tomates-4mm-bloc-de-couteaux\\\/\",\"name\":\"Trancheur de tomates - 4mm - Bloc de couteaux - Gastora\",\"isPartOf\":{\"@id\":\"https:\\\/\\\/gastora.eu\\\/#website\"},\"primaryImageOfPage\":{\"@id\":\"https:\\\/\\\/gastora.eu\\\/product\\\/trancheur-de-tomates-4mm-bloc-de-couteaux\\\/#primaryimage\"},\"image\":{\"@id\":\"https:\\\/\\\/gastora.eu\\\/product\\\/trancheur-de-tomates-4mm-bloc-de-couteaux\\\/#primaryimage\"},\"thumbnailUrl\":\"https:\\\/\\\/gastora.eu\\\/wp-content\\\/uploads\\\/2026\\\/04\\\/MAX_20231101160131_8720365345104_image0001.jpg\",\"datePublished\":\"2026-04-26T08:41:59+00:00\",\"dateModified\":\"2026-04-28T16:56:57+00:00\",\"description\":\"Achetez Trancheur de tomates - 4mm - Bloc de couteaux au meilleur prix, fiable et performant avec une livraison rapide\",\"breadcrumb\":{\"@id\":\"https:\\\/\\\/gastora.eu\\\/product\\\/trancheur-de-tomates-4mm-bloc-de-couteaux\\\/#breadcrumb\"},\"inLanguage\":\"en-US\",\"potentialAction\":[{\"@type\":\"ReadAction\",\"target\":[\"https:\\\/\\\/gastora.eu\\\/product\\\/trancheur-de-tomates-4mm-bloc-de-couteaux\\\/\"]}]},{\"@type\":\"ImageObject\",\"inLanguage\":\"en-US\",\"@id\":\"https:\\\/\\\/gastora.eu\\\/product\\\/trancheur-de-tomates-4mm-bloc-de-couteaux\\\/#primaryimage\",\"url\":\"https:\\\/\\\/gastora.eu\\\/wp-content\\\/uploads\\\/2026\\\/04\\\/MAX_20231101160131_8720365345104_image0001.jpg\",\"contentUrl\":\"https:\\\/\\\/gastora.eu\\\/wp-content\\\/uploads\\\/2026\\\/04\\\/MAX_20231101160131_8720365345104_image0001.jpg\",\"width\":1200,\"height\":800},{\"@type\":\"BreadcrumbList\",\"@id\":\"https:\\\/\\\/gastora.eu\\\/product\\\/trancheur-de-tomates-4mm-bloc-de-couteaux\\\/#breadcrumb\",\"itemListElement\":[{\"@type\":\"ListItem\",\"position\":1,\"name\":\"Home\",\"item\":\"https:\\\/\\\/gastora.eu\\\/\"},{\"@type\":\"ListItem\",\"position\":2,\"name\":\"Shop\",\"item\":\"https:\\\/\\\/gastora.eu\\\/shop\\\/\"},{\"@type\":\"ListItem\",\"position\":3,\"name\":\"Trancheur de tomates &#8211; 4mm &#8211; Bloc de couteaux\"}]},{\"@type\":\"WebSite\",\"@id\":\"https:\\\/\\\/gastora.eu\\\/#website\",\"url\":\"https:\\\/\\\/gastora.eu\\\/\",\"name\":\"Gastora\",\"description\":\"\u00c9quipements professionnels CHR\",\"publisher\":{\"@id\":\"https:\\\/\\\/gastora.eu\\\/#organization\"},\"potentialAction\":[{\"@type\":\"SearchAction\",\"target\":{\"@type\":\"EntryPoint\",\"urlTemplate\":\"https:\\\/\\\/gastora.eu\\\/?s={search_term_string}\"},\"query-input\":{\"@type\":\"PropertyValueSpecification\",\"valueRequired\":true,\"valueName\":\"search_term_string\"}}],\"inLanguage\":\"en-US\"},{\"@type\":\"Organization\",\"@id\":\"https:\\\/\\\/gastora.eu\\\/#organization\",\"name\":\"Gastora\",\"url\":\"https:\\\/\\\/gastora.eu\\\/\",\"logo\":{\"@type\":\"ImageObject\",\"inLanguage\":\"en-US\",\"@id\":\"https:\\\/\\\/gastora.eu\\\/#\\\/schema\\\/logo\\\/image\\\/\",\"url\":\"https:\\\/\\\/gastora.eu\\\/wp-content\\\/uploads\\\/2025\\\/12\\\/ChatGPT-Image-2-janv.-2026-22_52_47-1.png\",\"contentUrl\":\"https:\\\/\\\/gastora.eu\\\/wp-content\\\/uploads\\\/2025\\\/12\\\/ChatGPT-Image-2-janv.-2026-22_52_47-1.png\",\"width\":1536,\"height\":320,\"caption\":\"Gastora\"},\"image\":{\"@id\":\"https:\\\/\\\/gastora.eu\\\/#\\\/schema\\\/logo\\\/image\\\/\"}}]}<\/script>\n<!-- \/ Yoast SEO plugin. -->","yoast_head_json":{"title":"Trancheur de tomates - 4mm - Bloc de couteaux - Gastora","description":"Achetez Trancheur de tomates - 4mm - Bloc de couteaux au meilleur prix, fiable et performant avec une livraison rapide","robots":{"index":"index","follow":"follow","max-snippet":"max-snippet:-1","max-image-preview":"max-image-preview:large","max-video-preview":"max-video-preview:-1"},"canonical":"https:\/\/gastora.eu\/en\/product\/trancheur-de-tomates-4mm-bloc-de-couteaux\/","og_locale":"en_US","og_type":"article","og_title":"Trancheur de tomates - 4mm - Bloc de couteaux - Gastora","og_description":"Achetez Trancheur de tomates - 4mm - Bloc de couteaux au meilleur prix, fiable et performant avec une livraison rapide","og_url":"https:\/\/gastora.eu\/en\/product\/trancheur-de-tomates-4mm-bloc-de-couteaux\/","og_site_name":"Gastora","article_modified_time":"2026-04-28T16:56:57+00:00","twitter_card":"summary_large_image","schema":{"@context":"https:\/\/schema.org","@graph":[{"@type":"WebPage","@id":"https:\/\/gastora.eu\/product\/trancheur-de-tomates-4mm-bloc-de-couteaux\/","url":"https:\/\/gastora.eu\/product\/trancheur-de-tomates-4mm-bloc-de-couteaux\/","name":"Trancheur de tomates - 4mm - Bloc de couteaux - Gastora","isPartOf":{"@id":"https:\/\/gastora.eu\/#website"},"primaryImageOfPage":{"@id":"https:\/\/gastora.eu\/product\/trancheur-de-tomates-4mm-bloc-de-couteaux\/#primaryimage"},"image":{"@id":"https:\/\/gastora.eu\/product\/trancheur-de-tomates-4mm-bloc-de-couteaux\/#primaryimage"},"thumbnailUrl":"https:\/\/gastora.eu\/wp-content\/uploads\/2026\/04\/MAX_20231101160131_8720365345104_image0001.jpg","datePublished":"2026-04-26T08:41:59+00:00","dateModified":"2026-04-28T16:56:57+00:00","description":"Achetez Trancheur de tomates - 4mm - Bloc de couteaux au meilleur prix, fiable et performant avec une livraison rapide","breadcrumb":{"@id":"https:\/\/gastora.eu\/product\/trancheur-de-tomates-4mm-bloc-de-couteaux\/#breadcrumb"},"inLanguage":"en-US","potentialAction":[{"@type":"ReadAction","target":["https:\/\/gastora.eu\/product\/trancheur-de-tomates-4mm-bloc-de-couteaux\/"]}]},{"@type":"ImageObject","inLanguage":"en-US","@id":"https:\/\/gastora.eu\/product\/trancheur-de-tomates-4mm-bloc-de-couteaux\/#primaryimage","url":"https:\/\/gastora.eu\/wp-content\/uploads\/2026\/04\/MAX_20231101160131_8720365345104_image0001.jpg","contentUrl":"https:\/\/gastora.eu\/wp-content\/uploads\/2026\/04\/MAX_20231101160131_8720365345104_image0001.jpg","width":1200,"height":800},{"@type":"BreadcrumbList","@id":"https:\/\/gastora.eu\/product\/trancheur-de-tomates-4mm-bloc-de-couteaux\/#breadcrumb","itemListElement":[{"@type":"ListItem","position":1,"name":"Home","item":"https:\/\/gastora.eu\/"},{"@type":"ListItem","position":2,"name":"Shop","item":"https:\/\/gastora.eu\/shop\/"},{"@type":"ListItem","position":3,"name":"Trancheur de tomates &#8211; 4mm &#8211; Bloc de couteaux"}]},{"@type":"WebSite","@id":"https:\/\/gastora.eu\/#website","url":"https:\/\/gastora.eu\/","name":"Gastora","description":"\u00c9quipements professionnels CHR","publisher":{"@id":"https:\/\/gastora.eu\/#organization"},"potentialAction":[{"@type":"SearchAction","target":{"@type":"EntryPoint","urlTemplate":"https:\/\/gastora.eu\/?s={search_term_string}"},"query-input":{"@type":"PropertyValueSpecification","valueRequired":true,"valueName":"search_term_string"}}],"inLanguage":"en-US"},{"@type":"Organization","@id":"https:\/\/gastora.eu\/#organization","name":"Gastora","url":"https:\/\/gastora.eu\/","logo":{"@type":"ImageObject","inLanguage":"en-US","@id":"https:\/\/gastora.eu\/#\/schema\/logo\/image\/","url":"https:\/\/gastora.eu\/wp-content\/uploads\/2025\/12\/ChatGPT-Image-2-janv.-2026-22_52_47-1.png","contentUrl":"https:\/\/gastora.eu\/wp-content\/uploads\/2025\/12\/ChatGPT-Image-2-janv.-2026-22_52_47-1.png","width":1536,"height":320,"caption":"Gastora"},"image":{"@id":"https:\/\/gastora.eu\/#\/schema\/logo\/image\/"}}]}},"jetpack_sharing_enabled":true,"_links":{"self":[{"href":"https:\/\/gastora.eu\/en\/wp-json\/wp\/v2\/product\/14654","targetHints":{"allow":["GET"]}}],"collection":[{"href":"https:\/\/gastora.eu\/en\/wp-json\/wp\/v2\/product"}],"about":[{"href":"https:\/\/gastora.eu\/en\/wp-json\/wp\/v2\/types\/product"}],"wp:featuredmedia":[{"embeddable":true,"href":"https:\/\/gastora.eu\/en\/wp-json\/wp\/v2\/media\/8048"}],"wp:attachment":[{"href":"https:\/\/gastora.eu\/en\/wp-json\/wp\/v2\/media?parent=14654"}],"wp:term":[{"taxonomy":"product_brand","embeddable":true,"href":"https:\/\/gastora.eu\/en\/wp-json\/wp\/v2\/product_brand?post=14654"},{"taxonomy":"product_cat","embeddable":true,"href":"https:\/\/gastora.eu\/en\/wp-json\/wp\/v2\/product_cat?post=14654"},{"taxonomy":"product_tag","embeddable":true,"href":"https:\/\/gastora.eu\/en\/wp-json\/wp\/v2\/product_tag?post=14654"}],"curies":[{"name":"wp","href":"https:\/\/api.w.org\/{rel}","templated":true}]}}