{"id":14653,"date":"2026-04-26T08:41:58","date_gmt":"2026-04-26T08:41:58","guid":{"rendered":"https:\/\/gastora.eu\/?post_type=product&#038;p=14653"},"modified":"2026-04-28T16:56:57","modified_gmt":"2026-04-28T16:56:57","slug":"cuiseur-induction-700-2-brleurs-8500w-avec-support","status":"publish","type":"product","link":"https:\/\/gastora.eu\/en\/product\/cuiseur-induction-700-2-brleurs-8500w-avec-support\/","title":{"rendered":"Cuiseur \u00e0 induction 700 \u2013 2 br\u00fbleurs \u2013 8500W \u2013 avec support"},"content":{"rendered":"<p>Cette plaque \u00e0 induction professionnelle est id\u00e9ale pour les cuisines qui ont besoin de puissance, de pr\u00e9cision et d&#8217;un encombrement r\u00e9duit. Avec un br\u00fbleur avant de 3500 W et un br\u00fbleur arri\u00e8re de 5000 W, elle offre une grande flexibilit\u00e9 pour un large \u00e9ventail de t\u00e2ches culinaires tout en gardant les outils essentiels \u00e0 port\u00e9e de main dans le meuble bas.<\/p>\n<h2>Cuisinez avec pr\u00e9cision et contr\u00f4le<\/h2>\n<p>Cette plaque \u00e0 induction est con\u00e7ue pour une utilisation quotidienne dans les cuisines professionnelles telles que les restaurants, les caf\u00e9s et les entreprises de restauration. Les deux br\u00fbleurs, d&#8217;un diam\u00e8tre de 26 cm chacun, peuvent \u00eatre command\u00e9s individuellement \u00e0 l&#8217;aide d&#8217;un bouton rotatif offrant 10 niveaux de temp\u00e9rature de 80\u00b0C \u00e0 260\u00b0C. Il est ainsi facile de passer de la cuisson \u00e0 basse temp\u00e9rature \u00e0 la pr\u00e9paration \u00e0 haute temp\u00e9rature. Bien que la plaque \u00e0 induction ne soit pas \u00e9quip\u00e9e d&#8217;une minuterie, elle s&#8217;\u00e9teint automatiquement au bout de deux heures. Cette fonction de s\u00e9curit\u00e9 int\u00e9gr\u00e9e permet d&#8217;\u00e9viter toute consommation d&#8217;\u00e9nergie inutile.<\/p>\n<h2>Des performances efficaces dans un design compact<\/h2>\n<p>La technologie de l&#8217;induction permet de chauffer directement les casseroles, ce qui r\u00e9duit les pertes d&#8217;\u00e9nergie et acc\u00e9l\u00e8re les temps de cuisson. Le br\u00fbleur avant fournit une puissance de 3 500 W, tandis que le br\u00fbleur arri\u00e8re offre une puissance de 5 000 W pour une cuisson plus intensive. L&#8217;armoire encastr\u00e9e avec une porte pleine offre un rangement pratique pour les ustensiles de cuisine ou les ingr\u00e9dients. Ce mod\u00e8le fait partie de la gamme de cuisson 700, ce qui permet de l&#8217;associer facilement \u00e0 d&#8217;autres \u00e9quipements de cuisine professionnels.<\/p>\n<h2>Nettoyage facile et utilisation durable<\/h2>\n<p>La construction en acier inoxydable et le plan de travail en vitroc\u00e9ramique rendent le nettoyage simple et rapide. La ventilation \u00e0 l&#8217;arri\u00e8re garantit un fonctionnement s\u00fbr en cas d&#8217;utilisation intensive. Les pieds r\u00e9glables en hauteur permettent un positionnement stable, m\u00eame sur des surfaces irr\u00e9guli\u00e8res, et peuvent \u00eatre facilement remplac\u00e9s en cas de besoin, ce qui permet un entretien \u00e0 long terme.<\/p>\n<p>Choisissez cette plaque \u00e0 induction \u00e0 deux br\u00fbleurs, compacte mais puissante, pour une cuisson efficace, un contr\u00f4le pr\u00e9cis de la temp\u00e9rature et un espace de travail bien organis\u00e9.<\/p>\n<p><strong>Caract\u00e9ristiques<\/strong><\/p>\n<ul>\n<li>Deux br\u00fbleurs \u00e0 induction ind\u00e9pendants avec d\u00e9tection de casseroles<\/li>\n<li>Armoire de rangement avec une porte pleine<\/li>\n<li>Bouton rotatif avec 10 r\u00e9glages de temp\u00e9rature<\/li>\n<li>Pieds r\u00e9glables en hauteur et rempla\u00e7ables<\/li>\n<li>Protection contre les surcharges<\/li>\n<\/ul>\n<p><strong>Caract\u00e9ristiques du produit<\/strong><\/p>\n<ul>\n<li>Poids net : 42 kg<\/li>\n<li>Dimensions du br\u00fbleur : 26cm<\/li>\n<li>Dimensions de l&#8217;appareil : L40 x P70 x H88cm<\/li>\n<li>Puissance du br\u00fbleur : 1 x 3,5 + 1 x 5,0 kW<\/li>\n<li>400V \/ 50Hz \/ 3 Phase 8500W<\/li>\n<\/ul>\n<p><em>Inclus dans le prix<\/em><\/p>\n<ul>\n<li><em>Kit de connexion<\/em><\/li>\n<\/ul>\n<p><em>Non inclus<\/em><\/p>\n<ul>\n<li><em>Bouchon<\/em><\/li>\n<\/ul>","protected":false},"excerpt":{"rendered":"<p>Plaque \u00e0 induction professionnelle avec deux br\u00fbleurs pour les cuisines commerciales. Ce mod\u00e8le de la s\u00e9rie 700 \u00e0 induction d\u00e9livre une puissance de 8500 W sur 400 V, avec un contr\u00f4le rotatif pr\u00e9cis de la temp\u00e9rature, un design compact avec armoire int\u00e9gr\u00e9e et une technologie d&#8217;induction efficace pour des performances de cuisson rapides et fiables.<\/p>","protected":false},"featured_media":8046,"template":"","meta":{"_acf_changed":false},"product_brand":[],"product_cat":[495],"product_tag":[],"class_list":{"0":"post-14653","1":"product","2":"type-product","3":"status-publish","4":"has-post-thumbnail","6":"product_cat-plaques-pianos-de-cuisson-2","8":"first","9":"instock","10":"sale","11":"taxable","12":"shipping-taxable","13":"purchasable","14":"product-type-simple"},"acf":[],"yoast_head":"<!-- This site is optimized with the Yoast SEO plugin v27.5 - https:\/\/yoast.com\/product\/yoast-seo-wordpress\/ -->\n<title>Cuiseur \u00e0 induction 700 \u2013 2 br\u00fbleurs \u2013 8500W \u2013 avec support - Gastora<\/title>\n<meta name=\"description\" content=\"Achetez Cuiseur \u00e0 induction 700 \u2013 2 br\u00fbleurs \u2013 8500W \u2013 avec support au meilleur prix, fiable et performant avec une livraison rapide\" \/>\n<meta name=\"robots\" content=\"index, follow, max-snippet:-1, max-image-preview:large, max-video-preview:-1\" \/>\n<link rel=\"canonical\" href=\"https:\/\/gastora.eu\/en\/product\/cuiseur-induction-700-2-brleurs-8500w-avec-support\/\" \/>\n<meta property=\"og:locale\" content=\"en_US\" \/>\n<meta property=\"og:type\" content=\"article\" \/>\n<meta property=\"og:title\" content=\"Cuiseur \u00e0 induction 700 \u2013 2 br\u00fbleurs \u2013 8500W \u2013 avec support - Gastora\" \/>\n<meta property=\"og:description\" content=\"Achetez Cuiseur \u00e0 induction 700 \u2013 2 br\u00fbleurs \u2013 8500W \u2013 avec support au meilleur prix, fiable et performant avec une livraison rapide\" \/>\n<meta property=\"og:url\" content=\"https:\/\/gastora.eu\/en\/product\/cuiseur-induction-700-2-brleurs-8500w-avec-support\/\" \/>\n<meta property=\"og:site_name\" content=\"Gastora\" \/>\n<meta property=\"article:modified_time\" content=\"2026-04-28T16:56:57+00:00\" \/>\n<meta name=\"twitter:card\" content=\"summary_large_image\" \/>\n<meta name=\"twitter:label1\" content=\"Est. reading time\" \/>\n\t<meta name=\"twitter:data1\" content=\"2 minutes\" \/>\n<script type=\"application\/ld+json\" class=\"yoast-schema-graph\">{\"@context\":\"https:\\\/\\\/schema.org\",\"@graph\":[{\"@type\":\"WebPage\",\"@id\":\"https:\\\/\\\/gastora.eu\\\/product\\\/cuiseur-induction-700-2-brleurs-8500w-avec-support\\\/\",\"url\":\"https:\\\/\\\/gastora.eu\\\/product\\\/cuiseur-induction-700-2-brleurs-8500w-avec-support\\\/\",\"name\":\"Cuiseur \u00e0 induction 700 \u2013 2 br\u00fbleurs \u2013 8500W \u2013 avec support - Gastora\",\"isPartOf\":{\"@id\":\"https:\\\/\\\/gastora.eu\\\/#website\"},\"primaryImageOfPage\":{\"@id\":\"https:\\\/\\\/gastora.eu\\\/product\\\/cuiseur-induction-700-2-brleurs-8500w-avec-support\\\/#primaryimage\"},\"image\":{\"@id\":\"https:\\\/\\\/gastora.eu\\\/product\\\/cuiseur-induction-700-2-brleurs-8500w-avec-support\\\/#primaryimage\"},\"thumbnailUrl\":\"https:\\\/\\\/gastora.eu\\\/wp-content\\\/uploads\\\/2026\\\/04\\\/09371012_0107.jpg\",\"datePublished\":\"2026-04-26T08:41:58+00:00\",\"dateModified\":\"2026-04-28T16:56:57+00:00\",\"description\":\"Achetez Cuiseur \u00e0 induction 700 \u2013 2 br\u00fbleurs \u2013 8500W \u2013 avec support au meilleur prix, fiable et performant avec une livraison rapide\",\"breadcrumb\":{\"@id\":\"https:\\\/\\\/gastora.eu\\\/product\\\/cuiseur-induction-700-2-brleurs-8500w-avec-support\\\/#breadcrumb\"},\"inLanguage\":\"en-US\",\"potentialAction\":[{\"@type\":\"ReadAction\",\"target\":[\"https:\\\/\\\/gastora.eu\\\/product\\\/cuiseur-induction-700-2-brleurs-8500w-avec-support\\\/\"]}]},{\"@type\":\"ImageObject\",\"inLanguage\":\"en-US\",\"@id\":\"https:\\\/\\\/gastora.eu\\\/product\\\/cuiseur-induction-700-2-brleurs-8500w-avec-support\\\/#primaryimage\",\"url\":\"https:\\\/\\\/gastora.eu\\\/wp-content\\\/uploads\\\/2026\\\/04\\\/09371012_0107.jpg\",\"contentUrl\":\"https:\\\/\\\/gastora.eu\\\/wp-content\\\/uploads\\\/2026\\\/04\\\/09371012_0107.jpg\",\"width\":1200,\"height\":1200},{\"@type\":\"BreadcrumbList\",\"@id\":\"https:\\\/\\\/gastora.eu\\\/product\\\/cuiseur-induction-700-2-brleurs-8500w-avec-support\\\/#breadcrumb\",\"itemListElement\":[{\"@type\":\"ListItem\",\"position\":1,\"name\":\"Home\",\"item\":\"https:\\\/\\\/gastora.eu\\\/\"},{\"@type\":\"ListItem\",\"position\":2,\"name\":\"Shop\",\"item\":\"https:\\\/\\\/gastora.eu\\\/shop\\\/\"},{\"@type\":\"ListItem\",\"position\":3,\"name\":\"Cuiseur \u00e0 induction 700 \u2013 2 br\u00fbleurs \u2013 8500W \u2013 avec support\"}]},{\"@type\":\"WebSite\",\"@id\":\"https:\\\/\\\/gastora.eu\\\/#website\",\"url\":\"https:\\\/\\\/gastora.eu\\\/\",\"name\":\"Gastora\",\"description\":\"\u00c9quipements professionnels CHR\",\"publisher\":{\"@id\":\"https:\\\/\\\/gastora.eu\\\/#organization\"},\"potentialAction\":[{\"@type\":\"SearchAction\",\"target\":{\"@type\":\"EntryPoint\",\"urlTemplate\":\"https:\\\/\\\/gastora.eu\\\/?s={search_term_string}\"},\"query-input\":{\"@type\":\"PropertyValueSpecification\",\"valueRequired\":true,\"valueName\":\"search_term_string\"}}],\"inLanguage\":\"en-US\"},{\"@type\":\"Organization\",\"@id\":\"https:\\\/\\\/gastora.eu\\\/#organization\",\"name\":\"Gastora\",\"url\":\"https:\\\/\\\/gastora.eu\\\/\",\"logo\":{\"@type\":\"ImageObject\",\"inLanguage\":\"en-US\",\"@id\":\"https:\\\/\\\/gastora.eu\\\/#\\\/schema\\\/logo\\\/image\\\/\",\"url\":\"https:\\\/\\\/gastora.eu\\\/wp-content\\\/uploads\\\/2025\\\/12\\\/ChatGPT-Image-2-janv.-2026-22_52_47-1.png\",\"contentUrl\":\"https:\\\/\\\/gastora.eu\\\/wp-content\\\/uploads\\\/2025\\\/12\\\/ChatGPT-Image-2-janv.-2026-22_52_47-1.png\",\"width\":1536,\"height\":320,\"caption\":\"Gastora\"},\"image\":{\"@id\":\"https:\\\/\\\/gastora.eu\\\/#\\\/schema\\\/logo\\\/image\\\/\"}}]}<\/script>\n<!-- \/ Yoast SEO plugin. -->","yoast_head_json":{"title":"Cuiseur \u00e0 induction 700 \u2013 2 br\u00fbleurs \u2013 8500W \u2013 avec support - Gastora","description":"Achetez Cuiseur \u00e0 induction 700 \u2013 2 br\u00fbleurs \u2013 8500W \u2013 avec support au meilleur prix, fiable et performant avec une livraison rapide","robots":{"index":"index","follow":"follow","max-snippet":"max-snippet:-1","max-image-preview":"max-image-preview:large","max-video-preview":"max-video-preview:-1"},"canonical":"https:\/\/gastora.eu\/en\/product\/cuiseur-induction-700-2-brleurs-8500w-avec-support\/","og_locale":"en_US","og_type":"article","og_title":"Cuiseur \u00e0 induction 700 \u2013 2 br\u00fbleurs \u2013 8500W \u2013 avec support - Gastora","og_description":"Achetez Cuiseur \u00e0 induction 700 \u2013 2 br\u00fbleurs \u2013 8500W \u2013 avec support au meilleur prix, fiable et performant avec une livraison rapide","og_url":"https:\/\/gastora.eu\/en\/product\/cuiseur-induction-700-2-brleurs-8500w-avec-support\/","og_site_name":"Gastora","article_modified_time":"2026-04-28T16:56:57+00:00","twitter_card":"summary_large_image","twitter_misc":{"Est. reading time":"2 minutes"},"schema":{"@context":"https:\/\/schema.org","@graph":[{"@type":"WebPage","@id":"https:\/\/gastora.eu\/product\/cuiseur-induction-700-2-brleurs-8500w-avec-support\/","url":"https:\/\/gastora.eu\/product\/cuiseur-induction-700-2-brleurs-8500w-avec-support\/","name":"Cuiseur \u00e0 induction 700 \u2013 2 br\u00fbleurs \u2013 8500W \u2013 avec support - Gastora","isPartOf":{"@id":"https:\/\/gastora.eu\/#website"},"primaryImageOfPage":{"@id":"https:\/\/gastora.eu\/product\/cuiseur-induction-700-2-brleurs-8500w-avec-support\/#primaryimage"},"image":{"@id":"https:\/\/gastora.eu\/product\/cuiseur-induction-700-2-brleurs-8500w-avec-support\/#primaryimage"},"thumbnailUrl":"https:\/\/gastora.eu\/wp-content\/uploads\/2026\/04\/09371012_0107.jpg","datePublished":"2026-04-26T08:41:58+00:00","dateModified":"2026-04-28T16:56:57+00:00","description":"Achetez Cuiseur \u00e0 induction 700 \u2013 2 br\u00fbleurs \u2013 8500W \u2013 avec support au meilleur prix, fiable et performant avec une livraison rapide","breadcrumb":{"@id":"https:\/\/gastora.eu\/product\/cuiseur-induction-700-2-brleurs-8500w-avec-support\/#breadcrumb"},"inLanguage":"en-US","potentialAction":[{"@type":"ReadAction","target":["https:\/\/gastora.eu\/product\/cuiseur-induction-700-2-brleurs-8500w-avec-support\/"]}]},{"@type":"ImageObject","inLanguage":"en-US","@id":"https:\/\/gastora.eu\/product\/cuiseur-induction-700-2-brleurs-8500w-avec-support\/#primaryimage","url":"https:\/\/gastora.eu\/wp-content\/uploads\/2026\/04\/09371012_0107.jpg","contentUrl":"https:\/\/gastora.eu\/wp-content\/uploads\/2026\/04\/09371012_0107.jpg","width":1200,"height":1200},{"@type":"BreadcrumbList","@id":"https:\/\/gastora.eu\/product\/cuiseur-induction-700-2-brleurs-8500w-avec-support\/#breadcrumb","itemListElement":[{"@type":"ListItem","position":1,"name":"Home","item":"https:\/\/gastora.eu\/"},{"@type":"ListItem","position":2,"name":"Shop","item":"https:\/\/gastora.eu\/shop\/"},{"@type":"ListItem","position":3,"name":"Cuiseur \u00e0 induction 700 \u2013 2 br\u00fbleurs \u2013 8500W \u2013 avec support"}]},{"@type":"WebSite","@id":"https:\/\/gastora.eu\/#website","url":"https:\/\/gastora.eu\/","name":"Gastora","description":"\u00c9quipements professionnels CHR","publisher":{"@id":"https:\/\/gastora.eu\/#organization"},"potentialAction":[{"@type":"SearchAction","target":{"@type":"EntryPoint","urlTemplate":"https:\/\/gastora.eu\/?s={search_term_string}"},"query-input":{"@type":"PropertyValueSpecification","valueRequired":true,"valueName":"search_term_string"}}],"inLanguage":"en-US"},{"@type":"Organization","@id":"https:\/\/gastora.eu\/#organization","name":"Gastora","url":"https:\/\/gastora.eu\/","logo":{"@type":"ImageObject","inLanguage":"en-US","@id":"https:\/\/gastora.eu\/#\/schema\/logo\/image\/","url":"https:\/\/gastora.eu\/wp-content\/uploads\/2025\/12\/ChatGPT-Image-2-janv.-2026-22_52_47-1.png","contentUrl":"https:\/\/gastora.eu\/wp-content\/uploads\/2025\/12\/ChatGPT-Image-2-janv.-2026-22_52_47-1.png","width":1536,"height":320,"caption":"Gastora"},"image":{"@id":"https:\/\/gastora.eu\/#\/schema\/logo\/image\/"}}]}},"jetpack_sharing_enabled":true,"_links":{"self":[{"href":"https:\/\/gastora.eu\/en\/wp-json\/wp\/v2\/product\/14653","targetHints":{"allow":["GET"]}}],"collection":[{"href":"https:\/\/gastora.eu\/en\/wp-json\/wp\/v2\/product"}],"about":[{"href":"https:\/\/gastora.eu\/en\/wp-json\/wp\/v2\/types\/product"}],"wp:featuredmedia":[{"embeddable":true,"href":"https:\/\/gastora.eu\/en\/wp-json\/wp\/v2\/media\/8046"}],"wp:attachment":[{"href":"https:\/\/gastora.eu\/en\/wp-json\/wp\/v2\/media?parent=14653"}],"wp:term":[{"taxonomy":"product_brand","embeddable":true,"href":"https:\/\/gastora.eu\/en\/wp-json\/wp\/v2\/product_brand?post=14653"},{"taxonomy":"product_cat","embeddable":true,"href":"https:\/\/gastora.eu\/en\/wp-json\/wp\/v2\/product_cat?post=14653"},{"taxonomy":"product_tag","embeddable":true,"href":"https:\/\/gastora.eu\/en\/wp-json\/wp\/v2\/product_tag?post=14653"}],"curies":[{"name":"wp","href":"https:\/\/api.w.org\/{rel}","templated":true}]}}