{"id":14651,"date":"2026-04-26T08:41:56","date_gmt":"2026-04-26T08:41:56","guid":{"rendered":"https:\/\/gastora.eu\/?post_type=product&#038;p=14651"},"modified":"2026-04-26T08:41:56","modified_gmt":"2026-04-26T08:41:56","slug":"extracteur-combi-steamer-610-x-600-x-400-mm-smart","status":"publish","type":"product","link":"https:\/\/gastora.eu\/en\/product\/extracteur-combi-steamer-610-x-600-x-400-mm-smart\/","title":{"rendered":"Extracteur Combi Steamer 6\/10 X 600 x 400 mm (Smart)"},"content":{"rendered":"<p>La hotte aspirante est adapt\u00e9e au four mixte 6\/10 x 600 x 400 mm et assure une bonne ventilation dans la cuisine. La hotte aspirante peut \u00eatre raccord\u00e9e directement au four mixte et \u00eatre utilis\u00e9e de cette mani\u00e8re. Ce fonctionnement enti\u00e8rement automatique la rend tr\u00e8s conviviale et assure une tr\u00e8s bonne puissance d&#8217;aspiration. La hotte aspirante a un design \u00e9pur\u00e9 et est fabriqu\u00e9e en acier inoxydable, ce qui est id\u00e9al pour le nettoyage de la hotte aspirante.<\/p>\n<p>Caract\u00e9ristiques du produit<\/p>\n<ul>\n<li>Poids net : 29 kg<\/li>\n<li>Dimensions de l&#8217;appareil : L850 x P1045 x H308 mm<\/li>\n<li>Puissance \u00e9lectrique totale : 0,6 kW<\/li>\n<li>230V \/ 50Hz \/ 1Phase 600 Watt<\/li>\n<li><strong>Ce produit est livr\u00e9 sans fiche<\/strong><\/li>\n<\/ul>","protected":false},"excerpt":{"rendered":"<p>Extracteur Combi Steamer 6\/10 X 600 x 400 mm (Smart)<\/p>","protected":false},"featured_media":8042,"template":"","meta":{"_acf_changed":false},"product_brand":[],"product_cat":[484],"product_tag":[],"class_list":{"0":"post-14651","1":"product","2":"type-product","3":"status-publish","4":"has-post-thumbnail","6":"product_cat-fours-convection-mixtes-pizza-2","8":"first","9":"instock","10":"sale","11":"taxable","12":"shipping-taxable","13":"purchasable","14":"product-type-simple"},"acf":[],"yoast_head":"<!-- This site is optimized with the Yoast SEO plugin v27.4 - https:\/\/yoast.com\/product\/yoast-seo-wordpress\/ -->\n<title>Extracteur Combi Steamer 6\/10 X 600 x 400 mm (Smart) - Gastora<\/title>\n<meta name=\"description\" content=\"Achetez Extracteur Combi Steamer 6\/10 X 600 x 400 mm (Smart) au meilleur prix, fiable et performant avec une livraison rapide\" \/>\n<meta name=\"robots\" content=\"index, follow, max-snippet:-1, max-image-preview:large, max-video-preview:-1\" \/>\n<link rel=\"canonical\" href=\"https:\/\/gastora.eu\/en\/product\/extracteur-combi-steamer-610-x-600-x-400-mm-smart\/\" \/>\n<meta property=\"og:locale\" content=\"en_US\" \/>\n<meta property=\"og:type\" content=\"article\" \/>\n<meta property=\"og:title\" content=\"Extracteur Combi Steamer 6\/10 X 600 x 400 mm (Smart) - Gastora\" \/>\n<meta property=\"og:description\" content=\"Achetez Extracteur Combi Steamer 6\/10 X 600 x 400 mm (Smart) au meilleur prix, fiable et performant avec une livraison rapide\" \/>\n<meta property=\"og:url\" content=\"https:\/\/gastora.eu\/en\/product\/extracteur-combi-steamer-610-x-600-x-400-mm-smart\/\" \/>\n<meta property=\"og:site_name\" content=\"Gastora\" \/>\n<meta name=\"twitter:card\" content=\"summary_large_image\" \/>\n<meta name=\"twitter:label1\" content=\"Est. reading time\" \/>\n\t<meta name=\"twitter:data1\" content=\"1 minute\" \/>\n<script type=\"application\/ld+json\" class=\"yoast-schema-graph\">{\"@context\":\"https:\\\/\\\/schema.org\",\"@graph\":[{\"@type\":\"WebPage\",\"@id\":\"https:\\\/\\\/gastora.eu\\\/product\\\/extracteur-combi-steamer-610-x-600-x-400-mm-smart\\\/\",\"url\":\"https:\\\/\\\/gastora.eu\\\/product\\\/extracteur-combi-steamer-610-x-600-x-400-mm-smart\\\/\",\"name\":\"Extracteur Combi Steamer 6\\\/10 X 600 x 400 mm (Smart) - Gastora\",\"isPartOf\":{\"@id\":\"https:\\\/\\\/gastora.eu\\\/#website\"},\"primaryImageOfPage\":{\"@id\":\"https:\\\/\\\/gastora.eu\\\/product\\\/extracteur-combi-steamer-610-x-600-x-400-mm-smart\\\/#primaryimage\"},\"image\":{\"@id\":\"https:\\\/\\\/gastora.eu\\\/product\\\/extracteur-combi-steamer-610-x-600-x-400-mm-smart\\\/#primaryimage\"},\"thumbnailUrl\":\"https:\\\/\\\/gastora.eu\\\/wp-content\\\/uploads\\\/2026\\\/04\\\/mkkc-610_s_-_08562019.jpg\",\"datePublished\":\"2026-04-26T08:41:56+00:00\",\"description\":\"Achetez Extracteur Combi Steamer 6\\\/10 X 600 x 400 mm (Smart) au meilleur prix, fiable et performant avec une livraison rapide\",\"breadcrumb\":{\"@id\":\"https:\\\/\\\/gastora.eu\\\/product\\\/extracteur-combi-steamer-610-x-600-x-400-mm-smart\\\/#breadcrumb\"},\"inLanguage\":\"en-US\",\"potentialAction\":[{\"@type\":\"ReadAction\",\"target\":[\"https:\\\/\\\/gastora.eu\\\/product\\\/extracteur-combi-steamer-610-x-600-x-400-mm-smart\\\/\"]}]},{\"@type\":\"ImageObject\",\"inLanguage\":\"en-US\",\"@id\":\"https:\\\/\\\/gastora.eu\\\/product\\\/extracteur-combi-steamer-610-x-600-x-400-mm-smart\\\/#primaryimage\",\"url\":\"https:\\\/\\\/gastora.eu\\\/wp-content\\\/uploads\\\/2026\\\/04\\\/mkkc-610_s_-_08562019.jpg\",\"contentUrl\":\"https:\\\/\\\/gastora.eu\\\/wp-content\\\/uploads\\\/2026\\\/04\\\/mkkc-610_s_-_08562019.jpg\",\"width\":485,\"height\":600},{\"@type\":\"BreadcrumbList\",\"@id\":\"https:\\\/\\\/gastora.eu\\\/product\\\/extracteur-combi-steamer-610-x-600-x-400-mm-smart\\\/#breadcrumb\",\"itemListElement\":[{\"@type\":\"ListItem\",\"position\":1,\"name\":\"Home\",\"item\":\"https:\\\/\\\/gastora.eu\\\/\"},{\"@type\":\"ListItem\",\"position\":2,\"name\":\"Shop\",\"item\":\"https:\\\/\\\/gastora.eu\\\/shop\\\/\"},{\"@type\":\"ListItem\",\"position\":3,\"name\":\"Extracteur Combi Steamer 6\\\/10 X 600 x 400 mm (Smart)\"}]},{\"@type\":\"WebSite\",\"@id\":\"https:\\\/\\\/gastora.eu\\\/#website\",\"url\":\"https:\\\/\\\/gastora.eu\\\/\",\"name\":\"Gastora\",\"description\":\"\u00c9quipements professionnels CHR\",\"publisher\":{\"@id\":\"https:\\\/\\\/gastora.eu\\\/#organization\"},\"potentialAction\":[{\"@type\":\"SearchAction\",\"target\":{\"@type\":\"EntryPoint\",\"urlTemplate\":\"https:\\\/\\\/gastora.eu\\\/?s={search_term_string}\"},\"query-input\":{\"@type\":\"PropertyValueSpecification\",\"valueRequired\":true,\"valueName\":\"search_term_string\"}}],\"inLanguage\":\"en-US\"},{\"@type\":\"Organization\",\"@id\":\"https:\\\/\\\/gastora.eu\\\/#organization\",\"name\":\"Gastora\",\"url\":\"https:\\\/\\\/gastora.eu\\\/\",\"logo\":{\"@type\":\"ImageObject\",\"inLanguage\":\"en-US\",\"@id\":\"https:\\\/\\\/gastora.eu\\\/#\\\/schema\\\/logo\\\/image\\\/\",\"url\":\"https:\\\/\\\/gastora.eu\\\/wp-content\\\/uploads\\\/2025\\\/12\\\/ChatGPT-Image-2-janv.-2026-22_52_47-1.png\",\"contentUrl\":\"https:\\\/\\\/gastora.eu\\\/wp-content\\\/uploads\\\/2025\\\/12\\\/ChatGPT-Image-2-janv.-2026-22_52_47-1.png\",\"width\":1536,\"height\":320,\"caption\":\"Gastora\"},\"image\":{\"@id\":\"https:\\\/\\\/gastora.eu\\\/#\\\/schema\\\/logo\\\/image\\\/\"}}]}<\/script>\n<!-- \/ Yoast SEO plugin. -->","yoast_head_json":{"title":"Extracteur Combi Steamer 6\/10 X 600 x 400 mm (Smart) - Gastora","description":"Achetez Extracteur Combi Steamer 6\/10 X 600 x 400 mm (Smart) au meilleur prix, fiable et performant avec une livraison rapide","robots":{"index":"index","follow":"follow","max-snippet":"max-snippet:-1","max-image-preview":"max-image-preview:large","max-video-preview":"max-video-preview:-1"},"canonical":"https:\/\/gastora.eu\/en\/product\/extracteur-combi-steamer-610-x-600-x-400-mm-smart\/","og_locale":"en_US","og_type":"article","og_title":"Extracteur Combi Steamer 6\/10 X 600 x 400 mm (Smart) - Gastora","og_description":"Achetez Extracteur Combi Steamer 6\/10 X 600 x 400 mm (Smart) au meilleur prix, fiable et performant avec une livraison rapide","og_url":"https:\/\/gastora.eu\/en\/product\/extracteur-combi-steamer-610-x-600-x-400-mm-smart\/","og_site_name":"Gastora","twitter_card":"summary_large_image","twitter_misc":{"Est. reading time":"1 minute"},"schema":{"@context":"https:\/\/schema.org","@graph":[{"@type":"WebPage","@id":"https:\/\/gastora.eu\/product\/extracteur-combi-steamer-610-x-600-x-400-mm-smart\/","url":"https:\/\/gastora.eu\/product\/extracteur-combi-steamer-610-x-600-x-400-mm-smart\/","name":"Extracteur Combi Steamer 6\/10 X 600 x 400 mm (Smart) - Gastora","isPartOf":{"@id":"https:\/\/gastora.eu\/#website"},"primaryImageOfPage":{"@id":"https:\/\/gastora.eu\/product\/extracteur-combi-steamer-610-x-600-x-400-mm-smart\/#primaryimage"},"image":{"@id":"https:\/\/gastora.eu\/product\/extracteur-combi-steamer-610-x-600-x-400-mm-smart\/#primaryimage"},"thumbnailUrl":"https:\/\/gastora.eu\/wp-content\/uploads\/2026\/04\/mkkc-610_s_-_08562019.jpg","datePublished":"2026-04-26T08:41:56+00:00","description":"Achetez Extracteur Combi Steamer 6\/10 X 600 x 400 mm (Smart) au meilleur prix, fiable et performant avec une livraison rapide","breadcrumb":{"@id":"https:\/\/gastora.eu\/product\/extracteur-combi-steamer-610-x-600-x-400-mm-smart\/#breadcrumb"},"inLanguage":"en-US","potentialAction":[{"@type":"ReadAction","target":["https:\/\/gastora.eu\/product\/extracteur-combi-steamer-610-x-600-x-400-mm-smart\/"]}]},{"@type":"ImageObject","inLanguage":"en-US","@id":"https:\/\/gastora.eu\/product\/extracteur-combi-steamer-610-x-600-x-400-mm-smart\/#primaryimage","url":"https:\/\/gastora.eu\/wp-content\/uploads\/2026\/04\/mkkc-610_s_-_08562019.jpg","contentUrl":"https:\/\/gastora.eu\/wp-content\/uploads\/2026\/04\/mkkc-610_s_-_08562019.jpg","width":485,"height":600},{"@type":"BreadcrumbList","@id":"https:\/\/gastora.eu\/product\/extracteur-combi-steamer-610-x-600-x-400-mm-smart\/#breadcrumb","itemListElement":[{"@type":"ListItem","position":1,"name":"Home","item":"https:\/\/gastora.eu\/"},{"@type":"ListItem","position":2,"name":"Shop","item":"https:\/\/gastora.eu\/shop\/"},{"@type":"ListItem","position":3,"name":"Extracteur Combi Steamer 6\/10 X 600 x 400 mm (Smart)"}]},{"@type":"WebSite","@id":"https:\/\/gastora.eu\/#website","url":"https:\/\/gastora.eu\/","name":"Gastora","description":"\u00c9quipements professionnels CHR","publisher":{"@id":"https:\/\/gastora.eu\/#organization"},"potentialAction":[{"@type":"SearchAction","target":{"@type":"EntryPoint","urlTemplate":"https:\/\/gastora.eu\/?s={search_term_string}"},"query-input":{"@type":"PropertyValueSpecification","valueRequired":true,"valueName":"search_term_string"}}],"inLanguage":"en-US"},{"@type":"Organization","@id":"https:\/\/gastora.eu\/#organization","name":"Gastora","url":"https:\/\/gastora.eu\/","logo":{"@type":"ImageObject","inLanguage":"en-US","@id":"https:\/\/gastora.eu\/#\/schema\/logo\/image\/","url":"https:\/\/gastora.eu\/wp-content\/uploads\/2025\/12\/ChatGPT-Image-2-janv.-2026-22_52_47-1.png","contentUrl":"https:\/\/gastora.eu\/wp-content\/uploads\/2025\/12\/ChatGPT-Image-2-janv.-2026-22_52_47-1.png","width":1536,"height":320,"caption":"Gastora"},"image":{"@id":"https:\/\/gastora.eu\/#\/schema\/logo\/image\/"}}]}},"jetpack_sharing_enabled":true,"_links":{"self":[{"href":"https:\/\/gastora.eu\/en\/wp-json\/wp\/v2\/product\/14651","targetHints":{"allow":["GET"]}}],"collection":[{"href":"https:\/\/gastora.eu\/en\/wp-json\/wp\/v2\/product"}],"about":[{"href":"https:\/\/gastora.eu\/en\/wp-json\/wp\/v2\/types\/product"}],"wp:featuredmedia":[{"embeddable":true,"href":"https:\/\/gastora.eu\/en\/wp-json\/wp\/v2\/media\/8042"}],"wp:attachment":[{"href":"https:\/\/gastora.eu\/en\/wp-json\/wp\/v2\/media?parent=14651"}],"wp:term":[{"taxonomy":"product_brand","embeddable":true,"href":"https:\/\/gastora.eu\/en\/wp-json\/wp\/v2\/product_brand?post=14651"},{"taxonomy":"product_cat","embeddable":true,"href":"https:\/\/gastora.eu\/en\/wp-json\/wp\/v2\/product_cat?post=14651"},{"taxonomy":"product_tag","embeddable":true,"href":"https:\/\/gastora.eu\/en\/wp-json\/wp\/v2\/product_tag?post=14651"}],"curies":[{"name":"wp","href":"https:\/\/api.w.org\/{rel}","templated":true}]}}