{"id":14646,"date":"2026-04-26T08:41:49","date_gmt":"2026-04-26T08:41:49","guid":{"rendered":"https:\/\/gastora.eu\/?post_type=product&#038;p=14646"},"modified":"2026-04-28T16:56:56","modified_gmt":"2026-04-28T16:56:56","slug":"blender-25-l-1800w-fonction-dimpulsion","status":"publish","type":"product","link":"https:\/\/gastora.eu\/en\/product\/blender-25-l-1800w-fonction-dimpulsion\/","title":{"rendered":"Blender &#8211; 2,5 L &#8211; 1800W &#8211; fonction d&#8217;impulsion"},"content":{"rendered":"<p>Gr\u00e2ce \u00e0 ce puissant blender, vous pouvez mixer, m\u00e9langer et m\u00eame piler de la glace. Vous pouvez \u00e9galement hacher des noix, des fruits et des l\u00e9gumes surgel\u00e9s ou pr\u00e9parer des sauces, des milk-shakes et des soupes. Ce r\u00e9cipient d&#8217;une capacit\u00e9 de 2,5 litres est fabriqu\u00e9 en Tritan, ce qui lui permet de r\u00e9sister aux chocs et \u00e0 la chaleur. Il est \u00e9galement exempt \u00e0 100 % de BPA. Le couvercle de la carafe comporte une ouverture permettant d&#8217;ajouter rapidement et facilement des ingr\u00e9dients suppl\u00e9mentaires. Ce puissant mixeur est id\u00e9al pour travailler dans une cuisine professionnelle tr\u00e8s fr\u00e9quent\u00e9e.<\/p>\n<h3>Moteur puissant et professionnel<\/h3>\n<p>Dot\u00e9 d&#8217;un puissant moteur en cuivre de 2 HP, ce mixeur professionnel peut atteindre une vitesse de 28 000 tr\/min. Il est dot\u00e9 d&#8217;une protection thermique et d&#8217;une fonction d&#8217;impulsion pratique. Les lames de haute qualit\u00e9 sont en acier inoxydable tremp\u00e9 et peuvent couper et broyer sans effort une grande vari\u00e9t\u00e9 d&#8217;ingr\u00e9dients. La base des lames comprend six lames et peut \u00eatre facilement d\u00e9mont\u00e9e pour le nettoyage. Le mixeur est livr\u00e9 avec d&#8217;autres accessoires, notamment un poussoir qui permet de m\u00e9langer les ingr\u00e9dients dans le bol.<\/p>\n<h3>Auto-nettoyage simple<\/h3>\n<p>Lors de l&#8217;utilisation d&#8217;un mixeur, le bol est g\u00e9n\u00e9ralement la seule partie qui se salit et qui doit \u00eatre nettoy\u00e9e en profondeur. La base, qui abrite le moteur, se nettoie facilement \u00e0 l&#8217;aide d&#8217;un chiffon humide.<\/p>\n<p>Pour nettoyer efficacement le bol et les lames du mixeur, commencez par d\u00e9brancher l&#8217;appareil. Remplissez le bol aux trois quarts avec de l&#8217;eau chaude et une petite quantit\u00e9 de d\u00e9tergent. Mettez ensuite le mixeur en marche et laissez-le se nettoyer. Une fois le nettoyage termin\u00e9, rincez le r\u00e9cipient \u00e0 l&#8217;eau ti\u00e8de et s\u00e9chez toutes les pi\u00e8ces. Pour assurer un s\u00e9chage complet, retournez le mixeur pour permettre \u00e0 l&#8217;eau restante de s&#8217;\u00e9couler. Laissez-le s\u00e9cher compl\u00e8tement.<\/p>\n<p><strong>Caract\u00e9ristiques<\/strong><\/p>\n<ul>\n<li>Facile \u00e0 nettoyer<\/li>\n<li>La base est amovible pour faciliter le nettoyage<\/li>\n<li>Ouverture de remplissage sur le dessus<\/li>\n<li>Parfait pour les grandes productions et la glace pil\u00e9e<\/li>\n<li>Fonction d&#8217;impulsion<\/li>\n<\/ul>\n<p><strong>Caract\u00e9ristiques du produit<\/strong><\/p>\n<ul>\n<li>Poids net : 5,5 kg<\/li>\n<li>Dimensions : L25,3 x P26 x H56,6cm L25,3 x P26 x H56,6cm<\/li>\n<li>Vitesse : jusqu&#8217;\u00e0 28 000 tours\/minute<\/li>\n<li>230V \/ 50Hz \/ 1 phase 1 800W<\/li>\n<\/ul>","protected":false},"excerpt":{"rendered":"<p>Avec ce mixeur de cuisine \u00e9quip\u00e9 d&#8217;un r\u00e9cipient de 2,5 litres, vous pouvez mixer, \u00e9craser et r\u00e9duire en pur\u00e9e rapidement et facilement. Gr\u00e2ce \u00e0 son puissant moteur de 2 HP, ce mixeur est id\u00e9al pour une utilisation quotidienne intensive dans toute cuisine professionnelle. De plus, la cruche est 100 % sans BPA.<\/p>","protected":false},"featured_media":8034,"template":"","meta":{"_acf_changed":false},"product_brand":[],"product_cat":[471],"product_tag":[],"class_list":{"0":"post-14646","1":"product","2":"type-product","3":"status-publish","4":"has-post-thumbnail","6":"product_cat-robots-cutters-2","8":"first","9":"instock","10":"sale","11":"taxable","12":"shipping-taxable","13":"purchasable","14":"product-type-simple"},"acf":[],"yoast_head":"<!-- This site is optimized with the Yoast SEO plugin v27.5 - https:\/\/yoast.com\/product\/yoast-seo-wordpress\/ -->\n<title>Blender - 2,5 L - 1800W - fonction d&#039;impulsion - Gastora<\/title>\n<meta name=\"description\" content=\"Achetez Blender - 2,5 L - 1800W - fonction d&#039;impulsion au meilleur prix, fiable et performant avec une livraison rapide\" \/>\n<meta name=\"robots\" content=\"index, follow, max-snippet:-1, max-image-preview:large, max-video-preview:-1\" \/>\n<link rel=\"canonical\" href=\"https:\/\/gastora.eu\/en\/product\/blender-25-l-1800w-fonction-dimpulsion\/\" \/>\n<meta property=\"og:locale\" content=\"en_US\" \/>\n<meta property=\"og:type\" content=\"article\" \/>\n<meta property=\"og:title\" content=\"Blender - 2,5 L - 1800W - fonction d&#039;impulsion - Gastora\" \/>\n<meta property=\"og:description\" content=\"Achetez Blender - 2,5 L - 1800W - fonction d&#039;impulsion au meilleur prix, fiable et performant avec une livraison rapide\" \/>\n<meta property=\"og:url\" content=\"https:\/\/gastora.eu\/en\/product\/blender-25-l-1800w-fonction-dimpulsion\/\" \/>\n<meta property=\"og:site_name\" content=\"Gastora\" \/>\n<meta property=\"article:modified_time\" content=\"2026-04-28T16:56:56+00:00\" \/>\n<meta name=\"twitter:card\" content=\"summary_large_image\" \/>\n<meta name=\"twitter:label1\" content=\"Est. reading time\" \/>\n\t<meta name=\"twitter:data1\" content=\"2 minutes\" \/>\n<script type=\"application\/ld+json\" class=\"yoast-schema-graph\">{\"@context\":\"https:\\\/\\\/schema.org\",\"@graph\":[{\"@type\":\"WebPage\",\"@id\":\"https:\\\/\\\/gastora.eu\\\/product\\\/blender-25-l-1800w-fonction-dimpulsion\\\/\",\"url\":\"https:\\\/\\\/gastora.eu\\\/product\\\/blender-25-l-1800w-fonction-dimpulsion\\\/\",\"name\":\"Blender - 2,5 L - 1800W - fonction d'impulsion - Gastora\",\"isPartOf\":{\"@id\":\"https:\\\/\\\/gastora.eu\\\/#website\"},\"primaryImageOfPage\":{\"@id\":\"https:\\\/\\\/gastora.eu\\\/product\\\/blender-25-l-1800w-fonction-dimpulsion\\\/#primaryimage\"},\"image\":{\"@id\":\"https:\\\/\\\/gastora.eu\\\/product\\\/blender-25-l-1800w-fonction-dimpulsion\\\/#primaryimage\"},\"thumbnailUrl\":\"https:\\\/\\\/gastora.eu\\\/wp-content\\\/uploads\\\/2026\\\/04\\\/1_epb-xl_06124_1.jpg\",\"datePublished\":\"2026-04-26T08:41:49+00:00\",\"dateModified\":\"2026-04-28T16:56:56+00:00\",\"description\":\"Achetez Blender - 2,5 L - 1800W - fonction d'impulsion au meilleur prix, fiable et performant avec une livraison rapide\",\"breadcrumb\":{\"@id\":\"https:\\\/\\\/gastora.eu\\\/product\\\/blender-25-l-1800w-fonction-dimpulsion\\\/#breadcrumb\"},\"inLanguage\":\"en-US\",\"potentialAction\":[{\"@type\":\"ReadAction\",\"target\":[\"https:\\\/\\\/gastora.eu\\\/product\\\/blender-25-l-1800w-fonction-dimpulsion\\\/\"]}]},{\"@type\":\"ImageObject\",\"inLanguage\":\"en-US\",\"@id\":\"https:\\\/\\\/gastora.eu\\\/product\\\/blender-25-l-1800w-fonction-dimpulsion\\\/#primaryimage\",\"url\":\"https:\\\/\\\/gastora.eu\\\/wp-content\\\/uploads\\\/2026\\\/04\\\/1_epb-xl_06124_1.jpg\",\"contentUrl\":\"https:\\\/\\\/gastora.eu\\\/wp-content\\\/uploads\\\/2026\\\/04\\\/1_epb-xl_06124_1.jpg\",\"width\":1200,\"height\":1200},{\"@type\":\"BreadcrumbList\",\"@id\":\"https:\\\/\\\/gastora.eu\\\/product\\\/blender-25-l-1800w-fonction-dimpulsion\\\/#breadcrumb\",\"itemListElement\":[{\"@type\":\"ListItem\",\"position\":1,\"name\":\"Home\",\"item\":\"https:\\\/\\\/gastora.eu\\\/\"},{\"@type\":\"ListItem\",\"position\":2,\"name\":\"Shop\",\"item\":\"https:\\\/\\\/gastora.eu\\\/shop\\\/\"},{\"@type\":\"ListItem\",\"position\":3,\"name\":\"Blender &#8211; 2,5 L &#8211; 1800W &#8211; fonction d&#8217;impulsion\"}]},{\"@type\":\"WebSite\",\"@id\":\"https:\\\/\\\/gastora.eu\\\/#website\",\"url\":\"https:\\\/\\\/gastora.eu\\\/\",\"name\":\"Gastora\",\"description\":\"\u00c9quipements professionnels CHR\",\"publisher\":{\"@id\":\"https:\\\/\\\/gastora.eu\\\/#organization\"},\"potentialAction\":[{\"@type\":\"SearchAction\",\"target\":{\"@type\":\"EntryPoint\",\"urlTemplate\":\"https:\\\/\\\/gastora.eu\\\/?s={search_term_string}\"},\"query-input\":{\"@type\":\"PropertyValueSpecification\",\"valueRequired\":true,\"valueName\":\"search_term_string\"}}],\"inLanguage\":\"en-US\"},{\"@type\":\"Organization\",\"@id\":\"https:\\\/\\\/gastora.eu\\\/#organization\",\"name\":\"Gastora\",\"url\":\"https:\\\/\\\/gastora.eu\\\/\",\"logo\":{\"@type\":\"ImageObject\",\"inLanguage\":\"en-US\",\"@id\":\"https:\\\/\\\/gastora.eu\\\/#\\\/schema\\\/logo\\\/image\\\/\",\"url\":\"https:\\\/\\\/gastora.eu\\\/wp-content\\\/uploads\\\/2025\\\/12\\\/ChatGPT-Image-2-janv.-2026-22_52_47-1.png\",\"contentUrl\":\"https:\\\/\\\/gastora.eu\\\/wp-content\\\/uploads\\\/2025\\\/12\\\/ChatGPT-Image-2-janv.-2026-22_52_47-1.png\",\"width\":1536,\"height\":320,\"caption\":\"Gastora\"},\"image\":{\"@id\":\"https:\\\/\\\/gastora.eu\\\/#\\\/schema\\\/logo\\\/image\\\/\"}}]}<\/script>\n<!-- \/ Yoast SEO plugin. -->","yoast_head_json":{"title":"Blender - 2,5 L - 1800W - fonction d'impulsion - Gastora","description":"Achetez Blender - 2,5 L - 1800W - fonction d'impulsion au meilleur prix, fiable et performant avec une livraison rapide","robots":{"index":"index","follow":"follow","max-snippet":"max-snippet:-1","max-image-preview":"max-image-preview:large","max-video-preview":"max-video-preview:-1"},"canonical":"https:\/\/gastora.eu\/en\/product\/blender-25-l-1800w-fonction-dimpulsion\/","og_locale":"en_US","og_type":"article","og_title":"Blender - 2,5 L - 1800W - fonction d'impulsion - Gastora","og_description":"Achetez Blender - 2,5 L - 1800W - fonction d'impulsion au meilleur prix, fiable et performant avec une livraison rapide","og_url":"https:\/\/gastora.eu\/en\/product\/blender-25-l-1800w-fonction-dimpulsion\/","og_site_name":"Gastora","article_modified_time":"2026-04-28T16:56:56+00:00","twitter_card":"summary_large_image","twitter_misc":{"Est. reading time":"2 minutes"},"schema":{"@context":"https:\/\/schema.org","@graph":[{"@type":"WebPage","@id":"https:\/\/gastora.eu\/product\/blender-25-l-1800w-fonction-dimpulsion\/","url":"https:\/\/gastora.eu\/product\/blender-25-l-1800w-fonction-dimpulsion\/","name":"Blender - 2,5 L - 1800W - fonction d'impulsion - Gastora","isPartOf":{"@id":"https:\/\/gastora.eu\/#website"},"primaryImageOfPage":{"@id":"https:\/\/gastora.eu\/product\/blender-25-l-1800w-fonction-dimpulsion\/#primaryimage"},"image":{"@id":"https:\/\/gastora.eu\/product\/blender-25-l-1800w-fonction-dimpulsion\/#primaryimage"},"thumbnailUrl":"https:\/\/gastora.eu\/wp-content\/uploads\/2026\/04\/1_epb-xl_06124_1.jpg","datePublished":"2026-04-26T08:41:49+00:00","dateModified":"2026-04-28T16:56:56+00:00","description":"Achetez Blender - 2,5 L - 1800W - fonction d'impulsion au meilleur prix, fiable et performant avec une livraison rapide","breadcrumb":{"@id":"https:\/\/gastora.eu\/product\/blender-25-l-1800w-fonction-dimpulsion\/#breadcrumb"},"inLanguage":"en-US","potentialAction":[{"@type":"ReadAction","target":["https:\/\/gastora.eu\/product\/blender-25-l-1800w-fonction-dimpulsion\/"]}]},{"@type":"ImageObject","inLanguage":"en-US","@id":"https:\/\/gastora.eu\/product\/blender-25-l-1800w-fonction-dimpulsion\/#primaryimage","url":"https:\/\/gastora.eu\/wp-content\/uploads\/2026\/04\/1_epb-xl_06124_1.jpg","contentUrl":"https:\/\/gastora.eu\/wp-content\/uploads\/2026\/04\/1_epb-xl_06124_1.jpg","width":1200,"height":1200},{"@type":"BreadcrumbList","@id":"https:\/\/gastora.eu\/product\/blender-25-l-1800w-fonction-dimpulsion\/#breadcrumb","itemListElement":[{"@type":"ListItem","position":1,"name":"Home","item":"https:\/\/gastora.eu\/"},{"@type":"ListItem","position":2,"name":"Shop","item":"https:\/\/gastora.eu\/shop\/"},{"@type":"ListItem","position":3,"name":"Blender &#8211; 2,5 L &#8211; 1800W &#8211; fonction d&#8217;impulsion"}]},{"@type":"WebSite","@id":"https:\/\/gastora.eu\/#website","url":"https:\/\/gastora.eu\/","name":"Gastora","description":"\u00c9quipements professionnels CHR","publisher":{"@id":"https:\/\/gastora.eu\/#organization"},"potentialAction":[{"@type":"SearchAction","target":{"@type":"EntryPoint","urlTemplate":"https:\/\/gastora.eu\/?s={search_term_string}"},"query-input":{"@type":"PropertyValueSpecification","valueRequired":true,"valueName":"search_term_string"}}],"inLanguage":"en-US"},{"@type":"Organization","@id":"https:\/\/gastora.eu\/#organization","name":"Gastora","url":"https:\/\/gastora.eu\/","logo":{"@type":"ImageObject","inLanguage":"en-US","@id":"https:\/\/gastora.eu\/#\/schema\/logo\/image\/","url":"https:\/\/gastora.eu\/wp-content\/uploads\/2025\/12\/ChatGPT-Image-2-janv.-2026-22_52_47-1.png","contentUrl":"https:\/\/gastora.eu\/wp-content\/uploads\/2025\/12\/ChatGPT-Image-2-janv.-2026-22_52_47-1.png","width":1536,"height":320,"caption":"Gastora"},"image":{"@id":"https:\/\/gastora.eu\/#\/schema\/logo\/image\/"}}]}},"jetpack_sharing_enabled":true,"_links":{"self":[{"href":"https:\/\/gastora.eu\/en\/wp-json\/wp\/v2\/product\/14646","targetHints":{"allow":["GET"]}}],"collection":[{"href":"https:\/\/gastora.eu\/en\/wp-json\/wp\/v2\/product"}],"about":[{"href":"https:\/\/gastora.eu\/en\/wp-json\/wp\/v2\/types\/product"}],"wp:featuredmedia":[{"embeddable":true,"href":"https:\/\/gastora.eu\/en\/wp-json\/wp\/v2\/media\/8034"}],"wp:attachment":[{"href":"https:\/\/gastora.eu\/en\/wp-json\/wp\/v2\/media?parent=14646"}],"wp:term":[{"taxonomy":"product_brand","embeddable":true,"href":"https:\/\/gastora.eu\/en\/wp-json\/wp\/v2\/product_brand?post=14646"},{"taxonomy":"product_cat","embeddable":true,"href":"https:\/\/gastora.eu\/en\/wp-json\/wp\/v2\/product_cat?post=14646"},{"taxonomy":"product_tag","embeddable":true,"href":"https:\/\/gastora.eu\/en\/wp-json\/wp\/v2\/product_tag?post=14646"}],"curies":[{"name":"wp","href":"https:\/\/api.w.org\/{rel}","templated":true}]}}