{"id":14644,"date":"2026-04-26T08:41:47","date_gmt":"2026-04-26T08:41:47","guid":{"rendered":"https:\/\/gastora.eu\/?post_type=product&#038;p=14644"},"modified":"2026-04-28T16:56:56","modified_gmt":"2026-04-28T16:56:56","slug":"extracteur-compact-combi-steamer-6x-10x-11-gn","status":"publish","type":"product","link":"https:\/\/gastora.eu\/en\/product\/extracteur-compact-combi-steamer-6x-10x-11-gn\/","title":{"rendered":"Extracteur Compact Combi Steamer 6X + 10X 1\/1 GN"},"content":{"rendered":"<h2>Hotte aspirante Compact Combi Steamer 6X + 10X 1\/1 GN<\/h2>\n<p>La hotte aspirante convient au four mixte 6x + 10x 1\/1 GN et assure une bonne ventilation dans la cuisine. La hotte aspirante peut \u00eatre raccord\u00e9e directement au four mixte et \u00eatre utilis\u00e9e de cette mani\u00e8re. Ce fonctionnement enti\u00e8rement automatique la rend tr\u00e8s conviviale et assure une tr\u00e8s bonne puissance d&#8217;aspiration. La hotte aspirante a un design \u00e9pur\u00e9 et est fabriqu\u00e9e en acier inoxydable, ce qui est id\u00e9al pour le nettoyage de la hotte aspirante.<\/p>\n<p>Caract\u00e9ristiques du produit<\/p>\n<ul>\n<li>Poids net : 42 kg<\/li>\n<li>Dimensions de l&#8217;appareil : L932 x P1085 x H360 mm<\/li>\n<li>Puissance \u00e9lectrique totale : 0,6 kW<\/li>\n<li>230V \/ 50Hz \/ 1Phase 600 Watt<\/li>\n<\/ul>","protected":false},"excerpt":{"rendered":"<p>Extracteur Compact Combi Steamer 6X + 10X 1\/1 GN<\/p>","protected":false},"featured_media":8030,"template":"","meta":{"_acf_changed":false},"product_brand":[],"product_cat":[484],"product_tag":[],"class_list":{"0":"post-14644","1":"product","2":"type-product","3":"status-publish","4":"has-post-thumbnail","6":"product_cat-fours-convection-mixtes-pizza-2","8":"first","9":"instock","10":"sale","11":"taxable","12":"shipping-taxable","13":"purchasable","14":"product-type-simple"},"acf":[],"yoast_head":"<!-- This site is optimized with the Yoast SEO plugin v27.4 - https:\/\/yoast.com\/product\/yoast-seo-wordpress\/ -->\n<title>Extracteur Compact Combi Steamer 6X + 10X 1\/1 GN - Gastora<\/title>\n<meta name=\"description\" content=\"Achetez Extracteur Compact Combi Steamer 6X + 10X 1\/1 GN au meilleur prix, fiable et performant avec une livraison rapide\" \/>\n<meta name=\"robots\" content=\"index, follow, max-snippet:-1, max-image-preview:large, max-video-preview:-1\" \/>\n<link rel=\"canonical\" href=\"https:\/\/gastora.eu\/en\/product\/extracteur-compact-combi-steamer-6x-10x-11-gn\/\" \/>\n<meta property=\"og:locale\" content=\"en_US\" \/>\n<meta property=\"og:type\" content=\"article\" \/>\n<meta property=\"og:title\" content=\"Extracteur Compact Combi Steamer 6X + 10X 1\/1 GN - Gastora\" \/>\n<meta property=\"og:description\" content=\"Achetez Extracteur Compact Combi Steamer 6X + 10X 1\/1 GN au meilleur prix, fiable et performant avec une livraison rapide\" \/>\n<meta property=\"og:url\" content=\"https:\/\/gastora.eu\/en\/product\/extracteur-compact-combi-steamer-6x-10x-11-gn\/\" \/>\n<meta property=\"og:site_name\" content=\"Gastora\" \/>\n<meta property=\"article:modified_time\" content=\"2026-04-28T16:56:56+00:00\" \/>\n<meta name=\"twitter:card\" content=\"summary_large_image\" \/>\n<meta name=\"twitter:label1\" content=\"Est. reading time\" \/>\n\t<meta name=\"twitter:data1\" content=\"1 minute\" \/>\n<script type=\"application\/ld+json\" class=\"yoast-schema-graph\">{\"@context\":\"https:\\\/\\\/schema.org\",\"@graph\":[{\"@type\":\"WebPage\",\"@id\":\"https:\\\/\\\/gastora.eu\\\/product\\\/extracteur-compact-combi-steamer-6x-10x-11-gn\\\/\",\"url\":\"https:\\\/\\\/gastora.eu\\\/product\\\/extracteur-compact-combi-steamer-6x-10x-11-gn\\\/\",\"name\":\"Extracteur Compact Combi Steamer 6X + 10X 1\\\/1 GN - Gastora\",\"isPartOf\":{\"@id\":\"https:\\\/\\\/gastora.eu\\\/#website\"},\"primaryImageOfPage\":{\"@id\":\"https:\\\/\\\/gastora.eu\\\/product\\\/extracteur-compact-combi-steamer-6x-10x-11-gn\\\/#primaryimage\"},\"image\":{\"@id\":\"https:\\\/\\\/gastora.eu\\\/product\\\/extracteur-compact-combi-steamer-6x-10x-11-gn\\\/#primaryimage\"},\"thumbnailUrl\":\"https:\\\/\\\/gastora.eu\\\/wp-content\\\/uploads\\\/2026\\\/04\\\/ekkc-6-61656f787b9a1.jpg\",\"datePublished\":\"2026-04-26T08:41:47+00:00\",\"dateModified\":\"2026-04-28T16:56:56+00:00\",\"description\":\"Achetez Extracteur Compact Combi Steamer 6X + 10X 1\\\/1 GN au meilleur prix, fiable et performant avec une livraison rapide\",\"breadcrumb\":{\"@id\":\"https:\\\/\\\/gastora.eu\\\/product\\\/extracteur-compact-combi-steamer-6x-10x-11-gn\\\/#breadcrumb\"},\"inLanguage\":\"en-US\",\"potentialAction\":[{\"@type\":\"ReadAction\",\"target\":[\"https:\\\/\\\/gastora.eu\\\/product\\\/extracteur-compact-combi-steamer-6x-10x-11-gn\\\/\"]}]},{\"@type\":\"ImageObject\",\"inLanguage\":\"en-US\",\"@id\":\"https:\\\/\\\/gastora.eu\\\/product\\\/extracteur-compact-combi-steamer-6x-10x-11-gn\\\/#primaryimage\",\"url\":\"https:\\\/\\\/gastora.eu\\\/wp-content\\\/uploads\\\/2026\\\/04\\\/ekkc-6-61656f787b9a1.jpg\",\"contentUrl\":\"https:\\\/\\\/gastora.eu\\\/wp-content\\\/uploads\\\/2026\\\/04\\\/ekkc-6-61656f787b9a1.jpg\",\"width\":2048,\"height\":1192},{\"@type\":\"BreadcrumbList\",\"@id\":\"https:\\\/\\\/gastora.eu\\\/product\\\/extracteur-compact-combi-steamer-6x-10x-11-gn\\\/#breadcrumb\",\"itemListElement\":[{\"@type\":\"ListItem\",\"position\":1,\"name\":\"Home\",\"item\":\"https:\\\/\\\/gastora.eu\\\/\"},{\"@type\":\"ListItem\",\"position\":2,\"name\":\"Shop\",\"item\":\"https:\\\/\\\/gastora.eu\\\/shop\\\/\"},{\"@type\":\"ListItem\",\"position\":3,\"name\":\"Extracteur Compact Combi Steamer 6X + 10X 1\\\/1 GN\"}]},{\"@type\":\"WebSite\",\"@id\":\"https:\\\/\\\/gastora.eu\\\/#website\",\"url\":\"https:\\\/\\\/gastora.eu\\\/\",\"name\":\"Gastora\",\"description\":\"\u00c9quipements professionnels CHR\",\"publisher\":{\"@id\":\"https:\\\/\\\/gastora.eu\\\/#organization\"},\"potentialAction\":[{\"@type\":\"SearchAction\",\"target\":{\"@type\":\"EntryPoint\",\"urlTemplate\":\"https:\\\/\\\/gastora.eu\\\/?s={search_term_string}\"},\"query-input\":{\"@type\":\"PropertyValueSpecification\",\"valueRequired\":true,\"valueName\":\"search_term_string\"}}],\"inLanguage\":\"en-US\"},{\"@type\":\"Organization\",\"@id\":\"https:\\\/\\\/gastora.eu\\\/#organization\",\"name\":\"Gastora\",\"url\":\"https:\\\/\\\/gastora.eu\\\/\",\"logo\":{\"@type\":\"ImageObject\",\"inLanguage\":\"en-US\",\"@id\":\"https:\\\/\\\/gastora.eu\\\/#\\\/schema\\\/logo\\\/image\\\/\",\"url\":\"https:\\\/\\\/gastora.eu\\\/wp-content\\\/uploads\\\/2025\\\/12\\\/ChatGPT-Image-2-janv.-2026-22_52_47-1.png\",\"contentUrl\":\"https:\\\/\\\/gastora.eu\\\/wp-content\\\/uploads\\\/2025\\\/12\\\/ChatGPT-Image-2-janv.-2026-22_52_47-1.png\",\"width\":1536,\"height\":320,\"caption\":\"Gastora\"},\"image\":{\"@id\":\"https:\\\/\\\/gastora.eu\\\/#\\\/schema\\\/logo\\\/image\\\/\"}}]}<\/script>\n<!-- \/ Yoast SEO plugin. -->","yoast_head_json":{"title":"Extracteur Compact Combi Steamer 6X + 10X 1\/1 GN - Gastora","description":"Achetez Extracteur Compact Combi Steamer 6X + 10X 1\/1 GN au meilleur prix, fiable et performant avec une livraison rapide","robots":{"index":"index","follow":"follow","max-snippet":"max-snippet:-1","max-image-preview":"max-image-preview:large","max-video-preview":"max-video-preview:-1"},"canonical":"https:\/\/gastora.eu\/en\/product\/extracteur-compact-combi-steamer-6x-10x-11-gn\/","og_locale":"en_US","og_type":"article","og_title":"Extracteur Compact Combi Steamer 6X + 10X 1\/1 GN - Gastora","og_description":"Achetez Extracteur Compact Combi Steamer 6X + 10X 1\/1 GN au meilleur prix, fiable et performant avec une livraison rapide","og_url":"https:\/\/gastora.eu\/en\/product\/extracteur-compact-combi-steamer-6x-10x-11-gn\/","og_site_name":"Gastora","article_modified_time":"2026-04-28T16:56:56+00:00","twitter_card":"summary_large_image","twitter_misc":{"Est. reading time":"1 minute"},"schema":{"@context":"https:\/\/schema.org","@graph":[{"@type":"WebPage","@id":"https:\/\/gastora.eu\/product\/extracteur-compact-combi-steamer-6x-10x-11-gn\/","url":"https:\/\/gastora.eu\/product\/extracteur-compact-combi-steamer-6x-10x-11-gn\/","name":"Extracteur Compact Combi Steamer 6X + 10X 1\/1 GN - Gastora","isPartOf":{"@id":"https:\/\/gastora.eu\/#website"},"primaryImageOfPage":{"@id":"https:\/\/gastora.eu\/product\/extracteur-compact-combi-steamer-6x-10x-11-gn\/#primaryimage"},"image":{"@id":"https:\/\/gastora.eu\/product\/extracteur-compact-combi-steamer-6x-10x-11-gn\/#primaryimage"},"thumbnailUrl":"https:\/\/gastora.eu\/wp-content\/uploads\/2026\/04\/ekkc-6-61656f787b9a1.jpg","datePublished":"2026-04-26T08:41:47+00:00","dateModified":"2026-04-28T16:56:56+00:00","description":"Achetez Extracteur Compact Combi Steamer 6X + 10X 1\/1 GN au meilleur prix, fiable et performant avec une livraison rapide","breadcrumb":{"@id":"https:\/\/gastora.eu\/product\/extracteur-compact-combi-steamer-6x-10x-11-gn\/#breadcrumb"},"inLanguage":"en-US","potentialAction":[{"@type":"ReadAction","target":["https:\/\/gastora.eu\/product\/extracteur-compact-combi-steamer-6x-10x-11-gn\/"]}]},{"@type":"ImageObject","inLanguage":"en-US","@id":"https:\/\/gastora.eu\/product\/extracteur-compact-combi-steamer-6x-10x-11-gn\/#primaryimage","url":"https:\/\/gastora.eu\/wp-content\/uploads\/2026\/04\/ekkc-6-61656f787b9a1.jpg","contentUrl":"https:\/\/gastora.eu\/wp-content\/uploads\/2026\/04\/ekkc-6-61656f787b9a1.jpg","width":2048,"height":1192},{"@type":"BreadcrumbList","@id":"https:\/\/gastora.eu\/product\/extracteur-compact-combi-steamer-6x-10x-11-gn\/#breadcrumb","itemListElement":[{"@type":"ListItem","position":1,"name":"Home","item":"https:\/\/gastora.eu\/"},{"@type":"ListItem","position":2,"name":"Shop","item":"https:\/\/gastora.eu\/shop\/"},{"@type":"ListItem","position":3,"name":"Extracteur Compact Combi Steamer 6X + 10X 1\/1 GN"}]},{"@type":"WebSite","@id":"https:\/\/gastora.eu\/#website","url":"https:\/\/gastora.eu\/","name":"Gastora","description":"\u00c9quipements professionnels CHR","publisher":{"@id":"https:\/\/gastora.eu\/#organization"},"potentialAction":[{"@type":"SearchAction","target":{"@type":"EntryPoint","urlTemplate":"https:\/\/gastora.eu\/?s={search_term_string}"},"query-input":{"@type":"PropertyValueSpecification","valueRequired":true,"valueName":"search_term_string"}}],"inLanguage":"en-US"},{"@type":"Organization","@id":"https:\/\/gastora.eu\/#organization","name":"Gastora","url":"https:\/\/gastora.eu\/","logo":{"@type":"ImageObject","inLanguage":"en-US","@id":"https:\/\/gastora.eu\/#\/schema\/logo\/image\/","url":"https:\/\/gastora.eu\/wp-content\/uploads\/2025\/12\/ChatGPT-Image-2-janv.-2026-22_52_47-1.png","contentUrl":"https:\/\/gastora.eu\/wp-content\/uploads\/2025\/12\/ChatGPT-Image-2-janv.-2026-22_52_47-1.png","width":1536,"height":320,"caption":"Gastora"},"image":{"@id":"https:\/\/gastora.eu\/#\/schema\/logo\/image\/"}}]}},"jetpack_sharing_enabled":true,"_links":{"self":[{"href":"https:\/\/gastora.eu\/en\/wp-json\/wp\/v2\/product\/14644","targetHints":{"allow":["GET"]}}],"collection":[{"href":"https:\/\/gastora.eu\/en\/wp-json\/wp\/v2\/product"}],"about":[{"href":"https:\/\/gastora.eu\/en\/wp-json\/wp\/v2\/types\/product"}],"wp:featuredmedia":[{"embeddable":true,"href":"https:\/\/gastora.eu\/en\/wp-json\/wp\/v2\/media\/8030"}],"wp:attachment":[{"href":"https:\/\/gastora.eu\/en\/wp-json\/wp\/v2\/media?parent=14644"}],"wp:term":[{"taxonomy":"product_brand","embeddable":true,"href":"https:\/\/gastora.eu\/en\/wp-json\/wp\/v2\/product_brand?post=14644"},{"taxonomy":"product_cat","embeddable":true,"href":"https:\/\/gastora.eu\/en\/wp-json\/wp\/v2\/product_cat?post=14644"},{"taxonomy":"product_tag","embeddable":true,"href":"https:\/\/gastora.eu\/en\/wp-json\/wp\/v2\/product_tag?post=14644"}],"curies":[{"name":"wp","href":"https:\/\/api.w.org\/{rel}","templated":true}]}}