{"id":14627,"date":"2026-04-26T08:41:25","date_gmt":"2026-04-26T08:41:25","guid":{"rendered":"https:\/\/gastora.eu\/?post_type=product&#038;p=14627"},"modified":"2026-04-28T16:56:54","modified_gmt":"2026-04-28T16:56:54","slug":"mlangeur-viande-50-l-43-kg-viande-bol-basculant-manuel","status":"publish","type":"product","link":"https:\/\/gastora.eu\/en\/product\/mlangeur-viande-50-l-43-kg-viande-bol-basculant-manuel\/","title":{"rendered":"M\u00e9langeur \u00e0 viande &#8211; 50 L &#8211; 43 kg viande &#8211; bol basculant &#8211; manuel"},"content":{"rendered":"<p>Ce mixeur \u00e0 viande inclinable vous permet de m\u00e9langer en un rien de temps de la viande ou du poisson avec des \u00e9pices ou d&#8217;autres ingr\u00e9dients. Cet appareil pratique peut \u00eatre utilis\u00e9 pour de nombreuses farces, hamburgers, saucisses ou plats de poisson. Il est \u00e9galement plus hygi\u00e9nique car vous ne vous salissez pas les mains.<\/p>\n<h3>Bol inclinable et poign\u00e9e tournante pratique<\/h3>\n<p>Il est tr\u00e8s facile de m\u00e9langer la viande dans ce mixeur en acier inoxydable : il suffit d&#8217;ouvrir le couvercle et de remplir le r\u00e9servoir avec la quantit\u00e9 de viande ou de poisson souhait\u00e9e. Le r\u00e9servoir a une capacit\u00e9 de 50 litres et permet de traiter de 35 \u00e0 43 kg de viande ou de poisson. Apr\u00e8s avoir ajout\u00e9 la viande, vous pouvez ajouter des \u00e9pices telles que des herbes, des noix ou des l\u00e9gumes. Pour bien m\u00e9langer le tout, tournez la poign\u00e9e jusqu&#8217;\u00e0 ce que vous obteniez la bonne texture pour votre viande ou votre garniture. Le m\u00e9langeur de viande peut tourner dans les deux sens. Le r\u00e9servoir inclinable est tr\u00e8s pratique lorsque vous voulez en retirer le contenu et offre \u00e9galement un grand avantage lors du nettoyage. Pour une bonne prise en main sur presque toutes les surfaces, le mixeur \u00e0 viande est \u00e9quip\u00e9 de quatre pieds en caoutchouc.<\/p>\n<h3>Un appareil efficace<\/h3>\n<p>Le bo\u00eetier, les ailes de m\u00e9lange et le couvercle sont en acier inoxydable et se nettoient tr\u00e8s facilement. Pour vous faciliter la t\u00e2che, mettez-les au lave-vaisselle. Il est important de bien nettoyer le mixeur \u00e0 viande apr\u00e8s chaque utilisation. Vous travaillez avec des produits frais et la viande et le poisson sont sujets aux bact\u00e9ries. Retirez les pi\u00e8ces de l&#8217;appareil pour nettoyer le r\u00e9servoir. Enlevez les gros r\u00e9sidus alimentaires avec un chiffon sec. Utilisez ensuite un chiffon humide, de l&#8217;eau chaude et un peu de d\u00e9tergent doux pour nettoyer soigneusement le r\u00e9servoir. Apr\u00e8s le nettoyage, s\u00e9chez bien le tout avec un chiffon doux et remettez le mixeur \u00e0 viande en place.<\/p>\n<p><strong>Caract\u00e9ristiques<\/strong><\/p>\n<ul>\n<li>Poign\u00e9e rotative durable et pratique<\/li>\n<li>Fonction d&#8217;inclinaison avec positions verrouillables<\/li>\n<li>Bo\u00eetier, lames et couvercle en acier inoxydable<\/li>\n<li>Rotation dans les deux sens<\/li>\n<li>Ailette de m\u00e9lange et levier faciles \u00e0 retirer<\/li>\n<li>Equip\u00e9 de roulements \u00e0 billes avec joint d&#8217;\u00e9tanch\u00e9it\u00e9<\/li>\n<\/ul>\n<p><strong>Caract\u00e9ristiques du produit<\/strong><\/p>\n<ul>\n<li>Poids net : 16 kg<\/li>\n<li>Dimensions : L53 x P32,5 x H45,5cm L53 x P32,5 x H45,5cm<\/li>\n<li>Capacit\u00e9 : 35-43kg (en fonction de la structure de la viande)<\/li>\n<li>Capacit\u00e9 : maximum 50L<\/li>\n<\/ul>","protected":false},"excerpt":{"rendered":"<p>Ce m\u00e9langeur de viande robuste et professionnel en acier inoxydable peut m\u00e9langer jusqu&#8217;\u00e0 43 kg de viande par lot. Il dispose d&#8217;un r\u00e9servoir de 50 litres et d&#8217;un bol inclinable pratique pour retirer la viande trait\u00e9e. Vous pouvez ajouter des herbes, des noix ou des l\u00e9gumes \u00e0 la viande pour produire de savoureuses viandes mix\u00e9es. Id\u00e9al pour les bouchers, les restaurants et les cuisines collectives.<\/p>","protected":false},"featured_media":7998,"template":"","meta":{"_acf_changed":false},"product_brand":[],"product_cat":[480],"product_tag":[],"class_list":{"0":"post-14627","1":"product","2":"type-product","3":"status-publish","4":"has-post-thumbnail","6":"product_cat-batteurs-melangeurs-2","8":"first","9":"instock","10":"sale","11":"taxable","12":"shipping-taxable","13":"purchasable","14":"product-type-simple"},"acf":[],"yoast_head":"<!-- This site is optimized with the Yoast SEO plugin v27.5 - https:\/\/yoast.com\/product\/yoast-seo-wordpress\/ -->\n<title>M\u00e9langeur \u00e0 viande - 50 L - 43 kg viande - bol basculant - manuel - Gastora<\/title>\n<meta name=\"description\" content=\"Achetez M\u00e9langeur \u00e0 viande - 50 L - 43 kg viande - bol basculant - manuel au meilleur prix, fiable et performant avec une livraison rapide\" \/>\n<meta name=\"robots\" content=\"index, follow, max-snippet:-1, max-image-preview:large, max-video-preview:-1\" \/>\n<link rel=\"canonical\" href=\"https:\/\/gastora.eu\/en\/product\/mlangeur-viande-50-l-43-kg-viande-bol-basculant-manuel\/\" \/>\n<meta property=\"og:locale\" content=\"en_US\" \/>\n<meta property=\"og:type\" content=\"article\" \/>\n<meta property=\"og:title\" content=\"M\u00e9langeur \u00e0 viande - 50 L - 43 kg viande - bol basculant - manuel - Gastora\" \/>\n<meta property=\"og:description\" content=\"Achetez M\u00e9langeur \u00e0 viande - 50 L - 43 kg viande - bol basculant - manuel au meilleur prix, fiable et performant avec une livraison rapide\" \/>\n<meta property=\"og:url\" content=\"https:\/\/gastora.eu\/en\/product\/mlangeur-viande-50-l-43-kg-viande-bol-basculant-manuel\/\" \/>\n<meta property=\"og:site_name\" content=\"Gastora\" \/>\n<meta property=\"article:modified_time\" content=\"2026-04-28T16:56:54+00:00\" \/>\n<meta name=\"twitter:card\" content=\"summary_large_image\" \/>\n<meta name=\"twitter:label1\" content=\"Est. reading time\" \/>\n\t<meta name=\"twitter:data1\" content=\"2 minutes\" \/>\n<script type=\"application\/ld+json\" class=\"yoast-schema-graph\">{\"@context\":\"https:\\\/\\\/schema.org\",\"@graph\":[{\"@type\":\"WebPage\",\"@id\":\"https:\\\/\\\/gastora.eu\\\/product\\\/mlangeur-viande-50-l-43-kg-viande-bol-basculant-manuel\\\/\",\"url\":\"https:\\\/\\\/gastora.eu\\\/product\\\/mlangeur-viande-50-l-43-kg-viande-bol-basculant-manuel\\\/\",\"name\":\"M\u00e9langeur \u00e0 viande - 50 L - 43 kg viande - bol basculant - manuel - Gastora\",\"isPartOf\":{\"@id\":\"https:\\\/\\\/gastora.eu\\\/#website\"},\"primaryImageOfPage\":{\"@id\":\"https:\\\/\\\/gastora.eu\\\/product\\\/mlangeur-viande-50-l-43-kg-viande-bol-basculant-manuel\\\/#primaryimage\"},\"image\":{\"@id\":\"https:\\\/\\\/gastora.eu\\\/product\\\/mlangeur-viande-50-l-43-kg-viande-bol-basculant-manuel\\\/#primaryimage\"},\"thumbnailUrl\":\"https:\\\/\\\/gastora.eu\\\/wp-content\\\/uploads\\\/2026\\\/04\\\/sp-005_6.jpg\",\"datePublished\":\"2026-04-26T08:41:25+00:00\",\"dateModified\":\"2026-04-28T16:56:54+00:00\",\"description\":\"Achetez M\u00e9langeur \u00e0 viande - 50 L - 43 kg viande - bol basculant - manuel au meilleur prix, fiable et performant avec une livraison rapide\",\"breadcrumb\":{\"@id\":\"https:\\\/\\\/gastora.eu\\\/product\\\/mlangeur-viande-50-l-43-kg-viande-bol-basculant-manuel\\\/#breadcrumb\"},\"inLanguage\":\"en-US\",\"potentialAction\":[{\"@type\":\"ReadAction\",\"target\":[\"https:\\\/\\\/gastora.eu\\\/product\\\/mlangeur-viande-50-l-43-kg-viande-bol-basculant-manuel\\\/\"]}]},{\"@type\":\"ImageObject\",\"inLanguage\":\"en-US\",\"@id\":\"https:\\\/\\\/gastora.eu\\\/product\\\/mlangeur-viande-50-l-43-kg-viande-bol-basculant-manuel\\\/#primaryimage\",\"url\":\"https:\\\/\\\/gastora.eu\\\/wp-content\\\/uploads\\\/2026\\\/04\\\/sp-005_6.jpg\",\"contentUrl\":\"https:\\\/\\\/gastora.eu\\\/wp-content\\\/uploads\\\/2026\\\/04\\\/sp-005_6.jpg\",\"width\":1200,\"height\":1200},{\"@type\":\"BreadcrumbList\",\"@id\":\"https:\\\/\\\/gastora.eu\\\/product\\\/mlangeur-viande-50-l-43-kg-viande-bol-basculant-manuel\\\/#breadcrumb\",\"itemListElement\":[{\"@type\":\"ListItem\",\"position\":1,\"name\":\"Home\",\"item\":\"https:\\\/\\\/gastora.eu\\\/\"},{\"@type\":\"ListItem\",\"position\":2,\"name\":\"Shop\",\"item\":\"https:\\\/\\\/gastora.eu\\\/shop\\\/\"},{\"@type\":\"ListItem\",\"position\":3,\"name\":\"M\u00e9langeur \u00e0 viande &#8211; 50 L &#8211; 43 kg viande &#8211; bol basculant &#8211; manuel\"}]},{\"@type\":\"WebSite\",\"@id\":\"https:\\\/\\\/gastora.eu\\\/#website\",\"url\":\"https:\\\/\\\/gastora.eu\\\/\",\"name\":\"Gastora\",\"description\":\"\u00c9quipements professionnels CHR\",\"publisher\":{\"@id\":\"https:\\\/\\\/gastora.eu\\\/#organization\"},\"potentialAction\":[{\"@type\":\"SearchAction\",\"target\":{\"@type\":\"EntryPoint\",\"urlTemplate\":\"https:\\\/\\\/gastora.eu\\\/?s={search_term_string}\"},\"query-input\":{\"@type\":\"PropertyValueSpecification\",\"valueRequired\":true,\"valueName\":\"search_term_string\"}}],\"inLanguage\":\"en-US\"},{\"@type\":\"Organization\",\"@id\":\"https:\\\/\\\/gastora.eu\\\/#organization\",\"name\":\"Gastora\",\"url\":\"https:\\\/\\\/gastora.eu\\\/\",\"logo\":{\"@type\":\"ImageObject\",\"inLanguage\":\"en-US\",\"@id\":\"https:\\\/\\\/gastora.eu\\\/#\\\/schema\\\/logo\\\/image\\\/\",\"url\":\"https:\\\/\\\/gastora.eu\\\/wp-content\\\/uploads\\\/2025\\\/12\\\/ChatGPT-Image-2-janv.-2026-22_52_47-1.png\",\"contentUrl\":\"https:\\\/\\\/gastora.eu\\\/wp-content\\\/uploads\\\/2025\\\/12\\\/ChatGPT-Image-2-janv.-2026-22_52_47-1.png\",\"width\":1536,\"height\":320,\"caption\":\"Gastora\"},\"image\":{\"@id\":\"https:\\\/\\\/gastora.eu\\\/#\\\/schema\\\/logo\\\/image\\\/\"}}]}<\/script>\n<!-- \/ Yoast SEO plugin. -->","yoast_head_json":{"title":"M\u00e9langeur \u00e0 viande - 50 L - 43 kg viande - bol basculant - manuel - Gastora","description":"Achetez M\u00e9langeur \u00e0 viande - 50 L - 43 kg viande - bol basculant - manuel au meilleur prix, fiable et performant avec une livraison rapide","robots":{"index":"index","follow":"follow","max-snippet":"max-snippet:-1","max-image-preview":"max-image-preview:large","max-video-preview":"max-video-preview:-1"},"canonical":"https:\/\/gastora.eu\/en\/product\/mlangeur-viande-50-l-43-kg-viande-bol-basculant-manuel\/","og_locale":"en_US","og_type":"article","og_title":"M\u00e9langeur \u00e0 viande - 50 L - 43 kg viande - bol basculant - manuel - Gastora","og_description":"Achetez M\u00e9langeur \u00e0 viande - 50 L - 43 kg viande - bol basculant - manuel au meilleur prix, fiable et performant avec une livraison rapide","og_url":"https:\/\/gastora.eu\/en\/product\/mlangeur-viande-50-l-43-kg-viande-bol-basculant-manuel\/","og_site_name":"Gastora","article_modified_time":"2026-04-28T16:56:54+00:00","twitter_card":"summary_large_image","twitter_misc":{"Est. reading time":"2 minutes"},"schema":{"@context":"https:\/\/schema.org","@graph":[{"@type":"WebPage","@id":"https:\/\/gastora.eu\/product\/mlangeur-viande-50-l-43-kg-viande-bol-basculant-manuel\/","url":"https:\/\/gastora.eu\/product\/mlangeur-viande-50-l-43-kg-viande-bol-basculant-manuel\/","name":"M\u00e9langeur \u00e0 viande - 50 L - 43 kg viande - bol basculant - manuel - Gastora","isPartOf":{"@id":"https:\/\/gastora.eu\/#website"},"primaryImageOfPage":{"@id":"https:\/\/gastora.eu\/product\/mlangeur-viande-50-l-43-kg-viande-bol-basculant-manuel\/#primaryimage"},"image":{"@id":"https:\/\/gastora.eu\/product\/mlangeur-viande-50-l-43-kg-viande-bol-basculant-manuel\/#primaryimage"},"thumbnailUrl":"https:\/\/gastora.eu\/wp-content\/uploads\/2026\/04\/sp-005_6.jpg","datePublished":"2026-04-26T08:41:25+00:00","dateModified":"2026-04-28T16:56:54+00:00","description":"Achetez M\u00e9langeur \u00e0 viande - 50 L - 43 kg viande - bol basculant - manuel au meilleur prix, fiable et performant avec une livraison rapide","breadcrumb":{"@id":"https:\/\/gastora.eu\/product\/mlangeur-viande-50-l-43-kg-viande-bol-basculant-manuel\/#breadcrumb"},"inLanguage":"en-US","potentialAction":[{"@type":"ReadAction","target":["https:\/\/gastora.eu\/product\/mlangeur-viande-50-l-43-kg-viande-bol-basculant-manuel\/"]}]},{"@type":"ImageObject","inLanguage":"en-US","@id":"https:\/\/gastora.eu\/product\/mlangeur-viande-50-l-43-kg-viande-bol-basculant-manuel\/#primaryimage","url":"https:\/\/gastora.eu\/wp-content\/uploads\/2026\/04\/sp-005_6.jpg","contentUrl":"https:\/\/gastora.eu\/wp-content\/uploads\/2026\/04\/sp-005_6.jpg","width":1200,"height":1200},{"@type":"BreadcrumbList","@id":"https:\/\/gastora.eu\/product\/mlangeur-viande-50-l-43-kg-viande-bol-basculant-manuel\/#breadcrumb","itemListElement":[{"@type":"ListItem","position":1,"name":"Home","item":"https:\/\/gastora.eu\/"},{"@type":"ListItem","position":2,"name":"Shop","item":"https:\/\/gastora.eu\/shop\/"},{"@type":"ListItem","position":3,"name":"M\u00e9langeur \u00e0 viande &#8211; 50 L &#8211; 43 kg viande &#8211; bol basculant &#8211; manuel"}]},{"@type":"WebSite","@id":"https:\/\/gastora.eu\/#website","url":"https:\/\/gastora.eu\/","name":"Gastora","description":"\u00c9quipements professionnels CHR","publisher":{"@id":"https:\/\/gastora.eu\/#organization"},"potentialAction":[{"@type":"SearchAction","target":{"@type":"EntryPoint","urlTemplate":"https:\/\/gastora.eu\/?s={search_term_string}"},"query-input":{"@type":"PropertyValueSpecification","valueRequired":true,"valueName":"search_term_string"}}],"inLanguage":"en-US"},{"@type":"Organization","@id":"https:\/\/gastora.eu\/#organization","name":"Gastora","url":"https:\/\/gastora.eu\/","logo":{"@type":"ImageObject","inLanguage":"en-US","@id":"https:\/\/gastora.eu\/#\/schema\/logo\/image\/","url":"https:\/\/gastora.eu\/wp-content\/uploads\/2025\/12\/ChatGPT-Image-2-janv.-2026-22_52_47-1.png","contentUrl":"https:\/\/gastora.eu\/wp-content\/uploads\/2025\/12\/ChatGPT-Image-2-janv.-2026-22_52_47-1.png","width":1536,"height":320,"caption":"Gastora"},"image":{"@id":"https:\/\/gastora.eu\/#\/schema\/logo\/image\/"}}]}},"jetpack_sharing_enabled":true,"_links":{"self":[{"href":"https:\/\/gastora.eu\/en\/wp-json\/wp\/v2\/product\/14627","targetHints":{"allow":["GET"]}}],"collection":[{"href":"https:\/\/gastora.eu\/en\/wp-json\/wp\/v2\/product"}],"about":[{"href":"https:\/\/gastora.eu\/en\/wp-json\/wp\/v2\/types\/product"}],"wp:featuredmedia":[{"embeddable":true,"href":"https:\/\/gastora.eu\/en\/wp-json\/wp\/v2\/media\/7998"}],"wp:attachment":[{"href":"https:\/\/gastora.eu\/en\/wp-json\/wp\/v2\/media?parent=14627"}],"wp:term":[{"taxonomy":"product_brand","embeddable":true,"href":"https:\/\/gastora.eu\/en\/wp-json\/wp\/v2\/product_brand?post=14627"},{"taxonomy":"product_cat","embeddable":true,"href":"https:\/\/gastora.eu\/en\/wp-json\/wp\/v2\/product_cat?post=14627"},{"taxonomy":"product_tag","embeddable":true,"href":"https:\/\/gastora.eu\/en\/wp-json\/wp\/v2\/product_tag?post=14627"}],"curies":[{"name":"wp","href":"https:\/\/api.w.org\/{rel}","templated":true}]}}