{"id":14619,"date":"2026-04-26T08:41:15","date_gmt":"2026-04-26T08:41:15","guid":{"rendered":"https:\/\/gastora.eu\/?post_type=product&#038;p=14619"},"modified":"2026-04-28T16:56:53","modified_gmt":"2026-04-28T16:56:53","slug":"support-de-cuisson-pour-poivrons-grills","status":"publish","type":"product","link":"https:\/\/gastora.eu\/en\/product\/support-de-cuisson-pour-poivrons-grills\/","title":{"rendered":"Support de Cuisson pour Poivrons Grill\u00e9s"},"content":{"rendered":"<p>Avec cette grille en acier inoxydable, vous pouvez facilement r\u00f4tir des poivrons, des poivrons ou des champignons sur le barbecue. Les trous de la grille permettent de suspendre les poivrons et les poivrons \u00e0 la verticale dans la grille. Les champignons peuvent \u00eatre plac\u00e9s \u00e0 l&#8217;envers sur les trous.<\/p>\n<p>Caract\u00e9ristiques du produit<\/p>\n<ul>\n<li>Poids net : 0,5 kg<\/li>\n<li>Dimensions : L280 x P125 x H55 mm<\/li>\n<\/ul>","protected":false},"excerpt":{"rendered":"<p>Cette grille \u00e0 poivrons est id\u00e9ale pour griller les poivrons et les piments. La grille \u00e0 poivrons contient des ouvertures o\u00f9 les poivrons peuvent \u00eatre suspendus \u00e0 la verticale.<\/p>","protected":false},"featured_media":7982,"template":"","meta":{"_acf_changed":false},"product_brand":[],"product_cat":[470],"product_tag":[],"class_list":{"0":"post-14619","1":"product","2":"type-product","3":"status-publish","4":"has-post-thumbnail","6":"product_cat-grills-planchas-2","8":"first","9":"instock","10":"sale","11":"taxable","12":"shipping-taxable","13":"purchasable","14":"product-type-simple"},"acf":[],"yoast_head":"<!-- This site is optimized with the Yoast SEO plugin v27.5 - https:\/\/yoast.com\/product\/yoast-seo-wordpress\/ -->\n<title>Support de Cuisson pour Poivrons Grill\u00e9s - Gastora<\/title>\n<meta name=\"description\" content=\"Achetez Support de Cuisson pour Poivrons Grill\u00e9s au meilleur prix, fiable et performant avec une livraison rapide\" \/>\n<meta name=\"robots\" content=\"index, follow, max-snippet:-1, max-image-preview:large, max-video-preview:-1\" \/>\n<link rel=\"canonical\" href=\"https:\/\/gastora.eu\/en\/product\/support-de-cuisson-pour-poivrons-grills\/\" \/>\n<meta property=\"og:locale\" content=\"en_US\" \/>\n<meta property=\"og:type\" content=\"article\" \/>\n<meta property=\"og:title\" content=\"Support de Cuisson pour Poivrons Grill\u00e9s - Gastora\" \/>\n<meta property=\"og:description\" content=\"Achetez Support de Cuisson pour Poivrons Grill\u00e9s au meilleur prix, fiable et performant avec une livraison rapide\" \/>\n<meta property=\"og:url\" content=\"https:\/\/gastora.eu\/en\/product\/support-de-cuisson-pour-poivrons-grills\/\" \/>\n<meta property=\"og:site_name\" content=\"Gastora\" \/>\n<meta property=\"article:modified_time\" content=\"2026-04-28T16:56:53+00:00\" \/>\n<meta name=\"twitter:card\" content=\"summary_large_image\" \/>\n<script type=\"application\/ld+json\" class=\"yoast-schema-graph\">{\"@context\":\"https:\\\/\\\/schema.org\",\"@graph\":[{\"@type\":\"WebPage\",\"@id\":\"https:\\\/\\\/gastora.eu\\\/product\\\/support-de-cuisson-pour-poivrons-grills\\\/\",\"url\":\"https:\\\/\\\/gastora.eu\\\/product\\\/support-de-cuisson-pour-poivrons-grills\\\/\",\"name\":\"Support de Cuisson pour Poivrons Grill\u00e9s - Gastora\",\"isPartOf\":{\"@id\":\"https:\\\/\\\/gastora.eu\\\/#website\"},\"primaryImageOfPage\":{\"@id\":\"https:\\\/\\\/gastora.eu\\\/product\\\/support-de-cuisson-pour-poivrons-grills\\\/#primaryimage\"},\"image\":{\"@id\":\"https:\\\/\\\/gastora.eu\\\/product\\\/support-de-cuisson-pour-poivrons-grills\\\/#primaryimage\"},\"thumbnailUrl\":\"https:\\\/\\\/gastora.eu\\\/wp-content\\\/uploads\\\/2026\\\/04\\\/parts_1_39.jpg\",\"datePublished\":\"2026-04-26T08:41:15+00:00\",\"dateModified\":\"2026-04-28T16:56:53+00:00\",\"description\":\"Achetez Support de Cuisson pour Poivrons Grill\u00e9s au meilleur prix, fiable et performant avec une livraison rapide\",\"breadcrumb\":{\"@id\":\"https:\\\/\\\/gastora.eu\\\/product\\\/support-de-cuisson-pour-poivrons-grills\\\/#breadcrumb\"},\"inLanguage\":\"en-US\",\"potentialAction\":[{\"@type\":\"ReadAction\",\"target\":[\"https:\\\/\\\/gastora.eu\\\/product\\\/support-de-cuisson-pour-poivrons-grills\\\/\"]}]},{\"@type\":\"ImageObject\",\"inLanguage\":\"en-US\",\"@id\":\"https:\\\/\\\/gastora.eu\\\/product\\\/support-de-cuisson-pour-poivrons-grills\\\/#primaryimage\",\"url\":\"https:\\\/\\\/gastora.eu\\\/wp-content\\\/uploads\\\/2026\\\/04\\\/parts_1_39.jpg\",\"contentUrl\":\"https:\\\/\\\/gastora.eu\\\/wp-content\\\/uploads\\\/2026\\\/04\\\/parts_1_39.jpg\",\"width\":533,\"height\":800},{\"@type\":\"BreadcrumbList\",\"@id\":\"https:\\\/\\\/gastora.eu\\\/product\\\/support-de-cuisson-pour-poivrons-grills\\\/#breadcrumb\",\"itemListElement\":[{\"@type\":\"ListItem\",\"position\":1,\"name\":\"Home\",\"item\":\"https:\\\/\\\/gastora.eu\\\/\"},{\"@type\":\"ListItem\",\"position\":2,\"name\":\"Shop\",\"item\":\"https:\\\/\\\/gastora.eu\\\/shop\\\/\"},{\"@type\":\"ListItem\",\"position\":3,\"name\":\"Support de Cuisson pour Poivrons Grill\u00e9s\"}]},{\"@type\":\"WebSite\",\"@id\":\"https:\\\/\\\/gastora.eu\\\/#website\",\"url\":\"https:\\\/\\\/gastora.eu\\\/\",\"name\":\"Gastora\",\"description\":\"\u00c9quipements professionnels CHR\",\"publisher\":{\"@id\":\"https:\\\/\\\/gastora.eu\\\/#organization\"},\"potentialAction\":[{\"@type\":\"SearchAction\",\"target\":{\"@type\":\"EntryPoint\",\"urlTemplate\":\"https:\\\/\\\/gastora.eu\\\/?s={search_term_string}\"},\"query-input\":{\"@type\":\"PropertyValueSpecification\",\"valueRequired\":true,\"valueName\":\"search_term_string\"}}],\"inLanguage\":\"en-US\"},{\"@type\":\"Organization\",\"@id\":\"https:\\\/\\\/gastora.eu\\\/#organization\",\"name\":\"Gastora\",\"url\":\"https:\\\/\\\/gastora.eu\\\/\",\"logo\":{\"@type\":\"ImageObject\",\"inLanguage\":\"en-US\",\"@id\":\"https:\\\/\\\/gastora.eu\\\/#\\\/schema\\\/logo\\\/image\\\/\",\"url\":\"https:\\\/\\\/gastora.eu\\\/wp-content\\\/uploads\\\/2025\\\/12\\\/ChatGPT-Image-2-janv.-2026-22_52_47-1.png\",\"contentUrl\":\"https:\\\/\\\/gastora.eu\\\/wp-content\\\/uploads\\\/2025\\\/12\\\/ChatGPT-Image-2-janv.-2026-22_52_47-1.png\",\"width\":1536,\"height\":320,\"caption\":\"Gastora\"},\"image\":{\"@id\":\"https:\\\/\\\/gastora.eu\\\/#\\\/schema\\\/logo\\\/image\\\/\"}}]}<\/script>\n<!-- \/ Yoast SEO plugin. -->","yoast_head_json":{"title":"Support de Cuisson pour Poivrons Grill\u00e9s - Gastora","description":"Achetez Support de Cuisson pour Poivrons Grill\u00e9s au meilleur prix, fiable et performant avec une livraison rapide","robots":{"index":"index","follow":"follow","max-snippet":"max-snippet:-1","max-image-preview":"max-image-preview:large","max-video-preview":"max-video-preview:-1"},"canonical":"https:\/\/gastora.eu\/en\/product\/support-de-cuisson-pour-poivrons-grills\/","og_locale":"en_US","og_type":"article","og_title":"Support de Cuisson pour Poivrons Grill\u00e9s - Gastora","og_description":"Achetez Support de Cuisson pour Poivrons Grill\u00e9s au meilleur prix, fiable et performant avec une livraison rapide","og_url":"https:\/\/gastora.eu\/en\/product\/support-de-cuisson-pour-poivrons-grills\/","og_site_name":"Gastora","article_modified_time":"2026-04-28T16:56:53+00:00","twitter_card":"summary_large_image","schema":{"@context":"https:\/\/schema.org","@graph":[{"@type":"WebPage","@id":"https:\/\/gastora.eu\/product\/support-de-cuisson-pour-poivrons-grills\/","url":"https:\/\/gastora.eu\/product\/support-de-cuisson-pour-poivrons-grills\/","name":"Support de Cuisson pour Poivrons Grill\u00e9s - Gastora","isPartOf":{"@id":"https:\/\/gastora.eu\/#website"},"primaryImageOfPage":{"@id":"https:\/\/gastora.eu\/product\/support-de-cuisson-pour-poivrons-grills\/#primaryimage"},"image":{"@id":"https:\/\/gastora.eu\/product\/support-de-cuisson-pour-poivrons-grills\/#primaryimage"},"thumbnailUrl":"https:\/\/gastora.eu\/wp-content\/uploads\/2026\/04\/parts_1_39.jpg","datePublished":"2026-04-26T08:41:15+00:00","dateModified":"2026-04-28T16:56:53+00:00","description":"Achetez Support de Cuisson pour Poivrons Grill\u00e9s au meilleur prix, fiable et performant avec une livraison rapide","breadcrumb":{"@id":"https:\/\/gastora.eu\/product\/support-de-cuisson-pour-poivrons-grills\/#breadcrumb"},"inLanguage":"en-US","potentialAction":[{"@type":"ReadAction","target":["https:\/\/gastora.eu\/product\/support-de-cuisson-pour-poivrons-grills\/"]}]},{"@type":"ImageObject","inLanguage":"en-US","@id":"https:\/\/gastora.eu\/product\/support-de-cuisson-pour-poivrons-grills\/#primaryimage","url":"https:\/\/gastora.eu\/wp-content\/uploads\/2026\/04\/parts_1_39.jpg","contentUrl":"https:\/\/gastora.eu\/wp-content\/uploads\/2026\/04\/parts_1_39.jpg","width":533,"height":800},{"@type":"BreadcrumbList","@id":"https:\/\/gastora.eu\/product\/support-de-cuisson-pour-poivrons-grills\/#breadcrumb","itemListElement":[{"@type":"ListItem","position":1,"name":"Home","item":"https:\/\/gastora.eu\/"},{"@type":"ListItem","position":2,"name":"Shop","item":"https:\/\/gastora.eu\/shop\/"},{"@type":"ListItem","position":3,"name":"Support de Cuisson pour Poivrons Grill\u00e9s"}]},{"@type":"WebSite","@id":"https:\/\/gastora.eu\/#website","url":"https:\/\/gastora.eu\/","name":"Gastora","description":"\u00c9quipements professionnels CHR","publisher":{"@id":"https:\/\/gastora.eu\/#organization"},"potentialAction":[{"@type":"SearchAction","target":{"@type":"EntryPoint","urlTemplate":"https:\/\/gastora.eu\/?s={search_term_string}"},"query-input":{"@type":"PropertyValueSpecification","valueRequired":true,"valueName":"search_term_string"}}],"inLanguage":"en-US"},{"@type":"Organization","@id":"https:\/\/gastora.eu\/#organization","name":"Gastora","url":"https:\/\/gastora.eu\/","logo":{"@type":"ImageObject","inLanguage":"en-US","@id":"https:\/\/gastora.eu\/#\/schema\/logo\/image\/","url":"https:\/\/gastora.eu\/wp-content\/uploads\/2025\/12\/ChatGPT-Image-2-janv.-2026-22_52_47-1.png","contentUrl":"https:\/\/gastora.eu\/wp-content\/uploads\/2025\/12\/ChatGPT-Image-2-janv.-2026-22_52_47-1.png","width":1536,"height":320,"caption":"Gastora"},"image":{"@id":"https:\/\/gastora.eu\/#\/schema\/logo\/image\/"}}]}},"jetpack_sharing_enabled":true,"_links":{"self":[{"href":"https:\/\/gastora.eu\/en\/wp-json\/wp\/v2\/product\/14619","targetHints":{"allow":["GET"]}}],"collection":[{"href":"https:\/\/gastora.eu\/en\/wp-json\/wp\/v2\/product"}],"about":[{"href":"https:\/\/gastora.eu\/en\/wp-json\/wp\/v2\/types\/product"}],"wp:featuredmedia":[{"embeddable":true,"href":"https:\/\/gastora.eu\/en\/wp-json\/wp\/v2\/media\/7982"}],"wp:attachment":[{"href":"https:\/\/gastora.eu\/en\/wp-json\/wp\/v2\/media?parent=14619"}],"wp:term":[{"taxonomy":"product_brand","embeddable":true,"href":"https:\/\/gastora.eu\/en\/wp-json\/wp\/v2\/product_brand?post=14619"},{"taxonomy":"product_cat","embeddable":true,"href":"https:\/\/gastora.eu\/en\/wp-json\/wp\/v2\/product_cat?post=14619"},{"taxonomy":"product_tag","embeddable":true,"href":"https:\/\/gastora.eu\/en\/wp-json\/wp\/v2\/product_tag?post=14619"}],"curies":[{"name":"wp","href":"https:\/\/api.w.org\/{rel}","templated":true}]}}