{"id":14605,"date":"2026-04-26T08:40:59","date_gmt":"2026-04-26T08:40:59","guid":{"rendered":"https:\/\/gastora.eu\/?post_type=product&#038;p=14605"},"modified":"2026-04-28T16:56:51","modified_gmt":"2026-04-28T16:56:51","slug":"dflecteur-de-chaleur-9-inch23-cm","status":"publish","type":"product","link":"https:\/\/gastora.eu\/en\/product\/dflecteur-de-chaleur-9-inch23-cm\/","title":{"rendered":"D\u00e9flecteur de chaleur  \u00d8 9 inch\/23 cm"},"content":{"rendered":"<p>Avec la plaque d\u00e9flectrice\/le d\u00e9flecteur de chaleur, la plaque d\u00e9flectrice en c\u00e9ramique est suspendue au-dessus des braises, ce qui vous permet de laisser les aliments cuire lentement. Par exemple, du poulet, du poisson, du porc effiloch\u00e9 ou des travers de porc. La plaque d\u00e9flectrice en c\u00e9ramique fait en sorte que la chaleur des charbons n&#8217;atteigne pas directement votre plat. Ainsi, la plaque d\u00e9flectrice fonctionne comme une sorte de four. Comme le chauffage est indirect, vous \u00e9vitez \u00e9galement que les aliments ne br\u00fblent. Placez la plaque d\u00e9flectrice en c\u00e9ramique sur l&#8217;anneau de feu d\u00e8s que les charbons sont suffisamment chauds.<\/p>\n<p>Caract\u00e9ristiques du produit<\/p>\n<ul>\n<li>Poids net : 1,8 kg<\/li>\n<li>Dimensions de la plaque d\u00e9flectrice en c\u00e9ramique : \u00d8 9 pouces\/23 cm<\/li>\n<li>Dimensions de la plaque d\u00e9flectrice en c\u00e9ramique : \u00d8 30,5 x H 9 cm<\/li>\n<li>Convient pour barbecue \u00d8 16 inch\/41 cm<\/li>\n<\/ul>","protected":false},"excerpt":{"rendered":"<p>Le dresseur d&#8217;assiettes\/d\u00e9flecteur de chaleur est principalement utilis\u00e9 pour les plats ou les pr\u00e9parations qui prennent plus de temps et que vous ne voulez pas placer directement sur les charbons.<\/p>","protected":false},"featured_media":7954,"template":"","meta":{"_acf_changed":false},"product_brand":[],"product_cat":[470],"product_tag":[],"class_list":{"0":"post-14605","1":"product","2":"type-product","3":"status-publish","4":"has-post-thumbnail","6":"product_cat-grills-planchas-2","8":"first","9":"instock","10":"sale","11":"taxable","12":"shipping-taxable","13":"purchasable","14":"product-type-simple"},"acf":[],"yoast_head":"<!-- This site is optimized with the Yoast SEO plugin v27.5 - https:\/\/yoast.com\/product\/yoast-seo-wordpress\/ -->\n<title>D\u00e9flecteur de chaleur \u00d8 9 inch\/23 cm - Gastora<\/title>\n<meta name=\"description\" content=\"Achetez D\u00e9flecteur de chaleur \u00d8 9 inch\/23 cm au meilleur prix, fiable et performant avec une livraison rapide\" \/>\n<meta name=\"robots\" content=\"index, follow, max-snippet:-1, max-image-preview:large, max-video-preview:-1\" \/>\n<link rel=\"canonical\" href=\"https:\/\/gastora.eu\/en\/product\/dflecteur-de-chaleur-9-inch23-cm\/\" \/>\n<meta property=\"og:locale\" content=\"en_US\" \/>\n<meta property=\"og:type\" content=\"article\" \/>\n<meta property=\"og:title\" content=\"D\u00e9flecteur de chaleur \u00d8 9 inch\/23 cm - Gastora\" \/>\n<meta property=\"og:description\" content=\"Achetez D\u00e9flecteur de chaleur \u00d8 9 inch\/23 cm au meilleur prix, fiable et performant avec une livraison rapide\" \/>\n<meta property=\"og:url\" content=\"https:\/\/gastora.eu\/en\/product\/dflecteur-de-chaleur-9-inch23-cm\/\" \/>\n<meta property=\"og:site_name\" content=\"Gastora\" \/>\n<meta property=\"article:modified_time\" content=\"2026-04-28T16:56:51+00:00\" \/>\n<meta name=\"twitter:card\" content=\"summary_large_image\" \/>\n<meta name=\"twitter:label1\" content=\"Est. reading time\" \/>\n\t<meta name=\"twitter:data1\" content=\"1 minute\" \/>\n<script type=\"application\/ld+json\" class=\"yoast-schema-graph\">{\"@context\":\"https:\\\/\\\/schema.org\",\"@graph\":[{\"@type\":\"WebPage\",\"@id\":\"https:\\\/\\\/gastora.eu\\\/product\\\/dflecteur-de-chaleur-9-inch23-cm\\\/\",\"url\":\"https:\\\/\\\/gastora.eu\\\/product\\\/dflecteur-de-chaleur-9-inch23-cm\\\/\",\"name\":\"D\u00e9flecteur de chaleur \u00d8 9 inch\\\/23 cm - Gastora\",\"isPartOf\":{\"@id\":\"https:\\\/\\\/gastora.eu\\\/#website\"},\"primaryImageOfPage\":{\"@id\":\"https:\\\/\\\/gastora.eu\\\/product\\\/dflecteur-de-chaleur-9-inch23-cm\\\/#primaryimage\"},\"image\":{\"@id\":\"https:\\\/\\\/gastora.eu\\\/product\\\/dflecteur-de-chaleur-9-inch23-cm\\\/#primaryimage\"},\"thumbnailUrl\":\"https:\\\/\\\/gastora.eu\\\/wp-content\\\/uploads\\\/2026\\\/04\\\/MAX_20231219155142_8720365343926_image0001.jpg\",\"datePublished\":\"2026-04-26T08:40:59+00:00\",\"dateModified\":\"2026-04-28T16:56:51+00:00\",\"description\":\"Achetez D\u00e9flecteur de chaleur \u00d8 9 inch\\\/23 cm au meilleur prix, fiable et performant avec une livraison rapide\",\"breadcrumb\":{\"@id\":\"https:\\\/\\\/gastora.eu\\\/product\\\/dflecteur-de-chaleur-9-inch23-cm\\\/#breadcrumb\"},\"inLanguage\":\"en-US\",\"potentialAction\":[{\"@type\":\"ReadAction\",\"target\":[\"https:\\\/\\\/gastora.eu\\\/product\\\/dflecteur-de-chaleur-9-inch23-cm\\\/\"]}]},{\"@type\":\"ImageObject\",\"inLanguage\":\"en-US\",\"@id\":\"https:\\\/\\\/gastora.eu\\\/product\\\/dflecteur-de-chaleur-9-inch23-cm\\\/#primaryimage\",\"url\":\"https:\\\/\\\/gastora.eu\\\/wp-content\\\/uploads\\\/2026\\\/04\\\/MAX_20231219155142_8720365343926_image0001.jpg\",\"contentUrl\":\"https:\\\/\\\/gastora.eu\\\/wp-content\\\/uploads\\\/2026\\\/04\\\/MAX_20231219155142_8720365343926_image0001.jpg\",\"width\":1200,\"height\":800},{\"@type\":\"BreadcrumbList\",\"@id\":\"https:\\\/\\\/gastora.eu\\\/product\\\/dflecteur-de-chaleur-9-inch23-cm\\\/#breadcrumb\",\"itemListElement\":[{\"@type\":\"ListItem\",\"position\":1,\"name\":\"Home\",\"item\":\"https:\\\/\\\/gastora.eu\\\/\"},{\"@type\":\"ListItem\",\"position\":2,\"name\":\"Shop\",\"item\":\"https:\\\/\\\/gastora.eu\\\/shop\\\/\"},{\"@type\":\"ListItem\",\"position\":3,\"name\":\"D\u00e9flecteur de chaleur \u00d8 9 inch\\\/23 cm\"}]},{\"@type\":\"WebSite\",\"@id\":\"https:\\\/\\\/gastora.eu\\\/#website\",\"url\":\"https:\\\/\\\/gastora.eu\\\/\",\"name\":\"Gastora\",\"description\":\"\u00c9quipements professionnels CHR\",\"publisher\":{\"@id\":\"https:\\\/\\\/gastora.eu\\\/#organization\"},\"potentialAction\":[{\"@type\":\"SearchAction\",\"target\":{\"@type\":\"EntryPoint\",\"urlTemplate\":\"https:\\\/\\\/gastora.eu\\\/?s={search_term_string}\"},\"query-input\":{\"@type\":\"PropertyValueSpecification\",\"valueRequired\":true,\"valueName\":\"search_term_string\"}}],\"inLanguage\":\"en-US\"},{\"@type\":\"Organization\",\"@id\":\"https:\\\/\\\/gastora.eu\\\/#organization\",\"name\":\"Gastora\",\"url\":\"https:\\\/\\\/gastora.eu\\\/\",\"logo\":{\"@type\":\"ImageObject\",\"inLanguage\":\"en-US\",\"@id\":\"https:\\\/\\\/gastora.eu\\\/#\\\/schema\\\/logo\\\/image\\\/\",\"url\":\"https:\\\/\\\/gastora.eu\\\/wp-content\\\/uploads\\\/2025\\\/12\\\/ChatGPT-Image-2-janv.-2026-22_52_47-1.png\",\"contentUrl\":\"https:\\\/\\\/gastora.eu\\\/wp-content\\\/uploads\\\/2025\\\/12\\\/ChatGPT-Image-2-janv.-2026-22_52_47-1.png\",\"width\":1536,\"height\":320,\"caption\":\"Gastora\"},\"image\":{\"@id\":\"https:\\\/\\\/gastora.eu\\\/#\\\/schema\\\/logo\\\/image\\\/\"}}]}<\/script>\n<!-- \/ Yoast SEO plugin. -->","yoast_head_json":{"title":"D\u00e9flecteur de chaleur \u00d8 9 inch\/23 cm - Gastora","description":"Achetez D\u00e9flecteur de chaleur \u00d8 9 inch\/23 cm au meilleur prix, fiable et performant avec une livraison rapide","robots":{"index":"index","follow":"follow","max-snippet":"max-snippet:-1","max-image-preview":"max-image-preview:large","max-video-preview":"max-video-preview:-1"},"canonical":"https:\/\/gastora.eu\/en\/product\/dflecteur-de-chaleur-9-inch23-cm\/","og_locale":"en_US","og_type":"article","og_title":"D\u00e9flecteur de chaleur \u00d8 9 inch\/23 cm - Gastora","og_description":"Achetez D\u00e9flecteur de chaleur \u00d8 9 inch\/23 cm au meilleur prix, fiable et performant avec une livraison rapide","og_url":"https:\/\/gastora.eu\/en\/product\/dflecteur-de-chaleur-9-inch23-cm\/","og_site_name":"Gastora","article_modified_time":"2026-04-28T16:56:51+00:00","twitter_card":"summary_large_image","twitter_misc":{"Est. reading time":"1 minute"},"schema":{"@context":"https:\/\/schema.org","@graph":[{"@type":"WebPage","@id":"https:\/\/gastora.eu\/product\/dflecteur-de-chaleur-9-inch23-cm\/","url":"https:\/\/gastora.eu\/product\/dflecteur-de-chaleur-9-inch23-cm\/","name":"D\u00e9flecteur de chaleur \u00d8 9 inch\/23 cm - Gastora","isPartOf":{"@id":"https:\/\/gastora.eu\/#website"},"primaryImageOfPage":{"@id":"https:\/\/gastora.eu\/product\/dflecteur-de-chaleur-9-inch23-cm\/#primaryimage"},"image":{"@id":"https:\/\/gastora.eu\/product\/dflecteur-de-chaleur-9-inch23-cm\/#primaryimage"},"thumbnailUrl":"https:\/\/gastora.eu\/wp-content\/uploads\/2026\/04\/MAX_20231219155142_8720365343926_image0001.jpg","datePublished":"2026-04-26T08:40:59+00:00","dateModified":"2026-04-28T16:56:51+00:00","description":"Achetez D\u00e9flecteur de chaleur \u00d8 9 inch\/23 cm au meilleur prix, fiable et performant avec une livraison rapide","breadcrumb":{"@id":"https:\/\/gastora.eu\/product\/dflecteur-de-chaleur-9-inch23-cm\/#breadcrumb"},"inLanguage":"en-US","potentialAction":[{"@type":"ReadAction","target":["https:\/\/gastora.eu\/product\/dflecteur-de-chaleur-9-inch23-cm\/"]}]},{"@type":"ImageObject","inLanguage":"en-US","@id":"https:\/\/gastora.eu\/product\/dflecteur-de-chaleur-9-inch23-cm\/#primaryimage","url":"https:\/\/gastora.eu\/wp-content\/uploads\/2026\/04\/MAX_20231219155142_8720365343926_image0001.jpg","contentUrl":"https:\/\/gastora.eu\/wp-content\/uploads\/2026\/04\/MAX_20231219155142_8720365343926_image0001.jpg","width":1200,"height":800},{"@type":"BreadcrumbList","@id":"https:\/\/gastora.eu\/product\/dflecteur-de-chaleur-9-inch23-cm\/#breadcrumb","itemListElement":[{"@type":"ListItem","position":1,"name":"Home","item":"https:\/\/gastora.eu\/"},{"@type":"ListItem","position":2,"name":"Shop","item":"https:\/\/gastora.eu\/shop\/"},{"@type":"ListItem","position":3,"name":"D\u00e9flecteur de chaleur \u00d8 9 inch\/23 cm"}]},{"@type":"WebSite","@id":"https:\/\/gastora.eu\/#website","url":"https:\/\/gastora.eu\/","name":"Gastora","description":"\u00c9quipements professionnels CHR","publisher":{"@id":"https:\/\/gastora.eu\/#organization"},"potentialAction":[{"@type":"SearchAction","target":{"@type":"EntryPoint","urlTemplate":"https:\/\/gastora.eu\/?s={search_term_string}"},"query-input":{"@type":"PropertyValueSpecification","valueRequired":true,"valueName":"search_term_string"}}],"inLanguage":"en-US"},{"@type":"Organization","@id":"https:\/\/gastora.eu\/#organization","name":"Gastora","url":"https:\/\/gastora.eu\/","logo":{"@type":"ImageObject","inLanguage":"en-US","@id":"https:\/\/gastora.eu\/#\/schema\/logo\/image\/","url":"https:\/\/gastora.eu\/wp-content\/uploads\/2025\/12\/ChatGPT-Image-2-janv.-2026-22_52_47-1.png","contentUrl":"https:\/\/gastora.eu\/wp-content\/uploads\/2025\/12\/ChatGPT-Image-2-janv.-2026-22_52_47-1.png","width":1536,"height":320,"caption":"Gastora"},"image":{"@id":"https:\/\/gastora.eu\/#\/schema\/logo\/image\/"}}]}},"jetpack_sharing_enabled":true,"_links":{"self":[{"href":"https:\/\/gastora.eu\/en\/wp-json\/wp\/v2\/product\/14605","targetHints":{"allow":["GET"]}}],"collection":[{"href":"https:\/\/gastora.eu\/en\/wp-json\/wp\/v2\/product"}],"about":[{"href":"https:\/\/gastora.eu\/en\/wp-json\/wp\/v2\/types\/product"}],"wp:featuredmedia":[{"embeddable":true,"href":"https:\/\/gastora.eu\/en\/wp-json\/wp\/v2\/media\/7954"}],"wp:attachment":[{"href":"https:\/\/gastora.eu\/en\/wp-json\/wp\/v2\/media?parent=14605"}],"wp:term":[{"taxonomy":"product_brand","embeddable":true,"href":"https:\/\/gastora.eu\/en\/wp-json\/wp\/v2\/product_brand?post=14605"},{"taxonomy":"product_cat","embeddable":true,"href":"https:\/\/gastora.eu\/en\/wp-json\/wp\/v2\/product_cat?post=14605"},{"taxonomy":"product_tag","embeddable":true,"href":"https:\/\/gastora.eu\/en\/wp-json\/wp\/v2\/product_tag?post=14605"}],"curies":[{"name":"wp","href":"https:\/\/api.w.org\/{rel}","templated":true}]}}