{"id":14597,"date":"2026-04-26T08:40:50","date_gmt":"2026-04-26T08:40:50","guid":{"rendered":"https:\/\/gastora.eu\/?post_type=product&#038;p=14597"},"modified":"2026-04-28T16:56:50","modified_gmt":"2026-04-28T16:56:50","slug":"tournebroche-lectrique-22-inch56-cm","status":"publish","type":"product","link":"https:\/\/gastora.eu\/en\/product\/tournebroche-lectrique-22-inch56-cm\/","title":{"rendered":"Tournebroche \u00e9lectrique \u00d8 22 inch\/56 cm"},"content":{"rendered":"<p>Placez l&#8217;anneau de la r\u00f4tissoire sur le bord ext\u00e9rieur du barbecue. Placez 2 piles AA dans le m\u00e9canisme de rotation et enfilez la viande sur la broche. Veillez \u00e0 ce que les crochets \u00e0 viande soient bien enfonc\u00e9s dans la viande, car ils permettent \u00e0 la viande de rester en place et de tourner sur la broche. Placez la broche dans le m\u00e9canisme rotatif et mettez le m\u00e9canisme rotatif en marche. Fermez le couvercle du barbecue et la r\u00f4tissoire tourne progressivement.<\/p>\n<p>Caract\u00e9ristiques du produit<\/p>\n<ul>\n<li>Poids net : 9 kg<\/li>\n<li>Dimensions de la r\u00f4tissoire : L870 x P545 x H70 mm<\/li>\n<li>Convient pour le barbecue avec \u00d8 22 pouces\/56 cm<\/li>\n<\/ul>","protected":false},"excerpt":{"rendered":"<p>Cette r\u00f4tissoire est id\u00e9ale pour une cuisson uniforme, par exemple, d&#8217;un poulet ou d&#8217;une paupiette. Placez l&#8217;anneau \u00e0 l&#8217;ext\u00e9rieur du barbecue et la r\u00f4tissoire tourne automatiquement.<\/p>","protected":false},"featured_media":7938,"template":"","meta":{"_acf_changed":false},"product_brand":[],"product_cat":[470],"product_tag":[],"class_list":{"0":"post-14597","1":"product","2":"type-product","3":"status-publish","4":"has-post-thumbnail","6":"product_cat-grills-planchas-2","8":"first","9":"instock","10":"sale","11":"taxable","12":"shipping-taxable","13":"purchasable","14":"product-type-simple"},"acf":[],"yoast_head":"<!-- This site is optimized with the Yoast SEO plugin v27.5 - https:\/\/yoast.com\/product\/yoast-seo-wordpress\/ -->\n<title>Tournebroche \u00e9lectrique \u00d8 22 inch\/56 cm - Gastora<\/title>\n<meta name=\"description\" content=\"Achetez Tournebroche \u00e9lectrique \u00d8 22 inch\/56 cm au meilleur prix, fiable et performant avec une livraison rapide\" \/>\n<meta name=\"robots\" content=\"index, follow, max-snippet:-1, max-image-preview:large, max-video-preview:-1\" \/>\n<link rel=\"canonical\" href=\"https:\/\/gastora.eu\/en\/product\/tournebroche-lectrique-22-inch56-cm\/\" \/>\n<meta property=\"og:locale\" content=\"en_US\" \/>\n<meta property=\"og:type\" content=\"article\" \/>\n<meta property=\"og:title\" content=\"Tournebroche \u00e9lectrique \u00d8 22 inch\/56 cm - Gastora\" \/>\n<meta property=\"og:description\" content=\"Achetez Tournebroche \u00e9lectrique \u00d8 22 inch\/56 cm au meilleur prix, fiable et performant avec une livraison rapide\" \/>\n<meta property=\"og:url\" content=\"https:\/\/gastora.eu\/en\/product\/tournebroche-lectrique-22-inch56-cm\/\" \/>\n<meta property=\"og:site_name\" content=\"Gastora\" \/>\n<meta property=\"article:modified_time\" content=\"2026-04-28T16:56:50+00:00\" \/>\n<meta name=\"twitter:card\" content=\"summary_large_image\" \/>\n<meta name=\"twitter:label1\" content=\"Est. reading time\" \/>\n\t<meta name=\"twitter:data1\" content=\"1 minute\" \/>\n<script type=\"application\/ld+json\" class=\"yoast-schema-graph\">{\"@context\":\"https:\\\/\\\/schema.org\",\"@graph\":[{\"@type\":\"WebPage\",\"@id\":\"https:\\\/\\\/gastora.eu\\\/product\\\/tournebroche-lectrique-22-inch56-cm\\\/\",\"url\":\"https:\\\/\\\/gastora.eu\\\/product\\\/tournebroche-lectrique-22-inch56-cm\\\/\",\"name\":\"Tournebroche \u00e9lectrique \u00d8 22 inch\\\/56 cm - Gastora\",\"isPartOf\":{\"@id\":\"https:\\\/\\\/gastora.eu\\\/#website\"},\"primaryImageOfPage\":{\"@id\":\"https:\\\/\\\/gastora.eu\\\/product\\\/tournebroche-lectrique-22-inch56-cm\\\/#primaryimage\"},\"image\":{\"@id\":\"https:\\\/\\\/gastora.eu\\\/product\\\/tournebroche-lectrique-22-inch56-cm\\\/#primaryimage\"},\"thumbnailUrl\":\"https:\\\/\\\/gastora.eu\\\/wp-content\\\/uploads\\\/2026\\\/04\\\/parts_1_59.jpg\",\"datePublished\":\"2026-04-26T08:40:50+00:00\",\"dateModified\":\"2026-04-28T16:56:50+00:00\",\"description\":\"Achetez Tournebroche \u00e9lectrique \u00d8 22 inch\\\/56 cm au meilleur prix, fiable et performant avec une livraison rapide\",\"breadcrumb\":{\"@id\":\"https:\\\/\\\/gastora.eu\\\/product\\\/tournebroche-lectrique-22-inch56-cm\\\/#breadcrumb\"},\"inLanguage\":\"en-US\",\"potentialAction\":[{\"@type\":\"ReadAction\",\"target\":[\"https:\\\/\\\/gastora.eu\\\/product\\\/tournebroche-lectrique-22-inch56-cm\\\/\"]}]},{\"@type\":\"ImageObject\",\"inLanguage\":\"en-US\",\"@id\":\"https:\\\/\\\/gastora.eu\\\/product\\\/tournebroche-lectrique-22-inch56-cm\\\/#primaryimage\",\"url\":\"https:\\\/\\\/gastora.eu\\\/wp-content\\\/uploads\\\/2026\\\/04\\\/parts_1_59.jpg\",\"contentUrl\":\"https:\\\/\\\/gastora.eu\\\/wp-content\\\/uploads\\\/2026\\\/04\\\/parts_1_59.jpg\",\"width\":533,\"height\":800},{\"@type\":\"BreadcrumbList\",\"@id\":\"https:\\\/\\\/gastora.eu\\\/product\\\/tournebroche-lectrique-22-inch56-cm\\\/#breadcrumb\",\"itemListElement\":[{\"@type\":\"ListItem\",\"position\":1,\"name\":\"Home\",\"item\":\"https:\\\/\\\/gastora.eu\\\/\"},{\"@type\":\"ListItem\",\"position\":2,\"name\":\"Shop\",\"item\":\"https:\\\/\\\/gastora.eu\\\/shop\\\/\"},{\"@type\":\"ListItem\",\"position\":3,\"name\":\"Tournebroche \u00e9lectrique \u00d8 22 inch\\\/56 cm\"}]},{\"@type\":\"WebSite\",\"@id\":\"https:\\\/\\\/gastora.eu\\\/#website\",\"url\":\"https:\\\/\\\/gastora.eu\\\/\",\"name\":\"Gastora\",\"description\":\"\u00c9quipements professionnels CHR\",\"publisher\":{\"@id\":\"https:\\\/\\\/gastora.eu\\\/#organization\"},\"potentialAction\":[{\"@type\":\"SearchAction\",\"target\":{\"@type\":\"EntryPoint\",\"urlTemplate\":\"https:\\\/\\\/gastora.eu\\\/?s={search_term_string}\"},\"query-input\":{\"@type\":\"PropertyValueSpecification\",\"valueRequired\":true,\"valueName\":\"search_term_string\"}}],\"inLanguage\":\"en-US\"},{\"@type\":\"Organization\",\"@id\":\"https:\\\/\\\/gastora.eu\\\/#organization\",\"name\":\"Gastora\",\"url\":\"https:\\\/\\\/gastora.eu\\\/\",\"logo\":{\"@type\":\"ImageObject\",\"inLanguage\":\"en-US\",\"@id\":\"https:\\\/\\\/gastora.eu\\\/#\\\/schema\\\/logo\\\/image\\\/\",\"url\":\"https:\\\/\\\/gastora.eu\\\/wp-content\\\/uploads\\\/2025\\\/12\\\/ChatGPT-Image-2-janv.-2026-22_52_47-1.png\",\"contentUrl\":\"https:\\\/\\\/gastora.eu\\\/wp-content\\\/uploads\\\/2025\\\/12\\\/ChatGPT-Image-2-janv.-2026-22_52_47-1.png\",\"width\":1536,\"height\":320,\"caption\":\"Gastora\"},\"image\":{\"@id\":\"https:\\\/\\\/gastora.eu\\\/#\\\/schema\\\/logo\\\/image\\\/\"}}]}<\/script>\n<!-- \/ Yoast SEO plugin. -->","yoast_head_json":{"title":"Tournebroche \u00e9lectrique \u00d8 22 inch\/56 cm - Gastora","description":"Achetez Tournebroche \u00e9lectrique \u00d8 22 inch\/56 cm au meilleur prix, fiable et performant avec une livraison rapide","robots":{"index":"index","follow":"follow","max-snippet":"max-snippet:-1","max-image-preview":"max-image-preview:large","max-video-preview":"max-video-preview:-1"},"canonical":"https:\/\/gastora.eu\/en\/product\/tournebroche-lectrique-22-inch56-cm\/","og_locale":"en_US","og_type":"article","og_title":"Tournebroche \u00e9lectrique \u00d8 22 inch\/56 cm - Gastora","og_description":"Achetez Tournebroche \u00e9lectrique \u00d8 22 inch\/56 cm au meilleur prix, fiable et performant avec une livraison rapide","og_url":"https:\/\/gastora.eu\/en\/product\/tournebroche-lectrique-22-inch56-cm\/","og_site_name":"Gastora","article_modified_time":"2026-04-28T16:56:50+00:00","twitter_card":"summary_large_image","twitter_misc":{"Est. reading time":"1 minute"},"schema":{"@context":"https:\/\/schema.org","@graph":[{"@type":"WebPage","@id":"https:\/\/gastora.eu\/product\/tournebroche-lectrique-22-inch56-cm\/","url":"https:\/\/gastora.eu\/product\/tournebroche-lectrique-22-inch56-cm\/","name":"Tournebroche \u00e9lectrique \u00d8 22 inch\/56 cm - Gastora","isPartOf":{"@id":"https:\/\/gastora.eu\/#website"},"primaryImageOfPage":{"@id":"https:\/\/gastora.eu\/product\/tournebroche-lectrique-22-inch56-cm\/#primaryimage"},"image":{"@id":"https:\/\/gastora.eu\/product\/tournebroche-lectrique-22-inch56-cm\/#primaryimage"},"thumbnailUrl":"https:\/\/gastora.eu\/wp-content\/uploads\/2026\/04\/parts_1_59.jpg","datePublished":"2026-04-26T08:40:50+00:00","dateModified":"2026-04-28T16:56:50+00:00","description":"Achetez Tournebroche \u00e9lectrique \u00d8 22 inch\/56 cm au meilleur prix, fiable et performant avec une livraison rapide","breadcrumb":{"@id":"https:\/\/gastora.eu\/product\/tournebroche-lectrique-22-inch56-cm\/#breadcrumb"},"inLanguage":"en-US","potentialAction":[{"@type":"ReadAction","target":["https:\/\/gastora.eu\/product\/tournebroche-lectrique-22-inch56-cm\/"]}]},{"@type":"ImageObject","inLanguage":"en-US","@id":"https:\/\/gastora.eu\/product\/tournebroche-lectrique-22-inch56-cm\/#primaryimage","url":"https:\/\/gastora.eu\/wp-content\/uploads\/2026\/04\/parts_1_59.jpg","contentUrl":"https:\/\/gastora.eu\/wp-content\/uploads\/2026\/04\/parts_1_59.jpg","width":533,"height":800},{"@type":"BreadcrumbList","@id":"https:\/\/gastora.eu\/product\/tournebroche-lectrique-22-inch56-cm\/#breadcrumb","itemListElement":[{"@type":"ListItem","position":1,"name":"Home","item":"https:\/\/gastora.eu\/"},{"@type":"ListItem","position":2,"name":"Shop","item":"https:\/\/gastora.eu\/shop\/"},{"@type":"ListItem","position":3,"name":"Tournebroche \u00e9lectrique \u00d8 22 inch\/56 cm"}]},{"@type":"WebSite","@id":"https:\/\/gastora.eu\/#website","url":"https:\/\/gastora.eu\/","name":"Gastora","description":"\u00c9quipements professionnels CHR","publisher":{"@id":"https:\/\/gastora.eu\/#organization"},"potentialAction":[{"@type":"SearchAction","target":{"@type":"EntryPoint","urlTemplate":"https:\/\/gastora.eu\/?s={search_term_string}"},"query-input":{"@type":"PropertyValueSpecification","valueRequired":true,"valueName":"search_term_string"}}],"inLanguage":"en-US"},{"@type":"Organization","@id":"https:\/\/gastora.eu\/#organization","name":"Gastora","url":"https:\/\/gastora.eu\/","logo":{"@type":"ImageObject","inLanguage":"en-US","@id":"https:\/\/gastora.eu\/#\/schema\/logo\/image\/","url":"https:\/\/gastora.eu\/wp-content\/uploads\/2025\/12\/ChatGPT-Image-2-janv.-2026-22_52_47-1.png","contentUrl":"https:\/\/gastora.eu\/wp-content\/uploads\/2025\/12\/ChatGPT-Image-2-janv.-2026-22_52_47-1.png","width":1536,"height":320,"caption":"Gastora"},"image":{"@id":"https:\/\/gastora.eu\/#\/schema\/logo\/image\/"}}]}},"jetpack_sharing_enabled":true,"_links":{"self":[{"href":"https:\/\/gastora.eu\/en\/wp-json\/wp\/v2\/product\/14597","targetHints":{"allow":["GET"]}}],"collection":[{"href":"https:\/\/gastora.eu\/en\/wp-json\/wp\/v2\/product"}],"about":[{"href":"https:\/\/gastora.eu\/en\/wp-json\/wp\/v2\/types\/product"}],"wp:featuredmedia":[{"embeddable":true,"href":"https:\/\/gastora.eu\/en\/wp-json\/wp\/v2\/media\/7938"}],"wp:attachment":[{"href":"https:\/\/gastora.eu\/en\/wp-json\/wp\/v2\/media?parent=14597"}],"wp:term":[{"taxonomy":"product_brand","embeddable":true,"href":"https:\/\/gastora.eu\/en\/wp-json\/wp\/v2\/product_brand?post=14597"},{"taxonomy":"product_cat","embeddable":true,"href":"https:\/\/gastora.eu\/en\/wp-json\/wp\/v2\/product_cat?post=14597"},{"taxonomy":"product_tag","embeddable":true,"href":"https:\/\/gastora.eu\/en\/wp-json\/wp\/v2\/product_tag?post=14597"}],"curies":[{"name":"wp","href":"https:\/\/api.w.org\/{rel}","templated":true}]}}