{"id":14591,"date":"2026-04-26T08:40:44","date_gmt":"2026-04-26T08:40:44","guid":{"rendered":"https:\/\/gastora.eu\/?post_type=product&#038;p=14591"},"modified":"2026-04-28T16:56:49","modified_gmt":"2026-04-28T16:56:49","slug":"support-pour-ctes-leves-moyen","status":"publish","type":"product","link":"https:\/\/gastora.eu\/en\/product\/support-pour-ctes-leves-moyen\/","title":{"rendered":"Support pour c\u00f4tes lev\u00e9es &#8211; Moyen"},"content":{"rendered":"<p>Placez la grille \u00e0 c\u00f4tes lev\u00e9es sur le dessus du barbecue. De cette fa\u00e7on, les c\u00f4tes, les cuisses de poulet ou les c\u00f4telettes sont cuites uniform\u00e9ment. La grille \u00e0 c\u00f4tes en acier inoxydable est facile \u00e0 nettoyer. Il est recommand\u00e9 d&#8217;enduire les aliments d&#8217;huile de cuisson pour \u00e9viter qu&#8217;ils ne collent \u00e0 la grille.<\/p>\n<p>Caract\u00e9ristiques du produit<\/p>\n<ul>\n<li>Poids net : 0,45 kg<\/li>\n<li>Dimensions de l&#8217;\u00e9tag\u00e8re : L270 x P185 x H80 mm<\/li>\n<li>Convient pour le barbecue avec \u00d8 16 pouces\/41 cm et \u00d8 18 pouces\/46 cm<\/li>\n<\/ul>","protected":false},"excerpt":{"rendered":"<p>Ce support de c\u00f4tes lev\u00e9es en acier inoxydable est id\u00e9al pour la cuisson de grandes quantit\u00e9s de c\u00f4tes lev\u00e9es. En pla\u00e7ant les c\u00f4tes dans la grille \u00e0 c\u00f4tes, elles sont cuites verticalement et uniform\u00e9ment.<\/p>","protected":false},"featured_media":7926,"template":"","meta":{"_acf_changed":false},"product_brand":[],"product_cat":[470],"product_tag":[],"class_list":{"0":"post-14591","1":"product","2":"type-product","3":"status-publish","4":"has-post-thumbnail","6":"product_cat-grills-planchas-2","8":"first","9":"instock","10":"sale","11":"taxable","12":"shipping-taxable","13":"purchasable","14":"product-type-simple"},"acf":[],"yoast_head":"<!-- This site is optimized with the Yoast SEO plugin v27.5 - https:\/\/yoast.com\/product\/yoast-seo-wordpress\/ -->\n<title>Support pour c\u00f4tes lev\u00e9es - Moyen - Gastora<\/title>\n<meta name=\"description\" content=\"Achetez Support pour c\u00f4tes lev\u00e9es - Moyen au meilleur prix, fiable et performant avec une livraison rapide\" \/>\n<meta name=\"robots\" content=\"index, follow, max-snippet:-1, max-image-preview:large, max-video-preview:-1\" \/>\n<link rel=\"canonical\" href=\"https:\/\/gastora.eu\/en\/product\/support-pour-ctes-leves-moyen\/\" \/>\n<meta property=\"og:locale\" content=\"en_US\" \/>\n<meta property=\"og:type\" content=\"article\" \/>\n<meta property=\"og:title\" content=\"Support pour c\u00f4tes lev\u00e9es - Moyen - Gastora\" \/>\n<meta property=\"og:description\" content=\"Achetez Support pour c\u00f4tes lev\u00e9es - Moyen au meilleur prix, fiable et performant avec une livraison rapide\" \/>\n<meta property=\"og:url\" content=\"https:\/\/gastora.eu\/en\/product\/support-pour-ctes-leves-moyen\/\" \/>\n<meta property=\"og:site_name\" content=\"Gastora\" \/>\n<meta property=\"article:modified_time\" content=\"2026-04-28T16:56:49+00:00\" \/>\n<meta name=\"twitter:card\" content=\"summary_large_image\" \/>\n<script type=\"application\/ld+json\" class=\"yoast-schema-graph\">{\"@context\":\"https:\\\/\\\/schema.org\",\"@graph\":[{\"@type\":\"WebPage\",\"@id\":\"https:\\\/\\\/gastora.eu\\\/product\\\/support-pour-ctes-leves-moyen\\\/\",\"url\":\"https:\\\/\\\/gastora.eu\\\/product\\\/support-pour-ctes-leves-moyen\\\/\",\"name\":\"Support pour c\u00f4tes lev\u00e9es - Moyen - Gastora\",\"isPartOf\":{\"@id\":\"https:\\\/\\\/gastora.eu\\\/#website\"},\"primaryImageOfPage\":{\"@id\":\"https:\\\/\\\/gastora.eu\\\/product\\\/support-pour-ctes-leves-moyen\\\/#primaryimage\"},\"image\":{\"@id\":\"https:\\\/\\\/gastora.eu\\\/product\\\/support-pour-ctes-leves-moyen\\\/#primaryimage\"},\"thumbnailUrl\":\"https:\\\/\\\/gastora.eu\\\/wp-content\\\/uploads\\\/2026\\\/04\\\/09378105-3332.jpg\",\"datePublished\":\"2026-04-26T08:40:44+00:00\",\"dateModified\":\"2026-04-28T16:56:49+00:00\",\"description\":\"Achetez Support pour c\u00f4tes lev\u00e9es - Moyen au meilleur prix, fiable et performant avec une livraison rapide\",\"breadcrumb\":{\"@id\":\"https:\\\/\\\/gastora.eu\\\/product\\\/support-pour-ctes-leves-moyen\\\/#breadcrumb\"},\"inLanguage\":\"en-US\",\"potentialAction\":[{\"@type\":\"ReadAction\",\"target\":[\"https:\\\/\\\/gastora.eu\\\/product\\\/support-pour-ctes-leves-moyen\\\/\"]}]},{\"@type\":\"ImageObject\",\"inLanguage\":\"en-US\",\"@id\":\"https:\\\/\\\/gastora.eu\\\/product\\\/support-pour-ctes-leves-moyen\\\/#primaryimage\",\"url\":\"https:\\\/\\\/gastora.eu\\\/wp-content\\\/uploads\\\/2026\\\/04\\\/09378105-3332.jpg\",\"contentUrl\":\"https:\\\/\\\/gastora.eu\\\/wp-content\\\/uploads\\\/2026\\\/04\\\/09378105-3332.jpg\",\"width\":1200,\"height\":1200},{\"@type\":\"BreadcrumbList\",\"@id\":\"https:\\\/\\\/gastora.eu\\\/product\\\/support-pour-ctes-leves-moyen\\\/#breadcrumb\",\"itemListElement\":[{\"@type\":\"ListItem\",\"position\":1,\"name\":\"Home\",\"item\":\"https:\\\/\\\/gastora.eu\\\/\"},{\"@type\":\"ListItem\",\"position\":2,\"name\":\"Shop\",\"item\":\"https:\\\/\\\/gastora.eu\\\/shop\\\/\"},{\"@type\":\"ListItem\",\"position\":3,\"name\":\"Support pour c\u00f4tes lev\u00e9es &#8211; Moyen\"}]},{\"@type\":\"WebSite\",\"@id\":\"https:\\\/\\\/gastora.eu\\\/#website\",\"url\":\"https:\\\/\\\/gastora.eu\\\/\",\"name\":\"Gastora\",\"description\":\"\u00c9quipements professionnels CHR\",\"publisher\":{\"@id\":\"https:\\\/\\\/gastora.eu\\\/#organization\"},\"potentialAction\":[{\"@type\":\"SearchAction\",\"target\":{\"@type\":\"EntryPoint\",\"urlTemplate\":\"https:\\\/\\\/gastora.eu\\\/?s={search_term_string}\"},\"query-input\":{\"@type\":\"PropertyValueSpecification\",\"valueRequired\":true,\"valueName\":\"search_term_string\"}}],\"inLanguage\":\"en-US\"},{\"@type\":\"Organization\",\"@id\":\"https:\\\/\\\/gastora.eu\\\/#organization\",\"name\":\"Gastora\",\"url\":\"https:\\\/\\\/gastora.eu\\\/\",\"logo\":{\"@type\":\"ImageObject\",\"inLanguage\":\"en-US\",\"@id\":\"https:\\\/\\\/gastora.eu\\\/#\\\/schema\\\/logo\\\/image\\\/\",\"url\":\"https:\\\/\\\/gastora.eu\\\/wp-content\\\/uploads\\\/2025\\\/12\\\/ChatGPT-Image-2-janv.-2026-22_52_47-1.png\",\"contentUrl\":\"https:\\\/\\\/gastora.eu\\\/wp-content\\\/uploads\\\/2025\\\/12\\\/ChatGPT-Image-2-janv.-2026-22_52_47-1.png\",\"width\":1536,\"height\":320,\"caption\":\"Gastora\"},\"image\":{\"@id\":\"https:\\\/\\\/gastora.eu\\\/#\\\/schema\\\/logo\\\/image\\\/\"}}]}<\/script>\n<!-- \/ Yoast SEO plugin. -->","yoast_head_json":{"title":"Support pour c\u00f4tes lev\u00e9es - Moyen - Gastora","description":"Achetez Support pour c\u00f4tes lev\u00e9es - Moyen au meilleur prix, fiable et performant avec une livraison rapide","robots":{"index":"index","follow":"follow","max-snippet":"max-snippet:-1","max-image-preview":"max-image-preview:large","max-video-preview":"max-video-preview:-1"},"canonical":"https:\/\/gastora.eu\/en\/product\/support-pour-ctes-leves-moyen\/","og_locale":"en_US","og_type":"article","og_title":"Support pour c\u00f4tes lev\u00e9es - Moyen - Gastora","og_description":"Achetez Support pour c\u00f4tes lev\u00e9es - Moyen au meilleur prix, fiable et performant avec une livraison rapide","og_url":"https:\/\/gastora.eu\/en\/product\/support-pour-ctes-leves-moyen\/","og_site_name":"Gastora","article_modified_time":"2026-04-28T16:56:49+00:00","twitter_card":"summary_large_image","schema":{"@context":"https:\/\/schema.org","@graph":[{"@type":"WebPage","@id":"https:\/\/gastora.eu\/product\/support-pour-ctes-leves-moyen\/","url":"https:\/\/gastora.eu\/product\/support-pour-ctes-leves-moyen\/","name":"Support pour c\u00f4tes lev\u00e9es - Moyen - Gastora","isPartOf":{"@id":"https:\/\/gastora.eu\/#website"},"primaryImageOfPage":{"@id":"https:\/\/gastora.eu\/product\/support-pour-ctes-leves-moyen\/#primaryimage"},"image":{"@id":"https:\/\/gastora.eu\/product\/support-pour-ctes-leves-moyen\/#primaryimage"},"thumbnailUrl":"https:\/\/gastora.eu\/wp-content\/uploads\/2026\/04\/09378105-3332.jpg","datePublished":"2026-04-26T08:40:44+00:00","dateModified":"2026-04-28T16:56:49+00:00","description":"Achetez Support pour c\u00f4tes lev\u00e9es - Moyen au meilleur prix, fiable et performant avec une livraison rapide","breadcrumb":{"@id":"https:\/\/gastora.eu\/product\/support-pour-ctes-leves-moyen\/#breadcrumb"},"inLanguage":"en-US","potentialAction":[{"@type":"ReadAction","target":["https:\/\/gastora.eu\/product\/support-pour-ctes-leves-moyen\/"]}]},{"@type":"ImageObject","inLanguage":"en-US","@id":"https:\/\/gastora.eu\/product\/support-pour-ctes-leves-moyen\/#primaryimage","url":"https:\/\/gastora.eu\/wp-content\/uploads\/2026\/04\/09378105-3332.jpg","contentUrl":"https:\/\/gastora.eu\/wp-content\/uploads\/2026\/04\/09378105-3332.jpg","width":1200,"height":1200},{"@type":"BreadcrumbList","@id":"https:\/\/gastora.eu\/product\/support-pour-ctes-leves-moyen\/#breadcrumb","itemListElement":[{"@type":"ListItem","position":1,"name":"Home","item":"https:\/\/gastora.eu\/"},{"@type":"ListItem","position":2,"name":"Shop","item":"https:\/\/gastora.eu\/shop\/"},{"@type":"ListItem","position":3,"name":"Support pour c\u00f4tes lev\u00e9es &#8211; Moyen"}]},{"@type":"WebSite","@id":"https:\/\/gastora.eu\/#website","url":"https:\/\/gastora.eu\/","name":"Gastora","description":"\u00c9quipements professionnels CHR","publisher":{"@id":"https:\/\/gastora.eu\/#organization"},"potentialAction":[{"@type":"SearchAction","target":{"@type":"EntryPoint","urlTemplate":"https:\/\/gastora.eu\/?s={search_term_string}"},"query-input":{"@type":"PropertyValueSpecification","valueRequired":true,"valueName":"search_term_string"}}],"inLanguage":"en-US"},{"@type":"Organization","@id":"https:\/\/gastora.eu\/#organization","name":"Gastora","url":"https:\/\/gastora.eu\/","logo":{"@type":"ImageObject","inLanguage":"en-US","@id":"https:\/\/gastora.eu\/#\/schema\/logo\/image\/","url":"https:\/\/gastora.eu\/wp-content\/uploads\/2025\/12\/ChatGPT-Image-2-janv.-2026-22_52_47-1.png","contentUrl":"https:\/\/gastora.eu\/wp-content\/uploads\/2025\/12\/ChatGPT-Image-2-janv.-2026-22_52_47-1.png","width":1536,"height":320,"caption":"Gastora"},"image":{"@id":"https:\/\/gastora.eu\/#\/schema\/logo\/image\/"}}]}},"jetpack_sharing_enabled":true,"_links":{"self":[{"href":"https:\/\/gastora.eu\/en\/wp-json\/wp\/v2\/product\/14591","targetHints":{"allow":["GET"]}}],"collection":[{"href":"https:\/\/gastora.eu\/en\/wp-json\/wp\/v2\/product"}],"about":[{"href":"https:\/\/gastora.eu\/en\/wp-json\/wp\/v2\/types\/product"}],"wp:featuredmedia":[{"embeddable":true,"href":"https:\/\/gastora.eu\/en\/wp-json\/wp\/v2\/media\/7926"}],"wp:attachment":[{"href":"https:\/\/gastora.eu\/en\/wp-json\/wp\/v2\/media?parent=14591"}],"wp:term":[{"taxonomy":"product_brand","embeddable":true,"href":"https:\/\/gastora.eu\/en\/wp-json\/wp\/v2\/product_brand?post=14591"},{"taxonomy":"product_cat","embeddable":true,"href":"https:\/\/gastora.eu\/en\/wp-json\/wp\/v2\/product_cat?post=14591"},{"taxonomy":"product_tag","embeddable":true,"href":"https:\/\/gastora.eu\/en\/wp-json\/wp\/v2\/product_tag?post=14591"}],"curies":[{"name":"wp","href":"https:\/\/api.w.org\/{rel}","templated":true}]}}