{"id":14586,"date":"2026-04-26T08:40:37","date_gmt":"2026-04-26T08:40:37","guid":{"rendered":"https:\/\/gastora.eu\/?post_type=product&#038;p=14586"},"modified":"2026-04-28T16:56:49","modified_gmt":"2026-04-28T16:56:49","slug":"four-pizza-53cm-cramique","status":"publish","type":"product","link":"https:\/\/gastora.eu\/en\/product\/four-pizza-53cm-cramique\/","title":{"rendered":"Four \u00e0 Pizza &#8211; \u00d853cm &#8211; C\u00e9ramique"},"content":{"rendered":"<p>Le go\u00fbt authentique d&#8217;une pizza italienne est d\u00e9sormais plus facile \u00e0 r\u00e9aliser que jamais. Le choix de mat\u00e9riaux robustes fait de ce four \u00e0 pizza un ensemble complet \u00e0 un prix avantageux.<\/p>\n<h3>Un four \u00e0 pizza complet<\/h3>\n<p>Ce four \u00e0 pizza de table est livr\u00e9 avec tout ce dont vous avez besoin. Sa base en acier vous permet de le placer n&#8217;importe o\u00f9. Gr\u00e2ce au thermom\u00e8tre situ\u00e9 sur la face avant, vous pouvez facilement voir si le four \u00e0 pizza a atteint la bonne temp\u00e9rature.<\/p>\n<h3>Mat\u00e9riaux robustes<\/h3>\n<p>Les parties en acier, comme le socle, sont recouvertes d&#8217;un rev\u00eatement en poudre et les parois sont en c\u00e9ramique. Le grand avantage de la c\u00e9ramique est qu&#8217;elle r\u00e9siste aux temp\u00e9ratures \u00e9lev\u00e9es et retient tr\u00e8s bien la chaleur. Cela permet de maintenir une temp\u00e9rature constante. Gr\u00e2ce \u00e0 ce choix de mat\u00e9riaux robustes, il est possible de laisser le four \u00e0 pizza \u00e0 l&#8217;ext\u00e9rieur. Le bambou a \u00e9t\u00e9 choisi pour les poign\u00e9es afin de ne pas se br\u00fbler les mains.<\/p>\n<p><strong>Caract\u00e9ristiques :<\/strong><\/p>\n<ul>\n<li>Four \u00e0 pizza de table robuste<\/li>\n<li>Le bo\u00eetier en c\u00e9ramique r\u00e9siste aux variations de temp\u00e9rature<\/li>\n<li>La base est en acier rev\u00eatu de poudre<\/li>\n<li>Les poign\u00e9es sont en bambou<\/li>\n<li>Thermom\u00e8tre avec \u00e9chelle de temp\u00e9rature en degr\u00e9s Celsius et Fahrenheit<\/li>\n<li>Convient pour le bois, le charbon de bois et les briquettes<\/li>\n<\/ul>\n<p><strong>Caract\u00e9ristiques du produit :<\/strong><\/p>\n<ul>\n<li>Couleur : noir<\/li>\n<li>Poids net : 27 kg<\/li>\n<li>Diam\u00e8tre du barbecue : \u00d8 21 pouces \/ 53cm<\/li>\n<li>Dimensions de l&#8217;appareil : L70,5 x D55 x H40cm<\/li>\n<\/ul>\n<p><em>Inclus dans le prix<\/em><\/p>\n<ul>\n<li><em>Une pierre \u00e0 pizza \u00d8 34 cm<\/em><\/li>\n<\/ul>\n<p><strong>Remarque :<\/strong> les accessoires tels que le couvercle anti-pluie, le cendrier et l&#8217;outil \u00e0 cendres peuvent \u00eatre command\u00e9s s\u00e9par\u00e9ment sur notre site Internet.<\/p>","protected":false},"excerpt":{"rendered":"<p>Avec ce four \u00e0 pizza noir en c\u00e9ramique d&#8217;un diam\u00e8tre de 53 cm, vous pouvez pr\u00e9parer les pizzas les plus d\u00e9licieuses. Le bo\u00eetier en c\u00e9ramique r\u00e9siste aux variations de temp\u00e9rature et il est livr\u00e9 avec une pierre \u00e0 pizza. La base est en acier peint par poudrage et les poign\u00e9es sont en bambou.<\/p>","protected":false},"featured_media":7916,"template":"","meta":{"_acf_changed":false},"product_brand":[],"product_cat":[470],"product_tag":[],"class_list":{"0":"post-14586","1":"product","2":"type-product","3":"status-publish","4":"has-post-thumbnail","6":"product_cat-grills-planchas-2","8":"first","9":"instock","10":"sale","11":"taxable","12":"shipping-taxable","13":"purchasable","14":"product-type-simple"},"acf":[],"yoast_head":"<!-- This site is optimized with the Yoast SEO plugin v27.5 - https:\/\/yoast.com\/product\/yoast-seo-wordpress\/ -->\n<title>Four \u00e0 Pizza - \u00d853cm - C\u00e9ramique - Gastora<\/title>\n<meta name=\"description\" content=\"Achetez Four \u00e0 Pizza - \u00d853cm - C\u00e9ramique au meilleur prix, fiable et performant avec une livraison rapide\" \/>\n<meta name=\"robots\" content=\"index, follow, max-snippet:-1, max-image-preview:large, max-video-preview:-1\" \/>\n<link rel=\"canonical\" href=\"https:\/\/gastora.eu\/en\/product\/four-pizza-53cm-cramique\/\" \/>\n<meta property=\"og:locale\" content=\"en_US\" \/>\n<meta property=\"og:type\" content=\"article\" \/>\n<meta property=\"og:title\" content=\"Four \u00e0 Pizza - \u00d853cm - C\u00e9ramique - Gastora\" \/>\n<meta property=\"og:description\" content=\"Achetez Four \u00e0 Pizza - \u00d853cm - C\u00e9ramique au meilleur prix, fiable et performant avec une livraison rapide\" \/>\n<meta property=\"og:url\" content=\"https:\/\/gastora.eu\/en\/product\/four-pizza-53cm-cramique\/\" \/>\n<meta property=\"og:site_name\" content=\"Gastora\" \/>\n<meta property=\"article:modified_time\" content=\"2026-04-28T16:56:49+00:00\" \/>\n<meta name=\"twitter:card\" content=\"summary_large_image\" \/>\n<meta name=\"twitter:label1\" content=\"Est. reading time\" \/>\n\t<meta name=\"twitter:data1\" content=\"1 minute\" \/>\n<script type=\"application\/ld+json\" class=\"yoast-schema-graph\">{\"@context\":\"https:\\\/\\\/schema.org\",\"@graph\":[{\"@type\":\"WebPage\",\"@id\":\"https:\\\/\\\/gastora.eu\\\/product\\\/four-pizza-53cm-cramique\\\/\",\"url\":\"https:\\\/\\\/gastora.eu\\\/product\\\/four-pizza-53cm-cramique\\\/\",\"name\":\"Four \u00e0 Pizza - \u00d853cm - C\u00e9ramique - Gastora\",\"isPartOf\":{\"@id\":\"https:\\\/\\\/gastora.eu\\\/#website\"},\"primaryImageOfPage\":{\"@id\":\"https:\\\/\\\/gastora.eu\\\/product\\\/four-pizza-53cm-cramique\\\/#primaryimage\"},\"image\":{\"@id\":\"https:\\\/\\\/gastora.eu\\\/product\\\/four-pizza-53cm-cramique\\\/#primaryimage\"},\"thumbnailUrl\":\"https:\\\/\\\/gastora.eu\\\/wp-content\\\/uploads\\\/2026\\\/04\\\/1_keramische_pizzaoven-1528_1.jpg\",\"datePublished\":\"2026-04-26T08:40:37+00:00\",\"dateModified\":\"2026-04-28T16:56:49+00:00\",\"description\":\"Achetez Four \u00e0 Pizza - \u00d853cm - C\u00e9ramique au meilleur prix, fiable et performant avec une livraison rapide\",\"breadcrumb\":{\"@id\":\"https:\\\/\\\/gastora.eu\\\/product\\\/four-pizza-53cm-cramique\\\/#breadcrumb\"},\"inLanguage\":\"en-US\",\"potentialAction\":[{\"@type\":\"ReadAction\",\"target\":[\"https:\\\/\\\/gastora.eu\\\/product\\\/four-pizza-53cm-cramique\\\/\"]}]},{\"@type\":\"ImageObject\",\"inLanguage\":\"en-US\",\"@id\":\"https:\\\/\\\/gastora.eu\\\/product\\\/four-pizza-53cm-cramique\\\/#primaryimage\",\"url\":\"https:\\\/\\\/gastora.eu\\\/wp-content\\\/uploads\\\/2026\\\/04\\\/1_keramische_pizzaoven-1528_1.jpg\",\"contentUrl\":\"https:\\\/\\\/gastora.eu\\\/wp-content\\\/uploads\\\/2026\\\/04\\\/1_keramische_pizzaoven-1528_1.jpg\",\"width\":1200,\"height\":1200},{\"@type\":\"BreadcrumbList\",\"@id\":\"https:\\\/\\\/gastora.eu\\\/product\\\/four-pizza-53cm-cramique\\\/#breadcrumb\",\"itemListElement\":[{\"@type\":\"ListItem\",\"position\":1,\"name\":\"Home\",\"item\":\"https:\\\/\\\/gastora.eu\\\/\"},{\"@type\":\"ListItem\",\"position\":2,\"name\":\"Shop\",\"item\":\"https:\\\/\\\/gastora.eu\\\/shop\\\/\"},{\"@type\":\"ListItem\",\"position\":3,\"name\":\"Four \u00e0 Pizza &#8211; \u00d853cm &#8211; C\u00e9ramique\"}]},{\"@type\":\"WebSite\",\"@id\":\"https:\\\/\\\/gastora.eu\\\/#website\",\"url\":\"https:\\\/\\\/gastora.eu\\\/\",\"name\":\"Gastora\",\"description\":\"\u00c9quipements professionnels CHR\",\"publisher\":{\"@id\":\"https:\\\/\\\/gastora.eu\\\/#organization\"},\"potentialAction\":[{\"@type\":\"SearchAction\",\"target\":{\"@type\":\"EntryPoint\",\"urlTemplate\":\"https:\\\/\\\/gastora.eu\\\/?s={search_term_string}\"},\"query-input\":{\"@type\":\"PropertyValueSpecification\",\"valueRequired\":true,\"valueName\":\"search_term_string\"}}],\"inLanguage\":\"en-US\"},{\"@type\":\"Organization\",\"@id\":\"https:\\\/\\\/gastora.eu\\\/#organization\",\"name\":\"Gastora\",\"url\":\"https:\\\/\\\/gastora.eu\\\/\",\"logo\":{\"@type\":\"ImageObject\",\"inLanguage\":\"en-US\",\"@id\":\"https:\\\/\\\/gastora.eu\\\/#\\\/schema\\\/logo\\\/image\\\/\",\"url\":\"https:\\\/\\\/gastora.eu\\\/wp-content\\\/uploads\\\/2025\\\/12\\\/ChatGPT-Image-2-janv.-2026-22_52_47-1.png\",\"contentUrl\":\"https:\\\/\\\/gastora.eu\\\/wp-content\\\/uploads\\\/2025\\\/12\\\/ChatGPT-Image-2-janv.-2026-22_52_47-1.png\",\"width\":1536,\"height\":320,\"caption\":\"Gastora\"},\"image\":{\"@id\":\"https:\\\/\\\/gastora.eu\\\/#\\\/schema\\\/logo\\\/image\\\/\"}}]}<\/script>\n<!-- \/ Yoast SEO plugin. -->","yoast_head_json":{"title":"Four \u00e0 Pizza - \u00d853cm - C\u00e9ramique - Gastora","description":"Achetez Four \u00e0 Pizza - \u00d853cm - C\u00e9ramique au meilleur prix, fiable et performant avec une livraison rapide","robots":{"index":"index","follow":"follow","max-snippet":"max-snippet:-1","max-image-preview":"max-image-preview:large","max-video-preview":"max-video-preview:-1"},"canonical":"https:\/\/gastora.eu\/en\/product\/four-pizza-53cm-cramique\/","og_locale":"en_US","og_type":"article","og_title":"Four \u00e0 Pizza - \u00d853cm - C\u00e9ramique - Gastora","og_description":"Achetez Four \u00e0 Pizza - \u00d853cm - C\u00e9ramique au meilleur prix, fiable et performant avec une livraison rapide","og_url":"https:\/\/gastora.eu\/en\/product\/four-pizza-53cm-cramique\/","og_site_name":"Gastora","article_modified_time":"2026-04-28T16:56:49+00:00","twitter_card":"summary_large_image","twitter_misc":{"Est. reading time":"1 minute"},"schema":{"@context":"https:\/\/schema.org","@graph":[{"@type":"WebPage","@id":"https:\/\/gastora.eu\/product\/four-pizza-53cm-cramique\/","url":"https:\/\/gastora.eu\/product\/four-pizza-53cm-cramique\/","name":"Four \u00e0 Pizza - \u00d853cm - C\u00e9ramique - Gastora","isPartOf":{"@id":"https:\/\/gastora.eu\/#website"},"primaryImageOfPage":{"@id":"https:\/\/gastora.eu\/product\/four-pizza-53cm-cramique\/#primaryimage"},"image":{"@id":"https:\/\/gastora.eu\/product\/four-pizza-53cm-cramique\/#primaryimage"},"thumbnailUrl":"https:\/\/gastora.eu\/wp-content\/uploads\/2026\/04\/1_keramische_pizzaoven-1528_1.jpg","datePublished":"2026-04-26T08:40:37+00:00","dateModified":"2026-04-28T16:56:49+00:00","description":"Achetez Four \u00e0 Pizza - \u00d853cm - C\u00e9ramique au meilleur prix, fiable et performant avec une livraison rapide","breadcrumb":{"@id":"https:\/\/gastora.eu\/product\/four-pizza-53cm-cramique\/#breadcrumb"},"inLanguage":"en-US","potentialAction":[{"@type":"ReadAction","target":["https:\/\/gastora.eu\/product\/four-pizza-53cm-cramique\/"]}]},{"@type":"ImageObject","inLanguage":"en-US","@id":"https:\/\/gastora.eu\/product\/four-pizza-53cm-cramique\/#primaryimage","url":"https:\/\/gastora.eu\/wp-content\/uploads\/2026\/04\/1_keramische_pizzaoven-1528_1.jpg","contentUrl":"https:\/\/gastora.eu\/wp-content\/uploads\/2026\/04\/1_keramische_pizzaoven-1528_1.jpg","width":1200,"height":1200},{"@type":"BreadcrumbList","@id":"https:\/\/gastora.eu\/product\/four-pizza-53cm-cramique\/#breadcrumb","itemListElement":[{"@type":"ListItem","position":1,"name":"Home","item":"https:\/\/gastora.eu\/"},{"@type":"ListItem","position":2,"name":"Shop","item":"https:\/\/gastora.eu\/shop\/"},{"@type":"ListItem","position":3,"name":"Four \u00e0 Pizza &#8211; \u00d853cm &#8211; C\u00e9ramique"}]},{"@type":"WebSite","@id":"https:\/\/gastora.eu\/#website","url":"https:\/\/gastora.eu\/","name":"Gastora","description":"\u00c9quipements professionnels CHR","publisher":{"@id":"https:\/\/gastora.eu\/#organization"},"potentialAction":[{"@type":"SearchAction","target":{"@type":"EntryPoint","urlTemplate":"https:\/\/gastora.eu\/?s={search_term_string}"},"query-input":{"@type":"PropertyValueSpecification","valueRequired":true,"valueName":"search_term_string"}}],"inLanguage":"en-US"},{"@type":"Organization","@id":"https:\/\/gastora.eu\/#organization","name":"Gastora","url":"https:\/\/gastora.eu\/","logo":{"@type":"ImageObject","inLanguage":"en-US","@id":"https:\/\/gastora.eu\/#\/schema\/logo\/image\/","url":"https:\/\/gastora.eu\/wp-content\/uploads\/2025\/12\/ChatGPT-Image-2-janv.-2026-22_52_47-1.png","contentUrl":"https:\/\/gastora.eu\/wp-content\/uploads\/2025\/12\/ChatGPT-Image-2-janv.-2026-22_52_47-1.png","width":1536,"height":320,"caption":"Gastora"},"image":{"@id":"https:\/\/gastora.eu\/#\/schema\/logo\/image\/"}}]}},"jetpack_sharing_enabled":true,"_links":{"self":[{"href":"https:\/\/gastora.eu\/en\/wp-json\/wp\/v2\/product\/14586","targetHints":{"allow":["GET"]}}],"collection":[{"href":"https:\/\/gastora.eu\/en\/wp-json\/wp\/v2\/product"}],"about":[{"href":"https:\/\/gastora.eu\/en\/wp-json\/wp\/v2\/types\/product"}],"wp:featuredmedia":[{"embeddable":true,"href":"https:\/\/gastora.eu\/en\/wp-json\/wp\/v2\/media\/7916"}],"wp:attachment":[{"href":"https:\/\/gastora.eu\/en\/wp-json\/wp\/v2\/media?parent=14586"}],"wp:term":[{"taxonomy":"product_brand","embeddable":true,"href":"https:\/\/gastora.eu\/en\/wp-json\/wp\/v2\/product_brand?post=14586"},{"taxonomy":"product_cat","embeddable":true,"href":"https:\/\/gastora.eu\/en\/wp-json\/wp\/v2\/product_cat?post=14586"},{"taxonomy":"product_tag","embeddable":true,"href":"https:\/\/gastora.eu\/en\/wp-json\/wp\/v2\/product_tag?post=14586"}],"curies":[{"name":"wp","href":"https:\/\/api.w.org\/{rel}","templated":true}]}}