{"id":14583,"date":"2026-04-26T08:40:34","date_gmt":"2026-04-26T08:40:34","guid":{"rendered":"https:\/\/gastora.eu\/?post_type=product&#038;p=14583"},"modified":"2026-04-28T16:56:48","modified_gmt":"2026-04-28T16:56:48","slug":"premium-kamado-barbecue-18-inch","status":"publish","type":"product","link":"https:\/\/gastora.eu\/en\/product\/premium-kamado-barbecue-18-inch\/","title":{"rendered":"Premium kamado barbecue 18 inch"},"content":{"rendered":"<p>Avec un diam\u00e8tre de 39,5 cm, ce barbecue Kamado peut \u00eatre utilis\u00e9 pour diff\u00e9rentes techniques de cuisson. Gr\u00e2ce \u00e0 ses roues pratiques, vous pouvez \u00e9galement le faire rouler facilement dans votre jardin. Ce mod\u00e8le s&#8217;adapte parfaitement aux espaces plus restreints, comme un balcon ou une terrasse, car les deux tables d&#8217;appoint peuvent \u00eatre repli\u00e9es. Le bol \u00e0 feu, tout comme les parois, est en c\u00e9ramique et peut r\u00e9sister \u00e0 des temp\u00e9ratures \u00e9lev\u00e9es et conserver la chaleur et l&#8217;humidit\u00e9. Le barbecue dispose \u00e9galement d&#8217;un cendrier escamotable pour un nettoyage facile.<\/p>\n<h3>Circulation optimale de l&#8217;air<\/h3>\n<p>L&#8217;arriv\u00e9e d&#8217;air r\u00e9glable en bas et la sortie d&#8217;air dans le couvercle assurent une circulation d&#8217;air optimale. Vous pouvez l&#8217;utiliser pour ajuster la temp\u00e9rature de vos plats. Les plaques de gril r\u00e9glables sont \u00e9galement utiles car elles vous permettent de placer vos plats \u00e0 la hauteur id\u00e9ale au-dessus du feu. La paroi et la cuvette du feu sont en c\u00e9ramique et garantissent que le Kamado ne sera pas affect\u00e9 par les temp\u00e9ratures \u00e9lev\u00e9es ou les diff\u00e9rences de temp\u00e9rature.<\/p>\n<h3>Mat\u00e9riaux robustes<\/h3>\n<p>Outre la c\u00e9ramique robuste, les autres mat\u00e9riaux garantissent \u00e9galement que vous disposez d&#8217;un appareil de cuisson solide. Les pi\u00e8ces en acier sont rev\u00eatues et la grille de cuisson est en acier inoxydable. Elle contient \u00e9galement une couche d&#8217;\u00e9mail porcelaine qui la rend r\u00e9sistante \u00e0 la rouille et \u00e0 l&#8217;\u00e9caillage. Cela vous permet de laisser votre barbecue Kamado \u00e0 l&#8217;ext\u00e9rieur en toute s\u00e9curit\u00e9. La poign\u00e9e est en bambou afin de garantir qu&#8217;elle ne chauffe pas pendant la cuisson.<\/p>\n<p><strong>Caract\u00e9ristiques :<\/strong><\/p>\n<ul>\n<li>Facile \u00e0 d\u00e9placer gr\u00e2ce au ch\u00e2ssis \u00e0 roulettes<\/li>\n<li>Parois et cuvette en c\u00e9ramique<\/li>\n<li>\u00c9quip\u00e9 de 2 tables d&#8217;appoint pliantes<\/li>\n<li>R\u00e9sistant \u00e0 la chaleur et aux changements de temp\u00e9rature<\/li>\n<li>Ch\u00e2ssis, sangles et charni\u00e8res en acier rev\u00eatu<\/li>\n<li>Cendrier escamotable pour un nettoyage facile<\/li>\n<\/ul>\n<p><strong>Caract\u00e9ristiques du produit :<\/strong><\/p>\n<ul>\n<li>Poids net : 62 kg<\/li>\n<li>Dimensions de l&#8217;appareil : L116 x P65 x H100cm<\/li>\n<li>Diam\u00e8tre int\u00e9rieur du barbecue : \u00d8 39,5cm<\/li>\n<li>Diam\u00e8tre de la grille du barbecue : \u00d8 37,5cm<\/li>\n<li>Couleur : noir<\/li>\n<\/ul>\n<p><strong>Remarque :<\/strong> les accessoires tels que le pare-pluie, le cendrier et l&#8217;outil \u00e0 cendres peuvent \u00eatre command\u00e9s s\u00e9par\u00e9ment sur notre site Internet.<\/p>","protected":false},"excerpt":{"rendered":"<p>Avec ce barbecue Kamado de 39,5 cm, vous pouvez cuisiner presque tout ce que vous voulez. Avec ses options de cuisson, de cuisson au four, de cuisson \u00e0 la vapeur et de cuisson lente, ce barbecue en c\u00e9ramique est un v\u00e9ritable multitalent. Pour plus de commodit\u00e9, il est \u00e9galement \u00e9quip\u00e9 de roulettes et de tables lat\u00e9rales pratiques.<\/p>","protected":false},"featured_media":7910,"template":"","meta":{"_acf_changed":false},"product_brand":[],"product_cat":[470],"product_tag":[],"class_list":{"0":"post-14583","1":"product","2":"type-product","3":"status-publish","4":"has-post-thumbnail","6":"product_cat-grills-planchas-2","8":"first","9":"instock","10":"sale","11":"taxable","12":"shipping-taxable","13":"purchasable","14":"product-type-simple"},"acf":[],"yoast_head":"<!-- This site is optimized with the Yoast SEO plugin v27.5 - https:\/\/yoast.com\/product\/yoast-seo-wordpress\/ -->\n<title>Premium kamado barbecue 18 inch - Gastora<\/title>\n<meta name=\"description\" content=\"Achetez Premium kamado barbecue 18 inch au meilleur prix, fiable et performant avec une livraison rapide\" \/>\n<meta name=\"robots\" content=\"index, follow, max-snippet:-1, max-image-preview:large, max-video-preview:-1\" \/>\n<link rel=\"canonical\" href=\"https:\/\/gastora.eu\/en\/product\/premium-kamado-barbecue-18-inch\/\" \/>\n<meta property=\"og:locale\" content=\"en_US\" \/>\n<meta property=\"og:type\" content=\"article\" \/>\n<meta property=\"og:title\" content=\"Premium kamado barbecue 18 inch - Gastora\" \/>\n<meta property=\"og:description\" content=\"Achetez Premium kamado barbecue 18 inch au meilleur prix, fiable et performant avec une livraison rapide\" \/>\n<meta property=\"og:url\" content=\"https:\/\/gastora.eu\/en\/product\/premium-kamado-barbecue-18-inch\/\" \/>\n<meta property=\"og:site_name\" content=\"Gastora\" \/>\n<meta property=\"article:modified_time\" content=\"2026-04-28T16:56:48+00:00\" \/>\n<meta name=\"twitter:card\" content=\"summary_large_image\" \/>\n<meta name=\"twitter:label1\" content=\"Est. reading time\" \/>\n\t<meta name=\"twitter:data1\" content=\"2 minutes\" \/>\n<script type=\"application\/ld+json\" class=\"yoast-schema-graph\">{\"@context\":\"https:\\\/\\\/schema.org\",\"@graph\":[{\"@type\":\"WebPage\",\"@id\":\"https:\\\/\\\/gastora.eu\\\/product\\\/premium-kamado-barbecue-18-inch\\\/\",\"url\":\"https:\\\/\\\/gastora.eu\\\/product\\\/premium-kamado-barbecue-18-inch\\\/\",\"name\":\"Premium kamado barbecue 18 inch - Gastora\",\"isPartOf\":{\"@id\":\"https:\\\/\\\/gastora.eu\\\/#website\"},\"primaryImageOfPage\":{\"@id\":\"https:\\\/\\\/gastora.eu\\\/product\\\/premium-kamado-barbecue-18-inch\\\/#primaryimage\"},\"image\":{\"@id\":\"https:\\\/\\\/gastora.eu\\\/product\\\/premium-kamado-barbecue-18-inch\\\/#primaryimage\"},\"thumbnailUrl\":\"https:\\\/\\\/gastora.eu\\\/wp-content\\\/uploads\\\/2026\\\/04\\\/1_kamado_18-1242_1.jpg\",\"datePublished\":\"2026-04-26T08:40:34+00:00\",\"dateModified\":\"2026-04-28T16:56:48+00:00\",\"description\":\"Achetez Premium kamado barbecue 18 inch au meilleur prix, fiable et performant avec une livraison rapide\",\"breadcrumb\":{\"@id\":\"https:\\\/\\\/gastora.eu\\\/product\\\/premium-kamado-barbecue-18-inch\\\/#breadcrumb\"},\"inLanguage\":\"en-US\",\"potentialAction\":[{\"@type\":\"ReadAction\",\"target\":[\"https:\\\/\\\/gastora.eu\\\/product\\\/premium-kamado-barbecue-18-inch\\\/\"]}]},{\"@type\":\"ImageObject\",\"inLanguage\":\"en-US\",\"@id\":\"https:\\\/\\\/gastora.eu\\\/product\\\/premium-kamado-barbecue-18-inch\\\/#primaryimage\",\"url\":\"https:\\\/\\\/gastora.eu\\\/wp-content\\\/uploads\\\/2026\\\/04\\\/1_kamado_18-1242_1.jpg\",\"contentUrl\":\"https:\\\/\\\/gastora.eu\\\/wp-content\\\/uploads\\\/2026\\\/04\\\/1_kamado_18-1242_1.jpg\",\"width\":1200,\"height\":1200},{\"@type\":\"BreadcrumbList\",\"@id\":\"https:\\\/\\\/gastora.eu\\\/product\\\/premium-kamado-barbecue-18-inch\\\/#breadcrumb\",\"itemListElement\":[{\"@type\":\"ListItem\",\"position\":1,\"name\":\"Home\",\"item\":\"https:\\\/\\\/gastora.eu\\\/\"},{\"@type\":\"ListItem\",\"position\":2,\"name\":\"Shop\",\"item\":\"https:\\\/\\\/gastora.eu\\\/shop\\\/\"},{\"@type\":\"ListItem\",\"position\":3,\"name\":\"Premium kamado barbecue 18 inch\"}]},{\"@type\":\"WebSite\",\"@id\":\"https:\\\/\\\/gastora.eu\\\/#website\",\"url\":\"https:\\\/\\\/gastora.eu\\\/\",\"name\":\"Gastora\",\"description\":\"\u00c9quipements professionnels CHR\",\"publisher\":{\"@id\":\"https:\\\/\\\/gastora.eu\\\/#organization\"},\"potentialAction\":[{\"@type\":\"SearchAction\",\"target\":{\"@type\":\"EntryPoint\",\"urlTemplate\":\"https:\\\/\\\/gastora.eu\\\/?s={search_term_string}\"},\"query-input\":{\"@type\":\"PropertyValueSpecification\",\"valueRequired\":true,\"valueName\":\"search_term_string\"}}],\"inLanguage\":\"en-US\"},{\"@type\":\"Organization\",\"@id\":\"https:\\\/\\\/gastora.eu\\\/#organization\",\"name\":\"Gastora\",\"url\":\"https:\\\/\\\/gastora.eu\\\/\",\"logo\":{\"@type\":\"ImageObject\",\"inLanguage\":\"en-US\",\"@id\":\"https:\\\/\\\/gastora.eu\\\/#\\\/schema\\\/logo\\\/image\\\/\",\"url\":\"https:\\\/\\\/gastora.eu\\\/wp-content\\\/uploads\\\/2025\\\/12\\\/ChatGPT-Image-2-janv.-2026-22_52_47-1.png\",\"contentUrl\":\"https:\\\/\\\/gastora.eu\\\/wp-content\\\/uploads\\\/2025\\\/12\\\/ChatGPT-Image-2-janv.-2026-22_52_47-1.png\",\"width\":1536,\"height\":320,\"caption\":\"Gastora\"},\"image\":{\"@id\":\"https:\\\/\\\/gastora.eu\\\/#\\\/schema\\\/logo\\\/image\\\/\"}}]}<\/script>\n<!-- \/ Yoast SEO plugin. -->","yoast_head_json":{"title":"Premium kamado barbecue 18 inch - Gastora","description":"Achetez Premium kamado barbecue 18 inch au meilleur prix, fiable et performant avec une livraison rapide","robots":{"index":"index","follow":"follow","max-snippet":"max-snippet:-1","max-image-preview":"max-image-preview:large","max-video-preview":"max-video-preview:-1"},"canonical":"https:\/\/gastora.eu\/en\/product\/premium-kamado-barbecue-18-inch\/","og_locale":"en_US","og_type":"article","og_title":"Premium kamado barbecue 18 inch - Gastora","og_description":"Achetez Premium kamado barbecue 18 inch au meilleur prix, fiable et performant avec une livraison rapide","og_url":"https:\/\/gastora.eu\/en\/product\/premium-kamado-barbecue-18-inch\/","og_site_name":"Gastora","article_modified_time":"2026-04-28T16:56:48+00:00","twitter_card":"summary_large_image","twitter_misc":{"Est. reading time":"2 minutes"},"schema":{"@context":"https:\/\/schema.org","@graph":[{"@type":"WebPage","@id":"https:\/\/gastora.eu\/product\/premium-kamado-barbecue-18-inch\/","url":"https:\/\/gastora.eu\/product\/premium-kamado-barbecue-18-inch\/","name":"Premium kamado barbecue 18 inch - Gastora","isPartOf":{"@id":"https:\/\/gastora.eu\/#website"},"primaryImageOfPage":{"@id":"https:\/\/gastora.eu\/product\/premium-kamado-barbecue-18-inch\/#primaryimage"},"image":{"@id":"https:\/\/gastora.eu\/product\/premium-kamado-barbecue-18-inch\/#primaryimage"},"thumbnailUrl":"https:\/\/gastora.eu\/wp-content\/uploads\/2026\/04\/1_kamado_18-1242_1.jpg","datePublished":"2026-04-26T08:40:34+00:00","dateModified":"2026-04-28T16:56:48+00:00","description":"Achetez Premium kamado barbecue 18 inch au meilleur prix, fiable et performant avec une livraison rapide","breadcrumb":{"@id":"https:\/\/gastora.eu\/product\/premium-kamado-barbecue-18-inch\/#breadcrumb"},"inLanguage":"en-US","potentialAction":[{"@type":"ReadAction","target":["https:\/\/gastora.eu\/product\/premium-kamado-barbecue-18-inch\/"]}]},{"@type":"ImageObject","inLanguage":"en-US","@id":"https:\/\/gastora.eu\/product\/premium-kamado-barbecue-18-inch\/#primaryimage","url":"https:\/\/gastora.eu\/wp-content\/uploads\/2026\/04\/1_kamado_18-1242_1.jpg","contentUrl":"https:\/\/gastora.eu\/wp-content\/uploads\/2026\/04\/1_kamado_18-1242_1.jpg","width":1200,"height":1200},{"@type":"BreadcrumbList","@id":"https:\/\/gastora.eu\/product\/premium-kamado-barbecue-18-inch\/#breadcrumb","itemListElement":[{"@type":"ListItem","position":1,"name":"Home","item":"https:\/\/gastora.eu\/"},{"@type":"ListItem","position":2,"name":"Shop","item":"https:\/\/gastora.eu\/shop\/"},{"@type":"ListItem","position":3,"name":"Premium kamado barbecue 18 inch"}]},{"@type":"WebSite","@id":"https:\/\/gastora.eu\/#website","url":"https:\/\/gastora.eu\/","name":"Gastora","description":"\u00c9quipements professionnels CHR","publisher":{"@id":"https:\/\/gastora.eu\/#organization"},"potentialAction":[{"@type":"SearchAction","target":{"@type":"EntryPoint","urlTemplate":"https:\/\/gastora.eu\/?s={search_term_string}"},"query-input":{"@type":"PropertyValueSpecification","valueRequired":true,"valueName":"search_term_string"}}],"inLanguage":"en-US"},{"@type":"Organization","@id":"https:\/\/gastora.eu\/#organization","name":"Gastora","url":"https:\/\/gastora.eu\/","logo":{"@type":"ImageObject","inLanguage":"en-US","@id":"https:\/\/gastora.eu\/#\/schema\/logo\/image\/","url":"https:\/\/gastora.eu\/wp-content\/uploads\/2025\/12\/ChatGPT-Image-2-janv.-2026-22_52_47-1.png","contentUrl":"https:\/\/gastora.eu\/wp-content\/uploads\/2025\/12\/ChatGPT-Image-2-janv.-2026-22_52_47-1.png","width":1536,"height":320,"caption":"Gastora"},"image":{"@id":"https:\/\/gastora.eu\/#\/schema\/logo\/image\/"}}]}},"jetpack_sharing_enabled":true,"_links":{"self":[{"href":"https:\/\/gastora.eu\/en\/wp-json\/wp\/v2\/product\/14583","targetHints":{"allow":["GET"]}}],"collection":[{"href":"https:\/\/gastora.eu\/en\/wp-json\/wp\/v2\/product"}],"about":[{"href":"https:\/\/gastora.eu\/en\/wp-json\/wp\/v2\/types\/product"}],"wp:featuredmedia":[{"embeddable":true,"href":"https:\/\/gastora.eu\/en\/wp-json\/wp\/v2\/media\/7910"}],"wp:attachment":[{"href":"https:\/\/gastora.eu\/en\/wp-json\/wp\/v2\/media?parent=14583"}],"wp:term":[{"taxonomy":"product_brand","embeddable":true,"href":"https:\/\/gastora.eu\/en\/wp-json\/wp\/v2\/product_brand?post=14583"},{"taxonomy":"product_cat","embeddable":true,"href":"https:\/\/gastora.eu\/en\/wp-json\/wp\/v2\/product_cat?post=14583"},{"taxonomy":"product_tag","embeddable":true,"href":"https:\/\/gastora.eu\/en\/wp-json\/wp\/v2\/product_tag?post=14583"}],"curies":[{"name":"wp","href":"https:\/\/api.w.org\/{rel}","templated":true}]}}