{"id":14579,"date":"2026-04-26T08:40:28","date_gmt":"2026-04-26T08:40:28","guid":{"rendered":"https:\/\/gastora.eu\/?post_type=product&#038;p=14579"},"modified":"2026-05-06T14:32:42","modified_gmt":"2026-05-06T14:32:42","slug":"scellant-vide-joint-405-cm","status":"publish","type":"product","link":"https:\/\/gastora.eu\/en\/product\/scellant-vide-joint-405-cm\/","title":{"rendered":"Scellant \u00e0 vide &#8211; joint  40,5 cm"},"content":{"rendered":"<p>Si vous souhaitez conserver les aliments frais plus longtemps, vous pouvez utiliser cette machine \u00e0 emballer sous vide professionnelle. Cet appareil permet d&#8217;emballer la viande, le poisson, les l\u00e9gumes, les fruits et les liquides tels que les sauces et les soupes de mani\u00e8re totalement herm\u00e9tique. Apr\u00e8s avoir scell\u00e9 les aliments, les produits se conservent jusqu&#8217;\u00e0 cinq fois plus longtemps. Gr\u00e2ce \u00e0 sa taille compacte, ce mod\u00e8le de table est id\u00e9al pour \u00eatre plac\u00e9 sur une table ou un comptoir. Apr\u00e8s utilisation, vous pouvez ranger rapidement et facilement la machine \u00e0 emballer sous vide. Le panneau de commande num\u00e9rique est convivial et enti\u00e8rement r\u00e9glable.<\/p>\n<h3>Emballage enti\u00e8rement automatique<\/h3>\n<p>Gr\u00e2ce au film sous vide que vous pouvez facilement commander, vous pouvez emballer vos aliments rapidement et herm\u00e9tiquement. En outre, le processus est enti\u00e8rement automatique. La dur\u00e9e du vide, la pression du vide, la dur\u00e9e de scellage et la temp\u00e9rature de scellage sont toutes r\u00e9glables individuellement. La machine \u00e0 emballer sous vide dispose \u00e9galement d&#8217;une fonction d&#8217;impulsion s\u00e9par\u00e9e pour l&#8217;emballage sous vide de produits mous. En deux secondes, les produits sont emball\u00e9s de mani\u00e8re herm\u00e9tique. Il est \u00e9galement possible d&#8217;effectuer le scellage seul, sans impulsion. Veuillez noter que cet appareil de cuisine ne convient qu&#8217;aux sacs sous vide avec relief. Les aliments peuvent \u00eatre emball\u00e9s jusqu&#8217;\u00e0 0,96 bar et la machine \u00e0 emballer sous vide est \u00e9quip\u00e9e d&#8217;une double pompe.<\/p>\n<h3>Fabriqu\u00e9 en acier inoxydable<\/h3>\n<p>Le bo\u00eetier de cette machine \u00e0 emballer sous vide de luxe est en acier inoxydable. Il peut \u00eatre nettoy\u00e9 \u00e0 l&#8217;aide d&#8217;un chiffon humide et d&#8217;un d\u00e9tergent doux. N&#8217;utilisez pas trop d&#8217;eau pour nettoyer cet appareil. La machine \u00e0 emballer sous vide repose sur quatre pieds en caoutchouc afin de rester en place lors de la mise sous vide des produits.<\/p>\n<ul>\n<li>Machine \u00e0 emballer sous vide de luxe<\/li>\n<li>Cycle d&#8217;emballage enti\u00e8rement automatique<\/li>\n<li>Petit mod\u00e8le de table avec de belles finitions<\/li>\n<li>Bo\u00eetier en acier inoxydable<\/li>\n<li>Couvercle transparent en PMMA<\/li>\n<li>Vide maximal de 0,96 bar<\/li>\n<li>Fonction de vide puls\u00e9 pour les produits mous<\/li>\n<li>Temps de soudure court de 2 secondes<\/li>\n<li>Possibilit\u00e9 de scellage seul<\/li>\n<li>Panneau de commande num\u00e9rique<\/li>\n<li>Convient uniquement pour les sacs \u00e0 cr\u00eates<\/li>\n<li>Repose sur quatre pieds en caoutchouc<\/li>\n<li>Facile \u00e0 nettoyer<\/li>\n<\/ul>\n<p><strong>Caract\u00e9ristiques du produit<\/strong><\/p>\n<ul>\n<li>Poids net : 6,1kg<\/li>\n<li>Dimensions : B49 x D26 x H12,7cm B49 x D26 x H12,7cm<\/li>\n<li>Dimensions de l&#8217;\u00e9tanch\u00e9it\u00e9 : 406 x 5mm<\/li>\n<li>230V\/50Hz\/1Phase 550W<\/li>\n<\/ul>\n<p>Enti\u00e8rement r\u00e9glable :<\/p>\n<ul>\n<li>Dur\u00e9e de vide r\u00e9glable<\/li>\n<li>Pression de vide r\u00e9glable<\/li>\n<li>Temps de soudure r\u00e9glable<\/li>\n<li>Temp\u00e9rature de soudure r\u00e9glable<\/li>\n<\/ul>","protected":false},"excerpt":{"rendered":"<p>Cette machine \u00e0 emballer sous vide de luxe, dot\u00e9e d&#8217;une barre de soudure de 40,5 cm, permet d&#8217;emballer rapidement et herm\u00e9tiquement la viande, le poisson, les l\u00e9gumes et les fruits. La mise sous vide des aliments permet de gagner de la place, d&#8217;\u00e9viter les br\u00fblures de cong\u00e9lation et de conserver la fra\u00eecheur plus longtemps, car les bact\u00e9ries n&#8217;ont pas la possibilit\u00e9 de se d\u00e9velopper. La scelleuse est dot\u00e9e d&#8217;une fonction s\u00e9par\u00e9e d&#8217;impulsion et de scellage.<\/p>","protected":false},"featured_media":7902,"template":"","meta":{"_acf_changed":false},"product_brand":[],"product_cat":[41],"product_tag":[],"class_list":{"0":"post-14579","1":"product","2":"type-product","3":"status-publish","4":"has-post-thumbnail","6":"product_cat-preparation","8":"first","9":"instock","10":"sale","11":"taxable","12":"shipping-taxable","13":"purchasable","14":"product-type-simple"},"acf":[],"yoast_head":"<!-- This site is optimized with the Yoast SEO plugin v27.6 - https:\/\/yoast.com\/product\/yoast-seo-wordpress\/ -->\n<title>Scellant \u00e0 vide - joint 40,5 cm - Gastora<\/title>\n<meta name=\"description\" content=\"Achetez Scellant \u00e0 vide - joint 40,5 cm au meilleur prix, fiable et performant avec une livraison rapide\" \/>\n<meta name=\"robots\" content=\"index, follow, max-snippet:-1, max-image-preview:large, max-video-preview:-1\" \/>\n<link rel=\"canonical\" href=\"https:\/\/gastora.eu\/en\/product\/scellant-vide-joint-405-cm\/\" \/>\n<meta property=\"og:locale\" content=\"en_US\" \/>\n<meta property=\"og:type\" content=\"article\" \/>\n<meta property=\"og:title\" content=\"Scellant \u00e0 vide - joint 40,5 cm - Gastora\" \/>\n<meta property=\"og:description\" content=\"Achetez Scellant \u00e0 vide - joint 40,5 cm au meilleur prix, fiable et performant avec une livraison rapide\" \/>\n<meta property=\"og:url\" content=\"https:\/\/gastora.eu\/en\/product\/scellant-vide-joint-405-cm\/\" \/>\n<meta property=\"og:site_name\" content=\"Gastora\" \/>\n<meta property=\"article:modified_time\" content=\"2026-05-06T14:32:42+00:00\" \/>\n<meta name=\"twitter:card\" content=\"summary_large_image\" \/>\n<meta name=\"twitter:label1\" content=\"Est. reading time\" \/>\n\t<meta name=\"twitter:data1\" content=\"2 minutes\" \/>\n<script type=\"application\/ld+json\" class=\"yoast-schema-graph\">{\"@context\":\"https:\\\/\\\/schema.org\",\"@graph\":[{\"@type\":\"WebPage\",\"@id\":\"https:\\\/\\\/gastora.eu\\\/product\\\/scellant-vide-joint-405-cm\\\/\",\"url\":\"https:\\\/\\\/gastora.eu\\\/product\\\/scellant-vide-joint-405-cm\\\/\",\"name\":\"Scellant \u00e0 vide - joint 40,5 cm - Gastora\",\"isPartOf\":{\"@id\":\"https:\\\/\\\/gastora.eu\\\/#website\"},\"primaryImageOfPage\":{\"@id\":\"https:\\\/\\\/gastora.eu\\\/product\\\/scellant-vide-joint-405-cm\\\/#primaryimage\"},\"image\":{\"@id\":\"https:\\\/\\\/gastora.eu\\\/product\\\/scellant-vide-joint-405-cm\\\/#primaryimage\"},\"thumbnailUrl\":\"https:\\\/\\\/gastora.eu\\\/wp-content\\\/uploads\\\/2026\\\/04\\\/250715_09501102_img_001.jpg\",\"datePublished\":\"2026-04-26T08:40:28+00:00\",\"dateModified\":\"2026-05-06T14:32:42+00:00\",\"description\":\"Achetez Scellant \u00e0 vide - joint 40,5 cm au meilleur prix, fiable et performant avec une livraison rapide\",\"breadcrumb\":{\"@id\":\"https:\\\/\\\/gastora.eu\\\/product\\\/scellant-vide-joint-405-cm\\\/#breadcrumb\"},\"inLanguage\":\"en-US\",\"potentialAction\":[{\"@type\":\"ReadAction\",\"target\":[\"https:\\\/\\\/gastora.eu\\\/product\\\/scellant-vide-joint-405-cm\\\/\"]}]},{\"@type\":\"ImageObject\",\"inLanguage\":\"en-US\",\"@id\":\"https:\\\/\\\/gastora.eu\\\/product\\\/scellant-vide-joint-405-cm\\\/#primaryimage\",\"url\":\"https:\\\/\\\/gastora.eu\\\/wp-content\\\/uploads\\\/2026\\\/04\\\/250715_09501102_img_001.jpg\",\"contentUrl\":\"https:\\\/\\\/gastora.eu\\\/wp-content\\\/uploads\\\/2026\\\/04\\\/250715_09501102_img_001.jpg\",\"width\":1200,\"height\":1200},{\"@type\":\"BreadcrumbList\",\"@id\":\"https:\\\/\\\/gastora.eu\\\/product\\\/scellant-vide-joint-405-cm\\\/#breadcrumb\",\"itemListElement\":[{\"@type\":\"ListItem\",\"position\":1,\"name\":\"Home\",\"item\":\"https:\\\/\\\/gastora.eu\\\/\"},{\"@type\":\"ListItem\",\"position\":2,\"name\":\"Shop\",\"item\":\"https:\\\/\\\/gastora.eu\\\/shop\\\/\"},{\"@type\":\"ListItem\",\"position\":3,\"name\":\"Scellant \u00e0 vide &#8211; joint 40,5 cm\"}]},{\"@type\":\"WebSite\",\"@id\":\"https:\\\/\\\/gastora.eu\\\/#website\",\"url\":\"https:\\\/\\\/gastora.eu\\\/\",\"name\":\"Gastora\",\"description\":\"\u00c9quipements professionnels CHR\",\"publisher\":{\"@id\":\"https:\\\/\\\/gastora.eu\\\/#organization\"},\"potentialAction\":[{\"@type\":\"SearchAction\",\"target\":{\"@type\":\"EntryPoint\",\"urlTemplate\":\"https:\\\/\\\/gastora.eu\\\/?s={search_term_string}\"},\"query-input\":{\"@type\":\"PropertyValueSpecification\",\"valueRequired\":true,\"valueName\":\"search_term_string\"}}],\"inLanguage\":\"en-US\"},{\"@type\":\"Organization\",\"@id\":\"https:\\\/\\\/gastora.eu\\\/#organization\",\"name\":\"Gastora\",\"url\":\"https:\\\/\\\/gastora.eu\\\/\",\"logo\":{\"@type\":\"ImageObject\",\"inLanguage\":\"en-US\",\"@id\":\"https:\\\/\\\/gastora.eu\\\/#\\\/schema\\\/logo\\\/image\\\/\",\"url\":\"https:\\\/\\\/gastora.eu\\\/wp-content\\\/uploads\\\/2025\\\/12\\\/ChatGPT-Image-2-janv.-2026-22_52_47-1.png\",\"contentUrl\":\"https:\\\/\\\/gastora.eu\\\/wp-content\\\/uploads\\\/2025\\\/12\\\/ChatGPT-Image-2-janv.-2026-22_52_47-1.png\",\"width\":1536,\"height\":320,\"caption\":\"Gastora\"},\"image\":{\"@id\":\"https:\\\/\\\/gastora.eu\\\/#\\\/schema\\\/logo\\\/image\\\/\"}}]}<\/script>\n<!-- \/ Yoast SEO plugin. -->","yoast_head_json":{"title":"Scellant \u00e0 vide - joint 40,5 cm - Gastora","description":"Achetez Scellant \u00e0 vide - joint 40,5 cm au meilleur prix, fiable et performant avec une livraison rapide","robots":{"index":"index","follow":"follow","max-snippet":"max-snippet:-1","max-image-preview":"max-image-preview:large","max-video-preview":"max-video-preview:-1"},"canonical":"https:\/\/gastora.eu\/en\/product\/scellant-vide-joint-405-cm\/","og_locale":"en_US","og_type":"article","og_title":"Scellant \u00e0 vide - joint 40,5 cm - Gastora","og_description":"Achetez Scellant \u00e0 vide - joint 40,5 cm au meilleur prix, fiable et performant avec une livraison rapide","og_url":"https:\/\/gastora.eu\/en\/product\/scellant-vide-joint-405-cm\/","og_site_name":"Gastora","article_modified_time":"2026-05-06T14:32:42+00:00","twitter_card":"summary_large_image","twitter_misc":{"Est. reading time":"2 minutes"},"schema":{"@context":"https:\/\/schema.org","@graph":[{"@type":"WebPage","@id":"https:\/\/gastora.eu\/product\/scellant-vide-joint-405-cm\/","url":"https:\/\/gastora.eu\/product\/scellant-vide-joint-405-cm\/","name":"Scellant \u00e0 vide - joint 40,5 cm - Gastora","isPartOf":{"@id":"https:\/\/gastora.eu\/#website"},"primaryImageOfPage":{"@id":"https:\/\/gastora.eu\/product\/scellant-vide-joint-405-cm\/#primaryimage"},"image":{"@id":"https:\/\/gastora.eu\/product\/scellant-vide-joint-405-cm\/#primaryimage"},"thumbnailUrl":"https:\/\/gastora.eu\/wp-content\/uploads\/2026\/04\/250715_09501102_img_001.jpg","datePublished":"2026-04-26T08:40:28+00:00","dateModified":"2026-05-06T14:32:42+00:00","description":"Achetez Scellant \u00e0 vide - joint 40,5 cm au meilleur prix, fiable et performant avec une livraison rapide","breadcrumb":{"@id":"https:\/\/gastora.eu\/product\/scellant-vide-joint-405-cm\/#breadcrumb"},"inLanguage":"en-US","potentialAction":[{"@type":"ReadAction","target":["https:\/\/gastora.eu\/product\/scellant-vide-joint-405-cm\/"]}]},{"@type":"ImageObject","inLanguage":"en-US","@id":"https:\/\/gastora.eu\/product\/scellant-vide-joint-405-cm\/#primaryimage","url":"https:\/\/gastora.eu\/wp-content\/uploads\/2026\/04\/250715_09501102_img_001.jpg","contentUrl":"https:\/\/gastora.eu\/wp-content\/uploads\/2026\/04\/250715_09501102_img_001.jpg","width":1200,"height":1200},{"@type":"BreadcrumbList","@id":"https:\/\/gastora.eu\/product\/scellant-vide-joint-405-cm\/#breadcrumb","itemListElement":[{"@type":"ListItem","position":1,"name":"Home","item":"https:\/\/gastora.eu\/"},{"@type":"ListItem","position":2,"name":"Shop","item":"https:\/\/gastora.eu\/shop\/"},{"@type":"ListItem","position":3,"name":"Scellant \u00e0 vide &#8211; joint 40,5 cm"}]},{"@type":"WebSite","@id":"https:\/\/gastora.eu\/#website","url":"https:\/\/gastora.eu\/","name":"Gastora","description":"\u00c9quipements professionnels CHR","publisher":{"@id":"https:\/\/gastora.eu\/#organization"},"potentialAction":[{"@type":"SearchAction","target":{"@type":"EntryPoint","urlTemplate":"https:\/\/gastora.eu\/?s={search_term_string}"},"query-input":{"@type":"PropertyValueSpecification","valueRequired":true,"valueName":"search_term_string"}}],"inLanguage":"en-US"},{"@type":"Organization","@id":"https:\/\/gastora.eu\/#organization","name":"Gastora","url":"https:\/\/gastora.eu\/","logo":{"@type":"ImageObject","inLanguage":"en-US","@id":"https:\/\/gastora.eu\/#\/schema\/logo\/image\/","url":"https:\/\/gastora.eu\/wp-content\/uploads\/2025\/12\/ChatGPT-Image-2-janv.-2026-22_52_47-1.png","contentUrl":"https:\/\/gastora.eu\/wp-content\/uploads\/2025\/12\/ChatGPT-Image-2-janv.-2026-22_52_47-1.png","width":1536,"height":320,"caption":"Gastora"},"image":{"@id":"https:\/\/gastora.eu\/#\/schema\/logo\/image\/"}}]}},"jetpack_sharing_enabled":true,"_links":{"self":[{"href":"https:\/\/gastora.eu\/en\/wp-json\/wp\/v2\/product\/14579","targetHints":{"allow":["GET"]}}],"collection":[{"href":"https:\/\/gastora.eu\/en\/wp-json\/wp\/v2\/product"}],"about":[{"href":"https:\/\/gastora.eu\/en\/wp-json\/wp\/v2\/types\/product"}],"wp:featuredmedia":[{"embeddable":true,"href":"https:\/\/gastora.eu\/en\/wp-json\/wp\/v2\/media\/7902"}],"wp:attachment":[{"href":"https:\/\/gastora.eu\/en\/wp-json\/wp\/v2\/media?parent=14579"}],"wp:term":[{"taxonomy":"product_brand","embeddable":true,"href":"https:\/\/gastora.eu\/en\/wp-json\/wp\/v2\/product_brand?post=14579"},{"taxonomy":"product_cat","embeddable":true,"href":"https:\/\/gastora.eu\/en\/wp-json\/wp\/v2\/product_cat?post=14579"},{"taxonomy":"product_tag","embeddable":true,"href":"https:\/\/gastora.eu\/en\/wp-json\/wp\/v2\/product_tag?post=14579"}],"curies":[{"name":"wp","href":"https:\/\/api.w.org\/{rel}","templated":true}]}}