{"id":14578,"date":"2026-04-26T08:40:27","date_gmt":"2026-04-26T08:40:27","guid":{"rendered":"https:\/\/gastora.eu\/?post_type=product&#038;p=14578"},"modified":"2026-04-28T16:56:48","modified_gmt":"2026-04-28T16:56:48","slug":"machine-emballer-sous-vide-joint-de-29-cm-l35-x-p30-x-h11-cm-chambre","status":"publish","type":"product","link":"https:\/\/gastora.eu\/en\/product\/machine-emballer-sous-vide-joint-de-29-cm-l35-x-p30-x-h11-cm-chambre\/","title":{"rendered":"Machine \u00e0 emballer sous vide &#8211; joint de 29 cm &#8211; L35 x P30 x H11 cm chambre"},"content":{"rendered":"<p>Cette machine \u00e0 emballer est adapt\u00e9e \u00e0 la conservation des aliments sous vide. Elle produit rapidement de petits emballages pratiques qui se conservent bien au r\u00e9frig\u00e9rateur ou au cong\u00e9lateur. Avec les sacs sous vide de la bonne taille, que vous pouvez commander s\u00e9par\u00e9ment, vous pouvez \u00e9galement emballer des fromages \u00e0 p\u00e2te dure, de la viande et du poisson, ainsi que des fruits et des l\u00e9gumes. La mise sous vide permet non seulement de conserver vos produits plus longtemps, mais aussi de leur donner un aspect plus frais apr\u00e8s la cong\u00e9lation. Gr\u00e2ce au mod\u00e8le compact de table, cette machine \u00e0 emballer sous vide n&#8217;encombre pas une cuisine professionnelle et vous pouvez la ranger facilement si vous avez besoin de plus d&#8217;espace.<\/p>\n<h3>Pompe sans huile \u00e0 vide<\/h3>\n<p>Gr\u00e2ce au panneau de commande convivial situ\u00e9 \u00e0 l&#8217;avant, vous pouvez facilement r\u00e9gler la pression du vide, le temps de scellage, la temp\u00e9rature et le temps de refroidissement. Cette machine \u00e0 emballer sous vide convient pour des sacs allant jusqu&#8217;\u00e0 30 x 40 cm. La mise en place des sacs est simple. Mettez les produits que vous souhaitez emballer dans le sac et placez le sac avec l&#8217;ouverture sur la barre de soudure de la machine. R\u00e9glez le temps et la temp\u00e9rature souhait\u00e9s et fermez le couvercle. La machine d&#8217;emballage fait le reste et votre produit est emball\u00e9 de mani\u00e8re herm\u00e9tique. La pompe \u00e0 vide ne n\u00e9cessite aucun entretien, car elle fonctionne sans huile \u00e0 vide. Un interrupteur de s\u00e9curit\u00e9 se trouve \u00e9galement dans le couvercle de la machine d&#8217;emballage en cas d&#8217;urgence.<\/p>\n<h3>Facile \u00e0 nettoyer<\/h3>\n<p>Le nettoyage de cette machine \u00e0 emballer sous vide est tr\u00e8s rapide et facile. Il suffit d&#8217;un chiffon humide et d&#8217;un produit de nettoyage doux. D\u00e9branchez d&#8217;abord l&#8217;appareil de la prise murale. Gr\u00e2ce aux surfaces lisses en acier inoxydable et en ABS, la salet\u00e9 et la poussi\u00e8re s&#8217;enl\u00e8vent facilement. Veillez \u00e0 bien s\u00e9cher toutes les pi\u00e8ces apr\u00e8s le nettoyage. Vous pouvez ensuite rebrancher l&#8217;appareil pour la prochaine utilisation.<\/p>\n<p><strong>Caract\u00e9ristiques<\/strong><\/p>\n<ul>\n<li>Interrupteur de s\u00e9curit\u00e9 dans le couvercle<\/li>\n<li>Panneau de commande num\u00e9rique<\/li>\n<li>Couvercle robuste et incurv\u00e9<\/li>\n<li>Cycle d&#8217;emballage enti\u00e8rement automatique<\/li>\n<li>Bo\u00eetier et chambre en acier inoxydable<\/li>\n<li>Pompe \u00e0 vide sans huile et sans entretien<\/li>\n<\/ul>\n<p><strong>Caract\u00e9ristiques du produit<\/strong><\/p>\n<ul>\n<li>Poids net : 25,5 kg<\/li>\n<li>Dimensions ext\u00e9rieures : L50,1 x P35,9 x H36,6cm<\/li>\n<li>Dimensions de la chambre : L35 x P30 x H11cm<\/li>\n<li>Dimensions de la barre d&#8217;\u00e9tanch\u00e9it\u00e9 : 29 x 1cm<\/li>\n<li>Capacit\u00e9 de la pompe \u00e0 vide : 4,5 m\u00b3 p\/h<\/li>\n<li>Pression du vide : 0,5 mbar<\/li>\n<li>230V \/ 50Hz \/ 1 Phase 1450W<\/li>\n<\/ul>","protected":false},"excerpt":{"rendered":"<p>Cette machine \u00e0 emballer sous vide compacte dispose d&#8217;un joint de 29 cm et est parfaite pour les petites quantit\u00e9s d&#8217;emballages alimentaires herm\u00e9tiques. Elle dispose d&#8217;un cycle d&#8217;emballage enti\u00e8rement automatique et la pompe sp\u00e9cialement con\u00e7ue ne n\u00e9cessite pas d&#8217;huile. Ce mod\u00e8le est donc facile \u00e0 utiliser et ne n\u00e9cessite aucun entretien. Id\u00e9al pour les petites cuisines de restauration.<\/p>","protected":false},"featured_media":7900,"template":"","meta":{"_acf_changed":false},"product_brand":[],"product_cat":[41],"product_tag":[],"class_list":{"0":"post-14578","1":"product","2":"type-product","3":"status-publish","4":"has-post-thumbnail","6":"product_cat-preparation","8":"first","9":"instock","10":"sale","11":"taxable","12":"shipping-taxable","13":"purchasable","14":"product-type-simple"},"acf":[],"yoast_head":"<!-- This site is optimized with the Yoast SEO plugin v27.6 - https:\/\/yoast.com\/product\/yoast-seo-wordpress\/ -->\n<title>Machine \u00e0 emballer sous vide - joint de 29 cm - L35 x P30 x H11 cm chambre - Gastora<\/title>\n<meta name=\"description\" content=\"Achetez Machine \u00e0 emballer sous vide - joint de 29 cm - L35 x P30 x H11 cm chambre au meilleur prix, fiable et performant avec une livraison rapide\" \/>\n<meta name=\"robots\" content=\"index, follow, max-snippet:-1, max-image-preview:large, max-video-preview:-1\" \/>\n<link rel=\"canonical\" href=\"https:\/\/gastora.eu\/en\/product\/machine-emballer-sous-vide-joint-de-29-cm-l35-x-p30-x-h11-cm-chambre\/\" \/>\n<meta property=\"og:locale\" content=\"en_US\" \/>\n<meta property=\"og:type\" content=\"article\" \/>\n<meta property=\"og:title\" content=\"Machine \u00e0 emballer sous vide - joint de 29 cm - L35 x P30 x H11 cm chambre - Gastora\" \/>\n<meta property=\"og:description\" content=\"Achetez Machine \u00e0 emballer sous vide - joint de 29 cm - L35 x P30 x H11 cm chambre au meilleur prix, fiable et performant avec une livraison rapide\" \/>\n<meta property=\"og:url\" content=\"https:\/\/gastora.eu\/en\/product\/machine-emballer-sous-vide-joint-de-29-cm-l35-x-p30-x-h11-cm-chambre\/\" \/>\n<meta property=\"og:site_name\" content=\"Gastora\" \/>\n<meta property=\"article:modified_time\" content=\"2026-04-28T16:56:48+00:00\" \/>\n<meta name=\"twitter:card\" content=\"summary_large_image\" \/>\n<meta name=\"twitter:label1\" content=\"Est. reading time\" \/>\n\t<meta name=\"twitter:data1\" content=\"2 minutes\" \/>\n<script type=\"application\/ld+json\" class=\"yoast-schema-graph\">{\"@context\":\"https:\\\/\\\/schema.org\",\"@graph\":[{\"@type\":\"WebPage\",\"@id\":\"https:\\\/\\\/gastora.eu\\\/product\\\/machine-emballer-sous-vide-joint-de-29-cm-l35-x-p30-x-h11-cm-chambre\\\/\",\"url\":\"https:\\\/\\\/gastora.eu\\\/product\\\/machine-emballer-sous-vide-joint-de-29-cm-l35-x-p30-x-h11-cm-chambre\\\/\",\"name\":\"Machine \u00e0 emballer sous vide - joint de 29 cm - L35 x P30 x H11 cm chambre - Gastora\",\"isPartOf\":{\"@id\":\"https:\\\/\\\/gastora.eu\\\/#website\"},\"primaryImageOfPage\":{\"@id\":\"https:\\\/\\\/gastora.eu\\\/product\\\/machine-emballer-sous-vide-joint-de-29-cm-l35-x-p30-x-h11-cm-chambre\\\/#primaryimage\"},\"image\":{\"@id\":\"https:\\\/\\\/gastora.eu\\\/product\\\/machine-emballer-sous-vide-joint-de-29-cm-l35-x-p30-x-h11-cm-chambre\\\/#primaryimage\"},\"thumbnailUrl\":\"https:\\\/\\\/gastora.eu\\\/wp-content\\\/uploads\\\/2026\\\/04\\\/1_mvac-280_2881_1.jpg\",\"datePublished\":\"2026-04-26T08:40:27+00:00\",\"dateModified\":\"2026-04-28T16:56:48+00:00\",\"description\":\"Achetez Machine \u00e0 emballer sous vide - joint de 29 cm - L35 x P30 x H11 cm chambre au meilleur prix, fiable et performant avec une livraison rapide\",\"breadcrumb\":{\"@id\":\"https:\\\/\\\/gastora.eu\\\/product\\\/machine-emballer-sous-vide-joint-de-29-cm-l35-x-p30-x-h11-cm-chambre\\\/#breadcrumb\"},\"inLanguage\":\"en-US\",\"potentialAction\":[{\"@type\":\"ReadAction\",\"target\":[\"https:\\\/\\\/gastora.eu\\\/product\\\/machine-emballer-sous-vide-joint-de-29-cm-l35-x-p30-x-h11-cm-chambre\\\/\"]}]},{\"@type\":\"ImageObject\",\"inLanguage\":\"en-US\",\"@id\":\"https:\\\/\\\/gastora.eu\\\/product\\\/machine-emballer-sous-vide-joint-de-29-cm-l35-x-p30-x-h11-cm-chambre\\\/#primaryimage\",\"url\":\"https:\\\/\\\/gastora.eu\\\/wp-content\\\/uploads\\\/2026\\\/04\\\/1_mvac-280_2881_1.jpg\",\"contentUrl\":\"https:\\\/\\\/gastora.eu\\\/wp-content\\\/uploads\\\/2026\\\/04\\\/1_mvac-280_2881_1.jpg\",\"width\":1199,\"height\":1200},{\"@type\":\"BreadcrumbList\",\"@id\":\"https:\\\/\\\/gastora.eu\\\/product\\\/machine-emballer-sous-vide-joint-de-29-cm-l35-x-p30-x-h11-cm-chambre\\\/#breadcrumb\",\"itemListElement\":[{\"@type\":\"ListItem\",\"position\":1,\"name\":\"Home\",\"item\":\"https:\\\/\\\/gastora.eu\\\/\"},{\"@type\":\"ListItem\",\"position\":2,\"name\":\"Shop\",\"item\":\"https:\\\/\\\/gastora.eu\\\/shop\\\/\"},{\"@type\":\"ListItem\",\"position\":3,\"name\":\"Machine \u00e0 emballer sous vide &#8211; joint de 29 cm &#8211; L35 x P30 x H11 cm chambre\"}]},{\"@type\":\"WebSite\",\"@id\":\"https:\\\/\\\/gastora.eu\\\/#website\",\"url\":\"https:\\\/\\\/gastora.eu\\\/\",\"name\":\"Gastora\",\"description\":\"\u00c9quipements professionnels CHR\",\"publisher\":{\"@id\":\"https:\\\/\\\/gastora.eu\\\/#organization\"},\"potentialAction\":[{\"@type\":\"SearchAction\",\"target\":{\"@type\":\"EntryPoint\",\"urlTemplate\":\"https:\\\/\\\/gastora.eu\\\/?s={search_term_string}\"},\"query-input\":{\"@type\":\"PropertyValueSpecification\",\"valueRequired\":true,\"valueName\":\"search_term_string\"}}],\"inLanguage\":\"en-US\"},{\"@type\":\"Organization\",\"@id\":\"https:\\\/\\\/gastora.eu\\\/#organization\",\"name\":\"Gastora\",\"url\":\"https:\\\/\\\/gastora.eu\\\/\",\"logo\":{\"@type\":\"ImageObject\",\"inLanguage\":\"en-US\",\"@id\":\"https:\\\/\\\/gastora.eu\\\/#\\\/schema\\\/logo\\\/image\\\/\",\"url\":\"https:\\\/\\\/gastora.eu\\\/wp-content\\\/uploads\\\/2025\\\/12\\\/ChatGPT-Image-2-janv.-2026-22_52_47-1.png\",\"contentUrl\":\"https:\\\/\\\/gastora.eu\\\/wp-content\\\/uploads\\\/2025\\\/12\\\/ChatGPT-Image-2-janv.-2026-22_52_47-1.png\",\"width\":1536,\"height\":320,\"caption\":\"Gastora\"},\"image\":{\"@id\":\"https:\\\/\\\/gastora.eu\\\/#\\\/schema\\\/logo\\\/image\\\/\"}}]}<\/script>\n<!-- \/ Yoast SEO plugin. -->","yoast_head_json":{"title":"Machine \u00e0 emballer sous vide - joint de 29 cm - L35 x P30 x H11 cm chambre - Gastora","description":"Achetez Machine \u00e0 emballer sous vide - joint de 29 cm - L35 x P30 x H11 cm chambre au meilleur prix, fiable et performant avec une livraison rapide","robots":{"index":"index","follow":"follow","max-snippet":"max-snippet:-1","max-image-preview":"max-image-preview:large","max-video-preview":"max-video-preview:-1"},"canonical":"https:\/\/gastora.eu\/en\/product\/machine-emballer-sous-vide-joint-de-29-cm-l35-x-p30-x-h11-cm-chambre\/","og_locale":"en_US","og_type":"article","og_title":"Machine \u00e0 emballer sous vide - joint de 29 cm - L35 x P30 x H11 cm chambre - Gastora","og_description":"Achetez Machine \u00e0 emballer sous vide - joint de 29 cm - L35 x P30 x H11 cm chambre au meilleur prix, fiable et performant avec une livraison rapide","og_url":"https:\/\/gastora.eu\/en\/product\/machine-emballer-sous-vide-joint-de-29-cm-l35-x-p30-x-h11-cm-chambre\/","og_site_name":"Gastora","article_modified_time":"2026-04-28T16:56:48+00:00","twitter_card":"summary_large_image","twitter_misc":{"Est. reading time":"2 minutes"},"schema":{"@context":"https:\/\/schema.org","@graph":[{"@type":"WebPage","@id":"https:\/\/gastora.eu\/product\/machine-emballer-sous-vide-joint-de-29-cm-l35-x-p30-x-h11-cm-chambre\/","url":"https:\/\/gastora.eu\/product\/machine-emballer-sous-vide-joint-de-29-cm-l35-x-p30-x-h11-cm-chambre\/","name":"Machine \u00e0 emballer sous vide - joint de 29 cm - L35 x P30 x H11 cm chambre - Gastora","isPartOf":{"@id":"https:\/\/gastora.eu\/#website"},"primaryImageOfPage":{"@id":"https:\/\/gastora.eu\/product\/machine-emballer-sous-vide-joint-de-29-cm-l35-x-p30-x-h11-cm-chambre\/#primaryimage"},"image":{"@id":"https:\/\/gastora.eu\/product\/machine-emballer-sous-vide-joint-de-29-cm-l35-x-p30-x-h11-cm-chambre\/#primaryimage"},"thumbnailUrl":"https:\/\/gastora.eu\/wp-content\/uploads\/2026\/04\/1_mvac-280_2881_1.jpg","datePublished":"2026-04-26T08:40:27+00:00","dateModified":"2026-04-28T16:56:48+00:00","description":"Achetez Machine \u00e0 emballer sous vide - joint de 29 cm - L35 x P30 x H11 cm chambre au meilleur prix, fiable et performant avec une livraison rapide","breadcrumb":{"@id":"https:\/\/gastora.eu\/product\/machine-emballer-sous-vide-joint-de-29-cm-l35-x-p30-x-h11-cm-chambre\/#breadcrumb"},"inLanguage":"en-US","potentialAction":[{"@type":"ReadAction","target":["https:\/\/gastora.eu\/product\/machine-emballer-sous-vide-joint-de-29-cm-l35-x-p30-x-h11-cm-chambre\/"]}]},{"@type":"ImageObject","inLanguage":"en-US","@id":"https:\/\/gastora.eu\/product\/machine-emballer-sous-vide-joint-de-29-cm-l35-x-p30-x-h11-cm-chambre\/#primaryimage","url":"https:\/\/gastora.eu\/wp-content\/uploads\/2026\/04\/1_mvac-280_2881_1.jpg","contentUrl":"https:\/\/gastora.eu\/wp-content\/uploads\/2026\/04\/1_mvac-280_2881_1.jpg","width":1199,"height":1200},{"@type":"BreadcrumbList","@id":"https:\/\/gastora.eu\/product\/machine-emballer-sous-vide-joint-de-29-cm-l35-x-p30-x-h11-cm-chambre\/#breadcrumb","itemListElement":[{"@type":"ListItem","position":1,"name":"Home","item":"https:\/\/gastora.eu\/"},{"@type":"ListItem","position":2,"name":"Shop","item":"https:\/\/gastora.eu\/shop\/"},{"@type":"ListItem","position":3,"name":"Machine \u00e0 emballer sous vide &#8211; joint de 29 cm &#8211; L35 x P30 x H11 cm chambre"}]},{"@type":"WebSite","@id":"https:\/\/gastora.eu\/#website","url":"https:\/\/gastora.eu\/","name":"Gastora","description":"\u00c9quipements professionnels CHR","publisher":{"@id":"https:\/\/gastora.eu\/#organization"},"potentialAction":[{"@type":"SearchAction","target":{"@type":"EntryPoint","urlTemplate":"https:\/\/gastora.eu\/?s={search_term_string}"},"query-input":{"@type":"PropertyValueSpecification","valueRequired":true,"valueName":"search_term_string"}}],"inLanguage":"en-US"},{"@type":"Organization","@id":"https:\/\/gastora.eu\/#organization","name":"Gastora","url":"https:\/\/gastora.eu\/","logo":{"@type":"ImageObject","inLanguage":"en-US","@id":"https:\/\/gastora.eu\/#\/schema\/logo\/image\/","url":"https:\/\/gastora.eu\/wp-content\/uploads\/2025\/12\/ChatGPT-Image-2-janv.-2026-22_52_47-1.png","contentUrl":"https:\/\/gastora.eu\/wp-content\/uploads\/2025\/12\/ChatGPT-Image-2-janv.-2026-22_52_47-1.png","width":1536,"height":320,"caption":"Gastora"},"image":{"@id":"https:\/\/gastora.eu\/#\/schema\/logo\/image\/"}}]}},"jetpack_sharing_enabled":true,"_links":{"self":[{"href":"https:\/\/gastora.eu\/en\/wp-json\/wp\/v2\/product\/14578","targetHints":{"allow":["GET"]}}],"collection":[{"href":"https:\/\/gastora.eu\/en\/wp-json\/wp\/v2\/product"}],"about":[{"href":"https:\/\/gastora.eu\/en\/wp-json\/wp\/v2\/types\/product"}],"wp:featuredmedia":[{"embeddable":true,"href":"https:\/\/gastora.eu\/en\/wp-json\/wp\/v2\/media\/7900"}],"wp:attachment":[{"href":"https:\/\/gastora.eu\/en\/wp-json\/wp\/v2\/media?parent=14578"}],"wp:term":[{"taxonomy":"product_brand","embeddable":true,"href":"https:\/\/gastora.eu\/en\/wp-json\/wp\/v2\/product_brand?post=14578"},{"taxonomy":"product_cat","embeddable":true,"href":"https:\/\/gastora.eu\/en\/wp-json\/wp\/v2\/product_cat?post=14578"},{"taxonomy":"product_tag","embeddable":true,"href":"https:\/\/gastora.eu\/en\/wp-json\/wp\/v2\/product_tag?post=14578"}],"curies":[{"name":"wp","href":"https:\/\/api.w.org\/{rel}","templated":true}]}}