{"id":14576,"date":"2026-04-26T08:40:25","date_gmt":"2026-04-26T08:40:25","guid":{"rendered":"https:\/\/gastora.eu\/?post_type=product&#038;p=14576"},"modified":"2026-04-28T16:56:48","modified_gmt":"2026-04-28T16:56:48","slug":"couvercle-pour-assiette-3-compartiments-plastique-lavable-au-lave-vaisselle","status":"publish","type":"product","link":"https:\/\/gastora.eu\/en\/product\/couvercle-pour-assiette-3-compartiments-plastique-lavable-au-lave-vaisselle\/","title":{"rendered":"Couvercle pour assiette \u00e0 3 compartiments &#8211; plastique &#8211; lavable au lave-vaisselle"},"content":{"rendered":"<p>Garder une cuisine commerciale bien rang\u00e9e et organis\u00e9e n&#8217;est pas une t\u00e2che facile. C&#8217;est pourquoi il est bon d&#8217;investir dans de petits articles de rangement qui vous aident \u00e0 vous assurer que tout est \u00e0 sa place. Ce couvercle s&#8217;adapte \u00e0 la plaque en acier inoxydable avec trois compartiments s\u00e9par\u00e9s pour garder les aliments rang\u00e9s individuellement.<\/p>\n<h3>Solutions de rangement<\/h3>\n<p>La pr\u00e9paration des aliments est un \u00e9l\u00e9ment cl\u00e9 de toute cuisine commerciale. Que vous ayez besoin de pr\u00e9parer des l\u00e9gumes ou de garder de l&#8217;ail hach\u00e9 \u00e0 port\u00e9e de main, cette plaque en acier inoxydable pratique est un outil utile pour garder les aliments pr\u00e9par\u00e9s froids et frais le plus longtemps possible. Le couvercle est indispensable pour y parvenir.<\/p>\n<h3>Facile \u00e0 nettoyer<\/h3>\n<p>Le plastique est un mat\u00e9riau vraiment avantageux pour les \u00e9quipements de cuisine et les outils de pr\u00e9paration des aliments. Non seulement il est durable, mais il est \u00e9galement tr\u00e8s facile \u00e0 nettoyer.<\/p>\n<p><strong>Caract\u00e9ristiques<\/strong><\/p>\n<ul>\n<li>Enti\u00e8rement en plastique, donc incassable<\/li>\n<li>S&#8217;adapte parfaitement \u00e0 la plaque en acier inoxydable<\/li>\n<li>Permet d&#8217;empiler les assiettes dans le r\u00e9frig\u00e9rateur ou le cong\u00e9lateur<\/li>\n<li>La plaque en acier inoxydable doit \u00eatre command\u00e9e s\u00e9par\u00e9ment<\/li>\n<\/ul>\n<p><strong>Caract\u00e9ristiques du produit<\/strong><\/p>\n<ul>\n<li>Dimensions de l&#8217;assiette : L24 x P17,5 x H4cm<\/li>\n<\/ul>","protected":false},"excerpt":{"rendered":"<p>Ce couvercle pour la plaque en acier inoxydable est une aide tr\u00e8s pratique \u00e0 avoir dans toute cuisine. Il vous permet de conserver les aliments de mani\u00e8re herm\u00e9tique et de les faire durer plus longtemps. Il permet \u00e9galement de garder les choses bien rang\u00e9es et organis\u00e9es dans les cuisines occup\u00e9es.<\/p>","protected":false},"featured_media":7896,"template":"","meta":{"_acf_changed":false},"product_brand":[],"product_cat":[65],"product_tag":[],"class_list":{"0":"post-14576","1":"product","2":"type-product","3":"status-publish","4":"has-post-thumbnail","6":"product_cat-accessoires-consommables","8":"first","9":"instock","10":"sale","11":"taxable","12":"shipping-taxable","13":"purchasable","14":"product-type-simple"},"acf":[],"yoast_head":"<!-- This site is optimized with the Yoast SEO plugin v27.5 - https:\/\/yoast.com\/product\/yoast-seo-wordpress\/ -->\n<title>Couvercle pour assiette \u00e0 3 compartiments - plastique - lavable au lave-vaisselle - Gastora<\/title>\n<meta name=\"description\" content=\"Achetez Couvercle pour assiette \u00e0 3 compartiments - plastique - lavable au lave-vaisselle au meilleur prix, fiable et performant avec une livraison rapide\" \/>\n<meta name=\"robots\" content=\"index, follow, max-snippet:-1, max-image-preview:large, max-video-preview:-1\" \/>\n<link rel=\"canonical\" href=\"https:\/\/gastora.eu\/en\/product\/couvercle-pour-assiette-3-compartiments-plastique-lavable-au-lave-vaisselle\/\" \/>\n<meta property=\"og:locale\" content=\"en_US\" \/>\n<meta property=\"og:type\" content=\"article\" \/>\n<meta property=\"og:title\" content=\"Couvercle pour assiette \u00e0 3 compartiments - plastique - lavable au lave-vaisselle - Gastora\" \/>\n<meta property=\"og:description\" content=\"Achetez Couvercle pour assiette \u00e0 3 compartiments - plastique - lavable au lave-vaisselle au meilleur prix, fiable et performant avec une livraison rapide\" \/>\n<meta property=\"og:url\" content=\"https:\/\/gastora.eu\/en\/product\/couvercle-pour-assiette-3-compartiments-plastique-lavable-au-lave-vaisselle\/\" \/>\n<meta property=\"og:site_name\" content=\"Gastora\" \/>\n<meta property=\"article:modified_time\" content=\"2026-04-28T16:56:48+00:00\" \/>\n<meta name=\"twitter:card\" content=\"summary_large_image\" \/>\n<meta name=\"twitter:label1\" content=\"Est. reading time\" \/>\n\t<meta name=\"twitter:data1\" content=\"1 minute\" \/>\n<script type=\"application\/ld+json\" class=\"yoast-schema-graph\">{\"@context\":\"https:\\\/\\\/schema.org\",\"@graph\":[{\"@type\":\"WebPage\",\"@id\":\"https:\\\/\\\/gastora.eu\\\/product\\\/couvercle-pour-assiette-3-compartiments-plastique-lavable-au-lave-vaisselle\\\/\",\"url\":\"https:\\\/\\\/gastora.eu\\\/product\\\/couvercle-pour-assiette-3-compartiments-plastique-lavable-au-lave-vaisselle\\\/\",\"name\":\"Couvercle pour assiette \u00e0 3 compartiments - plastique - lavable au lave-vaisselle - Gastora\",\"isPartOf\":{\"@id\":\"https:\\\/\\\/gastora.eu\\\/#website\"},\"primaryImageOfPage\":{\"@id\":\"https:\\\/\\\/gastora.eu\\\/product\\\/couvercle-pour-assiette-3-compartiments-plastique-lavable-au-lave-vaisselle\\\/#primaryimage\"},\"image\":{\"@id\":\"https:\\\/\\\/gastora.eu\\\/product\\\/couvercle-pour-assiette-3-compartiments-plastique-lavable-au-lave-vaisselle\\\/#primaryimage\"},\"thumbnailUrl\":\"https:\\\/\\\/gastora.eu\\\/wp-content\\\/uploads\\\/2026\\\/04\\\/sp-001-61656fa61d5e8.jpg\",\"datePublished\":\"2026-04-26T08:40:25+00:00\",\"dateModified\":\"2026-04-28T16:56:48+00:00\",\"description\":\"Achetez Couvercle pour assiette \u00e0 3 compartiments - plastique - lavable au lave-vaisselle au meilleur prix, fiable et performant avec une livraison rapide\",\"breadcrumb\":{\"@id\":\"https:\\\/\\\/gastora.eu\\\/product\\\/couvercle-pour-assiette-3-compartiments-plastique-lavable-au-lave-vaisselle\\\/#breadcrumb\"},\"inLanguage\":\"en-US\",\"potentialAction\":[{\"@type\":\"ReadAction\",\"target\":[\"https:\\\/\\\/gastora.eu\\\/product\\\/couvercle-pour-assiette-3-compartiments-plastique-lavable-au-lave-vaisselle\\\/\"]}]},{\"@type\":\"ImageObject\",\"inLanguage\":\"en-US\",\"@id\":\"https:\\\/\\\/gastora.eu\\\/product\\\/couvercle-pour-assiette-3-compartiments-plastique-lavable-au-lave-vaisselle\\\/#primaryimage\",\"url\":\"https:\\\/\\\/gastora.eu\\\/wp-content\\\/uploads\\\/2026\\\/04\\\/sp-001-61656fa61d5e8.jpg\",\"contentUrl\":\"https:\\\/\\\/gastora.eu\\\/wp-content\\\/uploads\\\/2026\\\/04\\\/sp-001-61656fa61d5e8.jpg\",\"width\":2048,\"height\":2048},{\"@type\":\"BreadcrumbList\",\"@id\":\"https:\\\/\\\/gastora.eu\\\/product\\\/couvercle-pour-assiette-3-compartiments-plastique-lavable-au-lave-vaisselle\\\/#breadcrumb\",\"itemListElement\":[{\"@type\":\"ListItem\",\"position\":1,\"name\":\"Home\",\"item\":\"https:\\\/\\\/gastora.eu\\\/\"},{\"@type\":\"ListItem\",\"position\":2,\"name\":\"Shop\",\"item\":\"https:\\\/\\\/gastora.eu\\\/shop\\\/\"},{\"@type\":\"ListItem\",\"position\":3,\"name\":\"Couvercle pour assiette \u00e0 3 compartiments &#8211; plastique &#8211; lavable au lave-vaisselle\"}]},{\"@type\":\"WebSite\",\"@id\":\"https:\\\/\\\/gastora.eu\\\/#website\",\"url\":\"https:\\\/\\\/gastora.eu\\\/\",\"name\":\"Gastora\",\"description\":\"\u00c9quipements professionnels CHR\",\"publisher\":{\"@id\":\"https:\\\/\\\/gastora.eu\\\/#organization\"},\"potentialAction\":[{\"@type\":\"SearchAction\",\"target\":{\"@type\":\"EntryPoint\",\"urlTemplate\":\"https:\\\/\\\/gastora.eu\\\/?s={search_term_string}\"},\"query-input\":{\"@type\":\"PropertyValueSpecification\",\"valueRequired\":true,\"valueName\":\"search_term_string\"}}],\"inLanguage\":\"en-US\"},{\"@type\":\"Organization\",\"@id\":\"https:\\\/\\\/gastora.eu\\\/#organization\",\"name\":\"Gastora\",\"url\":\"https:\\\/\\\/gastora.eu\\\/\",\"logo\":{\"@type\":\"ImageObject\",\"inLanguage\":\"en-US\",\"@id\":\"https:\\\/\\\/gastora.eu\\\/#\\\/schema\\\/logo\\\/image\\\/\",\"url\":\"https:\\\/\\\/gastora.eu\\\/wp-content\\\/uploads\\\/2025\\\/12\\\/ChatGPT-Image-2-janv.-2026-22_52_47-1.png\",\"contentUrl\":\"https:\\\/\\\/gastora.eu\\\/wp-content\\\/uploads\\\/2025\\\/12\\\/ChatGPT-Image-2-janv.-2026-22_52_47-1.png\",\"width\":1536,\"height\":320,\"caption\":\"Gastora\"},\"image\":{\"@id\":\"https:\\\/\\\/gastora.eu\\\/#\\\/schema\\\/logo\\\/image\\\/\"}}]}<\/script>\n<!-- \/ Yoast SEO plugin. -->","yoast_head_json":{"title":"Couvercle pour assiette \u00e0 3 compartiments - plastique - lavable au lave-vaisselle - Gastora","description":"Achetez Couvercle pour assiette \u00e0 3 compartiments - plastique - lavable au lave-vaisselle au meilleur prix, fiable et performant avec une livraison rapide","robots":{"index":"index","follow":"follow","max-snippet":"max-snippet:-1","max-image-preview":"max-image-preview:large","max-video-preview":"max-video-preview:-1"},"canonical":"https:\/\/gastora.eu\/en\/product\/couvercle-pour-assiette-3-compartiments-plastique-lavable-au-lave-vaisselle\/","og_locale":"en_US","og_type":"article","og_title":"Couvercle pour assiette \u00e0 3 compartiments - plastique - lavable au lave-vaisselle - Gastora","og_description":"Achetez Couvercle pour assiette \u00e0 3 compartiments - plastique - lavable au lave-vaisselle au meilleur prix, fiable et performant avec une livraison rapide","og_url":"https:\/\/gastora.eu\/en\/product\/couvercle-pour-assiette-3-compartiments-plastique-lavable-au-lave-vaisselle\/","og_site_name":"Gastora","article_modified_time":"2026-04-28T16:56:48+00:00","twitter_card":"summary_large_image","twitter_misc":{"Est. reading time":"1 minute"},"schema":{"@context":"https:\/\/schema.org","@graph":[{"@type":"WebPage","@id":"https:\/\/gastora.eu\/product\/couvercle-pour-assiette-3-compartiments-plastique-lavable-au-lave-vaisselle\/","url":"https:\/\/gastora.eu\/product\/couvercle-pour-assiette-3-compartiments-plastique-lavable-au-lave-vaisselle\/","name":"Couvercle pour assiette \u00e0 3 compartiments - plastique - lavable au lave-vaisselle - Gastora","isPartOf":{"@id":"https:\/\/gastora.eu\/#website"},"primaryImageOfPage":{"@id":"https:\/\/gastora.eu\/product\/couvercle-pour-assiette-3-compartiments-plastique-lavable-au-lave-vaisselle\/#primaryimage"},"image":{"@id":"https:\/\/gastora.eu\/product\/couvercle-pour-assiette-3-compartiments-plastique-lavable-au-lave-vaisselle\/#primaryimage"},"thumbnailUrl":"https:\/\/gastora.eu\/wp-content\/uploads\/2026\/04\/sp-001-61656fa61d5e8.jpg","datePublished":"2026-04-26T08:40:25+00:00","dateModified":"2026-04-28T16:56:48+00:00","description":"Achetez Couvercle pour assiette \u00e0 3 compartiments - plastique - lavable au lave-vaisselle au meilleur prix, fiable et performant avec une livraison rapide","breadcrumb":{"@id":"https:\/\/gastora.eu\/product\/couvercle-pour-assiette-3-compartiments-plastique-lavable-au-lave-vaisselle\/#breadcrumb"},"inLanguage":"en-US","potentialAction":[{"@type":"ReadAction","target":["https:\/\/gastora.eu\/product\/couvercle-pour-assiette-3-compartiments-plastique-lavable-au-lave-vaisselle\/"]}]},{"@type":"ImageObject","inLanguage":"en-US","@id":"https:\/\/gastora.eu\/product\/couvercle-pour-assiette-3-compartiments-plastique-lavable-au-lave-vaisselle\/#primaryimage","url":"https:\/\/gastora.eu\/wp-content\/uploads\/2026\/04\/sp-001-61656fa61d5e8.jpg","contentUrl":"https:\/\/gastora.eu\/wp-content\/uploads\/2026\/04\/sp-001-61656fa61d5e8.jpg","width":2048,"height":2048},{"@type":"BreadcrumbList","@id":"https:\/\/gastora.eu\/product\/couvercle-pour-assiette-3-compartiments-plastique-lavable-au-lave-vaisselle\/#breadcrumb","itemListElement":[{"@type":"ListItem","position":1,"name":"Home","item":"https:\/\/gastora.eu\/"},{"@type":"ListItem","position":2,"name":"Shop","item":"https:\/\/gastora.eu\/shop\/"},{"@type":"ListItem","position":3,"name":"Couvercle pour assiette \u00e0 3 compartiments &#8211; plastique &#8211; lavable au lave-vaisselle"}]},{"@type":"WebSite","@id":"https:\/\/gastora.eu\/#website","url":"https:\/\/gastora.eu\/","name":"Gastora","description":"\u00c9quipements professionnels CHR","publisher":{"@id":"https:\/\/gastora.eu\/#organization"},"potentialAction":[{"@type":"SearchAction","target":{"@type":"EntryPoint","urlTemplate":"https:\/\/gastora.eu\/?s={search_term_string}"},"query-input":{"@type":"PropertyValueSpecification","valueRequired":true,"valueName":"search_term_string"}}],"inLanguage":"en-US"},{"@type":"Organization","@id":"https:\/\/gastora.eu\/#organization","name":"Gastora","url":"https:\/\/gastora.eu\/","logo":{"@type":"ImageObject","inLanguage":"en-US","@id":"https:\/\/gastora.eu\/#\/schema\/logo\/image\/","url":"https:\/\/gastora.eu\/wp-content\/uploads\/2025\/12\/ChatGPT-Image-2-janv.-2026-22_52_47-1.png","contentUrl":"https:\/\/gastora.eu\/wp-content\/uploads\/2025\/12\/ChatGPT-Image-2-janv.-2026-22_52_47-1.png","width":1536,"height":320,"caption":"Gastora"},"image":{"@id":"https:\/\/gastora.eu\/#\/schema\/logo\/image\/"}}]}},"jetpack_sharing_enabled":true,"_links":{"self":[{"href":"https:\/\/gastora.eu\/en\/wp-json\/wp\/v2\/product\/14576","targetHints":{"allow":["GET"]}}],"collection":[{"href":"https:\/\/gastora.eu\/en\/wp-json\/wp\/v2\/product"}],"about":[{"href":"https:\/\/gastora.eu\/en\/wp-json\/wp\/v2\/types\/product"}],"wp:featuredmedia":[{"embeddable":true,"href":"https:\/\/gastora.eu\/en\/wp-json\/wp\/v2\/media\/7896"}],"wp:attachment":[{"href":"https:\/\/gastora.eu\/en\/wp-json\/wp\/v2\/media?parent=14576"}],"wp:term":[{"taxonomy":"product_brand","embeddable":true,"href":"https:\/\/gastora.eu\/en\/wp-json\/wp\/v2\/product_brand?post=14576"},{"taxonomy":"product_cat","embeddable":true,"href":"https:\/\/gastora.eu\/en\/wp-json\/wp\/v2\/product_cat?post=14576"},{"taxonomy":"product_tag","embeddable":true,"href":"https:\/\/gastora.eu\/en\/wp-json\/wp\/v2\/product_tag?post=14576"}],"curies":[{"name":"wp","href":"https:\/\/api.w.org\/{rel}","templated":true}]}}