{"id":14570,"date":"2026-04-26T08:40:19","date_gmt":"2026-04-26T08:40:19","guid":{"rendered":"https:\/\/gastora.eu\/?post_type=product&#038;p=14570"},"modified":"2026-04-28T16:56:47","modified_gmt":"2026-04-28T16:56:47","slug":"couvercle-gastronorm-12-gn-polycarbonate-avec-ouverture-pour-cuillre","status":"publish","type":"product","link":"https:\/\/gastora.eu\/en\/product\/couvercle-gastronorm-12-gn-polycarbonate-avec-ouverture-pour-cuillre\/","title":{"rendered":"Couvercle gastronorm &#8211; 1\/2 GN &#8211; polycarbonate &#8211; avec ouverture pour cuill\u00e8re"},"content":{"rendered":"<p>Un r\u00e9cipient Gastronorm (GN) est un \u00e9l\u00e9ment indispensable de toute cuisine de restauration. Dans une cuisine professionnelle, il n&#8217;y a jamais assez de r\u00e9cipients ou de plateaux GN. L&#8217;utilisation de plateaux GN de m\u00eames dimensions rend le travail en cuisine beaucoup plus efficace. Comme les r\u00e9cipients GN sont empilables, ils sont parfaits pour le stockage et prennent peu de place dans la cuisine. Ce couvercle est transparent et \u00e9galement fabriqu\u00e9 en polycarbonate pour \u00eatre assorti aux r\u00e9cipients GN en polycarbonate de Maxima.<\/p>\n<h3>Qu&#8217;est-ce que Gastronorm ?<\/h3>\n<p>Gastronorm est une norme mondiale pour le dimensionnement de ces r\u00e9cipients. Le grand avantage est que, comme les dimensions sont identiques, vous pouvez les utiliser en combinaison avec de nombreux \u00e9quipements de restauration. Par exemple, les r\u00e9cipients GN conviennent pour les fours, les r\u00e9frig\u00e9rateurs, les cong\u00e9lateurs, les saladettes, les pr\u00e9sentoirs, les bains-marie et m\u00eame les chafing dishes. L&#8217;utilisation de plateaux GN de m\u00eames dimensions rend le travail en cuisine beaucoup plus efficace. En outre, le r\u00e9cipient GN r\u00e9pond aux exigences europ\u00e9ennes en mati\u00e8re de s\u00e9curit\u00e9 des aliments.<\/p>\n<h3>Avantages du polycarbonate<\/h3>\n<p>L&#8217;utilisation du polycarbonate dans les r\u00e9cipients GN et les couvercles pr\u00e9sente de nombreux avantages. Par exemple, ce mat\u00e9riau est presque indestructible et, gr\u00e2ce \u00e0 sa transparence, vous pouvez le voir de tous les c\u00f4t\u00e9s pour conna\u00eetre le contenu du r\u00e9cipient. En outre, il s&#8217;agit d&#8217;un mat\u00e9riau inodore et sans go\u00fbt qui n&#8217;absorbe pas ces qualit\u00e9s des aliments. Le plus grand avantage r\u00e9side toutefois dans la facilit\u00e9 de nettoyage. Les r\u00e9cipients GN et les couvercles en polycarbonate passent au lave-vaisselle, s\u00e8chent rapidement et r\u00e9sistent \u00e0 des temp\u00e9ratures allant de -40 \u00e0 100\u00b0C.<\/p>\n<p><strong>Caract\u00e9ristiques du produit<\/strong><\/p>\n<ul>\n<li>Taille du Gastronorm : 1\/2 GN<\/li>\n<\/ul>\n<p><strong>Les r\u00e9cipients et couvercles GN fabriqu\u00e9s dans des mat\u00e9riaux diff\u00e9rents ne sont pas interchangeables<\/strong><strong>.<\/strong><\/p>","protected":false},"excerpt":{"rendered":"<p>Ce 1\/2 couvercle transparent Gastronorm en polycarbonate est empilable et lavable au lave-vaisselle. Il est pratiquement incassable. Vous pouvez utiliser ce couvercle pour couvrir les r\u00e9cipients GN en polycarbonate de Maxima. Il est compatible avec de nombreux types d&#8217;\u00e9quipements de restauration, tels que les fours, les \u00e9quipements de refroidissement, les bains-marie et les chafing dishes.<\/p>","protected":false},"featured_media":7884,"template":"","meta":{"_acf_changed":false},"product_brand":[],"product_cat":[498],"product_tag":[],"class_list":{"0":"post-14570","1":"product","2":"type-product","3":"status-publish","4":"has-post-thumbnail","6":"product_cat-bacs-gn-couvercles-2","8":"first","9":"instock","10":"sale","11":"taxable","12":"shipping-taxable","13":"purchasable","14":"product-type-simple"},"acf":[],"yoast_head":"<!-- This site is optimized with the Yoast SEO plugin v27.5 - https:\/\/yoast.com\/product\/yoast-seo-wordpress\/ -->\n<title>Couvercle gastronorm - 1\/2 GN - polycarbonate - avec ouverture pour cuill\u00e8re - Gastora<\/title>\n<meta name=\"description\" content=\"Achetez Couvercle gastronorm - 1\/2 GN - polycarbonate - avec ouverture pour cuill\u00e8re au meilleur prix, fiable et performant avec une livraison rapide\" \/>\n<meta name=\"robots\" content=\"index, follow, max-snippet:-1, max-image-preview:large, max-video-preview:-1\" \/>\n<link rel=\"canonical\" href=\"https:\/\/gastora.eu\/en\/product\/couvercle-gastronorm-12-gn-polycarbonate-avec-ouverture-pour-cuillre\/\" \/>\n<meta property=\"og:locale\" content=\"en_US\" \/>\n<meta property=\"og:type\" content=\"article\" \/>\n<meta property=\"og:title\" content=\"Couvercle gastronorm - 1\/2 GN - polycarbonate - avec ouverture pour cuill\u00e8re - Gastora\" \/>\n<meta property=\"og:description\" content=\"Achetez Couvercle gastronorm - 1\/2 GN - polycarbonate - avec ouverture pour cuill\u00e8re au meilleur prix, fiable et performant avec une livraison rapide\" \/>\n<meta property=\"og:url\" content=\"https:\/\/gastora.eu\/en\/product\/couvercle-gastronorm-12-gn-polycarbonate-avec-ouverture-pour-cuillre\/\" \/>\n<meta property=\"og:site_name\" content=\"Gastora\" \/>\n<meta property=\"article:modified_time\" content=\"2026-04-28T16:56:47+00:00\" \/>\n<meta name=\"twitter:card\" content=\"summary_large_image\" \/>\n<meta name=\"twitter:label1\" content=\"Est. reading time\" \/>\n\t<meta name=\"twitter:data1\" content=\"2 minutes\" \/>\n<script type=\"application\/ld+json\" class=\"yoast-schema-graph\">{\"@context\":\"https:\\\/\\\/schema.org\",\"@graph\":[{\"@type\":\"WebPage\",\"@id\":\"https:\\\/\\\/gastora.eu\\\/product\\\/couvercle-gastronorm-12-gn-polycarbonate-avec-ouverture-pour-cuillre\\\/\",\"url\":\"https:\\\/\\\/gastora.eu\\\/product\\\/couvercle-gastronorm-12-gn-polycarbonate-avec-ouverture-pour-cuillre\\\/\",\"name\":\"Couvercle gastronorm - 1\\\/2 GN - polycarbonate - avec ouverture pour cuill\u00e8re - Gastora\",\"isPartOf\":{\"@id\":\"https:\\\/\\\/gastora.eu\\\/#website\"},\"primaryImageOfPage\":{\"@id\":\"https:\\\/\\\/gastora.eu\\\/product\\\/couvercle-gastronorm-12-gn-polycarbonate-avec-ouverture-pour-cuillre\\\/#primaryimage\"},\"image\":{\"@id\":\"https:\\\/\\\/gastora.eu\\\/product\\\/couvercle-gastronorm-12-gn-polycarbonate-avec-ouverture-pour-cuillre\\\/#primaryimage\"},\"thumbnailUrl\":\"https:\\\/\\\/gastora.eu\\\/wp-content\\\/uploads\\\/2026\\\/04\\\/sp-067-61656fa576d19.jpg\",\"datePublished\":\"2026-04-26T08:40:19+00:00\",\"dateModified\":\"2026-04-28T16:56:47+00:00\",\"description\":\"Achetez Couvercle gastronorm - 1\\\/2 GN - polycarbonate - avec ouverture pour cuill\u00e8re au meilleur prix, fiable et performant avec une livraison rapide\",\"breadcrumb\":{\"@id\":\"https:\\\/\\\/gastora.eu\\\/product\\\/couvercle-gastronorm-12-gn-polycarbonate-avec-ouverture-pour-cuillre\\\/#breadcrumb\"},\"inLanguage\":\"en-US\",\"potentialAction\":[{\"@type\":\"ReadAction\",\"target\":[\"https:\\\/\\\/gastora.eu\\\/product\\\/couvercle-gastronorm-12-gn-polycarbonate-avec-ouverture-pour-cuillre\\\/\"]}]},{\"@type\":\"ImageObject\",\"inLanguage\":\"en-US\",\"@id\":\"https:\\\/\\\/gastora.eu\\\/product\\\/couvercle-gastronorm-12-gn-polycarbonate-avec-ouverture-pour-cuillre\\\/#primaryimage\",\"url\":\"https:\\\/\\\/gastora.eu\\\/wp-content\\\/uploads\\\/2026\\\/04\\\/sp-067-61656fa576d19.jpg\",\"contentUrl\":\"https:\\\/\\\/gastora.eu\\\/wp-content\\\/uploads\\\/2026\\\/04\\\/sp-067-61656fa576d19.jpg\",\"width\":2048,\"height\":2048},{\"@type\":\"BreadcrumbList\",\"@id\":\"https:\\\/\\\/gastora.eu\\\/product\\\/couvercle-gastronorm-12-gn-polycarbonate-avec-ouverture-pour-cuillre\\\/#breadcrumb\",\"itemListElement\":[{\"@type\":\"ListItem\",\"position\":1,\"name\":\"Home\",\"item\":\"https:\\\/\\\/gastora.eu\\\/\"},{\"@type\":\"ListItem\",\"position\":2,\"name\":\"Shop\",\"item\":\"https:\\\/\\\/gastora.eu\\\/shop\\\/\"},{\"@type\":\"ListItem\",\"position\":3,\"name\":\"Couvercle gastronorm &#8211; 1\\\/2 GN &#8211; polycarbonate &#8211; avec ouverture pour cuill\u00e8re\"}]},{\"@type\":\"WebSite\",\"@id\":\"https:\\\/\\\/gastora.eu\\\/#website\",\"url\":\"https:\\\/\\\/gastora.eu\\\/\",\"name\":\"Gastora\",\"description\":\"\u00c9quipements professionnels CHR\",\"publisher\":{\"@id\":\"https:\\\/\\\/gastora.eu\\\/#organization\"},\"potentialAction\":[{\"@type\":\"SearchAction\",\"target\":{\"@type\":\"EntryPoint\",\"urlTemplate\":\"https:\\\/\\\/gastora.eu\\\/?s={search_term_string}\"},\"query-input\":{\"@type\":\"PropertyValueSpecification\",\"valueRequired\":true,\"valueName\":\"search_term_string\"}}],\"inLanguage\":\"en-US\"},{\"@type\":\"Organization\",\"@id\":\"https:\\\/\\\/gastora.eu\\\/#organization\",\"name\":\"Gastora\",\"url\":\"https:\\\/\\\/gastora.eu\\\/\",\"logo\":{\"@type\":\"ImageObject\",\"inLanguage\":\"en-US\",\"@id\":\"https:\\\/\\\/gastora.eu\\\/#\\\/schema\\\/logo\\\/image\\\/\",\"url\":\"https:\\\/\\\/gastora.eu\\\/wp-content\\\/uploads\\\/2025\\\/12\\\/ChatGPT-Image-2-janv.-2026-22_52_47-1.png\",\"contentUrl\":\"https:\\\/\\\/gastora.eu\\\/wp-content\\\/uploads\\\/2025\\\/12\\\/ChatGPT-Image-2-janv.-2026-22_52_47-1.png\",\"width\":1536,\"height\":320,\"caption\":\"Gastora\"},\"image\":{\"@id\":\"https:\\\/\\\/gastora.eu\\\/#\\\/schema\\\/logo\\\/image\\\/\"}}]}<\/script>\n<!-- \/ Yoast SEO plugin. -->","yoast_head_json":{"title":"Couvercle gastronorm - 1\/2 GN - polycarbonate - avec ouverture pour cuill\u00e8re - Gastora","description":"Achetez Couvercle gastronorm - 1\/2 GN - polycarbonate - avec ouverture pour cuill\u00e8re au meilleur prix, fiable et performant avec une livraison rapide","robots":{"index":"index","follow":"follow","max-snippet":"max-snippet:-1","max-image-preview":"max-image-preview:large","max-video-preview":"max-video-preview:-1"},"canonical":"https:\/\/gastora.eu\/en\/product\/couvercle-gastronorm-12-gn-polycarbonate-avec-ouverture-pour-cuillre\/","og_locale":"en_US","og_type":"article","og_title":"Couvercle gastronorm - 1\/2 GN - polycarbonate - avec ouverture pour cuill\u00e8re - Gastora","og_description":"Achetez Couvercle gastronorm - 1\/2 GN - polycarbonate - avec ouverture pour cuill\u00e8re au meilleur prix, fiable et performant avec une livraison rapide","og_url":"https:\/\/gastora.eu\/en\/product\/couvercle-gastronorm-12-gn-polycarbonate-avec-ouverture-pour-cuillre\/","og_site_name":"Gastora","article_modified_time":"2026-04-28T16:56:47+00:00","twitter_card":"summary_large_image","twitter_misc":{"Est. reading time":"2 minutes"},"schema":{"@context":"https:\/\/schema.org","@graph":[{"@type":"WebPage","@id":"https:\/\/gastora.eu\/product\/couvercle-gastronorm-12-gn-polycarbonate-avec-ouverture-pour-cuillre\/","url":"https:\/\/gastora.eu\/product\/couvercle-gastronorm-12-gn-polycarbonate-avec-ouverture-pour-cuillre\/","name":"Couvercle gastronorm - 1\/2 GN - polycarbonate - avec ouverture pour cuill\u00e8re - Gastora","isPartOf":{"@id":"https:\/\/gastora.eu\/#website"},"primaryImageOfPage":{"@id":"https:\/\/gastora.eu\/product\/couvercle-gastronorm-12-gn-polycarbonate-avec-ouverture-pour-cuillre\/#primaryimage"},"image":{"@id":"https:\/\/gastora.eu\/product\/couvercle-gastronorm-12-gn-polycarbonate-avec-ouverture-pour-cuillre\/#primaryimage"},"thumbnailUrl":"https:\/\/gastora.eu\/wp-content\/uploads\/2026\/04\/sp-067-61656fa576d19.jpg","datePublished":"2026-04-26T08:40:19+00:00","dateModified":"2026-04-28T16:56:47+00:00","description":"Achetez Couvercle gastronorm - 1\/2 GN - polycarbonate - avec ouverture pour cuill\u00e8re au meilleur prix, fiable et performant avec une livraison rapide","breadcrumb":{"@id":"https:\/\/gastora.eu\/product\/couvercle-gastronorm-12-gn-polycarbonate-avec-ouverture-pour-cuillre\/#breadcrumb"},"inLanguage":"en-US","potentialAction":[{"@type":"ReadAction","target":["https:\/\/gastora.eu\/product\/couvercle-gastronorm-12-gn-polycarbonate-avec-ouverture-pour-cuillre\/"]}]},{"@type":"ImageObject","inLanguage":"en-US","@id":"https:\/\/gastora.eu\/product\/couvercle-gastronorm-12-gn-polycarbonate-avec-ouverture-pour-cuillre\/#primaryimage","url":"https:\/\/gastora.eu\/wp-content\/uploads\/2026\/04\/sp-067-61656fa576d19.jpg","contentUrl":"https:\/\/gastora.eu\/wp-content\/uploads\/2026\/04\/sp-067-61656fa576d19.jpg","width":2048,"height":2048},{"@type":"BreadcrumbList","@id":"https:\/\/gastora.eu\/product\/couvercle-gastronorm-12-gn-polycarbonate-avec-ouverture-pour-cuillre\/#breadcrumb","itemListElement":[{"@type":"ListItem","position":1,"name":"Home","item":"https:\/\/gastora.eu\/"},{"@type":"ListItem","position":2,"name":"Shop","item":"https:\/\/gastora.eu\/shop\/"},{"@type":"ListItem","position":3,"name":"Couvercle gastronorm &#8211; 1\/2 GN &#8211; polycarbonate &#8211; avec ouverture pour cuill\u00e8re"}]},{"@type":"WebSite","@id":"https:\/\/gastora.eu\/#website","url":"https:\/\/gastora.eu\/","name":"Gastora","description":"\u00c9quipements professionnels CHR","publisher":{"@id":"https:\/\/gastora.eu\/#organization"},"potentialAction":[{"@type":"SearchAction","target":{"@type":"EntryPoint","urlTemplate":"https:\/\/gastora.eu\/?s={search_term_string}"},"query-input":{"@type":"PropertyValueSpecification","valueRequired":true,"valueName":"search_term_string"}}],"inLanguage":"en-US"},{"@type":"Organization","@id":"https:\/\/gastora.eu\/#organization","name":"Gastora","url":"https:\/\/gastora.eu\/","logo":{"@type":"ImageObject","inLanguage":"en-US","@id":"https:\/\/gastora.eu\/#\/schema\/logo\/image\/","url":"https:\/\/gastora.eu\/wp-content\/uploads\/2025\/12\/ChatGPT-Image-2-janv.-2026-22_52_47-1.png","contentUrl":"https:\/\/gastora.eu\/wp-content\/uploads\/2025\/12\/ChatGPT-Image-2-janv.-2026-22_52_47-1.png","width":1536,"height":320,"caption":"Gastora"},"image":{"@id":"https:\/\/gastora.eu\/#\/schema\/logo\/image\/"}}]}},"jetpack_sharing_enabled":true,"_links":{"self":[{"href":"https:\/\/gastora.eu\/en\/wp-json\/wp\/v2\/product\/14570","targetHints":{"allow":["GET"]}}],"collection":[{"href":"https:\/\/gastora.eu\/en\/wp-json\/wp\/v2\/product"}],"about":[{"href":"https:\/\/gastora.eu\/en\/wp-json\/wp\/v2\/types\/product"}],"wp:featuredmedia":[{"embeddable":true,"href":"https:\/\/gastora.eu\/en\/wp-json\/wp\/v2\/media\/7884"}],"wp:attachment":[{"href":"https:\/\/gastora.eu\/en\/wp-json\/wp\/v2\/media?parent=14570"}],"wp:term":[{"taxonomy":"product_brand","embeddable":true,"href":"https:\/\/gastora.eu\/en\/wp-json\/wp\/v2\/product_brand?post=14570"},{"taxonomy":"product_cat","embeddable":true,"href":"https:\/\/gastora.eu\/en\/wp-json\/wp\/v2\/product_cat?post=14570"},{"taxonomy":"product_tag","embeddable":true,"href":"https:\/\/gastora.eu\/en\/wp-json\/wp\/v2\/product_tag?post=14570"}],"curies":[{"name":"wp","href":"https:\/\/api.w.org\/{rel}","templated":true}]}}