{"id":14542,"date":"2026-04-26T08:39:44","date_gmt":"2026-04-26T08:39:44","guid":{"rendered":"https:\/\/gastora.eu\/?post_type=product&#038;p=14542"},"modified":"2026-04-28T16:56:44","modified_gmt":"2026-04-28T16:56:44","slug":"machine-glaons-50-kgjour-broyfloconn-refroidissement-par-eau","status":"publish","type":"product","link":"https:\/\/gastora.eu\/en\/product\/machine-glaons-50-kgjour-broyfloconn-refroidissement-par-eau\/","title":{"rendered":"Machine \u00e0 gla\u00e7ons &#8211; 50 kg\/jour &#8211; broy\u00e9\/floconn\u00e9 &#8211; refroidissement par eau"},"content":{"rendered":"<p>Que vous utilisiez de la glace pil\u00e9e pour conserver la fra\u00eecheur des aliments, pour les transporter ou pour les pr\u00e9senter de mani\u00e8re attrayante, cette machine \u00e0 glace refroidie \u00e0 l&#8217;eau vous permettra d&#8217;avoir toujours suffisamment de glace \u00e0 port\u00e9e de main, pr\u00eate \u00e0 \u00eatre servie. Cette machine \u00e0 glace a une capacit\u00e9 de 50 kg de glace pil\u00e9e par 24 heures. Elle dispose \u00e9galement d&#8217;un bac de stockage sp\u00e9cial pour conserver 10 kg de glace au frais. Avec cette commande, vous recevez une pelle \u00e0 glace pratique pour vous aider \u00e0 retirer la glace de la machine de mani\u00e8re hygi\u00e9nique. Ce mod\u00e8le est facile \u00e0 installer sous le bar ou sous le comptoir.<\/p>\n<h3>Raccordement facile au r\u00e9seau d&#8217;eau potable<\/h3>\n<p>Cette machine \u00e0 glace \u00e9caill\u00e9e (pil\u00e9e) refroidie \u00e0 l&#8217;eau est \u00e9quip\u00e9e d&#8217;une protection contre les surcharges, de sorte que vous n&#8217;avez jamais \u00e0 vous inqui\u00e9ter d&#8217;une surcharge de la machine. Gr\u00e2ce aux tuyaux d&#8217;alimentation fournis, vous pouvez facilement raccorder la machine \u00e0 une prise d&#8217;eau potable. Le remplissage manuel du r\u00e9servoir d&#8217;eau est enti\u00e8rement automatis\u00e9. La machine \u00e0 gla\u00e7ons n&#8217;est pas \u00e9quip\u00e9e d&#8217;une pompe de vidange. Le tuyau de vidange doit \u00eatre branch\u00e9 plus bas que la sortie de la machine. Le syst\u00e8me de refroidissement efficace garantit une glace de haute qualit\u00e9 et le r\u00e9frig\u00e9rant utilis\u00e9 est le R290. La machine \u00e0 glace est \u00e9galement dot\u00e9e d&#8217;un panneau de commande pratique et convivial. Les voyants lumineux indiquent les dysfonctionnements, le remplissage du bac de stockage ou un niveau d&#8217;eau trop bas.<\/p>\n<h3>Facile \u00e0 nettoyer<\/h3>\n<p>Pour produire de la glace, la machine \u00e0 gla\u00e7ons doit \u00eatre plac\u00e9e dans une position stable et s\u00fbre. Gr\u00e2ce \u00e0 ses pieds r\u00e9glables, elle reste parfaitement en place sur presque toutes les surfaces. Le nettoyage de la machine \u00e0 gla\u00e7ons est \u00e9galement facile, gr\u00e2ce aux mat\u00e9riaux utilis\u00e9s pour sa fabrication. L&#8217;ext\u00e9rieur est en acier inoxydable 18\/8 et l&#8217;int\u00e9rieur en ABS. Vous pouvez nettoyer rapidement et soigneusement l&#8217;ensemble \u00e0 l&#8217;aide d&#8217;un simple chiffon humide impr\u00e9gn\u00e9 d&#8217;un peu de d\u00e9tergent. Il suffit ensuite de l&#8217;essuyer avec un chiffon doux avant de remettre la machine en marche.<\/p>\n<p><strong>Caract\u00e9ristiques<\/strong><\/p>\n<ul>\n<li>Machine \u00e0 glace refroidie par eau<\/li>\n<li>Livr\u00e9e avec un robinet d&#8217;eau<\/li>\n<li>Fabrique de la glace pil\u00e9e\/en flocons<\/li>\n<li>Panneau de commande convivial<\/li>\n<li>Voyants lumineux indiquant le niveau de stockage et le niveau d&#8217;eau<\/li>\n<\/ul>\n<p><strong>Caract\u00e9ristiques du produit<\/strong><\/p>\n<ul>\n<li>Poids net : 37 kg<\/li>\n<li>Capacit\u00e9 de production : 50 kg en 24 heures<\/li>\n<li>Capacit\u00e9 de stockage : 10 kg<\/li>\n<li>Dimensions de l&#8217;appareil : L40 x P51 x H72cm<\/li>\n<li>R\u00e9frig\u00e9rant : R290<\/li>\n<li>230V \/ 50Hz \/ 1 Phase 330W<\/li>\n<\/ul>","protected":false},"excerpt":{"rendered":"<p>Cette machine \u00e0 glace pil\u00e9e refroidie \u00e0 l&#8217;eau a une capacit\u00e9 de 50 kg de glace pil\u00e9e par 24 heures. Cette machine \u00e0 glace de premi\u00e8re qualit\u00e9 est donc id\u00e9ale pour conserver la fra\u00eecheur des aliments dans tout \u00e9tablissement de restauration.<\/p>","protected":false},"featured_media":7828,"template":"","meta":{"_acf_changed":false},"product_brand":[],"product_cat":[491],"product_tag":[],"class_list":{"0":"post-14542","1":"product","2":"type-product","3":"status-publish","4":"has-post-thumbnail","6":"product_cat-machines-a-glacons-2","8":"first","9":"instock","10":"sale","11":"taxable","12":"shipping-taxable","13":"purchasable","14":"product-type-simple"},"acf":[],"yoast_head":"<!-- This site is optimized with the Yoast SEO plugin v27.5 - https:\/\/yoast.com\/product\/yoast-seo-wordpress\/ -->\n<title>Machine \u00e0 gla\u00e7ons - 50 kg\/jour - broy\u00e9\/floconn\u00e9 - refroidissement par eau - Gastora<\/title>\n<meta name=\"description\" content=\"Achetez Machine \u00e0 gla\u00e7ons - 50 kg\/jour - broy\u00e9\/floconn\u00e9 - refroidissement par eau au meilleur prix, fiable et performant avec une livraison rapide\" \/>\n<meta name=\"robots\" content=\"index, follow, max-snippet:-1, max-image-preview:large, max-video-preview:-1\" \/>\n<link rel=\"canonical\" href=\"https:\/\/gastora.eu\/en\/product\/machine-glaons-50-kgjour-broyfloconn-refroidissement-par-eau\/\" \/>\n<meta property=\"og:locale\" content=\"en_US\" \/>\n<meta property=\"og:type\" content=\"article\" \/>\n<meta property=\"og:title\" content=\"Machine \u00e0 gla\u00e7ons - 50 kg\/jour - broy\u00e9\/floconn\u00e9 - refroidissement par eau - Gastora\" \/>\n<meta property=\"og:description\" content=\"Achetez Machine \u00e0 gla\u00e7ons - 50 kg\/jour - broy\u00e9\/floconn\u00e9 - refroidissement par eau au meilleur prix, fiable et performant avec une livraison rapide\" \/>\n<meta property=\"og:url\" content=\"https:\/\/gastora.eu\/en\/product\/machine-glaons-50-kgjour-broyfloconn-refroidissement-par-eau\/\" \/>\n<meta property=\"og:site_name\" content=\"Gastora\" \/>\n<meta property=\"article:modified_time\" content=\"2026-04-28T16:56:44+00:00\" \/>\n<meta name=\"twitter:card\" content=\"summary_large_image\" \/>\n<meta name=\"twitter:label1\" content=\"Est. reading time\" \/>\n\t<meta name=\"twitter:data1\" content=\"2 minutes\" \/>\n<script type=\"application\/ld+json\" class=\"yoast-schema-graph\">{\"@context\":\"https:\\\/\\\/schema.org\",\"@graph\":[{\"@type\":\"WebPage\",\"@id\":\"https:\\\/\\\/gastora.eu\\\/product\\\/machine-glaons-50-kgjour-broyfloconn-refroidissement-par-eau\\\/\",\"url\":\"https:\\\/\\\/gastora.eu\\\/product\\\/machine-glaons-50-kgjour-broyfloconn-refroidissement-par-eau\\\/\",\"name\":\"Machine \u00e0 gla\u00e7ons - 50 kg\\\/jour - broy\u00e9\\\/floconn\u00e9 - refroidissement par eau - Gastora\",\"isPartOf\":{\"@id\":\"https:\\\/\\\/gastora.eu\\\/#website\"},\"primaryImageOfPage\":{\"@id\":\"https:\\\/\\\/gastora.eu\\\/product\\\/machine-glaons-50-kgjour-broyfloconn-refroidissement-par-eau\\\/#primaryimage\"},\"image\":{\"@id\":\"https:\\\/\\\/gastora.eu\\\/product\\\/machine-glaons-50-kgjour-broyfloconn-refroidissement-par-eau\\\/#primaryimage\"},\"thumbnailUrl\":\"https:\\\/\\\/gastora.eu\\\/wp-content\\\/uploads\\\/2026\\\/04\\\/sp-005-61656f672b9f9.jpg\",\"datePublished\":\"2026-04-26T08:39:44+00:00\",\"dateModified\":\"2026-04-28T16:56:44+00:00\",\"description\":\"Achetez Machine \u00e0 gla\u00e7ons - 50 kg\\\/jour - broy\u00e9\\\/floconn\u00e9 - refroidissement par eau au meilleur prix, fiable et performant avec une livraison rapide\",\"breadcrumb\":{\"@id\":\"https:\\\/\\\/gastora.eu\\\/product\\\/machine-glaons-50-kgjour-broyfloconn-refroidissement-par-eau\\\/#breadcrumb\"},\"inLanguage\":\"en-US\",\"potentialAction\":[{\"@type\":\"ReadAction\",\"target\":[\"https:\\\/\\\/gastora.eu\\\/product\\\/machine-glaons-50-kgjour-broyfloconn-refroidissement-par-eau\\\/\"]}]},{\"@type\":\"ImageObject\",\"inLanguage\":\"en-US\",\"@id\":\"https:\\\/\\\/gastora.eu\\\/product\\\/machine-glaons-50-kgjour-broyfloconn-refroidissement-par-eau\\\/#primaryimage\",\"url\":\"https:\\\/\\\/gastora.eu\\\/wp-content\\\/uploads\\\/2026\\\/04\\\/sp-005-61656f672b9f9.jpg\",\"contentUrl\":\"https:\\\/\\\/gastora.eu\\\/wp-content\\\/uploads\\\/2026\\\/04\\\/sp-005-61656f672b9f9.jpg\",\"width\":2048,\"height\":2048},{\"@type\":\"BreadcrumbList\",\"@id\":\"https:\\\/\\\/gastora.eu\\\/product\\\/machine-glaons-50-kgjour-broyfloconn-refroidissement-par-eau\\\/#breadcrumb\",\"itemListElement\":[{\"@type\":\"ListItem\",\"position\":1,\"name\":\"Home\",\"item\":\"https:\\\/\\\/gastora.eu\\\/\"},{\"@type\":\"ListItem\",\"position\":2,\"name\":\"Shop\",\"item\":\"https:\\\/\\\/gastora.eu\\\/shop\\\/\"},{\"@type\":\"ListItem\",\"position\":3,\"name\":\"Machine \u00e0 gla\u00e7ons &#8211; 50 kg\\\/jour &#8211; broy\u00e9\\\/floconn\u00e9 &#8211; refroidissement par eau\"}]},{\"@type\":\"WebSite\",\"@id\":\"https:\\\/\\\/gastora.eu\\\/#website\",\"url\":\"https:\\\/\\\/gastora.eu\\\/\",\"name\":\"Gastora\",\"description\":\"\u00c9quipements professionnels CHR\",\"publisher\":{\"@id\":\"https:\\\/\\\/gastora.eu\\\/#organization\"},\"potentialAction\":[{\"@type\":\"SearchAction\",\"target\":{\"@type\":\"EntryPoint\",\"urlTemplate\":\"https:\\\/\\\/gastora.eu\\\/?s={search_term_string}\"},\"query-input\":{\"@type\":\"PropertyValueSpecification\",\"valueRequired\":true,\"valueName\":\"search_term_string\"}}],\"inLanguage\":\"en-US\"},{\"@type\":\"Organization\",\"@id\":\"https:\\\/\\\/gastora.eu\\\/#organization\",\"name\":\"Gastora\",\"url\":\"https:\\\/\\\/gastora.eu\\\/\",\"logo\":{\"@type\":\"ImageObject\",\"inLanguage\":\"en-US\",\"@id\":\"https:\\\/\\\/gastora.eu\\\/#\\\/schema\\\/logo\\\/image\\\/\",\"url\":\"https:\\\/\\\/gastora.eu\\\/wp-content\\\/uploads\\\/2025\\\/12\\\/ChatGPT-Image-2-janv.-2026-22_52_47-1.png\",\"contentUrl\":\"https:\\\/\\\/gastora.eu\\\/wp-content\\\/uploads\\\/2025\\\/12\\\/ChatGPT-Image-2-janv.-2026-22_52_47-1.png\",\"width\":1536,\"height\":320,\"caption\":\"Gastora\"},\"image\":{\"@id\":\"https:\\\/\\\/gastora.eu\\\/#\\\/schema\\\/logo\\\/image\\\/\"}}]}<\/script>\n<!-- \/ Yoast SEO plugin. -->","yoast_head_json":{"title":"Machine \u00e0 gla\u00e7ons - 50 kg\/jour - broy\u00e9\/floconn\u00e9 - refroidissement par eau - Gastora","description":"Achetez Machine \u00e0 gla\u00e7ons - 50 kg\/jour - broy\u00e9\/floconn\u00e9 - refroidissement par eau au meilleur prix, fiable et performant avec une livraison rapide","robots":{"index":"index","follow":"follow","max-snippet":"max-snippet:-1","max-image-preview":"max-image-preview:large","max-video-preview":"max-video-preview:-1"},"canonical":"https:\/\/gastora.eu\/en\/product\/machine-glaons-50-kgjour-broyfloconn-refroidissement-par-eau\/","og_locale":"en_US","og_type":"article","og_title":"Machine \u00e0 gla\u00e7ons - 50 kg\/jour - broy\u00e9\/floconn\u00e9 - refroidissement par eau - Gastora","og_description":"Achetez Machine \u00e0 gla\u00e7ons - 50 kg\/jour - broy\u00e9\/floconn\u00e9 - refroidissement par eau au meilleur prix, fiable et performant avec une livraison rapide","og_url":"https:\/\/gastora.eu\/en\/product\/machine-glaons-50-kgjour-broyfloconn-refroidissement-par-eau\/","og_site_name":"Gastora","article_modified_time":"2026-04-28T16:56:44+00:00","twitter_card":"summary_large_image","twitter_misc":{"Est. reading time":"2 minutes"},"schema":{"@context":"https:\/\/schema.org","@graph":[{"@type":"WebPage","@id":"https:\/\/gastora.eu\/product\/machine-glaons-50-kgjour-broyfloconn-refroidissement-par-eau\/","url":"https:\/\/gastora.eu\/product\/machine-glaons-50-kgjour-broyfloconn-refroidissement-par-eau\/","name":"Machine \u00e0 gla\u00e7ons - 50 kg\/jour - broy\u00e9\/floconn\u00e9 - refroidissement par eau - Gastora","isPartOf":{"@id":"https:\/\/gastora.eu\/#website"},"primaryImageOfPage":{"@id":"https:\/\/gastora.eu\/product\/machine-glaons-50-kgjour-broyfloconn-refroidissement-par-eau\/#primaryimage"},"image":{"@id":"https:\/\/gastora.eu\/product\/machine-glaons-50-kgjour-broyfloconn-refroidissement-par-eau\/#primaryimage"},"thumbnailUrl":"https:\/\/gastora.eu\/wp-content\/uploads\/2026\/04\/sp-005-61656f672b9f9.jpg","datePublished":"2026-04-26T08:39:44+00:00","dateModified":"2026-04-28T16:56:44+00:00","description":"Achetez Machine \u00e0 gla\u00e7ons - 50 kg\/jour - broy\u00e9\/floconn\u00e9 - refroidissement par eau au meilleur prix, fiable et performant avec une livraison rapide","breadcrumb":{"@id":"https:\/\/gastora.eu\/product\/machine-glaons-50-kgjour-broyfloconn-refroidissement-par-eau\/#breadcrumb"},"inLanguage":"en-US","potentialAction":[{"@type":"ReadAction","target":["https:\/\/gastora.eu\/product\/machine-glaons-50-kgjour-broyfloconn-refroidissement-par-eau\/"]}]},{"@type":"ImageObject","inLanguage":"en-US","@id":"https:\/\/gastora.eu\/product\/machine-glaons-50-kgjour-broyfloconn-refroidissement-par-eau\/#primaryimage","url":"https:\/\/gastora.eu\/wp-content\/uploads\/2026\/04\/sp-005-61656f672b9f9.jpg","contentUrl":"https:\/\/gastora.eu\/wp-content\/uploads\/2026\/04\/sp-005-61656f672b9f9.jpg","width":2048,"height":2048},{"@type":"BreadcrumbList","@id":"https:\/\/gastora.eu\/product\/machine-glaons-50-kgjour-broyfloconn-refroidissement-par-eau\/#breadcrumb","itemListElement":[{"@type":"ListItem","position":1,"name":"Home","item":"https:\/\/gastora.eu\/"},{"@type":"ListItem","position":2,"name":"Shop","item":"https:\/\/gastora.eu\/shop\/"},{"@type":"ListItem","position":3,"name":"Machine \u00e0 gla\u00e7ons &#8211; 50 kg\/jour &#8211; broy\u00e9\/floconn\u00e9 &#8211; refroidissement par eau"}]},{"@type":"WebSite","@id":"https:\/\/gastora.eu\/#website","url":"https:\/\/gastora.eu\/","name":"Gastora","description":"\u00c9quipements professionnels CHR","publisher":{"@id":"https:\/\/gastora.eu\/#organization"},"potentialAction":[{"@type":"SearchAction","target":{"@type":"EntryPoint","urlTemplate":"https:\/\/gastora.eu\/?s={search_term_string}"},"query-input":{"@type":"PropertyValueSpecification","valueRequired":true,"valueName":"search_term_string"}}],"inLanguage":"en-US"},{"@type":"Organization","@id":"https:\/\/gastora.eu\/#organization","name":"Gastora","url":"https:\/\/gastora.eu\/","logo":{"@type":"ImageObject","inLanguage":"en-US","@id":"https:\/\/gastora.eu\/#\/schema\/logo\/image\/","url":"https:\/\/gastora.eu\/wp-content\/uploads\/2025\/12\/ChatGPT-Image-2-janv.-2026-22_52_47-1.png","contentUrl":"https:\/\/gastora.eu\/wp-content\/uploads\/2025\/12\/ChatGPT-Image-2-janv.-2026-22_52_47-1.png","width":1536,"height":320,"caption":"Gastora"},"image":{"@id":"https:\/\/gastora.eu\/#\/schema\/logo\/image\/"}}]}},"jetpack_sharing_enabled":true,"_links":{"self":[{"href":"https:\/\/gastora.eu\/en\/wp-json\/wp\/v2\/product\/14542","targetHints":{"allow":["GET"]}}],"collection":[{"href":"https:\/\/gastora.eu\/en\/wp-json\/wp\/v2\/product"}],"about":[{"href":"https:\/\/gastora.eu\/en\/wp-json\/wp\/v2\/types\/product"}],"wp:featuredmedia":[{"embeddable":true,"href":"https:\/\/gastora.eu\/en\/wp-json\/wp\/v2\/media\/7828"}],"wp:attachment":[{"href":"https:\/\/gastora.eu\/en\/wp-json\/wp\/v2\/media?parent=14542"}],"wp:term":[{"taxonomy":"product_brand","embeddable":true,"href":"https:\/\/gastora.eu\/en\/wp-json\/wp\/v2\/product_brand?post=14542"},{"taxonomy":"product_cat","embeddable":true,"href":"https:\/\/gastora.eu\/en\/wp-json\/wp\/v2\/product_cat?post=14542"},{"taxonomy":"product_tag","embeddable":true,"href":"https:\/\/gastora.eu\/en\/wp-json\/wp\/v2\/product_tag?post=14542"}],"curies":[{"name":"wp","href":"https:\/\/api.w.org\/{rel}","templated":true}]}}