{"id":14540,"date":"2026-04-26T08:39:42","date_gmt":"2026-04-26T08:39:42","guid":{"rendered":"https:\/\/gastora.eu\/?post_type=product&#038;p=14540"},"modified":"2026-04-28T16:56:44","modified_gmt":"2026-04-28T16:56:44","slug":"machine-glaons-85-kgjour-broyfloconn-refroidissement-par-eau","status":"publish","type":"product","link":"https:\/\/gastora.eu\/en\/product\/machine-glaons-85-kgjour-broyfloconn-refroidissement-par-eau\/","title":{"rendered":"Machine \u00e0 gla\u00e7ons &#8211; 85 kg\/jour &#8211; broy\u00e9\/floconn\u00e9 &#8211; refroidissement par eau"},"content":{"rendered":"<p>Qu&#8217;il s&#8217;agisse de pr\u00e9senter des produits de mani\u00e8re attrayante, de garder au frais des salades fra\u00eeches ou de transporter des aliments \u00e0 la bonne temp\u00e9rature, la glace en \u00e9cailles est utile pour de nombreux \u00e9tablissements de restauration. Cette machine compacte \u00e0 glace pil\u00e9e produit jusqu&#8217;\u00e0 85 kg de glace par 24 heures. Gr\u00e2ce \u00e0 l&#8217;espace de stockage \u00e0 l&#8217;int\u00e9rieur, vous pouvez facilement garder 20 kg de glace \u00e0 port\u00e9e de main, pr\u00eats \u00e0 \u00eatre utilis\u00e9s. Gr\u00e2ce \u00e0 la pelle \u00e0 glace pratique fournie avec la machine, vous pouvez servir la bonne quantit\u00e9 de glace pil\u00e9e de mani\u00e8re hygi\u00e9nique. Un autre avantage de cette machine \u00e0 glace \u00e9caill\u00e9e est qu&#8217;elle peut \u00eatre plac\u00e9e sous le bar ou le comptoir.<\/p>\n<h3>Alimentation automatique en eau<\/h3>\n<p>Cette machine \u00e0 glace \u00e9cailles est refroidie \u00e0 l&#8217;eau, ce qui la rend id\u00e9ale pour une utilisation dans des endroits chauds, comme sur la terrasse, dans les pavillons de plage et lors d&#8217;\u00e9v\u00e9nements en plein air. Elle est \u00e9galement \u00e9quip\u00e9e d&#8217;une protection contre les surcharges. Ainsi, vous pouvez \u00eatre s\u00fbr que la machine ne sera pas surcharg\u00e9e et que vous pourrez continuer \u00e0 travailler en toute s\u00e9curit\u00e9. Pour raccorder la machine \u00e0 glace \u00e0 une source d&#8217;eau potable, il suffit d&#8217;utiliser les tuyaux d&#8217;alimentation fournis. La machine \u00e0 gla\u00e7ons sera remplie d&#8217;eau et pourra ainsi continuer \u00e0 produire des gla\u00e7ons automatiquement, sans qu&#8217;il soit n\u00e9cessaire de la remplir manuellement. La machine \u00e0 gla\u00e7ons n&#8217;est pas \u00e9quip\u00e9e d&#8217;une pompe de vidange. Le tuyau de vidange doit \u00eatre branch\u00e9 plus bas que la sortie de la machine. Un syst\u00e8me de refroidissement efficace utilisant le r\u00e9frig\u00e9rant R290 est utilis\u00e9 pour refroidir l&#8217;appareil. Le panneau de commande situ\u00e9 \u00e0 l&#8217;avant de l&#8217;appareil est \u00e9quip\u00e9 de voyants d&#8217;avertissement qui signalent tout dysfonctionnement, lorsque le r\u00e9servoir est plein ou lorsque le niveau d&#8217;eau est trop bas.<\/p>\n<h3>Facile \u00e0 nettoyer<\/h3>\n<p>Lors de la production de glace, la machine \u00e0 gla\u00e7ons doit \u00eatre plac\u00e9e dans une position stable et s\u00fbre. Gr\u00e2ce \u00e0 ses pieds r\u00e9glables, elle reste parfaitement en place sur presque toutes les surfaces. Le nettoyage de la machine \u00e0 gla\u00e7ons est \u00e9galement facile, gr\u00e2ce aux mat\u00e9riaux utilis\u00e9s pour sa fabrication. L&#8217;ext\u00e9rieur est en acier inoxydable 18\/8 et l&#8217;int\u00e9rieur en ABS. Vous pouvez nettoyer rapidement et soigneusement l&#8217;ensemble \u00e0 l&#8217;aide d&#8217;un simple chiffon humide impr\u00e9gn\u00e9 d&#8217;un peu de d\u00e9tergent. Il suffit ensuite de l&#8217;essuyer avec un chiffon doux avant de remettre la machine en marche.<\/p>\n<p><strong>Caract\u00e9ristiques<\/strong><\/p>\n<ul>\n<li>Machine \u00e0 glace refroidie par eau<\/li>\n<li>Livr\u00e9e avec un robinet d&#8217;eau<\/li>\n<li>Fabrique de la glace pil\u00e9e\/en flocons<\/li>\n<li>Panneau de commande convivial<\/li>\n<li>Voyants lumineux indiquant le niveau de stockage et le niveau d&#8217;eau<\/li>\n<\/ul>\n<p><strong>Caract\u00e9ristiques du produit<\/strong><\/p>\n<ul>\n<li>Poids net : 46 kg<\/li>\n<li>Capacit\u00e9 de production : 85 kg en 24 heures<\/li>\n<li>Capacit\u00e9 de stockage : 20 kg<\/li>\n<li>Dimensions : L39,8 x P51 x H83,2cm L39,8 x P51 x H83,2cm<\/li>\n<li>R\u00e9frig\u00e9rant : R290<\/li>\n<li>230V \/ 50Hz \/ 1 Phase 550W<\/li>\n<\/ul>","protected":false},"excerpt":{"rendered":"<p>Cette machine \u00e0 glace pil\u00e9e refroidie \u00e0 l&#8217;eau vous permet de produire jusqu&#8217;\u00e0 85 kg de glace pil\u00e9e en une seule journ\u00e9e. Dans le compartiment de stockage pratique, vous pouvez conserver 20 kg pour les servir rapidement et facilement en cas de besoin.<\/p>","protected":false},"featured_media":7824,"template":"","meta":{"_acf_changed":false},"product_brand":[],"product_cat":[491],"product_tag":[],"class_list":{"0":"post-14540","1":"product","2":"type-product","3":"status-publish","4":"has-post-thumbnail","6":"product_cat-machines-a-glacons-2","8":"first","9":"instock","10":"sale","11":"taxable","12":"shipping-taxable","13":"purchasable","14":"product-type-simple"},"acf":[],"yoast_head":"<!-- This site is optimized with the Yoast SEO plugin v27.5 - https:\/\/yoast.com\/product\/yoast-seo-wordpress\/ -->\n<title>Machine \u00e0 gla\u00e7ons - 85 kg\/jour - broy\u00e9\/floconn\u00e9 - refroidissement par eau - Gastora<\/title>\n<meta name=\"description\" content=\"Achetez Machine \u00e0 gla\u00e7ons - 85 kg\/jour - broy\u00e9\/floconn\u00e9 - refroidissement par eau au meilleur prix, fiable et performant avec une livraison rapide\" \/>\n<meta name=\"robots\" content=\"index, follow, max-snippet:-1, max-image-preview:large, max-video-preview:-1\" \/>\n<link rel=\"canonical\" href=\"https:\/\/gastora.eu\/en\/product\/machine-glaons-85-kgjour-broyfloconn-refroidissement-par-eau\/\" \/>\n<meta property=\"og:locale\" content=\"en_US\" \/>\n<meta property=\"og:type\" content=\"article\" \/>\n<meta property=\"og:title\" content=\"Machine \u00e0 gla\u00e7ons - 85 kg\/jour - broy\u00e9\/floconn\u00e9 - refroidissement par eau - Gastora\" \/>\n<meta property=\"og:description\" content=\"Achetez Machine \u00e0 gla\u00e7ons - 85 kg\/jour - broy\u00e9\/floconn\u00e9 - refroidissement par eau au meilleur prix, fiable et performant avec une livraison rapide\" \/>\n<meta property=\"og:url\" content=\"https:\/\/gastora.eu\/en\/product\/machine-glaons-85-kgjour-broyfloconn-refroidissement-par-eau\/\" \/>\n<meta property=\"og:site_name\" content=\"Gastora\" \/>\n<meta property=\"article:modified_time\" content=\"2026-04-28T16:56:44+00:00\" \/>\n<meta name=\"twitter:card\" content=\"summary_large_image\" \/>\n<meta name=\"twitter:label1\" content=\"Est. reading time\" \/>\n\t<meta name=\"twitter:data1\" content=\"2 minutes\" \/>\n<script type=\"application\/ld+json\" class=\"yoast-schema-graph\">{\"@context\":\"https:\\\/\\\/schema.org\",\"@graph\":[{\"@type\":\"WebPage\",\"@id\":\"https:\\\/\\\/gastora.eu\\\/product\\\/machine-glaons-85-kgjour-broyfloconn-refroidissement-par-eau\\\/\",\"url\":\"https:\\\/\\\/gastora.eu\\\/product\\\/machine-glaons-85-kgjour-broyfloconn-refroidissement-par-eau\\\/\",\"name\":\"Machine \u00e0 gla\u00e7ons - 85 kg\\\/jour - broy\u00e9\\\/floconn\u00e9 - refroidissement par eau - Gastora\",\"isPartOf\":{\"@id\":\"https:\\\/\\\/gastora.eu\\\/#website\"},\"primaryImageOfPage\":{\"@id\":\"https:\\\/\\\/gastora.eu\\\/product\\\/machine-glaons-85-kgjour-broyfloconn-refroidissement-par-eau\\\/#primaryimage\"},\"image\":{\"@id\":\"https:\\\/\\\/gastora.eu\\\/product\\\/machine-glaons-85-kgjour-broyfloconn-refroidissement-par-eau\\\/#primaryimage\"},\"thumbnailUrl\":\"https:\\\/\\\/gastora.eu\\\/wp-content\\\/uploads\\\/2026\\\/04\\\/sp-005-61656f678d2f6.jpg\",\"datePublished\":\"2026-04-26T08:39:42+00:00\",\"dateModified\":\"2026-04-28T16:56:44+00:00\",\"description\":\"Achetez Machine \u00e0 gla\u00e7ons - 85 kg\\\/jour - broy\u00e9\\\/floconn\u00e9 - refroidissement par eau au meilleur prix, fiable et performant avec une livraison rapide\",\"breadcrumb\":{\"@id\":\"https:\\\/\\\/gastora.eu\\\/product\\\/machine-glaons-85-kgjour-broyfloconn-refroidissement-par-eau\\\/#breadcrumb\"},\"inLanguage\":\"en-US\",\"potentialAction\":[{\"@type\":\"ReadAction\",\"target\":[\"https:\\\/\\\/gastora.eu\\\/product\\\/machine-glaons-85-kgjour-broyfloconn-refroidissement-par-eau\\\/\"]}]},{\"@type\":\"ImageObject\",\"inLanguage\":\"en-US\",\"@id\":\"https:\\\/\\\/gastora.eu\\\/product\\\/machine-glaons-85-kgjour-broyfloconn-refroidissement-par-eau\\\/#primaryimage\",\"url\":\"https:\\\/\\\/gastora.eu\\\/wp-content\\\/uploads\\\/2026\\\/04\\\/sp-005-61656f678d2f6.jpg\",\"contentUrl\":\"https:\\\/\\\/gastora.eu\\\/wp-content\\\/uploads\\\/2026\\\/04\\\/sp-005-61656f678d2f6.jpg\",\"width\":2048,\"height\":2048},{\"@type\":\"BreadcrumbList\",\"@id\":\"https:\\\/\\\/gastora.eu\\\/product\\\/machine-glaons-85-kgjour-broyfloconn-refroidissement-par-eau\\\/#breadcrumb\",\"itemListElement\":[{\"@type\":\"ListItem\",\"position\":1,\"name\":\"Home\",\"item\":\"https:\\\/\\\/gastora.eu\\\/\"},{\"@type\":\"ListItem\",\"position\":2,\"name\":\"Shop\",\"item\":\"https:\\\/\\\/gastora.eu\\\/shop\\\/\"},{\"@type\":\"ListItem\",\"position\":3,\"name\":\"Machine \u00e0 gla\u00e7ons &#8211; 85 kg\\\/jour &#8211; broy\u00e9\\\/floconn\u00e9 &#8211; refroidissement par eau\"}]},{\"@type\":\"WebSite\",\"@id\":\"https:\\\/\\\/gastora.eu\\\/#website\",\"url\":\"https:\\\/\\\/gastora.eu\\\/\",\"name\":\"Gastora\",\"description\":\"\u00c9quipements professionnels CHR\",\"publisher\":{\"@id\":\"https:\\\/\\\/gastora.eu\\\/#organization\"},\"potentialAction\":[{\"@type\":\"SearchAction\",\"target\":{\"@type\":\"EntryPoint\",\"urlTemplate\":\"https:\\\/\\\/gastora.eu\\\/?s={search_term_string}\"},\"query-input\":{\"@type\":\"PropertyValueSpecification\",\"valueRequired\":true,\"valueName\":\"search_term_string\"}}],\"inLanguage\":\"en-US\"},{\"@type\":\"Organization\",\"@id\":\"https:\\\/\\\/gastora.eu\\\/#organization\",\"name\":\"Gastora\",\"url\":\"https:\\\/\\\/gastora.eu\\\/\",\"logo\":{\"@type\":\"ImageObject\",\"inLanguage\":\"en-US\",\"@id\":\"https:\\\/\\\/gastora.eu\\\/#\\\/schema\\\/logo\\\/image\\\/\",\"url\":\"https:\\\/\\\/gastora.eu\\\/wp-content\\\/uploads\\\/2025\\\/12\\\/ChatGPT-Image-2-janv.-2026-22_52_47-1.png\",\"contentUrl\":\"https:\\\/\\\/gastora.eu\\\/wp-content\\\/uploads\\\/2025\\\/12\\\/ChatGPT-Image-2-janv.-2026-22_52_47-1.png\",\"width\":1536,\"height\":320,\"caption\":\"Gastora\"},\"image\":{\"@id\":\"https:\\\/\\\/gastora.eu\\\/#\\\/schema\\\/logo\\\/image\\\/\"}}]}<\/script>\n<!-- \/ Yoast SEO plugin. -->","yoast_head_json":{"title":"Machine \u00e0 gla\u00e7ons - 85 kg\/jour - broy\u00e9\/floconn\u00e9 - refroidissement par eau - Gastora","description":"Achetez Machine \u00e0 gla\u00e7ons - 85 kg\/jour - broy\u00e9\/floconn\u00e9 - refroidissement par eau au meilleur prix, fiable et performant avec une livraison rapide","robots":{"index":"index","follow":"follow","max-snippet":"max-snippet:-1","max-image-preview":"max-image-preview:large","max-video-preview":"max-video-preview:-1"},"canonical":"https:\/\/gastora.eu\/en\/product\/machine-glaons-85-kgjour-broyfloconn-refroidissement-par-eau\/","og_locale":"en_US","og_type":"article","og_title":"Machine \u00e0 gla\u00e7ons - 85 kg\/jour - broy\u00e9\/floconn\u00e9 - refroidissement par eau - Gastora","og_description":"Achetez Machine \u00e0 gla\u00e7ons - 85 kg\/jour - broy\u00e9\/floconn\u00e9 - refroidissement par eau au meilleur prix, fiable et performant avec une livraison rapide","og_url":"https:\/\/gastora.eu\/en\/product\/machine-glaons-85-kgjour-broyfloconn-refroidissement-par-eau\/","og_site_name":"Gastora","article_modified_time":"2026-04-28T16:56:44+00:00","twitter_card":"summary_large_image","twitter_misc":{"Est. reading time":"2 minutes"},"schema":{"@context":"https:\/\/schema.org","@graph":[{"@type":"WebPage","@id":"https:\/\/gastora.eu\/product\/machine-glaons-85-kgjour-broyfloconn-refroidissement-par-eau\/","url":"https:\/\/gastora.eu\/product\/machine-glaons-85-kgjour-broyfloconn-refroidissement-par-eau\/","name":"Machine \u00e0 gla\u00e7ons - 85 kg\/jour - broy\u00e9\/floconn\u00e9 - refroidissement par eau - Gastora","isPartOf":{"@id":"https:\/\/gastora.eu\/#website"},"primaryImageOfPage":{"@id":"https:\/\/gastora.eu\/product\/machine-glaons-85-kgjour-broyfloconn-refroidissement-par-eau\/#primaryimage"},"image":{"@id":"https:\/\/gastora.eu\/product\/machine-glaons-85-kgjour-broyfloconn-refroidissement-par-eau\/#primaryimage"},"thumbnailUrl":"https:\/\/gastora.eu\/wp-content\/uploads\/2026\/04\/sp-005-61656f678d2f6.jpg","datePublished":"2026-04-26T08:39:42+00:00","dateModified":"2026-04-28T16:56:44+00:00","description":"Achetez Machine \u00e0 gla\u00e7ons - 85 kg\/jour - broy\u00e9\/floconn\u00e9 - refroidissement par eau au meilleur prix, fiable et performant avec une livraison rapide","breadcrumb":{"@id":"https:\/\/gastora.eu\/product\/machine-glaons-85-kgjour-broyfloconn-refroidissement-par-eau\/#breadcrumb"},"inLanguage":"en-US","potentialAction":[{"@type":"ReadAction","target":["https:\/\/gastora.eu\/product\/machine-glaons-85-kgjour-broyfloconn-refroidissement-par-eau\/"]}]},{"@type":"ImageObject","inLanguage":"en-US","@id":"https:\/\/gastora.eu\/product\/machine-glaons-85-kgjour-broyfloconn-refroidissement-par-eau\/#primaryimage","url":"https:\/\/gastora.eu\/wp-content\/uploads\/2026\/04\/sp-005-61656f678d2f6.jpg","contentUrl":"https:\/\/gastora.eu\/wp-content\/uploads\/2026\/04\/sp-005-61656f678d2f6.jpg","width":2048,"height":2048},{"@type":"BreadcrumbList","@id":"https:\/\/gastora.eu\/product\/machine-glaons-85-kgjour-broyfloconn-refroidissement-par-eau\/#breadcrumb","itemListElement":[{"@type":"ListItem","position":1,"name":"Home","item":"https:\/\/gastora.eu\/"},{"@type":"ListItem","position":2,"name":"Shop","item":"https:\/\/gastora.eu\/shop\/"},{"@type":"ListItem","position":3,"name":"Machine \u00e0 gla\u00e7ons &#8211; 85 kg\/jour &#8211; broy\u00e9\/floconn\u00e9 &#8211; refroidissement par eau"}]},{"@type":"WebSite","@id":"https:\/\/gastora.eu\/#website","url":"https:\/\/gastora.eu\/","name":"Gastora","description":"\u00c9quipements professionnels CHR","publisher":{"@id":"https:\/\/gastora.eu\/#organization"},"potentialAction":[{"@type":"SearchAction","target":{"@type":"EntryPoint","urlTemplate":"https:\/\/gastora.eu\/?s={search_term_string}"},"query-input":{"@type":"PropertyValueSpecification","valueRequired":true,"valueName":"search_term_string"}}],"inLanguage":"en-US"},{"@type":"Organization","@id":"https:\/\/gastora.eu\/#organization","name":"Gastora","url":"https:\/\/gastora.eu\/","logo":{"@type":"ImageObject","inLanguage":"en-US","@id":"https:\/\/gastora.eu\/#\/schema\/logo\/image\/","url":"https:\/\/gastora.eu\/wp-content\/uploads\/2025\/12\/ChatGPT-Image-2-janv.-2026-22_52_47-1.png","contentUrl":"https:\/\/gastora.eu\/wp-content\/uploads\/2025\/12\/ChatGPT-Image-2-janv.-2026-22_52_47-1.png","width":1536,"height":320,"caption":"Gastora"},"image":{"@id":"https:\/\/gastora.eu\/#\/schema\/logo\/image\/"}}]}},"jetpack_sharing_enabled":true,"_links":{"self":[{"href":"https:\/\/gastora.eu\/en\/wp-json\/wp\/v2\/product\/14540","targetHints":{"allow":["GET"]}}],"collection":[{"href":"https:\/\/gastora.eu\/en\/wp-json\/wp\/v2\/product"}],"about":[{"href":"https:\/\/gastora.eu\/en\/wp-json\/wp\/v2\/types\/product"}],"wp:featuredmedia":[{"embeddable":true,"href":"https:\/\/gastora.eu\/en\/wp-json\/wp\/v2\/media\/7824"}],"wp:attachment":[{"href":"https:\/\/gastora.eu\/en\/wp-json\/wp\/v2\/media?parent=14540"}],"wp:term":[{"taxonomy":"product_brand","embeddable":true,"href":"https:\/\/gastora.eu\/en\/wp-json\/wp\/v2\/product_brand?post=14540"},{"taxonomy":"product_cat","embeddable":true,"href":"https:\/\/gastora.eu\/en\/wp-json\/wp\/v2\/product_cat?post=14540"},{"taxonomy":"product_tag","embeddable":true,"href":"https:\/\/gastora.eu\/en\/wp-json\/wp\/v2\/product_tag?post=14540"}],"curies":[{"name":"wp","href":"https:\/\/api.w.org\/{rel}","templated":true}]}}