{"id":14536,"date":"2026-04-26T08:39:34","date_gmt":"2026-04-26T08:39:34","guid":{"rendered":"https:\/\/gastora.eu\/?post_type=product&#038;p=14536"},"modified":"2026-04-28T16:56:42","modified_gmt":"2026-04-28T16:56:42","slug":"premium-plaque-de-gril-chrome-demi-rainur-unit-double-profondeur-90-cm-gaz","status":"publish","type":"product","link":"https:\/\/gastora.eu\/en\/product\/premium-plaque-de-gril-chrome-demi-rainur-unit-double-profondeur-90-cm-gaz\/","title":{"rendered":"Premium plaque de gril &#8211; chrome demi-rainur\u00e9 &#8211; unit\u00e9 double &#8211; profondeur 90 cm &#8211; gaz"},"content":{"rendered":"<p>Cette plancha haut de gamme \u00e0 la finition chrom\u00e9e est parfaitement adapt\u00e9e aux besoins de production \u00e9lev\u00e9s et \u00e0 une utilisation quotidienne intensive. D&#8217;une profondeur de 90 cm, elle s&#8217;int\u00e8gre parfaitement dans une ligne de cuisson et offre une double plaque de gril sur laquelle il est possible de cuire de grandes quantit\u00e9s d&#8217;aliments en m\u00eame temps. La plaque de gril pr\u00e9sente des surfaces de cuisson lisses et rainur\u00e9es.<\/p>\n<h3>Une construction durable<\/h3>\n<p>Cette plaque de cuisson de haute qualit\u00e9 a \u00e9t\u00e9 sp\u00e9cialement con\u00e7ue pour \u00eatre utilis\u00e9e dans une ligne de cuisson. N&#8217;utilisant que des mat\u00e9riaux de qualit\u00e9, elle est id\u00e9ale pour une utilisation quotidienne intensive. La plaque de gril est fabriqu\u00e9e en acier de 15 mm d&#8217;\u00e9paisseur et pr\u00e9sente une \u00e9l\u00e9gante finition chrom\u00e9e. En dessous, un grand bac de r\u00e9cup\u00e9ration de 1,5 litre permet de recueillir les graisses pendant le processus de cuisson et de garder l&#8217;ensemble propre. Il peut \u00eatre facilement retir\u00e9 pour le nettoyage.<\/p>\n<h3>S\u00fbre et facile \u00e0 nettoyer<\/h3>\n<p>Cette plaque de cuisson haut de gamme est \u00e0 la fois s\u00fbre et facile \u00e0 nettoyer. Sa conception ergonomique facilite l&#8217;utilisation de l&#8217;appareil. Elle est \u00e9galement dot\u00e9e de hauts pare-\u00e9claboussures en acier inoxydable qui emp\u00eachent les \u00e9claboussures d&#8217;huile et garantissent une exp\u00e9rience de cuisson s\u00fbre et agr\u00e9able. Le bo\u00eetier en acier inoxydable, les pare-\u00e9claboussures et la plaque du gril sont faciles \u00e0 nettoyer \u00e0 l&#8217;aide d&#8217;un chiffon doux et d&#8217;un peu de d\u00e9tergent. Il est important d&#8217;\u00e9teindre l&#8217;appareil avant de commencer le nettoyage.<\/p>\n<p><strong>Caract\u00e9ristiques<\/strong><\/p>\n<ul>\n<li>Br\u00fbleurs en acier inoxydable<\/li>\n<li>Thermostat allant de 100 \u00e0 300\u00b0C<\/li>\n<li>Consommation de gaz optimale et r\u00e9partition uniforme de la chaleur<\/li>\n<li>Br\u00fbleur avec veilleuse<\/li>\n<li>\u00c9quip\u00e9 d&#8217;un thermostat de s\u00e9curit\u00e9<\/li>\n<li>Soupape de s\u00e9curit\u00e9 pour le gaz avec thermocouple<\/li>\n<li>Allumage pi\u00e9zo<\/li>\n<\/ul>\n<p><strong>Caract\u00e9ristiques du produit<\/strong><\/p>\n<ul>\n<li>Poids net : 90 kg<\/li>\n<li>Dimensions de l&#8217;appareil : L80 x P90 x H28cm<\/li>\n<li>Puissance totale du gaz : 18,0 kW<\/li>\n<li>Injecteurs de gaz install\u00e9s : G25 &#8211; gaz naturel<\/li>\n<li>Jeu suppl\u00e9mentaire d&#8217;injecteurs de gaz : G30 &#8211; GPL (propane\/butane)<\/li>\n<\/ul>","protected":false},"excerpt":{"rendered":"<p>Cette plancha haut de gamme fonctionne au gaz et poss\u00e8de une plaque de gril chrom\u00e9e. La plaque grill est \u00e0 moiti\u00e9 rainur\u00e9e et \u00e0 moiti\u00e9 lisse, ce qui vous permet de choisir la partie que vous souhaitez utiliser pour griller vos aliments. Il s&#8217;agit d&#8217;un appareil durable qui convient parfaitement \u00e0 une utilisation quotidienne intensive dans une cuisine professionnelle. Il s&#8217;int\u00e8gre facilement dans une ligne de cuisson de 90 cm de profondeur.<\/p>","protected":false},"featured_media":7816,"template":"","meta":{"_acf_changed":false},"product_brand":[],"product_cat":[495],"product_tag":[],"class_list":{"0":"post-14536","1":"product","2":"type-product","3":"status-publish","4":"has-post-thumbnail","6":"product_cat-plaques-pianos-de-cuisson-2","8":"first","9":"instock","10":"sale","11":"taxable","12":"shipping-taxable","13":"purchasable","14":"product-type-simple"},"acf":[],"yoast_head":"<!-- This site is optimized with the Yoast SEO plugin v27.6 - https:\/\/yoast.com\/product\/yoast-seo-wordpress\/ -->\n<title>Premium plaque de gril - chrome demi-rainur\u00e9 - unit\u00e9 double - profondeur 90 cm - gaz - Gastora<\/title>\n<meta name=\"description\" content=\"Achetez Premium plaque de gril - chrome demi-rainur\u00e9 - unit\u00e9 double - profondeur 90 cm - gaz au meilleur prix, fiable et performant avec une livraison rapide\" \/>\n<meta name=\"robots\" content=\"index, follow, max-snippet:-1, max-image-preview:large, max-video-preview:-1\" \/>\n<link rel=\"canonical\" href=\"https:\/\/gastora.eu\/en\/product\/premium-plaque-de-gril-chrome-demi-rainur-unit-double-profondeur-90-cm-gaz\/\" \/>\n<meta property=\"og:locale\" content=\"en_US\" \/>\n<meta property=\"og:type\" content=\"article\" \/>\n<meta property=\"og:title\" content=\"Premium plaque de gril - chrome demi-rainur\u00e9 - unit\u00e9 double - profondeur 90 cm - gaz - Gastora\" \/>\n<meta property=\"og:description\" content=\"Achetez Premium plaque de gril - chrome demi-rainur\u00e9 - unit\u00e9 double - profondeur 90 cm - gaz au meilleur prix, fiable et performant avec une livraison rapide\" \/>\n<meta property=\"og:url\" content=\"https:\/\/gastora.eu\/en\/product\/premium-plaque-de-gril-chrome-demi-rainur-unit-double-profondeur-90-cm-gaz\/\" \/>\n<meta property=\"og:site_name\" content=\"Gastora\" \/>\n<meta property=\"article:modified_time\" content=\"2026-04-28T16:56:42+00:00\" \/>\n<meta name=\"twitter:card\" content=\"summary_large_image\" \/>\n<meta name=\"twitter:label1\" content=\"Est. reading time\" \/>\n\t<meta name=\"twitter:data1\" content=\"2 minutes\" \/>\n<script type=\"application\/ld+json\" class=\"yoast-schema-graph\">{\"@context\":\"https:\\\/\\\/schema.org\",\"@graph\":[{\"@type\":\"WebPage\",\"@id\":\"https:\\\/\\\/gastora.eu\\\/product\\\/premium-plaque-de-gril-chrome-demi-rainur-unit-double-profondeur-90-cm-gaz\\\/\",\"url\":\"https:\\\/\\\/gastora.eu\\\/product\\\/premium-plaque-de-gril-chrome-demi-rainur-unit-double-profondeur-90-cm-gaz\\\/\",\"name\":\"Premium plaque de gril - chrome demi-rainur\u00e9 - unit\u00e9 double - profondeur 90 cm - gaz - Gastora\",\"isPartOf\":{\"@id\":\"https:\\\/\\\/gastora.eu\\\/#website\"},\"primaryImageOfPage\":{\"@id\":\"https:\\\/\\\/gastora.eu\\\/product\\\/premium-plaque-de-gril-chrome-demi-rainur-unit-double-profondeur-90-cm-gaz\\\/#primaryimage\"},\"image\":{\"@id\":\"https:\\\/\\\/gastora.eu\\\/product\\\/premium-plaque-de-gril-chrome-demi-rainur-unit-double-profondeur-90-cm-gaz\\\/#primaryimage\"},\"thumbnailUrl\":\"https:\\\/\\\/gastora.eu\\\/wp-content\\\/uploads\\\/2026\\\/04\\\/7864n18090319-61656f7027567.jpg\",\"datePublished\":\"2026-04-26T08:39:34+00:00\",\"dateModified\":\"2026-04-28T16:56:42+00:00\",\"description\":\"Achetez Premium plaque de gril - chrome demi-rainur\u00e9 - unit\u00e9 double - profondeur 90 cm - gaz au meilleur prix, fiable et performant avec une livraison rapide\",\"breadcrumb\":{\"@id\":\"https:\\\/\\\/gastora.eu\\\/product\\\/premium-plaque-de-gril-chrome-demi-rainur-unit-double-profondeur-90-cm-gaz\\\/#breadcrumb\"},\"inLanguage\":\"en-US\",\"potentialAction\":[{\"@type\":\"ReadAction\",\"target\":[\"https:\\\/\\\/gastora.eu\\\/product\\\/premium-plaque-de-gril-chrome-demi-rainur-unit-double-profondeur-90-cm-gaz\\\/\"]}]},{\"@type\":\"ImageObject\",\"inLanguage\":\"en-US\",\"@id\":\"https:\\\/\\\/gastora.eu\\\/product\\\/premium-plaque-de-gril-chrome-demi-rainur-unit-double-profondeur-90-cm-gaz\\\/#primaryimage\",\"url\":\"https:\\\/\\\/gastora.eu\\\/wp-content\\\/uploads\\\/2026\\\/04\\\/7864n18090319-61656f7027567.jpg\",\"contentUrl\":\"https:\\\/\\\/gastora.eu\\\/wp-content\\\/uploads\\\/2026\\\/04\\\/7864n18090319-61656f7027567.jpg\",\"width\":1200,\"height\":1200},{\"@type\":\"BreadcrumbList\",\"@id\":\"https:\\\/\\\/gastora.eu\\\/product\\\/premium-plaque-de-gril-chrome-demi-rainur-unit-double-profondeur-90-cm-gaz\\\/#breadcrumb\",\"itemListElement\":[{\"@type\":\"ListItem\",\"position\":1,\"name\":\"Home\",\"item\":\"https:\\\/\\\/gastora.eu\\\/\"},{\"@type\":\"ListItem\",\"position\":2,\"name\":\"Shop\",\"item\":\"https:\\\/\\\/gastora.eu\\\/shop\\\/\"},{\"@type\":\"ListItem\",\"position\":3,\"name\":\"Premium plaque de gril &#8211; chrome demi-rainur\u00e9 &#8211; unit\u00e9 double &#8211; profondeur 90 cm &#8211; gaz\"}]},{\"@type\":\"WebSite\",\"@id\":\"https:\\\/\\\/gastora.eu\\\/#website\",\"url\":\"https:\\\/\\\/gastora.eu\\\/\",\"name\":\"Gastora\",\"description\":\"\u00c9quipements professionnels CHR\",\"publisher\":{\"@id\":\"https:\\\/\\\/gastora.eu\\\/#organization\"},\"potentialAction\":[{\"@type\":\"SearchAction\",\"target\":{\"@type\":\"EntryPoint\",\"urlTemplate\":\"https:\\\/\\\/gastora.eu\\\/?s={search_term_string}\"},\"query-input\":{\"@type\":\"PropertyValueSpecification\",\"valueRequired\":true,\"valueName\":\"search_term_string\"}}],\"inLanguage\":\"en-US\"},{\"@type\":\"Organization\",\"@id\":\"https:\\\/\\\/gastora.eu\\\/#organization\",\"name\":\"Gastora\",\"url\":\"https:\\\/\\\/gastora.eu\\\/\",\"logo\":{\"@type\":\"ImageObject\",\"inLanguage\":\"en-US\",\"@id\":\"https:\\\/\\\/gastora.eu\\\/#\\\/schema\\\/logo\\\/image\\\/\",\"url\":\"https:\\\/\\\/gastora.eu\\\/wp-content\\\/uploads\\\/2025\\\/12\\\/ChatGPT-Image-2-janv.-2026-22_52_47-1.png\",\"contentUrl\":\"https:\\\/\\\/gastora.eu\\\/wp-content\\\/uploads\\\/2025\\\/12\\\/ChatGPT-Image-2-janv.-2026-22_52_47-1.png\",\"width\":1536,\"height\":320,\"caption\":\"Gastora\"},\"image\":{\"@id\":\"https:\\\/\\\/gastora.eu\\\/#\\\/schema\\\/logo\\\/image\\\/\"}}]}<\/script>\n<!-- \/ Yoast SEO plugin. -->","yoast_head_json":{"title":"Premium plaque de gril - chrome demi-rainur\u00e9 - unit\u00e9 double - profondeur 90 cm - gaz - Gastora","description":"Achetez Premium plaque de gril - chrome demi-rainur\u00e9 - unit\u00e9 double - profondeur 90 cm - gaz au meilleur prix, fiable et performant avec une livraison rapide","robots":{"index":"index","follow":"follow","max-snippet":"max-snippet:-1","max-image-preview":"max-image-preview:large","max-video-preview":"max-video-preview:-1"},"canonical":"https:\/\/gastora.eu\/en\/product\/premium-plaque-de-gril-chrome-demi-rainur-unit-double-profondeur-90-cm-gaz\/","og_locale":"en_US","og_type":"article","og_title":"Premium plaque de gril - chrome demi-rainur\u00e9 - unit\u00e9 double - profondeur 90 cm - gaz - Gastora","og_description":"Achetez Premium plaque de gril - chrome demi-rainur\u00e9 - unit\u00e9 double - profondeur 90 cm - gaz au meilleur prix, fiable et performant avec une livraison rapide","og_url":"https:\/\/gastora.eu\/en\/product\/premium-plaque-de-gril-chrome-demi-rainur-unit-double-profondeur-90-cm-gaz\/","og_site_name":"Gastora","article_modified_time":"2026-04-28T16:56:42+00:00","twitter_card":"summary_large_image","twitter_misc":{"Est. reading time":"2 minutes"},"schema":{"@context":"https:\/\/schema.org","@graph":[{"@type":"WebPage","@id":"https:\/\/gastora.eu\/product\/premium-plaque-de-gril-chrome-demi-rainur-unit-double-profondeur-90-cm-gaz\/","url":"https:\/\/gastora.eu\/product\/premium-plaque-de-gril-chrome-demi-rainur-unit-double-profondeur-90-cm-gaz\/","name":"Premium plaque de gril - chrome demi-rainur\u00e9 - unit\u00e9 double - profondeur 90 cm - gaz - Gastora","isPartOf":{"@id":"https:\/\/gastora.eu\/#website"},"primaryImageOfPage":{"@id":"https:\/\/gastora.eu\/product\/premium-plaque-de-gril-chrome-demi-rainur-unit-double-profondeur-90-cm-gaz\/#primaryimage"},"image":{"@id":"https:\/\/gastora.eu\/product\/premium-plaque-de-gril-chrome-demi-rainur-unit-double-profondeur-90-cm-gaz\/#primaryimage"},"thumbnailUrl":"https:\/\/gastora.eu\/wp-content\/uploads\/2026\/04\/7864n18090319-61656f7027567.jpg","datePublished":"2026-04-26T08:39:34+00:00","dateModified":"2026-04-28T16:56:42+00:00","description":"Achetez Premium plaque de gril - chrome demi-rainur\u00e9 - unit\u00e9 double - profondeur 90 cm - gaz au meilleur prix, fiable et performant avec une livraison rapide","breadcrumb":{"@id":"https:\/\/gastora.eu\/product\/premium-plaque-de-gril-chrome-demi-rainur-unit-double-profondeur-90-cm-gaz\/#breadcrumb"},"inLanguage":"en-US","potentialAction":[{"@type":"ReadAction","target":["https:\/\/gastora.eu\/product\/premium-plaque-de-gril-chrome-demi-rainur-unit-double-profondeur-90-cm-gaz\/"]}]},{"@type":"ImageObject","inLanguage":"en-US","@id":"https:\/\/gastora.eu\/product\/premium-plaque-de-gril-chrome-demi-rainur-unit-double-profondeur-90-cm-gaz\/#primaryimage","url":"https:\/\/gastora.eu\/wp-content\/uploads\/2026\/04\/7864n18090319-61656f7027567.jpg","contentUrl":"https:\/\/gastora.eu\/wp-content\/uploads\/2026\/04\/7864n18090319-61656f7027567.jpg","width":1200,"height":1200},{"@type":"BreadcrumbList","@id":"https:\/\/gastora.eu\/product\/premium-plaque-de-gril-chrome-demi-rainur-unit-double-profondeur-90-cm-gaz\/#breadcrumb","itemListElement":[{"@type":"ListItem","position":1,"name":"Home","item":"https:\/\/gastora.eu\/"},{"@type":"ListItem","position":2,"name":"Shop","item":"https:\/\/gastora.eu\/shop\/"},{"@type":"ListItem","position":3,"name":"Premium plaque de gril &#8211; chrome demi-rainur\u00e9 &#8211; unit\u00e9 double &#8211; profondeur 90 cm &#8211; gaz"}]},{"@type":"WebSite","@id":"https:\/\/gastora.eu\/#website","url":"https:\/\/gastora.eu\/","name":"Gastora","description":"\u00c9quipements professionnels CHR","publisher":{"@id":"https:\/\/gastora.eu\/#organization"},"potentialAction":[{"@type":"SearchAction","target":{"@type":"EntryPoint","urlTemplate":"https:\/\/gastora.eu\/?s={search_term_string}"},"query-input":{"@type":"PropertyValueSpecification","valueRequired":true,"valueName":"search_term_string"}}],"inLanguage":"en-US"},{"@type":"Organization","@id":"https:\/\/gastora.eu\/#organization","name":"Gastora","url":"https:\/\/gastora.eu\/","logo":{"@type":"ImageObject","inLanguage":"en-US","@id":"https:\/\/gastora.eu\/#\/schema\/logo\/image\/","url":"https:\/\/gastora.eu\/wp-content\/uploads\/2025\/12\/ChatGPT-Image-2-janv.-2026-22_52_47-1.png","contentUrl":"https:\/\/gastora.eu\/wp-content\/uploads\/2025\/12\/ChatGPT-Image-2-janv.-2026-22_52_47-1.png","width":1536,"height":320,"caption":"Gastora"},"image":{"@id":"https:\/\/gastora.eu\/#\/schema\/logo\/image\/"}}]}},"jetpack_sharing_enabled":true,"_links":{"self":[{"href":"https:\/\/gastora.eu\/en\/wp-json\/wp\/v2\/product\/14536","targetHints":{"allow":["GET"]}}],"collection":[{"href":"https:\/\/gastora.eu\/en\/wp-json\/wp\/v2\/product"}],"about":[{"href":"https:\/\/gastora.eu\/en\/wp-json\/wp\/v2\/types\/product"}],"wp:featuredmedia":[{"embeddable":true,"href":"https:\/\/gastora.eu\/en\/wp-json\/wp\/v2\/media\/7816"}],"wp:attachment":[{"href":"https:\/\/gastora.eu\/en\/wp-json\/wp\/v2\/media?parent=14536"}],"wp:term":[{"taxonomy":"product_brand","embeddable":true,"href":"https:\/\/gastora.eu\/en\/wp-json\/wp\/v2\/product_brand?post=14536"},{"taxonomy":"product_cat","embeddable":true,"href":"https:\/\/gastora.eu\/en\/wp-json\/wp\/v2\/product_cat?post=14536"},{"taxonomy":"product_tag","embeddable":true,"href":"https:\/\/gastora.eu\/en\/wp-json\/wp\/v2\/product_tag?post=14536"}],"curies":[{"name":"wp","href":"https:\/\/api.w.org\/{rel}","templated":true}]}}