{"id":14529,"date":"2026-04-26T08:39:24","date_gmt":"2026-04-26T08:39:24","guid":{"rendered":"https:\/\/gastora.eu\/?post_type=product&#038;p=14529"},"modified":"2026-05-06T14:32:40","modified_gmt":"2026-05-06T14:32:40","slug":"premium-bain-marie-unit-double-profondeur-90-cm-lectrique","status":"publish","type":"product","link":"https:\/\/gastora.eu\/en\/product\/premium-bain-marie-unit-double-profondeur-90-cm-lectrique\/","title":{"rendered":"Premium bain marie &#8211; unit\u00e9 double &#8211; profondeur 90 cm &#8211; \u00e9lectrique"},"content":{"rendered":"<p>Un bain-marie fiable est l&#8217;appareil id\u00e9al pour r\u00e9chauffer les aliments de mani\u00e8re homog\u00e8ne, sans qu&#8217;ils ne br\u00fblent ou ne se s\u00e9parent. Il est id\u00e9al pour vous aider \u00e0 cuire les aliments lentement et \u00e0 les garder chauds plus longtemps. Un bain-marie est un excellent moyen de maintenir au chaud de grandes quantit\u00e9s d&#8217;aliments pour de grands groupes de personnes, ce qui le rend tr\u00e8s pratique dans des lieux tels que les cantines et pour les \u00e9v\u00e9nements organis\u00e9s par des traiteurs.<\/p>\n<h3>Facile \u00e0 utiliser<\/h3>\n<p>Le bac \u00e0 eau peut \u00eatre rempli manuellement avec de l&#8217;eau. Il est \u00e9galement facile de le vider apr\u00e8s utilisation en utilisant le robinet de vidange. Apr\u00e8s l&#8217;avoir mis en marche, il suffit de r\u00e9gler la temp\u00e9rature souhait\u00e9e. Le t\u00e9moin de temp\u00e9rature vous indique que la temp\u00e9rature r\u00e9gl\u00e9e est atteinte. Gr\u00e2ce au chauffage rapide et efficace, vous n&#8217;avez pas \u00e0 attendre longtemps. Ce bain-marie en acier inoxydable convient pour quatre pi\u00e8ces de 2\/3 r\u00e9cipients GN (jusqu&#8217;\u00e0 une hauteur de 15 cm). Ceux-ci ne sont pas inclus, mais vous pouvez facilement les commander dans notre boutique en ligne. Il est \u00e9galement possible d&#8217;utiliser des r\u00e9cipients 1\/3 GN, mais il faut alors utiliser des barres d&#8217;adaptation.<\/p>\n<h3>Nettoyage simple<\/h3>\n<p>Un bain-marie ne se salit g\u00e9n\u00e9ralement pas beaucoup lors d&#8217;une utilisation normale. Pour nettoyer l&#8217;appareil, \u00e9teignez-le et retirez les r\u00e9cipients GN. Attention, des gouttes d&#8217;eau chaude peuvent s&#8217;\u00e9couler des bacs. Les r\u00e9cipients GN peuvent \u00eatre mis au lave-vaisselle. Videz l&#8217;eau du bain-marie \u00e0 l&#8217;aide du robinet. L&#8217;int\u00e9rieur et l&#8217;ext\u00e9rieur sont en acier inoxydable lisse et peuvent donc \u00eatre nettoy\u00e9s avec un chiffon humide et un d\u00e9tergent doux. Enfin, s\u00e9chez toutes les pi\u00e8ces et remettez le bain-marie en place.<\/p>\n<p><strong>Caract\u00e9ristiques<\/strong><\/p>\n<ul>\n<li>Construction durable<\/li>\n<li>Bo\u00eetier en acier inoxydable<\/li>\n<li>Bassin d&#8217;eau monobloc enti\u00e8rement \u00e9tanche<\/li>\n<li>Dessus soud\u00e9 sans joints<\/li>\n<li>Composants robustes<\/li>\n<li>Chauffage efficace et rapide<\/li>\n<\/ul>\n<p><strong>Caract\u00e9ristiques du produit<\/strong><\/p>\n<ul>\n<li>Poids net : 27,5 kg<\/li>\n<li>Dimensions : L80 x P90 x H28cm L80 x P90 x H28cm<\/li>\n<li>Puissance \u00e9lectrique totale : 2,0 kW<\/li>\n<li>Puissance : 230V \/ 50Hz \/ 1 Phase 2000W<\/li>\n<\/ul>\n<p><strong>Ce produit est fourni sans fiche.<\/strong><\/p>","protected":false},"excerpt":{"rendered":"<p>Si vous avez souvent besoin de r\u00e9chauffer des aliments sans risquer de les br\u00fbler, vous avez besoin d&#8217;un bain-marie \u00e9lectrique. Ce mod\u00e8le haut de gamme comprend un robinet de vidange pratique et est enti\u00e8rement fabriqu\u00e9 en acier inoxydable. Il convient aux r\u00e9cipients GN et peut facilement \u00eatre plac\u00e9 dans une ligne de cuisson ou sur un socle.<\/p>","protected":false},"featured_media":7802,"template":"","meta":{"_acf_changed":false},"product_brand":[],"product_cat":[495],"product_tag":[],"class_list":{"0":"post-14529","1":"product","2":"type-product","3":"status-publish","4":"has-post-thumbnail","6":"product_cat-plaques-pianos-de-cuisson-2","8":"first","9":"instock","10":"sale","11":"taxable","12":"shipping-taxable","13":"purchasable","14":"product-type-simple"},"acf":[],"yoast_head":"<!-- This site is optimized with the Yoast SEO plugin v27.6 - https:\/\/yoast.com\/product\/yoast-seo-wordpress\/ -->\n<title>Premium bain marie - unit\u00e9 double - profondeur 90 cm - \u00e9lectrique - Gastora<\/title>\n<meta name=\"description\" content=\"Achetez Premium bain marie - unit\u00e9 double - profondeur 90 cm - \u00e9lectrique au meilleur prix, fiable et performant avec une livraison rapide\" \/>\n<meta name=\"robots\" content=\"index, follow, max-snippet:-1, max-image-preview:large, max-video-preview:-1\" \/>\n<link rel=\"canonical\" href=\"https:\/\/gastora.eu\/en\/product\/premium-bain-marie-unit-double-profondeur-90-cm-lectrique\/\" \/>\n<meta property=\"og:locale\" content=\"en_US\" \/>\n<meta property=\"og:type\" content=\"article\" \/>\n<meta property=\"og:title\" content=\"Premium bain marie - unit\u00e9 double - profondeur 90 cm - \u00e9lectrique - Gastora\" \/>\n<meta property=\"og:description\" content=\"Achetez Premium bain marie - unit\u00e9 double - profondeur 90 cm - \u00e9lectrique au meilleur prix, fiable et performant avec une livraison rapide\" \/>\n<meta property=\"og:url\" content=\"https:\/\/gastora.eu\/en\/product\/premium-bain-marie-unit-double-profondeur-90-cm-lectrique\/\" \/>\n<meta property=\"og:site_name\" content=\"Gastora\" \/>\n<meta property=\"article:modified_time\" content=\"2026-05-06T14:32:40+00:00\" \/>\n<meta name=\"twitter:card\" content=\"summary_large_image\" \/>\n<meta name=\"twitter:label1\" content=\"Est. reading time\" \/>\n\t<meta name=\"twitter:data1\" content=\"2 minutes\" \/>\n<script type=\"application\/ld+json\" class=\"yoast-schema-graph\">{\"@context\":\"https:\\\/\\\/schema.org\",\"@graph\":[{\"@type\":\"WebPage\",\"@id\":\"https:\\\/\\\/gastora.eu\\\/product\\\/premium-bain-marie-unit-double-profondeur-90-cm-lectrique\\\/\",\"url\":\"https:\\\/\\\/gastora.eu\\\/product\\\/premium-bain-marie-unit-double-profondeur-90-cm-lectrique\\\/\",\"name\":\"Premium bain marie - unit\u00e9 double - profondeur 90 cm - \u00e9lectrique - Gastora\",\"isPartOf\":{\"@id\":\"https:\\\/\\\/gastora.eu\\\/#website\"},\"primaryImageOfPage\":{\"@id\":\"https:\\\/\\\/gastora.eu\\\/product\\\/premium-bain-marie-unit-double-profondeur-90-cm-lectrique\\\/#primaryimage\"},\"image\":{\"@id\":\"https:\\\/\\\/gastora.eu\\\/product\\\/premium-bain-marie-unit-double-profondeur-90-cm-lectrique\\\/#primaryimage\"},\"thumbnailUrl\":\"https:\\\/\\\/gastora.eu\\\/wp-content\\\/uploads\\\/2026\\\/04\\\/7854n18090311.jpg\",\"datePublished\":\"2026-04-26T08:39:24+00:00\",\"dateModified\":\"2026-05-06T14:32:40+00:00\",\"description\":\"Achetez Premium bain marie - unit\u00e9 double - profondeur 90 cm - \u00e9lectrique au meilleur prix, fiable et performant avec une livraison rapide\",\"breadcrumb\":{\"@id\":\"https:\\\/\\\/gastora.eu\\\/product\\\/premium-bain-marie-unit-double-profondeur-90-cm-lectrique\\\/#breadcrumb\"},\"inLanguage\":\"en-US\",\"potentialAction\":[{\"@type\":\"ReadAction\",\"target\":[\"https:\\\/\\\/gastora.eu\\\/product\\\/premium-bain-marie-unit-double-profondeur-90-cm-lectrique\\\/\"]}]},{\"@type\":\"ImageObject\",\"inLanguage\":\"en-US\",\"@id\":\"https:\\\/\\\/gastora.eu\\\/product\\\/premium-bain-marie-unit-double-profondeur-90-cm-lectrique\\\/#primaryimage\",\"url\":\"https:\\\/\\\/gastora.eu\\\/wp-content\\\/uploads\\\/2026\\\/04\\\/7854n18090311.jpg\",\"contentUrl\":\"https:\\\/\\\/gastora.eu\\\/wp-content\\\/uploads\\\/2026\\\/04\\\/7854n18090311.jpg\",\"width\":1200,\"height\":1200},{\"@type\":\"BreadcrumbList\",\"@id\":\"https:\\\/\\\/gastora.eu\\\/product\\\/premium-bain-marie-unit-double-profondeur-90-cm-lectrique\\\/#breadcrumb\",\"itemListElement\":[{\"@type\":\"ListItem\",\"position\":1,\"name\":\"Home\",\"item\":\"https:\\\/\\\/gastora.eu\\\/\"},{\"@type\":\"ListItem\",\"position\":2,\"name\":\"Shop\",\"item\":\"https:\\\/\\\/gastora.eu\\\/shop\\\/\"},{\"@type\":\"ListItem\",\"position\":3,\"name\":\"Premium bain marie &#8211; unit\u00e9 double &#8211; profondeur 90 cm &#8211; \u00e9lectrique\"}]},{\"@type\":\"WebSite\",\"@id\":\"https:\\\/\\\/gastora.eu\\\/#website\",\"url\":\"https:\\\/\\\/gastora.eu\\\/\",\"name\":\"Gastora\",\"description\":\"\u00c9quipements professionnels CHR\",\"publisher\":{\"@id\":\"https:\\\/\\\/gastora.eu\\\/#organization\"},\"potentialAction\":[{\"@type\":\"SearchAction\",\"target\":{\"@type\":\"EntryPoint\",\"urlTemplate\":\"https:\\\/\\\/gastora.eu\\\/?s={search_term_string}\"},\"query-input\":{\"@type\":\"PropertyValueSpecification\",\"valueRequired\":true,\"valueName\":\"search_term_string\"}}],\"inLanguage\":\"en-US\"},{\"@type\":\"Organization\",\"@id\":\"https:\\\/\\\/gastora.eu\\\/#organization\",\"name\":\"Gastora\",\"url\":\"https:\\\/\\\/gastora.eu\\\/\",\"logo\":{\"@type\":\"ImageObject\",\"inLanguage\":\"en-US\",\"@id\":\"https:\\\/\\\/gastora.eu\\\/#\\\/schema\\\/logo\\\/image\\\/\",\"url\":\"https:\\\/\\\/gastora.eu\\\/wp-content\\\/uploads\\\/2025\\\/12\\\/ChatGPT-Image-2-janv.-2026-22_52_47-1.png\",\"contentUrl\":\"https:\\\/\\\/gastora.eu\\\/wp-content\\\/uploads\\\/2025\\\/12\\\/ChatGPT-Image-2-janv.-2026-22_52_47-1.png\",\"width\":1536,\"height\":320,\"caption\":\"Gastora\"},\"image\":{\"@id\":\"https:\\\/\\\/gastora.eu\\\/#\\\/schema\\\/logo\\\/image\\\/\"}}]}<\/script>\n<!-- \/ Yoast SEO plugin. -->","yoast_head_json":{"title":"Premium bain marie - unit\u00e9 double - profondeur 90 cm - \u00e9lectrique - Gastora","description":"Achetez Premium bain marie - unit\u00e9 double - profondeur 90 cm - \u00e9lectrique au meilleur prix, fiable et performant avec une livraison rapide","robots":{"index":"index","follow":"follow","max-snippet":"max-snippet:-1","max-image-preview":"max-image-preview:large","max-video-preview":"max-video-preview:-1"},"canonical":"https:\/\/gastora.eu\/en\/product\/premium-bain-marie-unit-double-profondeur-90-cm-lectrique\/","og_locale":"en_US","og_type":"article","og_title":"Premium bain marie - unit\u00e9 double - profondeur 90 cm - \u00e9lectrique - Gastora","og_description":"Achetez Premium bain marie - unit\u00e9 double - profondeur 90 cm - \u00e9lectrique au meilleur prix, fiable et performant avec une livraison rapide","og_url":"https:\/\/gastora.eu\/en\/product\/premium-bain-marie-unit-double-profondeur-90-cm-lectrique\/","og_site_name":"Gastora","article_modified_time":"2026-05-06T14:32:40+00:00","twitter_card":"summary_large_image","twitter_misc":{"Est. reading time":"2 minutes"},"schema":{"@context":"https:\/\/schema.org","@graph":[{"@type":"WebPage","@id":"https:\/\/gastora.eu\/product\/premium-bain-marie-unit-double-profondeur-90-cm-lectrique\/","url":"https:\/\/gastora.eu\/product\/premium-bain-marie-unit-double-profondeur-90-cm-lectrique\/","name":"Premium bain marie - unit\u00e9 double - profondeur 90 cm - \u00e9lectrique - Gastora","isPartOf":{"@id":"https:\/\/gastora.eu\/#website"},"primaryImageOfPage":{"@id":"https:\/\/gastora.eu\/product\/premium-bain-marie-unit-double-profondeur-90-cm-lectrique\/#primaryimage"},"image":{"@id":"https:\/\/gastora.eu\/product\/premium-bain-marie-unit-double-profondeur-90-cm-lectrique\/#primaryimage"},"thumbnailUrl":"https:\/\/gastora.eu\/wp-content\/uploads\/2026\/04\/7854n18090311.jpg","datePublished":"2026-04-26T08:39:24+00:00","dateModified":"2026-05-06T14:32:40+00:00","description":"Achetez Premium bain marie - unit\u00e9 double - profondeur 90 cm - \u00e9lectrique au meilleur prix, fiable et performant avec une livraison rapide","breadcrumb":{"@id":"https:\/\/gastora.eu\/product\/premium-bain-marie-unit-double-profondeur-90-cm-lectrique\/#breadcrumb"},"inLanguage":"en-US","potentialAction":[{"@type":"ReadAction","target":["https:\/\/gastora.eu\/product\/premium-bain-marie-unit-double-profondeur-90-cm-lectrique\/"]}]},{"@type":"ImageObject","inLanguage":"en-US","@id":"https:\/\/gastora.eu\/product\/premium-bain-marie-unit-double-profondeur-90-cm-lectrique\/#primaryimage","url":"https:\/\/gastora.eu\/wp-content\/uploads\/2026\/04\/7854n18090311.jpg","contentUrl":"https:\/\/gastora.eu\/wp-content\/uploads\/2026\/04\/7854n18090311.jpg","width":1200,"height":1200},{"@type":"BreadcrumbList","@id":"https:\/\/gastora.eu\/product\/premium-bain-marie-unit-double-profondeur-90-cm-lectrique\/#breadcrumb","itemListElement":[{"@type":"ListItem","position":1,"name":"Home","item":"https:\/\/gastora.eu\/"},{"@type":"ListItem","position":2,"name":"Shop","item":"https:\/\/gastora.eu\/shop\/"},{"@type":"ListItem","position":3,"name":"Premium bain marie &#8211; unit\u00e9 double &#8211; profondeur 90 cm &#8211; \u00e9lectrique"}]},{"@type":"WebSite","@id":"https:\/\/gastora.eu\/#website","url":"https:\/\/gastora.eu\/","name":"Gastora","description":"\u00c9quipements professionnels CHR","publisher":{"@id":"https:\/\/gastora.eu\/#organization"},"potentialAction":[{"@type":"SearchAction","target":{"@type":"EntryPoint","urlTemplate":"https:\/\/gastora.eu\/?s={search_term_string}"},"query-input":{"@type":"PropertyValueSpecification","valueRequired":true,"valueName":"search_term_string"}}],"inLanguage":"en-US"},{"@type":"Organization","@id":"https:\/\/gastora.eu\/#organization","name":"Gastora","url":"https:\/\/gastora.eu\/","logo":{"@type":"ImageObject","inLanguage":"en-US","@id":"https:\/\/gastora.eu\/#\/schema\/logo\/image\/","url":"https:\/\/gastora.eu\/wp-content\/uploads\/2025\/12\/ChatGPT-Image-2-janv.-2026-22_52_47-1.png","contentUrl":"https:\/\/gastora.eu\/wp-content\/uploads\/2025\/12\/ChatGPT-Image-2-janv.-2026-22_52_47-1.png","width":1536,"height":320,"caption":"Gastora"},"image":{"@id":"https:\/\/gastora.eu\/#\/schema\/logo\/image\/"}}]}},"jetpack_sharing_enabled":true,"_links":{"self":[{"href":"https:\/\/gastora.eu\/en\/wp-json\/wp\/v2\/product\/14529","targetHints":{"allow":["GET"]}}],"collection":[{"href":"https:\/\/gastora.eu\/en\/wp-json\/wp\/v2\/product"}],"about":[{"href":"https:\/\/gastora.eu\/en\/wp-json\/wp\/v2\/types\/product"}],"wp:featuredmedia":[{"embeddable":true,"href":"https:\/\/gastora.eu\/en\/wp-json\/wp\/v2\/media\/7802"}],"wp:attachment":[{"href":"https:\/\/gastora.eu\/en\/wp-json\/wp\/v2\/media?parent=14529"}],"wp:term":[{"taxonomy":"product_brand","embeddable":true,"href":"https:\/\/gastora.eu\/en\/wp-json\/wp\/v2\/product_brand?post=14529"},{"taxonomy":"product_cat","embeddable":true,"href":"https:\/\/gastora.eu\/en\/wp-json\/wp\/v2\/product_cat?post=14529"},{"taxonomy":"product_tag","embeddable":true,"href":"https:\/\/gastora.eu\/en\/wp-json\/wp\/v2\/product_tag?post=14529"}],"curies":[{"name":"wp","href":"https:\/\/api.w.org\/{rel}","templated":true}]}}