{"id":14527,"date":"2026-04-26T08:39:22","date_gmt":"2026-04-26T08:39:22","guid":{"rendered":"https:\/\/gastora.eu\/?post_type=product&#038;p=14527"},"modified":"2026-04-28T16:56:41","modified_gmt":"2026-04-28T16:56:41","slug":"premium-cuisinire-4-brleurs-unit-double-profondeur-90-cm-gaz-2","status":"publish","type":"product","link":"https:\/\/gastora.eu\/en\/product\/premium-cuisinire-4-brleurs-unit-double-profondeur-90-cm-gaz-2\/","title":{"rendered":"Premium cuisini\u00e8re &#8211; 4 br\u00fbleurs &#8211; unit\u00e9 double &#8211; profondeur 90 cm &#8211; gaz"},"content":{"rendered":"<p><span>Cette plaque de cuisson \u00e0 gaz \u00e9l\u00e9gante est con\u00e7ue pour les cuisines de restauration tr\u00e8s fr\u00e9quent\u00e9es. Les quatre br\u00fbleurs cr\u00e9ent un appareil de grande capacit\u00e9 qui utilise certains des meilleurs mat\u00e9riaux. Vous le placez dans une ligne de cuisson, ou vous pouvez facilement commander une base en acier inoxydable assortie.<\/span><\/p>\n<h3><span>Construction tr\u00e8s solide<\/span><\/h3>\n<p><span>La solidit\u00e9 s&#8217;en d\u00e9gage et c&#8217;est parce que la cuisini\u00e8re 900 utilise des mat\u00e9riaux robustes et de haute qualit\u00e9, associ\u00e9s \u00e0 un beau design. Cette cuisini\u00e8re \u00e0 gaz excelle dans son utilisation pratique. Le bo\u00eetier est enti\u00e8rement fabriqu\u00e9 en acier inoxydable. Celui-ci est, bien s\u00fbr, connu pour sa robustesse, mais ce mat\u00e9riau lisse est \u00e9galement tr\u00e8s facile \u00e0 nettoyer. Les coins de cette cuisini\u00e8re sont arrondis afin qu&#8217;aucune salet\u00e9 ne puisse s&#8217;y accumuler et que vous puissiez les atteindre facilement.<\/span><\/p>\n<p><span>Les supports de casseroles sont en fonte lourde et les br\u00fbleurs \u00e0 gaz chrom\u00e9s fournissent beaucoup de puissance et chauffent rapidement. Gr\u00e2ce \u00e0 sa profondeur de 90 cm, cette table de cuisson est parfaite pour les grandes casseroles. Il y a suffisamment d&#8217;espace pour placer de grandes casseroles sur tous les br\u00fbleurs en m\u00eame temps. Ajoutez \u00e0 cela les gros boutons ronds et vous \u00eates s\u00fbr que c&#8217;est une cuisini\u00e8re \u00e0 gaz pratique \u00e0 utiliser.<\/span><\/p>\n<h3><span>Convient au GPL et au gaz naturel<\/span><\/h3>\n<p>Cette table de cuisson professionnelle convient pour le GPL ou le gaz naturel qui &#8220;s&#8217;anime&#8221; gr\u00e2ce \u00e0 l&#8217;allumage pi\u00e9zo\u00e9lectrique tr\u00e8s pratique. Elle est \u00e9quip\u00e9e d&#8217;une soupape de s\u00e9curit\u00e9 avec thermocouple, qui garantit que la vanne de gaz reste ouverte tant que le capteur enregistre de la chaleur. D\u00e8s qu&#8217;il n&#8217;y a plus de flamme, le robinet de gaz se ferme automatiquement afin que le gaz ne s&#8217;\u00e9chappe pas. Une s\u00e9curit\u00e9 suppl\u00e9mentaire est assur\u00e9e par un thermostat de s\u00e9curit\u00e9. Vous pouvez le r\u00e9gler sur une temp\u00e9rature comprise entre 100 et 300\u00b0C. Gr\u00e2ce aux boutons rotatifs pratiques, c&#8217;est une table de cuisson avec laquelle chaque cuisinier peut travailler de mani\u00e8re agr\u00e9able et pratique.<\/p>\n<p><strong><span>Caract\u00e9ristiques du produit<\/span><\/strong><\/p>\n<ul>\n<li><span>Poids net : 60,2 kg<\/span><\/li>\n<li><span>Dimensions : L80 x P90 x H28cm<\/span><\/li>\n<li><span>Puissance des br\u00fbleurs : 2 x 6,0 kW et 2 x 10,0 kW<\/span><\/li>\n<li><span>Puissance totale du gaz : 32,0 kW<\/span><\/li>\n<li><span>Injecteurs de gaz install\u00e9s : G25 &#8211; gaz naturel<\/span><\/li>\n<li><span>Jeu suppl\u00e9mentaire d&#8217;injecteurs de gaz : G30 &#8211; GPL (propane\/butane)<\/span><\/li>\n<\/ul>","protected":false},"excerpt":{"rendered":"<p><span>Cette table de cuisson \u00e0 gaz Premium en acier inoxydable avec quatre br\u00fbleurs est extr\u00eamement solide et \u00e9l\u00e9gante <\/span><span>Elle convient parfaitement pour \u00eatre int\u00e9gr\u00e9e dans une ligne de cuisson et, gr\u00e2ce \u00e0 sa profondeur de 90 cm, vous aurez toujours assez de place pour quatre grandes casseroles.<\/span><\/p>","protected":false},"featured_media":7798,"template":"","meta":{"_acf_changed":false},"product_brand":[],"product_cat":[495],"product_tag":[],"class_list":{"0":"post-14527","1":"product","2":"type-product","3":"status-publish","4":"has-post-thumbnail","6":"product_cat-plaques-pianos-de-cuisson-2","8":"first","9":"instock","10":"sale","11":"taxable","12":"shipping-taxable","13":"purchasable","14":"product-type-simple"},"acf":[],"yoast_head":"<!-- This site is optimized with the Yoast SEO plugin v27.5 - https:\/\/yoast.com\/product\/yoast-seo-wordpress\/ -->\n<title>Premium cuisini\u00e8re - 4 br\u00fbleurs - unit\u00e9 double - profondeur 90 cm - gaz - Gastora<\/title>\n<meta name=\"description\" content=\"Achetez Premium cuisini\u00e8re - 4 br\u00fbleurs - unit\u00e9 double - profondeur 90 cm - gaz au meilleur prix, fiable et performant avec une livraison rapide\" \/>\n<meta name=\"robots\" content=\"index, follow, max-snippet:-1, max-image-preview:large, max-video-preview:-1\" \/>\n<link rel=\"canonical\" href=\"https:\/\/gastora.eu\/en\/product\/premium-cuisinire-4-brleurs-unit-double-profondeur-90-cm-gaz-2\/\" \/>\n<meta property=\"og:locale\" content=\"en_US\" \/>\n<meta property=\"og:type\" content=\"article\" \/>\n<meta property=\"og:title\" content=\"Premium cuisini\u00e8re - 4 br\u00fbleurs - unit\u00e9 double - profondeur 90 cm - gaz - Gastora\" \/>\n<meta property=\"og:description\" content=\"Achetez Premium cuisini\u00e8re - 4 br\u00fbleurs - unit\u00e9 double - profondeur 90 cm - gaz au meilleur prix, fiable et performant avec une livraison rapide\" \/>\n<meta property=\"og:url\" content=\"https:\/\/gastora.eu\/en\/product\/premium-cuisinire-4-brleurs-unit-double-profondeur-90-cm-gaz-2\/\" \/>\n<meta property=\"og:site_name\" content=\"Gastora\" \/>\n<meta property=\"article:modified_time\" content=\"2026-04-28T16:56:41+00:00\" \/>\n<meta name=\"twitter:card\" content=\"summary_large_image\" \/>\n<meta name=\"twitter:label1\" content=\"Est. reading time\" \/>\n\t<meta name=\"twitter:data1\" content=\"2 minutes\" \/>\n<script type=\"application\/ld+json\" class=\"yoast-schema-graph\">{\"@context\":\"https:\\\/\\\/schema.org\",\"@graph\":[{\"@type\":\"WebPage\",\"@id\":\"https:\\\/\\\/gastora.eu\\\/product\\\/premium-cuisinire-4-brleurs-unit-double-profondeur-90-cm-gaz-2\\\/\",\"url\":\"https:\\\/\\\/gastora.eu\\\/product\\\/premium-cuisinire-4-brleurs-unit-double-profondeur-90-cm-gaz-2\\\/\",\"name\":\"Premium cuisini\u00e8re - 4 br\u00fbleurs - unit\u00e9 double - profondeur 90 cm - gaz - Gastora\",\"isPartOf\":{\"@id\":\"https:\\\/\\\/gastora.eu\\\/#website\"},\"primaryImageOfPage\":{\"@id\":\"https:\\\/\\\/gastora.eu\\\/product\\\/premium-cuisinire-4-brleurs-unit-double-profondeur-90-cm-gaz-2\\\/#primaryimage\"},\"image\":{\"@id\":\"https:\\\/\\\/gastora.eu\\\/product\\\/premium-cuisinire-4-brleurs-unit-double-profondeur-90-cm-gaz-2\\\/#primaryimage\"},\"thumbnailUrl\":\"https:\\\/\\\/gastora.eu\\\/wp-content\\\/uploads\\\/2026\\\/04\\\/7865n18090320.jpg\",\"datePublished\":\"2026-04-26T08:39:22+00:00\",\"dateModified\":\"2026-04-28T16:56:41+00:00\",\"description\":\"Achetez Premium cuisini\u00e8re - 4 br\u00fbleurs - unit\u00e9 double - profondeur 90 cm - gaz au meilleur prix, fiable et performant avec une livraison rapide\",\"breadcrumb\":{\"@id\":\"https:\\\/\\\/gastora.eu\\\/product\\\/premium-cuisinire-4-brleurs-unit-double-profondeur-90-cm-gaz-2\\\/#breadcrumb\"},\"inLanguage\":\"en-US\",\"potentialAction\":[{\"@type\":\"ReadAction\",\"target\":[\"https:\\\/\\\/gastora.eu\\\/product\\\/premium-cuisinire-4-brleurs-unit-double-profondeur-90-cm-gaz-2\\\/\"]}]},{\"@type\":\"ImageObject\",\"inLanguage\":\"en-US\",\"@id\":\"https:\\\/\\\/gastora.eu\\\/product\\\/premium-cuisinire-4-brleurs-unit-double-profondeur-90-cm-gaz-2\\\/#primaryimage\",\"url\":\"https:\\\/\\\/gastora.eu\\\/wp-content\\\/uploads\\\/2026\\\/04\\\/7865n18090320.jpg\",\"contentUrl\":\"https:\\\/\\\/gastora.eu\\\/wp-content\\\/uploads\\\/2026\\\/04\\\/7865n18090320.jpg\",\"width\":1200,\"height\":1200},{\"@type\":\"BreadcrumbList\",\"@id\":\"https:\\\/\\\/gastora.eu\\\/product\\\/premium-cuisinire-4-brleurs-unit-double-profondeur-90-cm-gaz-2\\\/#breadcrumb\",\"itemListElement\":[{\"@type\":\"ListItem\",\"position\":1,\"name\":\"Home\",\"item\":\"https:\\\/\\\/gastora.eu\\\/\"},{\"@type\":\"ListItem\",\"position\":2,\"name\":\"Shop\",\"item\":\"https:\\\/\\\/gastora.eu\\\/shop\\\/\"},{\"@type\":\"ListItem\",\"position\":3,\"name\":\"Premium cuisini\u00e8re &#8211; 4 br\u00fbleurs &#8211; unit\u00e9 double &#8211; profondeur 90 cm &#8211; gaz\"}]},{\"@type\":\"WebSite\",\"@id\":\"https:\\\/\\\/gastora.eu\\\/#website\",\"url\":\"https:\\\/\\\/gastora.eu\\\/\",\"name\":\"Gastora\",\"description\":\"\u00c9quipements professionnels CHR\",\"publisher\":{\"@id\":\"https:\\\/\\\/gastora.eu\\\/#organization\"},\"potentialAction\":[{\"@type\":\"SearchAction\",\"target\":{\"@type\":\"EntryPoint\",\"urlTemplate\":\"https:\\\/\\\/gastora.eu\\\/?s={search_term_string}\"},\"query-input\":{\"@type\":\"PropertyValueSpecification\",\"valueRequired\":true,\"valueName\":\"search_term_string\"}}],\"inLanguage\":\"en-US\"},{\"@type\":\"Organization\",\"@id\":\"https:\\\/\\\/gastora.eu\\\/#organization\",\"name\":\"Gastora\",\"url\":\"https:\\\/\\\/gastora.eu\\\/\",\"logo\":{\"@type\":\"ImageObject\",\"inLanguage\":\"en-US\",\"@id\":\"https:\\\/\\\/gastora.eu\\\/#\\\/schema\\\/logo\\\/image\\\/\",\"url\":\"https:\\\/\\\/gastora.eu\\\/wp-content\\\/uploads\\\/2025\\\/12\\\/ChatGPT-Image-2-janv.-2026-22_52_47-1.png\",\"contentUrl\":\"https:\\\/\\\/gastora.eu\\\/wp-content\\\/uploads\\\/2025\\\/12\\\/ChatGPT-Image-2-janv.-2026-22_52_47-1.png\",\"width\":1536,\"height\":320,\"caption\":\"Gastora\"},\"image\":{\"@id\":\"https:\\\/\\\/gastora.eu\\\/#\\\/schema\\\/logo\\\/image\\\/\"}}]}<\/script>\n<!-- \/ Yoast SEO plugin. -->","yoast_head_json":{"title":"Premium cuisini\u00e8re - 4 br\u00fbleurs - unit\u00e9 double - profondeur 90 cm - gaz - Gastora","description":"Achetez Premium cuisini\u00e8re - 4 br\u00fbleurs - unit\u00e9 double - profondeur 90 cm - gaz au meilleur prix, fiable et performant avec une livraison rapide","robots":{"index":"index","follow":"follow","max-snippet":"max-snippet:-1","max-image-preview":"max-image-preview:large","max-video-preview":"max-video-preview:-1"},"canonical":"https:\/\/gastora.eu\/en\/product\/premium-cuisinire-4-brleurs-unit-double-profondeur-90-cm-gaz-2\/","og_locale":"en_US","og_type":"article","og_title":"Premium cuisini\u00e8re - 4 br\u00fbleurs - unit\u00e9 double - profondeur 90 cm - gaz - Gastora","og_description":"Achetez Premium cuisini\u00e8re - 4 br\u00fbleurs - unit\u00e9 double - profondeur 90 cm - gaz au meilleur prix, fiable et performant avec une livraison rapide","og_url":"https:\/\/gastora.eu\/en\/product\/premium-cuisinire-4-brleurs-unit-double-profondeur-90-cm-gaz-2\/","og_site_name":"Gastora","article_modified_time":"2026-04-28T16:56:41+00:00","twitter_card":"summary_large_image","twitter_misc":{"Est. reading time":"2 minutes"},"schema":{"@context":"https:\/\/schema.org","@graph":[{"@type":"WebPage","@id":"https:\/\/gastora.eu\/product\/premium-cuisinire-4-brleurs-unit-double-profondeur-90-cm-gaz-2\/","url":"https:\/\/gastora.eu\/product\/premium-cuisinire-4-brleurs-unit-double-profondeur-90-cm-gaz-2\/","name":"Premium cuisini\u00e8re - 4 br\u00fbleurs - unit\u00e9 double - profondeur 90 cm - gaz - Gastora","isPartOf":{"@id":"https:\/\/gastora.eu\/#website"},"primaryImageOfPage":{"@id":"https:\/\/gastora.eu\/product\/premium-cuisinire-4-brleurs-unit-double-profondeur-90-cm-gaz-2\/#primaryimage"},"image":{"@id":"https:\/\/gastora.eu\/product\/premium-cuisinire-4-brleurs-unit-double-profondeur-90-cm-gaz-2\/#primaryimage"},"thumbnailUrl":"https:\/\/gastora.eu\/wp-content\/uploads\/2026\/04\/7865n18090320.jpg","datePublished":"2026-04-26T08:39:22+00:00","dateModified":"2026-04-28T16:56:41+00:00","description":"Achetez Premium cuisini\u00e8re - 4 br\u00fbleurs - unit\u00e9 double - profondeur 90 cm - gaz au meilleur prix, fiable et performant avec une livraison rapide","breadcrumb":{"@id":"https:\/\/gastora.eu\/product\/premium-cuisinire-4-brleurs-unit-double-profondeur-90-cm-gaz-2\/#breadcrumb"},"inLanguage":"en-US","potentialAction":[{"@type":"ReadAction","target":["https:\/\/gastora.eu\/product\/premium-cuisinire-4-brleurs-unit-double-profondeur-90-cm-gaz-2\/"]}]},{"@type":"ImageObject","inLanguage":"en-US","@id":"https:\/\/gastora.eu\/product\/premium-cuisinire-4-brleurs-unit-double-profondeur-90-cm-gaz-2\/#primaryimage","url":"https:\/\/gastora.eu\/wp-content\/uploads\/2026\/04\/7865n18090320.jpg","contentUrl":"https:\/\/gastora.eu\/wp-content\/uploads\/2026\/04\/7865n18090320.jpg","width":1200,"height":1200},{"@type":"BreadcrumbList","@id":"https:\/\/gastora.eu\/product\/premium-cuisinire-4-brleurs-unit-double-profondeur-90-cm-gaz-2\/#breadcrumb","itemListElement":[{"@type":"ListItem","position":1,"name":"Home","item":"https:\/\/gastora.eu\/"},{"@type":"ListItem","position":2,"name":"Shop","item":"https:\/\/gastora.eu\/shop\/"},{"@type":"ListItem","position":3,"name":"Premium cuisini\u00e8re &#8211; 4 br\u00fbleurs &#8211; unit\u00e9 double &#8211; profondeur 90 cm &#8211; gaz"}]},{"@type":"WebSite","@id":"https:\/\/gastora.eu\/#website","url":"https:\/\/gastora.eu\/","name":"Gastora","description":"\u00c9quipements professionnels CHR","publisher":{"@id":"https:\/\/gastora.eu\/#organization"},"potentialAction":[{"@type":"SearchAction","target":{"@type":"EntryPoint","urlTemplate":"https:\/\/gastora.eu\/?s={search_term_string}"},"query-input":{"@type":"PropertyValueSpecification","valueRequired":true,"valueName":"search_term_string"}}],"inLanguage":"en-US"},{"@type":"Organization","@id":"https:\/\/gastora.eu\/#organization","name":"Gastora","url":"https:\/\/gastora.eu\/","logo":{"@type":"ImageObject","inLanguage":"en-US","@id":"https:\/\/gastora.eu\/#\/schema\/logo\/image\/","url":"https:\/\/gastora.eu\/wp-content\/uploads\/2025\/12\/ChatGPT-Image-2-janv.-2026-22_52_47-1.png","contentUrl":"https:\/\/gastora.eu\/wp-content\/uploads\/2025\/12\/ChatGPT-Image-2-janv.-2026-22_52_47-1.png","width":1536,"height":320,"caption":"Gastora"},"image":{"@id":"https:\/\/gastora.eu\/#\/schema\/logo\/image\/"}}]}},"jetpack_sharing_enabled":true,"_links":{"self":[{"href":"https:\/\/gastora.eu\/en\/wp-json\/wp\/v2\/product\/14527","targetHints":{"allow":["GET"]}}],"collection":[{"href":"https:\/\/gastora.eu\/en\/wp-json\/wp\/v2\/product"}],"about":[{"href":"https:\/\/gastora.eu\/en\/wp-json\/wp\/v2\/types\/product"}],"wp:featuredmedia":[{"embeddable":true,"href":"https:\/\/gastora.eu\/en\/wp-json\/wp\/v2\/media\/7798"}],"wp:attachment":[{"href":"https:\/\/gastora.eu\/en\/wp-json\/wp\/v2\/media?parent=14527"}],"wp:term":[{"taxonomy":"product_brand","embeddable":true,"href":"https:\/\/gastora.eu\/en\/wp-json\/wp\/v2\/product_brand?post=14527"},{"taxonomy":"product_cat","embeddable":true,"href":"https:\/\/gastora.eu\/en\/wp-json\/wp\/v2\/product_cat?post=14527"},{"taxonomy":"product_tag","embeddable":true,"href":"https:\/\/gastora.eu\/en\/wp-json\/wp\/v2\/product_tag?post=14527"}],"curies":[{"name":"wp","href":"https:\/\/api.w.org\/{rel}","templated":true}]}}