{"id":14526,"date":"2026-04-26T08:39:22","date_gmt":"2026-04-26T08:39:22","guid":{"rendered":"https:\/\/gastora.eu\/?post_type=product&#038;p=14526"},"modified":"2026-04-28T16:56:41","modified_gmt":"2026-04-28T16:56:41","slug":"premium-friteuse-1-x-22-l-unit-simple-profondeur-90-cm-avec-robinet-de-vidange-lectrique","status":"publish","type":"product","link":"https:\/\/gastora.eu\/en\/product\/premium-friteuse-1-x-22-l-unit-simple-profondeur-90-cm-avec-robinet-de-vidange-lectrique\/","title":{"rendered":"Premium friteuse &#8211; 1 x 22 L &#8211; unit\u00e9 simple &#8211; profondeur 90 cm &#8211; avec robinet de vidange &#8211; \u00e9lectrique"},"content":{"rendered":"<h2>Friteuse Premium 1 x 22L avec robinet &#8211; \u00e9lectrique<\/h2>\n<p>La friteuse \u00e9lectrique Premium est livr\u00e9e compl\u00e8te avec son socle. La friteuse se compose d&#8217;une friteuse avec 2 paniers \u00e0 friture. La friteuse est \u00e9quip\u00e9e d&#8217;un robinet de vidange de l&#8217;huile de friture au fond. La friteuse a une finition soign\u00e9e avec des coins arrondis. Avec la conception ergonomique de la friteuse, cela garantit un travail agr\u00e9able et s\u00fbr. Le bo\u00eetier, la friteuse et le panier en acier inoxydable sont faciles \u00e0 nettoyer. Gr\u00e2ce \u00e0 sa profondeur de 900 mm, la friteuse peut frire de grandes quantit\u00e9s d&#8217;aliments.<\/p>\n<p>Caract\u00e9ristiques de la friteuse \u00e9lectrique haut de gamme<\/p>\n<ul>\n<li>Friteuse 1 x 22L<\/li>\n<li>Composants tr\u00e8s r\u00e9sistants<\/li>\n<li>Thermostat entre 60 \u00b0C et 190 \u00b0C<\/li>\n<li>\u00c9l\u00e9ment chauffant rotatif<\/li>\n<li>T\u00e9moin lumineux de temp\u00e9rature<\/li>\n<li>Construction tr\u00e8s durable<\/li>\n<li>Conception hygi\u00e9nique<\/li>\n<\/ul>\n<p>Caract\u00e9ristiques du produit<\/p>\n<ul>\n<li>Poids net : 60 kg<\/li>\n<li>Capacit\u00e9 en frites : 2,4 kg<\/li>\n<li>Dimensions du panier \u00e0 frites : L140 x P330 x H110 mm<\/li>\n<li>Dimensions de l&#8217;appareil : L400 x P900 x H850 mm<\/li>\n<li>Puissance \u00e9lectrique totale : 18,0 kW<\/li>\n<li>Puissance : 400V \/ 50Hz \/ 3Phase 18000 Watt<\/li>\n<\/ul>\n<p><strong>Ce produit est fourni sans fiche<\/strong><\/p>","protected":false},"excerpt":{"rendered":"<p>La friteuse \u00e9lectrique Premium, fournie avec un socle et \u00e9quip\u00e9e de robinets, est adapt\u00e9e \u00e0 une utilisation intensive dans les cuisines professionnelles. Commandez d\u00e8s maintenant !<\/p>","protected":false},"featured_media":7796,"template":"","meta":{"_acf_changed":false},"product_brand":[],"product_cat":[495],"product_tag":[],"class_list":{"0":"post-14526","1":"product","2":"type-product","3":"status-publish","4":"has-post-thumbnail","6":"product_cat-plaques-pianos-de-cuisson-2","8":"first","9":"instock","10":"sale","11":"taxable","12":"shipping-taxable","13":"purchasable","14":"product-type-simple"},"acf":[],"yoast_head":"<!-- This site is optimized with the Yoast SEO plugin v27.5 - https:\/\/yoast.com\/product\/yoast-seo-wordpress\/ -->\n<title>Premium friteuse - 1 x 22 L - unit\u00e9 simple - profondeur 90 cm - avec robinet de vidange - \u00e9lectrique - Gastora<\/title>\n<meta name=\"description\" content=\"Achetez Premium friteuse - 1 x 22 L - unit\u00e9 simple - profondeur 90 cm - avec robinet de vidange - \u00e9lectrique au meilleur prix, fiable et performant avec une livraison rapide\" \/>\n<meta name=\"robots\" content=\"index, follow, max-snippet:-1, max-image-preview:large, max-video-preview:-1\" \/>\n<link rel=\"canonical\" href=\"https:\/\/gastora.eu\/en\/product\/premium-friteuse-1-x-22-l-unit-simple-profondeur-90-cm-avec-robinet-de-vidange-lectrique\/\" \/>\n<meta property=\"og:locale\" content=\"en_US\" \/>\n<meta property=\"og:type\" content=\"article\" \/>\n<meta property=\"og:title\" content=\"Premium friteuse - 1 x 22 L - unit\u00e9 simple - profondeur 90 cm - avec robinet de vidange - \u00e9lectrique - Gastora\" \/>\n<meta property=\"og:description\" content=\"Achetez Premium friteuse - 1 x 22 L - unit\u00e9 simple - profondeur 90 cm - avec robinet de vidange - \u00e9lectrique au meilleur prix, fiable et performant avec une livraison rapide\" \/>\n<meta property=\"og:url\" content=\"https:\/\/gastora.eu\/en\/product\/premium-friteuse-1-x-22-l-unit-simple-profondeur-90-cm-avec-robinet-de-vidange-lectrique\/\" \/>\n<meta property=\"og:site_name\" content=\"Gastora\" \/>\n<meta property=\"article:modified_time\" content=\"2026-04-28T16:56:41+00:00\" \/>\n<meta name=\"twitter:card\" content=\"summary_large_image\" \/>\n<meta name=\"twitter:label1\" content=\"Est. reading time\" \/>\n\t<meta name=\"twitter:data1\" content=\"1 minute\" \/>\n<script type=\"application\/ld+json\" class=\"yoast-schema-graph\">{\"@context\":\"https:\\\/\\\/schema.org\",\"@graph\":[{\"@type\":\"WebPage\",\"@id\":\"https:\\\/\\\/gastora.eu\\\/product\\\/premium-friteuse-1-x-22-l-unit-simple-profondeur-90-cm-avec-robinet-de-vidange-lectrique\\\/\",\"url\":\"https:\\\/\\\/gastora.eu\\\/product\\\/premium-friteuse-1-x-22-l-unit-simple-profondeur-90-cm-avec-robinet-de-vidange-lectrique\\\/\",\"name\":\"Premium friteuse - 1 x 22 L - unit\u00e9 simple - profondeur 90 cm - avec robinet de vidange - \u00e9lectrique - Gastora\",\"isPartOf\":{\"@id\":\"https:\\\/\\\/gastora.eu\\\/#website\"},\"primaryImageOfPage\":{\"@id\":\"https:\\\/\\\/gastora.eu\\\/product\\\/premium-friteuse-1-x-22-l-unit-simple-profondeur-90-cm-avec-robinet-de-vidange-lectrique\\\/#primaryimage\"},\"image\":{\"@id\":\"https:\\\/\\\/gastora.eu\\\/product\\\/premium-friteuse-1-x-22-l-unit-simple-profondeur-90-cm-avec-robinet-de-vidange-lectrique\\\/#primaryimage\"},\"thumbnailUrl\":\"https:\\\/\\\/gastora.eu\\\/wp-content\\\/uploads\\\/2026\\\/04\\\/7856n14090802.jpg\",\"datePublished\":\"2026-04-26T08:39:22+00:00\",\"dateModified\":\"2026-04-28T16:56:41+00:00\",\"description\":\"Achetez Premium friteuse - 1 x 22 L - unit\u00e9 simple - profondeur 90 cm - avec robinet de vidange - \u00e9lectrique au meilleur prix, fiable et performant avec une livraison rapide\",\"breadcrumb\":{\"@id\":\"https:\\\/\\\/gastora.eu\\\/product\\\/premium-friteuse-1-x-22-l-unit-simple-profondeur-90-cm-avec-robinet-de-vidange-lectrique\\\/#breadcrumb\"},\"inLanguage\":\"en-US\",\"potentialAction\":[{\"@type\":\"ReadAction\",\"target\":[\"https:\\\/\\\/gastora.eu\\\/product\\\/premium-friteuse-1-x-22-l-unit-simple-profondeur-90-cm-avec-robinet-de-vidange-lectrique\\\/\"]}]},{\"@type\":\"ImageObject\",\"inLanguage\":\"en-US\",\"@id\":\"https:\\\/\\\/gastora.eu\\\/product\\\/premium-friteuse-1-x-22-l-unit-simple-profondeur-90-cm-avec-robinet-de-vidange-lectrique\\\/#primaryimage\",\"url\":\"https:\\\/\\\/gastora.eu\\\/wp-content\\\/uploads\\\/2026\\\/04\\\/7856n14090802.jpg\",\"contentUrl\":\"https:\\\/\\\/gastora.eu\\\/wp-content\\\/uploads\\\/2026\\\/04\\\/7856n14090802.jpg\",\"width\":1200,\"height\":1200},{\"@type\":\"BreadcrumbList\",\"@id\":\"https:\\\/\\\/gastora.eu\\\/product\\\/premium-friteuse-1-x-22-l-unit-simple-profondeur-90-cm-avec-robinet-de-vidange-lectrique\\\/#breadcrumb\",\"itemListElement\":[{\"@type\":\"ListItem\",\"position\":1,\"name\":\"Home\",\"item\":\"https:\\\/\\\/gastora.eu\\\/\"},{\"@type\":\"ListItem\",\"position\":2,\"name\":\"Shop\",\"item\":\"https:\\\/\\\/gastora.eu\\\/shop\\\/\"},{\"@type\":\"ListItem\",\"position\":3,\"name\":\"Premium friteuse &#8211; 1 x 22 L &#8211; unit\u00e9 simple &#8211; profondeur 90 cm &#8211; avec robinet de vidange &#8211; \u00e9lectrique\"}]},{\"@type\":\"WebSite\",\"@id\":\"https:\\\/\\\/gastora.eu\\\/#website\",\"url\":\"https:\\\/\\\/gastora.eu\\\/\",\"name\":\"Gastora\",\"description\":\"\u00c9quipements professionnels CHR\",\"publisher\":{\"@id\":\"https:\\\/\\\/gastora.eu\\\/#organization\"},\"potentialAction\":[{\"@type\":\"SearchAction\",\"target\":{\"@type\":\"EntryPoint\",\"urlTemplate\":\"https:\\\/\\\/gastora.eu\\\/?s={search_term_string}\"},\"query-input\":{\"@type\":\"PropertyValueSpecification\",\"valueRequired\":true,\"valueName\":\"search_term_string\"}}],\"inLanguage\":\"en-US\"},{\"@type\":\"Organization\",\"@id\":\"https:\\\/\\\/gastora.eu\\\/#organization\",\"name\":\"Gastora\",\"url\":\"https:\\\/\\\/gastora.eu\\\/\",\"logo\":{\"@type\":\"ImageObject\",\"inLanguage\":\"en-US\",\"@id\":\"https:\\\/\\\/gastora.eu\\\/#\\\/schema\\\/logo\\\/image\\\/\",\"url\":\"https:\\\/\\\/gastora.eu\\\/wp-content\\\/uploads\\\/2025\\\/12\\\/ChatGPT-Image-2-janv.-2026-22_52_47-1.png\",\"contentUrl\":\"https:\\\/\\\/gastora.eu\\\/wp-content\\\/uploads\\\/2025\\\/12\\\/ChatGPT-Image-2-janv.-2026-22_52_47-1.png\",\"width\":1536,\"height\":320,\"caption\":\"Gastora\"},\"image\":{\"@id\":\"https:\\\/\\\/gastora.eu\\\/#\\\/schema\\\/logo\\\/image\\\/\"}}]}<\/script>\n<!-- \/ Yoast SEO plugin. -->","yoast_head_json":{"title":"Premium friteuse - 1 x 22 L - unit\u00e9 simple - profondeur 90 cm - avec robinet de vidange - \u00e9lectrique - Gastora","description":"Achetez Premium friteuse - 1 x 22 L - unit\u00e9 simple - profondeur 90 cm - avec robinet de vidange - \u00e9lectrique au meilleur prix, fiable et performant avec une livraison rapide","robots":{"index":"index","follow":"follow","max-snippet":"max-snippet:-1","max-image-preview":"max-image-preview:large","max-video-preview":"max-video-preview:-1"},"canonical":"https:\/\/gastora.eu\/en\/product\/premium-friteuse-1-x-22-l-unit-simple-profondeur-90-cm-avec-robinet-de-vidange-lectrique\/","og_locale":"en_US","og_type":"article","og_title":"Premium friteuse - 1 x 22 L - unit\u00e9 simple - profondeur 90 cm - avec robinet de vidange - \u00e9lectrique - Gastora","og_description":"Achetez Premium friteuse - 1 x 22 L - unit\u00e9 simple - profondeur 90 cm - avec robinet de vidange - \u00e9lectrique au meilleur prix, fiable et performant avec une livraison rapide","og_url":"https:\/\/gastora.eu\/en\/product\/premium-friteuse-1-x-22-l-unit-simple-profondeur-90-cm-avec-robinet-de-vidange-lectrique\/","og_site_name":"Gastora","article_modified_time":"2026-04-28T16:56:41+00:00","twitter_card":"summary_large_image","twitter_misc":{"Est. reading time":"1 minute"},"schema":{"@context":"https:\/\/schema.org","@graph":[{"@type":"WebPage","@id":"https:\/\/gastora.eu\/product\/premium-friteuse-1-x-22-l-unit-simple-profondeur-90-cm-avec-robinet-de-vidange-lectrique\/","url":"https:\/\/gastora.eu\/product\/premium-friteuse-1-x-22-l-unit-simple-profondeur-90-cm-avec-robinet-de-vidange-lectrique\/","name":"Premium friteuse - 1 x 22 L - unit\u00e9 simple - profondeur 90 cm - avec robinet de vidange - \u00e9lectrique - Gastora","isPartOf":{"@id":"https:\/\/gastora.eu\/#website"},"primaryImageOfPage":{"@id":"https:\/\/gastora.eu\/product\/premium-friteuse-1-x-22-l-unit-simple-profondeur-90-cm-avec-robinet-de-vidange-lectrique\/#primaryimage"},"image":{"@id":"https:\/\/gastora.eu\/product\/premium-friteuse-1-x-22-l-unit-simple-profondeur-90-cm-avec-robinet-de-vidange-lectrique\/#primaryimage"},"thumbnailUrl":"https:\/\/gastora.eu\/wp-content\/uploads\/2026\/04\/7856n14090802.jpg","datePublished":"2026-04-26T08:39:22+00:00","dateModified":"2026-04-28T16:56:41+00:00","description":"Achetez Premium friteuse - 1 x 22 L - unit\u00e9 simple - profondeur 90 cm - avec robinet de vidange - \u00e9lectrique au meilleur prix, fiable et performant avec une livraison rapide","breadcrumb":{"@id":"https:\/\/gastora.eu\/product\/premium-friteuse-1-x-22-l-unit-simple-profondeur-90-cm-avec-robinet-de-vidange-lectrique\/#breadcrumb"},"inLanguage":"en-US","potentialAction":[{"@type":"ReadAction","target":["https:\/\/gastora.eu\/product\/premium-friteuse-1-x-22-l-unit-simple-profondeur-90-cm-avec-robinet-de-vidange-lectrique\/"]}]},{"@type":"ImageObject","inLanguage":"en-US","@id":"https:\/\/gastora.eu\/product\/premium-friteuse-1-x-22-l-unit-simple-profondeur-90-cm-avec-robinet-de-vidange-lectrique\/#primaryimage","url":"https:\/\/gastora.eu\/wp-content\/uploads\/2026\/04\/7856n14090802.jpg","contentUrl":"https:\/\/gastora.eu\/wp-content\/uploads\/2026\/04\/7856n14090802.jpg","width":1200,"height":1200},{"@type":"BreadcrumbList","@id":"https:\/\/gastora.eu\/product\/premium-friteuse-1-x-22-l-unit-simple-profondeur-90-cm-avec-robinet-de-vidange-lectrique\/#breadcrumb","itemListElement":[{"@type":"ListItem","position":1,"name":"Home","item":"https:\/\/gastora.eu\/"},{"@type":"ListItem","position":2,"name":"Shop","item":"https:\/\/gastora.eu\/shop\/"},{"@type":"ListItem","position":3,"name":"Premium friteuse &#8211; 1 x 22 L &#8211; unit\u00e9 simple &#8211; profondeur 90 cm &#8211; avec robinet de vidange &#8211; \u00e9lectrique"}]},{"@type":"WebSite","@id":"https:\/\/gastora.eu\/#website","url":"https:\/\/gastora.eu\/","name":"Gastora","description":"\u00c9quipements professionnels CHR","publisher":{"@id":"https:\/\/gastora.eu\/#organization"},"potentialAction":[{"@type":"SearchAction","target":{"@type":"EntryPoint","urlTemplate":"https:\/\/gastora.eu\/?s={search_term_string}"},"query-input":{"@type":"PropertyValueSpecification","valueRequired":true,"valueName":"search_term_string"}}],"inLanguage":"en-US"},{"@type":"Organization","@id":"https:\/\/gastora.eu\/#organization","name":"Gastora","url":"https:\/\/gastora.eu\/","logo":{"@type":"ImageObject","inLanguage":"en-US","@id":"https:\/\/gastora.eu\/#\/schema\/logo\/image\/","url":"https:\/\/gastora.eu\/wp-content\/uploads\/2025\/12\/ChatGPT-Image-2-janv.-2026-22_52_47-1.png","contentUrl":"https:\/\/gastora.eu\/wp-content\/uploads\/2025\/12\/ChatGPT-Image-2-janv.-2026-22_52_47-1.png","width":1536,"height":320,"caption":"Gastora"},"image":{"@id":"https:\/\/gastora.eu\/#\/schema\/logo\/image\/"}}]}},"jetpack_sharing_enabled":true,"_links":{"self":[{"href":"https:\/\/gastora.eu\/en\/wp-json\/wp\/v2\/product\/14526","targetHints":{"allow":["GET"]}}],"collection":[{"href":"https:\/\/gastora.eu\/en\/wp-json\/wp\/v2\/product"}],"about":[{"href":"https:\/\/gastora.eu\/en\/wp-json\/wp\/v2\/types\/product"}],"wp:featuredmedia":[{"embeddable":true,"href":"https:\/\/gastora.eu\/en\/wp-json\/wp\/v2\/media\/7796"}],"wp:attachment":[{"href":"https:\/\/gastora.eu\/en\/wp-json\/wp\/v2\/media?parent=14526"}],"wp:term":[{"taxonomy":"product_brand","embeddable":true,"href":"https:\/\/gastora.eu\/en\/wp-json\/wp\/v2\/product_brand?post=14526"},{"taxonomy":"product_cat","embeddable":true,"href":"https:\/\/gastora.eu\/en\/wp-json\/wp\/v2\/product_cat?post=14526"},{"taxonomy":"product_tag","embeddable":true,"href":"https:\/\/gastora.eu\/en\/wp-json\/wp\/v2\/product_tag?post=14526"}],"curies":[{"name":"wp","href":"https:\/\/api.w.org\/{rel}","templated":true}]}}