{"id":14524,"date":"2026-04-26T08:39:19","date_gmt":"2026-04-26T08:39:19","guid":{"rendered":"https:\/\/gastora.eu\/?post_type=product&#038;p=14524"},"modified":"2026-04-28T16:56:41","modified_gmt":"2026-04-28T16:56:41","slug":"premium-friteuse-1-x-22-l-unit-simple-profondeur-90-cm-avec-robinet-de-vidange-gaz","status":"publish","type":"product","link":"https:\/\/gastora.eu\/en\/product\/premium-friteuse-1-x-22-l-unit-simple-profondeur-90-cm-avec-robinet-de-vidange-gaz\/","title":{"rendered":"Premium friteuse &#8211; 1 x 22 L &#8211; unit\u00e9 simple &#8211; profondeur 90 cm &#8211; avec robinet de vidange &#8211; gaz"},"content":{"rendered":"<p>Lorsque vous utilisez une friteuse quotidiennement, cet appareil de cuisine doit \u00eatre r\u00e9sistant et durable. En outre, un appareil utilis\u00e9 de mani\u00e8re intensive doit pouvoir r\u00e9sister \u00e0 une manipulation brutale. Cette friteuse \u00e0 gaz haut de gamme a \u00e9t\u00e9 sp\u00e9cialement con\u00e7ue pour les grandes cuisines, les h\u00f4tels et les restaurants. Vous pouvez utiliser cette friteuse dans une ligne de cuisson et l&#8217;\u00e9tendre avec une base ouverte en acier inoxydable ou une base ferm\u00e9e avec une porte. Le dessus est soud\u00e9 sans joints et la friteuse monobloc a une capacit\u00e9 de 2 x 22 litres pour frire de grandes portions de snacks, de frites, de l\u00e9gumes, de poissons et d&#8217;autres produits.<\/p>\n<h3>Avec une flamme pilote<\/h3>\n<p>Cette puissante friteuse fonctionne au gaz (GPL ou gaz naturel) et peut \u00eatre r\u00e9gl\u00e9e sur une temp\u00e9rature comprise entre 110 et 190\u2070C. Sa conception ergonomique et hygi\u00e9nique en fait un appareil agr\u00e9able \u00e0 utiliser. Pour la s\u00e9curit\u00e9, une soupape de s\u00e9curit\u00e9 gaz avec thermocouple est int\u00e9gr\u00e9e. En outre, la friteuse est \u00e9quip\u00e9e d&#8217;une veilleuse. La friteuse est \u00e9galement \u00e9quip\u00e9e d&#8217;un robinet de vidange pour faciliter l&#8217;\u00e9vacuation de l&#8217;huile de friture. La friteuse est livr\u00e9e avec un couvercle et un panier de friture en acier inoxydable.<\/p>\n<h3>Nettoyage facile<\/h3>\n<p>Toutes les pi\u00e8ces de la friteuse sont en acier inoxydable. En combinaison avec les coins arrondis, cela garantit un nettoyage facile de l&#8217;appareil et une meilleure hygi\u00e8ne. Le bo\u00eetier en acier inoxydable peut \u00eatre nettoy\u00e9 \u00e0 l&#8217;aide d&#8217;un chiffon humide. Le panier \u00e0 friture et le couvercle peuvent \u00eatre tremp\u00e9s dans de l&#8217;eau chaude savonneuse. Apr\u00e8s le nettoyage, s\u00e9chez le tout avec un chiffon doux et la friteuse est \u00e0 nouveau pr\u00eate \u00e0 l&#8217;emploi.<\/p>\n<p><strong>Caract\u00e9ristiques<\/strong><\/p>\n<ul>\n<li>Construction tr\u00e8s durable<\/li>\n<li>Br\u00fbleurs en acier inoxydable<\/li>\n<li>D\u00e9tonateurs pi\u00e9zo\u00e9lectriques<\/li>\n<li>Thermostat entre 110 \u00b0C et 190 \u00b0C<\/li>\n<li>Soupape de s\u00e9curit\u00e9 pour le gaz avec thermocouple<\/li>\n<li>Convient pour le GPL ou le gaz naturel<\/li>\n<\/ul>\n<p><strong>Caract\u00e9ristiques du produit<\/strong><\/p>\n<ul>\n<li>Poids net : 63 kg<\/li>\n<li>Capacit\u00e9 en frites : 2,4kg<\/li>\n<li>Dimensions du panier \u00e0 friture : L14 x P33 x H11cm<\/li>\n<li>Dimensions de l&#8217;appareil : L40 x P90 x H85cm<\/li>\n<li>Puissance totale du gaz : 22,0 kW<\/li>\n<li>Injecteurs de gaz install\u00e9s : G25 &#8211; Gaz naturel<\/li>\n<li>Jeu suppl\u00e9mentaire d&#8217;injecteurs de gaz : G30 &#8211; GPL (Propane \/ Butane)<\/li>\n<\/ul>","protected":false},"excerpt":{"rendered":"<p>Cette puissante friteuse professionnelle haut de gamme fonctionne au gaz et est con\u00e7ue pour un usage quotidien intensif. Elle peut \u00eatre utilis\u00e9e dans une ligne de cuisson de 90 cm de profondeur. Avec une capacit\u00e9 de 22 litres d&#8217;huile, un panier et un robinet pratique pour changer l&#8217;huile facilement, cette friteuse est la solution id\u00e9ale pour la cuisine de restauration.<\/p>","protected":false},"featured_media":7792,"template":"","meta":{"_acf_changed":false},"product_brand":[],"product_cat":[495],"product_tag":[],"class_list":{"0":"post-14524","1":"product","2":"type-product","3":"status-publish","4":"has-post-thumbnail","6":"product_cat-plaques-pianos-de-cuisson-2","8":"first","9":"instock","10":"sale","11":"taxable","12":"shipping-taxable","13":"purchasable","14":"product-type-simple"},"acf":[],"yoast_head":"<!-- This site is optimized with the Yoast SEO plugin v27.5 - https:\/\/yoast.com\/product\/yoast-seo-wordpress\/ -->\n<title>Premium friteuse - 1 x 22 L - unit\u00e9 simple - profondeur 90 cm - avec robinet de vidange - gaz - Gastora<\/title>\n<meta name=\"description\" content=\"Achetez Premium friteuse - 1 x 22 L - unit\u00e9 simple - profondeur 90 cm - avec robinet de vidange - gaz au meilleur prix, fiable et performant avec une livraison rapide\" \/>\n<meta name=\"robots\" content=\"index, follow, max-snippet:-1, max-image-preview:large, max-video-preview:-1\" \/>\n<link rel=\"canonical\" href=\"https:\/\/gastora.eu\/en\/product\/premium-friteuse-1-x-22-l-unit-simple-profondeur-90-cm-avec-robinet-de-vidange-gaz\/\" \/>\n<meta property=\"og:locale\" content=\"en_US\" \/>\n<meta property=\"og:type\" content=\"article\" \/>\n<meta property=\"og:title\" content=\"Premium friteuse - 1 x 22 L - unit\u00e9 simple - profondeur 90 cm - avec robinet de vidange - gaz - Gastora\" \/>\n<meta property=\"og:description\" content=\"Achetez Premium friteuse - 1 x 22 L - unit\u00e9 simple - profondeur 90 cm - avec robinet de vidange - gaz au meilleur prix, fiable et performant avec une livraison rapide\" \/>\n<meta property=\"og:url\" content=\"https:\/\/gastora.eu\/en\/product\/premium-friteuse-1-x-22-l-unit-simple-profondeur-90-cm-avec-robinet-de-vidange-gaz\/\" \/>\n<meta property=\"og:site_name\" content=\"Gastora\" \/>\n<meta property=\"article:modified_time\" content=\"2026-04-28T16:56:41+00:00\" \/>\n<meta name=\"twitter:card\" content=\"summary_large_image\" \/>\n<meta name=\"twitter:label1\" content=\"Est. reading time\" \/>\n\t<meta name=\"twitter:data1\" content=\"2 minutes\" \/>\n<script type=\"application\/ld+json\" class=\"yoast-schema-graph\">{\"@context\":\"https:\\\/\\\/schema.org\",\"@graph\":[{\"@type\":\"WebPage\",\"@id\":\"https:\\\/\\\/gastora.eu\\\/product\\\/premium-friteuse-1-x-22-l-unit-simple-profondeur-90-cm-avec-robinet-de-vidange-gaz\\\/\",\"url\":\"https:\\\/\\\/gastora.eu\\\/product\\\/premium-friteuse-1-x-22-l-unit-simple-profondeur-90-cm-avec-robinet-de-vidange-gaz\\\/\",\"name\":\"Premium friteuse - 1 x 22 L - unit\u00e9 simple - profondeur 90 cm - avec robinet de vidange - gaz - Gastora\",\"isPartOf\":{\"@id\":\"https:\\\/\\\/gastora.eu\\\/#website\"},\"primaryImageOfPage\":{\"@id\":\"https:\\\/\\\/gastora.eu\\\/product\\\/premium-friteuse-1-x-22-l-unit-simple-profondeur-90-cm-avec-robinet-de-vidange-gaz\\\/#primaryimage\"},\"image\":{\"@id\":\"https:\\\/\\\/gastora.eu\\\/product\\\/premium-friteuse-1-x-22-l-unit-simple-profondeur-90-cm-avec-robinet-de-vidange-gaz\\\/#primaryimage\"},\"thumbnailUrl\":\"https:\\\/\\\/gastora.eu\\\/wp-content\\\/uploads\\\/2026\\\/04\\\/maxima_gas_fryer_900_series_1_x_22l.jpg\",\"datePublished\":\"2026-04-26T08:39:19+00:00\",\"dateModified\":\"2026-04-28T16:56:41+00:00\",\"description\":\"Achetez Premium friteuse - 1 x 22 L - unit\u00e9 simple - profondeur 90 cm - avec robinet de vidange - gaz au meilleur prix, fiable et performant avec une livraison rapide\",\"breadcrumb\":{\"@id\":\"https:\\\/\\\/gastora.eu\\\/product\\\/premium-friteuse-1-x-22-l-unit-simple-profondeur-90-cm-avec-robinet-de-vidange-gaz\\\/#breadcrumb\"},\"inLanguage\":\"en-US\",\"potentialAction\":[{\"@type\":\"ReadAction\",\"target\":[\"https:\\\/\\\/gastora.eu\\\/product\\\/premium-friteuse-1-x-22-l-unit-simple-profondeur-90-cm-avec-robinet-de-vidange-gaz\\\/\"]}]},{\"@type\":\"ImageObject\",\"inLanguage\":\"en-US\",\"@id\":\"https:\\\/\\\/gastora.eu\\\/product\\\/premium-friteuse-1-x-22-l-unit-simple-profondeur-90-cm-avec-robinet-de-vidange-gaz\\\/#primaryimage\",\"url\":\"https:\\\/\\\/gastora.eu\\\/wp-content\\\/uploads\\\/2026\\\/04\\\/maxima_gas_fryer_900_series_1_x_22l.jpg\",\"contentUrl\":\"https:\\\/\\\/gastora.eu\\\/wp-content\\\/uploads\\\/2026\\\/04\\\/maxima_gas_fryer_900_series_1_x_22l.jpg\",\"width\":1200,\"height\":1200},{\"@type\":\"BreadcrumbList\",\"@id\":\"https:\\\/\\\/gastora.eu\\\/product\\\/premium-friteuse-1-x-22-l-unit-simple-profondeur-90-cm-avec-robinet-de-vidange-gaz\\\/#breadcrumb\",\"itemListElement\":[{\"@type\":\"ListItem\",\"position\":1,\"name\":\"Home\",\"item\":\"https:\\\/\\\/gastora.eu\\\/\"},{\"@type\":\"ListItem\",\"position\":2,\"name\":\"Shop\",\"item\":\"https:\\\/\\\/gastora.eu\\\/shop\\\/\"},{\"@type\":\"ListItem\",\"position\":3,\"name\":\"Premium friteuse &#8211; 1 x 22 L &#8211; unit\u00e9 simple &#8211; profondeur 90 cm &#8211; avec robinet de vidange &#8211; gaz\"}]},{\"@type\":\"WebSite\",\"@id\":\"https:\\\/\\\/gastora.eu\\\/#website\",\"url\":\"https:\\\/\\\/gastora.eu\\\/\",\"name\":\"Gastora\",\"description\":\"\u00c9quipements professionnels CHR\",\"publisher\":{\"@id\":\"https:\\\/\\\/gastora.eu\\\/#organization\"},\"potentialAction\":[{\"@type\":\"SearchAction\",\"target\":{\"@type\":\"EntryPoint\",\"urlTemplate\":\"https:\\\/\\\/gastora.eu\\\/?s={search_term_string}\"},\"query-input\":{\"@type\":\"PropertyValueSpecification\",\"valueRequired\":true,\"valueName\":\"search_term_string\"}}],\"inLanguage\":\"en-US\"},{\"@type\":\"Organization\",\"@id\":\"https:\\\/\\\/gastora.eu\\\/#organization\",\"name\":\"Gastora\",\"url\":\"https:\\\/\\\/gastora.eu\\\/\",\"logo\":{\"@type\":\"ImageObject\",\"inLanguage\":\"en-US\",\"@id\":\"https:\\\/\\\/gastora.eu\\\/#\\\/schema\\\/logo\\\/image\\\/\",\"url\":\"https:\\\/\\\/gastora.eu\\\/wp-content\\\/uploads\\\/2025\\\/12\\\/ChatGPT-Image-2-janv.-2026-22_52_47-1.png\",\"contentUrl\":\"https:\\\/\\\/gastora.eu\\\/wp-content\\\/uploads\\\/2025\\\/12\\\/ChatGPT-Image-2-janv.-2026-22_52_47-1.png\",\"width\":1536,\"height\":320,\"caption\":\"Gastora\"},\"image\":{\"@id\":\"https:\\\/\\\/gastora.eu\\\/#\\\/schema\\\/logo\\\/image\\\/\"}}]}<\/script>\n<!-- \/ Yoast SEO plugin. -->","yoast_head_json":{"title":"Premium friteuse - 1 x 22 L - unit\u00e9 simple - profondeur 90 cm - avec robinet de vidange - gaz - Gastora","description":"Achetez Premium friteuse - 1 x 22 L - unit\u00e9 simple - profondeur 90 cm - avec robinet de vidange - gaz au meilleur prix, fiable et performant avec une livraison rapide","robots":{"index":"index","follow":"follow","max-snippet":"max-snippet:-1","max-image-preview":"max-image-preview:large","max-video-preview":"max-video-preview:-1"},"canonical":"https:\/\/gastora.eu\/en\/product\/premium-friteuse-1-x-22-l-unit-simple-profondeur-90-cm-avec-robinet-de-vidange-gaz\/","og_locale":"en_US","og_type":"article","og_title":"Premium friteuse - 1 x 22 L - unit\u00e9 simple - profondeur 90 cm - avec robinet de vidange - gaz - Gastora","og_description":"Achetez Premium friteuse - 1 x 22 L - unit\u00e9 simple - profondeur 90 cm - avec robinet de vidange - gaz au meilleur prix, fiable et performant avec une livraison rapide","og_url":"https:\/\/gastora.eu\/en\/product\/premium-friteuse-1-x-22-l-unit-simple-profondeur-90-cm-avec-robinet-de-vidange-gaz\/","og_site_name":"Gastora","article_modified_time":"2026-04-28T16:56:41+00:00","twitter_card":"summary_large_image","twitter_misc":{"Est. reading time":"2 minutes"},"schema":{"@context":"https:\/\/schema.org","@graph":[{"@type":"WebPage","@id":"https:\/\/gastora.eu\/product\/premium-friteuse-1-x-22-l-unit-simple-profondeur-90-cm-avec-robinet-de-vidange-gaz\/","url":"https:\/\/gastora.eu\/product\/premium-friteuse-1-x-22-l-unit-simple-profondeur-90-cm-avec-robinet-de-vidange-gaz\/","name":"Premium friteuse - 1 x 22 L - unit\u00e9 simple - profondeur 90 cm - avec robinet de vidange - gaz - Gastora","isPartOf":{"@id":"https:\/\/gastora.eu\/#website"},"primaryImageOfPage":{"@id":"https:\/\/gastora.eu\/product\/premium-friteuse-1-x-22-l-unit-simple-profondeur-90-cm-avec-robinet-de-vidange-gaz\/#primaryimage"},"image":{"@id":"https:\/\/gastora.eu\/product\/premium-friteuse-1-x-22-l-unit-simple-profondeur-90-cm-avec-robinet-de-vidange-gaz\/#primaryimage"},"thumbnailUrl":"https:\/\/gastora.eu\/wp-content\/uploads\/2026\/04\/maxima_gas_fryer_900_series_1_x_22l.jpg","datePublished":"2026-04-26T08:39:19+00:00","dateModified":"2026-04-28T16:56:41+00:00","description":"Achetez Premium friteuse - 1 x 22 L - unit\u00e9 simple - profondeur 90 cm - avec robinet de vidange - gaz au meilleur prix, fiable et performant avec une livraison rapide","breadcrumb":{"@id":"https:\/\/gastora.eu\/product\/premium-friteuse-1-x-22-l-unit-simple-profondeur-90-cm-avec-robinet-de-vidange-gaz\/#breadcrumb"},"inLanguage":"en-US","potentialAction":[{"@type":"ReadAction","target":["https:\/\/gastora.eu\/product\/premium-friteuse-1-x-22-l-unit-simple-profondeur-90-cm-avec-robinet-de-vidange-gaz\/"]}]},{"@type":"ImageObject","inLanguage":"en-US","@id":"https:\/\/gastora.eu\/product\/premium-friteuse-1-x-22-l-unit-simple-profondeur-90-cm-avec-robinet-de-vidange-gaz\/#primaryimage","url":"https:\/\/gastora.eu\/wp-content\/uploads\/2026\/04\/maxima_gas_fryer_900_series_1_x_22l.jpg","contentUrl":"https:\/\/gastora.eu\/wp-content\/uploads\/2026\/04\/maxima_gas_fryer_900_series_1_x_22l.jpg","width":1200,"height":1200},{"@type":"BreadcrumbList","@id":"https:\/\/gastora.eu\/product\/premium-friteuse-1-x-22-l-unit-simple-profondeur-90-cm-avec-robinet-de-vidange-gaz\/#breadcrumb","itemListElement":[{"@type":"ListItem","position":1,"name":"Home","item":"https:\/\/gastora.eu\/"},{"@type":"ListItem","position":2,"name":"Shop","item":"https:\/\/gastora.eu\/shop\/"},{"@type":"ListItem","position":3,"name":"Premium friteuse &#8211; 1 x 22 L &#8211; unit\u00e9 simple &#8211; profondeur 90 cm &#8211; avec robinet de vidange &#8211; gaz"}]},{"@type":"WebSite","@id":"https:\/\/gastora.eu\/#website","url":"https:\/\/gastora.eu\/","name":"Gastora","description":"\u00c9quipements professionnels CHR","publisher":{"@id":"https:\/\/gastora.eu\/#organization"},"potentialAction":[{"@type":"SearchAction","target":{"@type":"EntryPoint","urlTemplate":"https:\/\/gastora.eu\/?s={search_term_string}"},"query-input":{"@type":"PropertyValueSpecification","valueRequired":true,"valueName":"search_term_string"}}],"inLanguage":"en-US"},{"@type":"Organization","@id":"https:\/\/gastora.eu\/#organization","name":"Gastora","url":"https:\/\/gastora.eu\/","logo":{"@type":"ImageObject","inLanguage":"en-US","@id":"https:\/\/gastora.eu\/#\/schema\/logo\/image\/","url":"https:\/\/gastora.eu\/wp-content\/uploads\/2025\/12\/ChatGPT-Image-2-janv.-2026-22_52_47-1.png","contentUrl":"https:\/\/gastora.eu\/wp-content\/uploads\/2025\/12\/ChatGPT-Image-2-janv.-2026-22_52_47-1.png","width":1536,"height":320,"caption":"Gastora"},"image":{"@id":"https:\/\/gastora.eu\/#\/schema\/logo\/image\/"}}]}},"jetpack_sharing_enabled":true,"_links":{"self":[{"href":"https:\/\/gastora.eu\/en\/wp-json\/wp\/v2\/product\/14524","targetHints":{"allow":["GET"]}}],"collection":[{"href":"https:\/\/gastora.eu\/en\/wp-json\/wp\/v2\/product"}],"about":[{"href":"https:\/\/gastora.eu\/en\/wp-json\/wp\/v2\/types\/product"}],"wp:featuredmedia":[{"embeddable":true,"href":"https:\/\/gastora.eu\/en\/wp-json\/wp\/v2\/media\/7792"}],"wp:attachment":[{"href":"https:\/\/gastora.eu\/en\/wp-json\/wp\/v2\/media?parent=14524"}],"wp:term":[{"taxonomy":"product_brand","embeddable":true,"href":"https:\/\/gastora.eu\/en\/wp-json\/wp\/v2\/product_brand?post=14524"},{"taxonomy":"product_cat","embeddable":true,"href":"https:\/\/gastora.eu\/en\/wp-json\/wp\/v2\/product_cat?post=14524"},{"taxonomy":"product_tag","embeddable":true,"href":"https:\/\/gastora.eu\/en\/wp-json\/wp\/v2\/product_tag?post=14524"}],"curies":[{"name":"wp","href":"https:\/\/api.w.org\/{rel}","templated":true}]}}