{"id":14520,"date":"2026-04-26T08:39:15","date_gmt":"2026-04-26T08:39:15","guid":{"rendered":"https:\/\/gastora.eu\/?post_type=product&#038;p=14520"},"modified":"2026-04-28T16:56:41","modified_gmt":"2026-04-28T16:56:41","slug":"premium-plaque-de-gril-chrome-demi-rainur-unit-double-profondeur-90-cm-lectrique","status":"publish","type":"product","link":"https:\/\/gastora.eu\/en\/product\/premium-plaque-de-gril-chrome-demi-rainur-unit-double-profondeur-90-cm-lectrique\/","title":{"rendered":"Premium plaque de gril &#8211; chrome demi-rainur\u00e9 &#8211; unit\u00e9 double &#8211; profondeur 90 cm &#8211; \u00e9lectrique"},"content":{"rendered":"<h2>Plaque de gril Premium 1\/2 rainur\u00e9e chrom\u00e9e &#8211; double &#8211; \u00e9lectrique<\/h2>\n<p>La plaque de gril Premium dispose d&#8217;un double plateau de cuisson, compos\u00e9 d&#8217;un plateau de cuisson lisse et d&#8217;un plateau de cuisson rainur\u00e9. Cette plaque de gril est adapt\u00e9e \u00e0 une production \u00e9lev\u00e9e et \u00e0 une utilisation quotidienne. La plaque de cuisson est fabriqu\u00e9e en acier de 15 mm d&#8217;\u00e9paisseur et a une finition chrome miroir. Sous la surface de cuisson se trouve un grand r\u00e9cipient de 1,5 litre destin\u00e9 \u00e0 recueillir la graisse et la plaque de gril est \u00e9quip\u00e9e de protections anti-\u00e9claboussures en acier inoxydable pour \u00e9viter les projections d&#8217;huile. Le design ergonomique de la plaque du gril garantit un travail agr\u00e9able et s\u00fbr. Le bo\u00eetier, les protections anti-\u00e9claboussures et la plaque de cuisson en acier inoxydable sont faciles \u00e0 nettoyer. Gr\u00e2ce \u00e0 sa profondeur de 900 mm, la plaque de gril peut griller de grandes quantit\u00e9s d&#8217;aliments en m\u00eame temps.<\/p>\n<p>Caract\u00e9ristiques de la plaque de gril \u00e9lectrique double premium 1\/2 rainur\u00e9e chrom\u00e9e <\/p>\n<ul>\n<li>Double plaque de cuisson avec finition chrome miroir pour une meilleure r\u00e9sistance aux rayures<\/li>\n<li>Composants tr\u00e8s r\u00e9sistants<\/li>\n<li>Thermostat entre 50-300 degr\u00e9s Celsius<\/li>\n<li>Thermostats individuels pour chaque zone de cuisson<\/li>\n<li>Distribution uniforme de la chaleur<\/li>\n<li>Construction tr\u00e8s durable<\/li>\n<li>Conception hygi\u00e9nique<\/li>\n<\/ul>\n<p>Caract\u00e9ristiques du produit<\/p>\n<ul>\n<li>Poids net : 90 kg<\/li>\n<li>Dimensions de l&#8217;appareil : L800 x P900 x H280 mm<\/li>\n<li>Puissance \u00e9lectrique totale : 12,0 kW<\/li>\n<li>Puissance : 400V \/ 50Hz \/ 3Phase 12000 Watt<\/li>\n<\/ul>\n<p><strong>Ce produit est livr\u00e9 sans fiche<\/strong><\/p>","protected":false},"excerpt":{"rendered":"<p>La plaque de gril \u00e9lectrique Premium est dot\u00e9e d&#8217;une plaque de support chrom\u00e9e lisse et rainur\u00e9e et convient \u00e0 un usage intensif dans les cuisines professionnelles. Commandez maintenant !<\/p>","protected":false},"featured_media":7784,"template":"","meta":{"_acf_changed":false},"product_brand":[],"product_cat":[495],"product_tag":[],"class_list":{"0":"post-14520","1":"product","2":"type-product","3":"status-publish","4":"has-post-thumbnail","6":"product_cat-plaques-pianos-de-cuisson-2","8":"first","9":"instock","10":"sale","11":"taxable","12":"shipping-taxable","13":"purchasable","14":"product-type-simple"},"acf":[],"yoast_head":"<!-- This site is optimized with the Yoast SEO plugin v27.5 - https:\/\/yoast.com\/product\/yoast-seo-wordpress\/ -->\n<title>Premium plaque de gril - chrome demi-rainur\u00e9 - unit\u00e9 double - profondeur 90 cm - \u00e9lectrique - Gastora<\/title>\n<meta name=\"description\" content=\"Achetez Premium plaque de gril - chrome demi-rainur\u00e9 - unit\u00e9 double - profondeur 90 cm - \u00e9lectrique au meilleur prix, fiable et performant avec une livraison rapide\" \/>\n<meta name=\"robots\" content=\"index, follow, max-snippet:-1, max-image-preview:large, max-video-preview:-1\" \/>\n<link rel=\"canonical\" href=\"https:\/\/gastora.eu\/en\/product\/premium-plaque-de-gril-chrome-demi-rainur-unit-double-profondeur-90-cm-lectrique\/\" \/>\n<meta property=\"og:locale\" content=\"en_US\" \/>\n<meta property=\"og:type\" content=\"article\" \/>\n<meta property=\"og:title\" content=\"Premium plaque de gril - chrome demi-rainur\u00e9 - unit\u00e9 double - profondeur 90 cm - \u00e9lectrique - Gastora\" \/>\n<meta property=\"og:description\" content=\"Achetez Premium plaque de gril - chrome demi-rainur\u00e9 - unit\u00e9 double - profondeur 90 cm - \u00e9lectrique au meilleur prix, fiable et performant avec une livraison rapide\" \/>\n<meta property=\"og:url\" content=\"https:\/\/gastora.eu\/en\/product\/premium-plaque-de-gril-chrome-demi-rainur-unit-double-profondeur-90-cm-lectrique\/\" \/>\n<meta property=\"og:site_name\" content=\"Gastora\" \/>\n<meta property=\"article:modified_time\" content=\"2026-04-28T16:56:41+00:00\" \/>\n<meta name=\"twitter:card\" content=\"summary_large_image\" \/>\n<meta name=\"twitter:label1\" content=\"Est. reading time\" \/>\n\t<meta name=\"twitter:data1\" content=\"1 minute\" \/>\n<script type=\"application\/ld+json\" class=\"yoast-schema-graph\">{\"@context\":\"https:\\\/\\\/schema.org\",\"@graph\":[{\"@type\":\"WebPage\",\"@id\":\"https:\\\/\\\/gastora.eu\\\/product\\\/premium-plaque-de-gril-chrome-demi-rainur-unit-double-profondeur-90-cm-lectrique\\\/\",\"url\":\"https:\\\/\\\/gastora.eu\\\/product\\\/premium-plaque-de-gril-chrome-demi-rainur-unit-double-profondeur-90-cm-lectrique\\\/\",\"name\":\"Premium plaque de gril - chrome demi-rainur\u00e9 - unit\u00e9 double - profondeur 90 cm - \u00e9lectrique - Gastora\",\"isPartOf\":{\"@id\":\"https:\\\/\\\/gastora.eu\\\/#website\"},\"primaryImageOfPage\":{\"@id\":\"https:\\\/\\\/gastora.eu\\\/product\\\/premium-plaque-de-gril-chrome-demi-rainur-unit-double-profondeur-90-cm-lectrique\\\/#primaryimage\"},\"image\":{\"@id\":\"https:\\\/\\\/gastora.eu\\\/product\\\/premium-plaque-de-gril-chrome-demi-rainur-unit-double-profondeur-90-cm-lectrique\\\/#primaryimage\"},\"thumbnailUrl\":\"https:\\\/\\\/gastora.eu\\\/wp-content\\\/uploads\\\/2026\\\/04\\\/7864n18090319-61656f7612490.jpg\",\"datePublished\":\"2026-04-26T08:39:15+00:00\",\"dateModified\":\"2026-04-28T16:56:41+00:00\",\"description\":\"Achetez Premium plaque de gril - chrome demi-rainur\u00e9 - unit\u00e9 double - profondeur 90 cm - \u00e9lectrique au meilleur prix, fiable et performant avec une livraison rapide\",\"breadcrumb\":{\"@id\":\"https:\\\/\\\/gastora.eu\\\/product\\\/premium-plaque-de-gril-chrome-demi-rainur-unit-double-profondeur-90-cm-lectrique\\\/#breadcrumb\"},\"inLanguage\":\"en-US\",\"potentialAction\":[{\"@type\":\"ReadAction\",\"target\":[\"https:\\\/\\\/gastora.eu\\\/product\\\/premium-plaque-de-gril-chrome-demi-rainur-unit-double-profondeur-90-cm-lectrique\\\/\"]}]},{\"@type\":\"ImageObject\",\"inLanguage\":\"en-US\",\"@id\":\"https:\\\/\\\/gastora.eu\\\/product\\\/premium-plaque-de-gril-chrome-demi-rainur-unit-double-profondeur-90-cm-lectrique\\\/#primaryimage\",\"url\":\"https:\\\/\\\/gastora.eu\\\/wp-content\\\/uploads\\\/2026\\\/04\\\/7864n18090319-61656f7612490.jpg\",\"contentUrl\":\"https:\\\/\\\/gastora.eu\\\/wp-content\\\/uploads\\\/2026\\\/04\\\/7864n18090319-61656f7612490.jpg\",\"width\":1200,\"height\":1200},{\"@type\":\"BreadcrumbList\",\"@id\":\"https:\\\/\\\/gastora.eu\\\/product\\\/premium-plaque-de-gril-chrome-demi-rainur-unit-double-profondeur-90-cm-lectrique\\\/#breadcrumb\",\"itemListElement\":[{\"@type\":\"ListItem\",\"position\":1,\"name\":\"Home\",\"item\":\"https:\\\/\\\/gastora.eu\\\/\"},{\"@type\":\"ListItem\",\"position\":2,\"name\":\"Shop\",\"item\":\"https:\\\/\\\/gastora.eu\\\/shop\\\/\"},{\"@type\":\"ListItem\",\"position\":3,\"name\":\"Premium plaque de gril &#8211; chrome demi-rainur\u00e9 &#8211; unit\u00e9 double &#8211; profondeur 90 cm &#8211; \u00e9lectrique\"}]},{\"@type\":\"WebSite\",\"@id\":\"https:\\\/\\\/gastora.eu\\\/#website\",\"url\":\"https:\\\/\\\/gastora.eu\\\/\",\"name\":\"Gastora\",\"description\":\"\u00c9quipements professionnels CHR\",\"publisher\":{\"@id\":\"https:\\\/\\\/gastora.eu\\\/#organization\"},\"potentialAction\":[{\"@type\":\"SearchAction\",\"target\":{\"@type\":\"EntryPoint\",\"urlTemplate\":\"https:\\\/\\\/gastora.eu\\\/?s={search_term_string}\"},\"query-input\":{\"@type\":\"PropertyValueSpecification\",\"valueRequired\":true,\"valueName\":\"search_term_string\"}}],\"inLanguage\":\"en-US\"},{\"@type\":\"Organization\",\"@id\":\"https:\\\/\\\/gastora.eu\\\/#organization\",\"name\":\"Gastora\",\"url\":\"https:\\\/\\\/gastora.eu\\\/\",\"logo\":{\"@type\":\"ImageObject\",\"inLanguage\":\"en-US\",\"@id\":\"https:\\\/\\\/gastora.eu\\\/#\\\/schema\\\/logo\\\/image\\\/\",\"url\":\"https:\\\/\\\/gastora.eu\\\/wp-content\\\/uploads\\\/2025\\\/12\\\/ChatGPT-Image-2-janv.-2026-22_52_47-1.png\",\"contentUrl\":\"https:\\\/\\\/gastora.eu\\\/wp-content\\\/uploads\\\/2025\\\/12\\\/ChatGPT-Image-2-janv.-2026-22_52_47-1.png\",\"width\":1536,\"height\":320,\"caption\":\"Gastora\"},\"image\":{\"@id\":\"https:\\\/\\\/gastora.eu\\\/#\\\/schema\\\/logo\\\/image\\\/\"}}]}<\/script>\n<!-- \/ Yoast SEO plugin. -->","yoast_head_json":{"title":"Premium plaque de gril - chrome demi-rainur\u00e9 - unit\u00e9 double - profondeur 90 cm - \u00e9lectrique - Gastora","description":"Achetez Premium plaque de gril - chrome demi-rainur\u00e9 - unit\u00e9 double - profondeur 90 cm - \u00e9lectrique au meilleur prix, fiable et performant avec une livraison rapide","robots":{"index":"index","follow":"follow","max-snippet":"max-snippet:-1","max-image-preview":"max-image-preview:large","max-video-preview":"max-video-preview:-1"},"canonical":"https:\/\/gastora.eu\/en\/product\/premium-plaque-de-gril-chrome-demi-rainur-unit-double-profondeur-90-cm-lectrique\/","og_locale":"en_US","og_type":"article","og_title":"Premium plaque de gril - chrome demi-rainur\u00e9 - unit\u00e9 double - profondeur 90 cm - \u00e9lectrique - Gastora","og_description":"Achetez Premium plaque de gril - chrome demi-rainur\u00e9 - unit\u00e9 double - profondeur 90 cm - \u00e9lectrique au meilleur prix, fiable et performant avec une livraison rapide","og_url":"https:\/\/gastora.eu\/en\/product\/premium-plaque-de-gril-chrome-demi-rainur-unit-double-profondeur-90-cm-lectrique\/","og_site_name":"Gastora","article_modified_time":"2026-04-28T16:56:41+00:00","twitter_card":"summary_large_image","twitter_misc":{"Est. reading time":"1 minute"},"schema":{"@context":"https:\/\/schema.org","@graph":[{"@type":"WebPage","@id":"https:\/\/gastora.eu\/product\/premium-plaque-de-gril-chrome-demi-rainur-unit-double-profondeur-90-cm-lectrique\/","url":"https:\/\/gastora.eu\/product\/premium-plaque-de-gril-chrome-demi-rainur-unit-double-profondeur-90-cm-lectrique\/","name":"Premium plaque de gril - chrome demi-rainur\u00e9 - unit\u00e9 double - profondeur 90 cm - \u00e9lectrique - Gastora","isPartOf":{"@id":"https:\/\/gastora.eu\/#website"},"primaryImageOfPage":{"@id":"https:\/\/gastora.eu\/product\/premium-plaque-de-gril-chrome-demi-rainur-unit-double-profondeur-90-cm-lectrique\/#primaryimage"},"image":{"@id":"https:\/\/gastora.eu\/product\/premium-plaque-de-gril-chrome-demi-rainur-unit-double-profondeur-90-cm-lectrique\/#primaryimage"},"thumbnailUrl":"https:\/\/gastora.eu\/wp-content\/uploads\/2026\/04\/7864n18090319-61656f7612490.jpg","datePublished":"2026-04-26T08:39:15+00:00","dateModified":"2026-04-28T16:56:41+00:00","description":"Achetez Premium plaque de gril - chrome demi-rainur\u00e9 - unit\u00e9 double - profondeur 90 cm - \u00e9lectrique au meilleur prix, fiable et performant avec une livraison rapide","breadcrumb":{"@id":"https:\/\/gastora.eu\/product\/premium-plaque-de-gril-chrome-demi-rainur-unit-double-profondeur-90-cm-lectrique\/#breadcrumb"},"inLanguage":"en-US","potentialAction":[{"@type":"ReadAction","target":["https:\/\/gastora.eu\/product\/premium-plaque-de-gril-chrome-demi-rainur-unit-double-profondeur-90-cm-lectrique\/"]}]},{"@type":"ImageObject","inLanguage":"en-US","@id":"https:\/\/gastora.eu\/product\/premium-plaque-de-gril-chrome-demi-rainur-unit-double-profondeur-90-cm-lectrique\/#primaryimage","url":"https:\/\/gastora.eu\/wp-content\/uploads\/2026\/04\/7864n18090319-61656f7612490.jpg","contentUrl":"https:\/\/gastora.eu\/wp-content\/uploads\/2026\/04\/7864n18090319-61656f7612490.jpg","width":1200,"height":1200},{"@type":"BreadcrumbList","@id":"https:\/\/gastora.eu\/product\/premium-plaque-de-gril-chrome-demi-rainur-unit-double-profondeur-90-cm-lectrique\/#breadcrumb","itemListElement":[{"@type":"ListItem","position":1,"name":"Home","item":"https:\/\/gastora.eu\/"},{"@type":"ListItem","position":2,"name":"Shop","item":"https:\/\/gastora.eu\/shop\/"},{"@type":"ListItem","position":3,"name":"Premium plaque de gril &#8211; chrome demi-rainur\u00e9 &#8211; unit\u00e9 double &#8211; profondeur 90 cm &#8211; \u00e9lectrique"}]},{"@type":"WebSite","@id":"https:\/\/gastora.eu\/#website","url":"https:\/\/gastora.eu\/","name":"Gastora","description":"\u00c9quipements professionnels CHR","publisher":{"@id":"https:\/\/gastora.eu\/#organization"},"potentialAction":[{"@type":"SearchAction","target":{"@type":"EntryPoint","urlTemplate":"https:\/\/gastora.eu\/?s={search_term_string}"},"query-input":{"@type":"PropertyValueSpecification","valueRequired":true,"valueName":"search_term_string"}}],"inLanguage":"en-US"},{"@type":"Organization","@id":"https:\/\/gastora.eu\/#organization","name":"Gastora","url":"https:\/\/gastora.eu\/","logo":{"@type":"ImageObject","inLanguage":"en-US","@id":"https:\/\/gastora.eu\/#\/schema\/logo\/image\/","url":"https:\/\/gastora.eu\/wp-content\/uploads\/2025\/12\/ChatGPT-Image-2-janv.-2026-22_52_47-1.png","contentUrl":"https:\/\/gastora.eu\/wp-content\/uploads\/2025\/12\/ChatGPT-Image-2-janv.-2026-22_52_47-1.png","width":1536,"height":320,"caption":"Gastora"},"image":{"@id":"https:\/\/gastora.eu\/#\/schema\/logo\/image\/"}}]}},"jetpack_sharing_enabled":true,"_links":{"self":[{"href":"https:\/\/gastora.eu\/en\/wp-json\/wp\/v2\/product\/14520","targetHints":{"allow":["GET"]}}],"collection":[{"href":"https:\/\/gastora.eu\/en\/wp-json\/wp\/v2\/product"}],"about":[{"href":"https:\/\/gastora.eu\/en\/wp-json\/wp\/v2\/types\/product"}],"wp:featuredmedia":[{"embeddable":true,"href":"https:\/\/gastora.eu\/en\/wp-json\/wp\/v2\/media\/7784"}],"wp:attachment":[{"href":"https:\/\/gastora.eu\/en\/wp-json\/wp\/v2\/media?parent=14520"}],"wp:term":[{"taxonomy":"product_brand","embeddable":true,"href":"https:\/\/gastora.eu\/en\/wp-json\/wp\/v2\/product_brand?post=14520"},{"taxonomy":"product_cat","embeddable":true,"href":"https:\/\/gastora.eu\/en\/wp-json\/wp\/v2\/product_cat?post=14520"},{"taxonomy":"product_tag","embeddable":true,"href":"https:\/\/gastora.eu\/en\/wp-json\/wp\/v2\/product_tag?post=14520"}],"curies":[{"name":"wp","href":"https:\/\/api.w.org\/{rel}","templated":true}]}}