{"id":14517,"date":"2026-04-26T08:39:09","date_gmt":"2026-04-26T08:39:09","guid":{"rendered":"https:\/\/gastora.eu\/?post_type=product&#038;p=14517"},"modified":"2026-04-28T16:56:40","modified_gmt":"2026-04-28T16:56:40","slug":"premium-plaque-de-gril-rainur-unit-simple-profondeur-90-cm-lectrique","status":"publish","type":"product","link":"https:\/\/gastora.eu\/en\/product\/premium-plaque-de-gril-rainur-unit-simple-profondeur-90-cm-lectrique\/","title":{"rendered":"Premium plaque de gril &#8211; rainur\u00e9 &#8211; unit\u00e9 simple &#8211; profondeur 90 cm &#8211; \u00e9lectrique"},"content":{"rendered":"<p>Avec une plaque chauffante, comme cette plaque \u00e9lectrique haut de gamme de Maxima, vous pouvez pr\u00e9parer les plats les plus savoureux ! Cette plancha \u00e9lectrique est dot\u00e9e d&#8217;une plaque d&#8217;acier rainur\u00e9e de 2 mm d&#8217;\u00e9paisseur et d&#8217;une \u00e9l\u00e9gante finition satin\u00e9e. Elle peut \u00eatre plac\u00e9e sur une ligne de cuisson et vous pouvez m\u00eame commander une base (avec porte ou ouverte) comme accessoire suppl\u00e9mentaire pour faciliter votre travail.<\/p>\n<h3>Un travail en toute s\u00e9curit\u00e9<\/h3>\n<p>Cette plancha est fabriqu\u00e9e \u00e0 partir des meilleurs mat\u00e9riaux et d&#8217;une conception tr\u00e8s hygi\u00e9nique, ce qui rend son utilisation tr\u00e8s agr\u00e9able. La chaleur \u00e9tant toujours r\u00e9partie uniform\u00e9ment, vous pouvez utiliser toute la surface de cuisson pendant que vous grillez, ce qui la rend tr\u00e8s efficace. Il est \u00e9galement \u00e9quip\u00e9 d&#8217;un pare-\u00e9claboussures en acier inoxydable qui permet de garder les choses propres et nettes, et de travailler en toute s\u00e9curit\u00e9.<\/p>\n<h3>Facile \u00e0 nettoyer<\/h3>\n<p>La facilit\u00e9 d&#8217;utilisation des appareils de cuisine passe bien s\u00fbr par le nettoyage. Avec cette plancha, c&#8217;est une t\u00e2che tr\u00e8s facile. Sous l&#8217;appareil se trouve un bac de r\u00e9cup\u00e9ration amovible qui recueille les graisses produites pendant la cuisson. Ce bac a une grande capacit\u00e9 d&#8217;un litre, ce qui vous permet de continuer \u00e0 cuisiner pendant longtemps sans avoir \u00e0 le vider. Gr\u00e2ce \u00e0 leurs surfaces lisses, le bo\u00eetier et les pare-\u00e9claboussures en acier inoxydable sont faciles \u00e0 nettoyer. Un chiffon humide, de l&#8217;eau chaude et un d\u00e9tergent doux suffisent. En cas de r\u00e9sidus tenaces, vous pouvez \u00e9galement utiliser un grattoir. Veillez \u00e0 ce que toutes les pi\u00e8ces soient correctement s\u00e9ch\u00e9es avant de les r\u00e9utiliser.<\/p>\n<p><strong>Caract\u00e9ristiques<\/strong><\/p>\n<ul>\n<li>Plaque de cuisson \u00e9lectrique \u00e0 rainure unique et finition satin\u00e9e<\/li>\n<li>Composants robustes<\/li>\n<li>Thermostat entre 50 et 300\u00b0C<\/li>\n<li>R\u00e9partition uniforme de la chaleur<\/li>\n<li>Construction durable<\/li>\n<li>Conception hygi\u00e9nique<\/li>\n<\/ul>\n<p><strong>Caract\u00e9ristiques du produit<\/strong><\/p>\n<ul>\n<li>Poids net : 47 kg<\/li>\n<li>Dimensions de l&#8217;appareil : L40 x P90 x H28cm<\/li>\n<li>Puissance \u00e9lectrique totale : 6,0 kW<\/li>\n<li>Puissance : 400V \/ 50Hz \/ 3 Phase 6000W<\/li>\n<\/ul>\n<p><strong>Ce produit est fourni sans fiche.<\/strong><\/p>","protected":false},"excerpt":{"rendered":"<p>Cette plaque rainur\u00e9e de la s\u00e9rie Cooking Range 900 de Maxima est la plaque id\u00e9ale \u00e0 ajouter \u00e0 votre ligne de cuisson. Elle est fabriqu\u00e9e en acier inoxydable et pr\u00e9sente une belle finition satin\u00e9e. Elle est dot\u00e9e de protections contre les \u00e9claboussures et d&#8217;un bac de r\u00e9cup\u00e9ration des graisses. Elle convient \u00e0 un usage quotidien intensif.<\/p>","protected":false},"featured_media":7778,"template":"","meta":{"_acf_changed":false},"product_brand":[],"product_cat":[495],"product_tag":[],"class_list":{"0":"post-14517","1":"product","2":"type-product","3":"status-publish","4":"has-post-thumbnail","6":"product_cat-plaques-pianos-de-cuisson-2","8":"first","9":"instock","10":"sale","11":"taxable","12":"shipping-taxable","13":"purchasable","14":"product-type-simple"},"acf":[],"yoast_head":"<!-- This site is optimized with the Yoast SEO plugin v27.5 - https:\/\/yoast.com\/product\/yoast-seo-wordpress\/ -->\n<title>Premium plaque de gril - rainur\u00e9 - unit\u00e9 simple - profondeur 90 cm - \u00e9lectrique - Gastora<\/title>\n<meta name=\"description\" content=\"Achetez Premium plaque de gril - rainur\u00e9 - unit\u00e9 simple - profondeur 90 cm - \u00e9lectrique au meilleur prix, fiable et performant avec une livraison rapide\" \/>\n<meta name=\"robots\" content=\"index, follow, max-snippet:-1, max-image-preview:large, max-video-preview:-1\" \/>\n<link rel=\"canonical\" href=\"https:\/\/gastora.eu\/en\/product\/premium-plaque-de-gril-rainur-unit-simple-profondeur-90-cm-lectrique\/\" \/>\n<meta property=\"og:locale\" content=\"en_US\" \/>\n<meta property=\"og:type\" content=\"article\" \/>\n<meta property=\"og:title\" content=\"Premium plaque de gril - rainur\u00e9 - unit\u00e9 simple - profondeur 90 cm - \u00e9lectrique - Gastora\" \/>\n<meta property=\"og:description\" content=\"Achetez Premium plaque de gril - rainur\u00e9 - unit\u00e9 simple - profondeur 90 cm - \u00e9lectrique au meilleur prix, fiable et performant avec une livraison rapide\" \/>\n<meta property=\"og:url\" content=\"https:\/\/gastora.eu\/en\/product\/premium-plaque-de-gril-rainur-unit-simple-profondeur-90-cm-lectrique\/\" \/>\n<meta property=\"og:site_name\" content=\"Gastora\" \/>\n<meta property=\"article:modified_time\" content=\"2026-04-28T16:56:40+00:00\" \/>\n<meta name=\"twitter:card\" content=\"summary_large_image\" \/>\n<meta name=\"twitter:label1\" content=\"Est. reading time\" \/>\n\t<meta name=\"twitter:data1\" content=\"2 minutes\" \/>\n<script type=\"application\/ld+json\" class=\"yoast-schema-graph\">{\"@context\":\"https:\\\/\\\/schema.org\",\"@graph\":[{\"@type\":\"WebPage\",\"@id\":\"https:\\\/\\\/gastora.eu\\\/product\\\/premium-plaque-de-gril-rainur-unit-simple-profondeur-90-cm-lectrique\\\/\",\"url\":\"https:\\\/\\\/gastora.eu\\\/product\\\/premium-plaque-de-gril-rainur-unit-simple-profondeur-90-cm-lectrique\\\/\",\"name\":\"Premium plaque de gril - rainur\u00e9 - unit\u00e9 simple - profondeur 90 cm - \u00e9lectrique - Gastora\",\"isPartOf\":{\"@id\":\"https:\\\/\\\/gastora.eu\\\/#website\"},\"primaryImageOfPage\":{\"@id\":\"https:\\\/\\\/gastora.eu\\\/product\\\/premium-plaque-de-gril-rainur-unit-simple-profondeur-90-cm-lectrique\\\/#primaryimage\"},\"image\":{\"@id\":\"https:\\\/\\\/gastora.eu\\\/product\\\/premium-plaque-de-gril-rainur-unit-simple-profondeur-90-cm-lectrique\\\/#primaryimage\"},\"thumbnailUrl\":\"https:\\\/\\\/gastora.eu\\\/wp-content\\\/uploads\\\/2026\\\/04\\\/7864n14090301.jpg\",\"datePublished\":\"2026-04-26T08:39:09+00:00\",\"dateModified\":\"2026-04-28T16:56:40+00:00\",\"description\":\"Achetez Premium plaque de gril - rainur\u00e9 - unit\u00e9 simple - profondeur 90 cm - \u00e9lectrique au meilleur prix, fiable et performant avec une livraison rapide\",\"breadcrumb\":{\"@id\":\"https:\\\/\\\/gastora.eu\\\/product\\\/premium-plaque-de-gril-rainur-unit-simple-profondeur-90-cm-lectrique\\\/#breadcrumb\"},\"inLanguage\":\"en-US\",\"potentialAction\":[{\"@type\":\"ReadAction\",\"target\":[\"https:\\\/\\\/gastora.eu\\\/product\\\/premium-plaque-de-gril-rainur-unit-simple-profondeur-90-cm-lectrique\\\/\"]}]},{\"@type\":\"ImageObject\",\"inLanguage\":\"en-US\",\"@id\":\"https:\\\/\\\/gastora.eu\\\/product\\\/premium-plaque-de-gril-rainur-unit-simple-profondeur-90-cm-lectrique\\\/#primaryimage\",\"url\":\"https:\\\/\\\/gastora.eu\\\/wp-content\\\/uploads\\\/2026\\\/04\\\/7864n14090301.jpg\",\"contentUrl\":\"https:\\\/\\\/gastora.eu\\\/wp-content\\\/uploads\\\/2026\\\/04\\\/7864n14090301.jpg\",\"width\":1200,\"height\":1200},{\"@type\":\"BreadcrumbList\",\"@id\":\"https:\\\/\\\/gastora.eu\\\/product\\\/premium-plaque-de-gril-rainur-unit-simple-profondeur-90-cm-lectrique\\\/#breadcrumb\",\"itemListElement\":[{\"@type\":\"ListItem\",\"position\":1,\"name\":\"Home\",\"item\":\"https:\\\/\\\/gastora.eu\\\/\"},{\"@type\":\"ListItem\",\"position\":2,\"name\":\"Shop\",\"item\":\"https:\\\/\\\/gastora.eu\\\/shop\\\/\"},{\"@type\":\"ListItem\",\"position\":3,\"name\":\"Premium plaque de gril &#8211; rainur\u00e9 &#8211; unit\u00e9 simple &#8211; profondeur 90 cm &#8211; \u00e9lectrique\"}]},{\"@type\":\"WebSite\",\"@id\":\"https:\\\/\\\/gastora.eu\\\/#website\",\"url\":\"https:\\\/\\\/gastora.eu\\\/\",\"name\":\"Gastora\",\"description\":\"\u00c9quipements professionnels CHR\",\"publisher\":{\"@id\":\"https:\\\/\\\/gastora.eu\\\/#organization\"},\"potentialAction\":[{\"@type\":\"SearchAction\",\"target\":{\"@type\":\"EntryPoint\",\"urlTemplate\":\"https:\\\/\\\/gastora.eu\\\/?s={search_term_string}\"},\"query-input\":{\"@type\":\"PropertyValueSpecification\",\"valueRequired\":true,\"valueName\":\"search_term_string\"}}],\"inLanguage\":\"en-US\"},{\"@type\":\"Organization\",\"@id\":\"https:\\\/\\\/gastora.eu\\\/#organization\",\"name\":\"Gastora\",\"url\":\"https:\\\/\\\/gastora.eu\\\/\",\"logo\":{\"@type\":\"ImageObject\",\"inLanguage\":\"en-US\",\"@id\":\"https:\\\/\\\/gastora.eu\\\/#\\\/schema\\\/logo\\\/image\\\/\",\"url\":\"https:\\\/\\\/gastora.eu\\\/wp-content\\\/uploads\\\/2025\\\/12\\\/ChatGPT-Image-2-janv.-2026-22_52_47-1.png\",\"contentUrl\":\"https:\\\/\\\/gastora.eu\\\/wp-content\\\/uploads\\\/2025\\\/12\\\/ChatGPT-Image-2-janv.-2026-22_52_47-1.png\",\"width\":1536,\"height\":320,\"caption\":\"Gastora\"},\"image\":{\"@id\":\"https:\\\/\\\/gastora.eu\\\/#\\\/schema\\\/logo\\\/image\\\/\"}}]}<\/script>\n<!-- \/ Yoast SEO plugin. -->","yoast_head_json":{"title":"Premium plaque de gril - rainur\u00e9 - unit\u00e9 simple - profondeur 90 cm - \u00e9lectrique - Gastora","description":"Achetez Premium plaque de gril - rainur\u00e9 - unit\u00e9 simple - profondeur 90 cm - \u00e9lectrique au meilleur prix, fiable et performant avec une livraison rapide","robots":{"index":"index","follow":"follow","max-snippet":"max-snippet:-1","max-image-preview":"max-image-preview:large","max-video-preview":"max-video-preview:-1"},"canonical":"https:\/\/gastora.eu\/en\/product\/premium-plaque-de-gril-rainur-unit-simple-profondeur-90-cm-lectrique\/","og_locale":"en_US","og_type":"article","og_title":"Premium plaque de gril - rainur\u00e9 - unit\u00e9 simple - profondeur 90 cm - \u00e9lectrique - Gastora","og_description":"Achetez Premium plaque de gril - rainur\u00e9 - unit\u00e9 simple - profondeur 90 cm - \u00e9lectrique au meilleur prix, fiable et performant avec une livraison rapide","og_url":"https:\/\/gastora.eu\/en\/product\/premium-plaque-de-gril-rainur-unit-simple-profondeur-90-cm-lectrique\/","og_site_name":"Gastora","article_modified_time":"2026-04-28T16:56:40+00:00","twitter_card":"summary_large_image","twitter_misc":{"Est. reading time":"2 minutes"},"schema":{"@context":"https:\/\/schema.org","@graph":[{"@type":"WebPage","@id":"https:\/\/gastora.eu\/product\/premium-plaque-de-gril-rainur-unit-simple-profondeur-90-cm-lectrique\/","url":"https:\/\/gastora.eu\/product\/premium-plaque-de-gril-rainur-unit-simple-profondeur-90-cm-lectrique\/","name":"Premium plaque de gril - rainur\u00e9 - unit\u00e9 simple - profondeur 90 cm - \u00e9lectrique - Gastora","isPartOf":{"@id":"https:\/\/gastora.eu\/#website"},"primaryImageOfPage":{"@id":"https:\/\/gastora.eu\/product\/premium-plaque-de-gril-rainur-unit-simple-profondeur-90-cm-lectrique\/#primaryimage"},"image":{"@id":"https:\/\/gastora.eu\/product\/premium-plaque-de-gril-rainur-unit-simple-profondeur-90-cm-lectrique\/#primaryimage"},"thumbnailUrl":"https:\/\/gastora.eu\/wp-content\/uploads\/2026\/04\/7864n14090301.jpg","datePublished":"2026-04-26T08:39:09+00:00","dateModified":"2026-04-28T16:56:40+00:00","description":"Achetez Premium plaque de gril - rainur\u00e9 - unit\u00e9 simple - profondeur 90 cm - \u00e9lectrique au meilleur prix, fiable et performant avec une livraison rapide","breadcrumb":{"@id":"https:\/\/gastora.eu\/product\/premium-plaque-de-gril-rainur-unit-simple-profondeur-90-cm-lectrique\/#breadcrumb"},"inLanguage":"en-US","potentialAction":[{"@type":"ReadAction","target":["https:\/\/gastora.eu\/product\/premium-plaque-de-gril-rainur-unit-simple-profondeur-90-cm-lectrique\/"]}]},{"@type":"ImageObject","inLanguage":"en-US","@id":"https:\/\/gastora.eu\/product\/premium-plaque-de-gril-rainur-unit-simple-profondeur-90-cm-lectrique\/#primaryimage","url":"https:\/\/gastora.eu\/wp-content\/uploads\/2026\/04\/7864n14090301.jpg","contentUrl":"https:\/\/gastora.eu\/wp-content\/uploads\/2026\/04\/7864n14090301.jpg","width":1200,"height":1200},{"@type":"BreadcrumbList","@id":"https:\/\/gastora.eu\/product\/premium-plaque-de-gril-rainur-unit-simple-profondeur-90-cm-lectrique\/#breadcrumb","itemListElement":[{"@type":"ListItem","position":1,"name":"Home","item":"https:\/\/gastora.eu\/"},{"@type":"ListItem","position":2,"name":"Shop","item":"https:\/\/gastora.eu\/shop\/"},{"@type":"ListItem","position":3,"name":"Premium plaque de gril &#8211; rainur\u00e9 &#8211; unit\u00e9 simple &#8211; profondeur 90 cm &#8211; \u00e9lectrique"}]},{"@type":"WebSite","@id":"https:\/\/gastora.eu\/#website","url":"https:\/\/gastora.eu\/","name":"Gastora","description":"\u00c9quipements professionnels CHR","publisher":{"@id":"https:\/\/gastora.eu\/#organization"},"potentialAction":[{"@type":"SearchAction","target":{"@type":"EntryPoint","urlTemplate":"https:\/\/gastora.eu\/?s={search_term_string}"},"query-input":{"@type":"PropertyValueSpecification","valueRequired":true,"valueName":"search_term_string"}}],"inLanguage":"en-US"},{"@type":"Organization","@id":"https:\/\/gastora.eu\/#organization","name":"Gastora","url":"https:\/\/gastora.eu\/","logo":{"@type":"ImageObject","inLanguage":"en-US","@id":"https:\/\/gastora.eu\/#\/schema\/logo\/image\/","url":"https:\/\/gastora.eu\/wp-content\/uploads\/2025\/12\/ChatGPT-Image-2-janv.-2026-22_52_47-1.png","contentUrl":"https:\/\/gastora.eu\/wp-content\/uploads\/2025\/12\/ChatGPT-Image-2-janv.-2026-22_52_47-1.png","width":1536,"height":320,"caption":"Gastora"},"image":{"@id":"https:\/\/gastora.eu\/#\/schema\/logo\/image\/"}}]}},"jetpack_sharing_enabled":true,"_links":{"self":[{"href":"https:\/\/gastora.eu\/en\/wp-json\/wp\/v2\/product\/14517","targetHints":{"allow":["GET"]}}],"collection":[{"href":"https:\/\/gastora.eu\/en\/wp-json\/wp\/v2\/product"}],"about":[{"href":"https:\/\/gastora.eu\/en\/wp-json\/wp\/v2\/types\/product"}],"wp:featuredmedia":[{"embeddable":true,"href":"https:\/\/gastora.eu\/en\/wp-json\/wp\/v2\/media\/7778"}],"wp:attachment":[{"href":"https:\/\/gastora.eu\/en\/wp-json\/wp\/v2\/media?parent=14517"}],"wp:term":[{"taxonomy":"product_brand","embeddable":true,"href":"https:\/\/gastora.eu\/en\/wp-json\/wp\/v2\/product_brand?post=14517"},{"taxonomy":"product_cat","embeddable":true,"href":"https:\/\/gastora.eu\/en\/wp-json\/wp\/v2\/product_cat?post=14517"},{"taxonomy":"product_tag","embeddable":true,"href":"https:\/\/gastora.eu\/en\/wp-json\/wp\/v2\/product_tag?post=14517"}],"curies":[{"name":"wp","href":"https:\/\/api.w.org\/{rel}","templated":true}]}}