{"id":14515,"date":"2026-04-26T08:39:07","date_gmt":"2026-04-26T08:39:07","guid":{"rendered":"https:\/\/gastora.eu\/?post_type=product&#038;p=14515"},"modified":"2026-04-28T16:56:40","modified_gmt":"2026-04-28T16:56:40","slug":"premium-cuisinire-6-brleurs-unit-triple-profondeur-90-cm-lectrique","status":"publish","type":"product","link":"https:\/\/gastora.eu\/en\/product\/premium-cuisinire-6-brleurs-unit-triple-profondeur-90-cm-lectrique\/","title":{"rendered":"Premium cuisini\u00e8re &#8211; 6 br\u00fbleurs &#8211; unit\u00e9 triple &#8211; profondeur 90 cm &#8211; \u00e9lectrique"},"content":{"rendered":"<p>Cette table de cuisson aux lignes \u00e9pur\u00e9es est un v\u00e9ritable concentr\u00e9 de puissance, con\u00e7u pour les cuisines de restauration actives. Avec pas moins de six plaques de cuisson en grand format et l&#8217;utilisation de mat\u00e9riaux robustes, elle peut r\u00e9sister \u00e0 l&#8217;utilisation quotidienne intensive dans toute cuisine de restauration. Vous pouvez facilement l&#8217;ajouter \u00e0 une ligne de cuisson, ou commander un socle en acier inoxydable assorti.<\/p>\n<h3>S\u00e9lection de mat\u00e9riaux haut de gamme<\/h3>\n<p>La qualit\u00e9 est impressionnante, gr\u00e2ce au choix de mat\u00e9riaux de premi\u00e8re qualit\u00e9, combin\u00e9s \u00e0 un beau design sans fioritures inutiles. Cette cuisini\u00e8re n&#8217;en a pas besoin, car elle repose sur ses performances. Les plaques de cuisson sont en fonte lourde et, gr\u00e2ce \u00e0 la profondeur de 90 cm de cet appareil, vous pouvez facilement placer une grande casserole sur les six plaques. Le bo\u00eetier est en acier inoxydable, r\u00e9put\u00e9 pour sa robustesse.<\/p>\n<h3>Facile \u00e0 nettoyer et pratique \u00e0 utiliser<\/h3>\n<p>L&#8217;acier inoxydable n&#8217;est pas seulement un mat\u00e9riau durable, il est aussi tr\u00e8s facile \u00e0 nettoyer gr\u00e2ce \u00e0 sa douceur. Les coins de cette cuisini\u00e8re ont \u00e9galement \u00e9t\u00e9 arrondis afin que la salet\u00e9 ne s&#8217;y accumule pas et que vous puissiez les atteindre facilement avec un chiffon. Chaque plaque de cuisson dispose de six r\u00e9glages avec lesquels vous pouvez r\u00e9gler les temp\u00e9ratures entre 90 et 450\u00b0C. Ajoutez \u00e0 cela les gros boutons ronds et vous saurez qu&#8217;il s&#8217;agit d&#8217;une cuisini\u00e8re tr\u00e8s pratique \u00e0 utiliser.<\/p>\n<p>Caract\u00e9ristiques de la cuisini\u00e8re \u00e9lectrique haut de gamme :<\/p>\n<ul>\n<li>Table de cuisson aux angles arrondis pour un nettoyage facile<\/li>\n<li>Composants robustes<\/li>\n<li>Interrupteur de s\u00e9curit\u00e9 contre la surchauffe<\/li>\n<li>Plaque de cuisson individuelle avec 6 r\u00e9glages<\/li>\n<li>Dimensions d&#8217;une seule plaque de cuisson : L30 x P30cm<\/li>\n<li>Temp\u00e9rature comprise entre 90 et 450\u00b0C<\/li>\n<li>Construction tr\u00e8s durable<\/li>\n<li>Conception hygi\u00e9nique<\/li>\n<\/ul>\n<p><strong>Caract\u00e9ristiques du produit<\/strong><\/p>\n<ul>\n<li>Poids net : 103 kg<\/li>\n<li>Dimensions de l&#8217;appareil : L120 x P90 x H28cm<\/li>\n<li>Puissance des br\u00fbleurs : 4,0 kW<\/li>\n<li>Puissance \u00e9lectrique totale : 24,0 kW<\/li>\n<li>Puissance : 400V \/ 50Hz \/ 3 Phase 24000W<\/li>\n<\/ul>\n<p><strong>Ce produit est fourni sans prise.<\/strong><\/p>","protected":false},"excerpt":{"rendered":"<p><span>Grande, plus grande, plus grande : si vous avez besoin d&#8217;une grande capacit\u00e9, cette table de cuisson est exactement ce qu&#8217;il vous faut ! Avec des plaques de cuisson de grande taille, elle offre suffisamment d&#8217;espace pour six grandes casseroles en m\u00eame temps. Elle est \u00e9galement dot\u00e9e du m\u00eame design \u00e9l\u00e9gant que le reste de la gamme Cooking Range 900.<\/span><\/p>","protected":false},"featured_media":7774,"template":"","meta":{"_acf_changed":false},"product_brand":[],"product_cat":[495],"product_tag":[],"class_list":{"0":"post-14515","1":"product","2":"type-product","3":"status-publish","4":"has-post-thumbnail","6":"product_cat-plaques-pianos-de-cuisson-2","8":"first","9":"instock","10":"sale","11":"taxable","12":"shipping-taxable","13":"purchasable","14":"product-type-simple"},"acf":[],"yoast_head":"<!-- This site is optimized with the Yoast SEO plugin v27.6 - https:\/\/yoast.com\/product\/yoast-seo-wordpress\/ -->\n<title>Premium cuisini\u00e8re - 6 br\u00fbleurs - unit\u00e9 triple - profondeur 90 cm - \u00e9lectrique - Gastora<\/title>\n<meta name=\"description\" content=\"Achetez Premium cuisini\u00e8re - 6 br\u00fbleurs - unit\u00e9 triple - profondeur 90 cm - \u00e9lectrique au meilleur prix, fiable et performant avec une livraison rapide\" \/>\n<meta name=\"robots\" content=\"index, follow, max-snippet:-1, max-image-preview:large, max-video-preview:-1\" \/>\n<link rel=\"canonical\" href=\"https:\/\/gastora.eu\/en\/product\/premium-cuisinire-6-brleurs-unit-triple-profondeur-90-cm-lectrique\/\" \/>\n<meta property=\"og:locale\" content=\"en_US\" \/>\n<meta property=\"og:type\" content=\"article\" \/>\n<meta property=\"og:title\" content=\"Premium cuisini\u00e8re - 6 br\u00fbleurs - unit\u00e9 triple - profondeur 90 cm - \u00e9lectrique - Gastora\" \/>\n<meta property=\"og:description\" content=\"Achetez Premium cuisini\u00e8re - 6 br\u00fbleurs - unit\u00e9 triple - profondeur 90 cm - \u00e9lectrique au meilleur prix, fiable et performant avec une livraison rapide\" \/>\n<meta property=\"og:url\" content=\"https:\/\/gastora.eu\/en\/product\/premium-cuisinire-6-brleurs-unit-triple-profondeur-90-cm-lectrique\/\" \/>\n<meta property=\"og:site_name\" content=\"Gastora\" \/>\n<meta property=\"article:modified_time\" content=\"2026-04-28T16:56:40+00:00\" \/>\n<meta name=\"twitter:card\" content=\"summary_large_image\" \/>\n<meta name=\"twitter:label1\" content=\"Est. reading time\" \/>\n\t<meta name=\"twitter:data1\" content=\"2 minutes\" \/>\n<script type=\"application\/ld+json\" class=\"yoast-schema-graph\">{\"@context\":\"https:\\\/\\\/schema.org\",\"@graph\":[{\"@type\":\"WebPage\",\"@id\":\"https:\\\/\\\/gastora.eu\\\/product\\\/premium-cuisinire-6-brleurs-unit-triple-profondeur-90-cm-lectrique\\\/\",\"url\":\"https:\\\/\\\/gastora.eu\\\/product\\\/premium-cuisinire-6-brleurs-unit-triple-profondeur-90-cm-lectrique\\\/\",\"name\":\"Premium cuisini\u00e8re - 6 br\u00fbleurs - unit\u00e9 triple - profondeur 90 cm - \u00e9lectrique - Gastora\",\"isPartOf\":{\"@id\":\"https:\\\/\\\/gastora.eu\\\/#website\"},\"primaryImageOfPage\":{\"@id\":\"https:\\\/\\\/gastora.eu\\\/product\\\/premium-cuisinire-6-brleurs-unit-triple-profondeur-90-cm-lectrique\\\/#primaryimage\"},\"image\":{\"@id\":\"https:\\\/\\\/gastora.eu\\\/product\\\/premium-cuisinire-6-brleurs-unit-triple-profondeur-90-cm-lectrique\\\/#primaryimage\"},\"thumbnailUrl\":\"https:\\\/\\\/gastora.eu\\\/wp-content\\\/uploads\\\/2026\\\/04\\\/09398537_01.jpg\",\"datePublished\":\"2026-04-26T08:39:07+00:00\",\"dateModified\":\"2026-04-28T16:56:40+00:00\",\"description\":\"Achetez Premium cuisini\u00e8re - 6 br\u00fbleurs - unit\u00e9 triple - profondeur 90 cm - \u00e9lectrique au meilleur prix, fiable et performant avec une livraison rapide\",\"breadcrumb\":{\"@id\":\"https:\\\/\\\/gastora.eu\\\/product\\\/premium-cuisinire-6-brleurs-unit-triple-profondeur-90-cm-lectrique\\\/#breadcrumb\"},\"inLanguage\":\"en-US\",\"potentialAction\":[{\"@type\":\"ReadAction\",\"target\":[\"https:\\\/\\\/gastora.eu\\\/product\\\/premium-cuisinire-6-brleurs-unit-triple-profondeur-90-cm-lectrique\\\/\"]}]},{\"@type\":\"ImageObject\",\"inLanguage\":\"en-US\",\"@id\":\"https:\\\/\\\/gastora.eu\\\/product\\\/premium-cuisinire-6-brleurs-unit-triple-profondeur-90-cm-lectrique\\\/#primaryimage\",\"url\":\"https:\\\/\\\/gastora.eu\\\/wp-content\\\/uploads\\\/2026\\\/04\\\/09398537_01.jpg\",\"contentUrl\":\"https:\\\/\\\/gastora.eu\\\/wp-content\\\/uploads\\\/2026\\\/04\\\/09398537_01.jpg\",\"width\":900,\"height\":993},{\"@type\":\"BreadcrumbList\",\"@id\":\"https:\\\/\\\/gastora.eu\\\/product\\\/premium-cuisinire-6-brleurs-unit-triple-profondeur-90-cm-lectrique\\\/#breadcrumb\",\"itemListElement\":[{\"@type\":\"ListItem\",\"position\":1,\"name\":\"Home\",\"item\":\"https:\\\/\\\/gastora.eu\\\/\"},{\"@type\":\"ListItem\",\"position\":2,\"name\":\"Shop\",\"item\":\"https:\\\/\\\/gastora.eu\\\/shop\\\/\"},{\"@type\":\"ListItem\",\"position\":3,\"name\":\"Premium cuisini\u00e8re &#8211; 6 br\u00fbleurs &#8211; unit\u00e9 triple &#8211; profondeur 90 cm &#8211; \u00e9lectrique\"}]},{\"@type\":\"WebSite\",\"@id\":\"https:\\\/\\\/gastora.eu\\\/#website\",\"url\":\"https:\\\/\\\/gastora.eu\\\/\",\"name\":\"Gastora\",\"description\":\"\u00c9quipements professionnels CHR\",\"publisher\":{\"@id\":\"https:\\\/\\\/gastora.eu\\\/#organization\"},\"potentialAction\":[{\"@type\":\"SearchAction\",\"target\":{\"@type\":\"EntryPoint\",\"urlTemplate\":\"https:\\\/\\\/gastora.eu\\\/?s={search_term_string}\"},\"query-input\":{\"@type\":\"PropertyValueSpecification\",\"valueRequired\":true,\"valueName\":\"search_term_string\"}}],\"inLanguage\":\"en-US\"},{\"@type\":\"Organization\",\"@id\":\"https:\\\/\\\/gastora.eu\\\/#organization\",\"name\":\"Gastora\",\"url\":\"https:\\\/\\\/gastora.eu\\\/\",\"logo\":{\"@type\":\"ImageObject\",\"inLanguage\":\"en-US\",\"@id\":\"https:\\\/\\\/gastora.eu\\\/#\\\/schema\\\/logo\\\/image\\\/\",\"url\":\"https:\\\/\\\/gastora.eu\\\/wp-content\\\/uploads\\\/2025\\\/12\\\/ChatGPT-Image-2-janv.-2026-22_52_47-1.png\",\"contentUrl\":\"https:\\\/\\\/gastora.eu\\\/wp-content\\\/uploads\\\/2025\\\/12\\\/ChatGPT-Image-2-janv.-2026-22_52_47-1.png\",\"width\":1536,\"height\":320,\"caption\":\"Gastora\"},\"image\":{\"@id\":\"https:\\\/\\\/gastora.eu\\\/#\\\/schema\\\/logo\\\/image\\\/\"}}]}<\/script>\n<!-- \/ Yoast SEO plugin. -->","yoast_head_json":{"title":"Premium cuisini\u00e8re - 6 br\u00fbleurs - unit\u00e9 triple - profondeur 90 cm - \u00e9lectrique - Gastora","description":"Achetez Premium cuisini\u00e8re - 6 br\u00fbleurs - unit\u00e9 triple - profondeur 90 cm - \u00e9lectrique au meilleur prix, fiable et performant avec une livraison rapide","robots":{"index":"index","follow":"follow","max-snippet":"max-snippet:-1","max-image-preview":"max-image-preview:large","max-video-preview":"max-video-preview:-1"},"canonical":"https:\/\/gastora.eu\/en\/product\/premium-cuisinire-6-brleurs-unit-triple-profondeur-90-cm-lectrique\/","og_locale":"en_US","og_type":"article","og_title":"Premium cuisini\u00e8re - 6 br\u00fbleurs - unit\u00e9 triple - profondeur 90 cm - \u00e9lectrique - Gastora","og_description":"Achetez Premium cuisini\u00e8re - 6 br\u00fbleurs - unit\u00e9 triple - profondeur 90 cm - \u00e9lectrique au meilleur prix, fiable et performant avec une livraison rapide","og_url":"https:\/\/gastora.eu\/en\/product\/premium-cuisinire-6-brleurs-unit-triple-profondeur-90-cm-lectrique\/","og_site_name":"Gastora","article_modified_time":"2026-04-28T16:56:40+00:00","twitter_card":"summary_large_image","twitter_misc":{"Est. reading time":"2 minutes"},"schema":{"@context":"https:\/\/schema.org","@graph":[{"@type":"WebPage","@id":"https:\/\/gastora.eu\/product\/premium-cuisinire-6-brleurs-unit-triple-profondeur-90-cm-lectrique\/","url":"https:\/\/gastora.eu\/product\/premium-cuisinire-6-brleurs-unit-triple-profondeur-90-cm-lectrique\/","name":"Premium cuisini\u00e8re - 6 br\u00fbleurs - unit\u00e9 triple - profondeur 90 cm - \u00e9lectrique - Gastora","isPartOf":{"@id":"https:\/\/gastora.eu\/#website"},"primaryImageOfPage":{"@id":"https:\/\/gastora.eu\/product\/premium-cuisinire-6-brleurs-unit-triple-profondeur-90-cm-lectrique\/#primaryimage"},"image":{"@id":"https:\/\/gastora.eu\/product\/premium-cuisinire-6-brleurs-unit-triple-profondeur-90-cm-lectrique\/#primaryimage"},"thumbnailUrl":"https:\/\/gastora.eu\/wp-content\/uploads\/2026\/04\/09398537_01.jpg","datePublished":"2026-04-26T08:39:07+00:00","dateModified":"2026-04-28T16:56:40+00:00","description":"Achetez Premium cuisini\u00e8re - 6 br\u00fbleurs - unit\u00e9 triple - profondeur 90 cm - \u00e9lectrique au meilleur prix, fiable et performant avec une livraison rapide","breadcrumb":{"@id":"https:\/\/gastora.eu\/product\/premium-cuisinire-6-brleurs-unit-triple-profondeur-90-cm-lectrique\/#breadcrumb"},"inLanguage":"en-US","potentialAction":[{"@type":"ReadAction","target":["https:\/\/gastora.eu\/product\/premium-cuisinire-6-brleurs-unit-triple-profondeur-90-cm-lectrique\/"]}]},{"@type":"ImageObject","inLanguage":"en-US","@id":"https:\/\/gastora.eu\/product\/premium-cuisinire-6-brleurs-unit-triple-profondeur-90-cm-lectrique\/#primaryimage","url":"https:\/\/gastora.eu\/wp-content\/uploads\/2026\/04\/09398537_01.jpg","contentUrl":"https:\/\/gastora.eu\/wp-content\/uploads\/2026\/04\/09398537_01.jpg","width":900,"height":993},{"@type":"BreadcrumbList","@id":"https:\/\/gastora.eu\/product\/premium-cuisinire-6-brleurs-unit-triple-profondeur-90-cm-lectrique\/#breadcrumb","itemListElement":[{"@type":"ListItem","position":1,"name":"Home","item":"https:\/\/gastora.eu\/"},{"@type":"ListItem","position":2,"name":"Shop","item":"https:\/\/gastora.eu\/shop\/"},{"@type":"ListItem","position":3,"name":"Premium cuisini\u00e8re &#8211; 6 br\u00fbleurs &#8211; unit\u00e9 triple &#8211; profondeur 90 cm &#8211; \u00e9lectrique"}]},{"@type":"WebSite","@id":"https:\/\/gastora.eu\/#website","url":"https:\/\/gastora.eu\/","name":"Gastora","description":"\u00c9quipements professionnels CHR","publisher":{"@id":"https:\/\/gastora.eu\/#organization"},"potentialAction":[{"@type":"SearchAction","target":{"@type":"EntryPoint","urlTemplate":"https:\/\/gastora.eu\/?s={search_term_string}"},"query-input":{"@type":"PropertyValueSpecification","valueRequired":true,"valueName":"search_term_string"}}],"inLanguage":"en-US"},{"@type":"Organization","@id":"https:\/\/gastora.eu\/#organization","name":"Gastora","url":"https:\/\/gastora.eu\/","logo":{"@type":"ImageObject","inLanguage":"en-US","@id":"https:\/\/gastora.eu\/#\/schema\/logo\/image\/","url":"https:\/\/gastora.eu\/wp-content\/uploads\/2025\/12\/ChatGPT-Image-2-janv.-2026-22_52_47-1.png","contentUrl":"https:\/\/gastora.eu\/wp-content\/uploads\/2025\/12\/ChatGPT-Image-2-janv.-2026-22_52_47-1.png","width":1536,"height":320,"caption":"Gastora"},"image":{"@id":"https:\/\/gastora.eu\/#\/schema\/logo\/image\/"}}]}},"jetpack_sharing_enabled":true,"_links":{"self":[{"href":"https:\/\/gastora.eu\/en\/wp-json\/wp\/v2\/product\/14515","targetHints":{"allow":["GET"]}}],"collection":[{"href":"https:\/\/gastora.eu\/en\/wp-json\/wp\/v2\/product"}],"about":[{"href":"https:\/\/gastora.eu\/en\/wp-json\/wp\/v2\/types\/product"}],"wp:featuredmedia":[{"embeddable":true,"href":"https:\/\/gastora.eu\/en\/wp-json\/wp\/v2\/media\/7774"}],"wp:attachment":[{"href":"https:\/\/gastora.eu\/en\/wp-json\/wp\/v2\/media?parent=14515"}],"wp:term":[{"taxonomy":"product_brand","embeddable":true,"href":"https:\/\/gastora.eu\/en\/wp-json\/wp\/v2\/product_brand?post=14515"},{"taxonomy":"product_cat","embeddable":true,"href":"https:\/\/gastora.eu\/en\/wp-json\/wp\/v2\/product_cat?post=14515"},{"taxonomy":"product_tag","embeddable":true,"href":"https:\/\/gastora.eu\/en\/wp-json\/wp\/v2\/product_tag?post=14515"}],"curies":[{"name":"wp","href":"https:\/\/api.w.org\/{rel}","templated":true}]}}