{"id":14511,"date":"2026-04-26T08:39:03","date_gmt":"2026-04-26T08:39:03","guid":{"rendered":"https:\/\/gastora.eu\/?post_type=product&#038;p=14511"},"modified":"2026-04-28T16:56:40","modified_gmt":"2026-04-28T16:56:40","slug":"premium-cuisinire-6-brleurs-unit-triple-profondeur-90-cm-incl-four-gaz","status":"publish","type":"product","link":"https:\/\/gastora.eu\/en\/product\/premium-cuisinire-6-brleurs-unit-triple-profondeur-90-cm-incl-four-gaz\/","title":{"rendered":"Premium cuisini\u00e8re &#8211; 6 br\u00fbleurs &#8211; unit\u00e9 triple &#8211; profondeur 90 cm &#8211; incl four &#8211; gaz"},"content":{"rendered":"<p>Cette cuisini\u00e8re haut de gamme est une cuisini\u00e8re \u00e0 gaz puissante avec four et 6 br\u00fbleurs. Gr\u00e2ce \u00e0 sa construction durable, cette cuisini\u00e8re durera tr\u00e8s longtemps et r\u00e9sistera \u00e0 une utilisation intensive. Les supports de casseroles sont en fonte et les br\u00fbleurs \u00e0 gaz chrom\u00e9s offrent une grande puissance et une combustion rapide. En outre, la cuisini\u00e8re a une profondeur de 90 cm. Elle est donc id\u00e9ale pour les grandes casseroles.<\/p>\n<h3>\u00c9quip\u00e9e d&#8217;une flamme pilote<\/h3>\n<p>La cuisini\u00e8re est dot\u00e9e de coins arrondis pour faciliter le nettoyage. En outre, les br\u00fbleurs sont \u00e9quip\u00e9s d&#8217;une veilleuse et d&#8217;une soupape de s\u00e9curit\u00e9 pour le gaz avec thermocouple. En outre, il y a un allumage Piezo et la cuisini\u00e8re \u00e0 gaz est adapt\u00e9e au GPL ou au gaz naturel. La chambre de cuisson du four \u00e0 gaz est enti\u00e8rement en acier inoxydable et dispose d&#8217;une grille chrom\u00e9e \u00e0 trois niveaux qui convient aux r\u00e9cipients GN 2\/1. La porte du four en acier inoxydable a une \u00e9paisseur de 4 cm et est bien isol\u00e9e. Le thermostat de s\u00e9curit\u00e9 permet de r\u00e9gler la temp\u00e9rature entre 100 et 300\u2070C.<\/p>\n<h3>Conception ergonomique<\/h3>\n<p>Cette cuisini\u00e8re \u00e0 gaz robuste pr\u00e9sente un design ergonomique qui en fait un appareil de cuisine tr\u00e8s agr\u00e9able \u00e0 utiliser. Gr\u00e2ce \u00e0 son bo\u00eetier en acier inoxydable, la cuisini\u00e8re et le four \u00e0 gaz sont faciles \u00e0 nettoyer. Vous aurez besoin d&#8217;un chiffon humide et d&#8217;un d\u00e9tergent doux pour nettoyer les surfaces lisses. Les quatre pieds de cette cuisini\u00e8re \u00e0 gaz sont r\u00e9glables en hauteur, ce qui lui permet de s&#8217;adapter \u00e0 presque toutes les surfaces.<\/p>\n<ul>\n<li>Table de cuisson aux angles arrondis, facile \u00e0 nettoyer<\/li>\n<li>Composants robustes<\/li>\n<li>Br\u00fbleurs avec veilleuse<\/li>\n<li>Soupape de s\u00e9curit\u00e9 pour le gaz avec thermocouple<\/li>\n<li>Allumage pi\u00e9zo<\/li>\n<li>Convient pour le GPL ou le gaz naturel<\/li>\n<li>Construction tr\u00e8s durable<\/li>\n<li>Conception hygi\u00e9nique<\/li>\n<\/ul>\n<p>Caract\u00e9ristiques du four \u00e0 gaz<\/p>\n<ul>\n<li>Chambre de cuisson statique enti\u00e8rement en acier inoxydable<\/li>\n<li>Grille chrom\u00e9e \u00e0 3 niveaux pour GN 2\/1<\/li>\n<li>Bonne isolation gr\u00e2ce \u00e0 la porte du four en acier inoxydable de 40 mm d&#8217;\u00e9paisseur<\/li>\n<li>Poign\u00e9e ergonomique et solide<\/li>\n<li>Micro-br\u00fbleurs pour un chauffage rapide<\/li>\n<li>Thermostat de s\u00e9curit\u00e9 100 &#8211; 300 degr\u00e9s Celsius<\/li>\n<\/ul>\n<p><strong>Caract\u00e9ristiques du produit<\/strong><\/p>\n<ul>\n<li>Poids net : 155 kg<\/li>\n<li>Dimensions de l&#8217;appareil : L120 x P90 x H85cm<\/li>\n<li>Puissance des br\u00fbleurs \u00e0 gaz : 3 x 6,0 kW et 3 x 10,0 kW<\/li>\n<li>Puissance du four : 8,0 kW<\/li>\n<li>Puissance totale du gaz : 56,0 kW<\/li>\n<li>Injecteurs de gaz install\u00e9s : G25 &#8211; gaz naturel<\/li>\n<li>Jeu suppl\u00e9mentaire d&#8217;injecteurs de gaz : G30 &#8211; GPL (propane\/butane)<\/li>\n<\/ul>","protected":false},"excerpt":{"rendered":"<p>Cette cuisini\u00e8re \u00e0 gaz haut de gamme dispose de 6 br\u00fbleurs, d&#8217;un grand four et d&#8217;un meuble de rangement. C&#8217;est une cuisini\u00e8re id\u00e9ale pour une utilisation quotidienne intensive dans une cuisine professionnelle. Elle s&#8217;adapte parfaitement \u00e0 une ligne de cuisson de 90 cm. Le grand four a une capacit\u00e9 de 2\/1 grilles GN et il y a \u00e9galement assez d&#8217;espace pour alimenter tous les br\u00fbleurs avec de grandes casseroles.<\/p>","protected":false},"featured_media":7766,"template":"","meta":{"_acf_changed":false},"product_brand":[],"product_cat":[495],"product_tag":[],"class_list":{"0":"post-14511","1":"product","2":"type-product","3":"status-publish","4":"has-post-thumbnail","6":"product_cat-plaques-pianos-de-cuisson-2","8":"first","9":"instock","10":"sale","11":"taxable","12":"shipping-taxable","13":"purchasable","14":"product-type-simple"},"acf":[],"yoast_head":"<!-- This site is optimized with the Yoast SEO plugin v27.5 - https:\/\/yoast.com\/product\/yoast-seo-wordpress\/ -->\n<title>Premium cuisini\u00e8re - 6 br\u00fbleurs - unit\u00e9 triple - profondeur 90 cm - incl four - gaz - Gastora<\/title>\n<meta name=\"description\" content=\"Achetez Premium cuisini\u00e8re - 6 br\u00fbleurs - unit\u00e9 triple - profondeur 90 cm - incl four - gaz au meilleur prix, fiable et performant avec une livraison rapide\" \/>\n<meta name=\"robots\" content=\"index, follow, max-snippet:-1, max-image-preview:large, max-video-preview:-1\" \/>\n<link rel=\"canonical\" href=\"https:\/\/gastora.eu\/en\/product\/premium-cuisinire-6-brleurs-unit-triple-profondeur-90-cm-incl-four-gaz\/\" \/>\n<meta property=\"og:locale\" content=\"en_US\" \/>\n<meta property=\"og:type\" content=\"article\" \/>\n<meta property=\"og:title\" content=\"Premium cuisini\u00e8re - 6 br\u00fbleurs - unit\u00e9 triple - profondeur 90 cm - incl four - gaz - Gastora\" \/>\n<meta property=\"og:description\" content=\"Achetez Premium cuisini\u00e8re - 6 br\u00fbleurs - unit\u00e9 triple - profondeur 90 cm - incl four - gaz au meilleur prix, fiable et performant avec une livraison rapide\" \/>\n<meta property=\"og:url\" content=\"https:\/\/gastora.eu\/en\/product\/premium-cuisinire-6-brleurs-unit-triple-profondeur-90-cm-incl-four-gaz\/\" \/>\n<meta property=\"og:site_name\" content=\"Gastora\" \/>\n<meta property=\"article:modified_time\" content=\"2026-04-28T16:56:40+00:00\" \/>\n<meta name=\"twitter:card\" content=\"summary_large_image\" \/>\n<meta name=\"twitter:label1\" content=\"Est. reading time\" \/>\n\t<meta name=\"twitter:data1\" content=\"2 minutes\" \/>\n<script type=\"application\/ld+json\" class=\"yoast-schema-graph\">{\"@context\":\"https:\\\/\\\/schema.org\",\"@graph\":[{\"@type\":\"WebPage\",\"@id\":\"https:\\\/\\\/gastora.eu\\\/product\\\/premium-cuisinire-6-brleurs-unit-triple-profondeur-90-cm-incl-four-gaz\\\/\",\"url\":\"https:\\\/\\\/gastora.eu\\\/product\\\/premium-cuisinire-6-brleurs-unit-triple-profondeur-90-cm-incl-four-gaz\\\/\",\"name\":\"Premium cuisini\u00e8re - 6 br\u00fbleurs - unit\u00e9 triple - profondeur 90 cm - incl four - gaz - Gastora\",\"isPartOf\":{\"@id\":\"https:\\\/\\\/gastora.eu\\\/#website\"},\"primaryImageOfPage\":{\"@id\":\"https:\\\/\\\/gastora.eu\\\/product\\\/premium-cuisinire-6-brleurs-unit-triple-profondeur-90-cm-incl-four-gaz\\\/#primaryimage\"},\"image\":{\"@id\":\"https:\\\/\\\/gastora.eu\\\/product\\\/premium-cuisinire-6-brleurs-unit-triple-profondeur-90-cm-incl-four-gaz\\\/#primaryimage\"},\"thumbnailUrl\":\"https:\\\/\\\/gastora.eu\\\/wp-content\\\/uploads\\\/2026\\\/04\\\/7865n11290810.jpg\",\"datePublished\":\"2026-04-26T08:39:03+00:00\",\"dateModified\":\"2026-04-28T16:56:40+00:00\",\"description\":\"Achetez Premium cuisini\u00e8re - 6 br\u00fbleurs - unit\u00e9 triple - profondeur 90 cm - incl four - gaz au meilleur prix, fiable et performant avec une livraison rapide\",\"breadcrumb\":{\"@id\":\"https:\\\/\\\/gastora.eu\\\/product\\\/premium-cuisinire-6-brleurs-unit-triple-profondeur-90-cm-incl-four-gaz\\\/#breadcrumb\"},\"inLanguage\":\"en-US\",\"potentialAction\":[{\"@type\":\"ReadAction\",\"target\":[\"https:\\\/\\\/gastora.eu\\\/product\\\/premium-cuisinire-6-brleurs-unit-triple-profondeur-90-cm-incl-four-gaz\\\/\"]}]},{\"@type\":\"ImageObject\",\"inLanguage\":\"en-US\",\"@id\":\"https:\\\/\\\/gastora.eu\\\/product\\\/premium-cuisinire-6-brleurs-unit-triple-profondeur-90-cm-incl-four-gaz\\\/#primaryimage\",\"url\":\"https:\\\/\\\/gastora.eu\\\/wp-content\\\/uploads\\\/2026\\\/04\\\/7865n11290810.jpg\",\"contentUrl\":\"https:\\\/\\\/gastora.eu\\\/wp-content\\\/uploads\\\/2026\\\/04\\\/7865n11290810.jpg\",\"width\":1200,\"height\":1200},{\"@type\":\"BreadcrumbList\",\"@id\":\"https:\\\/\\\/gastora.eu\\\/product\\\/premium-cuisinire-6-brleurs-unit-triple-profondeur-90-cm-incl-four-gaz\\\/#breadcrumb\",\"itemListElement\":[{\"@type\":\"ListItem\",\"position\":1,\"name\":\"Home\",\"item\":\"https:\\\/\\\/gastora.eu\\\/\"},{\"@type\":\"ListItem\",\"position\":2,\"name\":\"Shop\",\"item\":\"https:\\\/\\\/gastora.eu\\\/shop\\\/\"},{\"@type\":\"ListItem\",\"position\":3,\"name\":\"Premium cuisini\u00e8re &#8211; 6 br\u00fbleurs &#8211; unit\u00e9 triple &#8211; profondeur 90 cm &#8211; incl four &#8211; gaz\"}]},{\"@type\":\"WebSite\",\"@id\":\"https:\\\/\\\/gastora.eu\\\/#website\",\"url\":\"https:\\\/\\\/gastora.eu\\\/\",\"name\":\"Gastora\",\"description\":\"\u00c9quipements professionnels CHR\",\"publisher\":{\"@id\":\"https:\\\/\\\/gastora.eu\\\/#organization\"},\"potentialAction\":[{\"@type\":\"SearchAction\",\"target\":{\"@type\":\"EntryPoint\",\"urlTemplate\":\"https:\\\/\\\/gastora.eu\\\/?s={search_term_string}\"},\"query-input\":{\"@type\":\"PropertyValueSpecification\",\"valueRequired\":true,\"valueName\":\"search_term_string\"}}],\"inLanguage\":\"en-US\"},{\"@type\":\"Organization\",\"@id\":\"https:\\\/\\\/gastora.eu\\\/#organization\",\"name\":\"Gastora\",\"url\":\"https:\\\/\\\/gastora.eu\\\/\",\"logo\":{\"@type\":\"ImageObject\",\"inLanguage\":\"en-US\",\"@id\":\"https:\\\/\\\/gastora.eu\\\/#\\\/schema\\\/logo\\\/image\\\/\",\"url\":\"https:\\\/\\\/gastora.eu\\\/wp-content\\\/uploads\\\/2025\\\/12\\\/ChatGPT-Image-2-janv.-2026-22_52_47-1.png\",\"contentUrl\":\"https:\\\/\\\/gastora.eu\\\/wp-content\\\/uploads\\\/2025\\\/12\\\/ChatGPT-Image-2-janv.-2026-22_52_47-1.png\",\"width\":1536,\"height\":320,\"caption\":\"Gastora\"},\"image\":{\"@id\":\"https:\\\/\\\/gastora.eu\\\/#\\\/schema\\\/logo\\\/image\\\/\"}}]}<\/script>\n<!-- \/ Yoast SEO plugin. -->","yoast_head_json":{"title":"Premium cuisini\u00e8re - 6 br\u00fbleurs - unit\u00e9 triple - profondeur 90 cm - incl four - gaz - Gastora","description":"Achetez Premium cuisini\u00e8re - 6 br\u00fbleurs - unit\u00e9 triple - profondeur 90 cm - incl four - gaz au meilleur prix, fiable et performant avec une livraison rapide","robots":{"index":"index","follow":"follow","max-snippet":"max-snippet:-1","max-image-preview":"max-image-preview:large","max-video-preview":"max-video-preview:-1"},"canonical":"https:\/\/gastora.eu\/en\/product\/premium-cuisinire-6-brleurs-unit-triple-profondeur-90-cm-incl-four-gaz\/","og_locale":"en_US","og_type":"article","og_title":"Premium cuisini\u00e8re - 6 br\u00fbleurs - unit\u00e9 triple - profondeur 90 cm - incl four - gaz - Gastora","og_description":"Achetez Premium cuisini\u00e8re - 6 br\u00fbleurs - unit\u00e9 triple - profondeur 90 cm - incl four - gaz au meilleur prix, fiable et performant avec une livraison rapide","og_url":"https:\/\/gastora.eu\/en\/product\/premium-cuisinire-6-brleurs-unit-triple-profondeur-90-cm-incl-four-gaz\/","og_site_name":"Gastora","article_modified_time":"2026-04-28T16:56:40+00:00","twitter_card":"summary_large_image","twitter_misc":{"Est. reading time":"2 minutes"},"schema":{"@context":"https:\/\/schema.org","@graph":[{"@type":"WebPage","@id":"https:\/\/gastora.eu\/product\/premium-cuisinire-6-brleurs-unit-triple-profondeur-90-cm-incl-four-gaz\/","url":"https:\/\/gastora.eu\/product\/premium-cuisinire-6-brleurs-unit-triple-profondeur-90-cm-incl-four-gaz\/","name":"Premium cuisini\u00e8re - 6 br\u00fbleurs - unit\u00e9 triple - profondeur 90 cm - incl four - gaz - Gastora","isPartOf":{"@id":"https:\/\/gastora.eu\/#website"},"primaryImageOfPage":{"@id":"https:\/\/gastora.eu\/product\/premium-cuisinire-6-brleurs-unit-triple-profondeur-90-cm-incl-four-gaz\/#primaryimage"},"image":{"@id":"https:\/\/gastora.eu\/product\/premium-cuisinire-6-brleurs-unit-triple-profondeur-90-cm-incl-four-gaz\/#primaryimage"},"thumbnailUrl":"https:\/\/gastora.eu\/wp-content\/uploads\/2026\/04\/7865n11290810.jpg","datePublished":"2026-04-26T08:39:03+00:00","dateModified":"2026-04-28T16:56:40+00:00","description":"Achetez Premium cuisini\u00e8re - 6 br\u00fbleurs - unit\u00e9 triple - profondeur 90 cm - incl four - gaz au meilleur prix, fiable et performant avec une livraison rapide","breadcrumb":{"@id":"https:\/\/gastora.eu\/product\/premium-cuisinire-6-brleurs-unit-triple-profondeur-90-cm-incl-four-gaz\/#breadcrumb"},"inLanguage":"en-US","potentialAction":[{"@type":"ReadAction","target":["https:\/\/gastora.eu\/product\/premium-cuisinire-6-brleurs-unit-triple-profondeur-90-cm-incl-four-gaz\/"]}]},{"@type":"ImageObject","inLanguage":"en-US","@id":"https:\/\/gastora.eu\/product\/premium-cuisinire-6-brleurs-unit-triple-profondeur-90-cm-incl-four-gaz\/#primaryimage","url":"https:\/\/gastora.eu\/wp-content\/uploads\/2026\/04\/7865n11290810.jpg","contentUrl":"https:\/\/gastora.eu\/wp-content\/uploads\/2026\/04\/7865n11290810.jpg","width":1200,"height":1200},{"@type":"BreadcrumbList","@id":"https:\/\/gastora.eu\/product\/premium-cuisinire-6-brleurs-unit-triple-profondeur-90-cm-incl-four-gaz\/#breadcrumb","itemListElement":[{"@type":"ListItem","position":1,"name":"Home","item":"https:\/\/gastora.eu\/"},{"@type":"ListItem","position":2,"name":"Shop","item":"https:\/\/gastora.eu\/shop\/"},{"@type":"ListItem","position":3,"name":"Premium cuisini\u00e8re &#8211; 6 br\u00fbleurs &#8211; unit\u00e9 triple &#8211; profondeur 90 cm &#8211; incl four &#8211; gaz"}]},{"@type":"WebSite","@id":"https:\/\/gastora.eu\/#website","url":"https:\/\/gastora.eu\/","name":"Gastora","description":"\u00c9quipements professionnels CHR","publisher":{"@id":"https:\/\/gastora.eu\/#organization"},"potentialAction":[{"@type":"SearchAction","target":{"@type":"EntryPoint","urlTemplate":"https:\/\/gastora.eu\/?s={search_term_string}"},"query-input":{"@type":"PropertyValueSpecification","valueRequired":true,"valueName":"search_term_string"}}],"inLanguage":"en-US"},{"@type":"Organization","@id":"https:\/\/gastora.eu\/#organization","name":"Gastora","url":"https:\/\/gastora.eu\/","logo":{"@type":"ImageObject","inLanguage":"en-US","@id":"https:\/\/gastora.eu\/#\/schema\/logo\/image\/","url":"https:\/\/gastora.eu\/wp-content\/uploads\/2025\/12\/ChatGPT-Image-2-janv.-2026-22_52_47-1.png","contentUrl":"https:\/\/gastora.eu\/wp-content\/uploads\/2025\/12\/ChatGPT-Image-2-janv.-2026-22_52_47-1.png","width":1536,"height":320,"caption":"Gastora"},"image":{"@id":"https:\/\/gastora.eu\/#\/schema\/logo\/image\/"}}]}},"jetpack_sharing_enabled":true,"_links":{"self":[{"href":"https:\/\/gastora.eu\/en\/wp-json\/wp\/v2\/product\/14511","targetHints":{"allow":["GET"]}}],"collection":[{"href":"https:\/\/gastora.eu\/en\/wp-json\/wp\/v2\/product"}],"about":[{"href":"https:\/\/gastora.eu\/en\/wp-json\/wp\/v2\/types\/product"}],"wp:featuredmedia":[{"embeddable":true,"href":"https:\/\/gastora.eu\/en\/wp-json\/wp\/v2\/media\/7766"}],"wp:attachment":[{"href":"https:\/\/gastora.eu\/en\/wp-json\/wp\/v2\/media?parent=14511"}],"wp:term":[{"taxonomy":"product_brand","embeddable":true,"href":"https:\/\/gastora.eu\/en\/wp-json\/wp\/v2\/product_brand?post=14511"},{"taxonomy":"product_cat","embeddable":true,"href":"https:\/\/gastora.eu\/en\/wp-json\/wp\/v2\/product_cat?post=14511"},{"taxonomy":"product_tag","embeddable":true,"href":"https:\/\/gastora.eu\/en\/wp-json\/wp\/v2\/product_tag?post=14511"}],"curies":[{"name":"wp","href":"https:\/\/api.w.org\/{rel}","templated":true}]}}