{"id":14510,"date":"2026-04-26T08:39:02","date_gmt":"2026-04-26T08:39:02","guid":{"rendered":"https:\/\/gastora.eu\/?post_type=product&#038;p=14510"},"modified":"2026-04-28T16:56:40","modified_gmt":"2026-04-28T16:56:40","slug":"premium-cuisinire-4-brleurs-unit-double-profondeur-90-cm-gaz","status":"publish","type":"product","link":"https:\/\/gastora.eu\/en\/product\/premium-cuisinire-4-brleurs-unit-double-profondeur-90-cm-gaz\/","title":{"rendered":"Premium cuisini\u00e8re &#8211; 4 br\u00fbleurs &#8211; unit\u00e9 double &#8211; profondeur 90 cm &#8211; gaz"},"content":{"rendered":"<p>Les cuisines professionnelles sont exigeantes en ce qui concerne l&#8217;\u00e9quipement de cuisine qu&#8217;elles doivent utiliser quotidiennement. Chez Maxima, nous comprenons mieux que quiconque que vous devez pouvoir compter sur la qualit\u00e9 de votre \u00e9quipement. Avec cette cuisini\u00e8re \u00e0 gaz de luxe avec four \u00e0 gaz, cela se voit imm\u00e9diatement dans les mat\u00e9riaux utilis\u00e9s. Gr\u00e2ce \u00e0 sa profondeur de 90 cm, cette cuisini\u00e8re est parfaite pour les grandes casseroles. Il y a suffisamment d&#8217;espace pour poser de grandes casseroles sur tous les br\u00fbleurs.<\/p>\n<h3>S\u00e9lection de mat\u00e9riaux haut de gamme<\/h3>\n<p>La cuisini\u00e8re est enti\u00e8rement fabriqu\u00e9e en acier inoxydable, avec de lourds supports de casseroles en fonte et des br\u00fbleurs \u00e0 gaz chrom\u00e9s. L&#8217;utilisation de ces mat\u00e9riaux robustes, combin\u00e9e \u00e0 une conception intelligente, vous garantit que vous profiterez longtemps de votre r\u00e9chaud \u00e0 gaz. L&#8217;ensemble de la construction est soud\u00e9 sans joints et peut \u00eatre plac\u00e9 dans une ligne de cuisson. La cuisini\u00e8re est \u00e9quip\u00e9e d&#8217;une soupape de s\u00e9curit\u00e9 avec thermocouple. Elle garantit que le robinet de gaz reste ouvert tant que le capteur enregistre encore de la chaleur. D\u00e8s qu&#8217;il n&#8217;y a plus de flamme, la vanne de gaz se ferme automatiquement, de sorte que le gaz ne s&#8217;\u00e9chappe pas. Une s\u00e9curit\u00e9 suppl\u00e9mentaire est assur\u00e9e par un thermostat de s\u00e9curit\u00e9.<\/p>\n<h3>Four \u00e0 gaz inclus<\/h3>\n<p>Outre la cuisini\u00e8re \u00e0 quatre feux, cette cuisini\u00e8re \u00e0 gaz dispose \u00e9galement d&#8217;un four \u00e0 gaz spacieux. La chambre de cuisson statique est en acier inoxydable, y compris la porte de 40 mm d&#8217;\u00e9paisseur. L&#8217;int\u00e9rieur est \u00e9quip\u00e9 d&#8217;une grille chrom\u00e9e \u00e0 trois niveaux sur laquelle vous pouvez placer des r\u00e9cipients GN de 2\/1. Les temp\u00e9ratures peuvent \u00eatre r\u00e9gl\u00e9es entre 100 et 300\u00b0C.<\/p>\n<p><strong>Caract\u00e9ristiques du produit<\/strong><\/p>\n<ul>\n<li>Poids net : 110 kg<\/li>\n<li>Dimensions de l&#8217;appareil : L80 x P90 x H85cm<\/li>\n<li>Puissance des br\u00fbleurs : 2 x 6,0 kW et 2 x 10,0 kW<\/li>\n<li>Puissance du four : 8,0 kW<\/li>\n<li>Puissance totale du gaz : 40,0 kW<\/li>\n<li>Injecteurs de gaz install\u00e9s : G25 &#8211; Gaz naturel<\/li>\n<li>Jeu suppl\u00e9mentaire d&#8217;injecteurs de gaz : G30 &#8211; GPL (Propane \/ Butane)<\/li>\n<\/ul>","protected":false},"excerpt":{"rendered":"<p><span>Cette cuisini\u00e8re \u00e0 gaz aux finitions soign\u00e9es est l&#8217;un des fleurons de la gamme professionnelle Cooking Range 900 de Maxima. <\/span><span>\u00c9quip\u00e9 de quatre br\u00fbleurs et d&#8217;un four spacieux, cet appareil robuste peut supporter la charge d&#8217;une cuisine professionnelle.<\/span><span>Toutes les cuisines de restauration peuvent compter sur cette conception robuste de premi\u00e8re qualit\u00e9.<\/span><\/p>","protected":false},"featured_media":7764,"template":"","meta":{"_acf_changed":false},"product_brand":[],"product_cat":[495],"product_tag":[],"class_list":{"0":"post-14510","1":"product","2":"type-product","3":"status-publish","4":"has-post-thumbnail","6":"product_cat-plaques-pianos-de-cuisson-2","8":"first","9":"instock","10":"sale","11":"taxable","12":"shipping-taxable","13":"purchasable","14":"product-type-simple"},"acf":[],"yoast_head":"<!-- This site is optimized with the Yoast SEO plugin v27.6 - https:\/\/yoast.com\/product\/yoast-seo-wordpress\/ -->\n<title>Premium cuisini\u00e8re - 4 br\u00fbleurs - unit\u00e9 double - profondeur 90 cm - gaz - Gastora<\/title>\n<meta name=\"description\" content=\"Achetez Premium cuisini\u00e8re - 4 br\u00fbleurs - unit\u00e9 double - profondeur 90 cm - gaz au meilleur prix, fiable et performant avec une livraison rapide\" \/>\n<meta name=\"robots\" content=\"index, follow, max-snippet:-1, max-image-preview:large, max-video-preview:-1\" \/>\n<link rel=\"canonical\" href=\"https:\/\/gastora.eu\/en\/product\/premium-cuisinire-4-brleurs-unit-double-profondeur-90-cm-gaz\/\" \/>\n<meta property=\"og:locale\" content=\"en_US\" \/>\n<meta property=\"og:type\" content=\"article\" \/>\n<meta property=\"og:title\" content=\"Premium cuisini\u00e8re - 4 br\u00fbleurs - unit\u00e9 double - profondeur 90 cm - gaz - Gastora\" \/>\n<meta property=\"og:description\" content=\"Achetez Premium cuisini\u00e8re - 4 br\u00fbleurs - unit\u00e9 double - profondeur 90 cm - gaz au meilleur prix, fiable et performant avec une livraison rapide\" \/>\n<meta property=\"og:url\" content=\"https:\/\/gastora.eu\/en\/product\/premium-cuisinire-4-brleurs-unit-double-profondeur-90-cm-gaz\/\" \/>\n<meta property=\"og:site_name\" content=\"Gastora\" \/>\n<meta property=\"article:modified_time\" content=\"2026-04-28T16:56:40+00:00\" \/>\n<meta name=\"twitter:card\" content=\"summary_large_image\" \/>\n<meta name=\"twitter:label1\" content=\"Est. reading time\" \/>\n\t<meta name=\"twitter:data1\" content=\"2 minutes\" \/>\n<script type=\"application\/ld+json\" class=\"yoast-schema-graph\">{\"@context\":\"https:\\\/\\\/schema.org\",\"@graph\":[{\"@type\":\"WebPage\",\"@id\":\"https:\\\/\\\/gastora.eu\\\/product\\\/premium-cuisinire-4-brleurs-unit-double-profondeur-90-cm-gaz\\\/\",\"url\":\"https:\\\/\\\/gastora.eu\\\/product\\\/premium-cuisinire-4-brleurs-unit-double-profondeur-90-cm-gaz\\\/\",\"name\":\"Premium cuisini\u00e8re - 4 br\u00fbleurs - unit\u00e9 double - profondeur 90 cm - gaz - Gastora\",\"isPartOf\":{\"@id\":\"https:\\\/\\\/gastora.eu\\\/#website\"},\"primaryImageOfPage\":{\"@id\":\"https:\\\/\\\/gastora.eu\\\/product\\\/premium-cuisinire-4-brleurs-unit-double-profondeur-90-cm-gaz\\\/#primaryimage\"},\"image\":{\"@id\":\"https:\\\/\\\/gastora.eu\\\/product\\\/premium-cuisinire-4-brleurs-unit-double-profondeur-90-cm-gaz\\\/#primaryimage\"},\"thumbnailUrl\":\"https:\\\/\\\/gastora.eu\\\/wp-content\\\/uploads\\\/2026\\\/04\\\/7865n18090810e-61656f6ccfd4c.jpg\",\"datePublished\":\"2026-04-26T08:39:02+00:00\",\"dateModified\":\"2026-04-28T16:56:40+00:00\",\"description\":\"Achetez Premium cuisini\u00e8re - 4 br\u00fbleurs - unit\u00e9 double - profondeur 90 cm - gaz au meilleur prix, fiable et performant avec une livraison rapide\",\"breadcrumb\":{\"@id\":\"https:\\\/\\\/gastora.eu\\\/product\\\/premium-cuisinire-4-brleurs-unit-double-profondeur-90-cm-gaz\\\/#breadcrumb\"},\"inLanguage\":\"en-US\",\"potentialAction\":[{\"@type\":\"ReadAction\",\"target\":[\"https:\\\/\\\/gastora.eu\\\/product\\\/premium-cuisinire-4-brleurs-unit-double-profondeur-90-cm-gaz\\\/\"]}]},{\"@type\":\"ImageObject\",\"inLanguage\":\"en-US\",\"@id\":\"https:\\\/\\\/gastora.eu\\\/product\\\/premium-cuisinire-4-brleurs-unit-double-profondeur-90-cm-gaz\\\/#primaryimage\",\"url\":\"https:\\\/\\\/gastora.eu\\\/wp-content\\\/uploads\\\/2026\\\/04\\\/7865n18090810e-61656f6ccfd4c.jpg\",\"contentUrl\":\"https:\\\/\\\/gastora.eu\\\/wp-content\\\/uploads\\\/2026\\\/04\\\/7865n18090810e-61656f6ccfd4c.jpg\",\"width\":1200,\"height\":1200},{\"@type\":\"BreadcrumbList\",\"@id\":\"https:\\\/\\\/gastora.eu\\\/product\\\/premium-cuisinire-4-brleurs-unit-double-profondeur-90-cm-gaz\\\/#breadcrumb\",\"itemListElement\":[{\"@type\":\"ListItem\",\"position\":1,\"name\":\"Home\",\"item\":\"https:\\\/\\\/gastora.eu\\\/\"},{\"@type\":\"ListItem\",\"position\":2,\"name\":\"Shop\",\"item\":\"https:\\\/\\\/gastora.eu\\\/shop\\\/\"},{\"@type\":\"ListItem\",\"position\":3,\"name\":\"Premium cuisini\u00e8re &#8211; 4 br\u00fbleurs &#8211; unit\u00e9 double &#8211; profondeur 90 cm &#8211; gaz\"}]},{\"@type\":\"WebSite\",\"@id\":\"https:\\\/\\\/gastora.eu\\\/#website\",\"url\":\"https:\\\/\\\/gastora.eu\\\/\",\"name\":\"Gastora\",\"description\":\"\u00c9quipements professionnels CHR\",\"publisher\":{\"@id\":\"https:\\\/\\\/gastora.eu\\\/#organization\"},\"potentialAction\":[{\"@type\":\"SearchAction\",\"target\":{\"@type\":\"EntryPoint\",\"urlTemplate\":\"https:\\\/\\\/gastora.eu\\\/?s={search_term_string}\"},\"query-input\":{\"@type\":\"PropertyValueSpecification\",\"valueRequired\":true,\"valueName\":\"search_term_string\"}}],\"inLanguage\":\"en-US\"},{\"@type\":\"Organization\",\"@id\":\"https:\\\/\\\/gastora.eu\\\/#organization\",\"name\":\"Gastora\",\"url\":\"https:\\\/\\\/gastora.eu\\\/\",\"logo\":{\"@type\":\"ImageObject\",\"inLanguage\":\"en-US\",\"@id\":\"https:\\\/\\\/gastora.eu\\\/#\\\/schema\\\/logo\\\/image\\\/\",\"url\":\"https:\\\/\\\/gastora.eu\\\/wp-content\\\/uploads\\\/2025\\\/12\\\/ChatGPT-Image-2-janv.-2026-22_52_47-1.png\",\"contentUrl\":\"https:\\\/\\\/gastora.eu\\\/wp-content\\\/uploads\\\/2025\\\/12\\\/ChatGPT-Image-2-janv.-2026-22_52_47-1.png\",\"width\":1536,\"height\":320,\"caption\":\"Gastora\"},\"image\":{\"@id\":\"https:\\\/\\\/gastora.eu\\\/#\\\/schema\\\/logo\\\/image\\\/\"}}]}<\/script>\n<!-- \/ Yoast SEO plugin. -->","yoast_head_json":{"title":"Premium cuisini\u00e8re - 4 br\u00fbleurs - unit\u00e9 double - profondeur 90 cm - gaz - Gastora","description":"Achetez Premium cuisini\u00e8re - 4 br\u00fbleurs - unit\u00e9 double - profondeur 90 cm - gaz au meilleur prix, fiable et performant avec une livraison rapide","robots":{"index":"index","follow":"follow","max-snippet":"max-snippet:-1","max-image-preview":"max-image-preview:large","max-video-preview":"max-video-preview:-1"},"canonical":"https:\/\/gastora.eu\/en\/product\/premium-cuisinire-4-brleurs-unit-double-profondeur-90-cm-gaz\/","og_locale":"en_US","og_type":"article","og_title":"Premium cuisini\u00e8re - 4 br\u00fbleurs - unit\u00e9 double - profondeur 90 cm - gaz - Gastora","og_description":"Achetez Premium cuisini\u00e8re - 4 br\u00fbleurs - unit\u00e9 double - profondeur 90 cm - gaz au meilleur prix, fiable et performant avec une livraison rapide","og_url":"https:\/\/gastora.eu\/en\/product\/premium-cuisinire-4-brleurs-unit-double-profondeur-90-cm-gaz\/","og_site_name":"Gastora","article_modified_time":"2026-04-28T16:56:40+00:00","twitter_card":"summary_large_image","twitter_misc":{"Est. reading time":"2 minutes"},"schema":{"@context":"https:\/\/schema.org","@graph":[{"@type":"WebPage","@id":"https:\/\/gastora.eu\/product\/premium-cuisinire-4-brleurs-unit-double-profondeur-90-cm-gaz\/","url":"https:\/\/gastora.eu\/product\/premium-cuisinire-4-brleurs-unit-double-profondeur-90-cm-gaz\/","name":"Premium cuisini\u00e8re - 4 br\u00fbleurs - unit\u00e9 double - profondeur 90 cm - gaz - Gastora","isPartOf":{"@id":"https:\/\/gastora.eu\/#website"},"primaryImageOfPage":{"@id":"https:\/\/gastora.eu\/product\/premium-cuisinire-4-brleurs-unit-double-profondeur-90-cm-gaz\/#primaryimage"},"image":{"@id":"https:\/\/gastora.eu\/product\/premium-cuisinire-4-brleurs-unit-double-profondeur-90-cm-gaz\/#primaryimage"},"thumbnailUrl":"https:\/\/gastora.eu\/wp-content\/uploads\/2026\/04\/7865n18090810e-61656f6ccfd4c.jpg","datePublished":"2026-04-26T08:39:02+00:00","dateModified":"2026-04-28T16:56:40+00:00","description":"Achetez Premium cuisini\u00e8re - 4 br\u00fbleurs - unit\u00e9 double - profondeur 90 cm - gaz au meilleur prix, fiable et performant avec une livraison rapide","breadcrumb":{"@id":"https:\/\/gastora.eu\/product\/premium-cuisinire-4-brleurs-unit-double-profondeur-90-cm-gaz\/#breadcrumb"},"inLanguage":"en-US","potentialAction":[{"@type":"ReadAction","target":["https:\/\/gastora.eu\/product\/premium-cuisinire-4-brleurs-unit-double-profondeur-90-cm-gaz\/"]}]},{"@type":"ImageObject","inLanguage":"en-US","@id":"https:\/\/gastora.eu\/product\/premium-cuisinire-4-brleurs-unit-double-profondeur-90-cm-gaz\/#primaryimage","url":"https:\/\/gastora.eu\/wp-content\/uploads\/2026\/04\/7865n18090810e-61656f6ccfd4c.jpg","contentUrl":"https:\/\/gastora.eu\/wp-content\/uploads\/2026\/04\/7865n18090810e-61656f6ccfd4c.jpg","width":1200,"height":1200},{"@type":"BreadcrumbList","@id":"https:\/\/gastora.eu\/product\/premium-cuisinire-4-brleurs-unit-double-profondeur-90-cm-gaz\/#breadcrumb","itemListElement":[{"@type":"ListItem","position":1,"name":"Home","item":"https:\/\/gastora.eu\/"},{"@type":"ListItem","position":2,"name":"Shop","item":"https:\/\/gastora.eu\/shop\/"},{"@type":"ListItem","position":3,"name":"Premium cuisini\u00e8re &#8211; 4 br\u00fbleurs &#8211; unit\u00e9 double &#8211; profondeur 90 cm &#8211; gaz"}]},{"@type":"WebSite","@id":"https:\/\/gastora.eu\/#website","url":"https:\/\/gastora.eu\/","name":"Gastora","description":"\u00c9quipements professionnels CHR","publisher":{"@id":"https:\/\/gastora.eu\/#organization"},"potentialAction":[{"@type":"SearchAction","target":{"@type":"EntryPoint","urlTemplate":"https:\/\/gastora.eu\/?s={search_term_string}"},"query-input":{"@type":"PropertyValueSpecification","valueRequired":true,"valueName":"search_term_string"}}],"inLanguage":"en-US"},{"@type":"Organization","@id":"https:\/\/gastora.eu\/#organization","name":"Gastora","url":"https:\/\/gastora.eu\/","logo":{"@type":"ImageObject","inLanguage":"en-US","@id":"https:\/\/gastora.eu\/#\/schema\/logo\/image\/","url":"https:\/\/gastora.eu\/wp-content\/uploads\/2025\/12\/ChatGPT-Image-2-janv.-2026-22_52_47-1.png","contentUrl":"https:\/\/gastora.eu\/wp-content\/uploads\/2025\/12\/ChatGPT-Image-2-janv.-2026-22_52_47-1.png","width":1536,"height":320,"caption":"Gastora"},"image":{"@id":"https:\/\/gastora.eu\/#\/schema\/logo\/image\/"}}]}},"jetpack_sharing_enabled":true,"_links":{"self":[{"href":"https:\/\/gastora.eu\/en\/wp-json\/wp\/v2\/product\/14510","targetHints":{"allow":["GET"]}}],"collection":[{"href":"https:\/\/gastora.eu\/en\/wp-json\/wp\/v2\/product"}],"about":[{"href":"https:\/\/gastora.eu\/en\/wp-json\/wp\/v2\/types\/product"}],"wp:featuredmedia":[{"embeddable":true,"href":"https:\/\/gastora.eu\/en\/wp-json\/wp\/v2\/media\/7764"}],"wp:attachment":[{"href":"https:\/\/gastora.eu\/en\/wp-json\/wp\/v2\/media?parent=14510"}],"wp:term":[{"taxonomy":"product_brand","embeddable":true,"href":"https:\/\/gastora.eu\/en\/wp-json\/wp\/v2\/product_brand?post=14510"},{"taxonomy":"product_cat","embeddable":true,"href":"https:\/\/gastora.eu\/en\/wp-json\/wp\/v2\/product_cat?post=14510"},{"taxonomy":"product_tag","embeddable":true,"href":"https:\/\/gastora.eu\/en\/wp-json\/wp\/v2\/product_tag?post=14510"}],"curies":[{"name":"wp","href":"https:\/\/api.w.org\/{rel}","templated":true}]}}