{"id":14509,"date":"2026-04-26T08:38:59","date_gmt":"2026-04-26T08:38:59","guid":{"rendered":"https:\/\/gastora.eu\/?post_type=product&#038;p=14509"},"modified":"2026-05-06T14:32:39","modified_gmt":"2026-05-06T14:32:39","slug":"premium-chargrill-8-zones-unit-triple-profondeur-90-cm-gaz","status":"publish","type":"product","link":"https:\/\/gastora.eu\/en\/product\/premium-chargrill-8-zones-unit-triple-profondeur-90-cm-gaz\/","title":{"rendered":"Premium chargrill &#8211; 8 zones &#8211; unit\u00e9 triple &#8211; profondeur 90 cm &#8211; gaz"},"content":{"rendered":"<h2>Grillade Premium &#8211; Triple &#8211; 8 zones &#8211; Gaz<\/h2>\n<p>Le gril \u00e0 charbon Premium fonctionne au gaz et, contrairement aux plaques de gril normales, il chauffe l&#8217;espace situ\u00e9 sous la plaque de gril. Sous la grille sup\u00e9rieure inclin\u00e9e se trouvent des grilles en fonte qui r\u00e9partissent la chaleur de mani\u00e8re homog\u00e8ne et veillent \u00e0 ce que la graisse soit recueillie dans le bac de r\u00e9cup\u00e9ration situ\u00e9 sous la surface de cuisson. Le gril \u00e0 charbon est \u00e9quip\u00e9 de protections anti-\u00e9claboussures en acier inoxydable pour \u00e9viter les projections d&#8217;huile. Associ\u00e9s au design ergonomique du gril \u00e0 charbon, ils garantissent un travail agr\u00e9able et s\u00fbr. Le bo\u00eetier et les garde-boue en acier inoxydable sont faciles \u00e0 nettoyer. Gr\u00e2ce \u00e0 sa profondeur de 900 mm, le gril \u00e0 charbon peut griller de grandes quantit\u00e9s d&#8217;aliments en m\u00eame temps.<\/p>\n<p>Caract\u00e9ristiques du gril \u00e0 charbon<\/p>\n<ul>\n<li>8 grilles de gril en fonte de 130 mm de large<\/li>\n<li>Les grilles sont autonettoyantes<\/li>\n<li>Composants tr\u00e8s r\u00e9sistants<\/li>\n<li>Thermostat entre 100 \u00b0C et 300 \u00b0C<\/li>\n<li>Thermostats individuels pour chaque zone de cuisson<\/li>\n<li>Grilles de cuisson ignifug\u00e9es<\/li>\n<li>Soupape de s\u00e9curit\u00e9 pour le gaz avec thermocouple<\/li>\n<li>Convient pour le GPL ou le gaz naturel<\/li>\n<li>R\u00e9partition uniforme de la chaleur<\/li>\n<li>Construction tr\u00e8s durable<\/li>\n<li>Conception hygi\u00e9nique<\/li>\n<\/ul>\n<p>Caract\u00e9ristiques du produit<\/p>\n<ul>\n<li>Poids net : 163 kg<\/li>\n<li>Dimensions de l&#8217;appareil : L1200 x P900 x H280 mm<\/li>\n<li>Puissance totale du gaz : 40,0 kW<\/li>\n<\/ul>\n<p>Injecteurs de gaz install\u00e9s : G25 &#8211; Gaz naturel<br \/>Jeu suppl\u00e9mentaire d&#8217;injecteurs de gaz : G30 &#8211; GPL (Propane \/ Butane)<\/p>","protected":false},"excerpt":{"rendered":"<p>Le gril \u00e0 gaz premium \u00e0 8 zones est utilis\u00e9 pour griller et fumer de la viande ou du poisson. Il convient \u00e0 une utilisation intensive dans les cuisines professionnelles.<\/p>","protected":false},"featured_media":7762,"template":"","meta":{"_acf_changed":false},"product_brand":[],"product_cat":[495],"product_tag":[],"class_list":{"0":"post-14509","1":"product","2":"type-product","3":"status-publish","4":"has-post-thumbnail","6":"product_cat-plaques-pianos-de-cuisson-2","8":"first","9":"instock","10":"sale","11":"taxable","12":"shipping-taxable","13":"purchasable","14":"product-type-simple"},"acf":[],"yoast_head":"<!-- This site is optimized with the Yoast SEO plugin v27.6 - https:\/\/yoast.com\/product\/yoast-seo-wordpress\/ -->\n<title>Premium chargrill - 8 zones - unit\u00e9 triple - profondeur 90 cm - gaz - Gastora<\/title>\n<meta name=\"description\" content=\"Achetez Premium chargrill - 8 zones - unit\u00e9 triple - profondeur 90 cm - gaz au meilleur prix, fiable et performant avec une livraison rapide\" \/>\n<meta name=\"robots\" content=\"index, follow, max-snippet:-1, max-image-preview:large, max-video-preview:-1\" \/>\n<link rel=\"canonical\" href=\"https:\/\/gastora.eu\/en\/product\/premium-chargrill-8-zones-unit-triple-profondeur-90-cm-gaz\/\" \/>\n<meta property=\"og:locale\" content=\"en_US\" \/>\n<meta property=\"og:type\" content=\"article\" \/>\n<meta property=\"og:title\" content=\"Premium chargrill - 8 zones - unit\u00e9 triple - profondeur 90 cm - gaz - Gastora\" \/>\n<meta property=\"og:description\" content=\"Achetez Premium chargrill - 8 zones - unit\u00e9 triple - profondeur 90 cm - gaz au meilleur prix, fiable et performant avec une livraison rapide\" \/>\n<meta property=\"og:url\" content=\"https:\/\/gastora.eu\/en\/product\/premium-chargrill-8-zones-unit-triple-profondeur-90-cm-gaz\/\" \/>\n<meta property=\"og:site_name\" content=\"Gastora\" \/>\n<meta property=\"article:modified_time\" content=\"2026-05-06T14:32:39+00:00\" \/>\n<meta name=\"twitter:card\" content=\"summary_large_image\" \/>\n<meta name=\"twitter:label1\" content=\"Est. reading time\" \/>\n\t<meta name=\"twitter:data1\" content=\"1 minute\" \/>\n<script type=\"application\/ld+json\" class=\"yoast-schema-graph\">{\"@context\":\"https:\\\/\\\/schema.org\",\"@graph\":[{\"@type\":\"WebPage\",\"@id\":\"https:\\\/\\\/gastora.eu\\\/product\\\/premium-chargrill-8-zones-unit-triple-profondeur-90-cm-gaz\\\/\",\"url\":\"https:\\\/\\\/gastora.eu\\\/product\\\/premium-chargrill-8-zones-unit-triple-profondeur-90-cm-gaz\\\/\",\"name\":\"Premium chargrill - 8 zones - unit\u00e9 triple - profondeur 90 cm - gaz - Gastora\",\"isPartOf\":{\"@id\":\"https:\\\/\\\/gastora.eu\\\/#website\"},\"primaryImageOfPage\":{\"@id\":\"https:\\\/\\\/gastora.eu\\\/product\\\/premium-chargrill-8-zones-unit-triple-profondeur-90-cm-gaz\\\/#primaryimage\"},\"image\":{\"@id\":\"https:\\\/\\\/gastora.eu\\\/product\\\/premium-chargrill-8-zones-unit-triple-profondeur-90-cm-gaz\\\/#primaryimage\"},\"thumbnailUrl\":\"https:\\\/\\\/gastora.eu\\\/wp-content\\\/uploads\\\/2026\\\/04\\\/7864n11290370.jpg\",\"datePublished\":\"2026-04-26T08:38:59+00:00\",\"dateModified\":\"2026-05-06T14:32:39+00:00\",\"description\":\"Achetez Premium chargrill - 8 zones - unit\u00e9 triple - profondeur 90 cm - gaz au meilleur prix, fiable et performant avec une livraison rapide\",\"breadcrumb\":{\"@id\":\"https:\\\/\\\/gastora.eu\\\/product\\\/premium-chargrill-8-zones-unit-triple-profondeur-90-cm-gaz\\\/#breadcrumb\"},\"inLanguage\":\"en-US\",\"potentialAction\":[{\"@type\":\"ReadAction\",\"target\":[\"https:\\\/\\\/gastora.eu\\\/product\\\/premium-chargrill-8-zones-unit-triple-profondeur-90-cm-gaz\\\/\"]}]},{\"@type\":\"ImageObject\",\"inLanguage\":\"en-US\",\"@id\":\"https:\\\/\\\/gastora.eu\\\/product\\\/premium-chargrill-8-zones-unit-triple-profondeur-90-cm-gaz\\\/#primaryimage\",\"url\":\"https:\\\/\\\/gastora.eu\\\/wp-content\\\/uploads\\\/2026\\\/04\\\/7864n11290370.jpg\",\"contentUrl\":\"https:\\\/\\\/gastora.eu\\\/wp-content\\\/uploads\\\/2026\\\/04\\\/7864n11290370.jpg\",\"width\":1200,\"height\":1200},{\"@type\":\"BreadcrumbList\",\"@id\":\"https:\\\/\\\/gastora.eu\\\/product\\\/premium-chargrill-8-zones-unit-triple-profondeur-90-cm-gaz\\\/#breadcrumb\",\"itemListElement\":[{\"@type\":\"ListItem\",\"position\":1,\"name\":\"Home\",\"item\":\"https:\\\/\\\/gastora.eu\\\/\"},{\"@type\":\"ListItem\",\"position\":2,\"name\":\"Shop\",\"item\":\"https:\\\/\\\/gastora.eu\\\/shop\\\/\"},{\"@type\":\"ListItem\",\"position\":3,\"name\":\"Premium chargrill &#8211; 8 zones &#8211; unit\u00e9 triple &#8211; profondeur 90 cm &#8211; gaz\"}]},{\"@type\":\"WebSite\",\"@id\":\"https:\\\/\\\/gastora.eu\\\/#website\",\"url\":\"https:\\\/\\\/gastora.eu\\\/\",\"name\":\"Gastora\",\"description\":\"\u00c9quipements professionnels CHR\",\"publisher\":{\"@id\":\"https:\\\/\\\/gastora.eu\\\/#organization\"},\"potentialAction\":[{\"@type\":\"SearchAction\",\"target\":{\"@type\":\"EntryPoint\",\"urlTemplate\":\"https:\\\/\\\/gastora.eu\\\/?s={search_term_string}\"},\"query-input\":{\"@type\":\"PropertyValueSpecification\",\"valueRequired\":true,\"valueName\":\"search_term_string\"}}],\"inLanguage\":\"en-US\"},{\"@type\":\"Organization\",\"@id\":\"https:\\\/\\\/gastora.eu\\\/#organization\",\"name\":\"Gastora\",\"url\":\"https:\\\/\\\/gastora.eu\\\/\",\"logo\":{\"@type\":\"ImageObject\",\"inLanguage\":\"en-US\",\"@id\":\"https:\\\/\\\/gastora.eu\\\/#\\\/schema\\\/logo\\\/image\\\/\",\"url\":\"https:\\\/\\\/gastora.eu\\\/wp-content\\\/uploads\\\/2025\\\/12\\\/ChatGPT-Image-2-janv.-2026-22_52_47-1.png\",\"contentUrl\":\"https:\\\/\\\/gastora.eu\\\/wp-content\\\/uploads\\\/2025\\\/12\\\/ChatGPT-Image-2-janv.-2026-22_52_47-1.png\",\"width\":1536,\"height\":320,\"caption\":\"Gastora\"},\"image\":{\"@id\":\"https:\\\/\\\/gastora.eu\\\/#\\\/schema\\\/logo\\\/image\\\/\"}}]}<\/script>\n<!-- \/ Yoast SEO plugin. -->","yoast_head_json":{"title":"Premium chargrill - 8 zones - unit\u00e9 triple - profondeur 90 cm - gaz - Gastora","description":"Achetez Premium chargrill - 8 zones - unit\u00e9 triple - profondeur 90 cm - gaz au meilleur prix, fiable et performant avec une livraison rapide","robots":{"index":"index","follow":"follow","max-snippet":"max-snippet:-1","max-image-preview":"max-image-preview:large","max-video-preview":"max-video-preview:-1"},"canonical":"https:\/\/gastora.eu\/en\/product\/premium-chargrill-8-zones-unit-triple-profondeur-90-cm-gaz\/","og_locale":"en_US","og_type":"article","og_title":"Premium chargrill - 8 zones - unit\u00e9 triple - profondeur 90 cm - gaz - Gastora","og_description":"Achetez Premium chargrill - 8 zones - unit\u00e9 triple - profondeur 90 cm - gaz au meilleur prix, fiable et performant avec une livraison rapide","og_url":"https:\/\/gastora.eu\/en\/product\/premium-chargrill-8-zones-unit-triple-profondeur-90-cm-gaz\/","og_site_name":"Gastora","article_modified_time":"2026-05-06T14:32:39+00:00","twitter_card":"summary_large_image","twitter_misc":{"Est. reading time":"1 minute"},"schema":{"@context":"https:\/\/schema.org","@graph":[{"@type":"WebPage","@id":"https:\/\/gastora.eu\/product\/premium-chargrill-8-zones-unit-triple-profondeur-90-cm-gaz\/","url":"https:\/\/gastora.eu\/product\/premium-chargrill-8-zones-unit-triple-profondeur-90-cm-gaz\/","name":"Premium chargrill - 8 zones - unit\u00e9 triple - profondeur 90 cm - gaz - Gastora","isPartOf":{"@id":"https:\/\/gastora.eu\/#website"},"primaryImageOfPage":{"@id":"https:\/\/gastora.eu\/product\/premium-chargrill-8-zones-unit-triple-profondeur-90-cm-gaz\/#primaryimage"},"image":{"@id":"https:\/\/gastora.eu\/product\/premium-chargrill-8-zones-unit-triple-profondeur-90-cm-gaz\/#primaryimage"},"thumbnailUrl":"https:\/\/gastora.eu\/wp-content\/uploads\/2026\/04\/7864n11290370.jpg","datePublished":"2026-04-26T08:38:59+00:00","dateModified":"2026-05-06T14:32:39+00:00","description":"Achetez Premium chargrill - 8 zones - unit\u00e9 triple - profondeur 90 cm - gaz au meilleur prix, fiable et performant avec une livraison rapide","breadcrumb":{"@id":"https:\/\/gastora.eu\/product\/premium-chargrill-8-zones-unit-triple-profondeur-90-cm-gaz\/#breadcrumb"},"inLanguage":"en-US","potentialAction":[{"@type":"ReadAction","target":["https:\/\/gastora.eu\/product\/premium-chargrill-8-zones-unit-triple-profondeur-90-cm-gaz\/"]}]},{"@type":"ImageObject","inLanguage":"en-US","@id":"https:\/\/gastora.eu\/product\/premium-chargrill-8-zones-unit-triple-profondeur-90-cm-gaz\/#primaryimage","url":"https:\/\/gastora.eu\/wp-content\/uploads\/2026\/04\/7864n11290370.jpg","contentUrl":"https:\/\/gastora.eu\/wp-content\/uploads\/2026\/04\/7864n11290370.jpg","width":1200,"height":1200},{"@type":"BreadcrumbList","@id":"https:\/\/gastora.eu\/product\/premium-chargrill-8-zones-unit-triple-profondeur-90-cm-gaz\/#breadcrumb","itemListElement":[{"@type":"ListItem","position":1,"name":"Home","item":"https:\/\/gastora.eu\/"},{"@type":"ListItem","position":2,"name":"Shop","item":"https:\/\/gastora.eu\/shop\/"},{"@type":"ListItem","position":3,"name":"Premium chargrill &#8211; 8 zones &#8211; unit\u00e9 triple &#8211; profondeur 90 cm &#8211; gaz"}]},{"@type":"WebSite","@id":"https:\/\/gastora.eu\/#website","url":"https:\/\/gastora.eu\/","name":"Gastora","description":"\u00c9quipements professionnels CHR","publisher":{"@id":"https:\/\/gastora.eu\/#organization"},"potentialAction":[{"@type":"SearchAction","target":{"@type":"EntryPoint","urlTemplate":"https:\/\/gastora.eu\/?s={search_term_string}"},"query-input":{"@type":"PropertyValueSpecification","valueRequired":true,"valueName":"search_term_string"}}],"inLanguage":"en-US"},{"@type":"Organization","@id":"https:\/\/gastora.eu\/#organization","name":"Gastora","url":"https:\/\/gastora.eu\/","logo":{"@type":"ImageObject","inLanguage":"en-US","@id":"https:\/\/gastora.eu\/#\/schema\/logo\/image\/","url":"https:\/\/gastora.eu\/wp-content\/uploads\/2025\/12\/ChatGPT-Image-2-janv.-2026-22_52_47-1.png","contentUrl":"https:\/\/gastora.eu\/wp-content\/uploads\/2025\/12\/ChatGPT-Image-2-janv.-2026-22_52_47-1.png","width":1536,"height":320,"caption":"Gastora"},"image":{"@id":"https:\/\/gastora.eu\/#\/schema\/logo\/image\/"}}]}},"jetpack_sharing_enabled":true,"_links":{"self":[{"href":"https:\/\/gastora.eu\/en\/wp-json\/wp\/v2\/product\/14509","targetHints":{"allow":["GET"]}}],"collection":[{"href":"https:\/\/gastora.eu\/en\/wp-json\/wp\/v2\/product"}],"about":[{"href":"https:\/\/gastora.eu\/en\/wp-json\/wp\/v2\/types\/product"}],"wp:featuredmedia":[{"embeddable":true,"href":"https:\/\/gastora.eu\/en\/wp-json\/wp\/v2\/media\/7762"}],"wp:attachment":[{"href":"https:\/\/gastora.eu\/en\/wp-json\/wp\/v2\/media?parent=14509"}],"wp:term":[{"taxonomy":"product_brand","embeddable":true,"href":"https:\/\/gastora.eu\/en\/wp-json\/wp\/v2\/product_brand?post=14509"},{"taxonomy":"product_cat","embeddable":true,"href":"https:\/\/gastora.eu\/en\/wp-json\/wp\/v2\/product_cat?post=14509"},{"taxonomy":"product_tag","embeddable":true,"href":"https:\/\/gastora.eu\/en\/wp-json\/wp\/v2\/product_tag?post=14509"}],"curies":[{"name":"wp","href":"https:\/\/api.w.org\/{rel}","templated":true}]}}