{"id":14508,"date":"2026-04-26T08:38:58","date_gmt":"2026-04-26T08:38:58","guid":{"rendered":"https:\/\/gastora.eu\/?post_type=product&#038;p=14508"},"modified":"2026-04-28T16:56:39","modified_gmt":"2026-04-28T16:56:39","slug":"premium-chargrill-3-zones-unit-triple-profondeur-90-cm-gaz","status":"publish","type":"product","link":"https:\/\/gastora.eu\/en\/product\/premium-chargrill-3-zones-unit-triple-profondeur-90-cm-gaz\/","title":{"rendered":"Premium chargrill &#8211; 3 zones &#8211; unit\u00e9 triple &#8211; profondeur 90 cm &#8211; gaz"},"content":{"rendered":"<p>Avec ses dimensions de 120 x 90 cm et ses trois zones de cuisson, ce chargrill \u00e0 gaz robuste peut faire face \u00e0 presque tout. Gr\u00e2ce aux rainures inclin\u00e9es de la plaque de gril, la graisse s&#8217;\u00e9goutte au-dessus de la source de chaleur et la fum\u00e9e qui s&#8217;en d\u00e9gage vous donne le go\u00fbt authentique du barbecue. Les flammes sont prot\u00e9g\u00e9es par une plaque de gril inf\u00e9rieure inclin\u00e9e, qui \u00e9vacue la graisse directement dans le bac de r\u00e9cup\u00e9ration afin qu&#8217;elle n&#8217;entre pas en contact avec les flammes. Il existe \u00e9galement deux plaques de gril sup\u00e9rieures (&#8220;Iron Bar Grids&#8221;) qui ne sont pas fournies de s\u00e9rie, mais qui peuvent facilement \u00eatre command\u00e9es en tant qu&#8217;accessoires.<\/p>\n<h3>S\u00e9curit\u00e9 optimale<\/h3>\n<p>Under the sloping top grill is a cast iron grill plate. This ensures that the heat is evenly distributed and you can use the entire surface of the grill. The stainless steel splashguards protect against oil splashes. To get the perfect temperature, you can set the heat sources separately using the safety thermostat, with a range between 100 and 300\u00b0C. There is also a safety valve with a thermocouple. This ensures that the throttle remains open as long as the sensor still detects heat. As soon as there is no flame, this will automatically close the throttle valve so that no gas can escape. The burner is also equipped with a pilot flame to make its use both safe and comfortable. You can use either LPG or natural gas for this grill. It is also suitable for placing in a cooking line and you can order a base to stand it on from our webshop. This comes either with or without a cupboard below.<\/p>\n<h3>Facile \u00e0 nettoyer<\/h3>\n<p>Gr\u00e2ce \u00e0 sa conception intelligente et au choix de mat\u00e9riaux de qualit\u00e9 sup\u00e9rieure, ce barbecue est facile \u00e0 nettoyer. Le dessus est soud\u00e9 sans joints, de sorte qu&#8217;aucun r\u00e9sidu alimentaire n&#8217;y adh\u00e8re. Les grilles sup\u00e9rieure et inf\u00e9rieure sont inclin\u00e9es de sorte que la graisse s&#8217;\u00e9coule dans le bac de r\u00e9cup\u00e9ration. Le bo\u00eetier et le pare-\u00e9claboussures sont enti\u00e8rement en acier inoxydable, ce qui cr\u00e9e une surface lisse qui s&#8217;enl\u00e8ve rapidement et facilement avec un chiffon. Enlevez les r\u00e9sidus tenaces avec un grattoir et utilisez un chiffon humide avec de l&#8217;eau ti\u00e8de et un d\u00e9tergent doux pour nettoyer toutes les pi\u00e8ces en profondeur.<\/p>\n<p><strong>Caract\u00e9ristiques du produit<\/strong><\/p>\n<ul>\n<li>Poids net : 137 kg<\/li>\n<li>Dimensions : L120 x P90 x H28cm<\/li>\n<li>Puissance totale du gaz : 27,0 kW<\/li>\n<li>Injecteurs de gaz install\u00e9s : G25 &#8211; gaz naturel<\/li>\n<li>Jeu suppl\u00e9mentaire d&#8217;injecteurs de gaz : G30 &#8211; GPL (propane \/ butane)<\/li>\n<\/ul>","protected":false},"excerpt":{"rendered":"<p>Avec ce gril \u00e0 gaz haut de gamme, vous disposez de trois zones de cuisson distinctes pour vous aider \u00e0 pr\u00e9parer des viandes et des poissons en plus grandes quantit\u00e9s. Il peut \u00eatre plac\u00e9 dans une ligne de cuisson et est id\u00e9al pour une utilisation quotidienne intensive dans toute cuisine professionnelle.<\/p>","protected":false},"featured_media":7760,"template":"","meta":{"_acf_changed":false},"product_brand":[],"product_cat":[495],"product_tag":[],"class_list":{"0":"post-14508","1":"product","2":"type-product","3":"status-publish","4":"has-post-thumbnail","6":"product_cat-plaques-pianos-de-cuisson-2","8":"first","9":"instock","10":"sale","11":"taxable","12":"shipping-taxable","13":"purchasable","14":"product-type-simple"},"acf":[],"yoast_head":"<!-- This site is optimized with the Yoast SEO plugin v27.6 - https:\/\/yoast.com\/product\/yoast-seo-wordpress\/ -->\n<title>Premium chargrill - 3 zones - unit\u00e9 triple - profondeur 90 cm - gaz - Gastora<\/title>\n<meta name=\"description\" content=\"Achetez Premium chargrill - 3 zones - unit\u00e9 triple - profondeur 90 cm - gaz au meilleur prix, fiable et performant avec une livraison rapide\" \/>\n<meta name=\"robots\" content=\"index, follow, max-snippet:-1, max-image-preview:large, max-video-preview:-1\" \/>\n<link rel=\"canonical\" href=\"https:\/\/gastora.eu\/en\/product\/premium-chargrill-3-zones-unit-triple-profondeur-90-cm-gaz\/\" \/>\n<meta property=\"og:locale\" content=\"en_US\" \/>\n<meta property=\"og:type\" content=\"article\" \/>\n<meta property=\"og:title\" content=\"Premium chargrill - 3 zones - unit\u00e9 triple - profondeur 90 cm - gaz - Gastora\" \/>\n<meta property=\"og:description\" content=\"Achetez Premium chargrill - 3 zones - unit\u00e9 triple - profondeur 90 cm - gaz au meilleur prix, fiable et performant avec une livraison rapide\" \/>\n<meta property=\"og:url\" content=\"https:\/\/gastora.eu\/en\/product\/premium-chargrill-3-zones-unit-triple-profondeur-90-cm-gaz\/\" \/>\n<meta property=\"og:site_name\" content=\"Gastora\" \/>\n<meta property=\"article:modified_time\" content=\"2026-04-28T16:56:39+00:00\" \/>\n<meta name=\"twitter:card\" content=\"summary_large_image\" \/>\n<meta name=\"twitter:label1\" content=\"Est. reading time\" \/>\n\t<meta name=\"twitter:data1\" content=\"2 minutes\" \/>\n<script type=\"application\/ld+json\" class=\"yoast-schema-graph\">{\"@context\":\"https:\\\/\\\/schema.org\",\"@graph\":[{\"@type\":\"WebPage\",\"@id\":\"https:\\\/\\\/gastora.eu\\\/product\\\/premium-chargrill-3-zones-unit-triple-profondeur-90-cm-gaz\\\/\",\"url\":\"https:\\\/\\\/gastora.eu\\\/product\\\/premium-chargrill-3-zones-unit-triple-profondeur-90-cm-gaz\\\/\",\"name\":\"Premium chargrill - 3 zones - unit\u00e9 triple - profondeur 90 cm - gaz - Gastora\",\"isPartOf\":{\"@id\":\"https:\\\/\\\/gastora.eu\\\/#website\"},\"primaryImageOfPage\":{\"@id\":\"https:\\\/\\\/gastora.eu\\\/product\\\/premium-chargrill-3-zones-unit-triple-profondeur-90-cm-gaz\\\/#primaryimage\"},\"image\":{\"@id\":\"https:\\\/\\\/gastora.eu\\\/product\\\/premium-chargrill-3-zones-unit-triple-profondeur-90-cm-gaz\\\/#primaryimage\"},\"thumbnailUrl\":\"https:\\\/\\\/gastora.eu\\\/wp-content\\\/uploads\\\/2026\\\/04\\\/chargrill.jpg\",\"datePublished\":\"2026-04-26T08:38:58+00:00\",\"dateModified\":\"2026-04-28T16:56:39+00:00\",\"description\":\"Achetez Premium chargrill - 3 zones - unit\u00e9 triple - profondeur 90 cm - gaz au meilleur prix, fiable et performant avec une livraison rapide\",\"breadcrumb\":{\"@id\":\"https:\\\/\\\/gastora.eu\\\/product\\\/premium-chargrill-3-zones-unit-triple-profondeur-90-cm-gaz\\\/#breadcrumb\"},\"inLanguage\":\"en-US\",\"potentialAction\":[{\"@type\":\"ReadAction\",\"target\":[\"https:\\\/\\\/gastora.eu\\\/product\\\/premium-chargrill-3-zones-unit-triple-profondeur-90-cm-gaz\\\/\"]}]},{\"@type\":\"ImageObject\",\"inLanguage\":\"en-US\",\"@id\":\"https:\\\/\\\/gastora.eu\\\/product\\\/premium-chargrill-3-zones-unit-triple-profondeur-90-cm-gaz\\\/#primaryimage\",\"url\":\"https:\\\/\\\/gastora.eu\\\/wp-content\\\/uploads\\\/2026\\\/04\\\/chargrill.jpg\",\"contentUrl\":\"https:\\\/\\\/gastora.eu\\\/wp-content\\\/uploads\\\/2026\\\/04\\\/chargrill.jpg\",\"width\":1200,\"height\":1200},{\"@type\":\"BreadcrumbList\",\"@id\":\"https:\\\/\\\/gastora.eu\\\/product\\\/premium-chargrill-3-zones-unit-triple-profondeur-90-cm-gaz\\\/#breadcrumb\",\"itemListElement\":[{\"@type\":\"ListItem\",\"position\":1,\"name\":\"Home\",\"item\":\"https:\\\/\\\/gastora.eu\\\/\"},{\"@type\":\"ListItem\",\"position\":2,\"name\":\"Shop\",\"item\":\"https:\\\/\\\/gastora.eu\\\/shop\\\/\"},{\"@type\":\"ListItem\",\"position\":3,\"name\":\"Premium chargrill &#8211; 3 zones &#8211; unit\u00e9 triple &#8211; profondeur 90 cm &#8211; gaz\"}]},{\"@type\":\"WebSite\",\"@id\":\"https:\\\/\\\/gastora.eu\\\/#website\",\"url\":\"https:\\\/\\\/gastora.eu\\\/\",\"name\":\"Gastora\",\"description\":\"\u00c9quipements professionnels CHR\",\"publisher\":{\"@id\":\"https:\\\/\\\/gastora.eu\\\/#organization\"},\"potentialAction\":[{\"@type\":\"SearchAction\",\"target\":{\"@type\":\"EntryPoint\",\"urlTemplate\":\"https:\\\/\\\/gastora.eu\\\/?s={search_term_string}\"},\"query-input\":{\"@type\":\"PropertyValueSpecification\",\"valueRequired\":true,\"valueName\":\"search_term_string\"}}],\"inLanguage\":\"en-US\"},{\"@type\":\"Organization\",\"@id\":\"https:\\\/\\\/gastora.eu\\\/#organization\",\"name\":\"Gastora\",\"url\":\"https:\\\/\\\/gastora.eu\\\/\",\"logo\":{\"@type\":\"ImageObject\",\"inLanguage\":\"en-US\",\"@id\":\"https:\\\/\\\/gastora.eu\\\/#\\\/schema\\\/logo\\\/image\\\/\",\"url\":\"https:\\\/\\\/gastora.eu\\\/wp-content\\\/uploads\\\/2025\\\/12\\\/ChatGPT-Image-2-janv.-2026-22_52_47-1.png\",\"contentUrl\":\"https:\\\/\\\/gastora.eu\\\/wp-content\\\/uploads\\\/2025\\\/12\\\/ChatGPT-Image-2-janv.-2026-22_52_47-1.png\",\"width\":1536,\"height\":320,\"caption\":\"Gastora\"},\"image\":{\"@id\":\"https:\\\/\\\/gastora.eu\\\/#\\\/schema\\\/logo\\\/image\\\/\"}}]}<\/script>\n<!-- \/ Yoast SEO plugin. -->","yoast_head_json":{"title":"Premium chargrill - 3 zones - unit\u00e9 triple - profondeur 90 cm - gaz - Gastora","description":"Achetez Premium chargrill - 3 zones - unit\u00e9 triple - profondeur 90 cm - gaz au meilleur prix, fiable et performant avec une livraison rapide","robots":{"index":"index","follow":"follow","max-snippet":"max-snippet:-1","max-image-preview":"max-image-preview:large","max-video-preview":"max-video-preview:-1"},"canonical":"https:\/\/gastora.eu\/en\/product\/premium-chargrill-3-zones-unit-triple-profondeur-90-cm-gaz\/","og_locale":"en_US","og_type":"article","og_title":"Premium chargrill - 3 zones - unit\u00e9 triple - profondeur 90 cm - gaz - Gastora","og_description":"Achetez Premium chargrill - 3 zones - unit\u00e9 triple - profondeur 90 cm - gaz au meilleur prix, fiable et performant avec une livraison rapide","og_url":"https:\/\/gastora.eu\/en\/product\/premium-chargrill-3-zones-unit-triple-profondeur-90-cm-gaz\/","og_site_name":"Gastora","article_modified_time":"2026-04-28T16:56:39+00:00","twitter_card":"summary_large_image","twitter_misc":{"Est. reading time":"2 minutes"},"schema":{"@context":"https:\/\/schema.org","@graph":[{"@type":"WebPage","@id":"https:\/\/gastora.eu\/product\/premium-chargrill-3-zones-unit-triple-profondeur-90-cm-gaz\/","url":"https:\/\/gastora.eu\/product\/premium-chargrill-3-zones-unit-triple-profondeur-90-cm-gaz\/","name":"Premium chargrill - 3 zones - unit\u00e9 triple - profondeur 90 cm - gaz - Gastora","isPartOf":{"@id":"https:\/\/gastora.eu\/#website"},"primaryImageOfPage":{"@id":"https:\/\/gastora.eu\/product\/premium-chargrill-3-zones-unit-triple-profondeur-90-cm-gaz\/#primaryimage"},"image":{"@id":"https:\/\/gastora.eu\/product\/premium-chargrill-3-zones-unit-triple-profondeur-90-cm-gaz\/#primaryimage"},"thumbnailUrl":"https:\/\/gastora.eu\/wp-content\/uploads\/2026\/04\/chargrill.jpg","datePublished":"2026-04-26T08:38:58+00:00","dateModified":"2026-04-28T16:56:39+00:00","description":"Achetez Premium chargrill - 3 zones - unit\u00e9 triple - profondeur 90 cm - gaz au meilleur prix, fiable et performant avec une livraison rapide","breadcrumb":{"@id":"https:\/\/gastora.eu\/product\/premium-chargrill-3-zones-unit-triple-profondeur-90-cm-gaz\/#breadcrumb"},"inLanguage":"en-US","potentialAction":[{"@type":"ReadAction","target":["https:\/\/gastora.eu\/product\/premium-chargrill-3-zones-unit-triple-profondeur-90-cm-gaz\/"]}]},{"@type":"ImageObject","inLanguage":"en-US","@id":"https:\/\/gastora.eu\/product\/premium-chargrill-3-zones-unit-triple-profondeur-90-cm-gaz\/#primaryimage","url":"https:\/\/gastora.eu\/wp-content\/uploads\/2026\/04\/chargrill.jpg","contentUrl":"https:\/\/gastora.eu\/wp-content\/uploads\/2026\/04\/chargrill.jpg","width":1200,"height":1200},{"@type":"BreadcrumbList","@id":"https:\/\/gastora.eu\/product\/premium-chargrill-3-zones-unit-triple-profondeur-90-cm-gaz\/#breadcrumb","itemListElement":[{"@type":"ListItem","position":1,"name":"Home","item":"https:\/\/gastora.eu\/"},{"@type":"ListItem","position":2,"name":"Shop","item":"https:\/\/gastora.eu\/shop\/"},{"@type":"ListItem","position":3,"name":"Premium chargrill &#8211; 3 zones &#8211; unit\u00e9 triple &#8211; profondeur 90 cm &#8211; gaz"}]},{"@type":"WebSite","@id":"https:\/\/gastora.eu\/#website","url":"https:\/\/gastora.eu\/","name":"Gastora","description":"\u00c9quipements professionnels CHR","publisher":{"@id":"https:\/\/gastora.eu\/#organization"},"potentialAction":[{"@type":"SearchAction","target":{"@type":"EntryPoint","urlTemplate":"https:\/\/gastora.eu\/?s={search_term_string}"},"query-input":{"@type":"PropertyValueSpecification","valueRequired":true,"valueName":"search_term_string"}}],"inLanguage":"en-US"},{"@type":"Organization","@id":"https:\/\/gastora.eu\/#organization","name":"Gastora","url":"https:\/\/gastora.eu\/","logo":{"@type":"ImageObject","inLanguage":"en-US","@id":"https:\/\/gastora.eu\/#\/schema\/logo\/image\/","url":"https:\/\/gastora.eu\/wp-content\/uploads\/2025\/12\/ChatGPT-Image-2-janv.-2026-22_52_47-1.png","contentUrl":"https:\/\/gastora.eu\/wp-content\/uploads\/2025\/12\/ChatGPT-Image-2-janv.-2026-22_52_47-1.png","width":1536,"height":320,"caption":"Gastora"},"image":{"@id":"https:\/\/gastora.eu\/#\/schema\/logo\/image\/"}}]}},"jetpack_sharing_enabled":true,"_links":{"self":[{"href":"https:\/\/gastora.eu\/en\/wp-json\/wp\/v2\/product\/14508","targetHints":{"allow":["GET"]}}],"collection":[{"href":"https:\/\/gastora.eu\/en\/wp-json\/wp\/v2\/product"}],"about":[{"href":"https:\/\/gastora.eu\/en\/wp-json\/wp\/v2\/types\/product"}],"wp:featuredmedia":[{"embeddable":true,"href":"https:\/\/gastora.eu\/en\/wp-json\/wp\/v2\/media\/7760"}],"wp:attachment":[{"href":"https:\/\/gastora.eu\/en\/wp-json\/wp\/v2\/media?parent=14508"}],"wp:term":[{"taxonomy":"product_brand","embeddable":true,"href":"https:\/\/gastora.eu\/en\/wp-json\/wp\/v2\/product_brand?post=14508"},{"taxonomy":"product_cat","embeddable":true,"href":"https:\/\/gastora.eu\/en\/wp-json\/wp\/v2\/product_cat?post=14508"},{"taxonomy":"product_tag","embeddable":true,"href":"https:\/\/gastora.eu\/en\/wp-json\/wp\/v2\/product_tag?post=14508"}],"curies":[{"name":"wp","href":"https:\/\/api.w.org\/{rel}","templated":true}]}}