{"id":14505,"date":"2026-04-26T08:38:55","date_gmt":"2026-04-26T08:38:55","guid":{"rendered":"https:\/\/gastora.eu\/?post_type=product&#038;p=14505"},"modified":"2026-04-28T16:56:39","modified_gmt":"2026-04-28T16:56:39","slug":"premium-cuisinire-infrarouge-4-brleurs-unit-double-profondeur-90-cm-lectrique","status":"publish","type":"product","link":"https:\/\/gastora.eu\/en\/product\/premium-cuisinire-infrarouge-4-brleurs-unit-double-profondeur-90-cm-lectrique\/","title":{"rendered":"Premium cuisini\u00e8re \u00e0 infrarouge &#8211; 4 br\u00fbleurs &#8211; unit\u00e9 double &#8211; profondeur 90 cm &#8211; \u00e9lectrique"},"content":{"rendered":"<p><span>Lorsque vous cuisinez intensivement tous les jours, vous devez pouvoir compter sur une cuisini\u00e8re de bonne qualit\u00e9. Cette cuisini\u00e8re infrarouge \u00e0 quatre br\u00fbleurs (r\u00e9partis sur deux tables de cuisson) pr\u00e9sente clairement les meilleures caract\u00e9ristiques que la gamme Maxima 900 a \u00e0 offrir. Qualit\u00e9 sup\u00e9rieure, utilisation ergonomique et commodit\u00e9 pratique sont les principales descriptions de cette cuisini\u00e8re haut de gamme aux lignes pures. L&#8217;appareil peut \u00eatre plac\u00e9 dans une ligne de cuisson et peut facilement \u00eatre compl\u00e9t\u00e9 par une base ouverte en acier inoxydable ou une base ferm\u00e9e avec deux portes de placard. Vous pouvez les commander tr\u00e8s facilement sur notre boutique en ligne.<\/span><\/p>\n<h3><span>Le plaisir de travailler avec l&#8217;infrarouge<\/span><\/h3>\n<p><span>C&#8217;est toujours un plaisir de travailler avec un syst\u00e8me de chauffage infrarouge, car il assure un transfert direct de la chaleur de la plaque de cuisson \u00e0 la casserole. Ainsi, vous n&#8217;avez jamais \u00e0 attendre longtemps pour que votre casserole chauffe. L&#8217;\u00e9l\u00e9ment chauffant de cette table de cuisson infrarouge est constitu\u00e9 de zones circulaires d&#8217;un diam\u00e8tre de 21 \u00e0 30 cm et, gr\u00e2ce \u00e0 sa profondeur de 90 cm, elle peut accueillir des casseroles de grande taille. La surface de cuisson en c\u00e9ramique a une \u00e9paisseur de 6 mm et peut supporter des casseroles lourdes. La plaque de verre est ins\u00e9r\u00e9e dans un couvercle monobloc \u00e9tanche, de sorte que vous n&#8217;avez pas \u00e0 vous soucier des d\u00e9versements ou des fuites.<\/span><\/p>\n<p>Pour cuisiner \u00e0 la temp\u00e9rature pr\u00e9cise, vous pouvez utiliser le thermostat pour r\u00e9gler les temp\u00e9ratures entre 50 et 300\u00b0C. Les deux zones peuvent \u00eatre r\u00e9gl\u00e9es s\u00e9par\u00e9ment. En outre, la table de cuisson est \u00e9quip\u00e9e d&#8217;un thermostat avec un interrupteur de s\u00e9curit\u00e9 pour \u00e9viter toute surchauffe, ainsi qu&#8217;un t\u00e9moin lumineux qui reste allum\u00e9 tant que la table de cuisson est encore chaude.<\/p>\n<h3><span>Nettoyage facile<\/span><\/h3>\n<p><span>Le dessus est soud\u00e9 sans soudure et le bo\u00eetier est enti\u00e8rement en acier inoxydable. Avec la surface lisse de la plaque de verre, le nettoyage de la cuisini\u00e8re est un jeu d&#8217;enfant. Tout ce dont vous avez besoin, c&#8217;est d&#8217;un chiffon humide, d&#8217;eau chaude et d&#8217;un d\u00e9tergent doux. Apr\u00e8s avoir lav\u00e9 et s\u00e9ch\u00e9 toutes les surfaces, la plaque \u00e0 induction est pr\u00eate pour sa prochaine t\u00e2che.<\/span><\/p>\n<p><strong><span>Caract\u00e9ristiques du produit<\/span><\/strong><\/p>\n<ul>\n<li><span>Poids net : 37,8 kg<\/span><\/li>\n<li><span>Dimensions : L80 x P90 x H28cm<\/span><\/li>\n<li><span>Puissance \u00e9lectrique totale : 12,0 kW<\/span><\/li>\n<li><span>400V \/ 50Hz \/ 3 Phase 12000W<\/span><\/li>\n<li><span>Zones de chauffage de 21-30cm de diam\u00e8tre<\/span><\/li>\n<\/ul>\n<p><strong><span>Ce produit est fourni sans fiche.<\/span><\/strong><\/p>","protected":false},"excerpt":{"rendered":"<p>Cette cuisini\u00e8re infrarouge haut de gamme est dot\u00e9e de quatre br\u00fbleurs et d&#8217;un design \u00e9pur\u00e9 mais solide. Il est fabriqu\u00e9 en verre c\u00e9ramique de 6 mm d&#8217;\u00e9paisseur dans un bo\u00eetier en acier inoxydable, ce qui le rend adapt\u00e9 \u00e0 une utilisation quotidienne intensive. Toute cuisine de restauration peut compter sur cet appareil robuste et de qualit\u00e9 sup\u00e9rieure.<\/p>","protected":false},"featured_media":7754,"template":"","meta":{"_acf_changed":false},"product_brand":[],"product_cat":[495],"product_tag":[],"class_list":{"0":"post-14505","1":"product","2":"type-product","3":"status-publish","4":"has-post-thumbnail","6":"product_cat-plaques-pianos-de-cuisson-2","8":"first","9":"instock","10":"sale","11":"taxable","12":"shipping-taxable","13":"purchasable","14":"product-type-simple"},"acf":[],"yoast_head":"<!-- This site is optimized with the Yoast SEO plugin v27.5 - https:\/\/yoast.com\/product\/yoast-seo-wordpress\/ -->\n<title>Premium cuisini\u00e8re \u00e0 infrarouge - 4 br\u00fbleurs - unit\u00e9 double - profondeur 90 cm - \u00e9lectrique - Gastora<\/title>\n<meta name=\"description\" content=\"Achetez Premium cuisini\u00e8re \u00e0 infrarouge - 4 br\u00fbleurs - unit\u00e9 double - profondeur 90 cm - \u00e9lectrique au meilleur prix, fiable et performant avec une livraison rapide\" \/>\n<meta name=\"robots\" content=\"index, follow, max-snippet:-1, max-image-preview:large, max-video-preview:-1\" \/>\n<link rel=\"canonical\" href=\"https:\/\/gastora.eu\/en\/product\/premium-cuisinire-infrarouge-4-brleurs-unit-double-profondeur-90-cm-lectrique\/\" \/>\n<meta property=\"og:locale\" content=\"en_US\" \/>\n<meta property=\"og:type\" content=\"article\" \/>\n<meta property=\"og:title\" content=\"Premium cuisini\u00e8re \u00e0 infrarouge - 4 br\u00fbleurs - unit\u00e9 double - profondeur 90 cm - \u00e9lectrique - Gastora\" \/>\n<meta property=\"og:description\" content=\"Achetez Premium cuisini\u00e8re \u00e0 infrarouge - 4 br\u00fbleurs - unit\u00e9 double - profondeur 90 cm - \u00e9lectrique au meilleur prix, fiable et performant avec une livraison rapide\" \/>\n<meta property=\"og:url\" content=\"https:\/\/gastora.eu\/en\/product\/premium-cuisinire-infrarouge-4-brleurs-unit-double-profondeur-90-cm-lectrique\/\" \/>\n<meta property=\"og:site_name\" content=\"Gastora\" \/>\n<meta property=\"article:modified_time\" content=\"2026-04-28T16:56:39+00:00\" \/>\n<meta name=\"twitter:card\" content=\"summary_large_image\" \/>\n<meta name=\"twitter:label1\" content=\"Est. reading time\" \/>\n\t<meta name=\"twitter:data1\" content=\"2 minutes\" \/>\n<script type=\"application\/ld+json\" class=\"yoast-schema-graph\">{\"@context\":\"https:\\\/\\\/schema.org\",\"@graph\":[{\"@type\":\"WebPage\",\"@id\":\"https:\\\/\\\/gastora.eu\\\/product\\\/premium-cuisinire-infrarouge-4-brleurs-unit-double-profondeur-90-cm-lectrique\\\/\",\"url\":\"https:\\\/\\\/gastora.eu\\\/product\\\/premium-cuisinire-infrarouge-4-brleurs-unit-double-profondeur-90-cm-lectrique\\\/\",\"name\":\"Premium cuisini\u00e8re \u00e0 infrarouge - 4 br\u00fbleurs - unit\u00e9 double - profondeur 90 cm - \u00e9lectrique - Gastora\",\"isPartOf\":{\"@id\":\"https:\\\/\\\/gastora.eu\\\/#website\"},\"primaryImageOfPage\":{\"@id\":\"https:\\\/\\\/gastora.eu\\\/product\\\/premium-cuisinire-infrarouge-4-brleurs-unit-double-profondeur-90-cm-lectrique\\\/#primaryimage\"},\"image\":{\"@id\":\"https:\\\/\\\/gastora.eu\\\/product\\\/premium-cuisinire-infrarouge-4-brleurs-unit-double-profondeur-90-cm-lectrique\\\/#primaryimage\"},\"thumbnailUrl\":\"https:\\\/\\\/gastora.eu\\\/wp-content\\\/uploads\\\/2026\\\/04\\\/09398561.jpg\",\"datePublished\":\"2026-04-26T08:38:55+00:00\",\"dateModified\":\"2026-04-28T16:56:39+00:00\",\"description\":\"Achetez Premium cuisini\u00e8re \u00e0 infrarouge - 4 br\u00fbleurs - unit\u00e9 double - profondeur 90 cm - \u00e9lectrique au meilleur prix, fiable et performant avec une livraison rapide\",\"breadcrumb\":{\"@id\":\"https:\\\/\\\/gastora.eu\\\/product\\\/premium-cuisinire-infrarouge-4-brleurs-unit-double-profondeur-90-cm-lectrique\\\/#breadcrumb\"},\"inLanguage\":\"en-US\",\"potentialAction\":[{\"@type\":\"ReadAction\",\"target\":[\"https:\\\/\\\/gastora.eu\\\/product\\\/premium-cuisinire-infrarouge-4-brleurs-unit-double-profondeur-90-cm-lectrique\\\/\"]}]},{\"@type\":\"ImageObject\",\"inLanguage\":\"en-US\",\"@id\":\"https:\\\/\\\/gastora.eu\\\/product\\\/premium-cuisinire-infrarouge-4-brleurs-unit-double-profondeur-90-cm-lectrique\\\/#primaryimage\",\"url\":\"https:\\\/\\\/gastora.eu\\\/wp-content\\\/uploads\\\/2026\\\/04\\\/09398561.jpg\",\"contentUrl\":\"https:\\\/\\\/gastora.eu\\\/wp-content\\\/uploads\\\/2026\\\/04\\\/09398561.jpg\",\"width\":1920,\"height\":1109},{\"@type\":\"BreadcrumbList\",\"@id\":\"https:\\\/\\\/gastora.eu\\\/product\\\/premium-cuisinire-infrarouge-4-brleurs-unit-double-profondeur-90-cm-lectrique\\\/#breadcrumb\",\"itemListElement\":[{\"@type\":\"ListItem\",\"position\":1,\"name\":\"Home\",\"item\":\"https:\\\/\\\/gastora.eu\\\/\"},{\"@type\":\"ListItem\",\"position\":2,\"name\":\"Shop\",\"item\":\"https:\\\/\\\/gastora.eu\\\/shop\\\/\"},{\"@type\":\"ListItem\",\"position\":3,\"name\":\"Premium cuisini\u00e8re \u00e0 infrarouge &#8211; 4 br\u00fbleurs &#8211; unit\u00e9 double &#8211; profondeur 90 cm &#8211; \u00e9lectrique\"}]},{\"@type\":\"WebSite\",\"@id\":\"https:\\\/\\\/gastora.eu\\\/#website\",\"url\":\"https:\\\/\\\/gastora.eu\\\/\",\"name\":\"Gastora\",\"description\":\"\u00c9quipements professionnels CHR\",\"publisher\":{\"@id\":\"https:\\\/\\\/gastora.eu\\\/#organization\"},\"potentialAction\":[{\"@type\":\"SearchAction\",\"target\":{\"@type\":\"EntryPoint\",\"urlTemplate\":\"https:\\\/\\\/gastora.eu\\\/?s={search_term_string}\"},\"query-input\":{\"@type\":\"PropertyValueSpecification\",\"valueRequired\":true,\"valueName\":\"search_term_string\"}}],\"inLanguage\":\"en-US\"},{\"@type\":\"Organization\",\"@id\":\"https:\\\/\\\/gastora.eu\\\/#organization\",\"name\":\"Gastora\",\"url\":\"https:\\\/\\\/gastora.eu\\\/\",\"logo\":{\"@type\":\"ImageObject\",\"inLanguage\":\"en-US\",\"@id\":\"https:\\\/\\\/gastora.eu\\\/#\\\/schema\\\/logo\\\/image\\\/\",\"url\":\"https:\\\/\\\/gastora.eu\\\/wp-content\\\/uploads\\\/2025\\\/12\\\/ChatGPT-Image-2-janv.-2026-22_52_47-1.png\",\"contentUrl\":\"https:\\\/\\\/gastora.eu\\\/wp-content\\\/uploads\\\/2025\\\/12\\\/ChatGPT-Image-2-janv.-2026-22_52_47-1.png\",\"width\":1536,\"height\":320,\"caption\":\"Gastora\"},\"image\":{\"@id\":\"https:\\\/\\\/gastora.eu\\\/#\\\/schema\\\/logo\\\/image\\\/\"}}]}<\/script>\n<!-- \/ Yoast SEO plugin. -->","yoast_head_json":{"title":"Premium cuisini\u00e8re \u00e0 infrarouge - 4 br\u00fbleurs - unit\u00e9 double - profondeur 90 cm - \u00e9lectrique - Gastora","description":"Achetez Premium cuisini\u00e8re \u00e0 infrarouge - 4 br\u00fbleurs - unit\u00e9 double - profondeur 90 cm - \u00e9lectrique au meilleur prix, fiable et performant avec une livraison rapide","robots":{"index":"index","follow":"follow","max-snippet":"max-snippet:-1","max-image-preview":"max-image-preview:large","max-video-preview":"max-video-preview:-1"},"canonical":"https:\/\/gastora.eu\/en\/product\/premium-cuisinire-infrarouge-4-brleurs-unit-double-profondeur-90-cm-lectrique\/","og_locale":"en_US","og_type":"article","og_title":"Premium cuisini\u00e8re \u00e0 infrarouge - 4 br\u00fbleurs - unit\u00e9 double - profondeur 90 cm - \u00e9lectrique - Gastora","og_description":"Achetez Premium cuisini\u00e8re \u00e0 infrarouge - 4 br\u00fbleurs - unit\u00e9 double - profondeur 90 cm - \u00e9lectrique au meilleur prix, fiable et performant avec une livraison rapide","og_url":"https:\/\/gastora.eu\/en\/product\/premium-cuisinire-infrarouge-4-brleurs-unit-double-profondeur-90-cm-lectrique\/","og_site_name":"Gastora","article_modified_time":"2026-04-28T16:56:39+00:00","twitter_card":"summary_large_image","twitter_misc":{"Est. reading time":"2 minutes"},"schema":{"@context":"https:\/\/schema.org","@graph":[{"@type":"WebPage","@id":"https:\/\/gastora.eu\/product\/premium-cuisinire-infrarouge-4-brleurs-unit-double-profondeur-90-cm-lectrique\/","url":"https:\/\/gastora.eu\/product\/premium-cuisinire-infrarouge-4-brleurs-unit-double-profondeur-90-cm-lectrique\/","name":"Premium cuisini\u00e8re \u00e0 infrarouge - 4 br\u00fbleurs - unit\u00e9 double - profondeur 90 cm - \u00e9lectrique - Gastora","isPartOf":{"@id":"https:\/\/gastora.eu\/#website"},"primaryImageOfPage":{"@id":"https:\/\/gastora.eu\/product\/premium-cuisinire-infrarouge-4-brleurs-unit-double-profondeur-90-cm-lectrique\/#primaryimage"},"image":{"@id":"https:\/\/gastora.eu\/product\/premium-cuisinire-infrarouge-4-brleurs-unit-double-profondeur-90-cm-lectrique\/#primaryimage"},"thumbnailUrl":"https:\/\/gastora.eu\/wp-content\/uploads\/2026\/04\/09398561.jpg","datePublished":"2026-04-26T08:38:55+00:00","dateModified":"2026-04-28T16:56:39+00:00","description":"Achetez Premium cuisini\u00e8re \u00e0 infrarouge - 4 br\u00fbleurs - unit\u00e9 double - profondeur 90 cm - \u00e9lectrique au meilleur prix, fiable et performant avec une livraison rapide","breadcrumb":{"@id":"https:\/\/gastora.eu\/product\/premium-cuisinire-infrarouge-4-brleurs-unit-double-profondeur-90-cm-lectrique\/#breadcrumb"},"inLanguage":"en-US","potentialAction":[{"@type":"ReadAction","target":["https:\/\/gastora.eu\/product\/premium-cuisinire-infrarouge-4-brleurs-unit-double-profondeur-90-cm-lectrique\/"]}]},{"@type":"ImageObject","inLanguage":"en-US","@id":"https:\/\/gastora.eu\/product\/premium-cuisinire-infrarouge-4-brleurs-unit-double-profondeur-90-cm-lectrique\/#primaryimage","url":"https:\/\/gastora.eu\/wp-content\/uploads\/2026\/04\/09398561.jpg","contentUrl":"https:\/\/gastora.eu\/wp-content\/uploads\/2026\/04\/09398561.jpg","width":1920,"height":1109},{"@type":"BreadcrumbList","@id":"https:\/\/gastora.eu\/product\/premium-cuisinire-infrarouge-4-brleurs-unit-double-profondeur-90-cm-lectrique\/#breadcrumb","itemListElement":[{"@type":"ListItem","position":1,"name":"Home","item":"https:\/\/gastora.eu\/"},{"@type":"ListItem","position":2,"name":"Shop","item":"https:\/\/gastora.eu\/shop\/"},{"@type":"ListItem","position":3,"name":"Premium cuisini\u00e8re \u00e0 infrarouge &#8211; 4 br\u00fbleurs &#8211; unit\u00e9 double &#8211; profondeur 90 cm &#8211; \u00e9lectrique"}]},{"@type":"WebSite","@id":"https:\/\/gastora.eu\/#website","url":"https:\/\/gastora.eu\/","name":"Gastora","description":"\u00c9quipements professionnels CHR","publisher":{"@id":"https:\/\/gastora.eu\/#organization"},"potentialAction":[{"@type":"SearchAction","target":{"@type":"EntryPoint","urlTemplate":"https:\/\/gastora.eu\/?s={search_term_string}"},"query-input":{"@type":"PropertyValueSpecification","valueRequired":true,"valueName":"search_term_string"}}],"inLanguage":"en-US"},{"@type":"Organization","@id":"https:\/\/gastora.eu\/#organization","name":"Gastora","url":"https:\/\/gastora.eu\/","logo":{"@type":"ImageObject","inLanguage":"en-US","@id":"https:\/\/gastora.eu\/#\/schema\/logo\/image\/","url":"https:\/\/gastora.eu\/wp-content\/uploads\/2025\/12\/ChatGPT-Image-2-janv.-2026-22_52_47-1.png","contentUrl":"https:\/\/gastora.eu\/wp-content\/uploads\/2025\/12\/ChatGPT-Image-2-janv.-2026-22_52_47-1.png","width":1536,"height":320,"caption":"Gastora"},"image":{"@id":"https:\/\/gastora.eu\/#\/schema\/logo\/image\/"}}]}},"jetpack_sharing_enabled":true,"_links":{"self":[{"href":"https:\/\/gastora.eu\/en\/wp-json\/wp\/v2\/product\/14505","targetHints":{"allow":["GET"]}}],"collection":[{"href":"https:\/\/gastora.eu\/en\/wp-json\/wp\/v2\/product"}],"about":[{"href":"https:\/\/gastora.eu\/en\/wp-json\/wp\/v2\/types\/product"}],"wp:featuredmedia":[{"embeddable":true,"href":"https:\/\/gastora.eu\/en\/wp-json\/wp\/v2\/media\/7754"}],"wp:attachment":[{"href":"https:\/\/gastora.eu\/en\/wp-json\/wp\/v2\/media?parent=14505"}],"wp:term":[{"taxonomy":"product_brand","embeddable":true,"href":"https:\/\/gastora.eu\/en\/wp-json\/wp\/v2\/product_brand?post=14505"},{"taxonomy":"product_cat","embeddable":true,"href":"https:\/\/gastora.eu\/en\/wp-json\/wp\/v2\/product_cat?post=14505"},{"taxonomy":"product_tag","embeddable":true,"href":"https:\/\/gastora.eu\/en\/wp-json\/wp\/v2\/product_tag?post=14505"}],"curies":[{"name":"wp","href":"https:\/\/api.w.org\/{rel}","templated":true}]}}